{"id":910,"date":"2021-11-26T16:54:13","date_gmt":"2021-11-26T15:54:13","guid":{"rendered":"https:\/\/baya-shop.com\/home\/?post_type=product&#038;p=910"},"modified":"2024-09-17T11:56:05","modified_gmt":"2024-09-17T10:56:05","slug":"remington-epilateur-ep7500","status":"publish","type":"product","link":"https:\/\/baya-shop.com\/home\/product\/remington-epilateur-ep7500\/","title":{"rendered":"REMINGTON Epilateur smooth &#038; silky EP7500"},"content":{"rendered":"","protected":false},"excerpt":{"rendered":"<ul class=\"a-unordered-list a-vertical a-spacing-mini\">\n<li><span class=\"a-list-item\">Plus rapide: retire jusqu\u2019\u00e0 60% de poils de plus en un seul passage. 40 pinces confort: attrape les poils les plus fins (d\u00e8s 0.5 mm)<\/span><\/li>\n<li><span class=\"a-list-item\">Technologie massant: retire les poils en douceur. 2 vitesses<\/span><\/li>\n<li><span class=\"a-list-item\">Jusqu\u2019\u00e0 4 semaines de tranquillit\u00e9<\/span><\/li>\n<li><span class=\"a-list-item\">T\u00eate d\u2019\u00e9pilation, t\u00eate rasoir, embout massage impr\u00e9gn\u00e9 \u00e0 l\u2019Alo\u00e8s Vera, embout bikini, t\u00eate de coupe, pochette de rangement<\/span><\/li>\n<li><span class=\"a-list-item\">Lumi\u00e8re pr\u00e9cision, poign\u00e9e antid\u00e9rapante, parfait pour une \u00e9pilation rapide, efficace et sans douleur.<\/span><\/li>\n<\/ul>\n","protected":false},"featured_media":912,"comment_status":"open","ping_status":"closed","template":"","meta":{"jetpack_post_was_ever_published":false,"jetpack_publicize_message":"","jetpack_publicize_feature_enabled":true,"jetpack_social_post_already_shared":false,"jetpack_social_options":{"image_generator_settings":{"template":"highway","default_image_id":0,"font":"","enabled":false},"version":2}},"product_brand":[],"product_cat":[19,47],"product_tag":[],"class_list":{"0":"post-910","1":"product","2":"type-product","3":"status-publish","4":"has-post-thumbnail","6":"product_cat-beaute","7":"product_cat-remington","9":"first","10":"outofstock","11":"shipping-taxable","12":"product-type-simple"},"yoast_head":"<!-- This site is optimized with the Yoast SEO plugin v27.4 - https:\/\/yoast.com\/product\/yoast-seo-wordpress\/ -->\n<title>REMINGTON Epilateur smooth &amp; silky EP7500 - Baya Shop<\/title>\n<meta name=\"description\" content=\"Plus rapide: retire jusqu\u2019\u00e0 60% de poils de plus en un seul passage. 40 pinces confort: attrape les poils les plus fins (d\u00e8s 0.5 mm)  Technologie massant: retire les poils en douceur. 2 vitesses  Jusqu\u2019\u00e0 4 semaines de tranquillit\u00e9  T\u00eate d\u2019\u00e9pilation, t\u00eate rasoir, embout massage impr\u00e9gn\u00e9 \u00e0 l\u2019Alo\u00e8s Vera, embout bikini, t\u00eate de coupe, pochette de rangement  Lumi\u00e8re pr\u00e9cision, poign\u00e9e antid\u00e9rapante, parfait pour une \u00e9pilation rapide, efficace et sans douleur.\" \/>\n<meta name=\"robots\" content=\"index, follow, max-snippet:-1, max-image-preview:large, max-video-preview:-1\" \/>\n<link rel=\"canonical\" href=\"https:\/\/baya-shop.com\/home\/product\/remington-epilateur-ep7500\/\" \/>\n<meta property=\"og:locale\" content=\"fr_FR\" \/>\n<meta property=\"og:type\" content=\"article\" \/>\n<meta property=\"og:title\" content=\"REMINGTON Epilateur smooth &amp; silky EP7500 - Baya Shop\" \/>\n<meta property=\"og:description\" content=\"Plus rapide: retire jusqu\u2019\u00e0 60% de poils de plus en un seul passage. 40 pinces confort: attrape les poils les plus fins (d\u00e8s 0.5 mm)  Technologie massant: retire les poils en douceur. 2 vitesses  Jusqu\u2019\u00e0 4 semaines de tranquillit\u00e9  T\u00eate d\u2019\u00e9pilation, t\u00eate rasoir, embout massage impr\u00e9gn\u00e9 \u00e0 l\u2019Alo\u00e8s Vera, embout bikini, t\u00eate de coupe, pochette de rangement  Lumi\u00e8re pr\u00e9cision, poign\u00e9e antid\u00e9rapante, parfait pour une \u00e9pilation rapide, efficace et sans douleur.\" \/>\n<meta property=\"og:url\" content=\"https:\/\/baya-shop.com\/home\/product\/remington-epilateur-ep7500\/\" \/>\n<meta property=\"og:site_name\" content=\"Baya Shop\" \/>\n<meta property=\"article:publisher\" content=\"https:\/\/www.facebook.com\/Baya-Shop-103955257949742\" \/>\n<meta property=\"article:modified_time\" content=\"2024-09-17T10:56:05+00:00\" \/>\n<meta property=\"og:image\" content=\"https:\/\/baya-shop.com\/wp-content\/uploads\/2021\/11\/Epilator-Remington-5-in-1-EP-7500.jpg\" \/>\n\t<meta property=\"og:image:width\" content=\"1000\" \/>\n\t<meta property=\"og:image:height\" content=\"1000\" \/>\n\t<meta property=\"og:image:type\" content=\"image\/jpeg\" \/>\n<meta name=\"twitter:card\" content=\"summary_large_image\" \/>\n<meta name=\"twitter:label1\" content=\"Dur\u00e9e de lecture estim\u00e9e\" \/>\n\t<meta name=\"twitter:data1\" content=\"1 minute\" \/>\n<script type=\"application\/ld+json\" class=\"yoast-schema-graph\">{\"@context\":\"https:\\\/\\\/schema.org\",\"@graph\":[{\"@type\":\"WebPage\",\"@id\":\"https:\\\/\\\/baya-shop.com\\\/home\\\/product\\\/remington-epilateur-ep7500\\\/\",\"url\":\"https:\\\/\\\/baya-shop.com\\\/home\\\/product\\\/remington-epilateur-ep7500\\\/\",\"name\":\"REMINGTON Epilateur smooth & silky EP7500 - Baya Shop\",\"isPartOf\":{\"@id\":\"https:\\\/\\\/baya-shop.com\\\/home\\\/#website\"},\"primaryImageOfPage\":{\"@id\":\"https:\\\/\\\/baya-shop.com\\\/home\\\/product\\\/remington-epilateur-ep7500\\\/#primaryimage\"},\"image\":{\"@id\":\"https:\\\/\\\/baya-shop.com\\\/home\\\/product\\\/remington-epilateur-ep7500\\\/#primaryimage\"},\"thumbnailUrl\":\"https:\\\/\\\/i0.wp.com\\\/baya-shop.com\\\/wp-content\\\/uploads\\\/2021\\\/11\\\/Epilator-Remington-5-in-1-EP-7500.jpg?fit=1000%2C1000&ssl=1\",\"datePublished\":\"2021-11-26T15:54:13+00:00\",\"dateModified\":\"2024-09-17T10:56:05+00:00\",\"description\":\"Plus rapide: retire jusqu\u2019\u00e0 60% de poils de plus en un seul passage. 40 pinces confort: attrape les poils les plus fins (d\u00e8s 0.5 mm) Technologie massant: retire les poils en douceur. 2 vitesses Jusqu\u2019\u00e0 4 semaines de tranquillit\u00e9 T\u00eate d\u2019\u00e9pilation, t\u00eate rasoir, embout massage impr\u00e9gn\u00e9 \u00e0 l\u2019Alo\u00e8s Vera, embout bikini, t\u00eate de coupe, pochette de rangement Lumi\u00e8re pr\u00e9cision, poign\u00e9e antid\u00e9rapante, parfait pour une \u00e9pilation rapide, efficace et sans douleur.\",\"breadcrumb\":{\"@id\":\"https:\\\/\\\/baya-shop.com\\\/home\\\/product\\\/remington-epilateur-ep7500\\\/#breadcrumb\"},\"inLanguage\":\"fr-FR\",\"potentialAction\":[{\"@type\":\"ReadAction\",\"target\":[\"https:\\\/\\\/baya-shop.com\\\/home\\\/product\\\/remington-epilateur-ep7500\\\/\"]}]},{\"@type\":\"ImageObject\",\"inLanguage\":\"fr-FR\",\"@id\":\"https:\\\/\\\/baya-shop.com\\\/home\\\/product\\\/remington-epilateur-ep7500\\\/#primaryimage\",\"url\":\"https:\\\/\\\/i0.wp.com\\\/baya-shop.com\\\/wp-content\\\/uploads\\\/2021\\\/11\\\/Epilator-Remington-5-in-1-EP-7500.jpg?fit=1000%2C1000&ssl=1\",\"contentUrl\":\"https:\\\/\\\/i0.wp.com\\\/baya-shop.com\\\/wp-content\\\/uploads\\\/2021\\\/11\\\/Epilator-Remington-5-in-1-EP-7500.jpg?fit=1000%2C1000&ssl=1\",\"width\":1000,\"height\":1000},{\"@type\":\"BreadcrumbList\",\"@id\":\"https:\\\/\\\/baya-shop.com\\\/home\\\/product\\\/remington-epilateur-ep7500\\\/#breadcrumb\",\"itemListElement\":[{\"@type\":\"ListItem\",\"position\":1,\"name\":\"Accueil\",\"item\":\"https:\\\/\\\/baya-shop.com\\\/home\\\/\"},{\"@type\":\"ListItem\",\"position\":2,\"name\":\"Shop\",\"item\":\"https:\\\/\\\/baya-shop.com\\\/home\\\/shop\\\/\"},{\"@type\":\"ListItem\",\"position\":3,\"name\":\"REMINGTON Epilateur smooth &#038; silky EP7500\"}]},{\"@type\":\"WebSite\",\"@id\":\"https:\\\/\\\/baya-shop.com\\\/home\\\/#website\",\"url\":\"https:\\\/\\\/baya-shop.com\\\/home\\\/\",\"name\":\"Baya Shop\",\"description\":\"\",\"publisher\":{\"@id\":\"https:\\\/\\\/baya-shop.com\\\/home\\\/#organization\"},\"potentialAction\":[{\"@type\":\"SearchAction\",\"target\":{\"@type\":\"EntryPoint\",\"urlTemplate\":\"https:\\\/\\\/baya-shop.com\\\/home\\\/?s={search_term_string}\"},\"query-input\":{\"@type\":\"PropertyValueSpecification\",\"valueRequired\":true,\"valueName\":\"search_term_string\"}}],\"inLanguage\":\"fr-FR\"},{\"@type\":\"Organization\",\"@id\":\"https:\\\/\\\/baya-shop.com\\\/home\\\/#organization\",\"name\":\"Baya Shop\",\"url\":\"https:\\\/\\\/baya-shop.com\\\/home\\\/\",\"logo\":{\"@type\":\"ImageObject\",\"inLanguage\":\"fr-FR\",\"@id\":\"https:\\\/\\\/baya-shop.com\\\/home\\\/#\\\/schema\\\/logo\\\/image\\\/\",\"url\":\"https:\\\/\\\/baya-shop.com\\\/wp-content\\\/uploads\\\/2020\\\/11\\\/g.png\",\"contentUrl\":\"https:\\\/\\\/baya-shop.com\\\/wp-content\\\/uploads\\\/2020\\\/11\\\/g.png\",\"width\":64,\"height\":64,\"caption\":\"Baya Shop\"},\"image\":{\"@id\":\"https:\\\/\\\/baya-shop.com\\\/home\\\/#\\\/schema\\\/logo\\\/image\\\/\"},\"sameAs\":[\"https:\\\/\\\/www.facebook.com\\\/Baya-Shop-103955257949742\",\"https:\\\/\\\/www.instagram.com\\\/baya_shop_dz\\\/\"]}]}<\/script>\n<!-- \/ Yoast SEO plugin. -->","yoast_head_json":{"title":"REMINGTON Epilateur smooth & silky EP7500 - Baya Shop","description":"Plus rapide: retire jusqu\u2019\u00e0 60% de poils de plus en un seul passage. 40 pinces confort: attrape les poils les plus fins (d\u00e8s 0.5 mm)  Technologie massant: retire les poils en douceur. 2 vitesses  Jusqu\u2019\u00e0 4 semaines de tranquillit\u00e9  T\u00eate d\u2019\u00e9pilation, t\u00eate rasoir, embout massage impr\u00e9gn\u00e9 \u00e0 l\u2019Alo\u00e8s Vera, embout bikini, t\u00eate de coupe, pochette de rangement  Lumi\u00e8re pr\u00e9cision, poign\u00e9e antid\u00e9rapante, parfait pour une \u00e9pilation rapide, efficace et sans douleur.","robots":{"index":"index","follow":"follow","max-snippet":"max-snippet:-1","max-image-preview":"max-image-preview:large","max-video-preview":"max-video-preview:-1"},"canonical":"https:\/\/baya-shop.com\/home\/product\/remington-epilateur-ep7500\/","og_locale":"fr_FR","og_type":"article","og_title":"REMINGTON Epilateur smooth & silky EP7500 - Baya Shop","og_description":"Plus rapide: retire jusqu\u2019\u00e0 60% de poils de plus en un seul passage. 40 pinces confort: attrape les poils les plus fins (d\u00e8s 0.5 mm)  Technologie massant: retire les poils en douceur. 2 vitesses  Jusqu\u2019\u00e0 4 semaines de tranquillit\u00e9  T\u00eate d\u2019\u00e9pilation, t\u00eate rasoir, embout massage impr\u00e9gn\u00e9 \u00e0 l\u2019Alo\u00e8s Vera, embout bikini, t\u00eate de coupe, pochette de rangement  Lumi\u00e8re pr\u00e9cision, poign\u00e9e antid\u00e9rapante, parfait pour une \u00e9pilation rapide, efficace et sans douleur.","og_url":"https:\/\/baya-shop.com\/home\/product\/remington-epilateur-ep7500\/","og_site_name":"Baya Shop","article_publisher":"https:\/\/www.facebook.com\/Baya-Shop-103955257949742","article_modified_time":"2024-09-17T10:56:05+00:00","og_image":[{"width":1000,"height":1000,"url":"https:\/\/baya-shop.com\/wp-content\/uploads\/2021\/11\/Epilator-Remington-5-in-1-EP-7500.jpg","type":"image\/jpeg"}],"twitter_card":"summary_large_image","twitter_misc":{"Dur\u00e9e de lecture estim\u00e9e":"1 minute"},"schema":{"@context":"https:\/\/schema.org","@graph":[{"@type":"WebPage","@id":"https:\/\/baya-shop.com\/home\/product\/remington-epilateur-ep7500\/","url":"https:\/\/baya-shop.com\/home\/product\/remington-epilateur-ep7500\/","name":"REMINGTON Epilateur smooth & silky EP7500 - Baya Shop","isPartOf":{"@id":"https:\/\/baya-shop.com\/home\/#website"},"primaryImageOfPage":{"@id":"https:\/\/baya-shop.com\/home\/product\/remington-epilateur-ep7500\/#primaryimage"},"image":{"@id":"https:\/\/baya-shop.com\/home\/product\/remington-epilateur-ep7500\/#primaryimage"},"thumbnailUrl":"https:\/\/i0.wp.com\/baya-shop.com\/wp-content\/uploads\/2021\/11\/Epilator-Remington-5-in-1-EP-7500.jpg?fit=1000%2C1000&ssl=1","datePublished":"2021-11-26T15:54:13+00:00","dateModified":"2024-09-17T10:56:05+00:00","description":"Plus rapide: retire jusqu\u2019\u00e0 60% de poils de plus en un seul passage. 40 pinces confort: attrape les poils les plus fins (d\u00e8s 0.5 mm) Technologie massant: retire les poils en douceur. 2 vitesses Jusqu\u2019\u00e0 4 semaines de tranquillit\u00e9 T\u00eate d\u2019\u00e9pilation, t\u00eate rasoir, embout massage impr\u00e9gn\u00e9 \u00e0 l\u2019Alo\u00e8s Vera, embout bikini, t\u00eate de coupe, pochette de rangement Lumi\u00e8re pr\u00e9cision, poign\u00e9e antid\u00e9rapante, parfait pour une \u00e9pilation rapide, efficace et sans douleur.","breadcrumb":{"@id":"https:\/\/baya-shop.com\/home\/product\/remington-epilateur-ep7500\/#breadcrumb"},"inLanguage":"fr-FR","potentialAction":[{"@type":"ReadAction","target":["https:\/\/baya-shop.com\/home\/product\/remington-epilateur-ep7500\/"]}]},{"@type":"ImageObject","inLanguage":"fr-FR","@id":"https:\/\/baya-shop.com\/home\/product\/remington-epilateur-ep7500\/#primaryimage","url":"https:\/\/i0.wp.com\/baya-shop.com\/wp-content\/uploads\/2021\/11\/Epilator-Remington-5-in-1-EP-7500.jpg?fit=1000%2C1000&ssl=1","contentUrl":"https:\/\/i0.wp.com\/baya-shop.com\/wp-content\/uploads\/2021\/11\/Epilator-Remington-5-in-1-EP-7500.jpg?fit=1000%2C1000&ssl=1","width":1000,"height":1000},{"@type":"BreadcrumbList","@id":"https:\/\/baya-shop.com\/home\/product\/remington-epilateur-ep7500\/#breadcrumb","itemListElement":[{"@type":"ListItem","position":1,"name":"Accueil","item":"https:\/\/baya-shop.com\/home\/"},{"@type":"ListItem","position":2,"name":"Shop","item":"https:\/\/baya-shop.com\/home\/shop\/"},{"@type":"ListItem","position":3,"name":"REMINGTON Epilateur smooth &#038; silky EP7500"}]},{"@type":"WebSite","@id":"https:\/\/baya-shop.com\/home\/#website","url":"https:\/\/baya-shop.com\/home\/","name":"Baya Shop","description":"","publisher":{"@id":"https:\/\/baya-shop.com\/home\/#organization"},"potentialAction":[{"@type":"SearchAction","target":{"@type":"EntryPoint","urlTemplate":"https:\/\/baya-shop.com\/home\/?s={search_term_string}"},"query-input":{"@type":"PropertyValueSpecification","valueRequired":true,"valueName":"search_term_string"}}],"inLanguage":"fr-FR"},{"@type":"Organization","@id":"https:\/\/baya-shop.com\/home\/#organization","name":"Baya Shop","url":"https:\/\/baya-shop.com\/home\/","logo":{"@type":"ImageObject","inLanguage":"fr-FR","@id":"https:\/\/baya-shop.com\/home\/#\/schema\/logo\/image\/","url":"https:\/\/baya-shop.com\/wp-content\/uploads\/2020\/11\/g.png","contentUrl":"https:\/\/baya-shop.com\/wp-content\/uploads\/2020\/11\/g.png","width":64,"height":64,"caption":"Baya Shop"},"image":{"@id":"https:\/\/baya-shop.com\/home\/#\/schema\/logo\/image\/"},"sameAs":["https:\/\/www.facebook.com\/Baya-Shop-103955257949742","https:\/\/www.instagram.com\/baya_shop_dz\/"]}]}},"jetpack_publicize_connections":[],"jetpack_sharing_enabled":true,"jetpack_likes_enabled":true,"jetpack-related-posts":[],"_links":{"self":[{"href":"https:\/\/baya-shop.com\/home\/wp-json\/wp\/v2\/product\/910","targetHints":{"allow":["GET"]}}],"collection":[{"href":"https:\/\/baya-shop.com\/home\/wp-json\/wp\/v2\/product"}],"about":[{"href":"https:\/\/baya-shop.com\/home\/wp-json\/wp\/v2\/types\/product"}],"replies":[{"embeddable":true,"href":"https:\/\/baya-shop.com\/home\/wp-json\/wp\/v2\/comments?post=910"}],"wp:featuredmedia":[{"embeddable":true,"href":"https:\/\/baya-shop.com\/home\/wp-json\/wp\/v2\/media\/912"}],"wp:attachment":[{"href":"https:\/\/baya-shop.com\/home\/wp-json\/wp\/v2\/media?parent=910"}],"wp:term":[{"taxonomy":"product_brand","embeddable":true,"href":"https:\/\/baya-shop.com\/home\/wp-json\/wp\/v2\/product_brand?post=910"},{"taxonomy":"product_cat","embeddable":true,"href":"https:\/\/baya-shop.com\/home\/wp-json\/wp\/v2\/product_cat?post=910"},{"taxonomy":"product_tag","embeddable":true,"href":"https:\/\/baya-shop.com\/home\/wp-json\/wp\/v2\/product_tag?post=910"}],"curies":[{"name":"wp","href":"https:\/\/api.w.org\/{rel}","templated":true}]}}