{"id":898,"date":"2021-11-26T16:35:45","date_gmt":"2021-11-26T15:35:45","guid":{"rendered":"https:\/\/baya-shop.com\/home\/?post_type=product&#038;p=898"},"modified":"2025-04-19T17:18:28","modified_gmt":"2025-04-19T16:18:28","slug":"remington-lisseur-s9500","status":"publish","type":"product","link":"https:\/\/baya-shop.com\/home\/product\/remington-lisseur-s9500\/","title":{"rendered":"REMINGTON Lisseur pearl S9500"},"content":{"rendered":"","protected":false},"excerpt":{"rendered":"<ul class=\"a-unordered-list a-vertical a-spacing-mini\">\n<li><span class=\"a-list-item\">Plaques XL 110mm et souples avec rev\u00eatement en c\u00e9ramique avanc\u00e9e et v\u00e9ritable \u00e9clats de perles.<\/span><\/li>\n<li><span class=\"a-list-item\">Brillance miroir, douceur extr\u00eame, tenue ultime.<\/span><\/li>\n<li><span class=\"a-list-item\">Temp\u00e9rature modulable (150 \u00e0 235\u00b0C) &#8211; Ecran digital &#8211; Chauffe ultra rapide (10 secondes).<\/span><\/li>\n<li><span class=\"a-list-item\">S\u00e9curit\u00e9 avec v\u00e9rouillage de la temp\u00e9rature, des plaques et arr\u00eat automatique apr\u00e8s 60minutes.<\/span><\/li>\n<li><span class=\"a-list-item\">Pochette thermor\u00e9sistante incluse.<\/span><\/li>\n<\/ul>\n","protected":false},"featured_media":3274,"comment_status":"open","ping_status":"closed","template":"","meta":{"jetpack_post_was_ever_published":false,"jetpack_publicize_message":"","jetpack_publicize_feature_enabled":true,"jetpack_social_post_already_shared":false,"jetpack_social_options":{"image_generator_settings":{"template":"highway","default_image_id":0,"font":"","enabled":false},"version":2}},"product_brand":[],"product_cat":[18,47],"product_tag":[],"class_list":{"0":"post-898","1":"product","2":"type-product","3":"status-publish","4":"has-post-thumbnail","6":"product_cat-lisseur","7":"product_cat-remington","9":"first","10":"instock","11":"shipping-taxable","12":"purchasable","13":"product-type-simple"},"yoast_head":"<!-- This site is optimized with the Yoast SEO plugin v27.4 - https:\/\/yoast.com\/product\/yoast-seo-wordpress\/ -->\n<title>REMINGTON Lisseur pearl S9500 - Baya Shop<\/title>\n<meta name=\"description\" content=\"Plaques XL 110mm et souples avec rev\u00eatement en c\u00e9ramique avanc\u00e9e et v\u00e9ritable \u00e9clats de perles.  Brillance miroir, douceur extr\u00eame, tenue ultime.  Temp\u00e9rature modulable (150 \u00e0 235\u00b0C) - Ecran digital - Chauffe ultra rapide (10 secondes).  S\u00e9curit\u00e9 avec v\u00e9rouillage de la temp\u00e9rature, des plaques et arr\u00eat automatique apr\u00e8s 60minutes.  Pochette thermor\u00e9sistante incluse.\" \/>\n<meta name=\"robots\" content=\"index, follow, max-snippet:-1, max-image-preview:large, max-video-preview:-1\" \/>\n<link rel=\"canonical\" href=\"https:\/\/baya-shop.com\/home\/product\/remington-lisseur-s9500\/\" \/>\n<meta property=\"og:locale\" content=\"fr_FR\" \/>\n<meta property=\"og:type\" content=\"article\" \/>\n<meta property=\"og:title\" content=\"REMINGTON Lisseur pearl S9500 - Baya Shop\" \/>\n<meta property=\"og:description\" content=\"Plaques XL 110mm et souples avec rev\u00eatement en c\u00e9ramique avanc\u00e9e et v\u00e9ritable \u00e9clats de perles.  Brillance miroir, douceur extr\u00eame, tenue ultime.  Temp\u00e9rature modulable (150 \u00e0 235\u00b0C) - Ecran digital - Chauffe ultra rapide (10 secondes).  S\u00e9curit\u00e9 avec v\u00e9rouillage de la temp\u00e9rature, des plaques et arr\u00eat automatique apr\u00e8s 60minutes.  Pochette thermor\u00e9sistante incluse.\" \/>\n<meta property=\"og:url\" content=\"https:\/\/baya-shop.com\/home\/product\/remington-lisseur-s9500\/\" \/>\n<meta property=\"og:site_name\" content=\"Baya Shop\" \/>\n<meta property=\"article:publisher\" content=\"https:\/\/www.facebook.com\/Baya-Shop-103955257949742\" \/>\n<meta property=\"article:modified_time\" content=\"2025-04-19T16:18:28+00:00\" \/>\n<meta property=\"og:image\" content=\"https:\/\/baya-shop.com\/wp-content\/uploads\/2021\/11\/506c2d4e-cf7f-4b47-9480-7f7ca9b95c9e.__CR0010001000_PT0_SX300_V1___.jpg\" \/>\n\t<meta property=\"og:image:width\" content=\"300\" \/>\n\t<meta property=\"og:image:height\" content=\"300\" \/>\n\t<meta property=\"og:image:type\" content=\"image\/jpeg\" \/>\n<meta name=\"twitter:card\" content=\"summary_large_image\" \/>\n<meta name=\"twitter:label1\" content=\"Dur\u00e9e de lecture estim\u00e9e\" \/>\n\t<meta name=\"twitter:data1\" content=\"1 minute\" \/>\n<script type=\"application\/ld+json\" class=\"yoast-schema-graph\">{\"@context\":\"https:\\\/\\\/schema.org\",\"@graph\":[{\"@type\":\"WebPage\",\"@id\":\"https:\\\/\\\/baya-shop.com\\\/home\\\/product\\\/remington-lisseur-s9500\\\/\",\"url\":\"https:\\\/\\\/baya-shop.com\\\/home\\\/product\\\/remington-lisseur-s9500\\\/\",\"name\":\"REMINGTON Lisseur pearl S9500 - Baya Shop\",\"isPartOf\":{\"@id\":\"https:\\\/\\\/baya-shop.com\\\/home\\\/#website\"},\"primaryImageOfPage\":{\"@id\":\"https:\\\/\\\/baya-shop.com\\\/home\\\/product\\\/remington-lisseur-s9500\\\/#primaryimage\"},\"image\":{\"@id\":\"https:\\\/\\\/baya-shop.com\\\/home\\\/product\\\/remington-lisseur-s9500\\\/#primaryimage\"},\"thumbnailUrl\":\"https:\\\/\\\/i0.wp.com\\\/baya-shop.com\\\/wp-content\\\/uploads\\\/2021\\\/11\\\/506c2d4e-cf7f-4b47-9480-7f7ca9b95c9e.__CR0010001000_PT0_SX300_V1___.jpg?fit=300%2C300&ssl=1\",\"datePublished\":\"2021-11-26T15:35:45+00:00\",\"dateModified\":\"2025-04-19T16:18:28+00:00\",\"description\":\"Plaques XL 110mm et souples avec rev\u00eatement en c\u00e9ramique avanc\u00e9e et v\u00e9ritable \u00e9clats de perles. Brillance miroir, douceur extr\u00eame, tenue ultime. Temp\u00e9rature modulable (150 \u00e0 235\u00b0C) - Ecran digital - Chauffe ultra rapide (10 secondes). S\u00e9curit\u00e9 avec v\u00e9rouillage de la temp\u00e9rature, des plaques et arr\u00eat automatique apr\u00e8s 60minutes. Pochette thermor\u00e9sistante incluse.\",\"breadcrumb\":{\"@id\":\"https:\\\/\\\/baya-shop.com\\\/home\\\/product\\\/remington-lisseur-s9500\\\/#breadcrumb\"},\"inLanguage\":\"fr-FR\",\"potentialAction\":[{\"@type\":\"ReadAction\",\"target\":[\"https:\\\/\\\/baya-shop.com\\\/home\\\/product\\\/remington-lisseur-s9500\\\/\"]}]},{\"@type\":\"ImageObject\",\"inLanguage\":\"fr-FR\",\"@id\":\"https:\\\/\\\/baya-shop.com\\\/home\\\/product\\\/remington-lisseur-s9500\\\/#primaryimage\",\"url\":\"https:\\\/\\\/i0.wp.com\\\/baya-shop.com\\\/wp-content\\\/uploads\\\/2021\\\/11\\\/506c2d4e-cf7f-4b47-9480-7f7ca9b95c9e.__CR0010001000_PT0_SX300_V1___.jpg?fit=300%2C300&ssl=1\",\"contentUrl\":\"https:\\\/\\\/i0.wp.com\\\/baya-shop.com\\\/wp-content\\\/uploads\\\/2021\\\/11\\\/506c2d4e-cf7f-4b47-9480-7f7ca9b95c9e.__CR0010001000_PT0_SX300_V1___.jpg?fit=300%2C300&ssl=1\",\"width\":300,\"height\":300},{\"@type\":\"BreadcrumbList\",\"@id\":\"https:\\\/\\\/baya-shop.com\\\/home\\\/product\\\/remington-lisseur-s9500\\\/#breadcrumb\",\"itemListElement\":[{\"@type\":\"ListItem\",\"position\":1,\"name\":\"Accueil\",\"item\":\"https:\\\/\\\/baya-shop.com\\\/home\\\/\"},{\"@type\":\"ListItem\",\"position\":2,\"name\":\"Shop\",\"item\":\"https:\\\/\\\/baya-shop.com\\\/home\\\/shop\\\/\"},{\"@type\":\"ListItem\",\"position\":3,\"name\":\"REMINGTON Lisseur pearl S9500\"}]},{\"@type\":\"WebSite\",\"@id\":\"https:\\\/\\\/baya-shop.com\\\/home\\\/#website\",\"url\":\"https:\\\/\\\/baya-shop.com\\\/home\\\/\",\"name\":\"Baya Shop\",\"description\":\"\",\"publisher\":{\"@id\":\"https:\\\/\\\/baya-shop.com\\\/home\\\/#organization\"},\"potentialAction\":[{\"@type\":\"SearchAction\",\"target\":{\"@type\":\"EntryPoint\",\"urlTemplate\":\"https:\\\/\\\/baya-shop.com\\\/home\\\/?s={search_term_string}\"},\"query-input\":{\"@type\":\"PropertyValueSpecification\",\"valueRequired\":true,\"valueName\":\"search_term_string\"}}],\"inLanguage\":\"fr-FR\"},{\"@type\":\"Organization\",\"@id\":\"https:\\\/\\\/baya-shop.com\\\/home\\\/#organization\",\"name\":\"Baya Shop\",\"url\":\"https:\\\/\\\/baya-shop.com\\\/home\\\/\",\"logo\":{\"@type\":\"ImageObject\",\"inLanguage\":\"fr-FR\",\"@id\":\"https:\\\/\\\/baya-shop.com\\\/home\\\/#\\\/schema\\\/logo\\\/image\\\/\",\"url\":\"https:\\\/\\\/baya-shop.com\\\/wp-content\\\/uploads\\\/2020\\\/11\\\/g.png\",\"contentUrl\":\"https:\\\/\\\/baya-shop.com\\\/wp-content\\\/uploads\\\/2020\\\/11\\\/g.png\",\"width\":64,\"height\":64,\"caption\":\"Baya Shop\"},\"image\":{\"@id\":\"https:\\\/\\\/baya-shop.com\\\/home\\\/#\\\/schema\\\/logo\\\/image\\\/\"},\"sameAs\":[\"https:\\\/\\\/www.facebook.com\\\/Baya-Shop-103955257949742\",\"https:\\\/\\\/www.instagram.com\\\/baya_shop_dz\\\/\"]}]}<\/script>\n<!-- \/ Yoast SEO plugin. -->","yoast_head_json":{"title":"REMINGTON Lisseur pearl S9500 - Baya Shop","description":"Plaques XL 110mm et souples avec rev\u00eatement en c\u00e9ramique avanc\u00e9e et v\u00e9ritable \u00e9clats de perles.  Brillance miroir, douceur extr\u00eame, tenue ultime.  Temp\u00e9rature modulable (150 \u00e0 235\u00b0C) - Ecran digital - Chauffe ultra rapide (10 secondes).  S\u00e9curit\u00e9 avec v\u00e9rouillage de la temp\u00e9rature, des plaques et arr\u00eat automatique apr\u00e8s 60minutes.  Pochette thermor\u00e9sistante incluse.","robots":{"index":"index","follow":"follow","max-snippet":"max-snippet:-1","max-image-preview":"max-image-preview:large","max-video-preview":"max-video-preview:-1"},"canonical":"https:\/\/baya-shop.com\/home\/product\/remington-lisseur-s9500\/","og_locale":"fr_FR","og_type":"article","og_title":"REMINGTON Lisseur pearl S9500 - Baya Shop","og_description":"Plaques XL 110mm et souples avec rev\u00eatement en c\u00e9ramique avanc\u00e9e et v\u00e9ritable \u00e9clats de perles.  Brillance miroir, douceur extr\u00eame, tenue ultime.  Temp\u00e9rature modulable (150 \u00e0 235\u00b0C) - Ecran digital - Chauffe ultra rapide (10 secondes).  S\u00e9curit\u00e9 avec v\u00e9rouillage de la temp\u00e9rature, des plaques et arr\u00eat automatique apr\u00e8s 60minutes.  Pochette thermor\u00e9sistante incluse.","og_url":"https:\/\/baya-shop.com\/home\/product\/remington-lisseur-s9500\/","og_site_name":"Baya Shop","article_publisher":"https:\/\/www.facebook.com\/Baya-Shop-103955257949742","article_modified_time":"2025-04-19T16:18:28+00:00","og_image":[{"width":300,"height":300,"url":"https:\/\/baya-shop.com\/wp-content\/uploads\/2021\/11\/506c2d4e-cf7f-4b47-9480-7f7ca9b95c9e.__CR0010001000_PT0_SX300_V1___.jpg","type":"image\/jpeg"}],"twitter_card":"summary_large_image","twitter_misc":{"Dur\u00e9e de lecture estim\u00e9e":"1 minute"},"schema":{"@context":"https:\/\/schema.org","@graph":[{"@type":"WebPage","@id":"https:\/\/baya-shop.com\/home\/product\/remington-lisseur-s9500\/","url":"https:\/\/baya-shop.com\/home\/product\/remington-lisseur-s9500\/","name":"REMINGTON Lisseur pearl S9500 - Baya Shop","isPartOf":{"@id":"https:\/\/baya-shop.com\/home\/#website"},"primaryImageOfPage":{"@id":"https:\/\/baya-shop.com\/home\/product\/remington-lisseur-s9500\/#primaryimage"},"image":{"@id":"https:\/\/baya-shop.com\/home\/product\/remington-lisseur-s9500\/#primaryimage"},"thumbnailUrl":"https:\/\/i0.wp.com\/baya-shop.com\/wp-content\/uploads\/2021\/11\/506c2d4e-cf7f-4b47-9480-7f7ca9b95c9e.__CR0010001000_PT0_SX300_V1___.jpg?fit=300%2C300&ssl=1","datePublished":"2021-11-26T15:35:45+00:00","dateModified":"2025-04-19T16:18:28+00:00","description":"Plaques XL 110mm et souples avec rev\u00eatement en c\u00e9ramique avanc\u00e9e et v\u00e9ritable \u00e9clats de perles. Brillance miroir, douceur extr\u00eame, tenue ultime. Temp\u00e9rature modulable (150 \u00e0 235\u00b0C) - Ecran digital - Chauffe ultra rapide (10 secondes). S\u00e9curit\u00e9 avec v\u00e9rouillage de la temp\u00e9rature, des plaques et arr\u00eat automatique apr\u00e8s 60minutes. Pochette thermor\u00e9sistante incluse.","breadcrumb":{"@id":"https:\/\/baya-shop.com\/home\/product\/remington-lisseur-s9500\/#breadcrumb"},"inLanguage":"fr-FR","potentialAction":[{"@type":"ReadAction","target":["https:\/\/baya-shop.com\/home\/product\/remington-lisseur-s9500\/"]}]},{"@type":"ImageObject","inLanguage":"fr-FR","@id":"https:\/\/baya-shop.com\/home\/product\/remington-lisseur-s9500\/#primaryimage","url":"https:\/\/i0.wp.com\/baya-shop.com\/wp-content\/uploads\/2021\/11\/506c2d4e-cf7f-4b47-9480-7f7ca9b95c9e.__CR0010001000_PT0_SX300_V1___.jpg?fit=300%2C300&ssl=1","contentUrl":"https:\/\/i0.wp.com\/baya-shop.com\/wp-content\/uploads\/2021\/11\/506c2d4e-cf7f-4b47-9480-7f7ca9b95c9e.__CR0010001000_PT0_SX300_V1___.jpg?fit=300%2C300&ssl=1","width":300,"height":300},{"@type":"BreadcrumbList","@id":"https:\/\/baya-shop.com\/home\/product\/remington-lisseur-s9500\/#breadcrumb","itemListElement":[{"@type":"ListItem","position":1,"name":"Accueil","item":"https:\/\/baya-shop.com\/home\/"},{"@type":"ListItem","position":2,"name":"Shop","item":"https:\/\/baya-shop.com\/home\/shop\/"},{"@type":"ListItem","position":3,"name":"REMINGTON Lisseur pearl S9500"}]},{"@type":"WebSite","@id":"https:\/\/baya-shop.com\/home\/#website","url":"https:\/\/baya-shop.com\/home\/","name":"Baya Shop","description":"","publisher":{"@id":"https:\/\/baya-shop.com\/home\/#organization"},"potentialAction":[{"@type":"SearchAction","target":{"@type":"EntryPoint","urlTemplate":"https:\/\/baya-shop.com\/home\/?s={search_term_string}"},"query-input":{"@type":"PropertyValueSpecification","valueRequired":true,"valueName":"search_term_string"}}],"inLanguage":"fr-FR"},{"@type":"Organization","@id":"https:\/\/baya-shop.com\/home\/#organization","name":"Baya Shop","url":"https:\/\/baya-shop.com\/home\/","logo":{"@type":"ImageObject","inLanguage":"fr-FR","@id":"https:\/\/baya-shop.com\/home\/#\/schema\/logo\/image\/","url":"https:\/\/baya-shop.com\/wp-content\/uploads\/2020\/11\/g.png","contentUrl":"https:\/\/baya-shop.com\/wp-content\/uploads\/2020\/11\/g.png","width":64,"height":64,"caption":"Baya Shop"},"image":{"@id":"https:\/\/baya-shop.com\/home\/#\/schema\/logo\/image\/"},"sameAs":["https:\/\/www.facebook.com\/Baya-Shop-103955257949742","https:\/\/www.instagram.com\/baya_shop_dz\/"]}]}},"jetpack_publicize_connections":[],"jetpack_sharing_enabled":true,"jetpack_likes_enabled":true,"jetpack-related-posts":[],"_links":{"self":[{"href":"https:\/\/baya-shop.com\/home\/wp-json\/wp\/v2\/product\/898","targetHints":{"allow":["GET"]}}],"collection":[{"href":"https:\/\/baya-shop.com\/home\/wp-json\/wp\/v2\/product"}],"about":[{"href":"https:\/\/baya-shop.com\/home\/wp-json\/wp\/v2\/types\/product"}],"replies":[{"embeddable":true,"href":"https:\/\/baya-shop.com\/home\/wp-json\/wp\/v2\/comments?post=898"}],"wp:featuredmedia":[{"embeddable":true,"href":"https:\/\/baya-shop.com\/home\/wp-json\/wp\/v2\/media\/3274"}],"wp:attachment":[{"href":"https:\/\/baya-shop.com\/home\/wp-json\/wp\/v2\/media?parent=898"}],"wp:term":[{"taxonomy":"product_brand","embeddable":true,"href":"https:\/\/baya-shop.com\/home\/wp-json\/wp\/v2\/product_brand?post=898"},{"taxonomy":"product_cat","embeddable":true,"href":"https:\/\/baya-shop.com\/home\/wp-json\/wp\/v2\/product_cat?post=898"},{"taxonomy":"product_tag","embeddable":true,"href":"https:\/\/baya-shop.com\/home\/wp-json\/wp\/v2\/product_tag?post=898"}],"curies":[{"name":"wp","href":"https:\/\/api.w.org\/{rel}","templated":true}]}}