{"id":853,"date":"2021-10-02T11:17:31","date_gmt":"2021-10-02T10:17:31","guid":{"rendered":"https:\/\/baya-shop.com\/home\/?post_type=product&#038;p=853"},"modified":"2024-02-09T16:44:58","modified_gmt":"2024-02-09T15:44:58","slug":"remington-brosse-nettoyante-fc250","status":"publish","type":"product","link":"https:\/\/baya-shop.com\/home\/product\/remington-brosse-nettoyante-fc250\/","title":{"rendered":"REMINGTON Brosse Nettoyante reveal FC250"},"content":{"rendered":"","protected":false},"excerpt":{"rendered":"<ul>\n<li>Poign\u00e9e slim ergonomique : naturellement inclin\u00e9 vers le visage, si confortable \u00e0 tenir et facile \u00e0 utiliser<\/li>\n<li>T\u00eate double action rotative et vibrante<\/li>\n<li>Un nettoyage en profondeur pour \u00e9limine le maquillage et les impuret\u00e9s<\/li>\n<li>Aide \u00e0 am\u00e9liorer l&rsquo;absorption des produits de soin de la peau<\/li>\n<li>2 vitesses : pour des traitements personnalis\u00e9s<\/li>\n<li>T\u00eate de brosse peau normale : pour une utilisation quotidienne, convient \u00e0 tous les types de peau<\/li>\n<li>T\u00eate de brosse peau sensible : pour un nettoyage en douceur, id\u00e9al pour les peaux sensibles<\/li>\n<li>Utilisation sans fil : fonctionne \u00e0 pile (2 x AAA piles incluses)<\/li>\n<li>Wet &amp; Dry : pour une utilisation sous la douche<\/li>\n<li>Pochette de rangement<\/li>\n<\/ul>\n","protected":false},"featured_media":3270,"comment_status":"open","ping_status":"closed","template":"","meta":{"jetpack_post_was_ever_published":false,"jetpack_publicize_message":"","jetpack_publicize_feature_enabled":true,"jetpack_social_post_already_shared":false,"jetpack_social_options":{"image_generator_settings":{"template":"highway","default_image_id":0,"font":"","enabled":false},"version":2}},"product_brand":[],"product_cat":[19,47],"product_tag":[],"class_list":{"0":"post-853","1":"product","2":"type-product","3":"status-publish","4":"has-post-thumbnail","6":"product_cat-beaute","7":"product_cat-remington","9":"first","10":"instock","11":"shipping-taxable","12":"purchasable","13":"product-type-simple"},"yoast_head":"<!-- This site is optimized with the Yoast SEO plugin v27.4 - https:\/\/yoast.com\/product\/yoast-seo-wordpress\/ -->\n<title>REMINGTON Brosse Nettoyante reveal FC250 - Baya Shop<\/title>\n<meta name=\"description\" content=\"Poign\u00e9e slim ergonomique : naturellement inclin\u00e9 vers le visage, si confortable \u00e0 tenir et facile \u00e0 utiliser  T\u00eate double action rotative et vibrante  Un nettoyage en profondeur pour \u00e9limine le maquillage et les impuret\u00e9s  Aide \u00e0 am\u00e9liorer l&#039;absorption des produits de soin de la peau  2 vitesses : pour des traitements personnalis\u00e9s  T\u00eate de brosse peau normale : pour une utilisation quotidienne, convient \u00e0 tous les types de peau  T\u00eate de brosse peau sensible : pour un nettoyage en douceur, id\u00e9al pour les peaux sensibles  Utilisation sans fil : fonctionne \u00e0 pile (2 x AAA piles incluses)  Wet &amp; Dry : pour une utilisation sous la douche  Pochette de rangement\" \/>\n<meta name=\"robots\" content=\"index, follow, max-snippet:-1, max-image-preview:large, max-video-preview:-1\" \/>\n<link rel=\"canonical\" href=\"https:\/\/baya-shop.com\/home\/product\/remington-brosse-nettoyante-fc250\/\" \/>\n<meta property=\"og:locale\" content=\"fr_FR\" \/>\n<meta property=\"og:type\" content=\"article\" \/>\n<meta property=\"og:title\" content=\"REMINGTON Brosse Nettoyante reveal FC250 - Baya Shop\" \/>\n<meta property=\"og:description\" content=\"Poign\u00e9e slim ergonomique : naturellement inclin\u00e9 vers le visage, si confortable \u00e0 tenir et facile \u00e0 utiliser  T\u00eate double action rotative et vibrante  Un nettoyage en profondeur pour \u00e9limine le maquillage et les impuret\u00e9s  Aide \u00e0 am\u00e9liorer l&#039;absorption des produits de soin de la peau  2 vitesses : pour des traitements personnalis\u00e9s  T\u00eate de brosse peau normale : pour une utilisation quotidienne, convient \u00e0 tous les types de peau  T\u00eate de brosse peau sensible : pour un nettoyage en douceur, id\u00e9al pour les peaux sensibles  Utilisation sans fil : fonctionne \u00e0 pile (2 x AAA piles incluses)  Wet &amp; Dry : pour une utilisation sous la douche  Pochette de rangement\" \/>\n<meta property=\"og:url\" content=\"https:\/\/baya-shop.com\/home\/product\/remington-brosse-nettoyante-fc250\/\" \/>\n<meta property=\"og:site_name\" content=\"Baya Shop\" \/>\n<meta property=\"article:publisher\" content=\"https:\/\/www.facebook.com\/Baya-Shop-103955257949742\" \/>\n<meta property=\"article:modified_time\" content=\"2024-02-09T15:44:58+00:00\" \/>\n<meta property=\"og:image\" content=\"https:\/\/baya-shop.com\/wp-content\/uploads\/2021\/10\/Img-CRG55-RG-1-XX-XX_2-large.jpg\" \/>\n\t<meta property=\"og:image:width\" content=\"600\" \/>\n\t<meta property=\"og:image:height\" content=\"600\" \/>\n\t<meta property=\"og:image:type\" content=\"image\/jpeg\" \/>\n<meta name=\"twitter:card\" content=\"summary_large_image\" \/>\n<meta name=\"twitter:label1\" content=\"Dur\u00e9e de lecture estim\u00e9e\" \/>\n\t<meta name=\"twitter:data1\" content=\"1 minute\" \/>\n<script type=\"application\/ld+json\" class=\"yoast-schema-graph\">{\"@context\":\"https:\\\/\\\/schema.org\",\"@graph\":[{\"@type\":\"WebPage\",\"@id\":\"https:\\\/\\\/baya-shop.com\\\/home\\\/product\\\/remington-brosse-nettoyante-fc250\\\/\",\"url\":\"https:\\\/\\\/baya-shop.com\\\/home\\\/product\\\/remington-brosse-nettoyante-fc250\\\/\",\"name\":\"REMINGTON Brosse Nettoyante reveal FC250 - Baya Shop\",\"isPartOf\":{\"@id\":\"https:\\\/\\\/baya-shop.com\\\/home\\\/#website\"},\"primaryImageOfPage\":{\"@id\":\"https:\\\/\\\/baya-shop.com\\\/home\\\/product\\\/remington-brosse-nettoyante-fc250\\\/#primaryimage\"},\"image\":{\"@id\":\"https:\\\/\\\/baya-shop.com\\\/home\\\/product\\\/remington-brosse-nettoyante-fc250\\\/#primaryimage\"},\"thumbnailUrl\":\"https:\\\/\\\/i0.wp.com\\\/baya-shop.com\\\/wp-content\\\/uploads\\\/2021\\\/10\\\/Img-CRG55-RG-1-XX-XX_2-large.jpg?fit=600%2C600&ssl=1\",\"datePublished\":\"2021-10-02T10:17:31+00:00\",\"dateModified\":\"2024-02-09T15:44:58+00:00\",\"description\":\"Poign\u00e9e slim ergonomique : naturellement inclin\u00e9 vers le visage, si confortable \u00e0 tenir et facile \u00e0 utiliser T\u00eate double action rotative et vibrante Un nettoyage en profondeur pour \u00e9limine le maquillage et les impuret\u00e9s Aide \u00e0 am\u00e9liorer l'absorption des produits de soin de la peau 2 vitesses : pour des traitements personnalis\u00e9s T\u00eate de brosse peau normale : pour une utilisation quotidienne, convient \u00e0 tous les types de peau T\u00eate de brosse peau sensible : pour un nettoyage en douceur, id\u00e9al pour les peaux sensibles Utilisation sans fil : fonctionne \u00e0 pile (2 x AAA piles incluses) Wet &amp; Dry : pour une utilisation sous la douche Pochette de rangement\",\"breadcrumb\":{\"@id\":\"https:\\\/\\\/baya-shop.com\\\/home\\\/product\\\/remington-brosse-nettoyante-fc250\\\/#breadcrumb\"},\"inLanguage\":\"fr-FR\",\"potentialAction\":[{\"@type\":\"ReadAction\",\"target\":[\"https:\\\/\\\/baya-shop.com\\\/home\\\/product\\\/remington-brosse-nettoyante-fc250\\\/\"]}]},{\"@type\":\"ImageObject\",\"inLanguage\":\"fr-FR\",\"@id\":\"https:\\\/\\\/baya-shop.com\\\/home\\\/product\\\/remington-brosse-nettoyante-fc250\\\/#primaryimage\",\"url\":\"https:\\\/\\\/i0.wp.com\\\/baya-shop.com\\\/wp-content\\\/uploads\\\/2021\\\/10\\\/Img-CRG55-RG-1-XX-XX_2-large.jpg?fit=600%2C600&ssl=1\",\"contentUrl\":\"https:\\\/\\\/i0.wp.com\\\/baya-shop.com\\\/wp-content\\\/uploads\\\/2021\\\/10\\\/Img-CRG55-RG-1-XX-XX_2-large.jpg?fit=600%2C600&ssl=1\",\"width\":600,\"height\":600},{\"@type\":\"BreadcrumbList\",\"@id\":\"https:\\\/\\\/baya-shop.com\\\/home\\\/product\\\/remington-brosse-nettoyante-fc250\\\/#breadcrumb\",\"itemListElement\":[{\"@type\":\"ListItem\",\"position\":1,\"name\":\"Accueil\",\"item\":\"https:\\\/\\\/baya-shop.com\\\/home\\\/\"},{\"@type\":\"ListItem\",\"position\":2,\"name\":\"Shop\",\"item\":\"https:\\\/\\\/baya-shop.com\\\/home\\\/shop\\\/\"},{\"@type\":\"ListItem\",\"position\":3,\"name\":\"REMINGTON Brosse Nettoyante reveal FC250\"}]},{\"@type\":\"WebSite\",\"@id\":\"https:\\\/\\\/baya-shop.com\\\/home\\\/#website\",\"url\":\"https:\\\/\\\/baya-shop.com\\\/home\\\/\",\"name\":\"Baya Shop\",\"description\":\"\",\"publisher\":{\"@id\":\"https:\\\/\\\/baya-shop.com\\\/home\\\/#organization\"},\"potentialAction\":[{\"@type\":\"SearchAction\",\"target\":{\"@type\":\"EntryPoint\",\"urlTemplate\":\"https:\\\/\\\/baya-shop.com\\\/home\\\/?s={search_term_string}\"},\"query-input\":{\"@type\":\"PropertyValueSpecification\",\"valueRequired\":true,\"valueName\":\"search_term_string\"}}],\"inLanguage\":\"fr-FR\"},{\"@type\":\"Organization\",\"@id\":\"https:\\\/\\\/baya-shop.com\\\/home\\\/#organization\",\"name\":\"Baya Shop\",\"url\":\"https:\\\/\\\/baya-shop.com\\\/home\\\/\",\"logo\":{\"@type\":\"ImageObject\",\"inLanguage\":\"fr-FR\",\"@id\":\"https:\\\/\\\/baya-shop.com\\\/home\\\/#\\\/schema\\\/logo\\\/image\\\/\",\"url\":\"https:\\\/\\\/baya-shop.com\\\/wp-content\\\/uploads\\\/2020\\\/11\\\/g.png\",\"contentUrl\":\"https:\\\/\\\/baya-shop.com\\\/wp-content\\\/uploads\\\/2020\\\/11\\\/g.png\",\"width\":64,\"height\":64,\"caption\":\"Baya Shop\"},\"image\":{\"@id\":\"https:\\\/\\\/baya-shop.com\\\/home\\\/#\\\/schema\\\/logo\\\/image\\\/\"},\"sameAs\":[\"https:\\\/\\\/www.facebook.com\\\/Baya-Shop-103955257949742\",\"https:\\\/\\\/www.instagram.com\\\/baya_shop_dz\\\/\"]}]}<\/script>\n<!-- \/ Yoast SEO plugin. -->","yoast_head_json":{"title":"REMINGTON Brosse Nettoyante reveal FC250 - Baya Shop","description":"Poign\u00e9e slim ergonomique : naturellement inclin\u00e9 vers le visage, si confortable \u00e0 tenir et facile \u00e0 utiliser  T\u00eate double action rotative et vibrante  Un nettoyage en profondeur pour \u00e9limine le maquillage et les impuret\u00e9s  Aide \u00e0 am\u00e9liorer l'absorption des produits de soin de la peau  2 vitesses : pour des traitements personnalis\u00e9s  T\u00eate de brosse peau normale : pour une utilisation quotidienne, convient \u00e0 tous les types de peau  T\u00eate de brosse peau sensible : pour un nettoyage en douceur, id\u00e9al pour les peaux sensibles  Utilisation sans fil : fonctionne \u00e0 pile (2 x AAA piles incluses)  Wet &amp; Dry : pour une utilisation sous la douche  Pochette de rangement","robots":{"index":"index","follow":"follow","max-snippet":"max-snippet:-1","max-image-preview":"max-image-preview:large","max-video-preview":"max-video-preview:-1"},"canonical":"https:\/\/baya-shop.com\/home\/product\/remington-brosse-nettoyante-fc250\/","og_locale":"fr_FR","og_type":"article","og_title":"REMINGTON Brosse Nettoyante reveal FC250 - Baya Shop","og_description":"Poign\u00e9e slim ergonomique : naturellement inclin\u00e9 vers le visage, si confortable \u00e0 tenir et facile \u00e0 utiliser  T\u00eate double action rotative et vibrante  Un nettoyage en profondeur pour \u00e9limine le maquillage et les impuret\u00e9s  Aide \u00e0 am\u00e9liorer l'absorption des produits de soin de la peau  2 vitesses : pour des traitements personnalis\u00e9s  T\u00eate de brosse peau normale : pour une utilisation quotidienne, convient \u00e0 tous les types de peau  T\u00eate de brosse peau sensible : pour un nettoyage en douceur, id\u00e9al pour les peaux sensibles  Utilisation sans fil : fonctionne \u00e0 pile (2 x AAA piles incluses)  Wet &amp; Dry : pour une utilisation sous la douche  Pochette de rangement","og_url":"https:\/\/baya-shop.com\/home\/product\/remington-brosse-nettoyante-fc250\/","og_site_name":"Baya Shop","article_publisher":"https:\/\/www.facebook.com\/Baya-Shop-103955257949742","article_modified_time":"2024-02-09T15:44:58+00:00","og_image":[{"width":600,"height":600,"url":"https:\/\/baya-shop.com\/wp-content\/uploads\/2021\/10\/Img-CRG55-RG-1-XX-XX_2-large.jpg","type":"image\/jpeg"}],"twitter_card":"summary_large_image","twitter_misc":{"Dur\u00e9e de lecture estim\u00e9e":"1 minute"},"schema":{"@context":"https:\/\/schema.org","@graph":[{"@type":"WebPage","@id":"https:\/\/baya-shop.com\/home\/product\/remington-brosse-nettoyante-fc250\/","url":"https:\/\/baya-shop.com\/home\/product\/remington-brosse-nettoyante-fc250\/","name":"REMINGTON Brosse Nettoyante reveal FC250 - Baya Shop","isPartOf":{"@id":"https:\/\/baya-shop.com\/home\/#website"},"primaryImageOfPage":{"@id":"https:\/\/baya-shop.com\/home\/product\/remington-brosse-nettoyante-fc250\/#primaryimage"},"image":{"@id":"https:\/\/baya-shop.com\/home\/product\/remington-brosse-nettoyante-fc250\/#primaryimage"},"thumbnailUrl":"https:\/\/i0.wp.com\/baya-shop.com\/wp-content\/uploads\/2021\/10\/Img-CRG55-RG-1-XX-XX_2-large.jpg?fit=600%2C600&ssl=1","datePublished":"2021-10-02T10:17:31+00:00","dateModified":"2024-02-09T15:44:58+00:00","description":"Poign\u00e9e slim ergonomique : naturellement inclin\u00e9 vers le visage, si confortable \u00e0 tenir et facile \u00e0 utiliser T\u00eate double action rotative et vibrante Un nettoyage en profondeur pour \u00e9limine le maquillage et les impuret\u00e9s Aide \u00e0 am\u00e9liorer l'absorption des produits de soin de la peau 2 vitesses : pour des traitements personnalis\u00e9s T\u00eate de brosse peau normale : pour une utilisation quotidienne, convient \u00e0 tous les types de peau T\u00eate de brosse peau sensible : pour un nettoyage en douceur, id\u00e9al pour les peaux sensibles Utilisation sans fil : fonctionne \u00e0 pile (2 x AAA piles incluses) Wet &amp; Dry : pour une utilisation sous la douche Pochette de rangement","breadcrumb":{"@id":"https:\/\/baya-shop.com\/home\/product\/remington-brosse-nettoyante-fc250\/#breadcrumb"},"inLanguage":"fr-FR","potentialAction":[{"@type":"ReadAction","target":["https:\/\/baya-shop.com\/home\/product\/remington-brosse-nettoyante-fc250\/"]}]},{"@type":"ImageObject","inLanguage":"fr-FR","@id":"https:\/\/baya-shop.com\/home\/product\/remington-brosse-nettoyante-fc250\/#primaryimage","url":"https:\/\/i0.wp.com\/baya-shop.com\/wp-content\/uploads\/2021\/10\/Img-CRG55-RG-1-XX-XX_2-large.jpg?fit=600%2C600&ssl=1","contentUrl":"https:\/\/i0.wp.com\/baya-shop.com\/wp-content\/uploads\/2021\/10\/Img-CRG55-RG-1-XX-XX_2-large.jpg?fit=600%2C600&ssl=1","width":600,"height":600},{"@type":"BreadcrumbList","@id":"https:\/\/baya-shop.com\/home\/product\/remington-brosse-nettoyante-fc250\/#breadcrumb","itemListElement":[{"@type":"ListItem","position":1,"name":"Accueil","item":"https:\/\/baya-shop.com\/home\/"},{"@type":"ListItem","position":2,"name":"Shop","item":"https:\/\/baya-shop.com\/home\/shop\/"},{"@type":"ListItem","position":3,"name":"REMINGTON Brosse Nettoyante reveal FC250"}]},{"@type":"WebSite","@id":"https:\/\/baya-shop.com\/home\/#website","url":"https:\/\/baya-shop.com\/home\/","name":"Baya Shop","description":"","publisher":{"@id":"https:\/\/baya-shop.com\/home\/#organization"},"potentialAction":[{"@type":"SearchAction","target":{"@type":"EntryPoint","urlTemplate":"https:\/\/baya-shop.com\/home\/?s={search_term_string}"},"query-input":{"@type":"PropertyValueSpecification","valueRequired":true,"valueName":"search_term_string"}}],"inLanguage":"fr-FR"},{"@type":"Organization","@id":"https:\/\/baya-shop.com\/home\/#organization","name":"Baya Shop","url":"https:\/\/baya-shop.com\/home\/","logo":{"@type":"ImageObject","inLanguage":"fr-FR","@id":"https:\/\/baya-shop.com\/home\/#\/schema\/logo\/image\/","url":"https:\/\/baya-shop.com\/wp-content\/uploads\/2020\/11\/g.png","contentUrl":"https:\/\/baya-shop.com\/wp-content\/uploads\/2020\/11\/g.png","width":64,"height":64,"caption":"Baya Shop"},"image":{"@id":"https:\/\/baya-shop.com\/home\/#\/schema\/logo\/image\/"},"sameAs":["https:\/\/www.facebook.com\/Baya-Shop-103955257949742","https:\/\/www.instagram.com\/baya_shop_dz\/"]}]}},"jetpack_publicize_connections":[],"jetpack_sharing_enabled":true,"jetpack_likes_enabled":true,"jetpack-related-posts":[],"_links":{"self":[{"href":"https:\/\/baya-shop.com\/home\/wp-json\/wp\/v2\/product\/853","targetHints":{"allow":["GET"]}}],"collection":[{"href":"https:\/\/baya-shop.com\/home\/wp-json\/wp\/v2\/product"}],"about":[{"href":"https:\/\/baya-shop.com\/home\/wp-json\/wp\/v2\/types\/product"}],"replies":[{"embeddable":true,"href":"https:\/\/baya-shop.com\/home\/wp-json\/wp\/v2\/comments?post=853"}],"wp:featuredmedia":[{"embeddable":true,"href":"https:\/\/baya-shop.com\/home\/wp-json\/wp\/v2\/media\/3270"}],"wp:attachment":[{"href":"https:\/\/baya-shop.com\/home\/wp-json\/wp\/v2\/media?parent=853"}],"wp:term":[{"taxonomy":"product_brand","embeddable":true,"href":"https:\/\/baya-shop.com\/home\/wp-json\/wp\/v2\/product_brand?post=853"},{"taxonomy":"product_cat","embeddable":true,"href":"https:\/\/baya-shop.com\/home\/wp-json\/wp\/v2\/product_cat?post=853"},{"taxonomy":"product_tag","embeddable":true,"href":"https:\/\/baya-shop.com\/home\/wp-json\/wp\/v2\/product_tag?post=853"}],"curies":[{"name":"wp","href":"https:\/\/api.w.org\/{rel}","templated":true}]}}