{"id":837,"date":"2021-07-09T18:09:44","date_gmt":"2021-07-09T17:09:44","guid":{"rendered":"https:\/\/baya-shop.com\/home\/?post_type=product&#038;p=837"},"modified":"2026-03-29T14:24:33","modified_gmt":"2026-03-29T13:24:33","slug":"remington-seche-cheveux-ac9140bk","status":"publish","type":"product","link":"https:\/\/baya-shop.com\/home\/product\/remington-seche-cheveux-ac9140bk\/","title":{"rendered":"REMINGTON S\u00e8che-Cheveux proluxe AC9140BK"},"content":{"rendered":"","protected":false},"excerpt":{"rendered":"<ul>\n<li>Technologie OPTIheat : temp\u00e9rature constante et cibl\u00e9e pour un r\u00e9sultat salon longue tenue 24H<\/li>\n<li>Puissance : 2400 W<\/li>\n<li>Moteur AC professionnel longue dur\u00e9e***<\/li>\n<li>Technologie ionique : des cheveux brillants sans frisottis<\/li>\n<li>Fonction Style : augmente la puissance de 400W et diffuse la chaleur l\u00e0 o\u00f9 il faut pour plus de volume<\/li>\n<li>3 temp\u00e9ratures \/ 2 vitesses<\/li>\n<li>Air froid : fixe la coiffure<\/li>\n<li>2 concentrateurs :<\/li>\n<li>7 mm : brushing parfait<\/li>\n<li>Pr\u00e9cision : diffusion pr\u00e9cise de la chaleur<\/li>\n<li>Diffuseur : sp\u00e9cial volume<\/li>\n<li>Grille arri\u00e8re amovible<\/li>\n<li>Anneau de suspension<\/li>\n<li>Cordon professionnel 3 m<\/li>\n<\/ul>\n","protected":false},"featured_media":3268,"comment_status":"open","ping_status":"closed","template":"","meta":{"jetpack_post_was_ever_published":false,"jetpack_publicize_message":"","jetpack_publicize_feature_enabled":true,"jetpack_social_post_already_shared":false,"jetpack_social_options":{"image_generator_settings":{"template":"highway","default_image_id":0,"font":"","enabled":false},"version":2}},"product_brand":[],"product_cat":[46,72,47,20],"product_tag":[],"class_list":{"0":"post-837","1":"product","2":"type-product","3":"status-publish","4":"has-post-thumbnail","6":"product_cat-promotion","7":"product_cat-promotion-dete-2024","8":"product_cat-remington","9":"product_cat-seche-cheveux","11":"first","12":"instock","13":"sale","14":"shipping-taxable","15":"purchasable","16":"product-type-simple"},"yoast_head":"<!-- This site is optimized with the Yoast SEO plugin v27.4 - https:\/\/yoast.com\/product\/yoast-seo-wordpress\/ -->\n<title>REMINGTON S\u00e8che-Cheveux proluxe AC9140BK - Baya Shop<\/title>\n<meta name=\"description\" content=\"Technologie OPTIheat : temp\u00e9rature constante et cibl\u00e9e pour un r\u00e9sultat salon longue tenue 24H  Puissance : 2400 W  Moteur AC professionnel longue dur\u00e9e***  Technologie ionique : des cheveux brillants sans frisottis  Fonction Style : augmente la puissance de 400W et diffuse la chaleur l\u00e0 o\u00f9 il faut pour plus de volume  3 temp\u00e9ratures \/ 2 vitesses  Air froid : fixe la coiffure  2 concentrateurs :  7 mm : brushing parfait  Pr\u00e9cision : diffusion pr\u00e9cise de la chaleur  Diffuseur : sp\u00e9cial volume  Grille arri\u00e8re amovible  Anneau de suspension  Cordon professionnel 3 m\" \/>\n<meta name=\"robots\" content=\"index, follow, max-snippet:-1, max-image-preview:large, max-video-preview:-1\" \/>\n<link rel=\"canonical\" href=\"https:\/\/baya-shop.com\/home\/product\/remington-seche-cheveux-ac9140bk\/\" \/>\n<meta property=\"og:locale\" content=\"fr_FR\" \/>\n<meta property=\"og:type\" content=\"article\" \/>\n<meta property=\"og:title\" content=\"REMINGTON S\u00e8che-Cheveux proluxe AC9140BK - Baya Shop\" \/>\n<meta property=\"og:description\" content=\"Technologie OPTIheat : temp\u00e9rature constante et cibl\u00e9e pour un r\u00e9sultat salon longue tenue 24H  Puissance : 2400 W  Moteur AC professionnel longue dur\u00e9e***  Technologie ionique : des cheveux brillants sans frisottis  Fonction Style : augmente la puissance de 400W et diffuse la chaleur l\u00e0 o\u00f9 il faut pour plus de volume  3 temp\u00e9ratures \/ 2 vitesses  Air froid : fixe la coiffure  2 concentrateurs :  7 mm : brushing parfait  Pr\u00e9cision : diffusion pr\u00e9cise de la chaleur  Diffuseur : sp\u00e9cial volume  Grille arri\u00e8re amovible  Anneau de suspension  Cordon professionnel 3 m\" \/>\n<meta property=\"og:url\" content=\"https:\/\/baya-shop.com\/home\/product\/remington-seche-cheveux-ac9140bk\/\" \/>\n<meta property=\"og:site_name\" content=\"Baya Shop\" \/>\n<meta property=\"article:publisher\" content=\"https:\/\/www.facebook.com\/Baya-Shop-103955257949742\" \/>\n<meta property=\"article:modified_time\" content=\"2026-03-29T13:24:33+00:00\" \/>\n<meta property=\"og:image\" content=\"https:\/\/baya-shop.com\/wp-content\/uploads\/2021\/07\/remington-ac9140bk-phon-proluxe-motore-ac-da-2400-watt-midnight-edit.jpg\" \/>\n\t<meta property=\"og:image:width\" content=\"800\" \/>\n\t<meta property=\"og:image:height\" content=\"800\" \/>\n\t<meta property=\"og:image:type\" content=\"image\/jpeg\" \/>\n<meta name=\"twitter:card\" content=\"summary_large_image\" \/>\n<meta name=\"twitter:label1\" content=\"Dur\u00e9e de lecture estim\u00e9e\" \/>\n\t<meta name=\"twitter:data1\" content=\"1 minute\" \/>\n<script type=\"application\/ld+json\" class=\"yoast-schema-graph\">{\"@context\":\"https:\\\/\\\/schema.org\",\"@graph\":[{\"@type\":\"WebPage\",\"@id\":\"https:\\\/\\\/baya-shop.com\\\/home\\\/product\\\/remington-seche-cheveux-ac9140bk\\\/\",\"url\":\"https:\\\/\\\/baya-shop.com\\\/home\\\/product\\\/remington-seche-cheveux-ac9140bk\\\/\",\"name\":\"REMINGTON S\u00e8che-Cheveux proluxe AC9140BK - Baya Shop\",\"isPartOf\":{\"@id\":\"https:\\\/\\\/baya-shop.com\\\/home\\\/#website\"},\"primaryImageOfPage\":{\"@id\":\"https:\\\/\\\/baya-shop.com\\\/home\\\/product\\\/remington-seche-cheveux-ac9140bk\\\/#primaryimage\"},\"image\":{\"@id\":\"https:\\\/\\\/baya-shop.com\\\/home\\\/product\\\/remington-seche-cheveux-ac9140bk\\\/#primaryimage\"},\"thumbnailUrl\":\"https:\\\/\\\/i0.wp.com\\\/baya-shop.com\\\/wp-content\\\/uploads\\\/2021\\\/07\\\/remington-ac9140bk-phon-proluxe-motore-ac-da-2400-watt-midnight-edit.jpg?fit=800%2C800&ssl=1\",\"datePublished\":\"2021-07-09T17:09:44+00:00\",\"dateModified\":\"2026-03-29T13:24:33+00:00\",\"description\":\"Technologie OPTIheat : temp\u00e9rature constante et cibl\u00e9e pour un r\u00e9sultat salon longue tenue 24H Puissance : 2400 W Moteur AC professionnel longue dur\u00e9e*** Technologie ionique : des cheveux brillants sans frisottis Fonction Style : augmente la puissance de 400W et diffuse la chaleur l\u00e0 o\u00f9 il faut pour plus de volume 3 temp\u00e9ratures \\\/ 2 vitesses Air froid : fixe la coiffure 2 concentrateurs : 7 mm : brushing parfait Pr\u00e9cision : diffusion pr\u00e9cise de la chaleur Diffuseur : sp\u00e9cial volume Grille arri\u00e8re amovible Anneau de suspension Cordon professionnel 3 m\",\"breadcrumb\":{\"@id\":\"https:\\\/\\\/baya-shop.com\\\/home\\\/product\\\/remington-seche-cheveux-ac9140bk\\\/#breadcrumb\"},\"inLanguage\":\"fr-FR\",\"potentialAction\":[{\"@type\":\"ReadAction\",\"target\":[\"https:\\\/\\\/baya-shop.com\\\/home\\\/product\\\/remington-seche-cheveux-ac9140bk\\\/\"]}]},{\"@type\":\"ImageObject\",\"inLanguage\":\"fr-FR\",\"@id\":\"https:\\\/\\\/baya-shop.com\\\/home\\\/product\\\/remington-seche-cheveux-ac9140bk\\\/#primaryimage\",\"url\":\"https:\\\/\\\/i0.wp.com\\\/baya-shop.com\\\/wp-content\\\/uploads\\\/2021\\\/07\\\/remington-ac9140bk-phon-proluxe-motore-ac-da-2400-watt-midnight-edit.jpg?fit=800%2C800&ssl=1\",\"contentUrl\":\"https:\\\/\\\/i0.wp.com\\\/baya-shop.com\\\/wp-content\\\/uploads\\\/2021\\\/07\\\/remington-ac9140bk-phon-proluxe-motore-ac-da-2400-watt-midnight-edit.jpg?fit=800%2C800&ssl=1\",\"width\":800,\"height\":800},{\"@type\":\"BreadcrumbList\",\"@id\":\"https:\\\/\\\/baya-shop.com\\\/home\\\/product\\\/remington-seche-cheveux-ac9140bk\\\/#breadcrumb\",\"itemListElement\":[{\"@type\":\"ListItem\",\"position\":1,\"name\":\"Accueil\",\"item\":\"https:\\\/\\\/baya-shop.com\\\/home\\\/\"},{\"@type\":\"ListItem\",\"position\":2,\"name\":\"Shop\",\"item\":\"https:\\\/\\\/baya-shop.com\\\/home\\\/shop\\\/\"},{\"@type\":\"ListItem\",\"position\":3,\"name\":\"REMINGTON S\u00e8che-Cheveux proluxe AC9140BK\"}]},{\"@type\":\"WebSite\",\"@id\":\"https:\\\/\\\/baya-shop.com\\\/home\\\/#website\",\"url\":\"https:\\\/\\\/baya-shop.com\\\/home\\\/\",\"name\":\"Baya Shop\",\"description\":\"\",\"publisher\":{\"@id\":\"https:\\\/\\\/baya-shop.com\\\/home\\\/#organization\"},\"potentialAction\":[{\"@type\":\"SearchAction\",\"target\":{\"@type\":\"EntryPoint\",\"urlTemplate\":\"https:\\\/\\\/baya-shop.com\\\/home\\\/?s={search_term_string}\"},\"query-input\":{\"@type\":\"PropertyValueSpecification\",\"valueRequired\":true,\"valueName\":\"search_term_string\"}}],\"inLanguage\":\"fr-FR\"},{\"@type\":\"Organization\",\"@id\":\"https:\\\/\\\/baya-shop.com\\\/home\\\/#organization\",\"name\":\"Baya Shop\",\"url\":\"https:\\\/\\\/baya-shop.com\\\/home\\\/\",\"logo\":{\"@type\":\"ImageObject\",\"inLanguage\":\"fr-FR\",\"@id\":\"https:\\\/\\\/baya-shop.com\\\/home\\\/#\\\/schema\\\/logo\\\/image\\\/\",\"url\":\"https:\\\/\\\/baya-shop.com\\\/wp-content\\\/uploads\\\/2020\\\/11\\\/g.png\",\"contentUrl\":\"https:\\\/\\\/baya-shop.com\\\/wp-content\\\/uploads\\\/2020\\\/11\\\/g.png\",\"width\":64,\"height\":64,\"caption\":\"Baya Shop\"},\"image\":{\"@id\":\"https:\\\/\\\/baya-shop.com\\\/home\\\/#\\\/schema\\\/logo\\\/image\\\/\"},\"sameAs\":[\"https:\\\/\\\/www.facebook.com\\\/Baya-Shop-103955257949742\",\"https:\\\/\\\/www.instagram.com\\\/baya_shop_dz\\\/\"]}]}<\/script>\n<!-- \/ Yoast SEO plugin. -->","yoast_head_json":{"title":"REMINGTON S\u00e8che-Cheveux proluxe AC9140BK - Baya Shop","description":"Technologie OPTIheat : temp\u00e9rature constante et cibl\u00e9e pour un r\u00e9sultat salon longue tenue 24H  Puissance : 2400 W  Moteur AC professionnel longue dur\u00e9e***  Technologie ionique : des cheveux brillants sans frisottis  Fonction Style : augmente la puissance de 400W et diffuse la chaleur l\u00e0 o\u00f9 il faut pour plus de volume  3 temp\u00e9ratures \/ 2 vitesses  Air froid : fixe la coiffure  2 concentrateurs :  7 mm : brushing parfait  Pr\u00e9cision : diffusion pr\u00e9cise de la chaleur  Diffuseur : sp\u00e9cial volume  Grille arri\u00e8re amovible  Anneau de suspension  Cordon professionnel 3 m","robots":{"index":"index","follow":"follow","max-snippet":"max-snippet:-1","max-image-preview":"max-image-preview:large","max-video-preview":"max-video-preview:-1"},"canonical":"https:\/\/baya-shop.com\/home\/product\/remington-seche-cheveux-ac9140bk\/","og_locale":"fr_FR","og_type":"article","og_title":"REMINGTON S\u00e8che-Cheveux proluxe AC9140BK - Baya Shop","og_description":"Technologie OPTIheat : temp\u00e9rature constante et cibl\u00e9e pour un r\u00e9sultat salon longue tenue 24H  Puissance : 2400 W  Moteur AC professionnel longue dur\u00e9e***  Technologie ionique : des cheveux brillants sans frisottis  Fonction Style : augmente la puissance de 400W et diffuse la chaleur l\u00e0 o\u00f9 il faut pour plus de volume  3 temp\u00e9ratures \/ 2 vitesses  Air froid : fixe la coiffure  2 concentrateurs :  7 mm : brushing parfait  Pr\u00e9cision : diffusion pr\u00e9cise de la chaleur  Diffuseur : sp\u00e9cial volume  Grille arri\u00e8re amovible  Anneau de suspension  Cordon professionnel 3 m","og_url":"https:\/\/baya-shop.com\/home\/product\/remington-seche-cheveux-ac9140bk\/","og_site_name":"Baya Shop","article_publisher":"https:\/\/www.facebook.com\/Baya-Shop-103955257949742","article_modified_time":"2026-03-29T13:24:33+00:00","og_image":[{"width":800,"height":800,"url":"https:\/\/baya-shop.com\/wp-content\/uploads\/2021\/07\/remington-ac9140bk-phon-proluxe-motore-ac-da-2400-watt-midnight-edit.jpg","type":"image\/jpeg"}],"twitter_card":"summary_large_image","twitter_misc":{"Dur\u00e9e de lecture estim\u00e9e":"1 minute"},"schema":{"@context":"https:\/\/schema.org","@graph":[{"@type":"WebPage","@id":"https:\/\/baya-shop.com\/home\/product\/remington-seche-cheveux-ac9140bk\/","url":"https:\/\/baya-shop.com\/home\/product\/remington-seche-cheveux-ac9140bk\/","name":"REMINGTON S\u00e8che-Cheveux proluxe AC9140BK - Baya Shop","isPartOf":{"@id":"https:\/\/baya-shop.com\/home\/#website"},"primaryImageOfPage":{"@id":"https:\/\/baya-shop.com\/home\/product\/remington-seche-cheveux-ac9140bk\/#primaryimage"},"image":{"@id":"https:\/\/baya-shop.com\/home\/product\/remington-seche-cheveux-ac9140bk\/#primaryimage"},"thumbnailUrl":"https:\/\/i0.wp.com\/baya-shop.com\/wp-content\/uploads\/2021\/07\/remington-ac9140bk-phon-proluxe-motore-ac-da-2400-watt-midnight-edit.jpg?fit=800%2C800&ssl=1","datePublished":"2021-07-09T17:09:44+00:00","dateModified":"2026-03-29T13:24:33+00:00","description":"Technologie OPTIheat : temp\u00e9rature constante et cibl\u00e9e pour un r\u00e9sultat salon longue tenue 24H Puissance : 2400 W Moteur AC professionnel longue dur\u00e9e*** Technologie ionique : des cheveux brillants sans frisottis Fonction Style : augmente la puissance de 400W et diffuse la chaleur l\u00e0 o\u00f9 il faut pour plus de volume 3 temp\u00e9ratures \/ 2 vitesses Air froid : fixe la coiffure 2 concentrateurs : 7 mm : brushing parfait Pr\u00e9cision : diffusion pr\u00e9cise de la chaleur Diffuseur : sp\u00e9cial volume Grille arri\u00e8re amovible Anneau de suspension Cordon professionnel 3 m","breadcrumb":{"@id":"https:\/\/baya-shop.com\/home\/product\/remington-seche-cheveux-ac9140bk\/#breadcrumb"},"inLanguage":"fr-FR","potentialAction":[{"@type":"ReadAction","target":["https:\/\/baya-shop.com\/home\/product\/remington-seche-cheveux-ac9140bk\/"]}]},{"@type":"ImageObject","inLanguage":"fr-FR","@id":"https:\/\/baya-shop.com\/home\/product\/remington-seche-cheveux-ac9140bk\/#primaryimage","url":"https:\/\/i0.wp.com\/baya-shop.com\/wp-content\/uploads\/2021\/07\/remington-ac9140bk-phon-proluxe-motore-ac-da-2400-watt-midnight-edit.jpg?fit=800%2C800&ssl=1","contentUrl":"https:\/\/i0.wp.com\/baya-shop.com\/wp-content\/uploads\/2021\/07\/remington-ac9140bk-phon-proluxe-motore-ac-da-2400-watt-midnight-edit.jpg?fit=800%2C800&ssl=1","width":800,"height":800},{"@type":"BreadcrumbList","@id":"https:\/\/baya-shop.com\/home\/product\/remington-seche-cheveux-ac9140bk\/#breadcrumb","itemListElement":[{"@type":"ListItem","position":1,"name":"Accueil","item":"https:\/\/baya-shop.com\/home\/"},{"@type":"ListItem","position":2,"name":"Shop","item":"https:\/\/baya-shop.com\/home\/shop\/"},{"@type":"ListItem","position":3,"name":"REMINGTON S\u00e8che-Cheveux proluxe AC9140BK"}]},{"@type":"WebSite","@id":"https:\/\/baya-shop.com\/home\/#website","url":"https:\/\/baya-shop.com\/home\/","name":"Baya Shop","description":"","publisher":{"@id":"https:\/\/baya-shop.com\/home\/#organization"},"potentialAction":[{"@type":"SearchAction","target":{"@type":"EntryPoint","urlTemplate":"https:\/\/baya-shop.com\/home\/?s={search_term_string}"},"query-input":{"@type":"PropertyValueSpecification","valueRequired":true,"valueName":"search_term_string"}}],"inLanguage":"fr-FR"},{"@type":"Organization","@id":"https:\/\/baya-shop.com\/home\/#organization","name":"Baya Shop","url":"https:\/\/baya-shop.com\/home\/","logo":{"@type":"ImageObject","inLanguage":"fr-FR","@id":"https:\/\/baya-shop.com\/home\/#\/schema\/logo\/image\/","url":"https:\/\/baya-shop.com\/wp-content\/uploads\/2020\/11\/g.png","contentUrl":"https:\/\/baya-shop.com\/wp-content\/uploads\/2020\/11\/g.png","width":64,"height":64,"caption":"Baya Shop"},"image":{"@id":"https:\/\/baya-shop.com\/home\/#\/schema\/logo\/image\/"},"sameAs":["https:\/\/www.facebook.com\/Baya-Shop-103955257949742","https:\/\/www.instagram.com\/baya_shop_dz\/"]}]}},"jetpack_publicize_connections":[],"jetpack_sharing_enabled":true,"jetpack_likes_enabled":true,"jetpack-related-posts":[],"_links":{"self":[{"href":"https:\/\/baya-shop.com\/home\/wp-json\/wp\/v2\/product\/837","targetHints":{"allow":["GET"]}}],"collection":[{"href":"https:\/\/baya-shop.com\/home\/wp-json\/wp\/v2\/product"}],"about":[{"href":"https:\/\/baya-shop.com\/home\/wp-json\/wp\/v2\/types\/product"}],"replies":[{"embeddable":true,"href":"https:\/\/baya-shop.com\/home\/wp-json\/wp\/v2\/comments?post=837"}],"wp:featuredmedia":[{"embeddable":true,"href":"https:\/\/baya-shop.com\/home\/wp-json\/wp\/v2\/media\/3268"}],"wp:attachment":[{"href":"https:\/\/baya-shop.com\/home\/wp-json\/wp\/v2\/media?parent=837"}],"wp:term":[{"taxonomy":"product_brand","embeddable":true,"href":"https:\/\/baya-shop.com\/home\/wp-json\/wp\/v2\/product_brand?post=837"},{"taxonomy":"product_cat","embeddable":true,"href":"https:\/\/baya-shop.com\/home\/wp-json\/wp\/v2\/product_cat?post=837"},{"taxonomy":"product_tag","embeddable":true,"href":"https:\/\/baya-shop.com\/home\/wp-json\/wp\/v2\/product_tag?post=837"}],"curies":[{"name":"wp","href":"https:\/\/api.w.org\/{rel}","templated":true}]}}