{"id":836,"date":"2021-07-09T18:06:23","date_gmt":"2021-07-09T17:06:23","guid":{"rendered":"https:\/\/baya-shop.com\/home\/?post_type=product&#038;p=836"},"modified":"2025-04-19T17:19:03","modified_gmt":"2025-04-19T16:19:03","slug":"remington-seche-cheveux-d5216","status":"publish","type":"product","link":"https:\/\/baya-shop.com\/home\/product\/remington-seche-cheveux-d5216\/","title":{"rendered":"REMINGTON S\u00e8che-Cheveux shine therapy D5216"},"content":{"rendered":"","protected":false},"excerpt":{"rendered":"<ul class=\"a-unordered-list a-vertical a-spacing-mini\">\n<li><span class=\"a-list-item\">Vitesse de flux d&rsquo;air : 85 km\/h &#8211; Technologie Ionique : 90% d&rsquo;ions en plus &#8211; Lisse et donne une brillance intense<\/span><\/li>\n<li><span class=\"a-list-item\">3 niveaux de temp\u00e9rature \/ 2 vitesses &#8211; Air frais pour fixer la coiffure<\/span><\/li>\n<li><span class=\"a-list-item\">Silencieux<\/span><\/li>\n<li><span class=\"a-list-item\">Concentrateur sp\u00e9cial brushing et diffuseur sp\u00e9cial volume<\/span><\/li>\n<li><span class=\"a-list-item\">Grille arri\u00e8re amovible &#8211; Anneau de suspension &#8211; Cordon 1,8 m<\/span><\/li>\n<\/ul>\n","protected":false},"featured_media":3266,"comment_status":"open","ping_status":"closed","template":"","meta":{"jetpack_post_was_ever_published":false,"jetpack_publicize_message":"","jetpack_publicize_feature_enabled":true,"jetpack_social_post_already_shared":false,"jetpack_social_options":{"image_generator_settings":{"template":"highway","default_image_id":0,"font":"","enabled":false},"version":2}},"product_brand":[],"product_cat":[46,47,20],"product_tag":[],"class_list":{"0":"post-836","1":"product","2":"type-product","3":"status-publish","4":"has-post-thumbnail","6":"product_cat-promotion","7":"product_cat-remington","8":"product_cat-seche-cheveux","10":"first","11":"instock","12":"shipping-taxable","13":"purchasable","14":"product-type-simple"},"yoast_head":"<!-- This site is optimized with the Yoast SEO plugin v27.4 - https:\/\/yoast.com\/product\/yoast-seo-wordpress\/ -->\n<title>REMINGTON S\u00e8che-Cheveux shine therapy D5216 - Baya Shop<\/title>\n<meta name=\"description\" content=\"Vitesse de flux d&#039;air : 85 km\/h - Technologie Ionique : 90% d&#039;ions en plus - Lisse et donne une brillance intense  3 niveaux de temp\u00e9rature \/ 2 vitesses - Air frais pour fixer la coiffure  Silencieux  Concentrateur sp\u00e9cial brushing et diffuseur sp\u00e9cial volume  Grille arri\u00e8re amovible - Anneau de suspension - Cordon 1,8 m\" \/>\n<meta name=\"robots\" content=\"index, follow, max-snippet:-1, max-image-preview:large, max-video-preview:-1\" \/>\n<link rel=\"canonical\" href=\"https:\/\/baya-shop.com\/home\/product\/remington-seche-cheveux-d5216\/\" \/>\n<meta property=\"og:locale\" content=\"fr_FR\" \/>\n<meta property=\"og:type\" content=\"article\" \/>\n<meta property=\"og:title\" content=\"REMINGTON S\u00e8che-Cheveux shine therapy D5216 - Baya Shop\" \/>\n<meta property=\"og:description\" content=\"Vitesse de flux d&#039;air : 85 km\/h - Technologie Ionique : 90% d&#039;ions en plus - Lisse et donne une brillance intense  3 niveaux de temp\u00e9rature \/ 2 vitesses - Air frais pour fixer la coiffure  Silencieux  Concentrateur sp\u00e9cial brushing et diffuseur sp\u00e9cial volume  Grille arri\u00e8re amovible - Anneau de suspension - Cordon 1,8 m\" \/>\n<meta property=\"og:url\" content=\"https:\/\/baya-shop.com\/home\/product\/remington-seche-cheveux-d5216\/\" \/>\n<meta property=\"og:site_name\" content=\"Baya Shop\" \/>\n<meta property=\"article:publisher\" content=\"https:\/\/www.facebook.com\/Baya-Shop-103955257949742\" \/>\n<meta property=\"article:modified_time\" content=\"2025-04-19T16:19:03+00:00\" \/>\n<meta property=\"og:image\" content=\"https:\/\/baya-shop.com\/wp-content\/uploads\/2021\/07\/D5216Final.webp\" \/>\n\t<meta property=\"og:image:width\" content=\"1000\" \/>\n\t<meta property=\"og:image:height\" content=\"1000\" \/>\n\t<meta property=\"og:image:type\" content=\"image\/webp\" \/>\n<meta name=\"twitter:card\" content=\"summary_large_image\" \/>\n<meta name=\"twitter:label1\" content=\"Dur\u00e9e de lecture estim\u00e9e\" \/>\n\t<meta name=\"twitter:data1\" content=\"1 minute\" \/>\n<script type=\"application\/ld+json\" class=\"yoast-schema-graph\">{\"@context\":\"https:\\\/\\\/schema.org\",\"@graph\":[{\"@type\":\"WebPage\",\"@id\":\"https:\\\/\\\/baya-shop.com\\\/home\\\/product\\\/remington-seche-cheveux-d5216\\\/\",\"url\":\"https:\\\/\\\/baya-shop.com\\\/home\\\/product\\\/remington-seche-cheveux-d5216\\\/\",\"name\":\"REMINGTON S\u00e8che-Cheveux shine therapy D5216 - Baya Shop\",\"isPartOf\":{\"@id\":\"https:\\\/\\\/baya-shop.com\\\/home\\\/#website\"},\"primaryImageOfPage\":{\"@id\":\"https:\\\/\\\/baya-shop.com\\\/home\\\/product\\\/remington-seche-cheveux-d5216\\\/#primaryimage\"},\"image\":{\"@id\":\"https:\\\/\\\/baya-shop.com\\\/home\\\/product\\\/remington-seche-cheveux-d5216\\\/#primaryimage\"},\"thumbnailUrl\":\"https:\\\/\\\/i0.wp.com\\\/baya-shop.com\\\/wp-content\\\/uploads\\\/2021\\\/07\\\/D5216Final.webp?fit=1000%2C1000&ssl=1\",\"datePublished\":\"2021-07-09T17:06:23+00:00\",\"dateModified\":\"2025-04-19T16:19:03+00:00\",\"description\":\"Vitesse de flux d'air : 85 km\\\/h - Technologie Ionique : 90% d'ions en plus - Lisse et donne une brillance intense 3 niveaux de temp\u00e9rature \\\/ 2 vitesses - Air frais pour fixer la coiffure Silencieux Concentrateur sp\u00e9cial brushing et diffuseur sp\u00e9cial volume Grille arri\u00e8re amovible - Anneau de suspension - Cordon 1,8 m\",\"breadcrumb\":{\"@id\":\"https:\\\/\\\/baya-shop.com\\\/home\\\/product\\\/remington-seche-cheveux-d5216\\\/#breadcrumb\"},\"inLanguage\":\"fr-FR\",\"potentialAction\":[{\"@type\":\"ReadAction\",\"target\":[\"https:\\\/\\\/baya-shop.com\\\/home\\\/product\\\/remington-seche-cheveux-d5216\\\/\"]}]},{\"@type\":\"ImageObject\",\"inLanguage\":\"fr-FR\",\"@id\":\"https:\\\/\\\/baya-shop.com\\\/home\\\/product\\\/remington-seche-cheveux-d5216\\\/#primaryimage\",\"url\":\"https:\\\/\\\/i0.wp.com\\\/baya-shop.com\\\/wp-content\\\/uploads\\\/2021\\\/07\\\/D5216Final.webp?fit=1000%2C1000&ssl=1\",\"contentUrl\":\"https:\\\/\\\/i0.wp.com\\\/baya-shop.com\\\/wp-content\\\/uploads\\\/2021\\\/07\\\/D5216Final.webp?fit=1000%2C1000&ssl=1\",\"width\":1000,\"height\":1000},{\"@type\":\"BreadcrumbList\",\"@id\":\"https:\\\/\\\/baya-shop.com\\\/home\\\/product\\\/remington-seche-cheveux-d5216\\\/#breadcrumb\",\"itemListElement\":[{\"@type\":\"ListItem\",\"position\":1,\"name\":\"Accueil\",\"item\":\"https:\\\/\\\/baya-shop.com\\\/home\\\/\"},{\"@type\":\"ListItem\",\"position\":2,\"name\":\"Shop\",\"item\":\"https:\\\/\\\/baya-shop.com\\\/home\\\/shop\\\/\"},{\"@type\":\"ListItem\",\"position\":3,\"name\":\"REMINGTON S\u00e8che-Cheveux shine therapy D5216\"}]},{\"@type\":\"WebSite\",\"@id\":\"https:\\\/\\\/baya-shop.com\\\/home\\\/#website\",\"url\":\"https:\\\/\\\/baya-shop.com\\\/home\\\/\",\"name\":\"Baya Shop\",\"description\":\"\",\"publisher\":{\"@id\":\"https:\\\/\\\/baya-shop.com\\\/home\\\/#organization\"},\"potentialAction\":[{\"@type\":\"SearchAction\",\"target\":{\"@type\":\"EntryPoint\",\"urlTemplate\":\"https:\\\/\\\/baya-shop.com\\\/home\\\/?s={search_term_string}\"},\"query-input\":{\"@type\":\"PropertyValueSpecification\",\"valueRequired\":true,\"valueName\":\"search_term_string\"}}],\"inLanguage\":\"fr-FR\"},{\"@type\":\"Organization\",\"@id\":\"https:\\\/\\\/baya-shop.com\\\/home\\\/#organization\",\"name\":\"Baya Shop\",\"url\":\"https:\\\/\\\/baya-shop.com\\\/home\\\/\",\"logo\":{\"@type\":\"ImageObject\",\"inLanguage\":\"fr-FR\",\"@id\":\"https:\\\/\\\/baya-shop.com\\\/home\\\/#\\\/schema\\\/logo\\\/image\\\/\",\"url\":\"https:\\\/\\\/baya-shop.com\\\/wp-content\\\/uploads\\\/2020\\\/11\\\/g.png\",\"contentUrl\":\"https:\\\/\\\/baya-shop.com\\\/wp-content\\\/uploads\\\/2020\\\/11\\\/g.png\",\"width\":64,\"height\":64,\"caption\":\"Baya Shop\"},\"image\":{\"@id\":\"https:\\\/\\\/baya-shop.com\\\/home\\\/#\\\/schema\\\/logo\\\/image\\\/\"},\"sameAs\":[\"https:\\\/\\\/www.facebook.com\\\/Baya-Shop-103955257949742\",\"https:\\\/\\\/www.instagram.com\\\/baya_shop_dz\\\/\"]}]}<\/script>\n<!-- \/ Yoast SEO plugin. -->","yoast_head_json":{"title":"REMINGTON S\u00e8che-Cheveux shine therapy D5216 - Baya Shop","description":"Vitesse de flux d'air : 85 km\/h - Technologie Ionique : 90% d'ions en plus - Lisse et donne une brillance intense  3 niveaux de temp\u00e9rature \/ 2 vitesses - Air frais pour fixer la coiffure  Silencieux  Concentrateur sp\u00e9cial brushing et diffuseur sp\u00e9cial volume  Grille arri\u00e8re amovible - Anneau de suspension - Cordon 1,8 m","robots":{"index":"index","follow":"follow","max-snippet":"max-snippet:-1","max-image-preview":"max-image-preview:large","max-video-preview":"max-video-preview:-1"},"canonical":"https:\/\/baya-shop.com\/home\/product\/remington-seche-cheveux-d5216\/","og_locale":"fr_FR","og_type":"article","og_title":"REMINGTON S\u00e8che-Cheveux shine therapy D5216 - Baya Shop","og_description":"Vitesse de flux d'air : 85 km\/h - Technologie Ionique : 90% d'ions en plus - Lisse et donne une brillance intense  3 niveaux de temp\u00e9rature \/ 2 vitesses - Air frais pour fixer la coiffure  Silencieux  Concentrateur sp\u00e9cial brushing et diffuseur sp\u00e9cial volume  Grille arri\u00e8re amovible - Anneau de suspension - Cordon 1,8 m","og_url":"https:\/\/baya-shop.com\/home\/product\/remington-seche-cheveux-d5216\/","og_site_name":"Baya Shop","article_publisher":"https:\/\/www.facebook.com\/Baya-Shop-103955257949742","article_modified_time":"2025-04-19T16:19:03+00:00","og_image":[{"width":1000,"height":1000,"url":"https:\/\/baya-shop.com\/wp-content\/uploads\/2021\/07\/D5216Final.webp","type":"image\/webp"}],"twitter_card":"summary_large_image","twitter_misc":{"Dur\u00e9e de lecture estim\u00e9e":"1 minute"},"schema":{"@context":"https:\/\/schema.org","@graph":[{"@type":"WebPage","@id":"https:\/\/baya-shop.com\/home\/product\/remington-seche-cheveux-d5216\/","url":"https:\/\/baya-shop.com\/home\/product\/remington-seche-cheveux-d5216\/","name":"REMINGTON S\u00e8che-Cheveux shine therapy D5216 - Baya Shop","isPartOf":{"@id":"https:\/\/baya-shop.com\/home\/#website"},"primaryImageOfPage":{"@id":"https:\/\/baya-shop.com\/home\/product\/remington-seche-cheveux-d5216\/#primaryimage"},"image":{"@id":"https:\/\/baya-shop.com\/home\/product\/remington-seche-cheveux-d5216\/#primaryimage"},"thumbnailUrl":"https:\/\/i0.wp.com\/baya-shop.com\/wp-content\/uploads\/2021\/07\/D5216Final.webp?fit=1000%2C1000&ssl=1","datePublished":"2021-07-09T17:06:23+00:00","dateModified":"2025-04-19T16:19:03+00:00","description":"Vitesse de flux d'air : 85 km\/h - Technologie Ionique : 90% d'ions en plus - Lisse et donne une brillance intense 3 niveaux de temp\u00e9rature \/ 2 vitesses - Air frais pour fixer la coiffure Silencieux Concentrateur sp\u00e9cial brushing et diffuseur sp\u00e9cial volume Grille arri\u00e8re amovible - Anneau de suspension - Cordon 1,8 m","breadcrumb":{"@id":"https:\/\/baya-shop.com\/home\/product\/remington-seche-cheveux-d5216\/#breadcrumb"},"inLanguage":"fr-FR","potentialAction":[{"@type":"ReadAction","target":["https:\/\/baya-shop.com\/home\/product\/remington-seche-cheveux-d5216\/"]}]},{"@type":"ImageObject","inLanguage":"fr-FR","@id":"https:\/\/baya-shop.com\/home\/product\/remington-seche-cheveux-d5216\/#primaryimage","url":"https:\/\/i0.wp.com\/baya-shop.com\/wp-content\/uploads\/2021\/07\/D5216Final.webp?fit=1000%2C1000&ssl=1","contentUrl":"https:\/\/i0.wp.com\/baya-shop.com\/wp-content\/uploads\/2021\/07\/D5216Final.webp?fit=1000%2C1000&ssl=1","width":1000,"height":1000},{"@type":"BreadcrumbList","@id":"https:\/\/baya-shop.com\/home\/product\/remington-seche-cheveux-d5216\/#breadcrumb","itemListElement":[{"@type":"ListItem","position":1,"name":"Accueil","item":"https:\/\/baya-shop.com\/home\/"},{"@type":"ListItem","position":2,"name":"Shop","item":"https:\/\/baya-shop.com\/home\/shop\/"},{"@type":"ListItem","position":3,"name":"REMINGTON S\u00e8che-Cheveux shine therapy D5216"}]},{"@type":"WebSite","@id":"https:\/\/baya-shop.com\/home\/#website","url":"https:\/\/baya-shop.com\/home\/","name":"Baya Shop","description":"","publisher":{"@id":"https:\/\/baya-shop.com\/home\/#organization"},"potentialAction":[{"@type":"SearchAction","target":{"@type":"EntryPoint","urlTemplate":"https:\/\/baya-shop.com\/home\/?s={search_term_string}"},"query-input":{"@type":"PropertyValueSpecification","valueRequired":true,"valueName":"search_term_string"}}],"inLanguage":"fr-FR"},{"@type":"Organization","@id":"https:\/\/baya-shop.com\/home\/#organization","name":"Baya Shop","url":"https:\/\/baya-shop.com\/home\/","logo":{"@type":"ImageObject","inLanguage":"fr-FR","@id":"https:\/\/baya-shop.com\/home\/#\/schema\/logo\/image\/","url":"https:\/\/baya-shop.com\/wp-content\/uploads\/2020\/11\/g.png","contentUrl":"https:\/\/baya-shop.com\/wp-content\/uploads\/2020\/11\/g.png","width":64,"height":64,"caption":"Baya Shop"},"image":{"@id":"https:\/\/baya-shop.com\/home\/#\/schema\/logo\/image\/"},"sameAs":["https:\/\/www.facebook.com\/Baya-Shop-103955257949742","https:\/\/www.instagram.com\/baya_shop_dz\/"]}]}},"jetpack_publicize_connections":[],"jetpack_sharing_enabled":true,"jetpack_likes_enabled":true,"jetpack-related-posts":[],"_links":{"self":[{"href":"https:\/\/baya-shop.com\/home\/wp-json\/wp\/v2\/product\/836","targetHints":{"allow":["GET"]}}],"collection":[{"href":"https:\/\/baya-shop.com\/home\/wp-json\/wp\/v2\/product"}],"about":[{"href":"https:\/\/baya-shop.com\/home\/wp-json\/wp\/v2\/types\/product"}],"replies":[{"embeddable":true,"href":"https:\/\/baya-shop.com\/home\/wp-json\/wp\/v2\/comments?post=836"}],"wp:featuredmedia":[{"embeddable":true,"href":"https:\/\/baya-shop.com\/home\/wp-json\/wp\/v2\/media\/3266"}],"wp:attachment":[{"href":"https:\/\/baya-shop.com\/home\/wp-json\/wp\/v2\/media?parent=836"}],"wp:term":[{"taxonomy":"product_brand","embeddable":true,"href":"https:\/\/baya-shop.com\/home\/wp-json\/wp\/v2\/product_brand?post=836"},{"taxonomy":"product_cat","embeddable":true,"href":"https:\/\/baya-shop.com\/home\/wp-json\/wp\/v2\/product_cat?post=836"},{"taxonomy":"product_tag","embeddable":true,"href":"https:\/\/baya-shop.com\/home\/wp-json\/wp\/v2\/product_tag?post=836"}],"curies":[{"name":"wp","href":"https:\/\/api.w.org\/{rel}","templated":true}]}}