{"id":64,"date":"2020-11-20T18:53:34","date_gmt":"2020-11-20T17:53:34","guid":{"rendered":"https:\/\/baya-shop.com\/?post_type=product&#038;p=64"},"modified":"2026-04-17T22:50:45","modified_gmt":"2026-04-17T21:50:45","slug":"remington-lisseur-s6606","status":"publish","type":"product","link":"https:\/\/baya-shop.com\/home\/product\/remington-lisseur-s6606\/","title":{"rendered":"REMINGTON Lisseur curl &#038; straight confidence S6606"},"content":{"rendered":"","protected":false},"excerpt":{"rendered":"<p>Design twist\u00e9 unique et intuitif pour cr\u00e9er facilement des boucles volumineuses, de l\u00e9g\u00e8res ondulations ou des coiffures ultra lisses<br \/>\nPlaques rev\u00eatement Advanced Ceramic Tourmaline Antistatique pour des cheveux brillants et sans frisottis<br \/>\nPlaques plus longues pour un lissage rapide en un seul passage<br \/>\nEmbout isol\u00e9 facile \u00e0 tenir pour un contr\u00f4le ultime pendant l\u2019utilisation<br \/>\nEcran digital et Molette de r\u00e9glage : 5 niveaux de temp\u00e9rature de 150-230\u00baC<br \/>\nFonction m\u00e9moire et turbo<br \/>\nPr\u00eat en 30 secondes<br \/>\nArr\u00eat automatique apr\u00e8s 60 minutes<br \/>\nVerrouillage des plaques<br \/>\nVoltage universel<br \/>\nCordon rotatif<br \/>\nEtui de protection thermor\u00e9sistant<\/p>\n","protected":false},"featured_media":66,"comment_status":"open","ping_status":"closed","template":"","meta":{"jetpack_post_was_ever_published":false,"jetpack_publicize_message":"","jetpack_publicize_feature_enabled":true,"jetpack_social_post_already_shared":false,"jetpack_social_options":{"image_generator_settings":{"template":"highway","default_image_id":0,"font":"","enabled":false},"version":2}},"product_brand":[],"product_cat":[18,46,72,47],"product_tag":[],"class_list":{"0":"post-64","1":"product","2":"type-product","3":"status-publish","4":"has-post-thumbnail","6":"product_cat-lisseur","7":"product_cat-promotion","8":"product_cat-promotion-dete-2024","9":"product_cat-remington","11":"first","12":"outofstock","13":"shipping-taxable","14":"purchasable","15":"product-type-simple"},"yoast_head":"<!-- This site is optimized with the Yoast SEO plugin v27.4 - https:\/\/yoast.com\/product\/yoast-seo-wordpress\/ -->\n<title>REMINGTON Lisseur curl &amp; straight confidence S6606 - Baya Shop<\/title>\n<meta name=\"description\" content=\"Design twist\u00e9 unique et intuitif pour cr\u00e9er facilement des boucles volumineuses, de l\u00e9g\u00e8res ondulations ou des coiffures ultra lisses Plaques rev\u00eatement Advanced Ceramic Tourmaline Antistatique pour des cheveux brillants et sans frisottis Plaques plus longues pour un lissage rapide en un seul passage Embout isol\u00e9 facile \u00e0 tenir pour un contr\u00f4le ultime pendant l\u2019utilisation Ecran digital et Molette de r\u00e9glage : 5 niveaux de temp\u00e9rature de 150-230\u00baC Fonction m\u00e9moire et turbo Pr\u00eat en 30 secondes Arr\u00eat automatique apr\u00e8s 60 minutes Verrouillage des plaques Voltage universel Cordon rotatif Etui de protection thermor\u00e9sistant\" \/>\n<meta name=\"robots\" content=\"index, follow, max-snippet:-1, max-image-preview:large, max-video-preview:-1\" \/>\n<link rel=\"canonical\" href=\"https:\/\/baya-shop.com\/home\/product\/remington-lisseur-s6606\/\" \/>\n<meta property=\"og:locale\" content=\"fr_FR\" \/>\n<meta property=\"og:type\" content=\"article\" \/>\n<meta property=\"og:title\" content=\"REMINGTON Lisseur curl &amp; straight confidence S6606 - Baya Shop\" \/>\n<meta property=\"og:description\" content=\"Design twist\u00e9 unique et intuitif pour cr\u00e9er facilement des boucles volumineuses, de l\u00e9g\u00e8res ondulations ou des coiffures ultra lisses Plaques rev\u00eatement Advanced Ceramic Tourmaline Antistatique pour des cheveux brillants et sans frisottis Plaques plus longues pour un lissage rapide en un seul passage Embout isol\u00e9 facile \u00e0 tenir pour un contr\u00f4le ultime pendant l\u2019utilisation Ecran digital et Molette de r\u00e9glage : 5 niveaux de temp\u00e9rature de 150-230\u00baC Fonction m\u00e9moire et turbo Pr\u00eat en 30 secondes Arr\u00eat automatique apr\u00e8s 60 minutes Verrouillage des plaques Voltage universel Cordon rotatif Etui de protection thermor\u00e9sistant\" \/>\n<meta property=\"og:url\" content=\"https:\/\/baya-shop.com\/home\/product\/remington-lisseur-s6606\/\" \/>\n<meta property=\"og:site_name\" content=\"Baya Shop\" \/>\n<meta property=\"article:publisher\" content=\"https:\/\/www.facebook.com\/Baya-Shop-103955257949742\" \/>\n<meta property=\"article:modified_time\" content=\"2026-04-17T21:50:45+00:00\" \/>\n<meta property=\"og:image\" content=\"https:\/\/baya-shop.com\/wp-content\/uploads\/2020\/11\/25.png\" \/>\n\t<meta property=\"og:image:width\" content=\"1000\" \/>\n\t<meta property=\"og:image:height\" content=\"1000\" \/>\n\t<meta property=\"og:image:type\" content=\"image\/png\" \/>\n<meta name=\"twitter:card\" content=\"summary_large_image\" \/>\n<meta name=\"twitter:label1\" content=\"Dur\u00e9e de lecture estim\u00e9e\" \/>\n\t<meta name=\"twitter:data1\" content=\"1 minute\" \/>\n<script type=\"application\/ld+json\" class=\"yoast-schema-graph\">{\"@context\":\"https:\\\/\\\/schema.org\",\"@graph\":[{\"@type\":\"WebPage\",\"@id\":\"https:\\\/\\\/baya-shop.com\\\/home\\\/product\\\/remington-lisseur-s6606\\\/\",\"url\":\"https:\\\/\\\/baya-shop.com\\\/home\\\/product\\\/remington-lisseur-s6606\\\/\",\"name\":\"REMINGTON Lisseur curl & straight confidence S6606 - Baya Shop\",\"isPartOf\":{\"@id\":\"https:\\\/\\\/baya-shop.com\\\/home\\\/#website\"},\"primaryImageOfPage\":{\"@id\":\"https:\\\/\\\/baya-shop.com\\\/home\\\/product\\\/remington-lisseur-s6606\\\/#primaryimage\"},\"image\":{\"@id\":\"https:\\\/\\\/baya-shop.com\\\/home\\\/product\\\/remington-lisseur-s6606\\\/#primaryimage\"},\"thumbnailUrl\":\"https:\\\/\\\/i0.wp.com\\\/baya-shop.com\\\/wp-content\\\/uploads\\\/2020\\\/11\\\/25.png?fit=1000%2C1000&ssl=1\",\"datePublished\":\"2020-11-20T17:53:34+00:00\",\"dateModified\":\"2026-04-17T21:50:45+00:00\",\"description\":\"Design twist\u00e9 unique et intuitif pour cr\u00e9er facilement des boucles volumineuses, de l\u00e9g\u00e8res ondulations ou des coiffures ultra lisses Plaques rev\u00eatement Advanced Ceramic Tourmaline Antistatique pour des cheveux brillants et sans frisottis Plaques plus longues pour un lissage rapide en un seul passage Embout isol\u00e9 facile \u00e0 tenir pour un contr\u00f4le ultime pendant l\u2019utilisation Ecran digital et Molette de r\u00e9glage : 5 niveaux de temp\u00e9rature de 150-230\u00baC Fonction m\u00e9moire et turbo Pr\u00eat en 30 secondes Arr\u00eat automatique apr\u00e8s 60 minutes Verrouillage des plaques Voltage universel Cordon rotatif Etui de protection thermor\u00e9sistant\",\"breadcrumb\":{\"@id\":\"https:\\\/\\\/baya-shop.com\\\/home\\\/product\\\/remington-lisseur-s6606\\\/#breadcrumb\"},\"inLanguage\":\"fr-FR\",\"potentialAction\":[{\"@type\":\"ReadAction\",\"target\":[\"https:\\\/\\\/baya-shop.com\\\/home\\\/product\\\/remington-lisseur-s6606\\\/\"]}]},{\"@type\":\"ImageObject\",\"inLanguage\":\"fr-FR\",\"@id\":\"https:\\\/\\\/baya-shop.com\\\/home\\\/product\\\/remington-lisseur-s6606\\\/#primaryimage\",\"url\":\"https:\\\/\\\/i0.wp.com\\\/baya-shop.com\\\/wp-content\\\/uploads\\\/2020\\\/11\\\/25.png?fit=1000%2C1000&ssl=1\",\"contentUrl\":\"https:\\\/\\\/i0.wp.com\\\/baya-shop.com\\\/wp-content\\\/uploads\\\/2020\\\/11\\\/25.png?fit=1000%2C1000&ssl=1\",\"width\":1000,\"height\":1000},{\"@type\":\"BreadcrumbList\",\"@id\":\"https:\\\/\\\/baya-shop.com\\\/home\\\/product\\\/remington-lisseur-s6606\\\/#breadcrumb\",\"itemListElement\":[{\"@type\":\"ListItem\",\"position\":1,\"name\":\"Accueil\",\"item\":\"https:\\\/\\\/baya-shop.com\\\/home\\\/\"},{\"@type\":\"ListItem\",\"position\":2,\"name\":\"Shop\",\"item\":\"https:\\\/\\\/baya-shop.com\\\/home\\\/shop\\\/\"},{\"@type\":\"ListItem\",\"position\":3,\"name\":\"REMINGTON Lisseur curl &#038; straight confidence S6606\"}]},{\"@type\":\"WebSite\",\"@id\":\"https:\\\/\\\/baya-shop.com\\\/home\\\/#website\",\"url\":\"https:\\\/\\\/baya-shop.com\\\/home\\\/\",\"name\":\"Baya Shop\",\"description\":\"\",\"publisher\":{\"@id\":\"https:\\\/\\\/baya-shop.com\\\/home\\\/#organization\"},\"potentialAction\":[{\"@type\":\"SearchAction\",\"target\":{\"@type\":\"EntryPoint\",\"urlTemplate\":\"https:\\\/\\\/baya-shop.com\\\/home\\\/?s={search_term_string}\"},\"query-input\":{\"@type\":\"PropertyValueSpecification\",\"valueRequired\":true,\"valueName\":\"search_term_string\"}}],\"inLanguage\":\"fr-FR\"},{\"@type\":\"Organization\",\"@id\":\"https:\\\/\\\/baya-shop.com\\\/home\\\/#organization\",\"name\":\"Baya Shop\",\"url\":\"https:\\\/\\\/baya-shop.com\\\/home\\\/\",\"logo\":{\"@type\":\"ImageObject\",\"inLanguage\":\"fr-FR\",\"@id\":\"https:\\\/\\\/baya-shop.com\\\/home\\\/#\\\/schema\\\/logo\\\/image\\\/\",\"url\":\"https:\\\/\\\/baya-shop.com\\\/wp-content\\\/uploads\\\/2020\\\/11\\\/g.png\",\"contentUrl\":\"https:\\\/\\\/baya-shop.com\\\/wp-content\\\/uploads\\\/2020\\\/11\\\/g.png\",\"width\":64,\"height\":64,\"caption\":\"Baya Shop\"},\"image\":{\"@id\":\"https:\\\/\\\/baya-shop.com\\\/home\\\/#\\\/schema\\\/logo\\\/image\\\/\"},\"sameAs\":[\"https:\\\/\\\/www.facebook.com\\\/Baya-Shop-103955257949742\",\"https:\\\/\\\/www.instagram.com\\\/baya_shop_dz\\\/\"]}]}<\/script>\n<!-- \/ Yoast SEO plugin. -->","yoast_head_json":{"title":"REMINGTON Lisseur curl & straight confidence S6606 - Baya Shop","description":"Design twist\u00e9 unique et intuitif pour cr\u00e9er facilement des boucles volumineuses, de l\u00e9g\u00e8res ondulations ou des coiffures ultra lisses Plaques rev\u00eatement Advanced Ceramic Tourmaline Antistatique pour des cheveux brillants et sans frisottis Plaques plus longues pour un lissage rapide en un seul passage Embout isol\u00e9 facile \u00e0 tenir pour un contr\u00f4le ultime pendant l\u2019utilisation Ecran digital et Molette de r\u00e9glage : 5 niveaux de temp\u00e9rature de 150-230\u00baC Fonction m\u00e9moire et turbo Pr\u00eat en 30 secondes Arr\u00eat automatique apr\u00e8s 60 minutes Verrouillage des plaques Voltage universel Cordon rotatif Etui de protection thermor\u00e9sistant","robots":{"index":"index","follow":"follow","max-snippet":"max-snippet:-1","max-image-preview":"max-image-preview:large","max-video-preview":"max-video-preview:-1"},"canonical":"https:\/\/baya-shop.com\/home\/product\/remington-lisseur-s6606\/","og_locale":"fr_FR","og_type":"article","og_title":"REMINGTON Lisseur curl & straight confidence S6606 - Baya Shop","og_description":"Design twist\u00e9 unique et intuitif pour cr\u00e9er facilement des boucles volumineuses, de l\u00e9g\u00e8res ondulations ou des coiffures ultra lisses Plaques rev\u00eatement Advanced Ceramic Tourmaline Antistatique pour des cheveux brillants et sans frisottis Plaques plus longues pour un lissage rapide en un seul passage Embout isol\u00e9 facile \u00e0 tenir pour un contr\u00f4le ultime pendant l\u2019utilisation Ecran digital et Molette de r\u00e9glage : 5 niveaux de temp\u00e9rature de 150-230\u00baC Fonction m\u00e9moire et turbo Pr\u00eat en 30 secondes Arr\u00eat automatique apr\u00e8s 60 minutes Verrouillage des plaques Voltage universel Cordon rotatif Etui de protection thermor\u00e9sistant","og_url":"https:\/\/baya-shop.com\/home\/product\/remington-lisseur-s6606\/","og_site_name":"Baya Shop","article_publisher":"https:\/\/www.facebook.com\/Baya-Shop-103955257949742","article_modified_time":"2026-04-17T21:50:45+00:00","og_image":[{"width":1000,"height":1000,"url":"https:\/\/baya-shop.com\/wp-content\/uploads\/2020\/11\/25.png","type":"image\/png"}],"twitter_card":"summary_large_image","twitter_misc":{"Dur\u00e9e de lecture estim\u00e9e":"1 minute"},"schema":{"@context":"https:\/\/schema.org","@graph":[{"@type":"WebPage","@id":"https:\/\/baya-shop.com\/home\/product\/remington-lisseur-s6606\/","url":"https:\/\/baya-shop.com\/home\/product\/remington-lisseur-s6606\/","name":"REMINGTON Lisseur curl & straight confidence S6606 - Baya Shop","isPartOf":{"@id":"https:\/\/baya-shop.com\/home\/#website"},"primaryImageOfPage":{"@id":"https:\/\/baya-shop.com\/home\/product\/remington-lisseur-s6606\/#primaryimage"},"image":{"@id":"https:\/\/baya-shop.com\/home\/product\/remington-lisseur-s6606\/#primaryimage"},"thumbnailUrl":"https:\/\/i0.wp.com\/baya-shop.com\/wp-content\/uploads\/2020\/11\/25.png?fit=1000%2C1000&ssl=1","datePublished":"2020-11-20T17:53:34+00:00","dateModified":"2026-04-17T21:50:45+00:00","description":"Design twist\u00e9 unique et intuitif pour cr\u00e9er facilement des boucles volumineuses, de l\u00e9g\u00e8res ondulations ou des coiffures ultra lisses Plaques rev\u00eatement Advanced Ceramic Tourmaline Antistatique pour des cheveux brillants et sans frisottis Plaques plus longues pour un lissage rapide en un seul passage Embout isol\u00e9 facile \u00e0 tenir pour un contr\u00f4le ultime pendant l\u2019utilisation Ecran digital et Molette de r\u00e9glage : 5 niveaux de temp\u00e9rature de 150-230\u00baC Fonction m\u00e9moire et turbo Pr\u00eat en 30 secondes Arr\u00eat automatique apr\u00e8s 60 minutes Verrouillage des plaques Voltage universel Cordon rotatif Etui de protection thermor\u00e9sistant","breadcrumb":{"@id":"https:\/\/baya-shop.com\/home\/product\/remington-lisseur-s6606\/#breadcrumb"},"inLanguage":"fr-FR","potentialAction":[{"@type":"ReadAction","target":["https:\/\/baya-shop.com\/home\/product\/remington-lisseur-s6606\/"]}]},{"@type":"ImageObject","inLanguage":"fr-FR","@id":"https:\/\/baya-shop.com\/home\/product\/remington-lisseur-s6606\/#primaryimage","url":"https:\/\/i0.wp.com\/baya-shop.com\/wp-content\/uploads\/2020\/11\/25.png?fit=1000%2C1000&ssl=1","contentUrl":"https:\/\/i0.wp.com\/baya-shop.com\/wp-content\/uploads\/2020\/11\/25.png?fit=1000%2C1000&ssl=1","width":1000,"height":1000},{"@type":"BreadcrumbList","@id":"https:\/\/baya-shop.com\/home\/product\/remington-lisseur-s6606\/#breadcrumb","itemListElement":[{"@type":"ListItem","position":1,"name":"Accueil","item":"https:\/\/baya-shop.com\/home\/"},{"@type":"ListItem","position":2,"name":"Shop","item":"https:\/\/baya-shop.com\/home\/shop\/"},{"@type":"ListItem","position":3,"name":"REMINGTON Lisseur curl &#038; straight confidence S6606"}]},{"@type":"WebSite","@id":"https:\/\/baya-shop.com\/home\/#website","url":"https:\/\/baya-shop.com\/home\/","name":"Baya Shop","description":"","publisher":{"@id":"https:\/\/baya-shop.com\/home\/#organization"},"potentialAction":[{"@type":"SearchAction","target":{"@type":"EntryPoint","urlTemplate":"https:\/\/baya-shop.com\/home\/?s={search_term_string}"},"query-input":{"@type":"PropertyValueSpecification","valueRequired":true,"valueName":"search_term_string"}}],"inLanguage":"fr-FR"},{"@type":"Organization","@id":"https:\/\/baya-shop.com\/home\/#organization","name":"Baya Shop","url":"https:\/\/baya-shop.com\/home\/","logo":{"@type":"ImageObject","inLanguage":"fr-FR","@id":"https:\/\/baya-shop.com\/home\/#\/schema\/logo\/image\/","url":"https:\/\/baya-shop.com\/wp-content\/uploads\/2020\/11\/g.png","contentUrl":"https:\/\/baya-shop.com\/wp-content\/uploads\/2020\/11\/g.png","width":64,"height":64,"caption":"Baya Shop"},"image":{"@id":"https:\/\/baya-shop.com\/home\/#\/schema\/logo\/image\/"},"sameAs":["https:\/\/www.facebook.com\/Baya-Shop-103955257949742","https:\/\/www.instagram.com\/baya_shop_dz\/"]}]}},"jetpack_publicize_connections":[],"jetpack_sharing_enabled":true,"jetpack_likes_enabled":true,"jetpack-related-posts":[],"_links":{"self":[{"href":"https:\/\/baya-shop.com\/home\/wp-json\/wp\/v2\/product\/64","targetHints":{"allow":["GET"]}}],"collection":[{"href":"https:\/\/baya-shop.com\/home\/wp-json\/wp\/v2\/product"}],"about":[{"href":"https:\/\/baya-shop.com\/home\/wp-json\/wp\/v2\/types\/product"}],"replies":[{"embeddable":true,"href":"https:\/\/baya-shop.com\/home\/wp-json\/wp\/v2\/comments?post=64"}],"wp:featuredmedia":[{"embeddable":true,"href":"https:\/\/baya-shop.com\/home\/wp-json\/wp\/v2\/media\/66"}],"wp:attachment":[{"href":"https:\/\/baya-shop.com\/home\/wp-json\/wp\/v2\/media?parent=64"}],"wp:term":[{"taxonomy":"product_brand","embeddable":true,"href":"https:\/\/baya-shop.com\/home\/wp-json\/wp\/v2\/product_brand?post=64"},{"taxonomy":"product_cat","embeddable":true,"href":"https:\/\/baya-shop.com\/home\/wp-json\/wp\/v2\/product_cat?post=64"},{"taxonomy":"product_tag","embeddable":true,"href":"https:\/\/baya-shop.com\/home\/wp-json\/wp\/v2\/product_tag?post=64"}],"curies":[{"name":"wp","href":"https:\/\/api.w.org\/{rel}","templated":true}]}}