{"id":4428,"date":"2025-06-25T16:19:45","date_gmt":"2025-06-25T15:19:45","guid":{"rendered":"https:\/\/baya-shop.com\/home\/?post_type=product&#038;p=4428"},"modified":"2026-01-04T18:09:48","modified_gmt":"2026-01-04T17:09:48","slug":"remington-seche-cheveux-silk-ac9095","status":"publish","type":"product","link":"https:\/\/baya-shop.com\/home\/product\/remington-seche-cheveux-silk-ac9095\/","title":{"rendered":"Remington S\u00e8che-cheveux SILK AC9095"},"content":{"rendered":"","protected":false},"excerpt":{"rendered":"<ul>\n<li>S\u00e8che-cheveux puissant de 2400 W avec flux d\u2019air \u00e0 140 km\/h pour s\u00e9cher et coiffer rapidement<\/li>\n<li>Grille \u00e0 rev\u00eatement en c\u00e9ramique avec de la soie<\/li>\n<li>Conditionnement ionique<\/li>\n<li>Moteur \u00e0 courant alternatif (AC) de longue dur\u00e9e<\/li>\n<li>3 temp\u00e9ratures, 2 vitesses<\/li>\n<li>Fonction turbo<\/li>\n<li>Diffuseur<\/li>\n<li>Concentrateur pour s\u00e9chage rapide<\/li>\n<li>Concentrateur super \u00e9troit<\/li>\n<li>V\u00e9ritable rafale d\u2019air frais<\/li>\n<li>Anneau de suspension<\/li>\n<li>Grille arri\u00e8re amovible pour un nettoyage simplifi\u00e9<\/li>\n<li>Cordon professionnel de 3 m<\/li>\n<\/ul>\n","protected":false},"featured_media":4546,"comment_status":"open","ping_status":"closed","template":"","meta":{"jetpack_post_was_ever_published":false,"jetpack_publicize_message":"","jetpack_publicize_feature_enabled":true,"jetpack_social_post_already_shared":true,"jetpack_social_options":{"image_generator_settings":{"template":"highway","default_image_id":0,"font":"","enabled":false},"version":2}},"product_brand":[],"product_cat":[47,20],"product_tag":[],"class_list":{"0":"post-4428","1":"product","2":"type-product","3":"status-publish","4":"has-post-thumbnail","6":"product_cat-remington","7":"product_cat-seche-cheveux","9":"first","10":"instock","11":"sale","12":"shipping-taxable","13":"purchasable","14":"product-type-simple"},"yoast_head":"<!-- This site is optimized with the Yoast SEO plugin v27.3 - https:\/\/yoast.com\/product\/yoast-seo-wordpress\/ -->\n<title>Remington S\u00e8che-cheveux SILK AC9095 - Baya Shop<\/title>\n<meta name=\"description\" content=\"S\u00e8che-cheveux puissant de 2400 W avec flux d\u2019air \u00e0 140 km\/h pour s\u00e9cher et coiffer rapidement  Grille \u00e0 rev\u00eatement en c\u00e9ramique avec de la soie  Conditionnement ionique  Moteur \u00e0 courant alternatif (AC) de longue dur\u00e9e  3 temp\u00e9ratures, 2 vitesses  Fonction turbo  Diffuseur  Concentrateur pour s\u00e9chage rapide  Concentrateur super \u00e9troit  V\u00e9ritable rafale d\u2019air frais  Anneau de suspension  Grille arri\u00e8re amovible pour un nettoyage simplifi\u00e9  Cordon professionnel de 3 m\" \/>\n<meta name=\"robots\" content=\"index, follow, max-snippet:-1, max-image-preview:large, max-video-preview:-1\" \/>\n<link rel=\"canonical\" href=\"https:\/\/baya-shop.com\/home\/product\/remington-seche-cheveux-silk-ac9095\/\" \/>\n<meta property=\"og:locale\" content=\"fr_FR\" \/>\n<meta property=\"og:type\" content=\"article\" \/>\n<meta property=\"og:title\" content=\"Remington S\u00e8che-cheveux SILK AC9095 - Baya Shop\" \/>\n<meta property=\"og:description\" content=\"S\u00e8che-cheveux puissant de 2400 W avec flux d\u2019air \u00e0 140 km\/h pour s\u00e9cher et coiffer rapidement  Grille \u00e0 rev\u00eatement en c\u00e9ramique avec de la soie  Conditionnement ionique  Moteur \u00e0 courant alternatif (AC) de longue dur\u00e9e  3 temp\u00e9ratures, 2 vitesses  Fonction turbo  Diffuseur  Concentrateur pour s\u00e9chage rapide  Concentrateur super \u00e9troit  V\u00e9ritable rafale d\u2019air frais  Anneau de suspension  Grille arri\u00e8re amovible pour un nettoyage simplifi\u00e9  Cordon professionnel de 3 m\" \/>\n<meta property=\"og:url\" content=\"https:\/\/baya-shop.com\/home\/product\/remington-seche-cheveux-silk-ac9095\/\" \/>\n<meta property=\"og:site_name\" content=\"Baya Shop\" \/>\n<meta property=\"article:publisher\" content=\"https:\/\/www.facebook.com\/Baya-Shop-103955257949742\" \/>\n<meta property=\"article:modified_time\" content=\"2026-01-04T17:09:48+00:00\" \/>\n<meta property=\"og:image\" content=\"https:\/\/baya-shop.com\/wp-content\/uploads\/2025\/06\/ASSET_MMS_150225747.webp\" \/>\n\t<meta property=\"og:image:width\" content=\"536\" \/>\n\t<meta property=\"og:image:height\" content=\"402\" \/>\n\t<meta property=\"og:image:type\" content=\"image\/webp\" \/>\n<meta name=\"twitter:card\" content=\"summary_large_image\" \/>\n<meta name=\"twitter:label1\" content=\"Dur\u00e9e de lecture estim\u00e9e\" \/>\n\t<meta name=\"twitter:data1\" content=\"1 minute\" \/>\n<script type=\"application\/ld+json\" class=\"yoast-schema-graph\">{\"@context\":\"https:\\\/\\\/schema.org\",\"@graph\":[{\"@type\":\"WebPage\",\"@id\":\"https:\\\/\\\/baya-shop.com\\\/home\\\/product\\\/remington-seche-cheveux-silk-ac9095\\\/\",\"url\":\"https:\\\/\\\/baya-shop.com\\\/home\\\/product\\\/remington-seche-cheveux-silk-ac9095\\\/\",\"name\":\"Remington S\u00e8che-cheveux SILK AC9095 - Baya Shop\",\"isPartOf\":{\"@id\":\"https:\\\/\\\/baya-shop.com\\\/home\\\/#website\"},\"primaryImageOfPage\":{\"@id\":\"https:\\\/\\\/baya-shop.com\\\/home\\\/product\\\/remington-seche-cheveux-silk-ac9095\\\/#primaryimage\"},\"image\":{\"@id\":\"https:\\\/\\\/baya-shop.com\\\/home\\\/product\\\/remington-seche-cheveux-silk-ac9095\\\/#primaryimage\"},\"thumbnailUrl\":\"https:\\\/\\\/i0.wp.com\\\/baya-shop.com\\\/wp-content\\\/uploads\\\/2025\\\/06\\\/ASSET_MMS_150225747.webp?fit=536%2C402&ssl=1\",\"datePublished\":\"2025-06-25T15:19:45+00:00\",\"dateModified\":\"2026-01-04T17:09:48+00:00\",\"description\":\"S\u00e8che-cheveux puissant de 2400 W avec flux d\u2019air \u00e0 140 km\\\/h pour s\u00e9cher et coiffer rapidement Grille \u00e0 rev\u00eatement en c\u00e9ramique avec de la soie Conditionnement ionique Moteur \u00e0 courant alternatif (AC) de longue dur\u00e9e 3 temp\u00e9ratures, 2 vitesses Fonction turbo Diffuseur Concentrateur pour s\u00e9chage rapide Concentrateur super \u00e9troit V\u00e9ritable rafale d\u2019air frais Anneau de suspension Grille arri\u00e8re amovible pour un nettoyage simplifi\u00e9 Cordon professionnel de 3 m\",\"breadcrumb\":{\"@id\":\"https:\\\/\\\/baya-shop.com\\\/home\\\/product\\\/remington-seche-cheveux-silk-ac9095\\\/#breadcrumb\"},\"inLanguage\":\"fr-FR\",\"potentialAction\":[{\"@type\":\"ReadAction\",\"target\":[\"https:\\\/\\\/baya-shop.com\\\/home\\\/product\\\/remington-seche-cheveux-silk-ac9095\\\/\"]}]},{\"@type\":\"ImageObject\",\"inLanguage\":\"fr-FR\",\"@id\":\"https:\\\/\\\/baya-shop.com\\\/home\\\/product\\\/remington-seche-cheveux-silk-ac9095\\\/#primaryimage\",\"url\":\"https:\\\/\\\/i0.wp.com\\\/baya-shop.com\\\/wp-content\\\/uploads\\\/2025\\\/06\\\/ASSET_MMS_150225747.webp?fit=536%2C402&ssl=1\",\"contentUrl\":\"https:\\\/\\\/i0.wp.com\\\/baya-shop.com\\\/wp-content\\\/uploads\\\/2025\\\/06\\\/ASSET_MMS_150225747.webp?fit=536%2C402&ssl=1\",\"width\":536,\"height\":402},{\"@type\":\"BreadcrumbList\",\"@id\":\"https:\\\/\\\/baya-shop.com\\\/home\\\/product\\\/remington-seche-cheveux-silk-ac9095\\\/#breadcrumb\",\"itemListElement\":[{\"@type\":\"ListItem\",\"position\":1,\"name\":\"Accueil\",\"item\":\"https:\\\/\\\/baya-shop.com\\\/home\\\/\"},{\"@type\":\"ListItem\",\"position\":2,\"name\":\"Shop\",\"item\":\"https:\\\/\\\/baya-shop.com\\\/home\\\/shop\\\/\"},{\"@type\":\"ListItem\",\"position\":3,\"name\":\"Remington S\u00e8che-cheveux SILK AC9095\"}]},{\"@type\":\"WebSite\",\"@id\":\"https:\\\/\\\/baya-shop.com\\\/home\\\/#website\",\"url\":\"https:\\\/\\\/baya-shop.com\\\/home\\\/\",\"name\":\"Baya Shop\",\"description\":\"\",\"publisher\":{\"@id\":\"https:\\\/\\\/baya-shop.com\\\/home\\\/#organization\"},\"potentialAction\":[{\"@type\":\"SearchAction\",\"target\":{\"@type\":\"EntryPoint\",\"urlTemplate\":\"https:\\\/\\\/baya-shop.com\\\/home\\\/?s={search_term_string}\"},\"query-input\":{\"@type\":\"PropertyValueSpecification\",\"valueRequired\":true,\"valueName\":\"search_term_string\"}}],\"inLanguage\":\"fr-FR\"},{\"@type\":\"Organization\",\"@id\":\"https:\\\/\\\/baya-shop.com\\\/home\\\/#organization\",\"name\":\"Baya Shop\",\"url\":\"https:\\\/\\\/baya-shop.com\\\/home\\\/\",\"logo\":{\"@type\":\"ImageObject\",\"inLanguage\":\"fr-FR\",\"@id\":\"https:\\\/\\\/baya-shop.com\\\/home\\\/#\\\/schema\\\/logo\\\/image\\\/\",\"url\":\"https:\\\/\\\/baya-shop.com\\\/wp-content\\\/uploads\\\/2020\\\/11\\\/g.png\",\"contentUrl\":\"https:\\\/\\\/baya-shop.com\\\/wp-content\\\/uploads\\\/2020\\\/11\\\/g.png\",\"width\":64,\"height\":64,\"caption\":\"Baya Shop\"},\"image\":{\"@id\":\"https:\\\/\\\/baya-shop.com\\\/home\\\/#\\\/schema\\\/logo\\\/image\\\/\"},\"sameAs\":[\"https:\\\/\\\/www.facebook.com\\\/Baya-Shop-103955257949742\",\"https:\\\/\\\/www.instagram.com\\\/baya_shop_dz\\\/\"]}]}<\/script>\n<!-- \/ Yoast SEO plugin. -->","yoast_head_json":{"title":"Remington S\u00e8che-cheveux SILK AC9095 - Baya Shop","description":"S\u00e8che-cheveux puissant de 2400 W avec flux d\u2019air \u00e0 140 km\/h pour s\u00e9cher et coiffer rapidement  Grille \u00e0 rev\u00eatement en c\u00e9ramique avec de la soie  Conditionnement ionique  Moteur \u00e0 courant alternatif (AC) de longue dur\u00e9e  3 temp\u00e9ratures, 2 vitesses  Fonction turbo  Diffuseur  Concentrateur pour s\u00e9chage rapide  Concentrateur super \u00e9troit  V\u00e9ritable rafale d\u2019air frais  Anneau de suspension  Grille arri\u00e8re amovible pour un nettoyage simplifi\u00e9  Cordon professionnel de 3 m","robots":{"index":"index","follow":"follow","max-snippet":"max-snippet:-1","max-image-preview":"max-image-preview:large","max-video-preview":"max-video-preview:-1"},"canonical":"https:\/\/baya-shop.com\/home\/product\/remington-seche-cheveux-silk-ac9095\/","og_locale":"fr_FR","og_type":"article","og_title":"Remington S\u00e8che-cheveux SILK AC9095 - Baya Shop","og_description":"S\u00e8che-cheveux puissant de 2400 W avec flux d\u2019air \u00e0 140 km\/h pour s\u00e9cher et coiffer rapidement  Grille \u00e0 rev\u00eatement en c\u00e9ramique avec de la soie  Conditionnement ionique  Moteur \u00e0 courant alternatif (AC) de longue dur\u00e9e  3 temp\u00e9ratures, 2 vitesses  Fonction turbo  Diffuseur  Concentrateur pour s\u00e9chage rapide  Concentrateur super \u00e9troit  V\u00e9ritable rafale d\u2019air frais  Anneau de suspension  Grille arri\u00e8re amovible pour un nettoyage simplifi\u00e9  Cordon professionnel de 3 m","og_url":"https:\/\/baya-shop.com\/home\/product\/remington-seche-cheveux-silk-ac9095\/","og_site_name":"Baya Shop","article_publisher":"https:\/\/www.facebook.com\/Baya-Shop-103955257949742","article_modified_time":"2026-01-04T17:09:48+00:00","og_image":[{"width":536,"height":402,"url":"https:\/\/baya-shop.com\/wp-content\/uploads\/2025\/06\/ASSET_MMS_150225747.webp","type":"image\/webp"}],"twitter_card":"summary_large_image","twitter_misc":{"Dur\u00e9e de lecture estim\u00e9e":"1 minute"},"schema":{"@context":"https:\/\/schema.org","@graph":[{"@type":"WebPage","@id":"https:\/\/baya-shop.com\/home\/product\/remington-seche-cheveux-silk-ac9095\/","url":"https:\/\/baya-shop.com\/home\/product\/remington-seche-cheveux-silk-ac9095\/","name":"Remington S\u00e8che-cheveux SILK AC9095 - Baya Shop","isPartOf":{"@id":"https:\/\/baya-shop.com\/home\/#website"},"primaryImageOfPage":{"@id":"https:\/\/baya-shop.com\/home\/product\/remington-seche-cheveux-silk-ac9095\/#primaryimage"},"image":{"@id":"https:\/\/baya-shop.com\/home\/product\/remington-seche-cheveux-silk-ac9095\/#primaryimage"},"thumbnailUrl":"https:\/\/i0.wp.com\/baya-shop.com\/wp-content\/uploads\/2025\/06\/ASSET_MMS_150225747.webp?fit=536%2C402&ssl=1","datePublished":"2025-06-25T15:19:45+00:00","dateModified":"2026-01-04T17:09:48+00:00","description":"S\u00e8che-cheveux puissant de 2400 W avec flux d\u2019air \u00e0 140 km\/h pour s\u00e9cher et coiffer rapidement Grille \u00e0 rev\u00eatement en c\u00e9ramique avec de la soie Conditionnement ionique Moteur \u00e0 courant alternatif (AC) de longue dur\u00e9e 3 temp\u00e9ratures, 2 vitesses Fonction turbo Diffuseur Concentrateur pour s\u00e9chage rapide Concentrateur super \u00e9troit V\u00e9ritable rafale d\u2019air frais Anneau de suspension Grille arri\u00e8re amovible pour un nettoyage simplifi\u00e9 Cordon professionnel de 3 m","breadcrumb":{"@id":"https:\/\/baya-shop.com\/home\/product\/remington-seche-cheveux-silk-ac9095\/#breadcrumb"},"inLanguage":"fr-FR","potentialAction":[{"@type":"ReadAction","target":["https:\/\/baya-shop.com\/home\/product\/remington-seche-cheveux-silk-ac9095\/"]}]},{"@type":"ImageObject","inLanguage":"fr-FR","@id":"https:\/\/baya-shop.com\/home\/product\/remington-seche-cheveux-silk-ac9095\/#primaryimage","url":"https:\/\/i0.wp.com\/baya-shop.com\/wp-content\/uploads\/2025\/06\/ASSET_MMS_150225747.webp?fit=536%2C402&ssl=1","contentUrl":"https:\/\/i0.wp.com\/baya-shop.com\/wp-content\/uploads\/2025\/06\/ASSET_MMS_150225747.webp?fit=536%2C402&ssl=1","width":536,"height":402},{"@type":"BreadcrumbList","@id":"https:\/\/baya-shop.com\/home\/product\/remington-seche-cheveux-silk-ac9095\/#breadcrumb","itemListElement":[{"@type":"ListItem","position":1,"name":"Accueil","item":"https:\/\/baya-shop.com\/home\/"},{"@type":"ListItem","position":2,"name":"Shop","item":"https:\/\/baya-shop.com\/home\/shop\/"},{"@type":"ListItem","position":3,"name":"Remington S\u00e8che-cheveux SILK AC9095"}]},{"@type":"WebSite","@id":"https:\/\/baya-shop.com\/home\/#website","url":"https:\/\/baya-shop.com\/home\/","name":"Baya Shop","description":"","publisher":{"@id":"https:\/\/baya-shop.com\/home\/#organization"},"potentialAction":[{"@type":"SearchAction","target":{"@type":"EntryPoint","urlTemplate":"https:\/\/baya-shop.com\/home\/?s={search_term_string}"},"query-input":{"@type":"PropertyValueSpecification","valueRequired":true,"valueName":"search_term_string"}}],"inLanguage":"fr-FR"},{"@type":"Organization","@id":"https:\/\/baya-shop.com\/home\/#organization","name":"Baya Shop","url":"https:\/\/baya-shop.com\/home\/","logo":{"@type":"ImageObject","inLanguage":"fr-FR","@id":"https:\/\/baya-shop.com\/home\/#\/schema\/logo\/image\/","url":"https:\/\/baya-shop.com\/wp-content\/uploads\/2020\/11\/g.png","contentUrl":"https:\/\/baya-shop.com\/wp-content\/uploads\/2020\/11\/g.png","width":64,"height":64,"caption":"Baya Shop"},"image":{"@id":"https:\/\/baya-shop.com\/home\/#\/schema\/logo\/image\/"},"sameAs":["https:\/\/www.facebook.com\/Baya-Shop-103955257949742","https:\/\/www.instagram.com\/baya_shop_dz\/"]}]}},"jetpack_publicize_connections":[],"jetpack_sharing_enabled":true,"jetpack_likes_enabled":true,"jetpack-related-posts":[],"_links":{"self":[{"href":"https:\/\/baya-shop.com\/home\/wp-json\/wp\/v2\/product\/4428","targetHints":{"allow":["GET"]}}],"collection":[{"href":"https:\/\/baya-shop.com\/home\/wp-json\/wp\/v2\/product"}],"about":[{"href":"https:\/\/baya-shop.com\/home\/wp-json\/wp\/v2\/types\/product"}],"replies":[{"embeddable":true,"href":"https:\/\/baya-shop.com\/home\/wp-json\/wp\/v2\/comments?post=4428"}],"wp:featuredmedia":[{"embeddable":true,"href":"https:\/\/baya-shop.com\/home\/wp-json\/wp\/v2\/media\/4546"}],"wp:attachment":[{"href":"https:\/\/baya-shop.com\/home\/wp-json\/wp\/v2\/media?parent=4428"}],"wp:term":[{"taxonomy":"product_brand","embeddable":true,"href":"https:\/\/baya-shop.com\/home\/wp-json\/wp\/v2\/product_brand?post=4428"},{"taxonomy":"product_cat","embeddable":true,"href":"https:\/\/baya-shop.com\/home\/wp-json\/wp\/v2\/product_cat?post=4428"},{"taxonomy":"product_tag","embeddable":true,"href":"https:\/\/baya-shop.com\/home\/wp-json\/wp\/v2\/product_tag?post=4428"}],"curies":[{"name":"wp","href":"https:\/\/api.w.org\/{rel}","templated":true}]}}