{"id":4424,"date":"2025-06-25T16:07:35","date_gmt":"2025-06-25T15:07:35","guid":{"rendered":"https:\/\/baya-shop.com\/home\/?post_type=product&#038;p=4424"},"modified":"2025-11-09T06:07:18","modified_gmt":"2025-11-09T05:07:18","slug":"remington-boucleur-proluxe-you-ci98x8","status":"publish","type":"product","link":"https:\/\/baya-shop.com\/home\/product\/remington-boucleur-proluxe-you-ci98x8\/","title":{"rendered":"Remington Boucleur Proluxe You CI98X8"},"content":{"rendered":"","protected":false},"excerpt":{"rendered":"<ul>\n<li>Fer conique 19-32 mm avec rev\u00eatement anti-d\u00e9rapant<\/li>\n<li>Technologie Intelligente StyleAdapt<\/li>\n<li>Apprend, adapte et personnalise le niveau de chaleur<\/li>\n<li>Indicateur LED StyleAdapt<\/li>\n<li>2 profils utilisateurs<\/li>\n<li>Rev\u00eatement Advanced Diamond Ceramic<\/li>\n<li>Syst\u00e8me de chauffe sup\u00e9rieur<\/li>\n<li>Contr\u00f4le digital de la temp\u00e9rature avec \u00e9cran LCD<\/li>\n<li>Mode manuel : 9 r\u00e9glages de temp\u00e9rature de 130 \u00e0 210\u00b0C<\/li>\n<li>Mise \u00e0 temp\u00e9rature rapide en 30 sec<\/li>\n<li>Fonction m\u00e9moire<\/li>\n<li>Embout froid<\/li>\n<li>Arr\u00eat automatique apr\u00e8s 60 min<\/li>\n<li>Voltage universel<\/li>\n<li>Cordon rotatif longueur salon de 3 m<\/li>\n<li>Tapis de coiffure et gant thermor\u00e9sistant<\/li>\n<\/ul>\n","protected":false},"featured_media":4548,"comment_status":"open","ping_status":"closed","template":"","meta":{"jetpack_post_was_ever_published":false,"jetpack_publicize_message":"","jetpack_publicize_feature_enabled":true,"jetpack_social_post_already_shared":true,"jetpack_social_options":{"image_generator_settings":{"template":"highway","default_image_id":0,"font":"","enabled":false},"version":2}},"product_brand":[],"product_cat":[17,47],"product_tag":[],"class_list":{"0":"post-4424","1":"product","2":"type-product","3":"status-publish","4":"has-post-thumbnail","6":"product_cat-boucleur","7":"product_cat-remington","9":"first","10":"instock","11":"shipping-taxable","12":"purchasable","13":"product-type-simple"},"yoast_head":"<!-- This site is optimized with the Yoast SEO plugin v27.3 - https:\/\/yoast.com\/product\/yoast-seo-wordpress\/ -->\n<title>Remington Boucleur Proluxe You CI98X8 - Baya Shop<\/title>\n<meta name=\"description\" content=\"Fer conique 19-32 mm avec rev\u00eatement anti-d\u00e9rapant  Technologie Intelligente StyleAdapt  Apprend, adapte et personnalise le niveau de chaleur  Indicateur LED StyleAdapt  2 profils utilisateurs  Rev\u00eatement Advanced Diamond Ceramic  Syst\u00e8me de chauffe sup\u00e9rieur  Contr\u00f4le digital de la temp\u00e9rature avec \u00e9cran LCD  Mode manuel : 9 r\u00e9glages de temp\u00e9rature de 130 \u00e0 210\u00b0C  Mise \u00e0 temp\u00e9rature rapide en 30 sec  Fonction m\u00e9moire  Embout froid  Arr\u00eat automatique apr\u00e8s 60 min  Voltage universel  Cordon rotatif longueur salon de 3 m  Tapis de coiffure et gant thermor\u00e9sistant\" \/>\n<meta name=\"robots\" content=\"index, follow, max-snippet:-1, max-image-preview:large, max-video-preview:-1\" \/>\n<link rel=\"canonical\" href=\"https:\/\/baya-shop.com\/home\/product\/remington-boucleur-proluxe-you-ci98x8\/\" \/>\n<meta property=\"og:locale\" content=\"fr_FR\" \/>\n<meta property=\"og:type\" content=\"article\" \/>\n<meta property=\"og:title\" content=\"Remington Boucleur Proluxe You CI98X8 - Baya Shop\" \/>\n<meta property=\"og:description\" content=\"Fer conique 19-32 mm avec rev\u00eatement anti-d\u00e9rapant  Technologie Intelligente StyleAdapt  Apprend, adapte et personnalise le niveau de chaleur  Indicateur LED StyleAdapt  2 profils utilisateurs  Rev\u00eatement Advanced Diamond Ceramic  Syst\u00e8me de chauffe sup\u00e9rieur  Contr\u00f4le digital de la temp\u00e9rature avec \u00e9cran LCD  Mode manuel : 9 r\u00e9glages de temp\u00e9rature de 130 \u00e0 210\u00b0C  Mise \u00e0 temp\u00e9rature rapide en 30 sec  Fonction m\u00e9moire  Embout froid  Arr\u00eat automatique apr\u00e8s 60 min  Voltage universel  Cordon rotatif longueur salon de 3 m  Tapis de coiffure et gant thermor\u00e9sistant\" \/>\n<meta property=\"og:url\" content=\"https:\/\/baya-shop.com\/home\/product\/remington-boucleur-proluxe-you-ci98x8\/\" \/>\n<meta property=\"og:site_name\" content=\"Baya Shop\" \/>\n<meta property=\"article:publisher\" content=\"https:\/\/www.facebook.com\/Baya-Shop-103955257949742\" \/>\n<meta property=\"article:modified_time\" content=\"2025-11-09T05:07:18+00:00\" \/>\n<meta property=\"og:image\" content=\"https:\/\/baya-shop.com\/wp-content\/uploads\/2025\/06\/51sJ3eZrN4L._UF350350_QL80_.jpg\" \/>\n\t<meta property=\"og:image:width\" content=\"350\" \/>\n\t<meta property=\"og:image:height\" content=\"235\" \/>\n\t<meta property=\"og:image:type\" content=\"image\/jpeg\" \/>\n<meta name=\"twitter:card\" content=\"summary_large_image\" \/>\n<meta name=\"twitter:label1\" content=\"Dur\u00e9e de lecture estim\u00e9e\" \/>\n\t<meta name=\"twitter:data1\" content=\"1 minute\" \/>\n<script type=\"application\/ld+json\" class=\"yoast-schema-graph\">{\"@context\":\"https:\\\/\\\/schema.org\",\"@graph\":[{\"@type\":\"WebPage\",\"@id\":\"https:\\\/\\\/baya-shop.com\\\/home\\\/product\\\/remington-boucleur-proluxe-you-ci98x8\\\/\",\"url\":\"https:\\\/\\\/baya-shop.com\\\/home\\\/product\\\/remington-boucleur-proluxe-you-ci98x8\\\/\",\"name\":\"Remington Boucleur Proluxe You CI98X8 - Baya Shop\",\"isPartOf\":{\"@id\":\"https:\\\/\\\/baya-shop.com\\\/home\\\/#website\"},\"primaryImageOfPage\":{\"@id\":\"https:\\\/\\\/baya-shop.com\\\/home\\\/product\\\/remington-boucleur-proluxe-you-ci98x8\\\/#primaryimage\"},\"image\":{\"@id\":\"https:\\\/\\\/baya-shop.com\\\/home\\\/product\\\/remington-boucleur-proluxe-you-ci98x8\\\/#primaryimage\"},\"thumbnailUrl\":\"https:\\\/\\\/i0.wp.com\\\/baya-shop.com\\\/wp-content\\\/uploads\\\/2025\\\/06\\\/51sJ3eZrN4L._UF350350_QL80_.jpg?fit=350%2C235&ssl=1\",\"datePublished\":\"2025-06-25T15:07:35+00:00\",\"dateModified\":\"2025-11-09T05:07:18+00:00\",\"description\":\"Fer conique 19-32 mm avec rev\u00eatement anti-d\u00e9rapant Technologie Intelligente StyleAdapt Apprend, adapte et personnalise le niveau de chaleur Indicateur LED StyleAdapt 2 profils utilisateurs Rev\u00eatement Advanced Diamond Ceramic Syst\u00e8me de chauffe sup\u00e9rieur Contr\u00f4le digital de la temp\u00e9rature avec \u00e9cran LCD Mode manuel : 9 r\u00e9glages de temp\u00e9rature de 130 \u00e0 210\u00b0C Mise \u00e0 temp\u00e9rature rapide en 30 sec Fonction m\u00e9moire Embout froid Arr\u00eat automatique apr\u00e8s 60 min Voltage universel Cordon rotatif longueur salon de 3 m Tapis de coiffure et gant thermor\u00e9sistant\",\"breadcrumb\":{\"@id\":\"https:\\\/\\\/baya-shop.com\\\/home\\\/product\\\/remington-boucleur-proluxe-you-ci98x8\\\/#breadcrumb\"},\"inLanguage\":\"fr-FR\",\"potentialAction\":[{\"@type\":\"ReadAction\",\"target\":[\"https:\\\/\\\/baya-shop.com\\\/home\\\/product\\\/remington-boucleur-proluxe-you-ci98x8\\\/\"]}]},{\"@type\":\"ImageObject\",\"inLanguage\":\"fr-FR\",\"@id\":\"https:\\\/\\\/baya-shop.com\\\/home\\\/product\\\/remington-boucleur-proluxe-you-ci98x8\\\/#primaryimage\",\"url\":\"https:\\\/\\\/i0.wp.com\\\/baya-shop.com\\\/wp-content\\\/uploads\\\/2025\\\/06\\\/51sJ3eZrN4L._UF350350_QL80_.jpg?fit=350%2C235&ssl=1\",\"contentUrl\":\"https:\\\/\\\/i0.wp.com\\\/baya-shop.com\\\/wp-content\\\/uploads\\\/2025\\\/06\\\/51sJ3eZrN4L._UF350350_QL80_.jpg?fit=350%2C235&ssl=1\",\"width\":350,\"height\":235},{\"@type\":\"BreadcrumbList\",\"@id\":\"https:\\\/\\\/baya-shop.com\\\/home\\\/product\\\/remington-boucleur-proluxe-you-ci98x8\\\/#breadcrumb\",\"itemListElement\":[{\"@type\":\"ListItem\",\"position\":1,\"name\":\"Accueil\",\"item\":\"https:\\\/\\\/baya-shop.com\\\/home\\\/\"},{\"@type\":\"ListItem\",\"position\":2,\"name\":\"Shop\",\"item\":\"https:\\\/\\\/baya-shop.com\\\/home\\\/shop\\\/\"},{\"@type\":\"ListItem\",\"position\":3,\"name\":\"Remington Boucleur Proluxe You CI98X8\"}]},{\"@type\":\"WebSite\",\"@id\":\"https:\\\/\\\/baya-shop.com\\\/home\\\/#website\",\"url\":\"https:\\\/\\\/baya-shop.com\\\/home\\\/\",\"name\":\"Baya Shop\",\"description\":\"\",\"publisher\":{\"@id\":\"https:\\\/\\\/baya-shop.com\\\/home\\\/#organization\"},\"potentialAction\":[{\"@type\":\"SearchAction\",\"target\":{\"@type\":\"EntryPoint\",\"urlTemplate\":\"https:\\\/\\\/baya-shop.com\\\/home\\\/?s={search_term_string}\"},\"query-input\":{\"@type\":\"PropertyValueSpecification\",\"valueRequired\":true,\"valueName\":\"search_term_string\"}}],\"inLanguage\":\"fr-FR\"},{\"@type\":\"Organization\",\"@id\":\"https:\\\/\\\/baya-shop.com\\\/home\\\/#organization\",\"name\":\"Baya Shop\",\"url\":\"https:\\\/\\\/baya-shop.com\\\/home\\\/\",\"logo\":{\"@type\":\"ImageObject\",\"inLanguage\":\"fr-FR\",\"@id\":\"https:\\\/\\\/baya-shop.com\\\/home\\\/#\\\/schema\\\/logo\\\/image\\\/\",\"url\":\"https:\\\/\\\/baya-shop.com\\\/wp-content\\\/uploads\\\/2020\\\/11\\\/g.png\",\"contentUrl\":\"https:\\\/\\\/baya-shop.com\\\/wp-content\\\/uploads\\\/2020\\\/11\\\/g.png\",\"width\":64,\"height\":64,\"caption\":\"Baya Shop\"},\"image\":{\"@id\":\"https:\\\/\\\/baya-shop.com\\\/home\\\/#\\\/schema\\\/logo\\\/image\\\/\"},\"sameAs\":[\"https:\\\/\\\/www.facebook.com\\\/Baya-Shop-103955257949742\",\"https:\\\/\\\/www.instagram.com\\\/baya_shop_dz\\\/\"]}]}<\/script>\n<!-- \/ Yoast SEO plugin. -->","yoast_head_json":{"title":"Remington Boucleur Proluxe You CI98X8 - Baya Shop","description":"Fer conique 19-32 mm avec rev\u00eatement anti-d\u00e9rapant  Technologie Intelligente StyleAdapt  Apprend, adapte et personnalise le niveau de chaleur  Indicateur LED StyleAdapt  2 profils utilisateurs  Rev\u00eatement Advanced Diamond Ceramic  Syst\u00e8me de chauffe sup\u00e9rieur  Contr\u00f4le digital de la temp\u00e9rature avec \u00e9cran LCD  Mode manuel : 9 r\u00e9glages de temp\u00e9rature de 130 \u00e0 210\u00b0C  Mise \u00e0 temp\u00e9rature rapide en 30 sec  Fonction m\u00e9moire  Embout froid  Arr\u00eat automatique apr\u00e8s 60 min  Voltage universel  Cordon rotatif longueur salon de 3 m  Tapis de coiffure et gant thermor\u00e9sistant","robots":{"index":"index","follow":"follow","max-snippet":"max-snippet:-1","max-image-preview":"max-image-preview:large","max-video-preview":"max-video-preview:-1"},"canonical":"https:\/\/baya-shop.com\/home\/product\/remington-boucleur-proluxe-you-ci98x8\/","og_locale":"fr_FR","og_type":"article","og_title":"Remington Boucleur Proluxe You CI98X8 - Baya Shop","og_description":"Fer conique 19-32 mm avec rev\u00eatement anti-d\u00e9rapant  Technologie Intelligente StyleAdapt  Apprend, adapte et personnalise le niveau de chaleur  Indicateur LED StyleAdapt  2 profils utilisateurs  Rev\u00eatement Advanced Diamond Ceramic  Syst\u00e8me de chauffe sup\u00e9rieur  Contr\u00f4le digital de la temp\u00e9rature avec \u00e9cran LCD  Mode manuel : 9 r\u00e9glages de temp\u00e9rature de 130 \u00e0 210\u00b0C  Mise \u00e0 temp\u00e9rature rapide en 30 sec  Fonction m\u00e9moire  Embout froid  Arr\u00eat automatique apr\u00e8s 60 min  Voltage universel  Cordon rotatif longueur salon de 3 m  Tapis de coiffure et gant thermor\u00e9sistant","og_url":"https:\/\/baya-shop.com\/home\/product\/remington-boucleur-proluxe-you-ci98x8\/","og_site_name":"Baya Shop","article_publisher":"https:\/\/www.facebook.com\/Baya-Shop-103955257949742","article_modified_time":"2025-11-09T05:07:18+00:00","og_image":[{"width":350,"height":235,"url":"https:\/\/baya-shop.com\/wp-content\/uploads\/2025\/06\/51sJ3eZrN4L._UF350350_QL80_.jpg","type":"image\/jpeg"}],"twitter_card":"summary_large_image","twitter_misc":{"Dur\u00e9e de lecture estim\u00e9e":"1 minute"},"schema":{"@context":"https:\/\/schema.org","@graph":[{"@type":"WebPage","@id":"https:\/\/baya-shop.com\/home\/product\/remington-boucleur-proluxe-you-ci98x8\/","url":"https:\/\/baya-shop.com\/home\/product\/remington-boucleur-proluxe-you-ci98x8\/","name":"Remington Boucleur Proluxe You CI98X8 - Baya Shop","isPartOf":{"@id":"https:\/\/baya-shop.com\/home\/#website"},"primaryImageOfPage":{"@id":"https:\/\/baya-shop.com\/home\/product\/remington-boucleur-proluxe-you-ci98x8\/#primaryimage"},"image":{"@id":"https:\/\/baya-shop.com\/home\/product\/remington-boucleur-proluxe-you-ci98x8\/#primaryimage"},"thumbnailUrl":"https:\/\/i0.wp.com\/baya-shop.com\/wp-content\/uploads\/2025\/06\/51sJ3eZrN4L._UF350350_QL80_.jpg?fit=350%2C235&ssl=1","datePublished":"2025-06-25T15:07:35+00:00","dateModified":"2025-11-09T05:07:18+00:00","description":"Fer conique 19-32 mm avec rev\u00eatement anti-d\u00e9rapant Technologie Intelligente StyleAdapt Apprend, adapte et personnalise le niveau de chaleur Indicateur LED StyleAdapt 2 profils utilisateurs Rev\u00eatement Advanced Diamond Ceramic Syst\u00e8me de chauffe sup\u00e9rieur Contr\u00f4le digital de la temp\u00e9rature avec \u00e9cran LCD Mode manuel : 9 r\u00e9glages de temp\u00e9rature de 130 \u00e0 210\u00b0C Mise \u00e0 temp\u00e9rature rapide en 30 sec Fonction m\u00e9moire Embout froid Arr\u00eat automatique apr\u00e8s 60 min Voltage universel Cordon rotatif longueur salon de 3 m Tapis de coiffure et gant thermor\u00e9sistant","breadcrumb":{"@id":"https:\/\/baya-shop.com\/home\/product\/remington-boucleur-proluxe-you-ci98x8\/#breadcrumb"},"inLanguage":"fr-FR","potentialAction":[{"@type":"ReadAction","target":["https:\/\/baya-shop.com\/home\/product\/remington-boucleur-proluxe-you-ci98x8\/"]}]},{"@type":"ImageObject","inLanguage":"fr-FR","@id":"https:\/\/baya-shop.com\/home\/product\/remington-boucleur-proluxe-you-ci98x8\/#primaryimage","url":"https:\/\/i0.wp.com\/baya-shop.com\/wp-content\/uploads\/2025\/06\/51sJ3eZrN4L._UF350350_QL80_.jpg?fit=350%2C235&ssl=1","contentUrl":"https:\/\/i0.wp.com\/baya-shop.com\/wp-content\/uploads\/2025\/06\/51sJ3eZrN4L._UF350350_QL80_.jpg?fit=350%2C235&ssl=1","width":350,"height":235},{"@type":"BreadcrumbList","@id":"https:\/\/baya-shop.com\/home\/product\/remington-boucleur-proluxe-you-ci98x8\/#breadcrumb","itemListElement":[{"@type":"ListItem","position":1,"name":"Accueil","item":"https:\/\/baya-shop.com\/home\/"},{"@type":"ListItem","position":2,"name":"Shop","item":"https:\/\/baya-shop.com\/home\/shop\/"},{"@type":"ListItem","position":3,"name":"Remington Boucleur Proluxe You CI98X8"}]},{"@type":"WebSite","@id":"https:\/\/baya-shop.com\/home\/#website","url":"https:\/\/baya-shop.com\/home\/","name":"Baya Shop","description":"","publisher":{"@id":"https:\/\/baya-shop.com\/home\/#organization"},"potentialAction":[{"@type":"SearchAction","target":{"@type":"EntryPoint","urlTemplate":"https:\/\/baya-shop.com\/home\/?s={search_term_string}"},"query-input":{"@type":"PropertyValueSpecification","valueRequired":true,"valueName":"search_term_string"}}],"inLanguage":"fr-FR"},{"@type":"Organization","@id":"https:\/\/baya-shop.com\/home\/#organization","name":"Baya Shop","url":"https:\/\/baya-shop.com\/home\/","logo":{"@type":"ImageObject","inLanguage":"fr-FR","@id":"https:\/\/baya-shop.com\/home\/#\/schema\/logo\/image\/","url":"https:\/\/baya-shop.com\/wp-content\/uploads\/2020\/11\/g.png","contentUrl":"https:\/\/baya-shop.com\/wp-content\/uploads\/2020\/11\/g.png","width":64,"height":64,"caption":"Baya Shop"},"image":{"@id":"https:\/\/baya-shop.com\/home\/#\/schema\/logo\/image\/"},"sameAs":["https:\/\/www.facebook.com\/Baya-Shop-103955257949742","https:\/\/www.instagram.com\/baya_shop_dz\/"]}]}},"jetpack_publicize_connections":[],"jetpack_sharing_enabled":true,"jetpack_likes_enabled":true,"jetpack-related-posts":[],"_links":{"self":[{"href":"https:\/\/baya-shop.com\/home\/wp-json\/wp\/v2\/product\/4424","targetHints":{"allow":["GET"]}}],"collection":[{"href":"https:\/\/baya-shop.com\/home\/wp-json\/wp\/v2\/product"}],"about":[{"href":"https:\/\/baya-shop.com\/home\/wp-json\/wp\/v2\/types\/product"}],"replies":[{"embeddable":true,"href":"https:\/\/baya-shop.com\/home\/wp-json\/wp\/v2\/comments?post=4424"}],"wp:featuredmedia":[{"embeddable":true,"href":"https:\/\/baya-shop.com\/home\/wp-json\/wp\/v2\/media\/4548"}],"wp:attachment":[{"href":"https:\/\/baya-shop.com\/home\/wp-json\/wp\/v2\/media?parent=4424"}],"wp:term":[{"taxonomy":"product_brand","embeddable":true,"href":"https:\/\/baya-shop.com\/home\/wp-json\/wp\/v2\/product_brand?post=4424"},{"taxonomy":"product_cat","embeddable":true,"href":"https:\/\/baya-shop.com\/home\/wp-json\/wp\/v2\/product_cat?post=4424"},{"taxonomy":"product_tag","embeddable":true,"href":"https:\/\/baya-shop.com\/home\/wp-json\/wp\/v2\/product_tag?post=4424"}],"curies":[{"name":"wp","href":"https:\/\/api.w.org\/{rel}","templated":true}]}}