{"id":4193,"date":"2025-01-30T12:30:02","date_gmt":"2025-01-30T11:30:02","guid":{"rendered":"https:\/\/baya-shop.com\/home\/?post_type=product&#038;p=4193"},"modified":"2026-03-29T14:04:54","modified_gmt":"2026-03-29T13:04:54","slug":"revlon-brosse-soufflante-one-step-style-booster-rvdr5292e","status":"publish","type":"product","link":"https:\/\/baya-shop.com\/home\/product\/revlon-brosse-soufflante-one-step-style-booster-rvdr5292e\/","title":{"rendered":"Revlon Brosse Soufflante One-Step Style Booster RVDR5292E"},"content":{"rendered":"","protected":false},"excerpt":{"rendered":"<ul class=\"a-unordered-list a-vertical a-spacing-mini\">\n<li class=\"a-spacing-mini\"><span class=\"a-list-item\">S\u00c8CHE ET COIFFE JUSQU\u2019\u00c0 DEUX FOIS PLUS VITE &#8211; La brosse s\u00e9chante One-Step s\u00e8che et coiffe en ab\u00eemant moins le cheveu, Sa brosse ronde en c\u00e9ramique de 38 mm est id\u00e9ale pour coiffer toutes les longueurs de cheveux, Obtenez un brushing digne d\u2019un salon en deux fois de temps<\/span><\/li>\n<li class=\"a-spacing-mini\"><span class=\"a-list-item\">BOOSTER DE RACINES &#8211; Modelez votre style en cr\u00e9ant du volume aux racines, des boucles l\u00e9g\u00e8res et des ondulations, Son design contribue \u00e0 une circulation rapide de l\u2019air et apporte un maximum de polyvalence dans le coiffage tout en ab\u00eemant moins le cheveu, Brosse coiffante de pr\u00e9cision : adapt\u00e9e \u00e0 toutes les longueurs et aux d\u00e9grad\u00e9s<\/span><\/li>\n<li class=\"a-spacing-mini\"><span class=\"a-list-item\">2\u00e8me JOUR &#8211; Ravivez votre style m\u00eame le lendemain en rajoutant du volume aux racines ou en rafra\u00eechissant votre look<\/span><\/li>\n<li class=\"a-spacing-mini\"><span class=\"a-list-item\">La TECHNOLOGIE C\u00c9RAMIQUE r\u00e9duit les dommages gr\u00e2ce \u00e0 une r\u00e9partition homog\u00e8ne de la chaleur, pour coiffer en toute simplicit\u00e9<\/span><\/li>\n<li class=\"a-spacing-mini\"><span class=\"a-list-item\">La TECHNOLOGIE IONIQUE apporte des cheveux disciplin\u00e9s et lisses, tout en r\u00e9duisant les frisottis et l\u2019effet statique pour des cheveux brillants en pleine sant\u00e9<\/span><\/li>\n<\/ul>\n","protected":false},"featured_media":4194,"comment_status":"open","ping_status":"closed","template":"","meta":{"jetpack_post_was_ever_published":false,"jetpack_publicize_message":"","jetpack_publicize_feature_enabled":true,"jetpack_social_post_already_shared":true,"jetpack_social_options":{"image_generator_settings":{"template":"highway","default_image_id":0,"font":"","enabled":false},"version":2}},"product_brand":[],"product_cat":[21,66],"product_tag":[],"class_list":{"0":"post-4193","1":"product","2":"type-product","3":"status-publish","4":"has-post-thumbnail","6":"product_cat-brosse-cheveux","7":"product_cat-revlon","9":"first","10":"instock","11":"sale","12":"shipping-taxable","13":"purchasable","14":"product-type-simple"},"yoast_head":"<!-- This site is optimized with the Yoast SEO plugin v27.3 - https:\/\/yoast.com\/product\/yoast-seo-wordpress\/ -->\n<title>Revlon Brosse Soufflante One-Step Style Booster RVDR5292E - Baya Shop<\/title>\n<meta name=\"description\" content=\"S\u00c8CHE ET COIFFE JUSQU\u2019\u00c0 DEUX FOIS PLUS VITE - La brosse s\u00e9chante One-Step s\u00e8che et coiffe en ab\u00eemant moins le cheveu, Sa brosse ronde en c\u00e9ramique de 38 mm est id\u00e9ale pour coiffer toutes les longueurs de cheveux, Obtenez un brushing digne d\u2019un salon en deux fois de temps  BOOSTER DE RACINES - Modelez votre style en cr\u00e9ant du volume aux racines, des boucles l\u00e9g\u00e8res et des ondulations, Son design contribue \u00e0 une circulation rapide de l\u2019air et apporte un maximum de polyvalence dans le coiffage tout en ab\u00eemant moins le cheveu, Brosse coiffante de pr\u00e9cision : adapt\u00e9e \u00e0 toutes les longueurs et aux d\u00e9grad\u00e9s  2\u00e8me JOUR - Ravivez votre style m\u00eame le lendemain en rajoutant du volume aux racines ou en rafra\u00eechissant votre look  La TECHNOLOGIE C\u00c9RAMIQUE r\u00e9duit les dommages gr\u00e2ce \u00e0 une r\u00e9partition homog\u00e8ne de la chaleur, pour coiffer en toute simplicit\u00e9  La TECHNOLOGIE IONIQUE apporte des cheveux disciplin\u00e9s et lisses, tout en r\u00e9duisant les frisottis et l\u2019effet statique pour des cheveux brillants en pleine sant\u00e9\" \/>\n<meta name=\"robots\" content=\"index, follow, max-snippet:-1, max-image-preview:large, max-video-preview:-1\" \/>\n<link rel=\"canonical\" href=\"https:\/\/baya-shop.com\/home\/product\/revlon-brosse-soufflante-one-step-style-booster-rvdr5292e\/\" \/>\n<meta property=\"og:locale\" content=\"fr_FR\" \/>\n<meta property=\"og:type\" content=\"article\" \/>\n<meta property=\"og:title\" content=\"Revlon Brosse Soufflante One-Step Style Booster RVDR5292E - Baya Shop\" \/>\n<meta property=\"og:description\" content=\"S\u00c8CHE ET COIFFE JUSQU\u2019\u00c0 DEUX FOIS PLUS VITE - La brosse s\u00e9chante One-Step s\u00e8che et coiffe en ab\u00eemant moins le cheveu, Sa brosse ronde en c\u00e9ramique de 38 mm est id\u00e9ale pour coiffer toutes les longueurs de cheveux, Obtenez un brushing digne d\u2019un salon en deux fois de temps  BOOSTER DE RACINES - Modelez votre style en cr\u00e9ant du volume aux racines, des boucles l\u00e9g\u00e8res et des ondulations, Son design contribue \u00e0 une circulation rapide de l\u2019air et apporte un maximum de polyvalence dans le coiffage tout en ab\u00eemant moins le cheveu, Brosse coiffante de pr\u00e9cision : adapt\u00e9e \u00e0 toutes les longueurs et aux d\u00e9grad\u00e9s  2\u00e8me JOUR - Ravivez votre style m\u00eame le lendemain en rajoutant du volume aux racines ou en rafra\u00eechissant votre look  La TECHNOLOGIE C\u00c9RAMIQUE r\u00e9duit les dommages gr\u00e2ce \u00e0 une r\u00e9partition homog\u00e8ne de la chaleur, pour coiffer en toute simplicit\u00e9  La TECHNOLOGIE IONIQUE apporte des cheveux disciplin\u00e9s et lisses, tout en r\u00e9duisant les frisottis et l\u2019effet statique pour des cheveux brillants en pleine sant\u00e9\" \/>\n<meta property=\"og:url\" content=\"https:\/\/baya-shop.com\/home\/product\/revlon-brosse-soufflante-one-step-style-booster-rvdr5292e\/\" \/>\n<meta property=\"og:site_name\" content=\"Baya Shop\" \/>\n<meta property=\"article:publisher\" content=\"https:\/\/www.facebook.com\/Baya-Shop-103955257949742\" \/>\n<meta property=\"article:modified_time\" content=\"2026-03-29T13:04:54+00:00\" \/>\n<meta property=\"og:image\" content=\"https:\/\/baya-shop.com\/wp-content\/uploads\/2025\/01\/telechargement-1.jpg\" \/>\n\t<meta property=\"og:image:width\" content=\"225\" \/>\n\t<meta property=\"og:image:height\" content=\"225\" \/>\n\t<meta property=\"og:image:type\" content=\"image\/jpeg\" \/>\n<meta name=\"twitter:card\" content=\"summary_large_image\" \/>\n<meta name=\"twitter:label1\" content=\"Dur\u00e9e de lecture estim\u00e9e\" \/>\n\t<meta name=\"twitter:data1\" content=\"1 minute\" \/>\n<script type=\"application\/ld+json\" class=\"yoast-schema-graph\">{\"@context\":\"https:\\\/\\\/schema.org\",\"@graph\":[{\"@type\":\"WebPage\",\"@id\":\"https:\\\/\\\/baya-shop.com\\\/home\\\/product\\\/revlon-brosse-soufflante-one-step-style-booster-rvdr5292e\\\/\",\"url\":\"https:\\\/\\\/baya-shop.com\\\/home\\\/product\\\/revlon-brosse-soufflante-one-step-style-booster-rvdr5292e\\\/\",\"name\":\"Revlon Brosse Soufflante One-Step Style Booster RVDR5292E - Baya Shop\",\"isPartOf\":{\"@id\":\"https:\\\/\\\/baya-shop.com\\\/home\\\/#website\"},\"primaryImageOfPage\":{\"@id\":\"https:\\\/\\\/baya-shop.com\\\/home\\\/product\\\/revlon-brosse-soufflante-one-step-style-booster-rvdr5292e\\\/#primaryimage\"},\"image\":{\"@id\":\"https:\\\/\\\/baya-shop.com\\\/home\\\/product\\\/revlon-brosse-soufflante-one-step-style-booster-rvdr5292e\\\/#primaryimage\"},\"thumbnailUrl\":\"https:\\\/\\\/i0.wp.com\\\/baya-shop.com\\\/wp-content\\\/uploads\\\/2025\\\/01\\\/telechargement-1.jpg?fit=225%2C225&ssl=1\",\"datePublished\":\"2025-01-30T11:30:02+00:00\",\"dateModified\":\"2026-03-29T13:04:54+00:00\",\"description\":\"S\u00c8CHE ET COIFFE JUSQU\u2019\u00c0 DEUX FOIS PLUS VITE - La brosse s\u00e9chante One-Step s\u00e8che et coiffe en ab\u00eemant moins le cheveu, Sa brosse ronde en c\u00e9ramique de 38 mm est id\u00e9ale pour coiffer toutes les longueurs de cheveux, Obtenez un brushing digne d\u2019un salon en deux fois de temps BOOSTER DE RACINES - Modelez votre style en cr\u00e9ant du volume aux racines, des boucles l\u00e9g\u00e8res et des ondulations, Son design contribue \u00e0 une circulation rapide de l\u2019air et apporte un maximum de polyvalence dans le coiffage tout en ab\u00eemant moins le cheveu, Brosse coiffante de pr\u00e9cision : adapt\u00e9e \u00e0 toutes les longueurs et aux d\u00e9grad\u00e9s 2\u00e8me JOUR - Ravivez votre style m\u00eame le lendemain en rajoutant du volume aux racines ou en rafra\u00eechissant votre look La TECHNOLOGIE C\u00c9RAMIQUE r\u00e9duit les dommages gr\u00e2ce \u00e0 une r\u00e9partition homog\u00e8ne de la chaleur, pour coiffer en toute simplicit\u00e9 La TECHNOLOGIE IONIQUE apporte des cheveux disciplin\u00e9s et lisses, tout en r\u00e9duisant les frisottis et l\u2019effet statique pour des cheveux brillants en pleine sant\u00e9\",\"breadcrumb\":{\"@id\":\"https:\\\/\\\/baya-shop.com\\\/home\\\/product\\\/revlon-brosse-soufflante-one-step-style-booster-rvdr5292e\\\/#breadcrumb\"},\"inLanguage\":\"fr-FR\",\"potentialAction\":[{\"@type\":\"ReadAction\",\"target\":[\"https:\\\/\\\/baya-shop.com\\\/home\\\/product\\\/revlon-brosse-soufflante-one-step-style-booster-rvdr5292e\\\/\"]}]},{\"@type\":\"ImageObject\",\"inLanguage\":\"fr-FR\",\"@id\":\"https:\\\/\\\/baya-shop.com\\\/home\\\/product\\\/revlon-brosse-soufflante-one-step-style-booster-rvdr5292e\\\/#primaryimage\",\"url\":\"https:\\\/\\\/i0.wp.com\\\/baya-shop.com\\\/wp-content\\\/uploads\\\/2025\\\/01\\\/telechargement-1.jpg?fit=225%2C225&ssl=1\",\"contentUrl\":\"https:\\\/\\\/i0.wp.com\\\/baya-shop.com\\\/wp-content\\\/uploads\\\/2025\\\/01\\\/telechargement-1.jpg?fit=225%2C225&ssl=1\",\"width\":225,\"height\":225},{\"@type\":\"BreadcrumbList\",\"@id\":\"https:\\\/\\\/baya-shop.com\\\/home\\\/product\\\/revlon-brosse-soufflante-one-step-style-booster-rvdr5292e\\\/#breadcrumb\",\"itemListElement\":[{\"@type\":\"ListItem\",\"position\":1,\"name\":\"Accueil\",\"item\":\"https:\\\/\\\/baya-shop.com\\\/home\\\/\"},{\"@type\":\"ListItem\",\"position\":2,\"name\":\"Shop\",\"item\":\"https:\\\/\\\/baya-shop.com\\\/home\\\/shop\\\/\"},{\"@type\":\"ListItem\",\"position\":3,\"name\":\"Revlon Brosse Soufflante One-Step Style Booster RVDR5292E\"}]},{\"@type\":\"WebSite\",\"@id\":\"https:\\\/\\\/baya-shop.com\\\/home\\\/#website\",\"url\":\"https:\\\/\\\/baya-shop.com\\\/home\\\/\",\"name\":\"Baya Shop\",\"description\":\"\",\"publisher\":{\"@id\":\"https:\\\/\\\/baya-shop.com\\\/home\\\/#organization\"},\"potentialAction\":[{\"@type\":\"SearchAction\",\"target\":{\"@type\":\"EntryPoint\",\"urlTemplate\":\"https:\\\/\\\/baya-shop.com\\\/home\\\/?s={search_term_string}\"},\"query-input\":{\"@type\":\"PropertyValueSpecification\",\"valueRequired\":true,\"valueName\":\"search_term_string\"}}],\"inLanguage\":\"fr-FR\"},{\"@type\":\"Organization\",\"@id\":\"https:\\\/\\\/baya-shop.com\\\/home\\\/#organization\",\"name\":\"Baya Shop\",\"url\":\"https:\\\/\\\/baya-shop.com\\\/home\\\/\",\"logo\":{\"@type\":\"ImageObject\",\"inLanguage\":\"fr-FR\",\"@id\":\"https:\\\/\\\/baya-shop.com\\\/home\\\/#\\\/schema\\\/logo\\\/image\\\/\",\"url\":\"https:\\\/\\\/baya-shop.com\\\/wp-content\\\/uploads\\\/2020\\\/11\\\/g.png\",\"contentUrl\":\"https:\\\/\\\/baya-shop.com\\\/wp-content\\\/uploads\\\/2020\\\/11\\\/g.png\",\"width\":64,\"height\":64,\"caption\":\"Baya Shop\"},\"image\":{\"@id\":\"https:\\\/\\\/baya-shop.com\\\/home\\\/#\\\/schema\\\/logo\\\/image\\\/\"},\"sameAs\":[\"https:\\\/\\\/www.facebook.com\\\/Baya-Shop-103955257949742\",\"https:\\\/\\\/www.instagram.com\\\/baya_shop_dz\\\/\"]}]}<\/script>\n<!-- \/ Yoast SEO plugin. -->","yoast_head_json":{"title":"Revlon Brosse Soufflante One-Step Style Booster RVDR5292E - Baya Shop","description":"S\u00c8CHE ET COIFFE JUSQU\u2019\u00c0 DEUX FOIS PLUS VITE - La brosse s\u00e9chante One-Step s\u00e8che et coiffe en ab\u00eemant moins le cheveu, Sa brosse ronde en c\u00e9ramique de 38 mm est id\u00e9ale pour coiffer toutes les longueurs de cheveux, Obtenez un brushing digne d\u2019un salon en deux fois de temps  BOOSTER DE RACINES - Modelez votre style en cr\u00e9ant du volume aux racines, des boucles l\u00e9g\u00e8res et des ondulations, Son design contribue \u00e0 une circulation rapide de l\u2019air et apporte un maximum de polyvalence dans le coiffage tout en ab\u00eemant moins le cheveu, Brosse coiffante de pr\u00e9cision : adapt\u00e9e \u00e0 toutes les longueurs et aux d\u00e9grad\u00e9s  2\u00e8me JOUR - Ravivez votre style m\u00eame le lendemain en rajoutant du volume aux racines ou en rafra\u00eechissant votre look  La TECHNOLOGIE C\u00c9RAMIQUE r\u00e9duit les dommages gr\u00e2ce \u00e0 une r\u00e9partition homog\u00e8ne de la chaleur, pour coiffer en toute simplicit\u00e9  La TECHNOLOGIE IONIQUE apporte des cheveux disciplin\u00e9s et lisses, tout en r\u00e9duisant les frisottis et l\u2019effet statique pour des cheveux brillants en pleine sant\u00e9","robots":{"index":"index","follow":"follow","max-snippet":"max-snippet:-1","max-image-preview":"max-image-preview:large","max-video-preview":"max-video-preview:-1"},"canonical":"https:\/\/baya-shop.com\/home\/product\/revlon-brosse-soufflante-one-step-style-booster-rvdr5292e\/","og_locale":"fr_FR","og_type":"article","og_title":"Revlon Brosse Soufflante One-Step Style Booster RVDR5292E - Baya Shop","og_description":"S\u00c8CHE ET COIFFE JUSQU\u2019\u00c0 DEUX FOIS PLUS VITE - La brosse s\u00e9chante One-Step s\u00e8che et coiffe en ab\u00eemant moins le cheveu, Sa brosse ronde en c\u00e9ramique de 38 mm est id\u00e9ale pour coiffer toutes les longueurs de cheveux, Obtenez un brushing digne d\u2019un salon en deux fois de temps  BOOSTER DE RACINES - Modelez votre style en cr\u00e9ant du volume aux racines, des boucles l\u00e9g\u00e8res et des ondulations, Son design contribue \u00e0 une circulation rapide de l\u2019air et apporte un maximum de polyvalence dans le coiffage tout en ab\u00eemant moins le cheveu, Brosse coiffante de pr\u00e9cision : adapt\u00e9e \u00e0 toutes les longueurs et aux d\u00e9grad\u00e9s  2\u00e8me JOUR - Ravivez votre style m\u00eame le lendemain en rajoutant du volume aux racines ou en rafra\u00eechissant votre look  La TECHNOLOGIE C\u00c9RAMIQUE r\u00e9duit les dommages gr\u00e2ce \u00e0 une r\u00e9partition homog\u00e8ne de la chaleur, pour coiffer en toute simplicit\u00e9  La TECHNOLOGIE IONIQUE apporte des cheveux disciplin\u00e9s et lisses, tout en r\u00e9duisant les frisottis et l\u2019effet statique pour des cheveux brillants en pleine sant\u00e9","og_url":"https:\/\/baya-shop.com\/home\/product\/revlon-brosse-soufflante-one-step-style-booster-rvdr5292e\/","og_site_name":"Baya Shop","article_publisher":"https:\/\/www.facebook.com\/Baya-Shop-103955257949742","article_modified_time":"2026-03-29T13:04:54+00:00","og_image":[{"width":225,"height":225,"url":"https:\/\/baya-shop.com\/wp-content\/uploads\/2025\/01\/telechargement-1.jpg","type":"image\/jpeg"}],"twitter_card":"summary_large_image","twitter_misc":{"Dur\u00e9e de lecture estim\u00e9e":"1 minute"},"schema":{"@context":"https:\/\/schema.org","@graph":[{"@type":"WebPage","@id":"https:\/\/baya-shop.com\/home\/product\/revlon-brosse-soufflante-one-step-style-booster-rvdr5292e\/","url":"https:\/\/baya-shop.com\/home\/product\/revlon-brosse-soufflante-one-step-style-booster-rvdr5292e\/","name":"Revlon Brosse Soufflante One-Step Style Booster RVDR5292E - Baya Shop","isPartOf":{"@id":"https:\/\/baya-shop.com\/home\/#website"},"primaryImageOfPage":{"@id":"https:\/\/baya-shop.com\/home\/product\/revlon-brosse-soufflante-one-step-style-booster-rvdr5292e\/#primaryimage"},"image":{"@id":"https:\/\/baya-shop.com\/home\/product\/revlon-brosse-soufflante-one-step-style-booster-rvdr5292e\/#primaryimage"},"thumbnailUrl":"https:\/\/i0.wp.com\/baya-shop.com\/wp-content\/uploads\/2025\/01\/telechargement-1.jpg?fit=225%2C225&ssl=1","datePublished":"2025-01-30T11:30:02+00:00","dateModified":"2026-03-29T13:04:54+00:00","description":"S\u00c8CHE ET COIFFE JUSQU\u2019\u00c0 DEUX FOIS PLUS VITE - La brosse s\u00e9chante One-Step s\u00e8che et coiffe en ab\u00eemant moins le cheveu, Sa brosse ronde en c\u00e9ramique de 38 mm est id\u00e9ale pour coiffer toutes les longueurs de cheveux, Obtenez un brushing digne d\u2019un salon en deux fois de temps BOOSTER DE RACINES - Modelez votre style en cr\u00e9ant du volume aux racines, des boucles l\u00e9g\u00e8res et des ondulations, Son design contribue \u00e0 une circulation rapide de l\u2019air et apporte un maximum de polyvalence dans le coiffage tout en ab\u00eemant moins le cheveu, Brosse coiffante de pr\u00e9cision : adapt\u00e9e \u00e0 toutes les longueurs et aux d\u00e9grad\u00e9s 2\u00e8me JOUR - Ravivez votre style m\u00eame le lendemain en rajoutant du volume aux racines ou en rafra\u00eechissant votre look La TECHNOLOGIE C\u00c9RAMIQUE r\u00e9duit les dommages gr\u00e2ce \u00e0 une r\u00e9partition homog\u00e8ne de la chaleur, pour coiffer en toute simplicit\u00e9 La TECHNOLOGIE IONIQUE apporte des cheveux disciplin\u00e9s et lisses, tout en r\u00e9duisant les frisottis et l\u2019effet statique pour des cheveux brillants en pleine sant\u00e9","breadcrumb":{"@id":"https:\/\/baya-shop.com\/home\/product\/revlon-brosse-soufflante-one-step-style-booster-rvdr5292e\/#breadcrumb"},"inLanguage":"fr-FR","potentialAction":[{"@type":"ReadAction","target":["https:\/\/baya-shop.com\/home\/product\/revlon-brosse-soufflante-one-step-style-booster-rvdr5292e\/"]}]},{"@type":"ImageObject","inLanguage":"fr-FR","@id":"https:\/\/baya-shop.com\/home\/product\/revlon-brosse-soufflante-one-step-style-booster-rvdr5292e\/#primaryimage","url":"https:\/\/i0.wp.com\/baya-shop.com\/wp-content\/uploads\/2025\/01\/telechargement-1.jpg?fit=225%2C225&ssl=1","contentUrl":"https:\/\/i0.wp.com\/baya-shop.com\/wp-content\/uploads\/2025\/01\/telechargement-1.jpg?fit=225%2C225&ssl=1","width":225,"height":225},{"@type":"BreadcrumbList","@id":"https:\/\/baya-shop.com\/home\/product\/revlon-brosse-soufflante-one-step-style-booster-rvdr5292e\/#breadcrumb","itemListElement":[{"@type":"ListItem","position":1,"name":"Accueil","item":"https:\/\/baya-shop.com\/home\/"},{"@type":"ListItem","position":2,"name":"Shop","item":"https:\/\/baya-shop.com\/home\/shop\/"},{"@type":"ListItem","position":3,"name":"Revlon Brosse Soufflante One-Step Style Booster RVDR5292E"}]},{"@type":"WebSite","@id":"https:\/\/baya-shop.com\/home\/#website","url":"https:\/\/baya-shop.com\/home\/","name":"Baya Shop","description":"","publisher":{"@id":"https:\/\/baya-shop.com\/home\/#organization"},"potentialAction":[{"@type":"SearchAction","target":{"@type":"EntryPoint","urlTemplate":"https:\/\/baya-shop.com\/home\/?s={search_term_string}"},"query-input":{"@type":"PropertyValueSpecification","valueRequired":true,"valueName":"search_term_string"}}],"inLanguage":"fr-FR"},{"@type":"Organization","@id":"https:\/\/baya-shop.com\/home\/#organization","name":"Baya Shop","url":"https:\/\/baya-shop.com\/home\/","logo":{"@type":"ImageObject","inLanguage":"fr-FR","@id":"https:\/\/baya-shop.com\/home\/#\/schema\/logo\/image\/","url":"https:\/\/baya-shop.com\/wp-content\/uploads\/2020\/11\/g.png","contentUrl":"https:\/\/baya-shop.com\/wp-content\/uploads\/2020\/11\/g.png","width":64,"height":64,"caption":"Baya Shop"},"image":{"@id":"https:\/\/baya-shop.com\/home\/#\/schema\/logo\/image\/"},"sameAs":["https:\/\/www.facebook.com\/Baya-Shop-103955257949742","https:\/\/www.instagram.com\/baya_shop_dz\/"]}]}},"jetpack_publicize_connections":[],"jetpack_sharing_enabled":true,"jetpack_likes_enabled":true,"jetpack-related-posts":[],"_links":{"self":[{"href":"https:\/\/baya-shop.com\/home\/wp-json\/wp\/v2\/product\/4193","targetHints":{"allow":["GET"]}}],"collection":[{"href":"https:\/\/baya-shop.com\/home\/wp-json\/wp\/v2\/product"}],"about":[{"href":"https:\/\/baya-shop.com\/home\/wp-json\/wp\/v2\/types\/product"}],"replies":[{"embeddable":true,"href":"https:\/\/baya-shop.com\/home\/wp-json\/wp\/v2\/comments?post=4193"}],"wp:featuredmedia":[{"embeddable":true,"href":"https:\/\/baya-shop.com\/home\/wp-json\/wp\/v2\/media\/4194"}],"wp:attachment":[{"href":"https:\/\/baya-shop.com\/home\/wp-json\/wp\/v2\/media?parent=4193"}],"wp:term":[{"taxonomy":"product_brand","embeddable":true,"href":"https:\/\/baya-shop.com\/home\/wp-json\/wp\/v2\/product_brand?post=4193"},{"taxonomy":"product_cat","embeddable":true,"href":"https:\/\/baya-shop.com\/home\/wp-json\/wp\/v2\/product_cat?post=4193"},{"taxonomy":"product_tag","embeddable":true,"href":"https:\/\/baya-shop.com\/home\/wp-json\/wp\/v2\/product_tag?post=4193"}],"curies":[{"name":"wp","href":"https:\/\/api.w.org\/{rel}","templated":true}]}}