{"id":4190,"date":"2025-01-30T12:21:13","date_gmt":"2025-01-30T11:21:13","guid":{"rendered":"https:\/\/baya-shop.com\/home\/?post_type=product&#038;p=4190"},"modified":"2025-12-13T13:01:21","modified_gmt":"2025-12-13T12:01:21","slug":"revlon-brosse-soufflante-one-step-volumiser-rvdr5222pe","status":"publish","type":"product","link":"https:\/\/baya-shop.com\/home\/product\/revlon-brosse-soufflante-one-step-volumiser-rvdr5222pe\/","title":{"rendered":"Revlon Brosse Soufflante One-Step Volumiser RVDR5222PE"},"content":{"rendered":"","protected":false},"excerpt":{"rendered":"<p>Brosse de forme ovale pour lisser les cheveux, cr\u00e9er du volume aux racines et obtenir des extr\u00e9mit\u00e9s joliment courb\u00e9es. Plus besoin d\u2019utiliser un autre appareil pour faire onduler vos cheveux.<br \/>\nPlus rapide\u00a0: cette brosse coiffante est con\u00e7ue pour r\u00e9partir l\u2019air rapidement et uniform\u00e9ment sur la chevelure et s\u00e9cher et coiffer plus rapidement pour moins de dommages dus \u00e0 la chaleur.<br \/>\nGr\u00e2ce \u00e0 la TECHNOLOGIE IONIQUE, les ions n\u00e9gatifs saturent le flux d\u2019air pour r\u00e9duire la taille des gouttes d\u2019eau et s\u00e9cher plus rapidement. Cela contribue \u00e0 d\u00e9m\u00ealer et lisser les cheveux et \u00e0 les rendre plus brillants, tout en r\u00e9duisant les frisottis et l\u2019\u00e9lectricit\u00e9 statique.<\/p>\n<p>REV\u00caTEMENT C\u00c9RAMIQUE pour une r\u00e9partition homog\u00e8ne de la chaleur et moins de dommages aux cheveux.<\/p>\n<p>Poils mixtes avec picots en nylon et pointes rondes confortables pour d\u00e9m\u00ealer les cheveux en douceur, avec poils de sanglier pour accrocher les cheveux sur le c\u00f4t\u00e9 incurv\u00e9, pour plus de volume et de contr\u00f4le, ainsi qu\u2019un r\u00e9sultat lisse et brillant.<\/p>\n<ul>\n<li>3 r\u00e9glages de temp\u00e9rature<\/li>\n<li>2 r\u00e9glages de vitesse Manche ergonomique,<\/li>\n<li>embout froid et design l\u00e9ger.<\/li>\n<li>Cordon rotatif anti-n\u0153ud.<\/li>\n<\/ul>\n","protected":false},"featured_media":4967,"comment_status":"open","ping_status":"closed","template":"","meta":{"jetpack_post_was_ever_published":false,"jetpack_publicize_message":"","jetpack_publicize_feature_enabled":true,"jetpack_social_post_already_shared":true,"jetpack_social_options":{"image_generator_settings":{"template":"highway","default_image_id":0,"font":"","enabled":false},"version":2}},"product_brand":[],"product_cat":[21,66],"product_tag":[],"class_list":{"0":"post-4190","1":"product","2":"type-product","3":"status-publish","4":"has-post-thumbnail","6":"product_cat-brosse-cheveux","7":"product_cat-revlon","9":"first","10":"instock","11":"sale","12":"shipping-taxable","13":"purchasable","14":"product-type-simple"},"yoast_head":"<!-- This site is optimized with the Yoast SEO plugin v27.5 - https:\/\/yoast.com\/product\/yoast-seo-wordpress\/ -->\n<title>Revlon Brosse Soufflante One-Step Volumiser RVDR5222PE - Baya Shop<\/title>\n<meta name=\"description\" content=\"Brosse de forme ovale pour lisser les cheveux, cr\u00e9er du volume aux racines et obtenir des extr\u00e9mit\u00e9s joliment courb\u00e9es. Plus besoin d\u2019utiliser un autre appareil pour faire onduler vos cheveux. Plus rapide\u00a0: cette brosse coiffante est con\u00e7ue pour r\u00e9partir l\u2019air rapidement et uniform\u00e9ment sur la chevelure et s\u00e9cher et coiffer plus rapidement pour moins de dommages dus \u00e0 la chaleur. Gr\u00e2ce \u00e0 la TECHNOLOGIE IONIQUE, les ions n\u00e9gatifs saturent le flux d\u2019air pour r\u00e9duire la taille des gouttes d\u2019eau et s\u00e9cher plus rapidement. Cela contribue \u00e0 d\u00e9m\u00ealer et lisser les cheveux et \u00e0 les rendre plus brillants, tout en r\u00e9duisant les frisottis et l\u2019\u00e9lectricit\u00e9 statique.  REV\u00caTEMENT C\u00c9RAMIQUE pour une r\u00e9partition homog\u00e8ne de la chaleur et moins de dommages aux cheveux.  Poils mixtes avec picots en nylon et pointes rondes confortables pour d\u00e9m\u00ealer les cheveux en douceur, avec poils de sanglier pour accrocher les cheveux sur le c\u00f4t\u00e9 incurv\u00e9, pour plus de volume et de contr\u00f4le, ainsi qu\u2019un r\u00e9sultat lisse et brillant.   3 r\u00e9glages de temp\u00e9rature  2 r\u00e9glages de vitesse Manche ergonomique,  embout froid et design l\u00e9ger.  Cordon rotatif anti-n\u0153ud.\" \/>\n<meta name=\"robots\" content=\"index, follow, max-snippet:-1, max-image-preview:large, max-video-preview:-1\" \/>\n<link rel=\"canonical\" href=\"https:\/\/baya-shop.com\/home\/product\/revlon-brosse-soufflante-one-step-volumiser-rvdr5222pe\/\" \/>\n<meta property=\"og:locale\" content=\"fr_FR\" \/>\n<meta property=\"og:type\" content=\"article\" \/>\n<meta property=\"og:title\" content=\"Revlon Brosse Soufflante One-Step Volumiser RVDR5222PE - Baya Shop\" \/>\n<meta property=\"og:description\" content=\"Brosse de forme ovale pour lisser les cheveux, cr\u00e9er du volume aux racines et obtenir des extr\u00e9mit\u00e9s joliment courb\u00e9es. Plus besoin d\u2019utiliser un autre appareil pour faire onduler vos cheveux. Plus rapide\u00a0: cette brosse coiffante est con\u00e7ue pour r\u00e9partir l\u2019air rapidement et uniform\u00e9ment sur la chevelure et s\u00e9cher et coiffer plus rapidement pour moins de dommages dus \u00e0 la chaleur. Gr\u00e2ce \u00e0 la TECHNOLOGIE IONIQUE, les ions n\u00e9gatifs saturent le flux d\u2019air pour r\u00e9duire la taille des gouttes d\u2019eau et s\u00e9cher plus rapidement. Cela contribue \u00e0 d\u00e9m\u00ealer et lisser les cheveux et \u00e0 les rendre plus brillants, tout en r\u00e9duisant les frisottis et l\u2019\u00e9lectricit\u00e9 statique.  REV\u00caTEMENT C\u00c9RAMIQUE pour une r\u00e9partition homog\u00e8ne de la chaleur et moins de dommages aux cheveux.  Poils mixtes avec picots en nylon et pointes rondes confortables pour d\u00e9m\u00ealer les cheveux en douceur, avec poils de sanglier pour accrocher les cheveux sur le c\u00f4t\u00e9 incurv\u00e9, pour plus de volume et de contr\u00f4le, ainsi qu\u2019un r\u00e9sultat lisse et brillant.   3 r\u00e9glages de temp\u00e9rature  2 r\u00e9glages de vitesse Manche ergonomique,  embout froid et design l\u00e9ger.  Cordon rotatif anti-n\u0153ud.\" \/>\n<meta property=\"og:url\" content=\"https:\/\/baya-shop.com\/home\/product\/revlon-brosse-soufflante-one-step-volumiser-rvdr5222pe\/\" \/>\n<meta property=\"og:site_name\" content=\"Baya Shop\" \/>\n<meta property=\"article:publisher\" content=\"https:\/\/www.facebook.com\/Baya-Shop-103955257949742\" \/>\n<meta property=\"article:modified_time\" content=\"2025-12-13T12:01:21+00:00\" \/>\n<meta property=\"og:image\" content=\"https:\/\/baya-shop.com\/wp-content\/uploads\/2025\/01\/revlon_rvdr5222pe_ruzovy_03.jpg.thumb_1644558105_45bd90fa4c_177x148_F192X148.webp\" \/>\n\t<meta property=\"og:image:width\" content=\"192\" \/>\n\t<meta property=\"og:image:height\" content=\"148\" \/>\n\t<meta property=\"og:image:type\" content=\"image\/webp\" \/>\n<meta name=\"twitter:card\" content=\"summary_large_image\" \/>\n<meta name=\"twitter:label1\" content=\"Dur\u00e9e de lecture estim\u00e9e\" \/>\n\t<meta name=\"twitter:data1\" content=\"1 minute\" \/>\n<script type=\"application\/ld+json\" class=\"yoast-schema-graph\">{\"@context\":\"https:\\\/\\\/schema.org\",\"@graph\":[{\"@type\":\"WebPage\",\"@id\":\"https:\\\/\\\/baya-shop.com\\\/home\\\/product\\\/revlon-brosse-soufflante-one-step-volumiser-rvdr5222pe\\\/\",\"url\":\"https:\\\/\\\/baya-shop.com\\\/home\\\/product\\\/revlon-brosse-soufflante-one-step-volumiser-rvdr5222pe\\\/\",\"name\":\"Revlon Brosse Soufflante One-Step Volumiser RVDR5222PE - Baya Shop\",\"isPartOf\":{\"@id\":\"https:\\\/\\\/baya-shop.com\\\/home\\\/#website\"},\"primaryImageOfPage\":{\"@id\":\"https:\\\/\\\/baya-shop.com\\\/home\\\/product\\\/revlon-brosse-soufflante-one-step-volumiser-rvdr5222pe\\\/#primaryimage\"},\"image\":{\"@id\":\"https:\\\/\\\/baya-shop.com\\\/home\\\/product\\\/revlon-brosse-soufflante-one-step-volumiser-rvdr5222pe\\\/#primaryimage\"},\"thumbnailUrl\":\"https:\\\/\\\/i0.wp.com\\\/baya-shop.com\\\/wp-content\\\/uploads\\\/2025\\\/01\\\/img_0187.jpeg?fit=680%2C680&ssl=1\",\"datePublished\":\"2025-01-30T11:21:13+00:00\",\"dateModified\":\"2025-12-13T12:01:21+00:00\",\"description\":\"Brosse de forme ovale pour lisser les cheveux, cr\u00e9er du volume aux racines et obtenir des extr\u00e9mit\u00e9s joliment courb\u00e9es. Plus besoin d\u2019utiliser un autre appareil pour faire onduler vos cheveux. Plus rapide\u00a0: cette brosse coiffante est con\u00e7ue pour r\u00e9partir l\u2019air rapidement et uniform\u00e9ment sur la chevelure et s\u00e9cher et coiffer plus rapidement pour moins de dommages dus \u00e0 la chaleur. Gr\u00e2ce \u00e0 la TECHNOLOGIE IONIQUE, les ions n\u00e9gatifs saturent le flux d\u2019air pour r\u00e9duire la taille des gouttes d\u2019eau et s\u00e9cher plus rapidement. Cela contribue \u00e0 d\u00e9m\u00ealer et lisser les cheveux et \u00e0 les rendre plus brillants, tout en r\u00e9duisant les frisottis et l\u2019\u00e9lectricit\u00e9 statique. REV\u00caTEMENT C\u00c9RAMIQUE pour une r\u00e9partition homog\u00e8ne de la chaleur et moins de dommages aux cheveux. Poils mixtes avec picots en nylon et pointes rondes confortables pour d\u00e9m\u00ealer les cheveux en douceur, avec poils de sanglier pour accrocher les cheveux sur le c\u00f4t\u00e9 incurv\u00e9, pour plus de volume et de contr\u00f4le, ainsi qu\u2019un r\u00e9sultat lisse et brillant. 3 r\u00e9glages de temp\u00e9rature 2 r\u00e9glages de vitesse Manche ergonomique, embout froid et design l\u00e9ger. Cordon rotatif anti-n\u0153ud.\",\"breadcrumb\":{\"@id\":\"https:\\\/\\\/baya-shop.com\\\/home\\\/product\\\/revlon-brosse-soufflante-one-step-volumiser-rvdr5222pe\\\/#breadcrumb\"},\"inLanguage\":\"fr-FR\",\"potentialAction\":[{\"@type\":\"ReadAction\",\"target\":[\"https:\\\/\\\/baya-shop.com\\\/home\\\/product\\\/revlon-brosse-soufflante-one-step-volumiser-rvdr5222pe\\\/\"]}]},{\"@type\":\"ImageObject\",\"inLanguage\":\"fr-FR\",\"@id\":\"https:\\\/\\\/baya-shop.com\\\/home\\\/product\\\/revlon-brosse-soufflante-one-step-volumiser-rvdr5222pe\\\/#primaryimage\",\"url\":\"https:\\\/\\\/i0.wp.com\\\/baya-shop.com\\\/wp-content\\\/uploads\\\/2025\\\/01\\\/img_0187.jpeg?fit=680%2C680&ssl=1\",\"contentUrl\":\"https:\\\/\\\/i0.wp.com\\\/baya-shop.com\\\/wp-content\\\/uploads\\\/2025\\\/01\\\/img_0187.jpeg?fit=680%2C680&ssl=1\",\"width\":680,\"height\":680},{\"@type\":\"BreadcrumbList\",\"@id\":\"https:\\\/\\\/baya-shop.com\\\/home\\\/product\\\/revlon-brosse-soufflante-one-step-volumiser-rvdr5222pe\\\/#breadcrumb\",\"itemListElement\":[{\"@type\":\"ListItem\",\"position\":1,\"name\":\"Accueil\",\"item\":\"https:\\\/\\\/baya-shop.com\\\/home\\\/\"},{\"@type\":\"ListItem\",\"position\":2,\"name\":\"Shop\",\"item\":\"https:\\\/\\\/baya-shop.com\\\/home\\\/shop\\\/\"},{\"@type\":\"ListItem\",\"position\":3,\"name\":\"Revlon Brosse Soufflante One-Step Volumiser RVDR5222PE\"}]},{\"@type\":\"WebSite\",\"@id\":\"https:\\\/\\\/baya-shop.com\\\/home\\\/#website\",\"url\":\"https:\\\/\\\/baya-shop.com\\\/home\\\/\",\"name\":\"Baya Shop\",\"description\":\"\",\"publisher\":{\"@id\":\"https:\\\/\\\/baya-shop.com\\\/home\\\/#organization\"},\"potentialAction\":[{\"@type\":\"SearchAction\",\"target\":{\"@type\":\"EntryPoint\",\"urlTemplate\":\"https:\\\/\\\/baya-shop.com\\\/home\\\/?s={search_term_string}\"},\"query-input\":{\"@type\":\"PropertyValueSpecification\",\"valueRequired\":true,\"valueName\":\"search_term_string\"}}],\"inLanguage\":\"fr-FR\"},{\"@type\":\"Organization\",\"@id\":\"https:\\\/\\\/baya-shop.com\\\/home\\\/#organization\",\"name\":\"Baya Shop\",\"url\":\"https:\\\/\\\/baya-shop.com\\\/home\\\/\",\"logo\":{\"@type\":\"ImageObject\",\"inLanguage\":\"fr-FR\",\"@id\":\"https:\\\/\\\/baya-shop.com\\\/home\\\/#\\\/schema\\\/logo\\\/image\\\/\",\"url\":\"https:\\\/\\\/baya-shop.com\\\/wp-content\\\/uploads\\\/2020\\\/11\\\/g.png\",\"contentUrl\":\"https:\\\/\\\/baya-shop.com\\\/wp-content\\\/uploads\\\/2020\\\/11\\\/g.png\",\"width\":64,\"height\":64,\"caption\":\"Baya Shop\"},\"image\":{\"@id\":\"https:\\\/\\\/baya-shop.com\\\/home\\\/#\\\/schema\\\/logo\\\/image\\\/\"},\"sameAs\":[\"https:\\\/\\\/www.facebook.com\\\/Baya-Shop-103955257949742\",\"https:\\\/\\\/www.instagram.com\\\/baya_shop_dz\\\/\"]}]}<\/script>\n<!-- \/ Yoast SEO plugin. -->","yoast_head_json":{"title":"Revlon Brosse Soufflante One-Step Volumiser RVDR5222PE - Baya Shop","description":"Brosse de forme ovale pour lisser les cheveux, cr\u00e9er du volume aux racines et obtenir des extr\u00e9mit\u00e9s joliment courb\u00e9es. Plus besoin d\u2019utiliser un autre appareil pour faire onduler vos cheveux. Plus rapide\u00a0: cette brosse coiffante est con\u00e7ue pour r\u00e9partir l\u2019air rapidement et uniform\u00e9ment sur la chevelure et s\u00e9cher et coiffer plus rapidement pour moins de dommages dus \u00e0 la chaleur. Gr\u00e2ce \u00e0 la TECHNOLOGIE IONIQUE, les ions n\u00e9gatifs saturent le flux d\u2019air pour r\u00e9duire la taille des gouttes d\u2019eau et s\u00e9cher plus rapidement. Cela contribue \u00e0 d\u00e9m\u00ealer et lisser les cheveux et \u00e0 les rendre plus brillants, tout en r\u00e9duisant les frisottis et l\u2019\u00e9lectricit\u00e9 statique.  REV\u00caTEMENT C\u00c9RAMIQUE pour une r\u00e9partition homog\u00e8ne de la chaleur et moins de dommages aux cheveux.  Poils mixtes avec picots en nylon et pointes rondes confortables pour d\u00e9m\u00ealer les cheveux en douceur, avec poils de sanglier pour accrocher les cheveux sur le c\u00f4t\u00e9 incurv\u00e9, pour plus de volume et de contr\u00f4le, ainsi qu\u2019un r\u00e9sultat lisse et brillant.   3 r\u00e9glages de temp\u00e9rature  2 r\u00e9glages de vitesse Manche ergonomique,  embout froid et design l\u00e9ger.  Cordon rotatif anti-n\u0153ud.","robots":{"index":"index","follow":"follow","max-snippet":"max-snippet:-1","max-image-preview":"max-image-preview:large","max-video-preview":"max-video-preview:-1"},"canonical":"https:\/\/baya-shop.com\/home\/product\/revlon-brosse-soufflante-one-step-volumiser-rvdr5222pe\/","og_locale":"fr_FR","og_type":"article","og_title":"Revlon Brosse Soufflante One-Step Volumiser RVDR5222PE - Baya Shop","og_description":"Brosse de forme ovale pour lisser les cheveux, cr\u00e9er du volume aux racines et obtenir des extr\u00e9mit\u00e9s joliment courb\u00e9es. Plus besoin d\u2019utiliser un autre appareil pour faire onduler vos cheveux. Plus rapide\u00a0: cette brosse coiffante est con\u00e7ue pour r\u00e9partir l\u2019air rapidement et uniform\u00e9ment sur la chevelure et s\u00e9cher et coiffer plus rapidement pour moins de dommages dus \u00e0 la chaleur. Gr\u00e2ce \u00e0 la TECHNOLOGIE IONIQUE, les ions n\u00e9gatifs saturent le flux d\u2019air pour r\u00e9duire la taille des gouttes d\u2019eau et s\u00e9cher plus rapidement. Cela contribue \u00e0 d\u00e9m\u00ealer et lisser les cheveux et \u00e0 les rendre plus brillants, tout en r\u00e9duisant les frisottis et l\u2019\u00e9lectricit\u00e9 statique.  REV\u00caTEMENT C\u00c9RAMIQUE pour une r\u00e9partition homog\u00e8ne de la chaleur et moins de dommages aux cheveux.  Poils mixtes avec picots en nylon et pointes rondes confortables pour d\u00e9m\u00ealer les cheveux en douceur, avec poils de sanglier pour accrocher les cheveux sur le c\u00f4t\u00e9 incurv\u00e9, pour plus de volume et de contr\u00f4le, ainsi qu\u2019un r\u00e9sultat lisse et brillant.   3 r\u00e9glages de temp\u00e9rature  2 r\u00e9glages de vitesse Manche ergonomique,  embout froid et design l\u00e9ger.  Cordon rotatif anti-n\u0153ud.","og_url":"https:\/\/baya-shop.com\/home\/product\/revlon-brosse-soufflante-one-step-volumiser-rvdr5222pe\/","og_site_name":"Baya Shop","article_publisher":"https:\/\/www.facebook.com\/Baya-Shop-103955257949742","article_modified_time":"2025-12-13T12:01:21+00:00","og_image":[{"width":192,"height":148,"url":"https:\/\/baya-shop.com\/wp-content\/uploads\/2025\/01\/revlon_rvdr5222pe_ruzovy_03.jpg.thumb_1644558105_45bd90fa4c_177x148_F192X148.webp","type":"image\/webp"}],"twitter_card":"summary_large_image","twitter_misc":{"Dur\u00e9e de lecture estim\u00e9e":"1 minute"},"schema":{"@context":"https:\/\/schema.org","@graph":[{"@type":"WebPage","@id":"https:\/\/baya-shop.com\/home\/product\/revlon-brosse-soufflante-one-step-volumiser-rvdr5222pe\/","url":"https:\/\/baya-shop.com\/home\/product\/revlon-brosse-soufflante-one-step-volumiser-rvdr5222pe\/","name":"Revlon Brosse Soufflante One-Step Volumiser RVDR5222PE - Baya Shop","isPartOf":{"@id":"https:\/\/baya-shop.com\/home\/#website"},"primaryImageOfPage":{"@id":"https:\/\/baya-shop.com\/home\/product\/revlon-brosse-soufflante-one-step-volumiser-rvdr5222pe\/#primaryimage"},"image":{"@id":"https:\/\/baya-shop.com\/home\/product\/revlon-brosse-soufflante-one-step-volumiser-rvdr5222pe\/#primaryimage"},"thumbnailUrl":"https:\/\/i0.wp.com\/baya-shop.com\/wp-content\/uploads\/2025\/01\/img_0187.jpeg?fit=680%2C680&ssl=1","datePublished":"2025-01-30T11:21:13+00:00","dateModified":"2025-12-13T12:01:21+00:00","description":"Brosse de forme ovale pour lisser les cheveux, cr\u00e9er du volume aux racines et obtenir des extr\u00e9mit\u00e9s joliment courb\u00e9es. Plus besoin d\u2019utiliser un autre appareil pour faire onduler vos cheveux. Plus rapide\u00a0: cette brosse coiffante est con\u00e7ue pour r\u00e9partir l\u2019air rapidement et uniform\u00e9ment sur la chevelure et s\u00e9cher et coiffer plus rapidement pour moins de dommages dus \u00e0 la chaleur. Gr\u00e2ce \u00e0 la TECHNOLOGIE IONIQUE, les ions n\u00e9gatifs saturent le flux d\u2019air pour r\u00e9duire la taille des gouttes d\u2019eau et s\u00e9cher plus rapidement. Cela contribue \u00e0 d\u00e9m\u00ealer et lisser les cheveux et \u00e0 les rendre plus brillants, tout en r\u00e9duisant les frisottis et l\u2019\u00e9lectricit\u00e9 statique. REV\u00caTEMENT C\u00c9RAMIQUE pour une r\u00e9partition homog\u00e8ne de la chaleur et moins de dommages aux cheveux. Poils mixtes avec picots en nylon et pointes rondes confortables pour d\u00e9m\u00ealer les cheveux en douceur, avec poils de sanglier pour accrocher les cheveux sur le c\u00f4t\u00e9 incurv\u00e9, pour plus de volume et de contr\u00f4le, ainsi qu\u2019un r\u00e9sultat lisse et brillant. 3 r\u00e9glages de temp\u00e9rature 2 r\u00e9glages de vitesse Manche ergonomique, embout froid et design l\u00e9ger. Cordon rotatif anti-n\u0153ud.","breadcrumb":{"@id":"https:\/\/baya-shop.com\/home\/product\/revlon-brosse-soufflante-one-step-volumiser-rvdr5222pe\/#breadcrumb"},"inLanguage":"fr-FR","potentialAction":[{"@type":"ReadAction","target":["https:\/\/baya-shop.com\/home\/product\/revlon-brosse-soufflante-one-step-volumiser-rvdr5222pe\/"]}]},{"@type":"ImageObject","inLanguage":"fr-FR","@id":"https:\/\/baya-shop.com\/home\/product\/revlon-brosse-soufflante-one-step-volumiser-rvdr5222pe\/#primaryimage","url":"https:\/\/i0.wp.com\/baya-shop.com\/wp-content\/uploads\/2025\/01\/img_0187.jpeg?fit=680%2C680&ssl=1","contentUrl":"https:\/\/i0.wp.com\/baya-shop.com\/wp-content\/uploads\/2025\/01\/img_0187.jpeg?fit=680%2C680&ssl=1","width":680,"height":680},{"@type":"BreadcrumbList","@id":"https:\/\/baya-shop.com\/home\/product\/revlon-brosse-soufflante-one-step-volumiser-rvdr5222pe\/#breadcrumb","itemListElement":[{"@type":"ListItem","position":1,"name":"Accueil","item":"https:\/\/baya-shop.com\/home\/"},{"@type":"ListItem","position":2,"name":"Shop","item":"https:\/\/baya-shop.com\/home\/shop\/"},{"@type":"ListItem","position":3,"name":"Revlon Brosse Soufflante One-Step Volumiser RVDR5222PE"}]},{"@type":"WebSite","@id":"https:\/\/baya-shop.com\/home\/#website","url":"https:\/\/baya-shop.com\/home\/","name":"Baya Shop","description":"","publisher":{"@id":"https:\/\/baya-shop.com\/home\/#organization"},"potentialAction":[{"@type":"SearchAction","target":{"@type":"EntryPoint","urlTemplate":"https:\/\/baya-shop.com\/home\/?s={search_term_string}"},"query-input":{"@type":"PropertyValueSpecification","valueRequired":true,"valueName":"search_term_string"}}],"inLanguage":"fr-FR"},{"@type":"Organization","@id":"https:\/\/baya-shop.com\/home\/#organization","name":"Baya Shop","url":"https:\/\/baya-shop.com\/home\/","logo":{"@type":"ImageObject","inLanguage":"fr-FR","@id":"https:\/\/baya-shop.com\/home\/#\/schema\/logo\/image\/","url":"https:\/\/baya-shop.com\/wp-content\/uploads\/2020\/11\/g.png","contentUrl":"https:\/\/baya-shop.com\/wp-content\/uploads\/2020\/11\/g.png","width":64,"height":64,"caption":"Baya Shop"},"image":{"@id":"https:\/\/baya-shop.com\/home\/#\/schema\/logo\/image\/"},"sameAs":["https:\/\/www.facebook.com\/Baya-Shop-103955257949742","https:\/\/www.instagram.com\/baya_shop_dz\/"]}]}},"jetpack_publicize_connections":[],"jetpack_sharing_enabled":true,"jetpack_likes_enabled":true,"jetpack-related-posts":[],"_links":{"self":[{"href":"https:\/\/baya-shop.com\/home\/wp-json\/wp\/v2\/product\/4190","targetHints":{"allow":["GET"]}}],"collection":[{"href":"https:\/\/baya-shop.com\/home\/wp-json\/wp\/v2\/product"}],"about":[{"href":"https:\/\/baya-shop.com\/home\/wp-json\/wp\/v2\/types\/product"}],"replies":[{"embeddable":true,"href":"https:\/\/baya-shop.com\/home\/wp-json\/wp\/v2\/comments?post=4190"}],"wp:featuredmedia":[{"embeddable":true,"href":"https:\/\/baya-shop.com\/home\/wp-json\/wp\/v2\/media\/4967"}],"wp:attachment":[{"href":"https:\/\/baya-shop.com\/home\/wp-json\/wp\/v2\/media?parent=4190"}],"wp:term":[{"taxonomy":"product_brand","embeddable":true,"href":"https:\/\/baya-shop.com\/home\/wp-json\/wp\/v2\/product_brand?post=4190"},{"taxonomy":"product_cat","embeddable":true,"href":"https:\/\/baya-shop.com\/home\/wp-json\/wp\/v2\/product_cat?post=4190"},{"taxonomy":"product_tag","embeddable":true,"href":"https:\/\/baya-shop.com\/home\/wp-json\/wp\/v2\/product_tag?post=4190"}],"curies":[{"name":"wp","href":"https:\/\/api.w.org\/{rel}","templated":true}]}}