{"id":4186,"date":"2025-01-30T12:04:02","date_gmt":"2025-01-30T11:04:02","guid":{"rendered":"https:\/\/baya-shop.com\/home\/?post_type=product&#038;p=4186"},"modified":"2025-08-18T17:16:53","modified_gmt":"2025-08-18T16:16:53","slug":"gama-seche-cheveux-3d-therapy-gh1801","status":"publish","type":"product","link":"https:\/\/baya-shop.com\/home\/product\/gama-seche-cheveux-3d-therapy-gh1801\/","title":{"rendered":"GAMA S\u00e8che-Cheveux 3D THERAPY GH1801"},"content":{"rendered":"","protected":false},"excerpt":{"rendered":"<p><span><span class=\"\">Le s\u00e8che-cheveux Potenza fait partie de la\u00a0 s\u00e9rie compl\u00e8te de soins capillaires\u00a0<\/span><\/span><strong><span><span class=\"\">GAMA 3D THERAPY<\/span><\/span><\/strong><span><span class=\"\">\u00a0. Le mod\u00e8le est assez compact, mais multifonctionnel. La s\u00e9rie est con\u00e7ue pour am\u00e9liorer l&rsquo;\u00e9tat des cheveux, les soulager des torsions et des enchev\u00eatrements, ainsi que pour les restaurer et leur donner une brillance unique.<\/span><\/span><\/p>\n<p><span>Le principal avantage du mod\u00e8le est la disponibilit\u00e9 de la technologie d&rsquo;ionisation GAMA Ion Plus. Cette technologie GAMA assure la production de 80 % d&rsquo;ions n\u00e9gatifs en plus, ce qui permet de restaurer la structure des cheveux gr\u00e2ce \u00e0 l&rsquo;effet des ions sur leur structure.<\/span><\/p>\n<p><span><span class=\"\">Le mod\u00e8le adopte un moteur \u00e0 courant continu plus l\u00e9ger pour un fonctionnement stable et \u00e9quilibr\u00e9. Dans l&rsquo;ensemble, le s\u00e8che-cheveux est tr\u00e8s l\u00e9ger et poss\u00e8de une poign\u00e9e souple antid\u00e9rapante. La grille recouverte de tourmaline a un effet positif sur les cheveux pendant le fonctionnement de l&rsquo;appareil.<\/span><\/span><\/p>\n<p><span>Le s\u00e8che-cheveux Potenza poss\u00e8de un filtre amovible pour un nettoyage facile et est assez silencieux. 6 modes de temp\u00e9rature et 2 modes de vitesse vous permettront de s\u00e9lectionner avec plus de flexibilit\u00e9 le mode souhait\u00e9 pour s\u00e9cher ou coiffer vos cheveux.<\/span><\/p>\n<p><strong><span>Caract\u00e9ristiques du mod\u00e8le GAMA POTENZA 3D THERAPY GH1801 :<\/span><\/strong><\/p>\n<ul>\n<li><span>Puissance 2400W<\/span><\/li>\n<li><span>6 r\u00e9glages de temp\u00e9rature<\/span><\/li>\n<li><span>2 r\u00e9glages de vitesse<\/span><\/li>\n<li><span>Filtre amovible<\/span><\/li>\n<li><span>Poign\u00e9e antid\u00e9rapante<\/span><\/li>\n<li><span>Technologie Ion Plus<\/span><\/li>\n<li><span>Fonctionnement silencieux<\/span><\/li>\n<li><span><span class=\"VIpgJd-yAWNEb-VIpgJd-fmcmS-sn54Q\">Longueur du cordon 1,8 m\u00e8tre<\/span><\/span><\/li>\n<\/ul>\n","protected":false},"featured_media":4189,"comment_status":"open","ping_status":"closed","template":"","meta":{"jetpack_post_was_ever_published":false,"jetpack_publicize_message":"","jetpack_publicize_feature_enabled":true,"jetpack_social_post_already_shared":true,"jetpack_social_options":{"image_generator_settings":{"template":"highway","default_image_id":0,"font":"","enabled":false},"version":2}},"product_brand":[],"product_cat":[48,20],"product_tag":[],"class_list":{"0":"post-4186","1":"product","2":"type-product","3":"status-publish","4":"has-post-thumbnail","6":"product_cat-gama","7":"product_cat-seche-cheveux","9":"first","10":"instock","11":"sale","12":"shipping-taxable","13":"purchasable","14":"product-type-simple"},"yoast_head":"<!-- This site is optimized with the Yoast SEO plugin v27.4 - https:\/\/yoast.com\/product\/yoast-seo-wordpress\/ -->\n<title>GAMA S\u00e8che-Cheveux 3D THERAPY GH1801 - Baya Shop<\/title>\n<meta name=\"description\" content=\"Le s\u00e8che-cheveux Potenza fait partie de la\u00a0 s\u00e9rie compl\u00e8te de soins capillaires\u00a0GAMA 3D THERAPY\u00a0. Le mod\u00e8le est assez compact, mais multifonctionnel. La s\u00e9rie est con\u00e7ue pour am\u00e9liorer l&#039;\u00e9tat des cheveux, les soulager des torsions et des enchev\u00eatrements, ainsi que pour les restaurer et leur donner une brillance unique.  Le principal avantage du mod\u00e8le est la disponibilit\u00e9 de la technologie d&#039;ionisation GAMA Ion Plus. Cette technologie GAMA assure la production de 80 % d&#039;ions n\u00e9gatifs en plus, ce qui permet de restaurer la structure des cheveux gr\u00e2ce \u00e0 l&#039;effet des ions sur leur structure.  Le mod\u00e8le adopte un moteur \u00e0 courant continu plus l\u00e9ger pour un fonctionnement stable et \u00e9quilibr\u00e9. Dans l&#039;ensemble, le s\u00e8che-cheveux est tr\u00e8s l\u00e9ger et poss\u00e8de une poign\u00e9e souple antid\u00e9rapante. La grille recouverte de tourmaline a un effet positif sur les cheveux pendant le fonctionnement de l&#039;appareil.  Le s\u00e8che-cheveux Potenza poss\u00e8de un filtre amovible pour un nettoyage facile et est assez silencieux. 6 modes de temp\u00e9rature et 2 modes de vitesse vous permettront de s\u00e9lectionner avec plus de flexibilit\u00e9 le mode souhait\u00e9 pour s\u00e9cher ou coiffer vos cheveux.  Caract\u00e9ristiques du mod\u00e8le GAMA POTENZA 3D THERAPY GH1801 :   Puissance 2400W  6 r\u00e9glages de temp\u00e9rature  2 r\u00e9glages de vitesse  Filtre amovible  Poign\u00e9e antid\u00e9rapante  Technologie Ion Plus  Fonctionnement silencieux  Longueur du cordon 1,8 m\u00e8tre\" \/>\n<meta name=\"robots\" content=\"index, follow, max-snippet:-1, max-image-preview:large, max-video-preview:-1\" \/>\n<link rel=\"canonical\" href=\"https:\/\/baya-shop.com\/home\/product\/gama-seche-cheveux-3d-therapy-gh1801\/\" \/>\n<meta property=\"og:locale\" content=\"fr_FR\" \/>\n<meta property=\"og:type\" content=\"article\" \/>\n<meta property=\"og:title\" content=\"GAMA S\u00e8che-Cheveux 3D THERAPY GH1801 - Baya Shop\" \/>\n<meta property=\"og:description\" content=\"Le s\u00e8che-cheveux Potenza fait partie de la\u00a0 s\u00e9rie compl\u00e8te de soins capillaires\u00a0GAMA 3D THERAPY\u00a0. Le mod\u00e8le est assez compact, mais multifonctionnel. La s\u00e9rie est con\u00e7ue pour am\u00e9liorer l&#039;\u00e9tat des cheveux, les soulager des torsions et des enchev\u00eatrements, ainsi que pour les restaurer et leur donner une brillance unique.  Le principal avantage du mod\u00e8le est la disponibilit\u00e9 de la technologie d&#039;ionisation GAMA Ion Plus. Cette technologie GAMA assure la production de 80 % d&#039;ions n\u00e9gatifs en plus, ce qui permet de restaurer la structure des cheveux gr\u00e2ce \u00e0 l&#039;effet des ions sur leur structure.  Le mod\u00e8le adopte un moteur \u00e0 courant continu plus l\u00e9ger pour un fonctionnement stable et \u00e9quilibr\u00e9. Dans l&#039;ensemble, le s\u00e8che-cheveux est tr\u00e8s l\u00e9ger et poss\u00e8de une poign\u00e9e souple antid\u00e9rapante. La grille recouverte de tourmaline a un effet positif sur les cheveux pendant le fonctionnement de l&#039;appareil.  Le s\u00e8che-cheveux Potenza poss\u00e8de un filtre amovible pour un nettoyage facile et est assez silencieux. 6 modes de temp\u00e9rature et 2 modes de vitesse vous permettront de s\u00e9lectionner avec plus de flexibilit\u00e9 le mode souhait\u00e9 pour s\u00e9cher ou coiffer vos cheveux.  Caract\u00e9ristiques du mod\u00e8le GAMA POTENZA 3D THERAPY GH1801 :   Puissance 2400W  6 r\u00e9glages de temp\u00e9rature  2 r\u00e9glages de vitesse  Filtre amovible  Poign\u00e9e antid\u00e9rapante  Technologie Ion Plus  Fonctionnement silencieux  Longueur du cordon 1,8 m\u00e8tre\" \/>\n<meta property=\"og:url\" content=\"https:\/\/baya-shop.com\/home\/product\/gama-seche-cheveux-3d-therapy-gh1801\/\" \/>\n<meta property=\"og:site_name\" content=\"Baya Shop\" \/>\n<meta property=\"article:publisher\" content=\"https:\/\/www.facebook.com\/Baya-Shop-103955257949742\" \/>\n<meta property=\"article:modified_time\" content=\"2025-08-18T16:16:53+00:00\" \/>\n<meta property=\"og:image\" content=\"https:\/\/baya-shop.com\/wp-content\/uploads\/2025\/01\/89297386584061.jpg.jpg\" \/>\n\t<meta property=\"og:image:width\" content=\"550\" \/>\n\t<meta property=\"og:image:height\" content=\"450\" \/>\n\t<meta property=\"og:image:type\" content=\"image\/jpeg\" \/>\n<meta name=\"twitter:card\" content=\"summary_large_image\" \/>\n<meta name=\"twitter:label1\" content=\"Dur\u00e9e de lecture estim\u00e9e\" \/>\n\t<meta name=\"twitter:data1\" content=\"1 minute\" \/>\n<script type=\"application\/ld+json\" class=\"yoast-schema-graph\">{\"@context\":\"https:\\\/\\\/schema.org\",\"@graph\":[{\"@type\":\"WebPage\",\"@id\":\"https:\\\/\\\/baya-shop.com\\\/home\\\/product\\\/gama-seche-cheveux-3d-therapy-gh1801\\\/\",\"url\":\"https:\\\/\\\/baya-shop.com\\\/home\\\/product\\\/gama-seche-cheveux-3d-therapy-gh1801\\\/\",\"name\":\"GAMA S\u00e8che-Cheveux 3D THERAPY GH1801 - Baya Shop\",\"isPartOf\":{\"@id\":\"https:\\\/\\\/baya-shop.com\\\/home\\\/#website\"},\"primaryImageOfPage\":{\"@id\":\"https:\\\/\\\/baya-shop.com\\\/home\\\/product\\\/gama-seche-cheveux-3d-therapy-gh1801\\\/#primaryimage\"},\"image\":{\"@id\":\"https:\\\/\\\/baya-shop.com\\\/home\\\/product\\\/gama-seche-cheveux-3d-therapy-gh1801\\\/#primaryimage\"},\"thumbnailUrl\":\"https:\\\/\\\/i0.wp.com\\\/baya-shop.com\\\/wp-content\\\/uploads\\\/2025\\\/01\\\/89297386584061.jpg.jpg?fit=550%2C450&ssl=1\",\"datePublished\":\"2025-01-30T11:04:02+00:00\",\"dateModified\":\"2025-08-18T16:16:53+00:00\",\"description\":\"Le s\u00e8che-cheveux Potenza fait partie de la\u00a0 s\u00e9rie compl\u00e8te de soins capillaires\u00a0GAMA 3D THERAPY\u00a0. Le mod\u00e8le est assez compact, mais multifonctionnel. La s\u00e9rie est con\u00e7ue pour am\u00e9liorer l'\u00e9tat des cheveux, les soulager des torsions et des enchev\u00eatrements, ainsi que pour les restaurer et leur donner une brillance unique. Le principal avantage du mod\u00e8le est la disponibilit\u00e9 de la technologie d'ionisation GAMA Ion Plus. Cette technologie GAMA assure la production de 80 % d'ions n\u00e9gatifs en plus, ce qui permet de restaurer la structure des cheveux gr\u00e2ce \u00e0 l'effet des ions sur leur structure. Le mod\u00e8le adopte un moteur \u00e0 courant continu plus l\u00e9ger pour un fonctionnement stable et \u00e9quilibr\u00e9. Dans l'ensemble, le s\u00e8che-cheveux est tr\u00e8s l\u00e9ger et poss\u00e8de une poign\u00e9e souple antid\u00e9rapante. La grille recouverte de tourmaline a un effet positif sur les cheveux pendant le fonctionnement de l'appareil. Le s\u00e8che-cheveux Potenza poss\u00e8de un filtre amovible pour un nettoyage facile et est assez silencieux. 6 modes de temp\u00e9rature et 2 modes de vitesse vous permettront de s\u00e9lectionner avec plus de flexibilit\u00e9 le mode souhait\u00e9 pour s\u00e9cher ou coiffer vos cheveux. Caract\u00e9ristiques du mod\u00e8le GAMA POTENZA 3D THERAPY GH1801 : Puissance 2400W 6 r\u00e9glages de temp\u00e9rature 2 r\u00e9glages de vitesse Filtre amovible Poign\u00e9e antid\u00e9rapante Technologie Ion Plus Fonctionnement silencieux Longueur du cordon 1,8 m\u00e8tre\",\"breadcrumb\":{\"@id\":\"https:\\\/\\\/baya-shop.com\\\/home\\\/product\\\/gama-seche-cheveux-3d-therapy-gh1801\\\/#breadcrumb\"},\"inLanguage\":\"fr-FR\",\"potentialAction\":[{\"@type\":\"ReadAction\",\"target\":[\"https:\\\/\\\/baya-shop.com\\\/home\\\/product\\\/gama-seche-cheveux-3d-therapy-gh1801\\\/\"]}]},{\"@type\":\"ImageObject\",\"inLanguage\":\"fr-FR\",\"@id\":\"https:\\\/\\\/baya-shop.com\\\/home\\\/product\\\/gama-seche-cheveux-3d-therapy-gh1801\\\/#primaryimage\",\"url\":\"https:\\\/\\\/i0.wp.com\\\/baya-shop.com\\\/wp-content\\\/uploads\\\/2025\\\/01\\\/89297386584061.jpg.jpg?fit=550%2C450&ssl=1\",\"contentUrl\":\"https:\\\/\\\/i0.wp.com\\\/baya-shop.com\\\/wp-content\\\/uploads\\\/2025\\\/01\\\/89297386584061.jpg.jpg?fit=550%2C450&ssl=1\",\"width\":550,\"height\":450},{\"@type\":\"BreadcrumbList\",\"@id\":\"https:\\\/\\\/baya-shop.com\\\/home\\\/product\\\/gama-seche-cheveux-3d-therapy-gh1801\\\/#breadcrumb\",\"itemListElement\":[{\"@type\":\"ListItem\",\"position\":1,\"name\":\"Accueil\",\"item\":\"https:\\\/\\\/baya-shop.com\\\/home\\\/\"},{\"@type\":\"ListItem\",\"position\":2,\"name\":\"Shop\",\"item\":\"https:\\\/\\\/baya-shop.com\\\/home\\\/shop\\\/\"},{\"@type\":\"ListItem\",\"position\":3,\"name\":\"GAMA S\u00e8che-Cheveux 3D THERAPY GH1801\"}]},{\"@type\":\"WebSite\",\"@id\":\"https:\\\/\\\/baya-shop.com\\\/home\\\/#website\",\"url\":\"https:\\\/\\\/baya-shop.com\\\/home\\\/\",\"name\":\"Baya Shop\",\"description\":\"\",\"publisher\":{\"@id\":\"https:\\\/\\\/baya-shop.com\\\/home\\\/#organization\"},\"potentialAction\":[{\"@type\":\"SearchAction\",\"target\":{\"@type\":\"EntryPoint\",\"urlTemplate\":\"https:\\\/\\\/baya-shop.com\\\/home\\\/?s={search_term_string}\"},\"query-input\":{\"@type\":\"PropertyValueSpecification\",\"valueRequired\":true,\"valueName\":\"search_term_string\"}}],\"inLanguage\":\"fr-FR\"},{\"@type\":\"Organization\",\"@id\":\"https:\\\/\\\/baya-shop.com\\\/home\\\/#organization\",\"name\":\"Baya Shop\",\"url\":\"https:\\\/\\\/baya-shop.com\\\/home\\\/\",\"logo\":{\"@type\":\"ImageObject\",\"inLanguage\":\"fr-FR\",\"@id\":\"https:\\\/\\\/baya-shop.com\\\/home\\\/#\\\/schema\\\/logo\\\/image\\\/\",\"url\":\"https:\\\/\\\/baya-shop.com\\\/wp-content\\\/uploads\\\/2020\\\/11\\\/g.png\",\"contentUrl\":\"https:\\\/\\\/baya-shop.com\\\/wp-content\\\/uploads\\\/2020\\\/11\\\/g.png\",\"width\":64,\"height\":64,\"caption\":\"Baya Shop\"},\"image\":{\"@id\":\"https:\\\/\\\/baya-shop.com\\\/home\\\/#\\\/schema\\\/logo\\\/image\\\/\"},\"sameAs\":[\"https:\\\/\\\/www.facebook.com\\\/Baya-Shop-103955257949742\",\"https:\\\/\\\/www.instagram.com\\\/baya_shop_dz\\\/\"]}]}<\/script>\n<!-- \/ Yoast SEO plugin. -->","yoast_head_json":{"title":"GAMA S\u00e8che-Cheveux 3D THERAPY GH1801 - Baya Shop","description":"Le s\u00e8che-cheveux Potenza fait partie de la\u00a0 s\u00e9rie compl\u00e8te de soins capillaires\u00a0GAMA 3D THERAPY\u00a0. Le mod\u00e8le est assez compact, mais multifonctionnel. La s\u00e9rie est con\u00e7ue pour am\u00e9liorer l'\u00e9tat des cheveux, les soulager des torsions et des enchev\u00eatrements, ainsi que pour les restaurer et leur donner une brillance unique.  Le principal avantage du mod\u00e8le est la disponibilit\u00e9 de la technologie d'ionisation GAMA Ion Plus. Cette technologie GAMA assure la production de 80 % d'ions n\u00e9gatifs en plus, ce qui permet de restaurer la structure des cheveux gr\u00e2ce \u00e0 l'effet des ions sur leur structure.  Le mod\u00e8le adopte un moteur \u00e0 courant continu plus l\u00e9ger pour un fonctionnement stable et \u00e9quilibr\u00e9. Dans l'ensemble, le s\u00e8che-cheveux est tr\u00e8s l\u00e9ger et poss\u00e8de une poign\u00e9e souple antid\u00e9rapante. La grille recouverte de tourmaline a un effet positif sur les cheveux pendant le fonctionnement de l'appareil.  Le s\u00e8che-cheveux Potenza poss\u00e8de un filtre amovible pour un nettoyage facile et est assez silencieux. 6 modes de temp\u00e9rature et 2 modes de vitesse vous permettront de s\u00e9lectionner avec plus de flexibilit\u00e9 le mode souhait\u00e9 pour s\u00e9cher ou coiffer vos cheveux.  Caract\u00e9ristiques du mod\u00e8le GAMA POTENZA 3D THERAPY GH1801 :   Puissance 2400W  6 r\u00e9glages de temp\u00e9rature  2 r\u00e9glages de vitesse  Filtre amovible  Poign\u00e9e antid\u00e9rapante  Technologie Ion Plus  Fonctionnement silencieux  Longueur du cordon 1,8 m\u00e8tre","robots":{"index":"index","follow":"follow","max-snippet":"max-snippet:-1","max-image-preview":"max-image-preview:large","max-video-preview":"max-video-preview:-1"},"canonical":"https:\/\/baya-shop.com\/home\/product\/gama-seche-cheveux-3d-therapy-gh1801\/","og_locale":"fr_FR","og_type":"article","og_title":"GAMA S\u00e8che-Cheveux 3D THERAPY GH1801 - Baya Shop","og_description":"Le s\u00e8che-cheveux Potenza fait partie de la\u00a0 s\u00e9rie compl\u00e8te de soins capillaires\u00a0GAMA 3D THERAPY\u00a0. Le mod\u00e8le est assez compact, mais multifonctionnel. La s\u00e9rie est con\u00e7ue pour am\u00e9liorer l'\u00e9tat des cheveux, les soulager des torsions et des enchev\u00eatrements, ainsi que pour les restaurer et leur donner une brillance unique.  Le principal avantage du mod\u00e8le est la disponibilit\u00e9 de la technologie d'ionisation GAMA Ion Plus. Cette technologie GAMA assure la production de 80 % d'ions n\u00e9gatifs en plus, ce qui permet de restaurer la structure des cheveux gr\u00e2ce \u00e0 l'effet des ions sur leur structure.  Le mod\u00e8le adopte un moteur \u00e0 courant continu plus l\u00e9ger pour un fonctionnement stable et \u00e9quilibr\u00e9. Dans l'ensemble, le s\u00e8che-cheveux est tr\u00e8s l\u00e9ger et poss\u00e8de une poign\u00e9e souple antid\u00e9rapante. La grille recouverte de tourmaline a un effet positif sur les cheveux pendant le fonctionnement de l'appareil.  Le s\u00e8che-cheveux Potenza poss\u00e8de un filtre amovible pour un nettoyage facile et est assez silencieux. 6 modes de temp\u00e9rature et 2 modes de vitesse vous permettront de s\u00e9lectionner avec plus de flexibilit\u00e9 le mode souhait\u00e9 pour s\u00e9cher ou coiffer vos cheveux.  Caract\u00e9ristiques du mod\u00e8le GAMA POTENZA 3D THERAPY GH1801 :   Puissance 2400W  6 r\u00e9glages de temp\u00e9rature  2 r\u00e9glages de vitesse  Filtre amovible  Poign\u00e9e antid\u00e9rapante  Technologie Ion Plus  Fonctionnement silencieux  Longueur du cordon 1,8 m\u00e8tre","og_url":"https:\/\/baya-shop.com\/home\/product\/gama-seche-cheveux-3d-therapy-gh1801\/","og_site_name":"Baya Shop","article_publisher":"https:\/\/www.facebook.com\/Baya-Shop-103955257949742","article_modified_time":"2025-08-18T16:16:53+00:00","og_image":[{"width":550,"height":450,"url":"https:\/\/baya-shop.com\/wp-content\/uploads\/2025\/01\/89297386584061.jpg.jpg","type":"image\/jpeg"}],"twitter_card":"summary_large_image","twitter_misc":{"Dur\u00e9e de lecture estim\u00e9e":"1 minute"},"schema":{"@context":"https:\/\/schema.org","@graph":[{"@type":"WebPage","@id":"https:\/\/baya-shop.com\/home\/product\/gama-seche-cheveux-3d-therapy-gh1801\/","url":"https:\/\/baya-shop.com\/home\/product\/gama-seche-cheveux-3d-therapy-gh1801\/","name":"GAMA S\u00e8che-Cheveux 3D THERAPY GH1801 - Baya Shop","isPartOf":{"@id":"https:\/\/baya-shop.com\/home\/#website"},"primaryImageOfPage":{"@id":"https:\/\/baya-shop.com\/home\/product\/gama-seche-cheveux-3d-therapy-gh1801\/#primaryimage"},"image":{"@id":"https:\/\/baya-shop.com\/home\/product\/gama-seche-cheveux-3d-therapy-gh1801\/#primaryimage"},"thumbnailUrl":"https:\/\/i0.wp.com\/baya-shop.com\/wp-content\/uploads\/2025\/01\/89297386584061.jpg.jpg?fit=550%2C450&ssl=1","datePublished":"2025-01-30T11:04:02+00:00","dateModified":"2025-08-18T16:16:53+00:00","description":"Le s\u00e8che-cheveux Potenza fait partie de la\u00a0 s\u00e9rie compl\u00e8te de soins capillaires\u00a0GAMA 3D THERAPY\u00a0. Le mod\u00e8le est assez compact, mais multifonctionnel. La s\u00e9rie est con\u00e7ue pour am\u00e9liorer l'\u00e9tat des cheveux, les soulager des torsions et des enchev\u00eatrements, ainsi que pour les restaurer et leur donner une brillance unique. Le principal avantage du mod\u00e8le est la disponibilit\u00e9 de la technologie d'ionisation GAMA Ion Plus. Cette technologie GAMA assure la production de 80 % d'ions n\u00e9gatifs en plus, ce qui permet de restaurer la structure des cheveux gr\u00e2ce \u00e0 l'effet des ions sur leur structure. Le mod\u00e8le adopte un moteur \u00e0 courant continu plus l\u00e9ger pour un fonctionnement stable et \u00e9quilibr\u00e9. Dans l'ensemble, le s\u00e8che-cheveux est tr\u00e8s l\u00e9ger et poss\u00e8de une poign\u00e9e souple antid\u00e9rapante. La grille recouverte de tourmaline a un effet positif sur les cheveux pendant le fonctionnement de l'appareil. Le s\u00e8che-cheveux Potenza poss\u00e8de un filtre amovible pour un nettoyage facile et est assez silencieux. 6 modes de temp\u00e9rature et 2 modes de vitesse vous permettront de s\u00e9lectionner avec plus de flexibilit\u00e9 le mode souhait\u00e9 pour s\u00e9cher ou coiffer vos cheveux. Caract\u00e9ristiques du mod\u00e8le GAMA POTENZA 3D THERAPY GH1801 : Puissance 2400W 6 r\u00e9glages de temp\u00e9rature 2 r\u00e9glages de vitesse Filtre amovible Poign\u00e9e antid\u00e9rapante Technologie Ion Plus Fonctionnement silencieux Longueur du cordon 1,8 m\u00e8tre","breadcrumb":{"@id":"https:\/\/baya-shop.com\/home\/product\/gama-seche-cheveux-3d-therapy-gh1801\/#breadcrumb"},"inLanguage":"fr-FR","potentialAction":[{"@type":"ReadAction","target":["https:\/\/baya-shop.com\/home\/product\/gama-seche-cheveux-3d-therapy-gh1801\/"]}]},{"@type":"ImageObject","inLanguage":"fr-FR","@id":"https:\/\/baya-shop.com\/home\/product\/gama-seche-cheveux-3d-therapy-gh1801\/#primaryimage","url":"https:\/\/i0.wp.com\/baya-shop.com\/wp-content\/uploads\/2025\/01\/89297386584061.jpg.jpg?fit=550%2C450&ssl=1","contentUrl":"https:\/\/i0.wp.com\/baya-shop.com\/wp-content\/uploads\/2025\/01\/89297386584061.jpg.jpg?fit=550%2C450&ssl=1","width":550,"height":450},{"@type":"BreadcrumbList","@id":"https:\/\/baya-shop.com\/home\/product\/gama-seche-cheveux-3d-therapy-gh1801\/#breadcrumb","itemListElement":[{"@type":"ListItem","position":1,"name":"Accueil","item":"https:\/\/baya-shop.com\/home\/"},{"@type":"ListItem","position":2,"name":"Shop","item":"https:\/\/baya-shop.com\/home\/shop\/"},{"@type":"ListItem","position":3,"name":"GAMA S\u00e8che-Cheveux 3D THERAPY GH1801"}]},{"@type":"WebSite","@id":"https:\/\/baya-shop.com\/home\/#website","url":"https:\/\/baya-shop.com\/home\/","name":"Baya Shop","description":"","publisher":{"@id":"https:\/\/baya-shop.com\/home\/#organization"},"potentialAction":[{"@type":"SearchAction","target":{"@type":"EntryPoint","urlTemplate":"https:\/\/baya-shop.com\/home\/?s={search_term_string}"},"query-input":{"@type":"PropertyValueSpecification","valueRequired":true,"valueName":"search_term_string"}}],"inLanguage":"fr-FR"},{"@type":"Organization","@id":"https:\/\/baya-shop.com\/home\/#organization","name":"Baya Shop","url":"https:\/\/baya-shop.com\/home\/","logo":{"@type":"ImageObject","inLanguage":"fr-FR","@id":"https:\/\/baya-shop.com\/home\/#\/schema\/logo\/image\/","url":"https:\/\/baya-shop.com\/wp-content\/uploads\/2020\/11\/g.png","contentUrl":"https:\/\/baya-shop.com\/wp-content\/uploads\/2020\/11\/g.png","width":64,"height":64,"caption":"Baya Shop"},"image":{"@id":"https:\/\/baya-shop.com\/home\/#\/schema\/logo\/image\/"},"sameAs":["https:\/\/www.facebook.com\/Baya-Shop-103955257949742","https:\/\/www.instagram.com\/baya_shop_dz\/"]}]}},"jetpack_publicize_connections":[],"jetpack_sharing_enabled":true,"jetpack_likes_enabled":true,"jetpack-related-posts":[],"_links":{"self":[{"href":"https:\/\/baya-shop.com\/home\/wp-json\/wp\/v2\/product\/4186","targetHints":{"allow":["GET"]}}],"collection":[{"href":"https:\/\/baya-shop.com\/home\/wp-json\/wp\/v2\/product"}],"about":[{"href":"https:\/\/baya-shop.com\/home\/wp-json\/wp\/v2\/types\/product"}],"replies":[{"embeddable":true,"href":"https:\/\/baya-shop.com\/home\/wp-json\/wp\/v2\/comments?post=4186"}],"wp:featuredmedia":[{"embeddable":true,"href":"https:\/\/baya-shop.com\/home\/wp-json\/wp\/v2\/media\/4189"}],"wp:attachment":[{"href":"https:\/\/baya-shop.com\/home\/wp-json\/wp\/v2\/media?parent=4186"}],"wp:term":[{"taxonomy":"product_brand","embeddable":true,"href":"https:\/\/baya-shop.com\/home\/wp-json\/wp\/v2\/product_brand?post=4186"},{"taxonomy":"product_cat","embeddable":true,"href":"https:\/\/baya-shop.com\/home\/wp-json\/wp\/v2\/product_cat?post=4186"},{"taxonomy":"product_tag","embeddable":true,"href":"https:\/\/baya-shop.com\/home\/wp-json\/wp\/v2\/product_tag?post=4186"}],"curies":[{"name":"wp","href":"https:\/\/api.w.org\/{rel}","templated":true}]}}