{"id":4073,"date":"2024-09-19T12:53:08","date_gmt":"2024-09-19T11:53:08","guid":{"rendered":"https:\/\/baya-shop.com\/home\/?post_type=product&#038;p=4073"},"modified":"2026-04-16T12:53:07","modified_gmt":"2026-04-16T11:53:07","slug":"revlon-brosse-soufflante-one-step-volumiser-edition-abricot-rvdr5222ae","status":"publish","type":"product","link":"https:\/\/baya-shop.com\/home\/product\/revlon-brosse-soufflante-one-step-volumiser-edition-abricot-rvdr5222ae\/","title":{"rendered":"Revlon Brosse Soufflante One-Step Volumiser \u00c9dition Abricot RVDR5222AE"},"content":{"rendered":"","protected":false},"excerpt":{"rendered":"<ul>\n<li>\n<h3 class=\"LC20lb MBeuO DKV0Md\">\u00a0\u00c9dition abricot<\/h3>\n<\/li>\n<li><span class=\"a-list-item\">Dimensions: 10 x 10 x 34 cm<\/span><\/li>\n<li><span class=\"a-list-item\">BROSSE OVAL DESIGN &#8211; Pour lisser les cheveux, cr\u00e9ez du volume aux racines et des extr\u00e9mit\u00e9s joliment courb\u00e9es &#8211; Pas besoin d&rsquo;utiliser un autre appareil pour obtenir des vagues<\/span><\/li>\n<\/ul>\n<ul class=\"a-unordered-list a-vertical a-spacing-mini\">\n<li class=\"a-spacing-mini\"><span class=\"a-list-item\">MOINS DE TEMPS PASS\u00c9S = MOINS DE D\u00c9G\u00c2TS !Con\u00e7u pour distribuer l&rsquo;air rapidement et uniform\u00e9ment aux cheveux pour s\u00e9cher et styler plus rapidement pour moins de d\u00e9g\u00e2ts dues \u00e0 la chaleur<\/span><\/li>\n<li class=\"a-spacing-mini\"><span class=\"a-list-item\">TECHNOLOGIE IONIQUE &#8211; Les ions n\u00e9gatifs saturent le flux d&rsquo;air pour r\u00e9duire la taille des gouttelettes d&rsquo;eau pour un s\u00e9chage plus rapide. Cela contribue \u00e0 conditionner, lisser et rendre les cheveux plus brillants, tout en r\u00e9duisant les frisottis et l&rsquo;\u00e9lectricit\u00e9 statique<\/span><\/li>\n<li class=\"a-spacing-mini\"><span class=\"a-list-item\">POILS MIXTES &#8211; Broches en nylon avec des bouts arrondis confortables pour d\u00e9tendre les cheveux. M\u00e9lange de poils en nylon et de sanglier pour aider \u00e0 saisir les cheveux sur le bord incurv\u00e9 pour un meilleur volume et plus de contr\u00f4le pour des r\u00e9sultats lisses et brillants<\/span><\/li>\n<li class=\"a-spacing-mini\"><span class=\"a-list-item\">REV\u00caTEMENT C\u00c9RAMIQUE &#8211; Pour une r\u00e9partition uniforme de la chaleur et moins de d\u00e9g\u00e2ts . 3 r\u00e9glages de chauffage \/ 2 vitesses Poign\u00e9e ergonomique, bout froid pour une manipulation facile, conception l\u00e9g\u00e8re Cordon pro 2.5m pivotant anti n\u0153ud\u00a0<\/span><\/li>\n<li class=\"a-spacing-mini\"><span class=\"a-list-item\">La puissance de 1100 watts fournit juste la bonne chaleur<\/span><\/li>\n<\/ul>\n","protected":false},"featured_media":4076,"comment_status":"open","ping_status":"closed","template":"","meta":{"jetpack_post_was_ever_published":false,"jetpack_publicize_message":"","jetpack_publicize_feature_enabled":true,"jetpack_social_post_already_shared":true,"jetpack_social_options":{"image_generator_settings":{"template":"highway","default_image_id":0,"font":"","enabled":false},"version":2}},"product_brand":[],"product_cat":[21,66],"product_tag":[],"class_list":{"0":"post-4073","1":"product","2":"type-product","3":"status-publish","4":"has-post-thumbnail","6":"product_cat-brosse-cheveux","7":"product_cat-revlon","9":"first","10":"outofstock","11":"sale","12":"shipping-taxable","13":"purchasable","14":"product-type-simple"},"yoast_head":"<!-- This site is optimized with the Yoast SEO plugin v27.4 - https:\/\/yoast.com\/product\/yoast-seo-wordpress\/ -->\n<title>Revlon Brosse Soufflante One-Step Volumiser \u00c9dition Abricot RVDR5222AE - Baya Shop<\/title>\n<meta name=\"description\" content=\"\u00a0\u00c9dition abricot   Dimensions: 10 x 10 x 34 cm  BROSSE OVAL DESIGN - Pour lisser les cheveux, cr\u00e9ez du volume aux racines et des extr\u00e9mit\u00e9s joliment courb\u00e9es - Pas besoin d&#039;utiliser un autre appareil pour obtenir des vagues    MOINS DE TEMPS PASS\u00c9S = MOINS DE D\u00c9G\u00c2TS !Con\u00e7u pour distribuer l&#039;air rapidement et uniform\u00e9ment aux cheveux pour s\u00e9cher et styler plus rapidement pour moins de d\u00e9g\u00e2ts dues \u00e0 la chaleur  TECHNOLOGIE IONIQUE - Les ions n\u00e9gatifs saturent le flux d&#039;air pour r\u00e9duire la taille des gouttelettes d&#039;eau pour un s\u00e9chage plus rapide. Cela contribue \u00e0 conditionner, lisser et rendre les cheveux plus brillants, tout en r\u00e9duisant les frisottis et l&#039;\u00e9lectricit\u00e9 statique  POILS MIXTES - Broches en nylon avec des bouts arrondis confortables pour d\u00e9tendre les cheveux. M\u00e9lange de poils en nylon et de sanglier pour aider \u00e0 saisir les cheveux sur le bord incurv\u00e9 pour un meilleur volume et plus de contr\u00f4le pour des r\u00e9sultats lisses et brillants  REV\u00caTEMENT C\u00c9RAMIQUE - Pour une r\u00e9partition uniforme de la chaleur et moins de d\u00e9g\u00e2ts . 3 r\u00e9glages de chauffage \/ 2 vitesses Poign\u00e9e ergonomique, bout froid pour une manipulation facile, conception l\u00e9g\u00e8re Cordon pro 2.5m pivotant anti n\u0153ud\u00a0  La puissance de 1100 watts fournit juste la bonne chaleur\" \/>\n<meta name=\"robots\" content=\"index, follow, max-snippet:-1, max-image-preview:large, max-video-preview:-1\" \/>\n<link rel=\"canonical\" href=\"https:\/\/baya-shop.com\/home\/product\/revlon-brosse-soufflante-one-step-volumiser-edition-abricot-rvdr5222ae\/\" \/>\n<meta property=\"og:locale\" content=\"fr_FR\" \/>\n<meta property=\"og:type\" content=\"article\" \/>\n<meta property=\"og:title\" content=\"Revlon Brosse Soufflante One-Step Volumiser \u00c9dition Abricot RVDR5222AE - Baya Shop\" \/>\n<meta property=\"og:description\" content=\"\u00a0\u00c9dition abricot   Dimensions: 10 x 10 x 34 cm  BROSSE OVAL DESIGN - Pour lisser les cheveux, cr\u00e9ez du volume aux racines et des extr\u00e9mit\u00e9s joliment courb\u00e9es - Pas besoin d&#039;utiliser un autre appareil pour obtenir des vagues    MOINS DE TEMPS PASS\u00c9S = MOINS DE D\u00c9G\u00c2TS !Con\u00e7u pour distribuer l&#039;air rapidement et uniform\u00e9ment aux cheveux pour s\u00e9cher et styler plus rapidement pour moins de d\u00e9g\u00e2ts dues \u00e0 la chaleur  TECHNOLOGIE IONIQUE - Les ions n\u00e9gatifs saturent le flux d&#039;air pour r\u00e9duire la taille des gouttelettes d&#039;eau pour un s\u00e9chage plus rapide. Cela contribue \u00e0 conditionner, lisser et rendre les cheveux plus brillants, tout en r\u00e9duisant les frisottis et l&#039;\u00e9lectricit\u00e9 statique  POILS MIXTES - Broches en nylon avec des bouts arrondis confortables pour d\u00e9tendre les cheveux. M\u00e9lange de poils en nylon et de sanglier pour aider \u00e0 saisir les cheveux sur le bord incurv\u00e9 pour un meilleur volume et plus de contr\u00f4le pour des r\u00e9sultats lisses et brillants  REV\u00caTEMENT C\u00c9RAMIQUE - Pour une r\u00e9partition uniforme de la chaleur et moins de d\u00e9g\u00e2ts . 3 r\u00e9glages de chauffage \/ 2 vitesses Poign\u00e9e ergonomique, bout froid pour une manipulation facile, conception l\u00e9g\u00e8re Cordon pro 2.5m pivotant anti n\u0153ud\u00a0  La puissance de 1100 watts fournit juste la bonne chaleur\" \/>\n<meta property=\"og:url\" content=\"https:\/\/baya-shop.com\/home\/product\/revlon-brosse-soufflante-one-step-volumiser-edition-abricot-rvdr5222ae\/\" \/>\n<meta property=\"og:site_name\" content=\"Baya Shop\" \/>\n<meta property=\"article:publisher\" content=\"https:\/\/www.facebook.com\/Baya-Shop-103955257949742\" \/>\n<meta property=\"article:modified_time\" content=\"2026-04-16T11:53:07+00:00\" \/>\n<meta property=\"og:image\" content=\"https:\/\/baya-shop.com\/wp-content\/uploads\/2024\/09\/dfgg.png\" \/>\n\t<meta property=\"og:image:width\" content=\"618\" \/>\n\t<meta property=\"og:image:height\" content=\"585\" \/>\n\t<meta property=\"og:image:type\" content=\"image\/png\" \/>\n<meta name=\"twitter:card\" content=\"summary_large_image\" \/>\n<meta name=\"twitter:label1\" content=\"Dur\u00e9e de lecture estim\u00e9e\" \/>\n\t<meta name=\"twitter:data1\" content=\"1 minute\" \/>\n<script type=\"application\/ld+json\" class=\"yoast-schema-graph\">{\"@context\":\"https:\\\/\\\/schema.org\",\"@graph\":[{\"@type\":\"WebPage\",\"@id\":\"https:\\\/\\\/baya-shop.com\\\/home\\\/product\\\/revlon-brosse-soufflante-one-step-volumiser-edition-abricot-rvdr5222ae\\\/\",\"url\":\"https:\\\/\\\/baya-shop.com\\\/home\\\/product\\\/revlon-brosse-soufflante-one-step-volumiser-edition-abricot-rvdr5222ae\\\/\",\"name\":\"Revlon Brosse Soufflante One-Step Volumiser \u00c9dition Abricot RVDR5222AE - Baya Shop\",\"isPartOf\":{\"@id\":\"https:\\\/\\\/baya-shop.com\\\/home\\\/#website\"},\"primaryImageOfPage\":{\"@id\":\"https:\\\/\\\/baya-shop.com\\\/home\\\/product\\\/revlon-brosse-soufflante-one-step-volumiser-edition-abricot-rvdr5222ae\\\/#primaryimage\"},\"image\":{\"@id\":\"https:\\\/\\\/baya-shop.com\\\/home\\\/product\\\/revlon-brosse-soufflante-one-step-volumiser-edition-abricot-rvdr5222ae\\\/#primaryimage\"},\"thumbnailUrl\":\"https:\\\/\\\/i0.wp.com\\\/baya-shop.com\\\/wp-content\\\/uploads\\\/2024\\\/09\\\/dfgg.png?fit=618%2C585&ssl=1\",\"datePublished\":\"2024-09-19T11:53:08+00:00\",\"dateModified\":\"2026-04-16T11:53:07+00:00\",\"description\":\"\u00a0\u00c9dition abricot Dimensions: 10 x 10 x 34 cm BROSSE OVAL DESIGN - Pour lisser les cheveux, cr\u00e9ez du volume aux racines et des extr\u00e9mit\u00e9s joliment courb\u00e9es - Pas besoin d'utiliser un autre appareil pour obtenir des vagues MOINS DE TEMPS PASS\u00c9S = MOINS DE D\u00c9G\u00c2TS !Con\u00e7u pour distribuer l'air rapidement et uniform\u00e9ment aux cheveux pour s\u00e9cher et styler plus rapidement pour moins de d\u00e9g\u00e2ts dues \u00e0 la chaleur TECHNOLOGIE IONIQUE - Les ions n\u00e9gatifs saturent le flux d'air pour r\u00e9duire la taille des gouttelettes d'eau pour un s\u00e9chage plus rapide. Cela contribue \u00e0 conditionner, lisser et rendre les cheveux plus brillants, tout en r\u00e9duisant les frisottis et l'\u00e9lectricit\u00e9 statique POILS MIXTES - Broches en nylon avec des bouts arrondis confortables pour d\u00e9tendre les cheveux. M\u00e9lange de poils en nylon et de sanglier pour aider \u00e0 saisir les cheveux sur le bord incurv\u00e9 pour un meilleur volume et plus de contr\u00f4le pour des r\u00e9sultats lisses et brillants REV\u00caTEMENT C\u00c9RAMIQUE - Pour une r\u00e9partition uniforme de la chaleur et moins de d\u00e9g\u00e2ts . 3 r\u00e9glages de chauffage \\\/ 2 vitesses Poign\u00e9e ergonomique, bout froid pour une manipulation facile, conception l\u00e9g\u00e8re Cordon pro 2.5m pivotant anti n\u0153ud\u00a0 La puissance de 1100 watts fournit juste la bonne chaleur\",\"breadcrumb\":{\"@id\":\"https:\\\/\\\/baya-shop.com\\\/home\\\/product\\\/revlon-brosse-soufflante-one-step-volumiser-edition-abricot-rvdr5222ae\\\/#breadcrumb\"},\"inLanguage\":\"fr-FR\",\"potentialAction\":[{\"@type\":\"ReadAction\",\"target\":[\"https:\\\/\\\/baya-shop.com\\\/home\\\/product\\\/revlon-brosse-soufflante-one-step-volumiser-edition-abricot-rvdr5222ae\\\/\"]}]},{\"@type\":\"ImageObject\",\"inLanguage\":\"fr-FR\",\"@id\":\"https:\\\/\\\/baya-shop.com\\\/home\\\/product\\\/revlon-brosse-soufflante-one-step-volumiser-edition-abricot-rvdr5222ae\\\/#primaryimage\",\"url\":\"https:\\\/\\\/i0.wp.com\\\/baya-shop.com\\\/wp-content\\\/uploads\\\/2024\\\/09\\\/dfgg.png?fit=618%2C585&ssl=1\",\"contentUrl\":\"https:\\\/\\\/i0.wp.com\\\/baya-shop.com\\\/wp-content\\\/uploads\\\/2024\\\/09\\\/dfgg.png?fit=618%2C585&ssl=1\",\"width\":618,\"height\":585},{\"@type\":\"BreadcrumbList\",\"@id\":\"https:\\\/\\\/baya-shop.com\\\/home\\\/product\\\/revlon-brosse-soufflante-one-step-volumiser-edition-abricot-rvdr5222ae\\\/#breadcrumb\",\"itemListElement\":[{\"@type\":\"ListItem\",\"position\":1,\"name\":\"Accueil\",\"item\":\"https:\\\/\\\/baya-shop.com\\\/home\\\/\"},{\"@type\":\"ListItem\",\"position\":2,\"name\":\"Shop\",\"item\":\"https:\\\/\\\/baya-shop.com\\\/home\\\/shop\\\/\"},{\"@type\":\"ListItem\",\"position\":3,\"name\":\"Revlon Brosse Soufflante One-Step Volumiser \u00c9dition Abricot RVDR5222AE\"}]},{\"@type\":\"WebSite\",\"@id\":\"https:\\\/\\\/baya-shop.com\\\/home\\\/#website\",\"url\":\"https:\\\/\\\/baya-shop.com\\\/home\\\/\",\"name\":\"Baya Shop\",\"description\":\"\",\"publisher\":{\"@id\":\"https:\\\/\\\/baya-shop.com\\\/home\\\/#organization\"},\"potentialAction\":[{\"@type\":\"SearchAction\",\"target\":{\"@type\":\"EntryPoint\",\"urlTemplate\":\"https:\\\/\\\/baya-shop.com\\\/home\\\/?s={search_term_string}\"},\"query-input\":{\"@type\":\"PropertyValueSpecification\",\"valueRequired\":true,\"valueName\":\"search_term_string\"}}],\"inLanguage\":\"fr-FR\"},{\"@type\":\"Organization\",\"@id\":\"https:\\\/\\\/baya-shop.com\\\/home\\\/#organization\",\"name\":\"Baya Shop\",\"url\":\"https:\\\/\\\/baya-shop.com\\\/home\\\/\",\"logo\":{\"@type\":\"ImageObject\",\"inLanguage\":\"fr-FR\",\"@id\":\"https:\\\/\\\/baya-shop.com\\\/home\\\/#\\\/schema\\\/logo\\\/image\\\/\",\"url\":\"https:\\\/\\\/baya-shop.com\\\/wp-content\\\/uploads\\\/2020\\\/11\\\/g.png\",\"contentUrl\":\"https:\\\/\\\/baya-shop.com\\\/wp-content\\\/uploads\\\/2020\\\/11\\\/g.png\",\"width\":64,\"height\":64,\"caption\":\"Baya Shop\"},\"image\":{\"@id\":\"https:\\\/\\\/baya-shop.com\\\/home\\\/#\\\/schema\\\/logo\\\/image\\\/\"},\"sameAs\":[\"https:\\\/\\\/www.facebook.com\\\/Baya-Shop-103955257949742\",\"https:\\\/\\\/www.instagram.com\\\/baya_shop_dz\\\/\"]}]}<\/script>\n<!-- \/ Yoast SEO plugin. -->","yoast_head_json":{"title":"Revlon Brosse Soufflante One-Step Volumiser \u00c9dition Abricot RVDR5222AE - Baya Shop","description":"\u00a0\u00c9dition abricot   Dimensions: 10 x 10 x 34 cm  BROSSE OVAL DESIGN - Pour lisser les cheveux, cr\u00e9ez du volume aux racines et des extr\u00e9mit\u00e9s joliment courb\u00e9es - Pas besoin d'utiliser un autre appareil pour obtenir des vagues    MOINS DE TEMPS PASS\u00c9S = MOINS DE D\u00c9G\u00c2TS !Con\u00e7u pour distribuer l'air rapidement et uniform\u00e9ment aux cheveux pour s\u00e9cher et styler plus rapidement pour moins de d\u00e9g\u00e2ts dues \u00e0 la chaleur  TECHNOLOGIE IONIQUE - Les ions n\u00e9gatifs saturent le flux d'air pour r\u00e9duire la taille des gouttelettes d'eau pour un s\u00e9chage plus rapide. Cela contribue \u00e0 conditionner, lisser et rendre les cheveux plus brillants, tout en r\u00e9duisant les frisottis et l'\u00e9lectricit\u00e9 statique  POILS MIXTES - Broches en nylon avec des bouts arrondis confortables pour d\u00e9tendre les cheveux. M\u00e9lange de poils en nylon et de sanglier pour aider \u00e0 saisir les cheveux sur le bord incurv\u00e9 pour un meilleur volume et plus de contr\u00f4le pour des r\u00e9sultats lisses et brillants  REV\u00caTEMENT C\u00c9RAMIQUE - Pour une r\u00e9partition uniforme de la chaleur et moins de d\u00e9g\u00e2ts . 3 r\u00e9glages de chauffage \/ 2 vitesses Poign\u00e9e ergonomique, bout froid pour une manipulation facile, conception l\u00e9g\u00e8re Cordon pro 2.5m pivotant anti n\u0153ud\u00a0  La puissance de 1100 watts fournit juste la bonne chaleur","robots":{"index":"index","follow":"follow","max-snippet":"max-snippet:-1","max-image-preview":"max-image-preview:large","max-video-preview":"max-video-preview:-1"},"canonical":"https:\/\/baya-shop.com\/home\/product\/revlon-brosse-soufflante-one-step-volumiser-edition-abricot-rvdr5222ae\/","og_locale":"fr_FR","og_type":"article","og_title":"Revlon Brosse Soufflante One-Step Volumiser \u00c9dition Abricot RVDR5222AE - Baya Shop","og_description":"\u00a0\u00c9dition abricot   Dimensions: 10 x 10 x 34 cm  BROSSE OVAL DESIGN - Pour lisser les cheveux, cr\u00e9ez du volume aux racines et des extr\u00e9mit\u00e9s joliment courb\u00e9es - Pas besoin d'utiliser un autre appareil pour obtenir des vagues    MOINS DE TEMPS PASS\u00c9S = MOINS DE D\u00c9G\u00c2TS !Con\u00e7u pour distribuer l'air rapidement et uniform\u00e9ment aux cheveux pour s\u00e9cher et styler plus rapidement pour moins de d\u00e9g\u00e2ts dues \u00e0 la chaleur  TECHNOLOGIE IONIQUE - Les ions n\u00e9gatifs saturent le flux d'air pour r\u00e9duire la taille des gouttelettes d'eau pour un s\u00e9chage plus rapide. Cela contribue \u00e0 conditionner, lisser et rendre les cheveux plus brillants, tout en r\u00e9duisant les frisottis et l'\u00e9lectricit\u00e9 statique  POILS MIXTES - Broches en nylon avec des bouts arrondis confortables pour d\u00e9tendre les cheveux. M\u00e9lange de poils en nylon et de sanglier pour aider \u00e0 saisir les cheveux sur le bord incurv\u00e9 pour un meilleur volume et plus de contr\u00f4le pour des r\u00e9sultats lisses et brillants  REV\u00caTEMENT C\u00c9RAMIQUE - Pour une r\u00e9partition uniforme de la chaleur et moins de d\u00e9g\u00e2ts . 3 r\u00e9glages de chauffage \/ 2 vitesses Poign\u00e9e ergonomique, bout froid pour une manipulation facile, conception l\u00e9g\u00e8re Cordon pro 2.5m pivotant anti n\u0153ud\u00a0  La puissance de 1100 watts fournit juste la bonne chaleur","og_url":"https:\/\/baya-shop.com\/home\/product\/revlon-brosse-soufflante-one-step-volumiser-edition-abricot-rvdr5222ae\/","og_site_name":"Baya Shop","article_publisher":"https:\/\/www.facebook.com\/Baya-Shop-103955257949742","article_modified_time":"2026-04-16T11:53:07+00:00","og_image":[{"width":618,"height":585,"url":"https:\/\/baya-shop.com\/wp-content\/uploads\/2024\/09\/dfgg.png","type":"image\/png"}],"twitter_card":"summary_large_image","twitter_misc":{"Dur\u00e9e de lecture estim\u00e9e":"1 minute"},"schema":{"@context":"https:\/\/schema.org","@graph":[{"@type":"WebPage","@id":"https:\/\/baya-shop.com\/home\/product\/revlon-brosse-soufflante-one-step-volumiser-edition-abricot-rvdr5222ae\/","url":"https:\/\/baya-shop.com\/home\/product\/revlon-brosse-soufflante-one-step-volumiser-edition-abricot-rvdr5222ae\/","name":"Revlon Brosse Soufflante One-Step Volumiser \u00c9dition Abricot RVDR5222AE - Baya Shop","isPartOf":{"@id":"https:\/\/baya-shop.com\/home\/#website"},"primaryImageOfPage":{"@id":"https:\/\/baya-shop.com\/home\/product\/revlon-brosse-soufflante-one-step-volumiser-edition-abricot-rvdr5222ae\/#primaryimage"},"image":{"@id":"https:\/\/baya-shop.com\/home\/product\/revlon-brosse-soufflante-one-step-volumiser-edition-abricot-rvdr5222ae\/#primaryimage"},"thumbnailUrl":"https:\/\/i0.wp.com\/baya-shop.com\/wp-content\/uploads\/2024\/09\/dfgg.png?fit=618%2C585&ssl=1","datePublished":"2024-09-19T11:53:08+00:00","dateModified":"2026-04-16T11:53:07+00:00","description":"\u00a0\u00c9dition abricot Dimensions: 10 x 10 x 34 cm BROSSE OVAL DESIGN - Pour lisser les cheveux, cr\u00e9ez du volume aux racines et des extr\u00e9mit\u00e9s joliment courb\u00e9es - Pas besoin d'utiliser un autre appareil pour obtenir des vagues MOINS DE TEMPS PASS\u00c9S = MOINS DE D\u00c9G\u00c2TS !Con\u00e7u pour distribuer l'air rapidement et uniform\u00e9ment aux cheveux pour s\u00e9cher et styler plus rapidement pour moins de d\u00e9g\u00e2ts dues \u00e0 la chaleur TECHNOLOGIE IONIQUE - Les ions n\u00e9gatifs saturent le flux d'air pour r\u00e9duire la taille des gouttelettes d'eau pour un s\u00e9chage plus rapide. Cela contribue \u00e0 conditionner, lisser et rendre les cheveux plus brillants, tout en r\u00e9duisant les frisottis et l'\u00e9lectricit\u00e9 statique POILS MIXTES - Broches en nylon avec des bouts arrondis confortables pour d\u00e9tendre les cheveux. M\u00e9lange de poils en nylon et de sanglier pour aider \u00e0 saisir les cheveux sur le bord incurv\u00e9 pour un meilleur volume et plus de contr\u00f4le pour des r\u00e9sultats lisses et brillants REV\u00caTEMENT C\u00c9RAMIQUE - Pour une r\u00e9partition uniforme de la chaleur et moins de d\u00e9g\u00e2ts . 3 r\u00e9glages de chauffage \/ 2 vitesses Poign\u00e9e ergonomique, bout froid pour une manipulation facile, conception l\u00e9g\u00e8re Cordon pro 2.5m pivotant anti n\u0153ud\u00a0 La puissance de 1100 watts fournit juste la bonne chaleur","breadcrumb":{"@id":"https:\/\/baya-shop.com\/home\/product\/revlon-brosse-soufflante-one-step-volumiser-edition-abricot-rvdr5222ae\/#breadcrumb"},"inLanguage":"fr-FR","potentialAction":[{"@type":"ReadAction","target":["https:\/\/baya-shop.com\/home\/product\/revlon-brosse-soufflante-one-step-volumiser-edition-abricot-rvdr5222ae\/"]}]},{"@type":"ImageObject","inLanguage":"fr-FR","@id":"https:\/\/baya-shop.com\/home\/product\/revlon-brosse-soufflante-one-step-volumiser-edition-abricot-rvdr5222ae\/#primaryimage","url":"https:\/\/i0.wp.com\/baya-shop.com\/wp-content\/uploads\/2024\/09\/dfgg.png?fit=618%2C585&ssl=1","contentUrl":"https:\/\/i0.wp.com\/baya-shop.com\/wp-content\/uploads\/2024\/09\/dfgg.png?fit=618%2C585&ssl=1","width":618,"height":585},{"@type":"BreadcrumbList","@id":"https:\/\/baya-shop.com\/home\/product\/revlon-brosse-soufflante-one-step-volumiser-edition-abricot-rvdr5222ae\/#breadcrumb","itemListElement":[{"@type":"ListItem","position":1,"name":"Accueil","item":"https:\/\/baya-shop.com\/home\/"},{"@type":"ListItem","position":2,"name":"Shop","item":"https:\/\/baya-shop.com\/home\/shop\/"},{"@type":"ListItem","position":3,"name":"Revlon Brosse Soufflante One-Step Volumiser \u00c9dition Abricot RVDR5222AE"}]},{"@type":"WebSite","@id":"https:\/\/baya-shop.com\/home\/#website","url":"https:\/\/baya-shop.com\/home\/","name":"Baya Shop","description":"","publisher":{"@id":"https:\/\/baya-shop.com\/home\/#organization"},"potentialAction":[{"@type":"SearchAction","target":{"@type":"EntryPoint","urlTemplate":"https:\/\/baya-shop.com\/home\/?s={search_term_string}"},"query-input":{"@type":"PropertyValueSpecification","valueRequired":true,"valueName":"search_term_string"}}],"inLanguage":"fr-FR"},{"@type":"Organization","@id":"https:\/\/baya-shop.com\/home\/#organization","name":"Baya Shop","url":"https:\/\/baya-shop.com\/home\/","logo":{"@type":"ImageObject","inLanguage":"fr-FR","@id":"https:\/\/baya-shop.com\/home\/#\/schema\/logo\/image\/","url":"https:\/\/baya-shop.com\/wp-content\/uploads\/2020\/11\/g.png","contentUrl":"https:\/\/baya-shop.com\/wp-content\/uploads\/2020\/11\/g.png","width":64,"height":64,"caption":"Baya Shop"},"image":{"@id":"https:\/\/baya-shop.com\/home\/#\/schema\/logo\/image\/"},"sameAs":["https:\/\/www.facebook.com\/Baya-Shop-103955257949742","https:\/\/www.instagram.com\/baya_shop_dz\/"]}]}},"jetpack_publicize_connections":[],"jetpack_sharing_enabled":true,"jetpack_likes_enabled":true,"jetpack-related-posts":[],"_links":{"self":[{"href":"https:\/\/baya-shop.com\/home\/wp-json\/wp\/v2\/product\/4073","targetHints":{"allow":["GET"]}}],"collection":[{"href":"https:\/\/baya-shop.com\/home\/wp-json\/wp\/v2\/product"}],"about":[{"href":"https:\/\/baya-shop.com\/home\/wp-json\/wp\/v2\/types\/product"}],"replies":[{"embeddable":true,"href":"https:\/\/baya-shop.com\/home\/wp-json\/wp\/v2\/comments?post=4073"}],"wp:featuredmedia":[{"embeddable":true,"href":"https:\/\/baya-shop.com\/home\/wp-json\/wp\/v2\/media\/4076"}],"wp:attachment":[{"href":"https:\/\/baya-shop.com\/home\/wp-json\/wp\/v2\/media?parent=4073"}],"wp:term":[{"taxonomy":"product_brand","embeddable":true,"href":"https:\/\/baya-shop.com\/home\/wp-json\/wp\/v2\/product_brand?post=4073"},{"taxonomy":"product_cat","embeddable":true,"href":"https:\/\/baya-shop.com\/home\/wp-json\/wp\/v2\/product_cat?post=4073"},{"taxonomy":"product_tag","embeddable":true,"href":"https:\/\/baya-shop.com\/home\/wp-json\/wp\/v2\/product_tag?post=4073"}],"curies":[{"name":"wp","href":"https:\/\/api.w.org\/{rel}","templated":true}]}}