{"id":4060,"date":"2024-09-17T17:36:23","date_gmt":"2024-09-17T16:36:23","guid":{"rendered":"https:\/\/baya-shop.com\/home\/?post_type=product&#038;p=4060"},"modified":"2025-04-19T16:34:43","modified_gmt":"2025-04-19T15:34:43","slug":"remington-lisseur-plaques-larges-shine-therapy-s8550","status":"publish","type":"product","link":"https:\/\/baya-shop.com\/home\/product\/remington-lisseur-plaques-larges-shine-therapy-s8550\/","title":{"rendered":"REMINGTON Lisseur plaques larges Shine Therapy S8550"},"content":{"rendered":"","protected":false},"excerpt":{"rendered":"<ul>\n<li>Plaques rev\u00eatement Advanced Ceramic infus\u00e9es d\u2019un soin brillance \u00e0 l\u2019huile d\u2019argan marocaine et la vitamine E<\/li>\n<li>Plaques larges 50 mm<\/li>\n<li>Plaques flottantes pour une pression homog\u00e8ne pendant le coiffage<\/li>\n<li>Verrouillage des plaques<\/li>\n<li>Ecran digital<\/li>\n<li>10 temp\u00e9ratures :\u00a0 150\u00b0C &#8211; 235\u00b0C<\/li>\n<li>Pr\u00eat en 15 secondes<\/li>\n<li>Verrouillage de la temp\u00e9rature<\/li>\n<li>Fonction turbo<\/li>\n<li>Arr\u00eat automatique apr\u00e8s 60 minutes<\/li>\n<li>Voltage universel<\/li>\n<li>Cordon rotatif<\/li>\n<li>Pochette thermor\u00e9sistante<\/li>\n<\/ul>\n","protected":false},"featured_media":4061,"comment_status":"open","ping_status":"closed","template":"","meta":{"jetpack_post_was_ever_published":false,"jetpack_publicize_message":"","jetpack_publicize_feature_enabled":true,"jetpack_social_post_already_shared":true,"jetpack_social_options":{"image_generator_settings":{"template":"highway","default_image_id":0,"font":"","enabled":false},"version":2}},"product_brand":[],"product_cat":[18,47],"product_tag":[],"class_list":{"0":"post-4060","1":"product","2":"type-product","3":"status-publish","4":"has-post-thumbnail","6":"product_cat-lisseur","7":"product_cat-remington","9":"first","10":"instock","11":"shipping-taxable","12":"purchasable","13":"product-type-simple"},"yoast_head":"<!-- This site is optimized with the Yoast SEO plugin v27.4 - https:\/\/yoast.com\/product\/yoast-seo-wordpress\/ -->\n<title>REMINGTON Lisseur plaques larges Shine Therapy S8550 - Baya Shop<\/title>\n<meta name=\"description\" content=\"Plaques rev\u00eatement Advanced Ceramic infus\u00e9es d\u2019un soin brillance \u00e0 l\u2019huile d\u2019argan marocaine et la vitamine E  Plaques larges 50 mm  Plaques flottantes pour une pression homog\u00e8ne pendant le coiffage  Verrouillage des plaques  Ecran digital  10 temp\u00e9ratures :\u00a0 150\u00b0C - 235\u00b0C  Pr\u00eat en 15 secondes  Verrouillage de la temp\u00e9rature  Fonction turbo  Arr\u00eat automatique apr\u00e8s 60 minutes  Voltage universel  Cordon rotatif  Pochette thermor\u00e9sistante\" \/>\n<meta name=\"robots\" content=\"index, follow, max-snippet:-1, max-image-preview:large, max-video-preview:-1\" \/>\n<link rel=\"canonical\" href=\"https:\/\/baya-shop.com\/home\/product\/remington-lisseur-plaques-larges-shine-therapy-s8550\/\" \/>\n<meta property=\"og:locale\" content=\"fr_FR\" \/>\n<meta property=\"og:type\" content=\"article\" \/>\n<meta property=\"og:title\" content=\"REMINGTON Lisseur plaques larges Shine Therapy S8550 - Baya Shop\" \/>\n<meta property=\"og:description\" content=\"Plaques rev\u00eatement Advanced Ceramic infus\u00e9es d\u2019un soin brillance \u00e0 l\u2019huile d\u2019argan marocaine et la vitamine E  Plaques larges 50 mm  Plaques flottantes pour une pression homog\u00e8ne pendant le coiffage  Verrouillage des plaques  Ecran digital  10 temp\u00e9ratures :\u00a0 150\u00b0C - 235\u00b0C  Pr\u00eat en 15 secondes  Verrouillage de la temp\u00e9rature  Fonction turbo  Arr\u00eat automatique apr\u00e8s 60 minutes  Voltage universel  Cordon rotatif  Pochette thermor\u00e9sistante\" \/>\n<meta property=\"og:url\" content=\"https:\/\/baya-shop.com\/home\/product\/remington-lisseur-plaques-larges-shine-therapy-s8550\/\" \/>\n<meta property=\"og:site_name\" content=\"Baya Shop\" \/>\n<meta property=\"article:publisher\" content=\"https:\/\/www.facebook.com\/Baya-Shop-103955257949742\" \/>\n<meta property=\"article:modified_time\" content=\"2025-04-19T15:34:43+00:00\" \/>\n<meta property=\"og:image\" content=\"https:\/\/baya-shop.com\/wp-content\/uploads\/2024\/09\/6d3984c361f753a440a4bc2e3aa328c00e2b.jpg\" \/>\n\t<meta property=\"og:image:width\" content=\"720\" \/>\n\t<meta property=\"og:image:height\" content=\"720\" \/>\n\t<meta property=\"og:image:type\" content=\"image\/jpeg\" \/>\n<meta name=\"twitter:card\" content=\"summary_large_image\" \/>\n<meta name=\"twitter:label1\" content=\"Dur\u00e9e de lecture estim\u00e9e\" \/>\n\t<meta name=\"twitter:data1\" content=\"1 minute\" \/>\n<script type=\"application\/ld+json\" class=\"yoast-schema-graph\">{\"@context\":\"https:\\\/\\\/schema.org\",\"@graph\":[{\"@type\":\"WebPage\",\"@id\":\"https:\\\/\\\/baya-shop.com\\\/home\\\/product\\\/remington-lisseur-plaques-larges-shine-therapy-s8550\\\/\",\"url\":\"https:\\\/\\\/baya-shop.com\\\/home\\\/product\\\/remington-lisseur-plaques-larges-shine-therapy-s8550\\\/\",\"name\":\"REMINGTON Lisseur plaques larges Shine Therapy S8550 - Baya Shop\",\"isPartOf\":{\"@id\":\"https:\\\/\\\/baya-shop.com\\\/home\\\/#website\"},\"primaryImageOfPage\":{\"@id\":\"https:\\\/\\\/baya-shop.com\\\/home\\\/product\\\/remington-lisseur-plaques-larges-shine-therapy-s8550\\\/#primaryimage\"},\"image\":{\"@id\":\"https:\\\/\\\/baya-shop.com\\\/home\\\/product\\\/remington-lisseur-plaques-larges-shine-therapy-s8550\\\/#primaryimage\"},\"thumbnailUrl\":\"https:\\\/\\\/i0.wp.com\\\/baya-shop.com\\\/wp-content\\\/uploads\\\/2024\\\/09\\\/6d3984c361f753a440a4bc2e3aa328c00e2b.jpg?fit=720%2C720&ssl=1\",\"datePublished\":\"2024-09-17T16:36:23+00:00\",\"dateModified\":\"2025-04-19T15:34:43+00:00\",\"description\":\"Plaques rev\u00eatement Advanced Ceramic infus\u00e9es d\u2019un soin brillance \u00e0 l\u2019huile d\u2019argan marocaine et la vitamine E Plaques larges 50 mm Plaques flottantes pour une pression homog\u00e8ne pendant le coiffage Verrouillage des plaques Ecran digital 10 temp\u00e9ratures :\u00a0 150\u00b0C - 235\u00b0C Pr\u00eat en 15 secondes Verrouillage de la temp\u00e9rature Fonction turbo Arr\u00eat automatique apr\u00e8s 60 minutes Voltage universel Cordon rotatif Pochette thermor\u00e9sistante\",\"breadcrumb\":{\"@id\":\"https:\\\/\\\/baya-shop.com\\\/home\\\/product\\\/remington-lisseur-plaques-larges-shine-therapy-s8550\\\/#breadcrumb\"},\"inLanguage\":\"fr-FR\",\"potentialAction\":[{\"@type\":\"ReadAction\",\"target\":[\"https:\\\/\\\/baya-shop.com\\\/home\\\/product\\\/remington-lisseur-plaques-larges-shine-therapy-s8550\\\/\"]}]},{\"@type\":\"ImageObject\",\"inLanguage\":\"fr-FR\",\"@id\":\"https:\\\/\\\/baya-shop.com\\\/home\\\/product\\\/remington-lisseur-plaques-larges-shine-therapy-s8550\\\/#primaryimage\",\"url\":\"https:\\\/\\\/i0.wp.com\\\/baya-shop.com\\\/wp-content\\\/uploads\\\/2024\\\/09\\\/6d3984c361f753a440a4bc2e3aa328c00e2b.jpg?fit=720%2C720&ssl=1\",\"contentUrl\":\"https:\\\/\\\/i0.wp.com\\\/baya-shop.com\\\/wp-content\\\/uploads\\\/2024\\\/09\\\/6d3984c361f753a440a4bc2e3aa328c00e2b.jpg?fit=720%2C720&ssl=1\",\"width\":720,\"height\":720},{\"@type\":\"BreadcrumbList\",\"@id\":\"https:\\\/\\\/baya-shop.com\\\/home\\\/product\\\/remington-lisseur-plaques-larges-shine-therapy-s8550\\\/#breadcrumb\",\"itemListElement\":[{\"@type\":\"ListItem\",\"position\":1,\"name\":\"Accueil\",\"item\":\"https:\\\/\\\/baya-shop.com\\\/home\\\/\"},{\"@type\":\"ListItem\",\"position\":2,\"name\":\"Shop\",\"item\":\"https:\\\/\\\/baya-shop.com\\\/home\\\/shop\\\/\"},{\"@type\":\"ListItem\",\"position\":3,\"name\":\"REMINGTON Lisseur plaques larges Shine Therapy S8550\"}]},{\"@type\":\"WebSite\",\"@id\":\"https:\\\/\\\/baya-shop.com\\\/home\\\/#website\",\"url\":\"https:\\\/\\\/baya-shop.com\\\/home\\\/\",\"name\":\"Baya Shop\",\"description\":\"\",\"publisher\":{\"@id\":\"https:\\\/\\\/baya-shop.com\\\/home\\\/#organization\"},\"potentialAction\":[{\"@type\":\"SearchAction\",\"target\":{\"@type\":\"EntryPoint\",\"urlTemplate\":\"https:\\\/\\\/baya-shop.com\\\/home\\\/?s={search_term_string}\"},\"query-input\":{\"@type\":\"PropertyValueSpecification\",\"valueRequired\":true,\"valueName\":\"search_term_string\"}}],\"inLanguage\":\"fr-FR\"},{\"@type\":\"Organization\",\"@id\":\"https:\\\/\\\/baya-shop.com\\\/home\\\/#organization\",\"name\":\"Baya Shop\",\"url\":\"https:\\\/\\\/baya-shop.com\\\/home\\\/\",\"logo\":{\"@type\":\"ImageObject\",\"inLanguage\":\"fr-FR\",\"@id\":\"https:\\\/\\\/baya-shop.com\\\/home\\\/#\\\/schema\\\/logo\\\/image\\\/\",\"url\":\"https:\\\/\\\/baya-shop.com\\\/wp-content\\\/uploads\\\/2020\\\/11\\\/g.png\",\"contentUrl\":\"https:\\\/\\\/baya-shop.com\\\/wp-content\\\/uploads\\\/2020\\\/11\\\/g.png\",\"width\":64,\"height\":64,\"caption\":\"Baya Shop\"},\"image\":{\"@id\":\"https:\\\/\\\/baya-shop.com\\\/home\\\/#\\\/schema\\\/logo\\\/image\\\/\"},\"sameAs\":[\"https:\\\/\\\/www.facebook.com\\\/Baya-Shop-103955257949742\",\"https:\\\/\\\/www.instagram.com\\\/baya_shop_dz\\\/\"]}]}<\/script>\n<!-- \/ Yoast SEO plugin. -->","yoast_head_json":{"title":"REMINGTON Lisseur plaques larges Shine Therapy S8550 - Baya Shop","description":"Plaques rev\u00eatement Advanced Ceramic infus\u00e9es d\u2019un soin brillance \u00e0 l\u2019huile d\u2019argan marocaine et la vitamine E  Plaques larges 50 mm  Plaques flottantes pour une pression homog\u00e8ne pendant le coiffage  Verrouillage des plaques  Ecran digital  10 temp\u00e9ratures :\u00a0 150\u00b0C - 235\u00b0C  Pr\u00eat en 15 secondes  Verrouillage de la temp\u00e9rature  Fonction turbo  Arr\u00eat automatique apr\u00e8s 60 minutes  Voltage universel  Cordon rotatif  Pochette thermor\u00e9sistante","robots":{"index":"index","follow":"follow","max-snippet":"max-snippet:-1","max-image-preview":"max-image-preview:large","max-video-preview":"max-video-preview:-1"},"canonical":"https:\/\/baya-shop.com\/home\/product\/remington-lisseur-plaques-larges-shine-therapy-s8550\/","og_locale":"fr_FR","og_type":"article","og_title":"REMINGTON Lisseur plaques larges Shine Therapy S8550 - Baya Shop","og_description":"Plaques rev\u00eatement Advanced Ceramic infus\u00e9es d\u2019un soin brillance \u00e0 l\u2019huile d\u2019argan marocaine et la vitamine E  Plaques larges 50 mm  Plaques flottantes pour une pression homog\u00e8ne pendant le coiffage  Verrouillage des plaques  Ecran digital  10 temp\u00e9ratures :\u00a0 150\u00b0C - 235\u00b0C  Pr\u00eat en 15 secondes  Verrouillage de la temp\u00e9rature  Fonction turbo  Arr\u00eat automatique apr\u00e8s 60 minutes  Voltage universel  Cordon rotatif  Pochette thermor\u00e9sistante","og_url":"https:\/\/baya-shop.com\/home\/product\/remington-lisseur-plaques-larges-shine-therapy-s8550\/","og_site_name":"Baya Shop","article_publisher":"https:\/\/www.facebook.com\/Baya-Shop-103955257949742","article_modified_time":"2025-04-19T15:34:43+00:00","og_image":[{"width":720,"height":720,"url":"https:\/\/baya-shop.com\/wp-content\/uploads\/2024\/09\/6d3984c361f753a440a4bc2e3aa328c00e2b.jpg","type":"image\/jpeg"}],"twitter_card":"summary_large_image","twitter_misc":{"Dur\u00e9e de lecture estim\u00e9e":"1 minute"},"schema":{"@context":"https:\/\/schema.org","@graph":[{"@type":"WebPage","@id":"https:\/\/baya-shop.com\/home\/product\/remington-lisseur-plaques-larges-shine-therapy-s8550\/","url":"https:\/\/baya-shop.com\/home\/product\/remington-lisseur-plaques-larges-shine-therapy-s8550\/","name":"REMINGTON Lisseur plaques larges Shine Therapy S8550 - Baya Shop","isPartOf":{"@id":"https:\/\/baya-shop.com\/home\/#website"},"primaryImageOfPage":{"@id":"https:\/\/baya-shop.com\/home\/product\/remington-lisseur-plaques-larges-shine-therapy-s8550\/#primaryimage"},"image":{"@id":"https:\/\/baya-shop.com\/home\/product\/remington-lisseur-plaques-larges-shine-therapy-s8550\/#primaryimage"},"thumbnailUrl":"https:\/\/i0.wp.com\/baya-shop.com\/wp-content\/uploads\/2024\/09\/6d3984c361f753a440a4bc2e3aa328c00e2b.jpg?fit=720%2C720&ssl=1","datePublished":"2024-09-17T16:36:23+00:00","dateModified":"2025-04-19T15:34:43+00:00","description":"Plaques rev\u00eatement Advanced Ceramic infus\u00e9es d\u2019un soin brillance \u00e0 l\u2019huile d\u2019argan marocaine et la vitamine E Plaques larges 50 mm Plaques flottantes pour une pression homog\u00e8ne pendant le coiffage Verrouillage des plaques Ecran digital 10 temp\u00e9ratures :\u00a0 150\u00b0C - 235\u00b0C Pr\u00eat en 15 secondes Verrouillage de la temp\u00e9rature Fonction turbo Arr\u00eat automatique apr\u00e8s 60 minutes Voltage universel Cordon rotatif Pochette thermor\u00e9sistante","breadcrumb":{"@id":"https:\/\/baya-shop.com\/home\/product\/remington-lisseur-plaques-larges-shine-therapy-s8550\/#breadcrumb"},"inLanguage":"fr-FR","potentialAction":[{"@type":"ReadAction","target":["https:\/\/baya-shop.com\/home\/product\/remington-lisseur-plaques-larges-shine-therapy-s8550\/"]}]},{"@type":"ImageObject","inLanguage":"fr-FR","@id":"https:\/\/baya-shop.com\/home\/product\/remington-lisseur-plaques-larges-shine-therapy-s8550\/#primaryimage","url":"https:\/\/i0.wp.com\/baya-shop.com\/wp-content\/uploads\/2024\/09\/6d3984c361f753a440a4bc2e3aa328c00e2b.jpg?fit=720%2C720&ssl=1","contentUrl":"https:\/\/i0.wp.com\/baya-shop.com\/wp-content\/uploads\/2024\/09\/6d3984c361f753a440a4bc2e3aa328c00e2b.jpg?fit=720%2C720&ssl=1","width":720,"height":720},{"@type":"BreadcrumbList","@id":"https:\/\/baya-shop.com\/home\/product\/remington-lisseur-plaques-larges-shine-therapy-s8550\/#breadcrumb","itemListElement":[{"@type":"ListItem","position":1,"name":"Accueil","item":"https:\/\/baya-shop.com\/home\/"},{"@type":"ListItem","position":2,"name":"Shop","item":"https:\/\/baya-shop.com\/home\/shop\/"},{"@type":"ListItem","position":3,"name":"REMINGTON Lisseur plaques larges Shine Therapy S8550"}]},{"@type":"WebSite","@id":"https:\/\/baya-shop.com\/home\/#website","url":"https:\/\/baya-shop.com\/home\/","name":"Baya Shop","description":"","publisher":{"@id":"https:\/\/baya-shop.com\/home\/#organization"},"potentialAction":[{"@type":"SearchAction","target":{"@type":"EntryPoint","urlTemplate":"https:\/\/baya-shop.com\/home\/?s={search_term_string}"},"query-input":{"@type":"PropertyValueSpecification","valueRequired":true,"valueName":"search_term_string"}}],"inLanguage":"fr-FR"},{"@type":"Organization","@id":"https:\/\/baya-shop.com\/home\/#organization","name":"Baya Shop","url":"https:\/\/baya-shop.com\/home\/","logo":{"@type":"ImageObject","inLanguage":"fr-FR","@id":"https:\/\/baya-shop.com\/home\/#\/schema\/logo\/image\/","url":"https:\/\/baya-shop.com\/wp-content\/uploads\/2020\/11\/g.png","contentUrl":"https:\/\/baya-shop.com\/wp-content\/uploads\/2020\/11\/g.png","width":64,"height":64,"caption":"Baya Shop"},"image":{"@id":"https:\/\/baya-shop.com\/home\/#\/schema\/logo\/image\/"},"sameAs":["https:\/\/www.facebook.com\/Baya-Shop-103955257949742","https:\/\/www.instagram.com\/baya_shop_dz\/"]}]}},"jetpack_publicize_connections":[],"jetpack_sharing_enabled":true,"jetpack_likes_enabled":true,"jetpack-related-posts":[],"_links":{"self":[{"href":"https:\/\/baya-shop.com\/home\/wp-json\/wp\/v2\/product\/4060","targetHints":{"allow":["GET"]}}],"collection":[{"href":"https:\/\/baya-shop.com\/home\/wp-json\/wp\/v2\/product"}],"about":[{"href":"https:\/\/baya-shop.com\/home\/wp-json\/wp\/v2\/types\/product"}],"replies":[{"embeddable":true,"href":"https:\/\/baya-shop.com\/home\/wp-json\/wp\/v2\/comments?post=4060"}],"wp:featuredmedia":[{"embeddable":true,"href":"https:\/\/baya-shop.com\/home\/wp-json\/wp\/v2\/media\/4061"}],"wp:attachment":[{"href":"https:\/\/baya-shop.com\/home\/wp-json\/wp\/v2\/media?parent=4060"}],"wp:term":[{"taxonomy":"product_brand","embeddable":true,"href":"https:\/\/baya-shop.com\/home\/wp-json\/wp\/v2\/product_brand?post=4060"},{"taxonomy":"product_cat","embeddable":true,"href":"https:\/\/baya-shop.com\/home\/wp-json\/wp\/v2\/product_cat?post=4060"},{"taxonomy":"product_tag","embeddable":true,"href":"https:\/\/baya-shop.com\/home\/wp-json\/wp\/v2\/product_tag?post=4060"}],"curies":[{"name":"wp","href":"https:\/\/api.w.org\/{rel}","templated":true}]}}