{"id":4047,"date":"2024-09-17T16:58:08","date_gmt":"2024-09-17T15:58:08","guid":{"rendered":"https:\/\/baya-shop.com\/home\/?post_type=product&#038;p=4047"},"modified":"2025-04-19T16:36:00","modified_gmt":"2025-04-19T15:36:00","slug":"braun-epilateur-silk-epil-3-se-3410","status":"publish","type":"product","link":"https:\/\/baya-shop.com\/home\/product\/braun-epilateur-silk-epil-3-se-3410\/","title":{"rendered":"Braun \u00c9pilateur Silk-\u00e9pil 3 SE 3410"},"content":{"rendered":"","protected":false},"excerpt":{"rendered":"<h1><span style=\"font-size: 80%;\">&#8211; L&rsquo;\u00e9pilateur \u00e9lectrique Braun Silk-\u00e9pil 3 SE 3410 pour femmes dispose de 20 pinces \u00e0 \u00e9piler<\/span><\/h1>\n<h1><span style=\"font-size: 80%;\">&#8211; un syst\u00e8me SoftLift Tips<\/span><\/h1>\n<h1><span style=\"font-size: 80%;\">&#8211; une t\u00eate de rasage, d&rsquo;un accessoire tondeuse<\/span><\/h1>\n<h1><span style=\"font-size: 80%;\">&#8211; rouleaux massants<\/span><\/h1>\n<h1><span style=\"font-size: 80%;\">&#8211; une technologie Smartlight et de 2 vitesses<\/span><\/h1>\n<h1><span style=\"font-size: 80%;\">&#8211; Livr\u00e9 avec un bouchon de massage haute fr\u00e9quence et un adaptateur secteur.<\/span><\/h1>\n<p>&nbsp;<\/p>\n","protected":false},"featured_media":4048,"comment_status":"open","ping_status":"closed","template":"","meta":{"jetpack_post_was_ever_published":false,"jetpack_publicize_message":"","jetpack_publicize_feature_enabled":true,"jetpack_social_post_already_shared":true,"jetpack_social_options":{"image_generator_settings":{"template":"highway","default_image_id":0,"font":"","enabled":false},"version":2}},"product_brand":[],"product_cat":[19,61],"product_tag":[],"class_list":{"0":"post-4047","1":"product","2":"type-product","3":"status-publish","4":"has-post-thumbnail","6":"product_cat-beaute","7":"product_cat-braun","9":"first","10":"instock","11":"shipping-taxable","12":"purchasable","13":"product-type-simple"},"yoast_head":"<!-- This site is optimized with the Yoast SEO plugin v27.4 - https:\/\/yoast.com\/product\/yoast-seo-wordpress\/ -->\n<title>Braun \u00c9pilateur Silk-\u00e9pil 3 SE 3410 - Baya Shop<\/title>\n<meta name=\"description\" content=\"- L&#039;\u00e9pilateur \u00e9lectrique Braun Silk-\u00e9pil 3 SE 3410 pour femmes dispose de 20 pinces \u00e0 \u00e9piler - un syst\u00e8me SoftLift Tips - une t\u00eate de rasage, d&#039;un accessoire tondeuse - rouleaux massants - une technologie Smartlight et de 2 vitesses - Livr\u00e9 avec un bouchon de massage haute fr\u00e9quence et un adaptateur secteur. &nbsp;\" \/>\n<meta name=\"robots\" content=\"index, follow, max-snippet:-1, max-image-preview:large, max-video-preview:-1\" \/>\n<link rel=\"canonical\" href=\"https:\/\/baya-shop.com\/home\/product\/braun-epilateur-silk-epil-3-se-3410\/\" \/>\n<meta property=\"og:locale\" content=\"fr_FR\" \/>\n<meta property=\"og:type\" content=\"article\" \/>\n<meta property=\"og:title\" content=\"Braun \u00c9pilateur Silk-\u00e9pil 3 SE 3410 - Baya Shop\" \/>\n<meta property=\"og:description\" content=\"- L&#039;\u00e9pilateur \u00e9lectrique Braun Silk-\u00e9pil 3 SE 3410 pour femmes dispose de 20 pinces \u00e0 \u00e9piler - un syst\u00e8me SoftLift Tips - une t\u00eate de rasage, d&#039;un accessoire tondeuse - rouleaux massants - une technologie Smartlight et de 2 vitesses - Livr\u00e9 avec un bouchon de massage haute fr\u00e9quence et un adaptateur secteur. &nbsp;\" \/>\n<meta property=\"og:url\" content=\"https:\/\/baya-shop.com\/home\/product\/braun-epilateur-silk-epil-3-se-3410\/\" \/>\n<meta property=\"og:site_name\" content=\"Baya Shop\" \/>\n<meta property=\"article:publisher\" content=\"https:\/\/www.facebook.com\/Baya-Shop-103955257949742\" \/>\n<meta property=\"article:modified_time\" content=\"2025-04-19T15:36:00+00:00\" \/>\n<meta property=\"og:image\" content=\"https:\/\/baya-shop.com\/wp-content\/uploads\/2024\/09\/BRAUN-SILK-EPIL-3-SE3410-EPILATEUR-AVEC-3-ACCESSOIRES.png\" \/>\n\t<meta property=\"og:image:width\" content=\"2000\" \/>\n\t<meta property=\"og:image:height\" content=\"2000\" \/>\n\t<meta property=\"og:image:type\" content=\"image\/png\" \/>\n<meta name=\"twitter:card\" content=\"summary_large_image\" \/>\n<meta name=\"twitter:label1\" content=\"Dur\u00e9e de lecture estim\u00e9e\" \/>\n\t<meta name=\"twitter:data1\" content=\"1 minute\" \/>\n<script type=\"application\/ld+json\" class=\"yoast-schema-graph\">{\"@context\":\"https:\\\/\\\/schema.org\",\"@graph\":[{\"@type\":\"WebPage\",\"@id\":\"https:\\\/\\\/baya-shop.com\\\/home\\\/product\\\/braun-epilateur-silk-epil-3-se-3410\\\/\",\"url\":\"https:\\\/\\\/baya-shop.com\\\/home\\\/product\\\/braun-epilateur-silk-epil-3-se-3410\\\/\",\"name\":\"Braun \u00c9pilateur Silk-\u00e9pil 3 SE 3410 - Baya Shop\",\"isPartOf\":{\"@id\":\"https:\\\/\\\/baya-shop.com\\\/home\\\/#website\"},\"primaryImageOfPage\":{\"@id\":\"https:\\\/\\\/baya-shop.com\\\/home\\\/product\\\/braun-epilateur-silk-epil-3-se-3410\\\/#primaryimage\"},\"image\":{\"@id\":\"https:\\\/\\\/baya-shop.com\\\/home\\\/product\\\/braun-epilateur-silk-epil-3-se-3410\\\/#primaryimage\"},\"thumbnailUrl\":\"https:\\\/\\\/i0.wp.com\\\/baya-shop.com\\\/wp-content\\\/uploads\\\/2024\\\/09\\\/BRAUN-SILK-EPIL-3-SE3410-EPILATEUR-AVEC-3-ACCESSOIRES.png?fit=2000%2C2000&ssl=1\",\"datePublished\":\"2024-09-17T15:58:08+00:00\",\"dateModified\":\"2025-04-19T15:36:00+00:00\",\"description\":\"- L'\u00e9pilateur \u00e9lectrique Braun Silk-\u00e9pil 3 SE 3410 pour femmes dispose de 20 pinces \u00e0 \u00e9piler - un syst\u00e8me SoftLift Tips - une t\u00eate de rasage, d'un accessoire tondeuse - rouleaux massants - une technologie Smartlight et de 2 vitesses - Livr\u00e9 avec un bouchon de massage haute fr\u00e9quence et un adaptateur secteur. &nbsp;\",\"breadcrumb\":{\"@id\":\"https:\\\/\\\/baya-shop.com\\\/home\\\/product\\\/braun-epilateur-silk-epil-3-se-3410\\\/#breadcrumb\"},\"inLanguage\":\"fr-FR\",\"potentialAction\":[{\"@type\":\"ReadAction\",\"target\":[\"https:\\\/\\\/baya-shop.com\\\/home\\\/product\\\/braun-epilateur-silk-epil-3-se-3410\\\/\"]}]},{\"@type\":\"ImageObject\",\"inLanguage\":\"fr-FR\",\"@id\":\"https:\\\/\\\/baya-shop.com\\\/home\\\/product\\\/braun-epilateur-silk-epil-3-se-3410\\\/#primaryimage\",\"url\":\"https:\\\/\\\/i0.wp.com\\\/baya-shop.com\\\/wp-content\\\/uploads\\\/2024\\\/09\\\/BRAUN-SILK-EPIL-3-SE3410-EPILATEUR-AVEC-3-ACCESSOIRES.png?fit=2000%2C2000&ssl=1\",\"contentUrl\":\"https:\\\/\\\/i0.wp.com\\\/baya-shop.com\\\/wp-content\\\/uploads\\\/2024\\\/09\\\/BRAUN-SILK-EPIL-3-SE3410-EPILATEUR-AVEC-3-ACCESSOIRES.png?fit=2000%2C2000&ssl=1\",\"width\":2000,\"height\":2000},{\"@type\":\"BreadcrumbList\",\"@id\":\"https:\\\/\\\/baya-shop.com\\\/home\\\/product\\\/braun-epilateur-silk-epil-3-se-3410\\\/#breadcrumb\",\"itemListElement\":[{\"@type\":\"ListItem\",\"position\":1,\"name\":\"Accueil\",\"item\":\"https:\\\/\\\/baya-shop.com\\\/home\\\/\"},{\"@type\":\"ListItem\",\"position\":2,\"name\":\"Shop\",\"item\":\"https:\\\/\\\/baya-shop.com\\\/home\\\/shop\\\/\"},{\"@type\":\"ListItem\",\"position\":3,\"name\":\"Braun \u00c9pilateur Silk-\u00e9pil 3 SE 3410\"}]},{\"@type\":\"WebSite\",\"@id\":\"https:\\\/\\\/baya-shop.com\\\/home\\\/#website\",\"url\":\"https:\\\/\\\/baya-shop.com\\\/home\\\/\",\"name\":\"Baya Shop\",\"description\":\"\",\"publisher\":{\"@id\":\"https:\\\/\\\/baya-shop.com\\\/home\\\/#organization\"},\"potentialAction\":[{\"@type\":\"SearchAction\",\"target\":{\"@type\":\"EntryPoint\",\"urlTemplate\":\"https:\\\/\\\/baya-shop.com\\\/home\\\/?s={search_term_string}\"},\"query-input\":{\"@type\":\"PropertyValueSpecification\",\"valueRequired\":true,\"valueName\":\"search_term_string\"}}],\"inLanguage\":\"fr-FR\"},{\"@type\":\"Organization\",\"@id\":\"https:\\\/\\\/baya-shop.com\\\/home\\\/#organization\",\"name\":\"Baya Shop\",\"url\":\"https:\\\/\\\/baya-shop.com\\\/home\\\/\",\"logo\":{\"@type\":\"ImageObject\",\"inLanguage\":\"fr-FR\",\"@id\":\"https:\\\/\\\/baya-shop.com\\\/home\\\/#\\\/schema\\\/logo\\\/image\\\/\",\"url\":\"https:\\\/\\\/baya-shop.com\\\/wp-content\\\/uploads\\\/2020\\\/11\\\/g.png\",\"contentUrl\":\"https:\\\/\\\/baya-shop.com\\\/wp-content\\\/uploads\\\/2020\\\/11\\\/g.png\",\"width\":64,\"height\":64,\"caption\":\"Baya Shop\"},\"image\":{\"@id\":\"https:\\\/\\\/baya-shop.com\\\/home\\\/#\\\/schema\\\/logo\\\/image\\\/\"},\"sameAs\":[\"https:\\\/\\\/www.facebook.com\\\/Baya-Shop-103955257949742\",\"https:\\\/\\\/www.instagram.com\\\/baya_shop_dz\\\/\"]}]}<\/script>\n<!-- \/ Yoast SEO plugin. -->","yoast_head_json":{"title":"Braun \u00c9pilateur Silk-\u00e9pil 3 SE 3410 - Baya Shop","description":"- L'\u00e9pilateur \u00e9lectrique Braun Silk-\u00e9pil 3 SE 3410 pour femmes dispose de 20 pinces \u00e0 \u00e9piler - un syst\u00e8me SoftLift Tips - une t\u00eate de rasage, d'un accessoire tondeuse - rouleaux massants - une technologie Smartlight et de 2 vitesses - Livr\u00e9 avec un bouchon de massage haute fr\u00e9quence et un adaptateur secteur. &nbsp;","robots":{"index":"index","follow":"follow","max-snippet":"max-snippet:-1","max-image-preview":"max-image-preview:large","max-video-preview":"max-video-preview:-1"},"canonical":"https:\/\/baya-shop.com\/home\/product\/braun-epilateur-silk-epil-3-se-3410\/","og_locale":"fr_FR","og_type":"article","og_title":"Braun \u00c9pilateur Silk-\u00e9pil 3 SE 3410 - Baya Shop","og_description":"- L'\u00e9pilateur \u00e9lectrique Braun Silk-\u00e9pil 3 SE 3410 pour femmes dispose de 20 pinces \u00e0 \u00e9piler - un syst\u00e8me SoftLift Tips - une t\u00eate de rasage, d'un accessoire tondeuse - rouleaux massants - une technologie Smartlight et de 2 vitesses - Livr\u00e9 avec un bouchon de massage haute fr\u00e9quence et un adaptateur secteur. &nbsp;","og_url":"https:\/\/baya-shop.com\/home\/product\/braun-epilateur-silk-epil-3-se-3410\/","og_site_name":"Baya Shop","article_publisher":"https:\/\/www.facebook.com\/Baya-Shop-103955257949742","article_modified_time":"2025-04-19T15:36:00+00:00","og_image":[{"width":2000,"height":2000,"url":"https:\/\/baya-shop.com\/wp-content\/uploads\/2024\/09\/BRAUN-SILK-EPIL-3-SE3410-EPILATEUR-AVEC-3-ACCESSOIRES.png","type":"image\/png"}],"twitter_card":"summary_large_image","twitter_misc":{"Dur\u00e9e de lecture estim\u00e9e":"1 minute"},"schema":{"@context":"https:\/\/schema.org","@graph":[{"@type":"WebPage","@id":"https:\/\/baya-shop.com\/home\/product\/braun-epilateur-silk-epil-3-se-3410\/","url":"https:\/\/baya-shop.com\/home\/product\/braun-epilateur-silk-epil-3-se-3410\/","name":"Braun \u00c9pilateur Silk-\u00e9pil 3 SE 3410 - Baya Shop","isPartOf":{"@id":"https:\/\/baya-shop.com\/home\/#website"},"primaryImageOfPage":{"@id":"https:\/\/baya-shop.com\/home\/product\/braun-epilateur-silk-epil-3-se-3410\/#primaryimage"},"image":{"@id":"https:\/\/baya-shop.com\/home\/product\/braun-epilateur-silk-epil-3-se-3410\/#primaryimage"},"thumbnailUrl":"https:\/\/i0.wp.com\/baya-shop.com\/wp-content\/uploads\/2024\/09\/BRAUN-SILK-EPIL-3-SE3410-EPILATEUR-AVEC-3-ACCESSOIRES.png?fit=2000%2C2000&ssl=1","datePublished":"2024-09-17T15:58:08+00:00","dateModified":"2025-04-19T15:36:00+00:00","description":"- L'\u00e9pilateur \u00e9lectrique Braun Silk-\u00e9pil 3 SE 3410 pour femmes dispose de 20 pinces \u00e0 \u00e9piler - un syst\u00e8me SoftLift Tips - une t\u00eate de rasage, d'un accessoire tondeuse - rouleaux massants - une technologie Smartlight et de 2 vitesses - Livr\u00e9 avec un bouchon de massage haute fr\u00e9quence et un adaptateur secteur. &nbsp;","breadcrumb":{"@id":"https:\/\/baya-shop.com\/home\/product\/braun-epilateur-silk-epil-3-se-3410\/#breadcrumb"},"inLanguage":"fr-FR","potentialAction":[{"@type":"ReadAction","target":["https:\/\/baya-shop.com\/home\/product\/braun-epilateur-silk-epil-3-se-3410\/"]}]},{"@type":"ImageObject","inLanguage":"fr-FR","@id":"https:\/\/baya-shop.com\/home\/product\/braun-epilateur-silk-epil-3-se-3410\/#primaryimage","url":"https:\/\/i0.wp.com\/baya-shop.com\/wp-content\/uploads\/2024\/09\/BRAUN-SILK-EPIL-3-SE3410-EPILATEUR-AVEC-3-ACCESSOIRES.png?fit=2000%2C2000&ssl=1","contentUrl":"https:\/\/i0.wp.com\/baya-shop.com\/wp-content\/uploads\/2024\/09\/BRAUN-SILK-EPIL-3-SE3410-EPILATEUR-AVEC-3-ACCESSOIRES.png?fit=2000%2C2000&ssl=1","width":2000,"height":2000},{"@type":"BreadcrumbList","@id":"https:\/\/baya-shop.com\/home\/product\/braun-epilateur-silk-epil-3-se-3410\/#breadcrumb","itemListElement":[{"@type":"ListItem","position":1,"name":"Accueil","item":"https:\/\/baya-shop.com\/home\/"},{"@type":"ListItem","position":2,"name":"Shop","item":"https:\/\/baya-shop.com\/home\/shop\/"},{"@type":"ListItem","position":3,"name":"Braun \u00c9pilateur Silk-\u00e9pil 3 SE 3410"}]},{"@type":"WebSite","@id":"https:\/\/baya-shop.com\/home\/#website","url":"https:\/\/baya-shop.com\/home\/","name":"Baya Shop","description":"","publisher":{"@id":"https:\/\/baya-shop.com\/home\/#organization"},"potentialAction":[{"@type":"SearchAction","target":{"@type":"EntryPoint","urlTemplate":"https:\/\/baya-shop.com\/home\/?s={search_term_string}"},"query-input":{"@type":"PropertyValueSpecification","valueRequired":true,"valueName":"search_term_string"}}],"inLanguage":"fr-FR"},{"@type":"Organization","@id":"https:\/\/baya-shop.com\/home\/#organization","name":"Baya Shop","url":"https:\/\/baya-shop.com\/home\/","logo":{"@type":"ImageObject","inLanguage":"fr-FR","@id":"https:\/\/baya-shop.com\/home\/#\/schema\/logo\/image\/","url":"https:\/\/baya-shop.com\/wp-content\/uploads\/2020\/11\/g.png","contentUrl":"https:\/\/baya-shop.com\/wp-content\/uploads\/2020\/11\/g.png","width":64,"height":64,"caption":"Baya Shop"},"image":{"@id":"https:\/\/baya-shop.com\/home\/#\/schema\/logo\/image\/"},"sameAs":["https:\/\/www.facebook.com\/Baya-Shop-103955257949742","https:\/\/www.instagram.com\/baya_shop_dz\/"]}]}},"jetpack_publicize_connections":[],"jetpack_sharing_enabled":true,"jetpack_likes_enabled":true,"jetpack-related-posts":[],"_links":{"self":[{"href":"https:\/\/baya-shop.com\/home\/wp-json\/wp\/v2\/product\/4047","targetHints":{"allow":["GET"]}}],"collection":[{"href":"https:\/\/baya-shop.com\/home\/wp-json\/wp\/v2\/product"}],"about":[{"href":"https:\/\/baya-shop.com\/home\/wp-json\/wp\/v2\/types\/product"}],"replies":[{"embeddable":true,"href":"https:\/\/baya-shop.com\/home\/wp-json\/wp\/v2\/comments?post=4047"}],"wp:featuredmedia":[{"embeddable":true,"href":"https:\/\/baya-shop.com\/home\/wp-json\/wp\/v2\/media\/4048"}],"wp:attachment":[{"href":"https:\/\/baya-shop.com\/home\/wp-json\/wp\/v2\/media?parent=4047"}],"wp:term":[{"taxonomy":"product_brand","embeddable":true,"href":"https:\/\/baya-shop.com\/home\/wp-json\/wp\/v2\/product_brand?post=4047"},{"taxonomy":"product_cat","embeddable":true,"href":"https:\/\/baya-shop.com\/home\/wp-json\/wp\/v2\/product_cat?post=4047"},{"taxonomy":"product_tag","embeddable":true,"href":"https:\/\/baya-shop.com\/home\/wp-json\/wp\/v2\/product_tag?post=4047"}],"curies":[{"name":"wp","href":"https:\/\/api.w.org\/{rel}","templated":true}]}}