{"id":4043,"date":"2024-09-17T16:16:39","date_gmt":"2024-09-17T15:16:39","guid":{"rendered":"https:\/\/baya-shop.com\/home\/?post_type=product&#038;p=4043"},"modified":"2025-09-13T12:36:44","modified_gmt":"2025-09-13T11:36:44","slug":"braun-epilateur-silk-epil-9-flex-mbses9f","status":"publish","type":"product","link":"https:\/\/baya-shop.com\/home\/product\/braun-epilateur-silk-epil-9-flex-mbses9f\/","title":{"rendered":"BRAUN \u00c9pilateur Silk-\u00c9pil 9 FLEX MBSES9F"},"content":{"rendered":"","protected":false},"excerpt":{"rendered":"<ul>\n<li>\u00c9pilateur Wet &amp; Dry Silk-\u00e9pil 9 Flex , Design Edition et 4 accessoires, dont une t\u00eate de rasoir.<\/li>\n<li>Facilit\u00e9 de l\u2019\u00e9pilation : le 1er \u00e9pilateur \u00e9lectrique au monde avec une t\u00eate 100 % flexible, pour une \u00e9pilation plus facile .<\/li>\n<li>Design Edition : \u00e9dition limit\u00e9e avec un \u00e9tui de voyage blanc \u00e9l\u00e9gant pour le 100e anniversaire de Braun<\/li>\n<li>Fabriqu\u00e9 en Allemagne.<\/li>\n<li>Design utile : manche ergonomique avec grip antid\u00e9rapant, id\u00e9al pour s\u2019\u00e9piler sous la douche<\/li>\n<li>Durabilit\u00e9 : \u00e9pilation tr\u00e8s efficace &#8211; les r\u00e9sultats de l\u2019\u00e9pilation se maintiennent pendant des semaines, et pas seulement des jours<\/li>\n<li>Contr\u00f4le de la pression : La technologie SensoSmart ajuste avec sensibilit\u00e9 la pression de l&rsquo;\u00e9pilateur sur votre peau, pour un confort maximal<\/li>\n<\/ul>\n","protected":false},"featured_media":4044,"comment_status":"open","ping_status":"closed","template":"","meta":{"jetpack_post_was_ever_published":false,"jetpack_publicize_message":"","jetpack_publicize_feature_enabled":true,"jetpack_social_post_already_shared":true,"jetpack_social_options":{"image_generator_settings":{"template":"highway","default_image_id":0,"font":"","enabled":false},"version":2}},"product_brand":[],"product_cat":[19,61],"product_tag":[],"class_list":{"0":"post-4043","1":"product","2":"type-product","3":"status-publish","4":"has-post-thumbnail","6":"product_cat-beaute","7":"product_cat-braun","9":"first","10":"outofstock","11":"sale","12":"shipping-taxable","13":"purchasable","14":"product-type-simple"},"yoast_head":"<!-- This site is optimized with the Yoast SEO plugin v27.4 - https:\/\/yoast.com\/product\/yoast-seo-wordpress\/ -->\n<title>BRAUN \u00c9pilateur Silk-\u00c9pil 9 FLEX MBSES9F - Baya Shop<\/title>\n<meta name=\"description\" content=\"\u00c9pilateur Wet &amp; Dry Silk-\u00e9pil 9 Flex , Design Edition et 4 accessoires, dont une t\u00eate de rasoir.  Facilit\u00e9 de l\u2019\u00e9pilation : le 1er \u00e9pilateur \u00e9lectrique au monde avec une t\u00eate 100 % flexible, pour une \u00e9pilation plus facile .  Design Edition : \u00e9dition limit\u00e9e avec un \u00e9tui de voyage blanc \u00e9l\u00e9gant pour le 100e anniversaire de Braun  Fabriqu\u00e9 en Allemagne.  Design utile : manche ergonomique avec grip antid\u00e9rapant, id\u00e9al pour s\u2019\u00e9piler sous la douche  Durabilit\u00e9 : \u00e9pilation tr\u00e8s efficace - les r\u00e9sultats de l\u2019\u00e9pilation se maintiennent pendant des semaines, et pas seulement des jours  Contr\u00f4le de la pression : La technologie SensoSmart ajuste avec sensibilit\u00e9 la pression de l&#039;\u00e9pilateur sur votre peau, pour un confort maximal\" \/>\n<meta name=\"robots\" content=\"index, follow, max-snippet:-1, max-image-preview:large, max-video-preview:-1\" \/>\n<link rel=\"canonical\" href=\"https:\/\/baya-shop.com\/home\/product\/braun-epilateur-silk-epil-9-flex-mbses9f\/\" \/>\n<meta property=\"og:locale\" content=\"fr_FR\" \/>\n<meta property=\"og:type\" content=\"article\" \/>\n<meta property=\"og:title\" content=\"BRAUN \u00c9pilateur Silk-\u00c9pil 9 FLEX MBSES9F - Baya Shop\" \/>\n<meta property=\"og:description\" content=\"\u00c9pilateur Wet &amp; Dry Silk-\u00e9pil 9 Flex , Design Edition et 4 accessoires, dont une t\u00eate de rasoir.  Facilit\u00e9 de l\u2019\u00e9pilation : le 1er \u00e9pilateur \u00e9lectrique au monde avec une t\u00eate 100 % flexible, pour une \u00e9pilation plus facile .  Design Edition : \u00e9dition limit\u00e9e avec un \u00e9tui de voyage blanc \u00e9l\u00e9gant pour le 100e anniversaire de Braun  Fabriqu\u00e9 en Allemagne.  Design utile : manche ergonomique avec grip antid\u00e9rapant, id\u00e9al pour s\u2019\u00e9piler sous la douche  Durabilit\u00e9 : \u00e9pilation tr\u00e8s efficace - les r\u00e9sultats de l\u2019\u00e9pilation se maintiennent pendant des semaines, et pas seulement des jours  Contr\u00f4le de la pression : La technologie SensoSmart ajuste avec sensibilit\u00e9 la pression de l&#039;\u00e9pilateur sur votre peau, pour un confort maximal\" \/>\n<meta property=\"og:url\" content=\"https:\/\/baya-shop.com\/home\/product\/braun-epilateur-silk-epil-9-flex-mbses9f\/\" \/>\n<meta property=\"og:site_name\" content=\"Baya Shop\" \/>\n<meta property=\"article:publisher\" content=\"https:\/\/www.facebook.com\/Baya-Shop-103955257949742\" \/>\n<meta property=\"article:modified_time\" content=\"2025-09-13T11:36:44+00:00\" \/>\n<meta property=\"og:image\" content=\"https:\/\/baya-shop.com\/wp-content\/uploads\/2024\/09\/braun-silk-epil-9-flex-mbses9f.jpg\" \/>\n\t<meta property=\"og:image:width\" content=\"800\" \/>\n\t<meta property=\"og:image:height\" content=\"800\" \/>\n\t<meta property=\"og:image:type\" content=\"image\/jpeg\" \/>\n<meta name=\"twitter:card\" content=\"summary_large_image\" \/>\n<meta name=\"twitter:label1\" content=\"Dur\u00e9e de lecture estim\u00e9e\" \/>\n\t<meta name=\"twitter:data1\" content=\"1 minute\" \/>\n<script type=\"application\/ld+json\" class=\"yoast-schema-graph\">{\"@context\":\"https:\\\/\\\/schema.org\",\"@graph\":[{\"@type\":\"WebPage\",\"@id\":\"https:\\\/\\\/baya-shop.com\\\/home\\\/product\\\/braun-epilateur-silk-epil-9-flex-mbses9f\\\/\",\"url\":\"https:\\\/\\\/baya-shop.com\\\/home\\\/product\\\/braun-epilateur-silk-epil-9-flex-mbses9f\\\/\",\"name\":\"BRAUN \u00c9pilateur Silk-\u00c9pil 9 FLEX MBSES9F - Baya Shop\",\"isPartOf\":{\"@id\":\"https:\\\/\\\/baya-shop.com\\\/home\\\/#website\"},\"primaryImageOfPage\":{\"@id\":\"https:\\\/\\\/baya-shop.com\\\/home\\\/product\\\/braun-epilateur-silk-epil-9-flex-mbses9f\\\/#primaryimage\"},\"image\":{\"@id\":\"https:\\\/\\\/baya-shop.com\\\/home\\\/product\\\/braun-epilateur-silk-epil-9-flex-mbses9f\\\/#primaryimage\"},\"thumbnailUrl\":\"https:\\\/\\\/i0.wp.com\\\/baya-shop.com\\\/wp-content\\\/uploads\\\/2024\\\/09\\\/braun-silk-epil-9-flex-mbses9f.jpg?fit=800%2C800&ssl=1\",\"datePublished\":\"2024-09-17T15:16:39+00:00\",\"dateModified\":\"2025-09-13T11:36:44+00:00\",\"description\":\"\u00c9pilateur Wet &amp; Dry Silk-\u00e9pil 9 Flex , Design Edition et 4 accessoires, dont une t\u00eate de rasoir. Facilit\u00e9 de l\u2019\u00e9pilation : le 1er \u00e9pilateur \u00e9lectrique au monde avec une t\u00eate 100 % flexible, pour une \u00e9pilation plus facile . Design Edition : \u00e9dition limit\u00e9e avec un \u00e9tui de voyage blanc \u00e9l\u00e9gant pour le 100e anniversaire de Braun Fabriqu\u00e9 en Allemagne. Design utile : manche ergonomique avec grip antid\u00e9rapant, id\u00e9al pour s\u2019\u00e9piler sous la douche Durabilit\u00e9 : \u00e9pilation tr\u00e8s efficace - les r\u00e9sultats de l\u2019\u00e9pilation se maintiennent pendant des semaines, et pas seulement des jours Contr\u00f4le de la pression : La technologie SensoSmart ajuste avec sensibilit\u00e9 la pression de l'\u00e9pilateur sur votre peau, pour un confort maximal\",\"breadcrumb\":{\"@id\":\"https:\\\/\\\/baya-shop.com\\\/home\\\/product\\\/braun-epilateur-silk-epil-9-flex-mbses9f\\\/#breadcrumb\"},\"inLanguage\":\"fr-FR\",\"potentialAction\":[{\"@type\":\"ReadAction\",\"target\":[\"https:\\\/\\\/baya-shop.com\\\/home\\\/product\\\/braun-epilateur-silk-epil-9-flex-mbses9f\\\/\"]}]},{\"@type\":\"ImageObject\",\"inLanguage\":\"fr-FR\",\"@id\":\"https:\\\/\\\/baya-shop.com\\\/home\\\/product\\\/braun-epilateur-silk-epil-9-flex-mbses9f\\\/#primaryimage\",\"url\":\"https:\\\/\\\/i0.wp.com\\\/baya-shop.com\\\/wp-content\\\/uploads\\\/2024\\\/09\\\/braun-silk-epil-9-flex-mbses9f.jpg?fit=800%2C800&ssl=1\",\"contentUrl\":\"https:\\\/\\\/i0.wp.com\\\/baya-shop.com\\\/wp-content\\\/uploads\\\/2024\\\/09\\\/braun-silk-epil-9-flex-mbses9f.jpg?fit=800%2C800&ssl=1\",\"width\":800,\"height\":800},{\"@type\":\"BreadcrumbList\",\"@id\":\"https:\\\/\\\/baya-shop.com\\\/home\\\/product\\\/braun-epilateur-silk-epil-9-flex-mbses9f\\\/#breadcrumb\",\"itemListElement\":[{\"@type\":\"ListItem\",\"position\":1,\"name\":\"Accueil\",\"item\":\"https:\\\/\\\/baya-shop.com\\\/home\\\/\"},{\"@type\":\"ListItem\",\"position\":2,\"name\":\"Shop\",\"item\":\"https:\\\/\\\/baya-shop.com\\\/home\\\/shop\\\/\"},{\"@type\":\"ListItem\",\"position\":3,\"name\":\"BRAUN \u00c9pilateur Silk-\u00c9pil 9 FLEX MBSES9F\"}]},{\"@type\":\"WebSite\",\"@id\":\"https:\\\/\\\/baya-shop.com\\\/home\\\/#website\",\"url\":\"https:\\\/\\\/baya-shop.com\\\/home\\\/\",\"name\":\"Baya Shop\",\"description\":\"\",\"publisher\":{\"@id\":\"https:\\\/\\\/baya-shop.com\\\/home\\\/#organization\"},\"potentialAction\":[{\"@type\":\"SearchAction\",\"target\":{\"@type\":\"EntryPoint\",\"urlTemplate\":\"https:\\\/\\\/baya-shop.com\\\/home\\\/?s={search_term_string}\"},\"query-input\":{\"@type\":\"PropertyValueSpecification\",\"valueRequired\":true,\"valueName\":\"search_term_string\"}}],\"inLanguage\":\"fr-FR\"},{\"@type\":\"Organization\",\"@id\":\"https:\\\/\\\/baya-shop.com\\\/home\\\/#organization\",\"name\":\"Baya Shop\",\"url\":\"https:\\\/\\\/baya-shop.com\\\/home\\\/\",\"logo\":{\"@type\":\"ImageObject\",\"inLanguage\":\"fr-FR\",\"@id\":\"https:\\\/\\\/baya-shop.com\\\/home\\\/#\\\/schema\\\/logo\\\/image\\\/\",\"url\":\"https:\\\/\\\/baya-shop.com\\\/wp-content\\\/uploads\\\/2020\\\/11\\\/g.png\",\"contentUrl\":\"https:\\\/\\\/baya-shop.com\\\/wp-content\\\/uploads\\\/2020\\\/11\\\/g.png\",\"width\":64,\"height\":64,\"caption\":\"Baya Shop\"},\"image\":{\"@id\":\"https:\\\/\\\/baya-shop.com\\\/home\\\/#\\\/schema\\\/logo\\\/image\\\/\"},\"sameAs\":[\"https:\\\/\\\/www.facebook.com\\\/Baya-Shop-103955257949742\",\"https:\\\/\\\/www.instagram.com\\\/baya_shop_dz\\\/\"]}]}<\/script>\n<!-- \/ Yoast SEO plugin. -->","yoast_head_json":{"title":"BRAUN \u00c9pilateur Silk-\u00c9pil 9 FLEX MBSES9F - Baya Shop","description":"\u00c9pilateur Wet &amp; Dry Silk-\u00e9pil 9 Flex , Design Edition et 4 accessoires, dont une t\u00eate de rasoir.  Facilit\u00e9 de l\u2019\u00e9pilation : le 1er \u00e9pilateur \u00e9lectrique au monde avec une t\u00eate 100 % flexible, pour une \u00e9pilation plus facile .  Design Edition : \u00e9dition limit\u00e9e avec un \u00e9tui de voyage blanc \u00e9l\u00e9gant pour le 100e anniversaire de Braun  Fabriqu\u00e9 en Allemagne.  Design utile : manche ergonomique avec grip antid\u00e9rapant, id\u00e9al pour s\u2019\u00e9piler sous la douche  Durabilit\u00e9 : \u00e9pilation tr\u00e8s efficace - les r\u00e9sultats de l\u2019\u00e9pilation se maintiennent pendant des semaines, et pas seulement des jours  Contr\u00f4le de la pression : La technologie SensoSmart ajuste avec sensibilit\u00e9 la pression de l'\u00e9pilateur sur votre peau, pour un confort maximal","robots":{"index":"index","follow":"follow","max-snippet":"max-snippet:-1","max-image-preview":"max-image-preview:large","max-video-preview":"max-video-preview:-1"},"canonical":"https:\/\/baya-shop.com\/home\/product\/braun-epilateur-silk-epil-9-flex-mbses9f\/","og_locale":"fr_FR","og_type":"article","og_title":"BRAUN \u00c9pilateur Silk-\u00c9pil 9 FLEX MBSES9F - Baya Shop","og_description":"\u00c9pilateur Wet &amp; Dry Silk-\u00e9pil 9 Flex , Design Edition et 4 accessoires, dont une t\u00eate de rasoir.  Facilit\u00e9 de l\u2019\u00e9pilation : le 1er \u00e9pilateur \u00e9lectrique au monde avec une t\u00eate 100 % flexible, pour une \u00e9pilation plus facile .  Design Edition : \u00e9dition limit\u00e9e avec un \u00e9tui de voyage blanc \u00e9l\u00e9gant pour le 100e anniversaire de Braun  Fabriqu\u00e9 en Allemagne.  Design utile : manche ergonomique avec grip antid\u00e9rapant, id\u00e9al pour s\u2019\u00e9piler sous la douche  Durabilit\u00e9 : \u00e9pilation tr\u00e8s efficace - les r\u00e9sultats de l\u2019\u00e9pilation se maintiennent pendant des semaines, et pas seulement des jours  Contr\u00f4le de la pression : La technologie SensoSmart ajuste avec sensibilit\u00e9 la pression de l'\u00e9pilateur sur votre peau, pour un confort maximal","og_url":"https:\/\/baya-shop.com\/home\/product\/braun-epilateur-silk-epil-9-flex-mbses9f\/","og_site_name":"Baya Shop","article_publisher":"https:\/\/www.facebook.com\/Baya-Shop-103955257949742","article_modified_time":"2025-09-13T11:36:44+00:00","og_image":[{"width":800,"height":800,"url":"https:\/\/baya-shop.com\/wp-content\/uploads\/2024\/09\/braun-silk-epil-9-flex-mbses9f.jpg","type":"image\/jpeg"}],"twitter_card":"summary_large_image","twitter_misc":{"Dur\u00e9e de lecture estim\u00e9e":"1 minute"},"schema":{"@context":"https:\/\/schema.org","@graph":[{"@type":"WebPage","@id":"https:\/\/baya-shop.com\/home\/product\/braun-epilateur-silk-epil-9-flex-mbses9f\/","url":"https:\/\/baya-shop.com\/home\/product\/braun-epilateur-silk-epil-9-flex-mbses9f\/","name":"BRAUN \u00c9pilateur Silk-\u00c9pil 9 FLEX MBSES9F - Baya Shop","isPartOf":{"@id":"https:\/\/baya-shop.com\/home\/#website"},"primaryImageOfPage":{"@id":"https:\/\/baya-shop.com\/home\/product\/braun-epilateur-silk-epil-9-flex-mbses9f\/#primaryimage"},"image":{"@id":"https:\/\/baya-shop.com\/home\/product\/braun-epilateur-silk-epil-9-flex-mbses9f\/#primaryimage"},"thumbnailUrl":"https:\/\/i0.wp.com\/baya-shop.com\/wp-content\/uploads\/2024\/09\/braun-silk-epil-9-flex-mbses9f.jpg?fit=800%2C800&ssl=1","datePublished":"2024-09-17T15:16:39+00:00","dateModified":"2025-09-13T11:36:44+00:00","description":"\u00c9pilateur Wet &amp; Dry Silk-\u00e9pil 9 Flex , Design Edition et 4 accessoires, dont une t\u00eate de rasoir. Facilit\u00e9 de l\u2019\u00e9pilation : le 1er \u00e9pilateur \u00e9lectrique au monde avec une t\u00eate 100 % flexible, pour une \u00e9pilation plus facile . Design Edition : \u00e9dition limit\u00e9e avec un \u00e9tui de voyage blanc \u00e9l\u00e9gant pour le 100e anniversaire de Braun Fabriqu\u00e9 en Allemagne. Design utile : manche ergonomique avec grip antid\u00e9rapant, id\u00e9al pour s\u2019\u00e9piler sous la douche Durabilit\u00e9 : \u00e9pilation tr\u00e8s efficace - les r\u00e9sultats de l\u2019\u00e9pilation se maintiennent pendant des semaines, et pas seulement des jours Contr\u00f4le de la pression : La technologie SensoSmart ajuste avec sensibilit\u00e9 la pression de l'\u00e9pilateur sur votre peau, pour un confort maximal","breadcrumb":{"@id":"https:\/\/baya-shop.com\/home\/product\/braun-epilateur-silk-epil-9-flex-mbses9f\/#breadcrumb"},"inLanguage":"fr-FR","potentialAction":[{"@type":"ReadAction","target":["https:\/\/baya-shop.com\/home\/product\/braun-epilateur-silk-epil-9-flex-mbses9f\/"]}]},{"@type":"ImageObject","inLanguage":"fr-FR","@id":"https:\/\/baya-shop.com\/home\/product\/braun-epilateur-silk-epil-9-flex-mbses9f\/#primaryimage","url":"https:\/\/i0.wp.com\/baya-shop.com\/wp-content\/uploads\/2024\/09\/braun-silk-epil-9-flex-mbses9f.jpg?fit=800%2C800&ssl=1","contentUrl":"https:\/\/i0.wp.com\/baya-shop.com\/wp-content\/uploads\/2024\/09\/braun-silk-epil-9-flex-mbses9f.jpg?fit=800%2C800&ssl=1","width":800,"height":800},{"@type":"BreadcrumbList","@id":"https:\/\/baya-shop.com\/home\/product\/braun-epilateur-silk-epil-9-flex-mbses9f\/#breadcrumb","itemListElement":[{"@type":"ListItem","position":1,"name":"Accueil","item":"https:\/\/baya-shop.com\/home\/"},{"@type":"ListItem","position":2,"name":"Shop","item":"https:\/\/baya-shop.com\/home\/shop\/"},{"@type":"ListItem","position":3,"name":"BRAUN \u00c9pilateur Silk-\u00c9pil 9 FLEX MBSES9F"}]},{"@type":"WebSite","@id":"https:\/\/baya-shop.com\/home\/#website","url":"https:\/\/baya-shop.com\/home\/","name":"Baya Shop","description":"","publisher":{"@id":"https:\/\/baya-shop.com\/home\/#organization"},"potentialAction":[{"@type":"SearchAction","target":{"@type":"EntryPoint","urlTemplate":"https:\/\/baya-shop.com\/home\/?s={search_term_string}"},"query-input":{"@type":"PropertyValueSpecification","valueRequired":true,"valueName":"search_term_string"}}],"inLanguage":"fr-FR"},{"@type":"Organization","@id":"https:\/\/baya-shop.com\/home\/#organization","name":"Baya Shop","url":"https:\/\/baya-shop.com\/home\/","logo":{"@type":"ImageObject","inLanguage":"fr-FR","@id":"https:\/\/baya-shop.com\/home\/#\/schema\/logo\/image\/","url":"https:\/\/baya-shop.com\/wp-content\/uploads\/2020\/11\/g.png","contentUrl":"https:\/\/baya-shop.com\/wp-content\/uploads\/2020\/11\/g.png","width":64,"height":64,"caption":"Baya Shop"},"image":{"@id":"https:\/\/baya-shop.com\/home\/#\/schema\/logo\/image\/"},"sameAs":["https:\/\/www.facebook.com\/Baya-Shop-103955257949742","https:\/\/www.instagram.com\/baya_shop_dz\/"]}]}},"jetpack_publicize_connections":[],"jetpack_sharing_enabled":true,"jetpack_likes_enabled":true,"jetpack-related-posts":[],"_links":{"self":[{"href":"https:\/\/baya-shop.com\/home\/wp-json\/wp\/v2\/product\/4043","targetHints":{"allow":["GET"]}}],"collection":[{"href":"https:\/\/baya-shop.com\/home\/wp-json\/wp\/v2\/product"}],"about":[{"href":"https:\/\/baya-shop.com\/home\/wp-json\/wp\/v2\/types\/product"}],"replies":[{"embeddable":true,"href":"https:\/\/baya-shop.com\/home\/wp-json\/wp\/v2\/comments?post=4043"}],"wp:featuredmedia":[{"embeddable":true,"href":"https:\/\/baya-shop.com\/home\/wp-json\/wp\/v2\/media\/4044"}],"wp:attachment":[{"href":"https:\/\/baya-shop.com\/home\/wp-json\/wp\/v2\/media?parent=4043"}],"wp:term":[{"taxonomy":"product_brand","embeddable":true,"href":"https:\/\/baya-shop.com\/home\/wp-json\/wp\/v2\/product_brand?post=4043"},{"taxonomy":"product_cat","embeddable":true,"href":"https:\/\/baya-shop.com\/home\/wp-json\/wp\/v2\/product_cat?post=4043"},{"taxonomy":"product_tag","embeddable":true,"href":"https:\/\/baya-shop.com\/home\/wp-json\/wp\/v2\/product_tag?post=4043"}],"curies":[{"name":"wp","href":"https:\/\/api.w.org\/{rel}","templated":true}]}}