{"id":4026,"date":"2024-09-17T14:40:22","date_gmt":"2024-09-17T13:40:22","guid":{"rendered":"https:\/\/baya-shop.com\/home\/?post_type=product&#038;p=4026"},"modified":"2025-04-19T16:37:22","modified_gmt":"2025-04-19T15:37:22","slug":"remington-seche-cheveux-thermacare-pro-2200-d5710","status":"publish","type":"product","link":"https:\/\/baya-shop.com\/home\/product\/remington-seche-cheveux-thermacare-pro-2200-d5710\/","title":{"rendered":"REMINGTON S\u00e8che-cheveux Thermacare Pro 2200 D5710"},"content":{"rendered":"","protected":false},"excerpt":{"rendered":"<ul>\n<li>Performance 2200W \/ flux d\u2019air 80 km\/h<\/li>\n<li>Puissance 2000W : moins de chaleur pour plus de protection<\/li>\n<li>Grille C\u00e9ramique Ionique : chaleur homog\u00e8ne et antistatique<\/li>\n<li>3 temp\u00e9ratures \/ 2 vitesses<\/li>\n<li>Air frais : fixe la coiffure<\/li>\n<li>Anneau de suspension<\/li>\n<li>Grille arri\u00e8re amovible<\/li>\n<li>Concentrateur fin<\/li>\n<\/ul>\n","protected":false},"featured_media":4027,"comment_status":"open","ping_status":"closed","template":"","meta":{"_uag_custom_page_level_css":"","jetpack_publicize_message":"","jetpack_publicize_feature_enabled":true,"jetpack_social_post_already_shared":true,"jetpack_social_options":{"image_generator_settings":{"template":"highway","default_image_id":0,"font":"","enabled":false},"version":2}},"product_brand":[],"product_cat":[46,47,20],"product_tag":[],"class_list":{"0":"post-4026","1":"product","2":"type-product","3":"status-publish","4":"has-post-thumbnail","6":"product_cat-promotion","7":"product_cat-remington","8":"product_cat-seche-cheveux","10":"first","11":"instock","12":"sale","13":"shipping-taxable","14":"purchasable","15":"product-type-simple"},"yoast_head":"<!-- This site is optimized with the Yoast SEO plugin v27.5 - https:\/\/yoast.com\/product\/yoast-seo-wordpress\/ -->\n<title>REMINGTON S\u00e8che-cheveux Thermacare Pro 2200 D5710 - Baya Shop<\/title>\n<meta name=\"description\" content=\"Performance 2200W \/ flux d\u2019air 80 km\/h  Puissance 2000W : moins de chaleur pour plus de protection  Grille C\u00e9ramique Ionique : chaleur homog\u00e8ne et antistatique  3 temp\u00e9ratures \/ 2 vitesses  Air frais : fixe la coiffure  Anneau de suspension  Grille arri\u00e8re amovible  Concentrateur fin\" \/>\n<meta name=\"robots\" content=\"index, follow, max-snippet:-1, max-image-preview:large, max-video-preview:-1\" \/>\n<link rel=\"canonical\" href=\"https:\/\/baya-shop.com\/home\/product\/remington-seche-cheveux-thermacare-pro-2200-d5710\/\" \/>\n<meta property=\"og:locale\" content=\"fr_FR\" \/>\n<meta property=\"og:type\" content=\"article\" \/>\n<meta property=\"og:title\" content=\"REMINGTON S\u00e8che-cheveux Thermacare Pro 2200 D5710 - Baya Shop\" \/>\n<meta property=\"og:description\" content=\"Performance 2200W \/ flux d\u2019air 80 km\/h  Puissance 2000W : moins de chaleur pour plus de protection  Grille C\u00e9ramique Ionique : chaleur homog\u00e8ne et antistatique  3 temp\u00e9ratures \/ 2 vitesses  Air frais : fixe la coiffure  Anneau de suspension  Grille arri\u00e8re amovible  Concentrateur fin\" \/>\n<meta property=\"og:url\" content=\"https:\/\/baya-shop.com\/home\/product\/remington-seche-cheveux-thermacare-pro-2200-d5710\/\" \/>\n<meta property=\"og:site_name\" content=\"Baya Shop\" \/>\n<meta property=\"article:publisher\" content=\"https:\/\/www.facebook.com\/Baya-Shop-103955257949742\" \/>\n<meta property=\"article:modified_time\" content=\"2025-04-19T15:37:22+00:00\" \/>\n<meta property=\"og:image\" content=\"https:\/\/baya-shop.com\/wp-content\/uploads\/2024\/09\/53554577_xxl3.jpg\" \/>\n\t<meta property=\"og:image:width\" content=\"1588\" \/>\n\t<meta property=\"og:image:height\" content=\"1000\" \/>\n\t<meta property=\"og:image:type\" content=\"image\/jpeg\" \/>\n<meta name=\"twitter:card\" content=\"summary_large_image\" \/>\n<meta name=\"twitter:label1\" content=\"Dur\u00e9e de lecture estim\u00e9e\" \/>\n\t<meta name=\"twitter:data1\" content=\"1 minute\" \/>\n<script type=\"application\/ld+json\" class=\"yoast-schema-graph\">{\"@context\":\"https:\\\/\\\/schema.org\",\"@graph\":[{\"@type\":\"WebPage\",\"@id\":\"https:\\\/\\\/baya-shop.com\\\/home\\\/product\\\/remington-seche-cheveux-thermacare-pro-2200-d5710\\\/\",\"url\":\"https:\\\/\\\/baya-shop.com\\\/home\\\/product\\\/remington-seche-cheveux-thermacare-pro-2200-d5710\\\/\",\"name\":\"REMINGTON S\u00e8che-cheveux Thermacare Pro 2200 D5710 - Baya Shop\",\"isPartOf\":{\"@id\":\"https:\\\/\\\/baya-shop.com\\\/home\\\/#website\"},\"primaryImageOfPage\":{\"@id\":\"https:\\\/\\\/baya-shop.com\\\/home\\\/product\\\/remington-seche-cheveux-thermacare-pro-2200-d5710\\\/#primaryimage\"},\"image\":{\"@id\":\"https:\\\/\\\/baya-shop.com\\\/home\\\/product\\\/remington-seche-cheveux-thermacare-pro-2200-d5710\\\/#primaryimage\"},\"thumbnailUrl\":\"https:\\\/\\\/i0.wp.com\\\/baya-shop.com\\\/wp-content\\\/uploads\\\/2024\\\/09\\\/53554577_xxl3.jpg?fit=1588%2C1000&ssl=1\",\"datePublished\":\"2024-09-17T13:40:22+00:00\",\"dateModified\":\"2025-04-19T15:37:22+00:00\",\"description\":\"Performance 2200W \\\/ flux d\u2019air 80 km\\\/h Puissance 2000W : moins de chaleur pour plus de protection Grille C\u00e9ramique Ionique : chaleur homog\u00e8ne et antistatique 3 temp\u00e9ratures \\\/ 2 vitesses Air frais : fixe la coiffure Anneau de suspension Grille arri\u00e8re amovible Concentrateur fin\",\"breadcrumb\":{\"@id\":\"https:\\\/\\\/baya-shop.com\\\/home\\\/product\\\/remington-seche-cheveux-thermacare-pro-2200-d5710\\\/#breadcrumb\"},\"inLanguage\":\"fr-FR\",\"potentialAction\":[{\"@type\":\"ReadAction\",\"target\":[\"https:\\\/\\\/baya-shop.com\\\/home\\\/product\\\/remington-seche-cheveux-thermacare-pro-2200-d5710\\\/\"]}]},{\"@type\":\"ImageObject\",\"inLanguage\":\"fr-FR\",\"@id\":\"https:\\\/\\\/baya-shop.com\\\/home\\\/product\\\/remington-seche-cheveux-thermacare-pro-2200-d5710\\\/#primaryimage\",\"url\":\"https:\\\/\\\/i0.wp.com\\\/baya-shop.com\\\/wp-content\\\/uploads\\\/2024\\\/09\\\/53554577_xxl3.jpg?fit=1588%2C1000&ssl=1\",\"contentUrl\":\"https:\\\/\\\/i0.wp.com\\\/baya-shop.com\\\/wp-content\\\/uploads\\\/2024\\\/09\\\/53554577_xxl3.jpg?fit=1588%2C1000&ssl=1\",\"width\":1588,\"height\":1000},{\"@type\":\"BreadcrumbList\",\"@id\":\"https:\\\/\\\/baya-shop.com\\\/home\\\/product\\\/remington-seche-cheveux-thermacare-pro-2200-d5710\\\/#breadcrumb\",\"itemListElement\":[{\"@type\":\"ListItem\",\"position\":1,\"name\":\"Accueil\",\"item\":\"https:\\\/\\\/baya-shop.com\\\/home\\\/\"},{\"@type\":\"ListItem\",\"position\":2,\"name\":\"Shop\",\"item\":\"https:\\\/\\\/baya-shop.com\\\/home\\\/shop\\\/\"},{\"@type\":\"ListItem\",\"position\":3,\"name\":\"REMINGTON S\u00e8che-cheveux Thermacare Pro 2200 D5710\"}]},{\"@type\":\"WebSite\",\"@id\":\"https:\\\/\\\/baya-shop.com\\\/home\\\/#website\",\"url\":\"https:\\\/\\\/baya-shop.com\\\/home\\\/\",\"name\":\"Baya Shop\",\"description\":\"\",\"publisher\":{\"@id\":\"https:\\\/\\\/baya-shop.com\\\/home\\\/#organization\"},\"potentialAction\":[{\"@type\":\"SearchAction\",\"target\":{\"@type\":\"EntryPoint\",\"urlTemplate\":\"https:\\\/\\\/baya-shop.com\\\/home\\\/?s={search_term_string}\"},\"query-input\":{\"@type\":\"PropertyValueSpecification\",\"valueRequired\":true,\"valueName\":\"search_term_string\"}}],\"inLanguage\":\"fr-FR\"},{\"@type\":\"Organization\",\"@id\":\"https:\\\/\\\/baya-shop.com\\\/home\\\/#organization\",\"name\":\"Baya Shop\",\"url\":\"https:\\\/\\\/baya-shop.com\\\/home\\\/\",\"logo\":{\"@type\":\"ImageObject\",\"inLanguage\":\"fr-FR\",\"@id\":\"https:\\\/\\\/baya-shop.com\\\/home\\\/#\\\/schema\\\/logo\\\/image\\\/\",\"url\":\"https:\\\/\\\/baya-shop.com\\\/wp-content\\\/uploads\\\/2020\\\/11\\\/g.png\",\"contentUrl\":\"https:\\\/\\\/baya-shop.com\\\/wp-content\\\/uploads\\\/2020\\\/11\\\/g.png\",\"width\":64,\"height\":64,\"caption\":\"Baya Shop\"},\"image\":{\"@id\":\"https:\\\/\\\/baya-shop.com\\\/home\\\/#\\\/schema\\\/logo\\\/image\\\/\"},\"sameAs\":[\"https:\\\/\\\/www.facebook.com\\\/Baya-Shop-103955257949742\",\"https:\\\/\\\/www.instagram.com\\\/baya_shop_dz\\\/\"]}]}<\/script>\n<!-- \/ Yoast SEO plugin. -->","yoast_head_json":{"title":"REMINGTON S\u00e8che-cheveux Thermacare Pro 2200 D5710 - Baya Shop","description":"Performance 2200W \/ flux d\u2019air 80 km\/h  Puissance 2000W : moins de chaleur pour plus de protection  Grille C\u00e9ramique Ionique : chaleur homog\u00e8ne et antistatique  3 temp\u00e9ratures \/ 2 vitesses  Air frais : fixe la coiffure  Anneau de suspension  Grille arri\u00e8re amovible  Concentrateur fin","robots":{"index":"index","follow":"follow","max-snippet":"max-snippet:-1","max-image-preview":"max-image-preview:large","max-video-preview":"max-video-preview:-1"},"canonical":"https:\/\/baya-shop.com\/home\/product\/remington-seche-cheveux-thermacare-pro-2200-d5710\/","og_locale":"fr_FR","og_type":"article","og_title":"REMINGTON S\u00e8che-cheveux Thermacare Pro 2200 D5710 - Baya Shop","og_description":"Performance 2200W \/ flux d\u2019air 80 km\/h  Puissance 2000W : moins de chaleur pour plus de protection  Grille C\u00e9ramique Ionique : chaleur homog\u00e8ne et antistatique  3 temp\u00e9ratures \/ 2 vitesses  Air frais : fixe la coiffure  Anneau de suspension  Grille arri\u00e8re amovible  Concentrateur fin","og_url":"https:\/\/baya-shop.com\/home\/product\/remington-seche-cheveux-thermacare-pro-2200-d5710\/","og_site_name":"Baya Shop","article_publisher":"https:\/\/www.facebook.com\/Baya-Shop-103955257949742","article_modified_time":"2025-04-19T15:37:22+00:00","og_image":[{"width":1588,"height":1000,"url":"https:\/\/baya-shop.com\/wp-content\/uploads\/2024\/09\/53554577_xxl3.jpg","type":"image\/jpeg"}],"twitter_card":"summary_large_image","twitter_misc":{"Dur\u00e9e de lecture estim\u00e9e":"1 minute"},"schema":{"@context":"https:\/\/schema.org","@graph":[{"@type":"WebPage","@id":"https:\/\/baya-shop.com\/home\/product\/remington-seche-cheveux-thermacare-pro-2200-d5710\/","url":"https:\/\/baya-shop.com\/home\/product\/remington-seche-cheveux-thermacare-pro-2200-d5710\/","name":"REMINGTON S\u00e8che-cheveux Thermacare Pro 2200 D5710 - Baya Shop","isPartOf":{"@id":"https:\/\/baya-shop.com\/home\/#website"},"primaryImageOfPage":{"@id":"https:\/\/baya-shop.com\/home\/product\/remington-seche-cheveux-thermacare-pro-2200-d5710\/#primaryimage"},"image":{"@id":"https:\/\/baya-shop.com\/home\/product\/remington-seche-cheveux-thermacare-pro-2200-d5710\/#primaryimage"},"thumbnailUrl":"https:\/\/i0.wp.com\/baya-shop.com\/wp-content\/uploads\/2024\/09\/53554577_xxl3.jpg?fit=1588%2C1000&ssl=1","datePublished":"2024-09-17T13:40:22+00:00","dateModified":"2025-04-19T15:37:22+00:00","description":"Performance 2200W \/ flux d\u2019air 80 km\/h Puissance 2000W : moins de chaleur pour plus de protection Grille C\u00e9ramique Ionique : chaleur homog\u00e8ne et antistatique 3 temp\u00e9ratures \/ 2 vitesses Air frais : fixe la coiffure Anneau de suspension Grille arri\u00e8re amovible Concentrateur fin","breadcrumb":{"@id":"https:\/\/baya-shop.com\/home\/product\/remington-seche-cheveux-thermacare-pro-2200-d5710\/#breadcrumb"},"inLanguage":"fr-FR","potentialAction":[{"@type":"ReadAction","target":["https:\/\/baya-shop.com\/home\/product\/remington-seche-cheveux-thermacare-pro-2200-d5710\/"]}]},{"@type":"ImageObject","inLanguage":"fr-FR","@id":"https:\/\/baya-shop.com\/home\/product\/remington-seche-cheveux-thermacare-pro-2200-d5710\/#primaryimage","url":"https:\/\/i0.wp.com\/baya-shop.com\/wp-content\/uploads\/2024\/09\/53554577_xxl3.jpg?fit=1588%2C1000&ssl=1","contentUrl":"https:\/\/i0.wp.com\/baya-shop.com\/wp-content\/uploads\/2024\/09\/53554577_xxl3.jpg?fit=1588%2C1000&ssl=1","width":1588,"height":1000},{"@type":"BreadcrumbList","@id":"https:\/\/baya-shop.com\/home\/product\/remington-seche-cheveux-thermacare-pro-2200-d5710\/#breadcrumb","itemListElement":[{"@type":"ListItem","position":1,"name":"Accueil","item":"https:\/\/baya-shop.com\/home\/"},{"@type":"ListItem","position":2,"name":"Shop","item":"https:\/\/baya-shop.com\/home\/shop\/"},{"@type":"ListItem","position":3,"name":"REMINGTON S\u00e8che-cheveux Thermacare Pro 2200 D5710"}]},{"@type":"WebSite","@id":"https:\/\/baya-shop.com\/home\/#website","url":"https:\/\/baya-shop.com\/home\/","name":"Baya Shop","description":"","publisher":{"@id":"https:\/\/baya-shop.com\/home\/#organization"},"potentialAction":[{"@type":"SearchAction","target":{"@type":"EntryPoint","urlTemplate":"https:\/\/baya-shop.com\/home\/?s={search_term_string}"},"query-input":{"@type":"PropertyValueSpecification","valueRequired":true,"valueName":"search_term_string"}}],"inLanguage":"fr-FR"},{"@type":"Organization","@id":"https:\/\/baya-shop.com\/home\/#organization","name":"Baya Shop","url":"https:\/\/baya-shop.com\/home\/","logo":{"@type":"ImageObject","inLanguage":"fr-FR","@id":"https:\/\/baya-shop.com\/home\/#\/schema\/logo\/image\/","url":"https:\/\/baya-shop.com\/wp-content\/uploads\/2020\/11\/g.png","contentUrl":"https:\/\/baya-shop.com\/wp-content\/uploads\/2020\/11\/g.png","width":64,"height":64,"caption":"Baya Shop"},"image":{"@id":"https:\/\/baya-shop.com\/home\/#\/schema\/logo\/image\/"},"sameAs":["https:\/\/www.facebook.com\/Baya-Shop-103955257949742","https:\/\/www.instagram.com\/baya_shop_dz\/"]}]}},"jetpack_publicize_connections":[],"uagb_featured_image_src":{"full":["https:\/\/i0.wp.com\/baya-shop.com\/wp-content\/uploads\/2024\/09\/53554577_xxl3.jpg?fit=1588%2C1000&ssl=1",1588,1000,false],"thumbnail":["https:\/\/i0.wp.com\/baya-shop.com\/wp-content\/uploads\/2024\/09\/53554577_xxl3.jpg?resize=150%2C150&ssl=1",150,150,true],"medium":["https:\/\/i0.wp.com\/baya-shop.com\/wp-content\/uploads\/2024\/09\/53554577_xxl3.jpg?fit=300%2C189&ssl=1",300,189,true],"medium_large":["https:\/\/i0.wp.com\/baya-shop.com\/wp-content\/uploads\/2024\/09\/53554577_xxl3.jpg?fit=768%2C484&ssl=1",768,484,true],"large":["https:\/\/i0.wp.com\/baya-shop.com\/wp-content\/uploads\/2024\/09\/53554577_xxl3.jpg?fit=1020%2C642&ssl=1",1020,642,true],"1536x1536":["https:\/\/i0.wp.com\/baya-shop.com\/wp-content\/uploads\/2024\/09\/53554577_xxl3.jpg?fit=1536%2C967&ssl=1",1536,967,true],"2048x2048":["https:\/\/i0.wp.com\/baya-shop.com\/wp-content\/uploads\/2024\/09\/53554577_xxl3.jpg?fit=1588%2C1000&ssl=1",1588,1000,true],"woocommerce_thumbnail":["https:\/\/i0.wp.com\/baya-shop.com\/wp-content\/uploads\/2024\/09\/53554577_xxl3.jpg?resize=300%2C300&ssl=1",300,300,true],"woocommerce_single":["https:\/\/i0.wp.com\/baya-shop.com\/wp-content\/uploads\/2024\/09\/53554577_xxl3.jpg?fit=600%2C378&ssl=1",600,378,true],"woocommerce_gallery_thumbnail":["https:\/\/i0.wp.com\/baya-shop.com\/wp-content\/uploads\/2024\/09\/53554577_xxl3.jpg?resize=100%2C100&ssl=1",100,100,true],"jetpack-portfolio-admin-thumb":["https:\/\/i0.wp.com\/baya-shop.com\/wp-content\/uploads\/2024\/09\/53554577_xxl3.jpg?resize=50%2C50&ssl=1",50,50,true]},"uagb_author_info":{"display_name":"zakaria guechtal","author_link":"https:\/\/baya-shop.com\/home\/author\/"},"uagb_comment_info":0,"uagb_excerpt":"Performance 2200W \/ flux d\u2019air 80 km\/h Puissance 2000W : moins de chaleur pour plus de protection Grille C\u00e9ramique Ionique : chaleur homog\u00e8ne et antistatique 3 temp\u00e9ratures \/ 2 vitesses Air frais : fixe la coiffure Anneau de suspension Grille arri\u00e8re amovible Concentrateur fin","jetpack_sharing_enabled":true,"jetpack_likes_enabled":true,"jetpack-related-posts":[],"_links":{"self":[{"href":"https:\/\/baya-shop.com\/home\/wp-json\/wp\/v2\/product\/4026","targetHints":{"allow":["GET"]}}],"collection":[{"href":"https:\/\/baya-shop.com\/home\/wp-json\/wp\/v2\/product"}],"about":[{"href":"https:\/\/baya-shop.com\/home\/wp-json\/wp\/v2\/types\/product"}],"replies":[{"embeddable":true,"href":"https:\/\/baya-shop.com\/home\/wp-json\/wp\/v2\/comments?post=4026"}],"wp:featuredmedia":[{"embeddable":true,"href":"https:\/\/baya-shop.com\/home\/wp-json\/wp\/v2\/media\/4027"}],"wp:attachment":[{"href":"https:\/\/baya-shop.com\/home\/wp-json\/wp\/v2\/media?parent=4026"}],"wp:term":[{"taxonomy":"product_brand","embeddable":true,"href":"https:\/\/baya-shop.com\/home\/wp-json\/wp\/v2\/product_brand?post=4026"},{"taxonomy":"product_cat","embeddable":true,"href":"https:\/\/baya-shop.com\/home\/wp-json\/wp\/v2\/product_cat?post=4026"},{"taxonomy":"product_tag","embeddable":true,"href":"https:\/\/baya-shop.com\/home\/wp-json\/wp\/v2\/product_tag?post=4026"}],"curies":[{"name":"wp","href":"https:\/\/api.w.org\/{rel}","templated":true}]}}