{"id":4024,"date":"2024-09-17T14:33:12","date_gmt":"2024-09-17T13:33:12","guid":{"rendered":"https:\/\/baya-shop.com\/home\/?post_type=product&#038;p=4024"},"modified":"2024-09-17T15:55:55","modified_gmt":"2024-09-17T14:55:55","slug":"remington-boucleur-pro-soft-curl-tong-ci6340","status":"publish","type":"product","link":"https:\/\/baya-shop.com\/home\/product\/remington-boucleur-pro-soft-curl-tong-ci6340\/","title":{"rendered":"REMINGTON Boucleur Pro Soft Curl TONG CI6340"},"content":{"rendered":"","protected":false},"excerpt":{"rendered":"<ul class=\"a-unordered-list a-vertical a-spacing-mini\">\n<li class=\"a-spacing-mini\"><span class=\"a-list-item\">Rev\u00eatement antistatique, ionique pour des cheveux sans frisottis<\/span><\/li>\n<li class=\"a-spacing-mini\"><span class=\"a-list-item\">Rev\u00eatement c\u00e9ramique pour des cheveux prot\u00e9g\u00e9s et une longue tenue<\/span><\/li>\n<li class=\"a-spacing-mini\"><span class=\"a-list-item\">Rev\u00eatement toumaline pour des cheveux brillants<\/span><\/li>\n<li class=\"a-spacing-mini\"><span class=\"a-list-item\">Glisse facile pour dessiner vos boucles en un seul geste<\/span><\/li>\n<li class=\"a-spacing-mini\"><span class=\"a-list-item\">10 niveaux de T\u00b0 jusqu&rsquo;\u00e0 220\u00b0C\u00a0<\/span><\/li>\n<li class=\"a-spacing-mini\"><span class=\"a-list-item\"> Diam\u00e8tre 25mm pour des boucles moyennes<\/span><\/li>\n<\/ul>\n","protected":false},"featured_media":4038,"comment_status":"open","ping_status":"closed","template":"","meta":{"jetpack_post_was_ever_published":false,"jetpack_publicize_message":"","jetpack_publicize_feature_enabled":true,"jetpack_social_post_already_shared":true,"jetpack_social_options":{"image_generator_settings":{"template":"highway","default_image_id":0,"font":"","enabled":false},"version":2}},"product_brand":[],"product_cat":[17,47],"product_tag":[],"class_list":{"0":"post-4024","1":"product","2":"type-product","3":"status-publish","4":"has-post-thumbnail","6":"product_cat-boucleur","7":"product_cat-remington","9":"first","10":"instock","11":"shipping-taxable","12":"purchasable","13":"product-type-simple"},"yoast_head":"<!-- This site is optimized with the Yoast SEO plugin v27.5 - https:\/\/yoast.com\/product\/yoast-seo-wordpress\/ -->\n<title>REMINGTON Boucleur Pro Soft Curl TONG CI6340 - Baya Shop<\/title>\n<meta name=\"description\" content=\"Rev\u00eatement antistatique, ionique pour des cheveux sans frisottis  Rev\u00eatement c\u00e9ramique pour des cheveux prot\u00e9g\u00e9s et une longue tenue  Rev\u00eatement toumaline pour des cheveux brillants  Glisse facile pour dessiner vos boucles en un seul geste  10 niveaux de T\u00b0 jusqu&#039;\u00e0 220\u00b0C\u00a0   Diam\u00e8tre 25mm pour des boucles moyennes\" \/>\n<meta name=\"robots\" content=\"index, follow, max-snippet:-1, max-image-preview:large, max-video-preview:-1\" \/>\n<link rel=\"canonical\" href=\"https:\/\/baya-shop.com\/home\/product\/remington-boucleur-pro-soft-curl-tong-ci6340\/\" \/>\n<meta property=\"og:locale\" content=\"fr_FR\" \/>\n<meta property=\"og:type\" content=\"article\" \/>\n<meta property=\"og:title\" content=\"REMINGTON Boucleur Pro Soft Curl TONG CI6340 - Baya Shop\" \/>\n<meta property=\"og:description\" content=\"Rev\u00eatement antistatique, ionique pour des cheveux sans frisottis  Rev\u00eatement c\u00e9ramique pour des cheveux prot\u00e9g\u00e9s et une longue tenue  Rev\u00eatement toumaline pour des cheveux brillants  Glisse facile pour dessiner vos boucles en un seul geste  10 niveaux de T\u00b0 jusqu&#039;\u00e0 220\u00b0C\u00a0   Diam\u00e8tre 25mm pour des boucles moyennes\" \/>\n<meta property=\"og:url\" content=\"https:\/\/baya-shop.com\/home\/product\/remington-boucleur-pro-soft-curl-tong-ci6340\/\" \/>\n<meta property=\"og:site_name\" content=\"Baya Shop\" \/>\n<meta property=\"article:publisher\" content=\"https:\/\/www.facebook.com\/Baya-Shop-103955257949742\" \/>\n<meta property=\"article:modified_time\" content=\"2024-09-17T14:55:55+00:00\" \/>\n<meta property=\"og:image\" content=\"https:\/\/baya-shop.com\/wp-content\/uploads\/2024\/09\/4008496725281-2.webp\" \/>\n\t<meta property=\"og:image:width\" content=\"545\" \/>\n\t<meta property=\"og:image:height\" content=\"545\" \/>\n\t<meta property=\"og:image:type\" content=\"image\/webp\" \/>\n<meta name=\"twitter:card\" content=\"summary_large_image\" \/>\n<meta name=\"twitter:label1\" content=\"Dur\u00e9e de lecture estim\u00e9e\" \/>\n\t<meta name=\"twitter:data1\" content=\"1 minute\" \/>\n<script type=\"application\/ld+json\" class=\"yoast-schema-graph\">{\"@context\":\"https:\\\/\\\/schema.org\",\"@graph\":[{\"@type\":\"WebPage\",\"@id\":\"https:\\\/\\\/baya-shop.com\\\/home\\\/product\\\/remington-boucleur-pro-soft-curl-tong-ci6340\\\/\",\"url\":\"https:\\\/\\\/baya-shop.com\\\/home\\\/product\\\/remington-boucleur-pro-soft-curl-tong-ci6340\\\/\",\"name\":\"REMINGTON Boucleur Pro Soft Curl TONG CI6340 - Baya Shop\",\"isPartOf\":{\"@id\":\"https:\\\/\\\/baya-shop.com\\\/home\\\/#website\"},\"primaryImageOfPage\":{\"@id\":\"https:\\\/\\\/baya-shop.com\\\/home\\\/product\\\/remington-boucleur-pro-soft-curl-tong-ci6340\\\/#primaryimage\"},\"image\":{\"@id\":\"https:\\\/\\\/baya-shop.com\\\/home\\\/product\\\/remington-boucleur-pro-soft-curl-tong-ci6340\\\/#primaryimage\"},\"thumbnailUrl\":\"https:\\\/\\\/i0.wp.com\\\/baya-shop.com\\\/wp-content\\\/uploads\\\/2024\\\/09\\\/4008496725281-2.webp?fit=545%2C545&ssl=1\",\"datePublished\":\"2024-09-17T13:33:12+00:00\",\"dateModified\":\"2024-09-17T14:55:55+00:00\",\"description\":\"Rev\u00eatement antistatique, ionique pour des cheveux sans frisottis Rev\u00eatement c\u00e9ramique pour des cheveux prot\u00e9g\u00e9s et une longue tenue Rev\u00eatement toumaline pour des cheveux brillants Glisse facile pour dessiner vos boucles en un seul geste 10 niveaux de T\u00b0 jusqu'\u00e0 220\u00b0C\u00a0 Diam\u00e8tre 25mm pour des boucles moyennes\",\"breadcrumb\":{\"@id\":\"https:\\\/\\\/baya-shop.com\\\/home\\\/product\\\/remington-boucleur-pro-soft-curl-tong-ci6340\\\/#breadcrumb\"},\"inLanguage\":\"fr-FR\",\"potentialAction\":[{\"@type\":\"ReadAction\",\"target\":[\"https:\\\/\\\/baya-shop.com\\\/home\\\/product\\\/remington-boucleur-pro-soft-curl-tong-ci6340\\\/\"]}]},{\"@type\":\"ImageObject\",\"inLanguage\":\"fr-FR\",\"@id\":\"https:\\\/\\\/baya-shop.com\\\/home\\\/product\\\/remington-boucleur-pro-soft-curl-tong-ci6340\\\/#primaryimage\",\"url\":\"https:\\\/\\\/i0.wp.com\\\/baya-shop.com\\\/wp-content\\\/uploads\\\/2024\\\/09\\\/4008496725281-2.webp?fit=545%2C545&ssl=1\",\"contentUrl\":\"https:\\\/\\\/i0.wp.com\\\/baya-shop.com\\\/wp-content\\\/uploads\\\/2024\\\/09\\\/4008496725281-2.webp?fit=545%2C545&ssl=1\",\"width\":545,\"height\":545},{\"@type\":\"BreadcrumbList\",\"@id\":\"https:\\\/\\\/baya-shop.com\\\/home\\\/product\\\/remington-boucleur-pro-soft-curl-tong-ci6340\\\/#breadcrumb\",\"itemListElement\":[{\"@type\":\"ListItem\",\"position\":1,\"name\":\"Accueil\",\"item\":\"https:\\\/\\\/baya-shop.com\\\/home\\\/\"},{\"@type\":\"ListItem\",\"position\":2,\"name\":\"Shop\",\"item\":\"https:\\\/\\\/baya-shop.com\\\/home\\\/shop\\\/\"},{\"@type\":\"ListItem\",\"position\":3,\"name\":\"REMINGTON Boucleur Pro Soft Curl TONG CI6340\"}]},{\"@type\":\"WebSite\",\"@id\":\"https:\\\/\\\/baya-shop.com\\\/home\\\/#website\",\"url\":\"https:\\\/\\\/baya-shop.com\\\/home\\\/\",\"name\":\"Baya Shop\",\"description\":\"\",\"publisher\":{\"@id\":\"https:\\\/\\\/baya-shop.com\\\/home\\\/#organization\"},\"potentialAction\":[{\"@type\":\"SearchAction\",\"target\":{\"@type\":\"EntryPoint\",\"urlTemplate\":\"https:\\\/\\\/baya-shop.com\\\/home\\\/?s={search_term_string}\"},\"query-input\":{\"@type\":\"PropertyValueSpecification\",\"valueRequired\":true,\"valueName\":\"search_term_string\"}}],\"inLanguage\":\"fr-FR\"},{\"@type\":\"Organization\",\"@id\":\"https:\\\/\\\/baya-shop.com\\\/home\\\/#organization\",\"name\":\"Baya Shop\",\"url\":\"https:\\\/\\\/baya-shop.com\\\/home\\\/\",\"logo\":{\"@type\":\"ImageObject\",\"inLanguage\":\"fr-FR\",\"@id\":\"https:\\\/\\\/baya-shop.com\\\/home\\\/#\\\/schema\\\/logo\\\/image\\\/\",\"url\":\"https:\\\/\\\/baya-shop.com\\\/wp-content\\\/uploads\\\/2020\\\/11\\\/g.png\",\"contentUrl\":\"https:\\\/\\\/baya-shop.com\\\/wp-content\\\/uploads\\\/2020\\\/11\\\/g.png\",\"width\":64,\"height\":64,\"caption\":\"Baya Shop\"},\"image\":{\"@id\":\"https:\\\/\\\/baya-shop.com\\\/home\\\/#\\\/schema\\\/logo\\\/image\\\/\"},\"sameAs\":[\"https:\\\/\\\/www.facebook.com\\\/Baya-Shop-103955257949742\",\"https:\\\/\\\/www.instagram.com\\\/baya_shop_dz\\\/\"]}]}<\/script>\n<!-- \/ Yoast SEO plugin. -->","yoast_head_json":{"title":"REMINGTON Boucleur Pro Soft Curl TONG CI6340 - Baya Shop","description":"Rev\u00eatement antistatique, ionique pour des cheveux sans frisottis  Rev\u00eatement c\u00e9ramique pour des cheveux prot\u00e9g\u00e9s et une longue tenue  Rev\u00eatement toumaline pour des cheveux brillants  Glisse facile pour dessiner vos boucles en un seul geste  10 niveaux de T\u00b0 jusqu'\u00e0 220\u00b0C\u00a0   Diam\u00e8tre 25mm pour des boucles moyennes","robots":{"index":"index","follow":"follow","max-snippet":"max-snippet:-1","max-image-preview":"max-image-preview:large","max-video-preview":"max-video-preview:-1"},"canonical":"https:\/\/baya-shop.com\/home\/product\/remington-boucleur-pro-soft-curl-tong-ci6340\/","og_locale":"fr_FR","og_type":"article","og_title":"REMINGTON Boucleur Pro Soft Curl TONG CI6340 - Baya Shop","og_description":"Rev\u00eatement antistatique, ionique pour des cheveux sans frisottis  Rev\u00eatement c\u00e9ramique pour des cheveux prot\u00e9g\u00e9s et une longue tenue  Rev\u00eatement toumaline pour des cheveux brillants  Glisse facile pour dessiner vos boucles en un seul geste  10 niveaux de T\u00b0 jusqu'\u00e0 220\u00b0C\u00a0   Diam\u00e8tre 25mm pour des boucles moyennes","og_url":"https:\/\/baya-shop.com\/home\/product\/remington-boucleur-pro-soft-curl-tong-ci6340\/","og_site_name":"Baya Shop","article_publisher":"https:\/\/www.facebook.com\/Baya-Shop-103955257949742","article_modified_time":"2024-09-17T14:55:55+00:00","og_image":[{"width":545,"height":545,"url":"https:\/\/baya-shop.com\/wp-content\/uploads\/2024\/09\/4008496725281-2.webp","type":"image\/webp"}],"twitter_card":"summary_large_image","twitter_misc":{"Dur\u00e9e de lecture estim\u00e9e":"1 minute"},"schema":{"@context":"https:\/\/schema.org","@graph":[{"@type":"WebPage","@id":"https:\/\/baya-shop.com\/home\/product\/remington-boucleur-pro-soft-curl-tong-ci6340\/","url":"https:\/\/baya-shop.com\/home\/product\/remington-boucleur-pro-soft-curl-tong-ci6340\/","name":"REMINGTON Boucleur Pro Soft Curl TONG CI6340 - Baya Shop","isPartOf":{"@id":"https:\/\/baya-shop.com\/home\/#website"},"primaryImageOfPage":{"@id":"https:\/\/baya-shop.com\/home\/product\/remington-boucleur-pro-soft-curl-tong-ci6340\/#primaryimage"},"image":{"@id":"https:\/\/baya-shop.com\/home\/product\/remington-boucleur-pro-soft-curl-tong-ci6340\/#primaryimage"},"thumbnailUrl":"https:\/\/i0.wp.com\/baya-shop.com\/wp-content\/uploads\/2024\/09\/4008496725281-2.webp?fit=545%2C545&ssl=1","datePublished":"2024-09-17T13:33:12+00:00","dateModified":"2024-09-17T14:55:55+00:00","description":"Rev\u00eatement antistatique, ionique pour des cheveux sans frisottis Rev\u00eatement c\u00e9ramique pour des cheveux prot\u00e9g\u00e9s et une longue tenue Rev\u00eatement toumaline pour des cheveux brillants Glisse facile pour dessiner vos boucles en un seul geste 10 niveaux de T\u00b0 jusqu'\u00e0 220\u00b0C\u00a0 Diam\u00e8tre 25mm pour des boucles moyennes","breadcrumb":{"@id":"https:\/\/baya-shop.com\/home\/product\/remington-boucleur-pro-soft-curl-tong-ci6340\/#breadcrumb"},"inLanguage":"fr-FR","potentialAction":[{"@type":"ReadAction","target":["https:\/\/baya-shop.com\/home\/product\/remington-boucleur-pro-soft-curl-tong-ci6340\/"]}]},{"@type":"ImageObject","inLanguage":"fr-FR","@id":"https:\/\/baya-shop.com\/home\/product\/remington-boucleur-pro-soft-curl-tong-ci6340\/#primaryimage","url":"https:\/\/i0.wp.com\/baya-shop.com\/wp-content\/uploads\/2024\/09\/4008496725281-2.webp?fit=545%2C545&ssl=1","contentUrl":"https:\/\/i0.wp.com\/baya-shop.com\/wp-content\/uploads\/2024\/09\/4008496725281-2.webp?fit=545%2C545&ssl=1","width":545,"height":545},{"@type":"BreadcrumbList","@id":"https:\/\/baya-shop.com\/home\/product\/remington-boucleur-pro-soft-curl-tong-ci6340\/#breadcrumb","itemListElement":[{"@type":"ListItem","position":1,"name":"Accueil","item":"https:\/\/baya-shop.com\/home\/"},{"@type":"ListItem","position":2,"name":"Shop","item":"https:\/\/baya-shop.com\/home\/shop\/"},{"@type":"ListItem","position":3,"name":"REMINGTON Boucleur Pro Soft Curl TONG CI6340"}]},{"@type":"WebSite","@id":"https:\/\/baya-shop.com\/home\/#website","url":"https:\/\/baya-shop.com\/home\/","name":"Baya Shop","description":"","publisher":{"@id":"https:\/\/baya-shop.com\/home\/#organization"},"potentialAction":[{"@type":"SearchAction","target":{"@type":"EntryPoint","urlTemplate":"https:\/\/baya-shop.com\/home\/?s={search_term_string}"},"query-input":{"@type":"PropertyValueSpecification","valueRequired":true,"valueName":"search_term_string"}}],"inLanguage":"fr-FR"},{"@type":"Organization","@id":"https:\/\/baya-shop.com\/home\/#organization","name":"Baya Shop","url":"https:\/\/baya-shop.com\/home\/","logo":{"@type":"ImageObject","inLanguage":"fr-FR","@id":"https:\/\/baya-shop.com\/home\/#\/schema\/logo\/image\/","url":"https:\/\/baya-shop.com\/wp-content\/uploads\/2020\/11\/g.png","contentUrl":"https:\/\/baya-shop.com\/wp-content\/uploads\/2020\/11\/g.png","width":64,"height":64,"caption":"Baya Shop"},"image":{"@id":"https:\/\/baya-shop.com\/home\/#\/schema\/logo\/image\/"},"sameAs":["https:\/\/www.facebook.com\/Baya-Shop-103955257949742","https:\/\/www.instagram.com\/baya_shop_dz\/"]}]}},"jetpack_publicize_connections":[],"jetpack_sharing_enabled":true,"jetpack_likes_enabled":true,"jetpack-related-posts":[],"_links":{"self":[{"href":"https:\/\/baya-shop.com\/home\/wp-json\/wp\/v2\/product\/4024","targetHints":{"allow":["GET"]}}],"collection":[{"href":"https:\/\/baya-shop.com\/home\/wp-json\/wp\/v2\/product"}],"about":[{"href":"https:\/\/baya-shop.com\/home\/wp-json\/wp\/v2\/types\/product"}],"replies":[{"embeddable":true,"href":"https:\/\/baya-shop.com\/home\/wp-json\/wp\/v2\/comments?post=4024"}],"wp:featuredmedia":[{"embeddable":true,"href":"https:\/\/baya-shop.com\/home\/wp-json\/wp\/v2\/media\/4038"}],"wp:attachment":[{"href":"https:\/\/baya-shop.com\/home\/wp-json\/wp\/v2\/media?parent=4024"}],"wp:term":[{"taxonomy":"product_brand","embeddable":true,"href":"https:\/\/baya-shop.com\/home\/wp-json\/wp\/v2\/product_brand?post=4024"},{"taxonomy":"product_cat","embeddable":true,"href":"https:\/\/baya-shop.com\/home\/wp-json\/wp\/v2\/product_cat?post=4024"},{"taxonomy":"product_tag","embeddable":true,"href":"https:\/\/baya-shop.com\/home\/wp-json\/wp\/v2\/product_tag?post=4024"}],"curies":[{"name":"wp","href":"https:\/\/api.w.org\/{rel}","templated":true}]}}