{"id":4012,"date":"2024-09-17T12:04:12","date_gmt":"2024-09-17T11:04:12","guid":{"rendered":"https:\/\/baya-shop.com\/home\/?post_type=product&#038;p=4012"},"modified":"2025-07-19T00:16:49","modified_gmt":"2025-07-18T23:16:49","slug":"remington-lisseur-sapphire-luxe-s5805","status":"publish","type":"product","link":"https:\/\/baya-shop.com\/home\/product\/remington-lisseur-sapphire-luxe-s5805\/","title":{"rendered":"REMINGTON LISSEUR Sapphire luxe S5805"},"content":{"rendered":"","protected":false},"excerpt":{"rendered":"<ul>\n<li>Plaques \u00e0 rev\u00eatement c\u00e9ramique de pointe infus\u00e9 de saphir<\/li>\n<li>Chauffe ultrarapide<\/li>\n<li>Contr\u00f4le num\u00e9rique des temp\u00e9ratures, avec 5 r\u00e9glages de 150 \u00e0 230 \u00b0C<\/li>\n<li>Affichage LED de temp\u00e9rature<\/li>\n<li>Plaque flottante plus longue de 110 mm<\/li>\n<li>Bo\u00eetier incurv\u00e9<\/li>\n<li>Boost de temp\u00e9rature<\/li>\n<li>Verrouillage de plaque<\/li>\n<li>Mise hors tension automatique de s\u00e9curit\u00e9<\/li>\n<li>Tension universelle de 120-240 V<\/li>\n<li>Cordon rotatif<\/li>\n<li>Pochette de rangement<\/li>\n<\/ul>\n","protected":false},"featured_media":4013,"comment_status":"open","ping_status":"closed","template":"","meta":{"jetpack_post_was_ever_published":false,"jetpack_publicize_message":"","jetpack_publicize_feature_enabled":true,"jetpack_social_post_already_shared":true,"jetpack_social_options":{"image_generator_settings":{"template":"highway","default_image_id":0,"font":"","enabled":false},"version":2}},"product_brand":[],"product_cat":[18,46,47],"product_tag":[],"class_list":{"0":"post-4012","1":"product","2":"type-product","3":"status-publish","4":"has-post-thumbnail","6":"product_cat-lisseur","7":"product_cat-promotion","8":"product_cat-remington","10":"first","11":"instock","12":"sale","13":"shipping-taxable","14":"purchasable","15":"product-type-simple"},"yoast_head":"<!-- This site is optimized with the Yoast SEO plugin v27.5 - https:\/\/yoast.com\/product\/yoast-seo-wordpress\/ -->\n<title>REMINGTON LISSEUR Sapphire luxe S5805 - Baya Shop<\/title>\n<meta name=\"description\" content=\"Plaques \u00e0 rev\u00eatement c\u00e9ramique de pointe infus\u00e9 de saphir  Chauffe ultrarapide  Contr\u00f4le num\u00e9rique des temp\u00e9ratures, avec 5 r\u00e9glages de 150 \u00e0 230 \u00b0C  Affichage LED de temp\u00e9rature  Plaque flottante plus longue de 110 mm  Bo\u00eetier incurv\u00e9  Boost de temp\u00e9rature  Verrouillage de plaque  Mise hors tension automatique de s\u00e9curit\u00e9  Tension universelle de 120-240 V  Cordon rotatif  Pochette de rangement\" \/>\n<meta name=\"robots\" content=\"index, follow, max-snippet:-1, max-image-preview:large, max-video-preview:-1\" \/>\n<link rel=\"canonical\" href=\"https:\/\/baya-shop.com\/home\/product\/remington-lisseur-sapphire-luxe-s5805\/\" \/>\n<meta property=\"og:locale\" content=\"fr_FR\" \/>\n<meta property=\"og:type\" content=\"article\" \/>\n<meta property=\"og:title\" content=\"REMINGTON LISSEUR Sapphire luxe S5805 - Baya Shop\" \/>\n<meta property=\"og:description\" content=\"Plaques \u00e0 rev\u00eatement c\u00e9ramique de pointe infus\u00e9 de saphir  Chauffe ultrarapide  Contr\u00f4le num\u00e9rique des temp\u00e9ratures, avec 5 r\u00e9glages de 150 \u00e0 230 \u00b0C  Affichage LED de temp\u00e9rature  Plaque flottante plus longue de 110 mm  Bo\u00eetier incurv\u00e9  Boost de temp\u00e9rature  Verrouillage de plaque  Mise hors tension automatique de s\u00e9curit\u00e9  Tension universelle de 120-240 V  Cordon rotatif  Pochette de rangement\" \/>\n<meta property=\"og:url\" content=\"https:\/\/baya-shop.com\/home\/product\/remington-lisseur-sapphire-luxe-s5805\/\" \/>\n<meta property=\"og:site_name\" content=\"Baya Shop\" \/>\n<meta property=\"article:publisher\" content=\"https:\/\/www.facebook.com\/Baya-Shop-103955257949742\" \/>\n<meta property=\"article:modified_time\" content=\"2025-07-18T23:16:49+00:00\" \/>\n<meta property=\"og:image\" content=\"https:\/\/baya-shop.com\/wp-content\/uploads\/2024\/09\/large_45793540100_9688_S5805EU_3DFOP.png\" \/>\n\t<meta property=\"og:image:width\" content=\"1000\" \/>\n\t<meta property=\"og:image:height\" content=\"1000\" \/>\n\t<meta property=\"og:image:type\" content=\"image\/png\" \/>\n<meta name=\"twitter:card\" content=\"summary_large_image\" \/>\n<meta name=\"twitter:label1\" content=\"Dur\u00e9e de lecture estim\u00e9e\" \/>\n\t<meta name=\"twitter:data1\" content=\"1 minute\" \/>\n<script type=\"application\/ld+json\" class=\"yoast-schema-graph\">{\"@context\":\"https:\\\/\\\/schema.org\",\"@graph\":[{\"@type\":\"WebPage\",\"@id\":\"https:\\\/\\\/baya-shop.com\\\/home\\\/product\\\/remington-lisseur-sapphire-luxe-s5805\\\/\",\"url\":\"https:\\\/\\\/baya-shop.com\\\/home\\\/product\\\/remington-lisseur-sapphire-luxe-s5805\\\/\",\"name\":\"REMINGTON LISSEUR Sapphire luxe S5805 - Baya Shop\",\"isPartOf\":{\"@id\":\"https:\\\/\\\/baya-shop.com\\\/home\\\/#website\"},\"primaryImageOfPage\":{\"@id\":\"https:\\\/\\\/baya-shop.com\\\/home\\\/product\\\/remington-lisseur-sapphire-luxe-s5805\\\/#primaryimage\"},\"image\":{\"@id\":\"https:\\\/\\\/baya-shop.com\\\/home\\\/product\\\/remington-lisseur-sapphire-luxe-s5805\\\/#primaryimage\"},\"thumbnailUrl\":\"https:\\\/\\\/i0.wp.com\\\/baya-shop.com\\\/wp-content\\\/uploads\\\/2024\\\/09\\\/large_45793540100_9688_S5805EU_3DFOP.png?fit=1000%2C1000&ssl=1\",\"datePublished\":\"2024-09-17T11:04:12+00:00\",\"dateModified\":\"2025-07-18T23:16:49+00:00\",\"description\":\"Plaques \u00e0 rev\u00eatement c\u00e9ramique de pointe infus\u00e9 de saphir Chauffe ultrarapide Contr\u00f4le num\u00e9rique des temp\u00e9ratures, avec 5 r\u00e9glages de 150 \u00e0 230 \u00b0C Affichage LED de temp\u00e9rature Plaque flottante plus longue de 110 mm Bo\u00eetier incurv\u00e9 Boost de temp\u00e9rature Verrouillage de plaque Mise hors tension automatique de s\u00e9curit\u00e9 Tension universelle de 120-240 V Cordon rotatif Pochette de rangement\",\"breadcrumb\":{\"@id\":\"https:\\\/\\\/baya-shop.com\\\/home\\\/product\\\/remington-lisseur-sapphire-luxe-s5805\\\/#breadcrumb\"},\"inLanguage\":\"fr-FR\",\"potentialAction\":[{\"@type\":\"ReadAction\",\"target\":[\"https:\\\/\\\/baya-shop.com\\\/home\\\/product\\\/remington-lisseur-sapphire-luxe-s5805\\\/\"]}]},{\"@type\":\"ImageObject\",\"inLanguage\":\"fr-FR\",\"@id\":\"https:\\\/\\\/baya-shop.com\\\/home\\\/product\\\/remington-lisseur-sapphire-luxe-s5805\\\/#primaryimage\",\"url\":\"https:\\\/\\\/i0.wp.com\\\/baya-shop.com\\\/wp-content\\\/uploads\\\/2024\\\/09\\\/large_45793540100_9688_S5805EU_3DFOP.png?fit=1000%2C1000&ssl=1\",\"contentUrl\":\"https:\\\/\\\/i0.wp.com\\\/baya-shop.com\\\/wp-content\\\/uploads\\\/2024\\\/09\\\/large_45793540100_9688_S5805EU_3DFOP.png?fit=1000%2C1000&ssl=1\",\"width\":1000,\"height\":1000},{\"@type\":\"BreadcrumbList\",\"@id\":\"https:\\\/\\\/baya-shop.com\\\/home\\\/product\\\/remington-lisseur-sapphire-luxe-s5805\\\/#breadcrumb\",\"itemListElement\":[{\"@type\":\"ListItem\",\"position\":1,\"name\":\"Accueil\",\"item\":\"https:\\\/\\\/baya-shop.com\\\/home\\\/\"},{\"@type\":\"ListItem\",\"position\":2,\"name\":\"Shop\",\"item\":\"https:\\\/\\\/baya-shop.com\\\/home\\\/shop\\\/\"},{\"@type\":\"ListItem\",\"position\":3,\"name\":\"REMINGTON LISSEUR Sapphire luxe S5805\"}]},{\"@type\":\"WebSite\",\"@id\":\"https:\\\/\\\/baya-shop.com\\\/home\\\/#website\",\"url\":\"https:\\\/\\\/baya-shop.com\\\/home\\\/\",\"name\":\"Baya Shop\",\"description\":\"\",\"publisher\":{\"@id\":\"https:\\\/\\\/baya-shop.com\\\/home\\\/#organization\"},\"potentialAction\":[{\"@type\":\"SearchAction\",\"target\":{\"@type\":\"EntryPoint\",\"urlTemplate\":\"https:\\\/\\\/baya-shop.com\\\/home\\\/?s={search_term_string}\"},\"query-input\":{\"@type\":\"PropertyValueSpecification\",\"valueRequired\":true,\"valueName\":\"search_term_string\"}}],\"inLanguage\":\"fr-FR\"},{\"@type\":\"Organization\",\"@id\":\"https:\\\/\\\/baya-shop.com\\\/home\\\/#organization\",\"name\":\"Baya Shop\",\"url\":\"https:\\\/\\\/baya-shop.com\\\/home\\\/\",\"logo\":{\"@type\":\"ImageObject\",\"inLanguage\":\"fr-FR\",\"@id\":\"https:\\\/\\\/baya-shop.com\\\/home\\\/#\\\/schema\\\/logo\\\/image\\\/\",\"url\":\"https:\\\/\\\/baya-shop.com\\\/wp-content\\\/uploads\\\/2020\\\/11\\\/g.png\",\"contentUrl\":\"https:\\\/\\\/baya-shop.com\\\/wp-content\\\/uploads\\\/2020\\\/11\\\/g.png\",\"width\":64,\"height\":64,\"caption\":\"Baya Shop\"},\"image\":{\"@id\":\"https:\\\/\\\/baya-shop.com\\\/home\\\/#\\\/schema\\\/logo\\\/image\\\/\"},\"sameAs\":[\"https:\\\/\\\/www.facebook.com\\\/Baya-Shop-103955257949742\",\"https:\\\/\\\/www.instagram.com\\\/baya_shop_dz\\\/\"]}]}<\/script>\n<!-- \/ Yoast SEO plugin. -->","yoast_head_json":{"title":"REMINGTON LISSEUR Sapphire luxe S5805 - Baya Shop","description":"Plaques \u00e0 rev\u00eatement c\u00e9ramique de pointe infus\u00e9 de saphir  Chauffe ultrarapide  Contr\u00f4le num\u00e9rique des temp\u00e9ratures, avec 5 r\u00e9glages de 150 \u00e0 230 \u00b0C  Affichage LED de temp\u00e9rature  Plaque flottante plus longue de 110 mm  Bo\u00eetier incurv\u00e9  Boost de temp\u00e9rature  Verrouillage de plaque  Mise hors tension automatique de s\u00e9curit\u00e9  Tension universelle de 120-240 V  Cordon rotatif  Pochette de rangement","robots":{"index":"index","follow":"follow","max-snippet":"max-snippet:-1","max-image-preview":"max-image-preview:large","max-video-preview":"max-video-preview:-1"},"canonical":"https:\/\/baya-shop.com\/home\/product\/remington-lisseur-sapphire-luxe-s5805\/","og_locale":"fr_FR","og_type":"article","og_title":"REMINGTON LISSEUR Sapphire luxe S5805 - Baya Shop","og_description":"Plaques \u00e0 rev\u00eatement c\u00e9ramique de pointe infus\u00e9 de saphir  Chauffe ultrarapide  Contr\u00f4le num\u00e9rique des temp\u00e9ratures, avec 5 r\u00e9glages de 150 \u00e0 230 \u00b0C  Affichage LED de temp\u00e9rature  Plaque flottante plus longue de 110 mm  Bo\u00eetier incurv\u00e9  Boost de temp\u00e9rature  Verrouillage de plaque  Mise hors tension automatique de s\u00e9curit\u00e9  Tension universelle de 120-240 V  Cordon rotatif  Pochette de rangement","og_url":"https:\/\/baya-shop.com\/home\/product\/remington-lisseur-sapphire-luxe-s5805\/","og_site_name":"Baya Shop","article_publisher":"https:\/\/www.facebook.com\/Baya-Shop-103955257949742","article_modified_time":"2025-07-18T23:16:49+00:00","og_image":[{"width":1000,"height":1000,"url":"https:\/\/baya-shop.com\/wp-content\/uploads\/2024\/09\/large_45793540100_9688_S5805EU_3DFOP.png","type":"image\/png"}],"twitter_card":"summary_large_image","twitter_misc":{"Dur\u00e9e de lecture estim\u00e9e":"1 minute"},"schema":{"@context":"https:\/\/schema.org","@graph":[{"@type":"WebPage","@id":"https:\/\/baya-shop.com\/home\/product\/remington-lisseur-sapphire-luxe-s5805\/","url":"https:\/\/baya-shop.com\/home\/product\/remington-lisseur-sapphire-luxe-s5805\/","name":"REMINGTON LISSEUR Sapphire luxe S5805 - Baya Shop","isPartOf":{"@id":"https:\/\/baya-shop.com\/home\/#website"},"primaryImageOfPage":{"@id":"https:\/\/baya-shop.com\/home\/product\/remington-lisseur-sapphire-luxe-s5805\/#primaryimage"},"image":{"@id":"https:\/\/baya-shop.com\/home\/product\/remington-lisseur-sapphire-luxe-s5805\/#primaryimage"},"thumbnailUrl":"https:\/\/i0.wp.com\/baya-shop.com\/wp-content\/uploads\/2024\/09\/large_45793540100_9688_S5805EU_3DFOP.png?fit=1000%2C1000&ssl=1","datePublished":"2024-09-17T11:04:12+00:00","dateModified":"2025-07-18T23:16:49+00:00","description":"Plaques \u00e0 rev\u00eatement c\u00e9ramique de pointe infus\u00e9 de saphir Chauffe ultrarapide Contr\u00f4le num\u00e9rique des temp\u00e9ratures, avec 5 r\u00e9glages de 150 \u00e0 230 \u00b0C Affichage LED de temp\u00e9rature Plaque flottante plus longue de 110 mm Bo\u00eetier incurv\u00e9 Boost de temp\u00e9rature Verrouillage de plaque Mise hors tension automatique de s\u00e9curit\u00e9 Tension universelle de 120-240 V Cordon rotatif Pochette de rangement","breadcrumb":{"@id":"https:\/\/baya-shop.com\/home\/product\/remington-lisseur-sapphire-luxe-s5805\/#breadcrumb"},"inLanguage":"fr-FR","potentialAction":[{"@type":"ReadAction","target":["https:\/\/baya-shop.com\/home\/product\/remington-lisseur-sapphire-luxe-s5805\/"]}]},{"@type":"ImageObject","inLanguage":"fr-FR","@id":"https:\/\/baya-shop.com\/home\/product\/remington-lisseur-sapphire-luxe-s5805\/#primaryimage","url":"https:\/\/i0.wp.com\/baya-shop.com\/wp-content\/uploads\/2024\/09\/large_45793540100_9688_S5805EU_3DFOP.png?fit=1000%2C1000&ssl=1","contentUrl":"https:\/\/i0.wp.com\/baya-shop.com\/wp-content\/uploads\/2024\/09\/large_45793540100_9688_S5805EU_3DFOP.png?fit=1000%2C1000&ssl=1","width":1000,"height":1000},{"@type":"BreadcrumbList","@id":"https:\/\/baya-shop.com\/home\/product\/remington-lisseur-sapphire-luxe-s5805\/#breadcrumb","itemListElement":[{"@type":"ListItem","position":1,"name":"Accueil","item":"https:\/\/baya-shop.com\/home\/"},{"@type":"ListItem","position":2,"name":"Shop","item":"https:\/\/baya-shop.com\/home\/shop\/"},{"@type":"ListItem","position":3,"name":"REMINGTON LISSEUR Sapphire luxe S5805"}]},{"@type":"WebSite","@id":"https:\/\/baya-shop.com\/home\/#website","url":"https:\/\/baya-shop.com\/home\/","name":"Baya Shop","description":"","publisher":{"@id":"https:\/\/baya-shop.com\/home\/#organization"},"potentialAction":[{"@type":"SearchAction","target":{"@type":"EntryPoint","urlTemplate":"https:\/\/baya-shop.com\/home\/?s={search_term_string}"},"query-input":{"@type":"PropertyValueSpecification","valueRequired":true,"valueName":"search_term_string"}}],"inLanguage":"fr-FR"},{"@type":"Organization","@id":"https:\/\/baya-shop.com\/home\/#organization","name":"Baya Shop","url":"https:\/\/baya-shop.com\/home\/","logo":{"@type":"ImageObject","inLanguage":"fr-FR","@id":"https:\/\/baya-shop.com\/home\/#\/schema\/logo\/image\/","url":"https:\/\/baya-shop.com\/wp-content\/uploads\/2020\/11\/g.png","contentUrl":"https:\/\/baya-shop.com\/wp-content\/uploads\/2020\/11\/g.png","width":64,"height":64,"caption":"Baya Shop"},"image":{"@id":"https:\/\/baya-shop.com\/home\/#\/schema\/logo\/image\/"},"sameAs":["https:\/\/www.facebook.com\/Baya-Shop-103955257949742","https:\/\/www.instagram.com\/baya_shop_dz\/"]}]}},"jetpack_publicize_connections":[],"jetpack_sharing_enabled":true,"jetpack_likes_enabled":true,"jetpack-related-posts":[],"_links":{"self":[{"href":"https:\/\/baya-shop.com\/home\/wp-json\/wp\/v2\/product\/4012","targetHints":{"allow":["GET"]}}],"collection":[{"href":"https:\/\/baya-shop.com\/home\/wp-json\/wp\/v2\/product"}],"about":[{"href":"https:\/\/baya-shop.com\/home\/wp-json\/wp\/v2\/types\/product"}],"replies":[{"embeddable":true,"href":"https:\/\/baya-shop.com\/home\/wp-json\/wp\/v2\/comments?post=4012"}],"wp:featuredmedia":[{"embeddable":true,"href":"https:\/\/baya-shop.com\/home\/wp-json\/wp\/v2\/media\/4013"}],"wp:attachment":[{"href":"https:\/\/baya-shop.com\/home\/wp-json\/wp\/v2\/media?parent=4012"}],"wp:term":[{"taxonomy":"product_brand","embeddable":true,"href":"https:\/\/baya-shop.com\/home\/wp-json\/wp\/v2\/product_brand?post=4012"},{"taxonomy":"product_cat","embeddable":true,"href":"https:\/\/baya-shop.com\/home\/wp-json\/wp\/v2\/product_cat?post=4012"},{"taxonomy":"product_tag","embeddable":true,"href":"https:\/\/baya-shop.com\/home\/wp-json\/wp\/v2\/product_tag?post=4012"}],"curies":[{"name":"wp","href":"https:\/\/api.w.org\/{rel}","templated":true}]}}