{"id":3745,"date":"2024-02-12T10:37:28","date_gmt":"2024-02-12T09:37:28","guid":{"rendered":"https:\/\/baya-shop.com\/home\/?post_type=product&#038;p=3745"},"modified":"2026-01-04T18:07:20","modified_gmt":"2026-01-04T17:07:20","slug":"remington-lisseur-curl-straight-confidence-d5706","status":"publish","type":"product","link":"https:\/\/baya-shop.com\/home\/product\/remington-lisseur-curl-straight-confidence-d5706\/","title":{"rendered":"REMINGTON Lisseur Curl &#038; Straight Confidence D5706"},"content":{"rendered":"","protected":false},"excerpt":{"rendered":"<ul>\n<li>Puissance\u00a0 2200W \/ flux d\u2019air 90 km\/h<\/li>\n<li>Fonction turbo<\/li>\n<li>Ionique : des cheveux brillants sans frisottis<\/li>\n<li>Grille C\u00e9ramique : chaleur homog\u00e8ne<\/li>\n<li>3 temp\u00e9ratures \/ 2 vitesses<\/li>\n<li>Air frais : fixe la coiffure<\/li>\n<li>Poids l\u00e9ger \/ Bruit faible*<\/li>\n<li>Concentrateur sp\u00e9cial boucles unique<\/li>\n<li>Concentrateur extra-large de 109 mm\u00a0: lissage pr\u00e9cis<\/li>\n<li>Brosse \u00e0 coiffer diam\u00e8tre 45 mm<\/li>\n<li>Diffuseur<\/li>\n<li>Anneau de suspension<\/li>\n<li>Grille arri\u00e8re amovible<\/li>\n<\/ul>\n","protected":false},"featured_media":3746,"comment_status":"open","ping_status":"closed","template":"","meta":{"jetpack_post_was_ever_published":false,"jetpack_publicize_message":"","jetpack_publicize_feature_enabled":true,"jetpack_social_post_already_shared":true,"jetpack_social_options":{"image_generator_settings":{"template":"highway","default_image_id":0,"font":"","enabled":false},"version":2}},"product_brand":[],"product_cat":[46,72,47,20],"product_tag":[],"class_list":{"0":"post-3745","1":"product","2":"type-product","3":"status-publish","4":"has-post-thumbnail","6":"product_cat-promotion","7":"product_cat-promotion-dete-2024","8":"product_cat-remington","9":"product_cat-seche-cheveux","11":"first","12":"instock","13":"sale","14":"shipping-taxable","15":"purchasable","16":"product-type-simple"},"yoast_head":"<!-- This site is optimized with the Yoast SEO plugin v27.3 - https:\/\/yoast.com\/product\/yoast-seo-wordpress\/ -->\n<title>REMINGTON Lisseur Curl &amp; Straight Confidence D5706 - Baya Shop<\/title>\n<meta name=\"description\" content=\"Puissance\u00a0 2200W \/ flux d\u2019air 90 km\/h  Fonction turbo  Ionique : des cheveux brillants sans frisottis  Grille C\u00e9ramique : chaleur homog\u00e8ne  3 temp\u00e9ratures \/ 2 vitesses  Air frais : fixe la coiffure  Poids l\u00e9ger \/ Bruit faible*  Concentrateur sp\u00e9cial boucles unique  Concentrateur extra-large de 109 mm\u00a0: lissage pr\u00e9cis  Brosse \u00e0 coiffer diam\u00e8tre 45 mm  Diffuseur  Anneau de suspension  Grille arri\u00e8re amovible\" \/>\n<meta name=\"robots\" content=\"index, follow, max-snippet:-1, max-image-preview:large, max-video-preview:-1\" \/>\n<link rel=\"canonical\" href=\"https:\/\/baya-shop.com\/home\/product\/remington-lisseur-curl-straight-confidence-d5706\/\" \/>\n<meta property=\"og:locale\" content=\"fr_FR\" \/>\n<meta property=\"og:type\" content=\"article\" \/>\n<meta property=\"og:title\" content=\"REMINGTON Lisseur Curl &amp; Straight Confidence D5706 - Baya Shop\" \/>\n<meta property=\"og:description\" content=\"Puissance\u00a0 2200W \/ flux d\u2019air 90 km\/h  Fonction turbo  Ionique : des cheveux brillants sans frisottis  Grille C\u00e9ramique : chaleur homog\u00e8ne  3 temp\u00e9ratures \/ 2 vitesses  Air frais : fixe la coiffure  Poids l\u00e9ger \/ Bruit faible*  Concentrateur sp\u00e9cial boucles unique  Concentrateur extra-large de 109 mm\u00a0: lissage pr\u00e9cis  Brosse \u00e0 coiffer diam\u00e8tre 45 mm  Diffuseur  Anneau de suspension  Grille arri\u00e8re amovible\" \/>\n<meta property=\"og:url\" content=\"https:\/\/baya-shop.com\/home\/product\/remington-lisseur-curl-straight-confidence-d5706\/\" \/>\n<meta property=\"og:site_name\" content=\"Baya Shop\" \/>\n<meta property=\"article:publisher\" content=\"https:\/\/www.facebook.com\/Baya-Shop-103955257949742\" \/>\n<meta property=\"article:modified_time\" content=\"2026-01-04T17:07:20+00:00\" \/>\n<meta property=\"og:image\" content=\"https:\/\/baya-shop.com\/wp-content\/uploads\/2024\/02\/remington-d5706-seche-cheveux-2200-w-noir-rose-dore-5475850-1427226406_26406_1200x1200-e1707730637960.jpeg\" \/>\n\t<meta property=\"og:image:width\" content=\"1200\" \/>\n\t<meta property=\"og:image:height\" content=\"1080\" \/>\n\t<meta property=\"og:image:type\" content=\"image\/jpeg\" \/>\n<meta name=\"twitter:card\" content=\"summary_large_image\" \/>\n<meta name=\"twitter:label1\" content=\"Dur\u00e9e de lecture estim\u00e9e\" \/>\n\t<meta name=\"twitter:data1\" content=\"1 minute\" \/>\n<script type=\"application\/ld+json\" class=\"yoast-schema-graph\">{\"@context\":\"https:\\\/\\\/schema.org\",\"@graph\":[{\"@type\":\"WebPage\",\"@id\":\"https:\\\/\\\/baya-shop.com\\\/home\\\/product\\\/remington-lisseur-curl-straight-confidence-d5706\\\/\",\"url\":\"https:\\\/\\\/baya-shop.com\\\/home\\\/product\\\/remington-lisseur-curl-straight-confidence-d5706\\\/\",\"name\":\"REMINGTON Lisseur Curl & Straight Confidence D5706 - Baya Shop\",\"isPartOf\":{\"@id\":\"https:\\\/\\\/baya-shop.com\\\/home\\\/#website\"},\"primaryImageOfPage\":{\"@id\":\"https:\\\/\\\/baya-shop.com\\\/home\\\/product\\\/remington-lisseur-curl-straight-confidence-d5706\\\/#primaryimage\"},\"image\":{\"@id\":\"https:\\\/\\\/baya-shop.com\\\/home\\\/product\\\/remington-lisseur-curl-straight-confidence-d5706\\\/#primaryimage\"},\"thumbnailUrl\":\"https:\\\/\\\/i0.wp.com\\\/baya-shop.com\\\/wp-content\\\/uploads\\\/2024\\\/02\\\/remington-d5706-seche-cheveux-2200-w-noir-rose-dore-5475850-1427226406_26406_1200x1200-e1707730637960.jpeg?fit=1200%2C1080&ssl=1\",\"datePublished\":\"2024-02-12T09:37:28+00:00\",\"dateModified\":\"2026-01-04T17:07:20+00:00\",\"description\":\"Puissance\u00a0 2200W \\\/ flux d\u2019air 90 km\\\/h Fonction turbo Ionique : des cheveux brillants sans frisottis Grille C\u00e9ramique : chaleur homog\u00e8ne 3 temp\u00e9ratures \\\/ 2 vitesses Air frais : fixe la coiffure Poids l\u00e9ger \\\/ Bruit faible* Concentrateur sp\u00e9cial boucles unique Concentrateur extra-large de 109 mm\u00a0: lissage pr\u00e9cis Brosse \u00e0 coiffer diam\u00e8tre 45 mm Diffuseur Anneau de suspension Grille arri\u00e8re amovible\",\"breadcrumb\":{\"@id\":\"https:\\\/\\\/baya-shop.com\\\/home\\\/product\\\/remington-lisseur-curl-straight-confidence-d5706\\\/#breadcrumb\"},\"inLanguage\":\"fr-FR\",\"potentialAction\":[{\"@type\":\"ReadAction\",\"target\":[\"https:\\\/\\\/baya-shop.com\\\/home\\\/product\\\/remington-lisseur-curl-straight-confidence-d5706\\\/\"]}]},{\"@type\":\"ImageObject\",\"inLanguage\":\"fr-FR\",\"@id\":\"https:\\\/\\\/baya-shop.com\\\/home\\\/product\\\/remington-lisseur-curl-straight-confidence-d5706\\\/#primaryimage\",\"url\":\"https:\\\/\\\/i0.wp.com\\\/baya-shop.com\\\/wp-content\\\/uploads\\\/2024\\\/02\\\/remington-d5706-seche-cheveux-2200-w-noir-rose-dore-5475850-1427226406_26406_1200x1200-e1707730637960.jpeg?fit=1200%2C1080&ssl=1\",\"contentUrl\":\"https:\\\/\\\/i0.wp.com\\\/baya-shop.com\\\/wp-content\\\/uploads\\\/2024\\\/02\\\/remington-d5706-seche-cheveux-2200-w-noir-rose-dore-5475850-1427226406_26406_1200x1200-e1707730637960.jpeg?fit=1200%2C1080&ssl=1\",\"width\":1200,\"height\":1080},{\"@type\":\"BreadcrumbList\",\"@id\":\"https:\\\/\\\/baya-shop.com\\\/home\\\/product\\\/remington-lisseur-curl-straight-confidence-d5706\\\/#breadcrumb\",\"itemListElement\":[{\"@type\":\"ListItem\",\"position\":1,\"name\":\"Accueil\",\"item\":\"https:\\\/\\\/baya-shop.com\\\/home\\\/\"},{\"@type\":\"ListItem\",\"position\":2,\"name\":\"Shop\",\"item\":\"https:\\\/\\\/baya-shop.com\\\/home\\\/shop\\\/\"},{\"@type\":\"ListItem\",\"position\":3,\"name\":\"REMINGTON Lisseur Curl &#038; Straight Confidence D5706\"}]},{\"@type\":\"WebSite\",\"@id\":\"https:\\\/\\\/baya-shop.com\\\/home\\\/#website\",\"url\":\"https:\\\/\\\/baya-shop.com\\\/home\\\/\",\"name\":\"Baya Shop\",\"description\":\"\",\"publisher\":{\"@id\":\"https:\\\/\\\/baya-shop.com\\\/home\\\/#organization\"},\"potentialAction\":[{\"@type\":\"SearchAction\",\"target\":{\"@type\":\"EntryPoint\",\"urlTemplate\":\"https:\\\/\\\/baya-shop.com\\\/home\\\/?s={search_term_string}\"},\"query-input\":{\"@type\":\"PropertyValueSpecification\",\"valueRequired\":true,\"valueName\":\"search_term_string\"}}],\"inLanguage\":\"fr-FR\"},{\"@type\":\"Organization\",\"@id\":\"https:\\\/\\\/baya-shop.com\\\/home\\\/#organization\",\"name\":\"Baya Shop\",\"url\":\"https:\\\/\\\/baya-shop.com\\\/home\\\/\",\"logo\":{\"@type\":\"ImageObject\",\"inLanguage\":\"fr-FR\",\"@id\":\"https:\\\/\\\/baya-shop.com\\\/home\\\/#\\\/schema\\\/logo\\\/image\\\/\",\"url\":\"https:\\\/\\\/baya-shop.com\\\/wp-content\\\/uploads\\\/2020\\\/11\\\/g.png\",\"contentUrl\":\"https:\\\/\\\/baya-shop.com\\\/wp-content\\\/uploads\\\/2020\\\/11\\\/g.png\",\"width\":64,\"height\":64,\"caption\":\"Baya Shop\"},\"image\":{\"@id\":\"https:\\\/\\\/baya-shop.com\\\/home\\\/#\\\/schema\\\/logo\\\/image\\\/\"},\"sameAs\":[\"https:\\\/\\\/www.facebook.com\\\/Baya-Shop-103955257949742\",\"https:\\\/\\\/www.instagram.com\\\/baya_shop_dz\\\/\"]}]}<\/script>\n<!-- \/ Yoast SEO plugin. -->","yoast_head_json":{"title":"REMINGTON Lisseur Curl & Straight Confidence D5706 - Baya Shop","description":"Puissance\u00a0 2200W \/ flux d\u2019air 90 km\/h  Fonction turbo  Ionique : des cheveux brillants sans frisottis  Grille C\u00e9ramique : chaleur homog\u00e8ne  3 temp\u00e9ratures \/ 2 vitesses  Air frais : fixe la coiffure  Poids l\u00e9ger \/ Bruit faible*  Concentrateur sp\u00e9cial boucles unique  Concentrateur extra-large de 109 mm\u00a0: lissage pr\u00e9cis  Brosse \u00e0 coiffer diam\u00e8tre 45 mm  Diffuseur  Anneau de suspension  Grille arri\u00e8re amovible","robots":{"index":"index","follow":"follow","max-snippet":"max-snippet:-1","max-image-preview":"max-image-preview:large","max-video-preview":"max-video-preview:-1"},"canonical":"https:\/\/baya-shop.com\/home\/product\/remington-lisseur-curl-straight-confidence-d5706\/","og_locale":"fr_FR","og_type":"article","og_title":"REMINGTON Lisseur Curl & Straight Confidence D5706 - Baya Shop","og_description":"Puissance\u00a0 2200W \/ flux d\u2019air 90 km\/h  Fonction turbo  Ionique : des cheveux brillants sans frisottis  Grille C\u00e9ramique : chaleur homog\u00e8ne  3 temp\u00e9ratures \/ 2 vitesses  Air frais : fixe la coiffure  Poids l\u00e9ger \/ Bruit faible*  Concentrateur sp\u00e9cial boucles unique  Concentrateur extra-large de 109 mm\u00a0: lissage pr\u00e9cis  Brosse \u00e0 coiffer diam\u00e8tre 45 mm  Diffuseur  Anneau de suspension  Grille arri\u00e8re amovible","og_url":"https:\/\/baya-shop.com\/home\/product\/remington-lisseur-curl-straight-confidence-d5706\/","og_site_name":"Baya Shop","article_publisher":"https:\/\/www.facebook.com\/Baya-Shop-103955257949742","article_modified_time":"2026-01-04T17:07:20+00:00","og_image":[{"width":1200,"height":1080,"url":"https:\/\/baya-shop.com\/wp-content\/uploads\/2024\/02\/remington-d5706-seche-cheveux-2200-w-noir-rose-dore-5475850-1427226406_26406_1200x1200-e1707730637960.jpeg","type":"image\/jpeg"}],"twitter_card":"summary_large_image","twitter_misc":{"Dur\u00e9e de lecture estim\u00e9e":"1 minute"},"schema":{"@context":"https:\/\/schema.org","@graph":[{"@type":"WebPage","@id":"https:\/\/baya-shop.com\/home\/product\/remington-lisseur-curl-straight-confidence-d5706\/","url":"https:\/\/baya-shop.com\/home\/product\/remington-lisseur-curl-straight-confidence-d5706\/","name":"REMINGTON Lisseur Curl & Straight Confidence D5706 - Baya Shop","isPartOf":{"@id":"https:\/\/baya-shop.com\/home\/#website"},"primaryImageOfPage":{"@id":"https:\/\/baya-shop.com\/home\/product\/remington-lisseur-curl-straight-confidence-d5706\/#primaryimage"},"image":{"@id":"https:\/\/baya-shop.com\/home\/product\/remington-lisseur-curl-straight-confidence-d5706\/#primaryimage"},"thumbnailUrl":"https:\/\/i0.wp.com\/baya-shop.com\/wp-content\/uploads\/2024\/02\/remington-d5706-seche-cheveux-2200-w-noir-rose-dore-5475850-1427226406_26406_1200x1200-e1707730637960.jpeg?fit=1200%2C1080&ssl=1","datePublished":"2024-02-12T09:37:28+00:00","dateModified":"2026-01-04T17:07:20+00:00","description":"Puissance\u00a0 2200W \/ flux d\u2019air 90 km\/h Fonction turbo Ionique : des cheveux brillants sans frisottis Grille C\u00e9ramique : chaleur homog\u00e8ne 3 temp\u00e9ratures \/ 2 vitesses Air frais : fixe la coiffure Poids l\u00e9ger \/ Bruit faible* Concentrateur sp\u00e9cial boucles unique Concentrateur extra-large de 109 mm\u00a0: lissage pr\u00e9cis Brosse \u00e0 coiffer diam\u00e8tre 45 mm Diffuseur Anneau de suspension Grille arri\u00e8re amovible","breadcrumb":{"@id":"https:\/\/baya-shop.com\/home\/product\/remington-lisseur-curl-straight-confidence-d5706\/#breadcrumb"},"inLanguage":"fr-FR","potentialAction":[{"@type":"ReadAction","target":["https:\/\/baya-shop.com\/home\/product\/remington-lisseur-curl-straight-confidence-d5706\/"]}]},{"@type":"ImageObject","inLanguage":"fr-FR","@id":"https:\/\/baya-shop.com\/home\/product\/remington-lisseur-curl-straight-confidence-d5706\/#primaryimage","url":"https:\/\/i0.wp.com\/baya-shop.com\/wp-content\/uploads\/2024\/02\/remington-d5706-seche-cheveux-2200-w-noir-rose-dore-5475850-1427226406_26406_1200x1200-e1707730637960.jpeg?fit=1200%2C1080&ssl=1","contentUrl":"https:\/\/i0.wp.com\/baya-shop.com\/wp-content\/uploads\/2024\/02\/remington-d5706-seche-cheveux-2200-w-noir-rose-dore-5475850-1427226406_26406_1200x1200-e1707730637960.jpeg?fit=1200%2C1080&ssl=1","width":1200,"height":1080},{"@type":"BreadcrumbList","@id":"https:\/\/baya-shop.com\/home\/product\/remington-lisseur-curl-straight-confidence-d5706\/#breadcrumb","itemListElement":[{"@type":"ListItem","position":1,"name":"Accueil","item":"https:\/\/baya-shop.com\/home\/"},{"@type":"ListItem","position":2,"name":"Shop","item":"https:\/\/baya-shop.com\/home\/shop\/"},{"@type":"ListItem","position":3,"name":"REMINGTON Lisseur Curl &#038; Straight Confidence D5706"}]},{"@type":"WebSite","@id":"https:\/\/baya-shop.com\/home\/#website","url":"https:\/\/baya-shop.com\/home\/","name":"Baya Shop","description":"","publisher":{"@id":"https:\/\/baya-shop.com\/home\/#organization"},"potentialAction":[{"@type":"SearchAction","target":{"@type":"EntryPoint","urlTemplate":"https:\/\/baya-shop.com\/home\/?s={search_term_string}"},"query-input":{"@type":"PropertyValueSpecification","valueRequired":true,"valueName":"search_term_string"}}],"inLanguage":"fr-FR"},{"@type":"Organization","@id":"https:\/\/baya-shop.com\/home\/#organization","name":"Baya Shop","url":"https:\/\/baya-shop.com\/home\/","logo":{"@type":"ImageObject","inLanguage":"fr-FR","@id":"https:\/\/baya-shop.com\/home\/#\/schema\/logo\/image\/","url":"https:\/\/baya-shop.com\/wp-content\/uploads\/2020\/11\/g.png","contentUrl":"https:\/\/baya-shop.com\/wp-content\/uploads\/2020\/11\/g.png","width":64,"height":64,"caption":"Baya Shop"},"image":{"@id":"https:\/\/baya-shop.com\/home\/#\/schema\/logo\/image\/"},"sameAs":["https:\/\/www.facebook.com\/Baya-Shop-103955257949742","https:\/\/www.instagram.com\/baya_shop_dz\/"]}]}},"jetpack_publicize_connections":[],"jetpack_sharing_enabled":true,"jetpack_likes_enabled":true,"jetpack-related-posts":[],"_links":{"self":[{"href":"https:\/\/baya-shop.com\/home\/wp-json\/wp\/v2\/product\/3745","targetHints":{"allow":["GET"]}}],"collection":[{"href":"https:\/\/baya-shop.com\/home\/wp-json\/wp\/v2\/product"}],"about":[{"href":"https:\/\/baya-shop.com\/home\/wp-json\/wp\/v2\/types\/product"}],"replies":[{"embeddable":true,"href":"https:\/\/baya-shop.com\/home\/wp-json\/wp\/v2\/comments?post=3745"}],"wp:featuredmedia":[{"embeddable":true,"href":"https:\/\/baya-shop.com\/home\/wp-json\/wp\/v2\/media\/3746"}],"wp:attachment":[{"href":"https:\/\/baya-shop.com\/home\/wp-json\/wp\/v2\/media?parent=3745"}],"wp:term":[{"taxonomy":"product_brand","embeddable":true,"href":"https:\/\/baya-shop.com\/home\/wp-json\/wp\/v2\/product_brand?post=3745"},{"taxonomy":"product_cat","embeddable":true,"href":"https:\/\/baya-shop.com\/home\/wp-json\/wp\/v2\/product_cat?post=3745"},{"taxonomy":"product_tag","embeddable":true,"href":"https:\/\/baya-shop.com\/home\/wp-json\/wp\/v2\/product_tag?post=3745"}],"curies":[{"name":"wp","href":"https:\/\/api.w.org\/{rel}","templated":true}]}}