{"id":3618,"date":"2024-02-06T13:27:37","date_gmt":"2024-02-06T12:27:37","guid":{"rendered":"https:\/\/baya-shop.com\/home\/?post_type=product&#038;p=3618"},"modified":"2026-01-04T18:07:38","modified_gmt":"2026-01-04T17:07:38","slug":"remington-lisseur-keratine-therapy-s8590","status":"publish","type":"product","link":"https:\/\/baya-shop.com\/home\/product\/remington-lisseur-keratine-therapy-s8590\/","title":{"rendered":"REMINGTON Lisseur Keratine Therapy S8590"},"content":{"rendered":"","protected":false},"excerpt":{"rendered":"<div id=\"product_description\" class=\"product_bloc_aside product_bloc_description anchor\" data-automation-id=\"product_bloc_description\">\n<div class=\"product_bloc_content bloc ombre font-2\">\n<div class=\"columns\">\n<p><strong>Des cheveux prot\u00e9g\u00e9s et en pleine sant\u00e9 avec le lisseur\u00a0<\/strong><b>S8590 Keratin Therapy de Remington\u00a0<\/b><strong>!<br \/>\n<\/strong><b><br \/>\nPlaques :<br \/>\n<\/b>Ce lisseur est \u00e9quip\u00e9 de\u00a0<strong>plaques extra longues de 110 mm<\/strong>\u00a0id\u00e9ales pour toutes les longueurs de cheveux.<\/p>\n<p><b>Rev\u00eatement\u00a0<\/b><strong>Keratin Therapy*\u00a0<\/strong><b>:<br \/>\n<\/b>Le\u00a0<strong>rev\u00eatement Advanced Keratin Therapy<\/strong>\u00a0ultra r\u00e9sistant vous offre une glisse douce et un r\u00e9sultat durable : un soin micro-mol\u00e9culaire \u00e0 la k\u00e9ratine (principal constituant du cheveu)\u00a0est int\u00e9gr\u00e9 au rev\u00eatement.<br \/>\nActiv\u00e9 par la chaleur, il s&rsquo;applique uniform\u00e9ment sur toute votre chevelure.<\/p>\n<p><b>Temp\u00e9rature :<br \/>\n<\/b>Les<strong>\u00a05 niveaux de<\/strong>\u00a0<strong>temp\u00e9rature (de 160\u00b0 \u00e0 230\u00b0C)<\/strong>\u00a0+ la\u00a0<strong>fonction Turbo<\/strong>\u00a0permettent une longue tenue de votre coiffure. A vous de r\u00e9gler la temp\u00e9rature selon la nature de vos cheveux ou du r\u00e9sultat d\u00e9sir\u00e9.<br \/>\nLe temps de chauffe est ultra rapide puisque l&rsquo;appareil est pr\u00eat en\u00a0<strong>15 secondes.<br \/>\n<\/strong><b><br \/>\nPraticit\u00e9 et s\u00e9curit\u00e9 :<br \/>\n<\/b><b>Protection au rendez-vous !<\/b>\u00a0Il est dot\u00e9 d&rsquo;un\u00a0<strong>capteur intelligent<\/strong>\u00a0(sur la plaque sup\u00e9rieure) qui d\u00e9tecte le niveau d&rsquo;humidit\u00e9\u00a0de vos cheveux en continu et ajuste automatiquement la temp\u00e9rature avec pr\u00e9cision pour les prot\u00e9ger.<br \/>\nPour une s\u00e9curit\u00e9 optimale, l&rsquo;appareil s&rsquo;<strong>arr\u00eate automatiquement\u00a0<\/strong>apr\u00e8s 60 minutes.<br \/>\nLe\u00a0<strong>cordon rotatif de 1,8 m\u00e8tre \u00e0 36<\/strong><strong>0\u00b0\u00a0<\/strong>facilite l&rsquo;utilisation.<\/p>\n<p><b>Fournis :<br \/>\n<\/b>Il est fourni avec une<strong>\u00a0pochette thermo-r\u00e9sistante<\/strong>, con\u00e7ue pour ranger le lisseur encore chaud \u00e0 l&rsquo;int\u00e9rieur.<\/p>\n<p><i>* Keratin Therapy n\u2019a pas d\u2019effet th\u00e9rapeutique.<\/i><\/p>\n<\/div>\n<\/div>\n<\/div>\n<div id=\"product_brand\" class=\"product_bloc_aside product_bloc_brand anchor\">\n<div class=\"inpage_content_block\"><\/div>\n<\/div>\n","protected":false},"featured_media":3619,"comment_status":"open","ping_status":"closed","template":"","meta":{"jetpack_post_was_ever_published":false,"jetpack_publicize_message":"","jetpack_publicize_feature_enabled":true,"jetpack_social_post_already_shared":false,"jetpack_social_options":{"image_generator_settings":{"template":"highway","default_image_id":0,"font":"","enabled":false},"version":2}},"product_brand":[],"product_cat":[18,46,47],"product_tag":[],"class_list":{"0":"post-3618","1":"product","2":"type-product","3":"status-publish","4":"has-post-thumbnail","6":"product_cat-lisseur","7":"product_cat-promotion","8":"product_cat-remington","10":"first","11":"instock","12":"shipping-taxable","13":"purchasable","14":"product-type-simple"},"yoast_head":"<!-- This site is optimized with the Yoast SEO plugin v27.4 - https:\/\/yoast.com\/product\/yoast-seo-wordpress\/ -->\n<title>REMINGTON Lisseur Keratine Therapy S8590 - Baya Shop<\/title>\n<meta name=\"description\" content=\"Des cheveux prot\u00e9g\u00e9s et en pleine sant\u00e9 avec le lisseur\u00a0S8590 Keratin Therapy de Remington\u00a0!  Plaques : Ce lisseur est \u00e9quip\u00e9 de\u00a0plaques extra longues de 110 mm\u00a0id\u00e9ales pour toutes les longueurs de cheveux.  Rev\u00eatement\u00a0Keratin Therapy*\u00a0: Le\u00a0rev\u00eatement Advanced Keratin Therapy\u00a0ultra r\u00e9sistant vous offre une glisse douce et un r\u00e9sultat durable : un soin micro-mol\u00e9culaire \u00e0 la k\u00e9ratine (principal constituant du cheveu)\u00a0est int\u00e9gr\u00e9 au rev\u00eatement. Activ\u00e9 par la chaleur, il s&#039;applique uniform\u00e9ment sur toute votre chevelure.  Temp\u00e9rature : Les\u00a05 niveaux de\u00a0temp\u00e9rature (de 160\u00b0 \u00e0 230\u00b0C)\u00a0+ la\u00a0fonction Turbo\u00a0permettent une longue tenue de votre coiffure. A vous de r\u00e9gler la temp\u00e9rature selon la nature de vos cheveux ou du r\u00e9sultat d\u00e9sir\u00e9. Le temps de chauffe est ultra rapide puisque l&#039;appareil est pr\u00eat en\u00a015 secondes.  Praticit\u00e9 et s\u00e9curit\u00e9 : Protection au rendez-vous !\u00a0Il est dot\u00e9 d&#039;un\u00a0capteur intelligent\u00a0(sur la plaque sup\u00e9rieure) qui d\u00e9tecte le niveau d&#039;humidit\u00e9\u00a0de vos cheveux en continu et ajuste automatiquement la temp\u00e9rature avec pr\u00e9cision pour les prot\u00e9ger. Pour une s\u00e9curit\u00e9 optimale, l&#039;appareil s&#039;arr\u00eate automatiquement\u00a0apr\u00e8s 60 minutes. Le\u00a0cordon rotatif de 1,8 m\u00e8tre \u00e0 360\u00b0\u00a0facilite l&#039;utilisation.  Fournis : Il est fourni avec une\u00a0pochette thermo-r\u00e9sistante, con\u00e7ue pour ranger le lisseur encore chaud \u00e0 l&#039;int\u00e9rieur.  * Keratin Therapy n\u2019a pas d\u2019effet th\u00e9rapeutique.\" \/>\n<meta name=\"robots\" content=\"index, follow, max-snippet:-1, max-image-preview:large, max-video-preview:-1\" \/>\n<link rel=\"canonical\" href=\"https:\/\/baya-shop.com\/home\/product\/remington-lisseur-keratine-therapy-s8590\/\" \/>\n<meta property=\"og:locale\" content=\"fr_FR\" \/>\n<meta property=\"og:type\" content=\"article\" \/>\n<meta property=\"og:title\" content=\"REMINGTON Lisseur Keratine Therapy S8590 - Baya Shop\" \/>\n<meta property=\"og:description\" content=\"Des cheveux prot\u00e9g\u00e9s et en pleine sant\u00e9 avec le lisseur\u00a0S8590 Keratin Therapy de Remington\u00a0!  Plaques : Ce lisseur est \u00e9quip\u00e9 de\u00a0plaques extra longues de 110 mm\u00a0id\u00e9ales pour toutes les longueurs de cheveux.  Rev\u00eatement\u00a0Keratin Therapy*\u00a0: Le\u00a0rev\u00eatement Advanced Keratin Therapy\u00a0ultra r\u00e9sistant vous offre une glisse douce et un r\u00e9sultat durable : un soin micro-mol\u00e9culaire \u00e0 la k\u00e9ratine (principal constituant du cheveu)\u00a0est int\u00e9gr\u00e9 au rev\u00eatement. Activ\u00e9 par la chaleur, il s&#039;applique uniform\u00e9ment sur toute votre chevelure.  Temp\u00e9rature : Les\u00a05 niveaux de\u00a0temp\u00e9rature (de 160\u00b0 \u00e0 230\u00b0C)\u00a0+ la\u00a0fonction Turbo\u00a0permettent une longue tenue de votre coiffure. A vous de r\u00e9gler la temp\u00e9rature selon la nature de vos cheveux ou du r\u00e9sultat d\u00e9sir\u00e9. Le temps de chauffe est ultra rapide puisque l&#039;appareil est pr\u00eat en\u00a015 secondes.  Praticit\u00e9 et s\u00e9curit\u00e9 : Protection au rendez-vous !\u00a0Il est dot\u00e9 d&#039;un\u00a0capteur intelligent\u00a0(sur la plaque sup\u00e9rieure) qui d\u00e9tecte le niveau d&#039;humidit\u00e9\u00a0de vos cheveux en continu et ajuste automatiquement la temp\u00e9rature avec pr\u00e9cision pour les prot\u00e9ger. Pour une s\u00e9curit\u00e9 optimale, l&#039;appareil s&#039;arr\u00eate automatiquement\u00a0apr\u00e8s 60 minutes. Le\u00a0cordon rotatif de 1,8 m\u00e8tre \u00e0 360\u00b0\u00a0facilite l&#039;utilisation.  Fournis : Il est fourni avec une\u00a0pochette thermo-r\u00e9sistante, con\u00e7ue pour ranger le lisseur encore chaud \u00e0 l&#039;int\u00e9rieur.  * Keratin Therapy n\u2019a pas d\u2019effet th\u00e9rapeutique.\" \/>\n<meta property=\"og:url\" content=\"https:\/\/baya-shop.com\/home\/product\/remington-lisseur-keratine-therapy-s8590\/\" \/>\n<meta property=\"og:site_name\" content=\"Baya Shop\" \/>\n<meta property=\"article:publisher\" content=\"https:\/\/www.facebook.com\/Baya-Shop-103955257949742\" \/>\n<meta property=\"article:modified_time\" content=\"2026-01-04T17:07:38+00:00\" \/>\n<meta property=\"og:image\" content=\"https:\/\/baya-shop.com\/wp-content\/uploads\/2024\/02\/1-1.jpg\" \/>\n\t<meta property=\"og:image:width\" content=\"500\" \/>\n\t<meta property=\"og:image:height\" content=\"500\" \/>\n\t<meta property=\"og:image:type\" content=\"image\/jpeg\" \/>\n<meta name=\"twitter:card\" content=\"summary_large_image\" \/>\n<meta name=\"twitter:label1\" content=\"Dur\u00e9e de lecture estim\u00e9e\" \/>\n\t<meta name=\"twitter:data1\" content=\"1 minute\" \/>\n<script type=\"application\/ld+json\" class=\"yoast-schema-graph\">{\"@context\":\"https:\\\/\\\/schema.org\",\"@graph\":[{\"@type\":\"WebPage\",\"@id\":\"https:\\\/\\\/baya-shop.com\\\/home\\\/product\\\/remington-lisseur-keratine-therapy-s8590\\\/\",\"url\":\"https:\\\/\\\/baya-shop.com\\\/home\\\/product\\\/remington-lisseur-keratine-therapy-s8590\\\/\",\"name\":\"REMINGTON Lisseur Keratine Therapy S8590 - Baya Shop\",\"isPartOf\":{\"@id\":\"https:\\\/\\\/baya-shop.com\\\/home\\\/#website\"},\"primaryImageOfPage\":{\"@id\":\"https:\\\/\\\/baya-shop.com\\\/home\\\/product\\\/remington-lisseur-keratine-therapy-s8590\\\/#primaryimage\"},\"image\":{\"@id\":\"https:\\\/\\\/baya-shop.com\\\/home\\\/product\\\/remington-lisseur-keratine-therapy-s8590\\\/#primaryimage\"},\"thumbnailUrl\":\"https:\\\/\\\/i0.wp.com\\\/baya-shop.com\\\/wp-content\\\/uploads\\\/2024\\\/02\\\/1-1.jpg?fit=500%2C500&ssl=1\",\"datePublished\":\"2024-02-06T12:27:37+00:00\",\"dateModified\":\"2026-01-04T17:07:38+00:00\",\"description\":\"Des cheveux prot\u00e9g\u00e9s et en pleine sant\u00e9 avec le lisseur\u00a0S8590 Keratin Therapy de Remington\u00a0! Plaques : Ce lisseur est \u00e9quip\u00e9 de\u00a0plaques extra longues de 110 mm\u00a0id\u00e9ales pour toutes les longueurs de cheveux. Rev\u00eatement\u00a0Keratin Therapy*\u00a0: Le\u00a0rev\u00eatement Advanced Keratin Therapy\u00a0ultra r\u00e9sistant vous offre une glisse douce et un r\u00e9sultat durable : un soin micro-mol\u00e9culaire \u00e0 la k\u00e9ratine (principal constituant du cheveu)\u00a0est int\u00e9gr\u00e9 au rev\u00eatement. Activ\u00e9 par la chaleur, il s'applique uniform\u00e9ment sur toute votre chevelure. Temp\u00e9rature : Les\u00a05 niveaux de\u00a0temp\u00e9rature (de 160\u00b0 \u00e0 230\u00b0C)\u00a0+ la\u00a0fonction Turbo\u00a0permettent une longue tenue de votre coiffure. A vous de r\u00e9gler la temp\u00e9rature selon la nature de vos cheveux ou du r\u00e9sultat d\u00e9sir\u00e9. Le temps de chauffe est ultra rapide puisque l'appareil est pr\u00eat en\u00a015 secondes. Praticit\u00e9 et s\u00e9curit\u00e9 : Protection au rendez-vous !\u00a0Il est dot\u00e9 d'un\u00a0capteur intelligent\u00a0(sur la plaque sup\u00e9rieure) qui d\u00e9tecte le niveau d'humidit\u00e9\u00a0de vos cheveux en continu et ajuste automatiquement la temp\u00e9rature avec pr\u00e9cision pour les prot\u00e9ger. Pour une s\u00e9curit\u00e9 optimale, l'appareil s'arr\u00eate automatiquement\u00a0apr\u00e8s 60 minutes. Le\u00a0cordon rotatif de 1,8 m\u00e8tre \u00e0 360\u00b0\u00a0facilite l'utilisation. Fournis : Il est fourni avec une\u00a0pochette thermo-r\u00e9sistante, con\u00e7ue pour ranger le lisseur encore chaud \u00e0 l'int\u00e9rieur. * Keratin Therapy n\u2019a pas d\u2019effet th\u00e9rapeutique.\",\"breadcrumb\":{\"@id\":\"https:\\\/\\\/baya-shop.com\\\/home\\\/product\\\/remington-lisseur-keratine-therapy-s8590\\\/#breadcrumb\"},\"inLanguage\":\"fr-FR\",\"potentialAction\":[{\"@type\":\"ReadAction\",\"target\":[\"https:\\\/\\\/baya-shop.com\\\/home\\\/product\\\/remington-lisseur-keratine-therapy-s8590\\\/\"]}]},{\"@type\":\"ImageObject\",\"inLanguage\":\"fr-FR\",\"@id\":\"https:\\\/\\\/baya-shop.com\\\/home\\\/product\\\/remington-lisseur-keratine-therapy-s8590\\\/#primaryimage\",\"url\":\"https:\\\/\\\/i0.wp.com\\\/baya-shop.com\\\/wp-content\\\/uploads\\\/2024\\\/02\\\/1-1.jpg?fit=500%2C500&ssl=1\",\"contentUrl\":\"https:\\\/\\\/i0.wp.com\\\/baya-shop.com\\\/wp-content\\\/uploads\\\/2024\\\/02\\\/1-1.jpg?fit=500%2C500&ssl=1\",\"width\":500,\"height\":500},{\"@type\":\"BreadcrumbList\",\"@id\":\"https:\\\/\\\/baya-shop.com\\\/home\\\/product\\\/remington-lisseur-keratine-therapy-s8590\\\/#breadcrumb\",\"itemListElement\":[{\"@type\":\"ListItem\",\"position\":1,\"name\":\"Accueil\",\"item\":\"https:\\\/\\\/baya-shop.com\\\/home\\\/\"},{\"@type\":\"ListItem\",\"position\":2,\"name\":\"Shop\",\"item\":\"https:\\\/\\\/baya-shop.com\\\/home\\\/shop\\\/\"},{\"@type\":\"ListItem\",\"position\":3,\"name\":\"REMINGTON Lisseur Keratine Therapy S8590\"}]},{\"@type\":\"WebSite\",\"@id\":\"https:\\\/\\\/baya-shop.com\\\/home\\\/#website\",\"url\":\"https:\\\/\\\/baya-shop.com\\\/home\\\/\",\"name\":\"Baya Shop\",\"description\":\"\",\"publisher\":{\"@id\":\"https:\\\/\\\/baya-shop.com\\\/home\\\/#organization\"},\"potentialAction\":[{\"@type\":\"SearchAction\",\"target\":{\"@type\":\"EntryPoint\",\"urlTemplate\":\"https:\\\/\\\/baya-shop.com\\\/home\\\/?s={search_term_string}\"},\"query-input\":{\"@type\":\"PropertyValueSpecification\",\"valueRequired\":true,\"valueName\":\"search_term_string\"}}],\"inLanguage\":\"fr-FR\"},{\"@type\":\"Organization\",\"@id\":\"https:\\\/\\\/baya-shop.com\\\/home\\\/#organization\",\"name\":\"Baya Shop\",\"url\":\"https:\\\/\\\/baya-shop.com\\\/home\\\/\",\"logo\":{\"@type\":\"ImageObject\",\"inLanguage\":\"fr-FR\",\"@id\":\"https:\\\/\\\/baya-shop.com\\\/home\\\/#\\\/schema\\\/logo\\\/image\\\/\",\"url\":\"https:\\\/\\\/baya-shop.com\\\/wp-content\\\/uploads\\\/2020\\\/11\\\/g.png\",\"contentUrl\":\"https:\\\/\\\/baya-shop.com\\\/wp-content\\\/uploads\\\/2020\\\/11\\\/g.png\",\"width\":64,\"height\":64,\"caption\":\"Baya Shop\"},\"image\":{\"@id\":\"https:\\\/\\\/baya-shop.com\\\/home\\\/#\\\/schema\\\/logo\\\/image\\\/\"},\"sameAs\":[\"https:\\\/\\\/www.facebook.com\\\/Baya-Shop-103955257949742\",\"https:\\\/\\\/www.instagram.com\\\/baya_shop_dz\\\/\"]}]}<\/script>\n<!-- \/ Yoast SEO plugin. -->","yoast_head_json":{"title":"REMINGTON Lisseur Keratine Therapy S8590 - Baya Shop","description":"Des cheveux prot\u00e9g\u00e9s et en pleine sant\u00e9 avec le lisseur\u00a0S8590 Keratin Therapy de Remington\u00a0!  Plaques : Ce lisseur est \u00e9quip\u00e9 de\u00a0plaques extra longues de 110 mm\u00a0id\u00e9ales pour toutes les longueurs de cheveux.  Rev\u00eatement\u00a0Keratin Therapy*\u00a0: Le\u00a0rev\u00eatement Advanced Keratin Therapy\u00a0ultra r\u00e9sistant vous offre une glisse douce et un r\u00e9sultat durable : un soin micro-mol\u00e9culaire \u00e0 la k\u00e9ratine (principal constituant du cheveu)\u00a0est int\u00e9gr\u00e9 au rev\u00eatement. Activ\u00e9 par la chaleur, il s'applique uniform\u00e9ment sur toute votre chevelure.  Temp\u00e9rature : Les\u00a05 niveaux de\u00a0temp\u00e9rature (de 160\u00b0 \u00e0 230\u00b0C)\u00a0+ la\u00a0fonction Turbo\u00a0permettent une longue tenue de votre coiffure. A vous de r\u00e9gler la temp\u00e9rature selon la nature de vos cheveux ou du r\u00e9sultat d\u00e9sir\u00e9. Le temps de chauffe est ultra rapide puisque l'appareil est pr\u00eat en\u00a015 secondes.  Praticit\u00e9 et s\u00e9curit\u00e9 : Protection au rendez-vous !\u00a0Il est dot\u00e9 d'un\u00a0capteur intelligent\u00a0(sur la plaque sup\u00e9rieure) qui d\u00e9tecte le niveau d'humidit\u00e9\u00a0de vos cheveux en continu et ajuste automatiquement la temp\u00e9rature avec pr\u00e9cision pour les prot\u00e9ger. Pour une s\u00e9curit\u00e9 optimale, l'appareil s'arr\u00eate automatiquement\u00a0apr\u00e8s 60 minutes. Le\u00a0cordon rotatif de 1,8 m\u00e8tre \u00e0 360\u00b0\u00a0facilite l'utilisation.  Fournis : Il est fourni avec une\u00a0pochette thermo-r\u00e9sistante, con\u00e7ue pour ranger le lisseur encore chaud \u00e0 l'int\u00e9rieur.  * Keratin Therapy n\u2019a pas d\u2019effet th\u00e9rapeutique.","robots":{"index":"index","follow":"follow","max-snippet":"max-snippet:-1","max-image-preview":"max-image-preview:large","max-video-preview":"max-video-preview:-1"},"canonical":"https:\/\/baya-shop.com\/home\/product\/remington-lisseur-keratine-therapy-s8590\/","og_locale":"fr_FR","og_type":"article","og_title":"REMINGTON Lisseur Keratine Therapy S8590 - Baya Shop","og_description":"Des cheveux prot\u00e9g\u00e9s et en pleine sant\u00e9 avec le lisseur\u00a0S8590 Keratin Therapy de Remington\u00a0!  Plaques : Ce lisseur est \u00e9quip\u00e9 de\u00a0plaques extra longues de 110 mm\u00a0id\u00e9ales pour toutes les longueurs de cheveux.  Rev\u00eatement\u00a0Keratin Therapy*\u00a0: Le\u00a0rev\u00eatement Advanced Keratin Therapy\u00a0ultra r\u00e9sistant vous offre une glisse douce et un r\u00e9sultat durable : un soin micro-mol\u00e9culaire \u00e0 la k\u00e9ratine (principal constituant du cheveu)\u00a0est int\u00e9gr\u00e9 au rev\u00eatement. Activ\u00e9 par la chaleur, il s'applique uniform\u00e9ment sur toute votre chevelure.  Temp\u00e9rature : Les\u00a05 niveaux de\u00a0temp\u00e9rature (de 160\u00b0 \u00e0 230\u00b0C)\u00a0+ la\u00a0fonction Turbo\u00a0permettent une longue tenue de votre coiffure. A vous de r\u00e9gler la temp\u00e9rature selon la nature de vos cheveux ou du r\u00e9sultat d\u00e9sir\u00e9. Le temps de chauffe est ultra rapide puisque l'appareil est pr\u00eat en\u00a015 secondes.  Praticit\u00e9 et s\u00e9curit\u00e9 : Protection au rendez-vous !\u00a0Il est dot\u00e9 d'un\u00a0capteur intelligent\u00a0(sur la plaque sup\u00e9rieure) qui d\u00e9tecte le niveau d'humidit\u00e9\u00a0de vos cheveux en continu et ajuste automatiquement la temp\u00e9rature avec pr\u00e9cision pour les prot\u00e9ger. Pour une s\u00e9curit\u00e9 optimale, l'appareil s'arr\u00eate automatiquement\u00a0apr\u00e8s 60 minutes. Le\u00a0cordon rotatif de 1,8 m\u00e8tre \u00e0 360\u00b0\u00a0facilite l'utilisation.  Fournis : Il est fourni avec une\u00a0pochette thermo-r\u00e9sistante, con\u00e7ue pour ranger le lisseur encore chaud \u00e0 l'int\u00e9rieur.  * Keratin Therapy n\u2019a pas d\u2019effet th\u00e9rapeutique.","og_url":"https:\/\/baya-shop.com\/home\/product\/remington-lisseur-keratine-therapy-s8590\/","og_site_name":"Baya Shop","article_publisher":"https:\/\/www.facebook.com\/Baya-Shop-103955257949742","article_modified_time":"2026-01-04T17:07:38+00:00","og_image":[{"width":500,"height":500,"url":"https:\/\/baya-shop.com\/wp-content\/uploads\/2024\/02\/1-1.jpg","type":"image\/jpeg"}],"twitter_card":"summary_large_image","twitter_misc":{"Dur\u00e9e de lecture estim\u00e9e":"1 minute"},"schema":{"@context":"https:\/\/schema.org","@graph":[{"@type":"WebPage","@id":"https:\/\/baya-shop.com\/home\/product\/remington-lisseur-keratine-therapy-s8590\/","url":"https:\/\/baya-shop.com\/home\/product\/remington-lisseur-keratine-therapy-s8590\/","name":"REMINGTON Lisseur Keratine Therapy S8590 - Baya Shop","isPartOf":{"@id":"https:\/\/baya-shop.com\/home\/#website"},"primaryImageOfPage":{"@id":"https:\/\/baya-shop.com\/home\/product\/remington-lisseur-keratine-therapy-s8590\/#primaryimage"},"image":{"@id":"https:\/\/baya-shop.com\/home\/product\/remington-lisseur-keratine-therapy-s8590\/#primaryimage"},"thumbnailUrl":"https:\/\/i0.wp.com\/baya-shop.com\/wp-content\/uploads\/2024\/02\/1-1.jpg?fit=500%2C500&ssl=1","datePublished":"2024-02-06T12:27:37+00:00","dateModified":"2026-01-04T17:07:38+00:00","description":"Des cheveux prot\u00e9g\u00e9s et en pleine sant\u00e9 avec le lisseur\u00a0S8590 Keratin Therapy de Remington\u00a0! Plaques : Ce lisseur est \u00e9quip\u00e9 de\u00a0plaques extra longues de 110 mm\u00a0id\u00e9ales pour toutes les longueurs de cheveux. Rev\u00eatement\u00a0Keratin Therapy*\u00a0: Le\u00a0rev\u00eatement Advanced Keratin Therapy\u00a0ultra r\u00e9sistant vous offre une glisse douce et un r\u00e9sultat durable : un soin micro-mol\u00e9culaire \u00e0 la k\u00e9ratine (principal constituant du cheveu)\u00a0est int\u00e9gr\u00e9 au rev\u00eatement. Activ\u00e9 par la chaleur, il s'applique uniform\u00e9ment sur toute votre chevelure. Temp\u00e9rature : Les\u00a05 niveaux de\u00a0temp\u00e9rature (de 160\u00b0 \u00e0 230\u00b0C)\u00a0+ la\u00a0fonction Turbo\u00a0permettent une longue tenue de votre coiffure. A vous de r\u00e9gler la temp\u00e9rature selon la nature de vos cheveux ou du r\u00e9sultat d\u00e9sir\u00e9. Le temps de chauffe est ultra rapide puisque l'appareil est pr\u00eat en\u00a015 secondes. Praticit\u00e9 et s\u00e9curit\u00e9 : Protection au rendez-vous !\u00a0Il est dot\u00e9 d'un\u00a0capteur intelligent\u00a0(sur la plaque sup\u00e9rieure) qui d\u00e9tecte le niveau d'humidit\u00e9\u00a0de vos cheveux en continu et ajuste automatiquement la temp\u00e9rature avec pr\u00e9cision pour les prot\u00e9ger. Pour une s\u00e9curit\u00e9 optimale, l'appareil s'arr\u00eate automatiquement\u00a0apr\u00e8s 60 minutes. Le\u00a0cordon rotatif de 1,8 m\u00e8tre \u00e0 360\u00b0\u00a0facilite l'utilisation. Fournis : Il est fourni avec une\u00a0pochette thermo-r\u00e9sistante, con\u00e7ue pour ranger le lisseur encore chaud \u00e0 l'int\u00e9rieur. * Keratin Therapy n\u2019a pas d\u2019effet th\u00e9rapeutique.","breadcrumb":{"@id":"https:\/\/baya-shop.com\/home\/product\/remington-lisseur-keratine-therapy-s8590\/#breadcrumb"},"inLanguage":"fr-FR","potentialAction":[{"@type":"ReadAction","target":["https:\/\/baya-shop.com\/home\/product\/remington-lisseur-keratine-therapy-s8590\/"]}]},{"@type":"ImageObject","inLanguage":"fr-FR","@id":"https:\/\/baya-shop.com\/home\/product\/remington-lisseur-keratine-therapy-s8590\/#primaryimage","url":"https:\/\/i0.wp.com\/baya-shop.com\/wp-content\/uploads\/2024\/02\/1-1.jpg?fit=500%2C500&ssl=1","contentUrl":"https:\/\/i0.wp.com\/baya-shop.com\/wp-content\/uploads\/2024\/02\/1-1.jpg?fit=500%2C500&ssl=1","width":500,"height":500},{"@type":"BreadcrumbList","@id":"https:\/\/baya-shop.com\/home\/product\/remington-lisseur-keratine-therapy-s8590\/#breadcrumb","itemListElement":[{"@type":"ListItem","position":1,"name":"Accueil","item":"https:\/\/baya-shop.com\/home\/"},{"@type":"ListItem","position":2,"name":"Shop","item":"https:\/\/baya-shop.com\/home\/shop\/"},{"@type":"ListItem","position":3,"name":"REMINGTON Lisseur Keratine Therapy S8590"}]},{"@type":"WebSite","@id":"https:\/\/baya-shop.com\/home\/#website","url":"https:\/\/baya-shop.com\/home\/","name":"Baya Shop","description":"","publisher":{"@id":"https:\/\/baya-shop.com\/home\/#organization"},"potentialAction":[{"@type":"SearchAction","target":{"@type":"EntryPoint","urlTemplate":"https:\/\/baya-shop.com\/home\/?s={search_term_string}"},"query-input":{"@type":"PropertyValueSpecification","valueRequired":true,"valueName":"search_term_string"}}],"inLanguage":"fr-FR"},{"@type":"Organization","@id":"https:\/\/baya-shop.com\/home\/#organization","name":"Baya Shop","url":"https:\/\/baya-shop.com\/home\/","logo":{"@type":"ImageObject","inLanguage":"fr-FR","@id":"https:\/\/baya-shop.com\/home\/#\/schema\/logo\/image\/","url":"https:\/\/baya-shop.com\/wp-content\/uploads\/2020\/11\/g.png","contentUrl":"https:\/\/baya-shop.com\/wp-content\/uploads\/2020\/11\/g.png","width":64,"height":64,"caption":"Baya Shop"},"image":{"@id":"https:\/\/baya-shop.com\/home\/#\/schema\/logo\/image\/"},"sameAs":["https:\/\/www.facebook.com\/Baya-Shop-103955257949742","https:\/\/www.instagram.com\/baya_shop_dz\/"]}]}},"jetpack_publicize_connections":[],"jetpack_sharing_enabled":true,"jetpack_likes_enabled":true,"jetpack-related-posts":[],"_links":{"self":[{"href":"https:\/\/baya-shop.com\/home\/wp-json\/wp\/v2\/product\/3618","targetHints":{"allow":["GET"]}}],"collection":[{"href":"https:\/\/baya-shop.com\/home\/wp-json\/wp\/v2\/product"}],"about":[{"href":"https:\/\/baya-shop.com\/home\/wp-json\/wp\/v2\/types\/product"}],"replies":[{"embeddable":true,"href":"https:\/\/baya-shop.com\/home\/wp-json\/wp\/v2\/comments?post=3618"}],"wp:featuredmedia":[{"embeddable":true,"href":"https:\/\/baya-shop.com\/home\/wp-json\/wp\/v2\/media\/3619"}],"wp:attachment":[{"href":"https:\/\/baya-shop.com\/home\/wp-json\/wp\/v2\/media?parent=3618"}],"wp:term":[{"taxonomy":"product_brand","embeddable":true,"href":"https:\/\/baya-shop.com\/home\/wp-json\/wp\/v2\/product_brand?post=3618"},{"taxonomy":"product_cat","embeddable":true,"href":"https:\/\/baya-shop.com\/home\/wp-json\/wp\/v2\/product_cat?post=3618"},{"taxonomy":"product_tag","embeddable":true,"href":"https:\/\/baya-shop.com\/home\/wp-json\/wp\/v2\/product_tag?post=3618"}],"curies":[{"name":"wp","href":"https:\/\/api.w.org\/{rel}","templated":true}]}}