{"id":3159,"date":"2023-10-14T16:03:08","date_gmt":"2023-10-14T15:03:08","guid":{"rendered":"https:\/\/baya-shop.com\/home\/?post_type=product&#038;p=3159"},"modified":"2024-02-09T15:11:55","modified_gmt":"2024-02-09T14:11:55","slug":"ceriotti-seche-cheveux-mono-2500-watt-bleu","status":"publish","type":"product","link":"https:\/\/baya-shop.com\/home\/product\/ceriotti-seche-cheveux-mono-2500-watt-bleu\/","title":{"rendered":"Ceriotti S\u00e8che-Cheveux Mono"},"content":{"rendered":"","protected":false},"excerpt":{"rendered":"<p style=\"font-weight: 400;\">S\u00e9choir<b><strong>\u00a0Mono<\/strong><\/b>\u00a0de\u00a0<b><strong>Ceriotti<\/strong><\/b>,Robuste, ergonomique, texture en fibre de carbone, lignes audacieuses et modernes, poign\u00e9e incurv\u00e9e, tous les aspects qui am\u00e9liorent la facilit\u00e9 d&rsquo;utilisation pour obtenir des r\u00e9sultats prestigieux.L&rsquo;introduction de 4 nouvelles couleurs, la qualit\u00e9 et le caract\u00e8re italien des composants sont une indication de la fiabilit\u00e9 et de la durabilit\u00e9 du produit. Mono, comme tous les produits Ceriotti, est le v\u00e9ritable point de r\u00e9f\u00e9rence du Made in Italy auquel tous les stylistes ne peuvent renoncer.<\/p>\n<ul>\n<li>Puissance \u2013 2500 W de d\u00e9bit 75\/95m3 \/ heure<\/li>\n<li>Moteur AC professionnel avec longue dur\u00e9e de vie<\/li>\n<li>4 modes de temp\u00e9rature<\/li>\n<li>2 modes de vitesse<\/li>\n<li>Bouton de coup froid<\/li>\n<li>Filtre amovible pour un nettoyage facile<\/li>\n<\/ul>\n","protected":false},"featured_media":3457,"comment_status":"open","ping_status":"closed","template":"","meta":{"jetpack_post_was_ever_published":false,"jetpack_publicize_message":"","jetpack_publicize_feature_enabled":true,"jetpack_social_post_already_shared":false,"jetpack_social_options":{"image_generator_settings":{"template":"highway","default_image_id":0,"font":"","enabled":false},"version":2}},"product_brand":[],"product_cat":[55,20],"product_tag":[],"class_list":{"0":"post-3159","1":"product","2":"type-product","3":"status-publish","4":"has-post-thumbnail","6":"product_cat-ceriotti","7":"product_cat-seche-cheveux","9":"first","10":"instock","11":"shipping-taxable","12":"purchasable","13":"product-type-simple"},"yoast_head":"<!-- This site is optimized with the Yoast SEO plugin v27.3 - https:\/\/yoast.com\/product\/yoast-seo-wordpress\/ -->\n<title>Ceriotti S\u00e8che-Cheveux Mono - Baya Shop<\/title>\n<meta name=\"description\" content=\"S\u00e9choir\u00a0Mono\u00a0de\u00a0Ceriotti,Robuste, ergonomique, texture en fibre de carbone, lignes audacieuses et modernes, poign\u00e9e incurv\u00e9e, tous les aspects qui am\u00e9liorent la facilit\u00e9 d&#039;utilisation pour obtenir des r\u00e9sultats prestigieux.L&#039;introduction de 4 nouvelles couleurs, la qualit\u00e9 et le caract\u00e8re italien des composants sont une indication de la fiabilit\u00e9 et de la durabilit\u00e9 du produit. Mono, comme tous les produits Ceriotti, est le v\u00e9ritable point de r\u00e9f\u00e9rence du Made in Italy auquel tous les stylistes ne peuvent renoncer.    Puissance \u2013 2500 W de d\u00e9bit 75\/95m3 \/ heure  Moteur AC professionnel avec longue dur\u00e9e de vie  4 modes de temp\u00e9rature  2 modes de vitesse  Bouton de coup froid  Filtre amovible pour un nettoyage facile\" \/>\n<meta name=\"robots\" content=\"index, follow, max-snippet:-1, max-image-preview:large, max-video-preview:-1\" \/>\n<link rel=\"canonical\" href=\"https:\/\/baya-shop.com\/home\/product\/ceriotti-seche-cheveux-mono-2500-watt-bleu\/\" \/>\n<meta property=\"og:locale\" content=\"fr_FR\" \/>\n<meta property=\"og:type\" content=\"article\" \/>\n<meta property=\"og:title\" content=\"Ceriotti S\u00e8che-Cheveux Mono - Baya Shop\" \/>\n<meta property=\"og:description\" content=\"S\u00e9choir\u00a0Mono\u00a0de\u00a0Ceriotti,Robuste, ergonomique, texture en fibre de carbone, lignes audacieuses et modernes, poign\u00e9e incurv\u00e9e, tous les aspects qui am\u00e9liorent la facilit\u00e9 d&#039;utilisation pour obtenir des r\u00e9sultats prestigieux.L&#039;introduction de 4 nouvelles couleurs, la qualit\u00e9 et le caract\u00e8re italien des composants sont une indication de la fiabilit\u00e9 et de la durabilit\u00e9 du produit. Mono, comme tous les produits Ceriotti, est le v\u00e9ritable point de r\u00e9f\u00e9rence du Made in Italy auquel tous les stylistes ne peuvent renoncer.    Puissance \u2013 2500 W de d\u00e9bit 75\/95m3 \/ heure  Moteur AC professionnel avec longue dur\u00e9e de vie  4 modes de temp\u00e9rature  2 modes de vitesse  Bouton de coup froid  Filtre amovible pour un nettoyage facile\" \/>\n<meta property=\"og:url\" content=\"https:\/\/baya-shop.com\/home\/product\/ceriotti-seche-cheveux-mono-2500-watt-bleu\/\" \/>\n<meta property=\"og:site_name\" content=\"Baya Shop\" \/>\n<meta property=\"article:publisher\" content=\"https:\/\/www.facebook.com\/Baya-Shop-103955257949742\" \/>\n<meta property=\"article:modified_time\" content=\"2024-02-09T14:11:55+00:00\" \/>\n<meta property=\"og:image\" content=\"https:\/\/baya-shop.com\/wp-content\/uploads\/2023\/10\/ceriotti-hair-dryer-mono-3-original-imafddmjz4zz3qtm.webp\" \/>\n\t<meta property=\"og:image:width\" content=\"789\" \/>\n\t<meta property=\"og:image:height\" content=\"1000\" \/>\n\t<meta property=\"og:image:type\" content=\"image\/webp\" \/>\n<meta name=\"twitter:card\" content=\"summary_large_image\" \/>\n<meta name=\"twitter:label1\" content=\"Dur\u00e9e de lecture estim\u00e9e\" \/>\n\t<meta name=\"twitter:data1\" content=\"1 minute\" \/>\n<script type=\"application\/ld+json\" class=\"yoast-schema-graph\">{\"@context\":\"https:\\\/\\\/schema.org\",\"@graph\":[{\"@type\":\"WebPage\",\"@id\":\"https:\\\/\\\/baya-shop.com\\\/home\\\/product\\\/ceriotti-seche-cheveux-mono-2500-watt-bleu\\\/\",\"url\":\"https:\\\/\\\/baya-shop.com\\\/home\\\/product\\\/ceriotti-seche-cheveux-mono-2500-watt-bleu\\\/\",\"name\":\"Ceriotti S\u00e8che-Cheveux Mono - Baya Shop\",\"isPartOf\":{\"@id\":\"https:\\\/\\\/baya-shop.com\\\/home\\\/#website\"},\"primaryImageOfPage\":{\"@id\":\"https:\\\/\\\/baya-shop.com\\\/home\\\/product\\\/ceriotti-seche-cheveux-mono-2500-watt-bleu\\\/#primaryimage\"},\"image\":{\"@id\":\"https:\\\/\\\/baya-shop.com\\\/home\\\/product\\\/ceriotti-seche-cheveux-mono-2500-watt-bleu\\\/#primaryimage\"},\"thumbnailUrl\":\"https:\\\/\\\/i0.wp.com\\\/baya-shop.com\\\/wp-content\\\/uploads\\\/2023\\\/10\\\/ceriotti-hair-dryer-mono-3-original-imafddmjz4zz3qtm.webp?fit=789%2C1000&ssl=1\",\"datePublished\":\"2023-10-14T15:03:08+00:00\",\"dateModified\":\"2024-02-09T14:11:55+00:00\",\"description\":\"S\u00e9choir\u00a0Mono\u00a0de\u00a0Ceriotti,Robuste, ergonomique, texture en fibre de carbone, lignes audacieuses et modernes, poign\u00e9e incurv\u00e9e, tous les aspects qui am\u00e9liorent la facilit\u00e9 d'utilisation pour obtenir des r\u00e9sultats prestigieux.L'introduction de 4 nouvelles couleurs, la qualit\u00e9 et le caract\u00e8re italien des composants sont une indication de la fiabilit\u00e9 et de la durabilit\u00e9 du produit. Mono, comme tous les produits Ceriotti, est le v\u00e9ritable point de r\u00e9f\u00e9rence du Made in Italy auquel tous les stylistes ne peuvent renoncer. Puissance \u2013 2500 W de d\u00e9bit 75\\\/95m3 \\\/ heure Moteur AC professionnel avec longue dur\u00e9e de vie 4 modes de temp\u00e9rature 2 modes de vitesse Bouton de coup froid Filtre amovible pour un nettoyage facile\",\"breadcrumb\":{\"@id\":\"https:\\\/\\\/baya-shop.com\\\/home\\\/product\\\/ceriotti-seche-cheveux-mono-2500-watt-bleu\\\/#breadcrumb\"},\"inLanguage\":\"fr-FR\",\"potentialAction\":[{\"@type\":\"ReadAction\",\"target\":[\"https:\\\/\\\/baya-shop.com\\\/home\\\/product\\\/ceriotti-seche-cheveux-mono-2500-watt-bleu\\\/\"]}]},{\"@type\":\"ImageObject\",\"inLanguage\":\"fr-FR\",\"@id\":\"https:\\\/\\\/baya-shop.com\\\/home\\\/product\\\/ceriotti-seche-cheveux-mono-2500-watt-bleu\\\/#primaryimage\",\"url\":\"https:\\\/\\\/i0.wp.com\\\/baya-shop.com\\\/wp-content\\\/uploads\\\/2023\\\/10\\\/ceriotti-hair-dryer-mono-3-original-imafddmjz4zz3qtm.webp?fit=789%2C1000&ssl=1\",\"contentUrl\":\"https:\\\/\\\/i0.wp.com\\\/baya-shop.com\\\/wp-content\\\/uploads\\\/2023\\\/10\\\/ceriotti-hair-dryer-mono-3-original-imafddmjz4zz3qtm.webp?fit=789%2C1000&ssl=1\",\"width\":789,\"height\":1000},{\"@type\":\"BreadcrumbList\",\"@id\":\"https:\\\/\\\/baya-shop.com\\\/home\\\/product\\\/ceriotti-seche-cheveux-mono-2500-watt-bleu\\\/#breadcrumb\",\"itemListElement\":[{\"@type\":\"ListItem\",\"position\":1,\"name\":\"Accueil\",\"item\":\"https:\\\/\\\/baya-shop.com\\\/home\\\/\"},{\"@type\":\"ListItem\",\"position\":2,\"name\":\"Shop\",\"item\":\"https:\\\/\\\/baya-shop.com\\\/home\\\/shop\\\/\"},{\"@type\":\"ListItem\",\"position\":3,\"name\":\"Ceriotti S\u00e8che-Cheveux Mono\"}]},{\"@type\":\"WebSite\",\"@id\":\"https:\\\/\\\/baya-shop.com\\\/home\\\/#website\",\"url\":\"https:\\\/\\\/baya-shop.com\\\/home\\\/\",\"name\":\"Baya Shop\",\"description\":\"\",\"publisher\":{\"@id\":\"https:\\\/\\\/baya-shop.com\\\/home\\\/#organization\"},\"potentialAction\":[{\"@type\":\"SearchAction\",\"target\":{\"@type\":\"EntryPoint\",\"urlTemplate\":\"https:\\\/\\\/baya-shop.com\\\/home\\\/?s={search_term_string}\"},\"query-input\":{\"@type\":\"PropertyValueSpecification\",\"valueRequired\":true,\"valueName\":\"search_term_string\"}}],\"inLanguage\":\"fr-FR\"},{\"@type\":\"Organization\",\"@id\":\"https:\\\/\\\/baya-shop.com\\\/home\\\/#organization\",\"name\":\"Baya Shop\",\"url\":\"https:\\\/\\\/baya-shop.com\\\/home\\\/\",\"logo\":{\"@type\":\"ImageObject\",\"inLanguage\":\"fr-FR\",\"@id\":\"https:\\\/\\\/baya-shop.com\\\/home\\\/#\\\/schema\\\/logo\\\/image\\\/\",\"url\":\"https:\\\/\\\/baya-shop.com\\\/wp-content\\\/uploads\\\/2020\\\/11\\\/g.png\",\"contentUrl\":\"https:\\\/\\\/baya-shop.com\\\/wp-content\\\/uploads\\\/2020\\\/11\\\/g.png\",\"width\":64,\"height\":64,\"caption\":\"Baya Shop\"},\"image\":{\"@id\":\"https:\\\/\\\/baya-shop.com\\\/home\\\/#\\\/schema\\\/logo\\\/image\\\/\"},\"sameAs\":[\"https:\\\/\\\/www.facebook.com\\\/Baya-Shop-103955257949742\",\"https:\\\/\\\/www.instagram.com\\\/baya_shop_dz\\\/\"]}]}<\/script>\n<!-- \/ Yoast SEO plugin. -->","yoast_head_json":{"title":"Ceriotti S\u00e8che-Cheveux Mono - Baya Shop","description":"S\u00e9choir\u00a0Mono\u00a0de\u00a0Ceriotti,Robuste, ergonomique, texture en fibre de carbone, lignes audacieuses et modernes, poign\u00e9e incurv\u00e9e, tous les aspects qui am\u00e9liorent la facilit\u00e9 d'utilisation pour obtenir des r\u00e9sultats prestigieux.L'introduction de 4 nouvelles couleurs, la qualit\u00e9 et le caract\u00e8re italien des composants sont une indication de la fiabilit\u00e9 et de la durabilit\u00e9 du produit. Mono, comme tous les produits Ceriotti, est le v\u00e9ritable point de r\u00e9f\u00e9rence du Made in Italy auquel tous les stylistes ne peuvent renoncer.    Puissance \u2013 2500 W de d\u00e9bit 75\/95m3 \/ heure  Moteur AC professionnel avec longue dur\u00e9e de vie  4 modes de temp\u00e9rature  2 modes de vitesse  Bouton de coup froid  Filtre amovible pour un nettoyage facile","robots":{"index":"index","follow":"follow","max-snippet":"max-snippet:-1","max-image-preview":"max-image-preview:large","max-video-preview":"max-video-preview:-1"},"canonical":"https:\/\/baya-shop.com\/home\/product\/ceriotti-seche-cheveux-mono-2500-watt-bleu\/","og_locale":"fr_FR","og_type":"article","og_title":"Ceriotti S\u00e8che-Cheveux Mono - Baya Shop","og_description":"S\u00e9choir\u00a0Mono\u00a0de\u00a0Ceriotti,Robuste, ergonomique, texture en fibre de carbone, lignes audacieuses et modernes, poign\u00e9e incurv\u00e9e, tous les aspects qui am\u00e9liorent la facilit\u00e9 d'utilisation pour obtenir des r\u00e9sultats prestigieux.L'introduction de 4 nouvelles couleurs, la qualit\u00e9 et le caract\u00e8re italien des composants sont une indication de la fiabilit\u00e9 et de la durabilit\u00e9 du produit. Mono, comme tous les produits Ceriotti, est le v\u00e9ritable point de r\u00e9f\u00e9rence du Made in Italy auquel tous les stylistes ne peuvent renoncer.    Puissance \u2013 2500 W de d\u00e9bit 75\/95m3 \/ heure  Moteur AC professionnel avec longue dur\u00e9e de vie  4 modes de temp\u00e9rature  2 modes de vitesse  Bouton de coup froid  Filtre amovible pour un nettoyage facile","og_url":"https:\/\/baya-shop.com\/home\/product\/ceriotti-seche-cheveux-mono-2500-watt-bleu\/","og_site_name":"Baya Shop","article_publisher":"https:\/\/www.facebook.com\/Baya-Shop-103955257949742","article_modified_time":"2024-02-09T14:11:55+00:00","og_image":[{"width":789,"height":1000,"url":"https:\/\/baya-shop.com\/wp-content\/uploads\/2023\/10\/ceriotti-hair-dryer-mono-3-original-imafddmjz4zz3qtm.webp","type":"image\/webp"}],"twitter_card":"summary_large_image","twitter_misc":{"Dur\u00e9e de lecture estim\u00e9e":"1 minute"},"schema":{"@context":"https:\/\/schema.org","@graph":[{"@type":"WebPage","@id":"https:\/\/baya-shop.com\/home\/product\/ceriotti-seche-cheveux-mono-2500-watt-bleu\/","url":"https:\/\/baya-shop.com\/home\/product\/ceriotti-seche-cheveux-mono-2500-watt-bleu\/","name":"Ceriotti S\u00e8che-Cheveux Mono - Baya Shop","isPartOf":{"@id":"https:\/\/baya-shop.com\/home\/#website"},"primaryImageOfPage":{"@id":"https:\/\/baya-shop.com\/home\/product\/ceriotti-seche-cheveux-mono-2500-watt-bleu\/#primaryimage"},"image":{"@id":"https:\/\/baya-shop.com\/home\/product\/ceriotti-seche-cheveux-mono-2500-watt-bleu\/#primaryimage"},"thumbnailUrl":"https:\/\/i0.wp.com\/baya-shop.com\/wp-content\/uploads\/2023\/10\/ceriotti-hair-dryer-mono-3-original-imafddmjz4zz3qtm.webp?fit=789%2C1000&ssl=1","datePublished":"2023-10-14T15:03:08+00:00","dateModified":"2024-02-09T14:11:55+00:00","description":"S\u00e9choir\u00a0Mono\u00a0de\u00a0Ceriotti,Robuste, ergonomique, texture en fibre de carbone, lignes audacieuses et modernes, poign\u00e9e incurv\u00e9e, tous les aspects qui am\u00e9liorent la facilit\u00e9 d'utilisation pour obtenir des r\u00e9sultats prestigieux.L'introduction de 4 nouvelles couleurs, la qualit\u00e9 et le caract\u00e8re italien des composants sont une indication de la fiabilit\u00e9 et de la durabilit\u00e9 du produit. Mono, comme tous les produits Ceriotti, est le v\u00e9ritable point de r\u00e9f\u00e9rence du Made in Italy auquel tous les stylistes ne peuvent renoncer. Puissance \u2013 2500 W de d\u00e9bit 75\/95m3 \/ heure Moteur AC professionnel avec longue dur\u00e9e de vie 4 modes de temp\u00e9rature 2 modes de vitesse Bouton de coup froid Filtre amovible pour un nettoyage facile","breadcrumb":{"@id":"https:\/\/baya-shop.com\/home\/product\/ceriotti-seche-cheveux-mono-2500-watt-bleu\/#breadcrumb"},"inLanguage":"fr-FR","potentialAction":[{"@type":"ReadAction","target":["https:\/\/baya-shop.com\/home\/product\/ceriotti-seche-cheveux-mono-2500-watt-bleu\/"]}]},{"@type":"ImageObject","inLanguage":"fr-FR","@id":"https:\/\/baya-shop.com\/home\/product\/ceriotti-seche-cheveux-mono-2500-watt-bleu\/#primaryimage","url":"https:\/\/i0.wp.com\/baya-shop.com\/wp-content\/uploads\/2023\/10\/ceriotti-hair-dryer-mono-3-original-imafddmjz4zz3qtm.webp?fit=789%2C1000&ssl=1","contentUrl":"https:\/\/i0.wp.com\/baya-shop.com\/wp-content\/uploads\/2023\/10\/ceriotti-hair-dryer-mono-3-original-imafddmjz4zz3qtm.webp?fit=789%2C1000&ssl=1","width":789,"height":1000},{"@type":"BreadcrumbList","@id":"https:\/\/baya-shop.com\/home\/product\/ceriotti-seche-cheveux-mono-2500-watt-bleu\/#breadcrumb","itemListElement":[{"@type":"ListItem","position":1,"name":"Accueil","item":"https:\/\/baya-shop.com\/home\/"},{"@type":"ListItem","position":2,"name":"Shop","item":"https:\/\/baya-shop.com\/home\/shop\/"},{"@type":"ListItem","position":3,"name":"Ceriotti S\u00e8che-Cheveux Mono"}]},{"@type":"WebSite","@id":"https:\/\/baya-shop.com\/home\/#website","url":"https:\/\/baya-shop.com\/home\/","name":"Baya Shop","description":"","publisher":{"@id":"https:\/\/baya-shop.com\/home\/#organization"},"potentialAction":[{"@type":"SearchAction","target":{"@type":"EntryPoint","urlTemplate":"https:\/\/baya-shop.com\/home\/?s={search_term_string}"},"query-input":{"@type":"PropertyValueSpecification","valueRequired":true,"valueName":"search_term_string"}}],"inLanguage":"fr-FR"},{"@type":"Organization","@id":"https:\/\/baya-shop.com\/home\/#organization","name":"Baya Shop","url":"https:\/\/baya-shop.com\/home\/","logo":{"@type":"ImageObject","inLanguage":"fr-FR","@id":"https:\/\/baya-shop.com\/home\/#\/schema\/logo\/image\/","url":"https:\/\/baya-shop.com\/wp-content\/uploads\/2020\/11\/g.png","contentUrl":"https:\/\/baya-shop.com\/wp-content\/uploads\/2020\/11\/g.png","width":64,"height":64,"caption":"Baya Shop"},"image":{"@id":"https:\/\/baya-shop.com\/home\/#\/schema\/logo\/image\/"},"sameAs":["https:\/\/www.facebook.com\/Baya-Shop-103955257949742","https:\/\/www.instagram.com\/baya_shop_dz\/"]}]}},"jetpack_publicize_connections":[],"jetpack_sharing_enabled":true,"jetpack_likes_enabled":true,"jetpack-related-posts":[],"_links":{"self":[{"href":"https:\/\/baya-shop.com\/home\/wp-json\/wp\/v2\/product\/3159","targetHints":{"allow":["GET"]}}],"collection":[{"href":"https:\/\/baya-shop.com\/home\/wp-json\/wp\/v2\/product"}],"about":[{"href":"https:\/\/baya-shop.com\/home\/wp-json\/wp\/v2\/types\/product"}],"replies":[{"embeddable":true,"href":"https:\/\/baya-shop.com\/home\/wp-json\/wp\/v2\/comments?post=3159"}],"wp:featuredmedia":[{"embeddable":true,"href":"https:\/\/baya-shop.com\/home\/wp-json\/wp\/v2\/media\/3457"}],"wp:attachment":[{"href":"https:\/\/baya-shop.com\/home\/wp-json\/wp\/v2\/media?parent=3159"}],"wp:term":[{"taxonomy":"product_brand","embeddable":true,"href":"https:\/\/baya-shop.com\/home\/wp-json\/wp\/v2\/product_brand?post=3159"},{"taxonomy":"product_cat","embeddable":true,"href":"https:\/\/baya-shop.com\/home\/wp-json\/wp\/v2\/product_cat?post=3159"},{"taxonomy":"product_tag","embeddable":true,"href":"https:\/\/baya-shop.com\/home\/wp-json\/wp\/v2\/product_tag?post=3159"}],"curies":[{"name":"wp","href":"https:\/\/api.w.org\/{rel}","templated":true}]}}