{"id":3045,"date":"2023-09-28T15:42:25","date_gmt":"2023-09-28T14:42:25","guid":{"rendered":"https:\/\/baya-shop.com\/home\/?post_type=product&#038;p=3045"},"modified":"2024-09-17T11:31:08","modified_gmt":"2024-09-17T10:31:08","slug":"moser-tondeuse-a-cheveux-1400-professional-original-ade-in-germany","status":"publish","type":"product","link":"https:\/\/baya-shop.com\/home\/product\/moser-tondeuse-a-cheveux-1400-professional-original-ade-in-germany\/","title":{"rendered":"Moser Tondeuse 1400 Professional TYPE1400"},"content":{"rendered":"","protected":false},"excerpt":{"rendered":"<p>Tondeuse \u00c0 Cheveux 1400 Professional StarBlade\u00a0est\u00a0un appareil de pr\u00e9cision d&rsquo;une conception des plus modernes. L&rsquo;ex\u00e9cution minutieuse et le choix de mati\u00e8res de premi\u00e8re qualit\u00e9 garantissent sa\u00a0longue dur\u00e9e. Vous avez ainsi, \u00e0 port\u00e9e de main, une tondeuse digne des plus grands professionnels et l&rsquo;assurance d&rsquo;une utilisation des plus optimales,\u00a0pour un r\u00e9sultat accompli et exceptionnel<\/p>\n<p>Tondeuse \u00c0 Cheveux 1400 Professional StarBlade<\/p>\n<ul>\n<li>Largeur de coupe : 46 mm<\/li>\n<li>R\u00e9glage de la longueur de coupe MultiClick\u00ae avec 5 positions verrouillables : de 0,1 \u00e0 3 mm<\/li>\n<li>Nouveau moteur puissant et silencieux, \u00e0 armature oscillante d&rsquo;une puissance sup\u00e9rieure de 50% Tension : 220-230 V \/ 50 Hz Utilisation professionnelle continue<\/li>\n<li>\u00a0Longueur de c\u00e2ble : 3 m<\/li>\n<li>\u00a0Dimensions : 175 x 69 x 50 mm<\/li>\n<li>Poids : 520 g<\/li>\n<\/ul>\n","protected":false},"featured_media":3580,"comment_status":"open","ping_status":"closed","template":"","meta":{"jetpack_post_was_ever_published":false,"jetpack_publicize_message":"","jetpack_publicize_feature_enabled":true,"jetpack_social_post_already_shared":false,"jetpack_social_options":{"image_generator_settings":{"template":"highway","default_image_id":0,"font":"","enabled":false},"version":2}},"product_brand":[],"product_cat":[69,52],"product_tag":[],"class_list":{"0":"post-3045","1":"product","2":"type-product","3":"status-publish","4":"has-post-thumbnail","6":"product_cat-moser","7":"product_cat-tondeuse","9":"first","10":"outofstock","11":"shipping-taxable","12":"product-type-simple"},"yoast_head":"<!-- This site is optimized with the Yoast SEO plugin v27.5 - https:\/\/yoast.com\/product\/yoast-seo-wordpress\/ -->\n<title>Moser Tondeuse 1400 Professional TYPE1400 - Baya Shop<\/title>\n<meta name=\"description\" content=\"Tondeuse \u00c0 Cheveux 1400 Professional StarBlade\u00a0est\u00a0un appareil de pr\u00e9cision d&#039;une conception des plus modernes. L&#039;ex\u00e9cution minutieuse et le choix de mati\u00e8res de premi\u00e8re qualit\u00e9 garantissent sa\u00a0longue dur\u00e9e. Vous avez ainsi, \u00e0 port\u00e9e de main, une tondeuse digne des plus grands professionnels et l&#039;assurance d&#039;une utilisation des plus optimales,\u00a0pour un r\u00e9sultat accompli et exceptionnel  Tondeuse \u00c0 Cheveux 1400 Professional StarBlade   Largeur de coupe : 46 mm  R\u00e9glage de la longueur de coupe MultiClick\u00ae avec 5 positions verrouillables : de 0,1 \u00e0 3 mm  Nouveau moteur puissant et silencieux, \u00e0 armature oscillante d&#039;une puissance sup\u00e9rieure de 50% Tension : 220-230 V \/ 50 Hz Utilisation professionnelle continue  \u00a0Longueur de c\u00e2ble : 3 m  \u00a0Dimensions : 175 x 69 x 50 mm  Poids : 520 g\" \/>\n<meta name=\"robots\" content=\"index, follow, max-snippet:-1, max-image-preview:large, max-video-preview:-1\" \/>\n<link rel=\"canonical\" href=\"https:\/\/baya-shop.com\/home\/product\/moser-tondeuse-a-cheveux-1400-professional-original-ade-in-germany\/\" \/>\n<meta property=\"og:locale\" content=\"fr_FR\" \/>\n<meta property=\"og:type\" content=\"article\" \/>\n<meta property=\"og:title\" content=\"Moser Tondeuse 1400 Professional TYPE1400 - Baya Shop\" \/>\n<meta property=\"og:description\" content=\"Tondeuse \u00c0 Cheveux 1400 Professional StarBlade\u00a0est\u00a0un appareil de pr\u00e9cision d&#039;une conception des plus modernes. L&#039;ex\u00e9cution minutieuse et le choix de mati\u00e8res de premi\u00e8re qualit\u00e9 garantissent sa\u00a0longue dur\u00e9e. Vous avez ainsi, \u00e0 port\u00e9e de main, une tondeuse digne des plus grands professionnels et l&#039;assurance d&#039;une utilisation des plus optimales,\u00a0pour un r\u00e9sultat accompli et exceptionnel  Tondeuse \u00c0 Cheveux 1400 Professional StarBlade   Largeur de coupe : 46 mm  R\u00e9glage de la longueur de coupe MultiClick\u00ae avec 5 positions verrouillables : de 0,1 \u00e0 3 mm  Nouveau moteur puissant et silencieux, \u00e0 armature oscillante d&#039;une puissance sup\u00e9rieure de 50% Tension : 220-230 V \/ 50 Hz Utilisation professionnelle continue  \u00a0Longueur de c\u00e2ble : 3 m  \u00a0Dimensions : 175 x 69 x 50 mm  Poids : 520 g\" \/>\n<meta property=\"og:url\" content=\"https:\/\/baya-shop.com\/home\/product\/moser-tondeuse-a-cheveux-1400-professional-original-ade-in-germany\/\" \/>\n<meta property=\"og:site_name\" content=\"Baya Shop\" \/>\n<meta property=\"article:publisher\" content=\"https:\/\/www.facebook.com\/Baya-Shop-103955257949742\" \/>\n<meta property=\"article:modified_time\" content=\"2024-09-17T10:31:08+00:00\" \/>\n<meta property=\"og:image\" content=\"https:\/\/baya-shop.com\/wp-content\/uploads\/2023\/09\/tondeuse-1400-50.jpg\" \/>\n\t<meta property=\"og:image:width\" content=\"800\" \/>\n\t<meta property=\"og:image:height\" content=\"800\" \/>\n\t<meta property=\"og:image:type\" content=\"image\/jpeg\" \/>\n<meta name=\"twitter:card\" content=\"summary_large_image\" \/>\n<meta name=\"twitter:label1\" content=\"Dur\u00e9e de lecture estim\u00e9e\" \/>\n\t<meta name=\"twitter:data1\" content=\"1 minute\" \/>\n<script type=\"application\/ld+json\" class=\"yoast-schema-graph\">{\"@context\":\"https:\\\/\\\/schema.org\",\"@graph\":[{\"@type\":\"WebPage\",\"@id\":\"https:\\\/\\\/baya-shop.com\\\/home\\\/product\\\/moser-tondeuse-a-cheveux-1400-professional-original-ade-in-germany\\\/\",\"url\":\"https:\\\/\\\/baya-shop.com\\\/home\\\/product\\\/moser-tondeuse-a-cheveux-1400-professional-original-ade-in-germany\\\/\",\"name\":\"Moser Tondeuse 1400 Professional TYPE1400 - Baya Shop\",\"isPartOf\":{\"@id\":\"https:\\\/\\\/baya-shop.com\\\/home\\\/#website\"},\"primaryImageOfPage\":{\"@id\":\"https:\\\/\\\/baya-shop.com\\\/home\\\/product\\\/moser-tondeuse-a-cheveux-1400-professional-original-ade-in-germany\\\/#primaryimage\"},\"image\":{\"@id\":\"https:\\\/\\\/baya-shop.com\\\/home\\\/product\\\/moser-tondeuse-a-cheveux-1400-professional-original-ade-in-germany\\\/#primaryimage\"},\"thumbnailUrl\":\"https:\\\/\\\/i0.wp.com\\\/baya-shop.com\\\/wp-content\\\/uploads\\\/2023\\\/09\\\/tondeuse-1400-50.jpg?fit=800%2C800&ssl=1\",\"datePublished\":\"2023-09-28T14:42:25+00:00\",\"dateModified\":\"2024-09-17T10:31:08+00:00\",\"description\":\"Tondeuse \u00c0 Cheveux 1400 Professional StarBlade\u00a0est\u00a0un appareil de pr\u00e9cision d'une conception des plus modernes. L'ex\u00e9cution minutieuse et le choix de mati\u00e8res de premi\u00e8re qualit\u00e9 garantissent sa\u00a0longue dur\u00e9e. Vous avez ainsi, \u00e0 port\u00e9e de main, une tondeuse digne des plus grands professionnels et l'assurance d'une utilisation des plus optimales,\u00a0pour un r\u00e9sultat accompli et exceptionnel Tondeuse \u00c0 Cheveux 1400 Professional StarBlade Largeur de coupe : 46 mm R\u00e9glage de la longueur de coupe MultiClick\u00ae avec 5 positions verrouillables : de 0,1 \u00e0 3 mm Nouveau moteur puissant et silencieux, \u00e0 armature oscillante d'une puissance sup\u00e9rieure de 50% Tension : 220-230 V \\\/ 50 Hz Utilisation professionnelle continue \u00a0Longueur de c\u00e2ble : 3 m \u00a0Dimensions : 175 x 69 x 50 mm Poids : 520 g\",\"breadcrumb\":{\"@id\":\"https:\\\/\\\/baya-shop.com\\\/home\\\/product\\\/moser-tondeuse-a-cheveux-1400-professional-original-ade-in-germany\\\/#breadcrumb\"},\"inLanguage\":\"fr-FR\",\"potentialAction\":[{\"@type\":\"ReadAction\",\"target\":[\"https:\\\/\\\/baya-shop.com\\\/home\\\/product\\\/moser-tondeuse-a-cheveux-1400-professional-original-ade-in-germany\\\/\"]}]},{\"@type\":\"ImageObject\",\"inLanguage\":\"fr-FR\",\"@id\":\"https:\\\/\\\/baya-shop.com\\\/home\\\/product\\\/moser-tondeuse-a-cheveux-1400-professional-original-ade-in-germany\\\/#primaryimage\",\"url\":\"https:\\\/\\\/i0.wp.com\\\/baya-shop.com\\\/wp-content\\\/uploads\\\/2023\\\/09\\\/tondeuse-1400-50.jpg?fit=800%2C800&ssl=1\",\"contentUrl\":\"https:\\\/\\\/i0.wp.com\\\/baya-shop.com\\\/wp-content\\\/uploads\\\/2023\\\/09\\\/tondeuse-1400-50.jpg?fit=800%2C800&ssl=1\",\"width\":800,\"height\":800},{\"@type\":\"BreadcrumbList\",\"@id\":\"https:\\\/\\\/baya-shop.com\\\/home\\\/product\\\/moser-tondeuse-a-cheveux-1400-professional-original-ade-in-germany\\\/#breadcrumb\",\"itemListElement\":[{\"@type\":\"ListItem\",\"position\":1,\"name\":\"Accueil\",\"item\":\"https:\\\/\\\/baya-shop.com\\\/home\\\/\"},{\"@type\":\"ListItem\",\"position\":2,\"name\":\"Shop\",\"item\":\"https:\\\/\\\/baya-shop.com\\\/home\\\/shop\\\/\"},{\"@type\":\"ListItem\",\"position\":3,\"name\":\"Moser Tondeuse 1400 Professional TYPE1400\"}]},{\"@type\":\"WebSite\",\"@id\":\"https:\\\/\\\/baya-shop.com\\\/home\\\/#website\",\"url\":\"https:\\\/\\\/baya-shop.com\\\/home\\\/\",\"name\":\"Baya Shop\",\"description\":\"\",\"publisher\":{\"@id\":\"https:\\\/\\\/baya-shop.com\\\/home\\\/#organization\"},\"potentialAction\":[{\"@type\":\"SearchAction\",\"target\":{\"@type\":\"EntryPoint\",\"urlTemplate\":\"https:\\\/\\\/baya-shop.com\\\/home\\\/?s={search_term_string}\"},\"query-input\":{\"@type\":\"PropertyValueSpecification\",\"valueRequired\":true,\"valueName\":\"search_term_string\"}}],\"inLanguage\":\"fr-FR\"},{\"@type\":\"Organization\",\"@id\":\"https:\\\/\\\/baya-shop.com\\\/home\\\/#organization\",\"name\":\"Baya Shop\",\"url\":\"https:\\\/\\\/baya-shop.com\\\/home\\\/\",\"logo\":{\"@type\":\"ImageObject\",\"inLanguage\":\"fr-FR\",\"@id\":\"https:\\\/\\\/baya-shop.com\\\/home\\\/#\\\/schema\\\/logo\\\/image\\\/\",\"url\":\"https:\\\/\\\/baya-shop.com\\\/wp-content\\\/uploads\\\/2020\\\/11\\\/g.png\",\"contentUrl\":\"https:\\\/\\\/baya-shop.com\\\/wp-content\\\/uploads\\\/2020\\\/11\\\/g.png\",\"width\":64,\"height\":64,\"caption\":\"Baya Shop\"},\"image\":{\"@id\":\"https:\\\/\\\/baya-shop.com\\\/home\\\/#\\\/schema\\\/logo\\\/image\\\/\"},\"sameAs\":[\"https:\\\/\\\/www.facebook.com\\\/Baya-Shop-103955257949742\",\"https:\\\/\\\/www.instagram.com\\\/baya_shop_dz\\\/\"]}]}<\/script>\n<!-- \/ Yoast SEO plugin. -->","yoast_head_json":{"title":"Moser Tondeuse 1400 Professional TYPE1400 - Baya Shop","description":"Tondeuse \u00c0 Cheveux 1400 Professional StarBlade\u00a0est\u00a0un appareil de pr\u00e9cision d'une conception des plus modernes. L'ex\u00e9cution minutieuse et le choix de mati\u00e8res de premi\u00e8re qualit\u00e9 garantissent sa\u00a0longue dur\u00e9e. Vous avez ainsi, \u00e0 port\u00e9e de main, une tondeuse digne des plus grands professionnels et l'assurance d'une utilisation des plus optimales,\u00a0pour un r\u00e9sultat accompli et exceptionnel  Tondeuse \u00c0 Cheveux 1400 Professional StarBlade   Largeur de coupe : 46 mm  R\u00e9glage de la longueur de coupe MultiClick\u00ae avec 5 positions verrouillables : de 0,1 \u00e0 3 mm  Nouveau moteur puissant et silencieux, \u00e0 armature oscillante d'une puissance sup\u00e9rieure de 50% Tension : 220-230 V \/ 50 Hz Utilisation professionnelle continue  \u00a0Longueur de c\u00e2ble : 3 m  \u00a0Dimensions : 175 x 69 x 50 mm  Poids : 520 g","robots":{"index":"index","follow":"follow","max-snippet":"max-snippet:-1","max-image-preview":"max-image-preview:large","max-video-preview":"max-video-preview:-1"},"canonical":"https:\/\/baya-shop.com\/home\/product\/moser-tondeuse-a-cheveux-1400-professional-original-ade-in-germany\/","og_locale":"fr_FR","og_type":"article","og_title":"Moser Tondeuse 1400 Professional TYPE1400 - Baya Shop","og_description":"Tondeuse \u00c0 Cheveux 1400 Professional StarBlade\u00a0est\u00a0un appareil de pr\u00e9cision d'une conception des plus modernes. L'ex\u00e9cution minutieuse et le choix de mati\u00e8res de premi\u00e8re qualit\u00e9 garantissent sa\u00a0longue dur\u00e9e. Vous avez ainsi, \u00e0 port\u00e9e de main, une tondeuse digne des plus grands professionnels et l'assurance d'une utilisation des plus optimales,\u00a0pour un r\u00e9sultat accompli et exceptionnel  Tondeuse \u00c0 Cheveux 1400 Professional StarBlade   Largeur de coupe : 46 mm  R\u00e9glage de la longueur de coupe MultiClick\u00ae avec 5 positions verrouillables : de 0,1 \u00e0 3 mm  Nouveau moteur puissant et silencieux, \u00e0 armature oscillante d'une puissance sup\u00e9rieure de 50% Tension : 220-230 V \/ 50 Hz Utilisation professionnelle continue  \u00a0Longueur de c\u00e2ble : 3 m  \u00a0Dimensions : 175 x 69 x 50 mm  Poids : 520 g","og_url":"https:\/\/baya-shop.com\/home\/product\/moser-tondeuse-a-cheveux-1400-professional-original-ade-in-germany\/","og_site_name":"Baya Shop","article_publisher":"https:\/\/www.facebook.com\/Baya-Shop-103955257949742","article_modified_time":"2024-09-17T10:31:08+00:00","og_image":[{"width":800,"height":800,"url":"https:\/\/baya-shop.com\/wp-content\/uploads\/2023\/09\/tondeuse-1400-50.jpg","type":"image\/jpeg"}],"twitter_card":"summary_large_image","twitter_misc":{"Dur\u00e9e de lecture estim\u00e9e":"1 minute"},"schema":{"@context":"https:\/\/schema.org","@graph":[{"@type":"WebPage","@id":"https:\/\/baya-shop.com\/home\/product\/moser-tondeuse-a-cheveux-1400-professional-original-ade-in-germany\/","url":"https:\/\/baya-shop.com\/home\/product\/moser-tondeuse-a-cheveux-1400-professional-original-ade-in-germany\/","name":"Moser Tondeuse 1400 Professional TYPE1400 - Baya Shop","isPartOf":{"@id":"https:\/\/baya-shop.com\/home\/#website"},"primaryImageOfPage":{"@id":"https:\/\/baya-shop.com\/home\/product\/moser-tondeuse-a-cheveux-1400-professional-original-ade-in-germany\/#primaryimage"},"image":{"@id":"https:\/\/baya-shop.com\/home\/product\/moser-tondeuse-a-cheveux-1400-professional-original-ade-in-germany\/#primaryimage"},"thumbnailUrl":"https:\/\/i0.wp.com\/baya-shop.com\/wp-content\/uploads\/2023\/09\/tondeuse-1400-50.jpg?fit=800%2C800&ssl=1","datePublished":"2023-09-28T14:42:25+00:00","dateModified":"2024-09-17T10:31:08+00:00","description":"Tondeuse \u00c0 Cheveux 1400 Professional StarBlade\u00a0est\u00a0un appareil de pr\u00e9cision d'une conception des plus modernes. L'ex\u00e9cution minutieuse et le choix de mati\u00e8res de premi\u00e8re qualit\u00e9 garantissent sa\u00a0longue dur\u00e9e. Vous avez ainsi, \u00e0 port\u00e9e de main, une tondeuse digne des plus grands professionnels et l'assurance d'une utilisation des plus optimales,\u00a0pour un r\u00e9sultat accompli et exceptionnel Tondeuse \u00c0 Cheveux 1400 Professional StarBlade Largeur de coupe : 46 mm R\u00e9glage de la longueur de coupe MultiClick\u00ae avec 5 positions verrouillables : de 0,1 \u00e0 3 mm Nouveau moteur puissant et silencieux, \u00e0 armature oscillante d'une puissance sup\u00e9rieure de 50% Tension : 220-230 V \/ 50 Hz Utilisation professionnelle continue \u00a0Longueur de c\u00e2ble : 3 m \u00a0Dimensions : 175 x 69 x 50 mm Poids : 520 g","breadcrumb":{"@id":"https:\/\/baya-shop.com\/home\/product\/moser-tondeuse-a-cheveux-1400-professional-original-ade-in-germany\/#breadcrumb"},"inLanguage":"fr-FR","potentialAction":[{"@type":"ReadAction","target":["https:\/\/baya-shop.com\/home\/product\/moser-tondeuse-a-cheveux-1400-professional-original-ade-in-germany\/"]}]},{"@type":"ImageObject","inLanguage":"fr-FR","@id":"https:\/\/baya-shop.com\/home\/product\/moser-tondeuse-a-cheveux-1400-professional-original-ade-in-germany\/#primaryimage","url":"https:\/\/i0.wp.com\/baya-shop.com\/wp-content\/uploads\/2023\/09\/tondeuse-1400-50.jpg?fit=800%2C800&ssl=1","contentUrl":"https:\/\/i0.wp.com\/baya-shop.com\/wp-content\/uploads\/2023\/09\/tondeuse-1400-50.jpg?fit=800%2C800&ssl=1","width":800,"height":800},{"@type":"BreadcrumbList","@id":"https:\/\/baya-shop.com\/home\/product\/moser-tondeuse-a-cheveux-1400-professional-original-ade-in-germany\/#breadcrumb","itemListElement":[{"@type":"ListItem","position":1,"name":"Accueil","item":"https:\/\/baya-shop.com\/home\/"},{"@type":"ListItem","position":2,"name":"Shop","item":"https:\/\/baya-shop.com\/home\/shop\/"},{"@type":"ListItem","position":3,"name":"Moser Tondeuse 1400 Professional TYPE1400"}]},{"@type":"WebSite","@id":"https:\/\/baya-shop.com\/home\/#website","url":"https:\/\/baya-shop.com\/home\/","name":"Baya Shop","description":"","publisher":{"@id":"https:\/\/baya-shop.com\/home\/#organization"},"potentialAction":[{"@type":"SearchAction","target":{"@type":"EntryPoint","urlTemplate":"https:\/\/baya-shop.com\/home\/?s={search_term_string}"},"query-input":{"@type":"PropertyValueSpecification","valueRequired":true,"valueName":"search_term_string"}}],"inLanguage":"fr-FR"},{"@type":"Organization","@id":"https:\/\/baya-shop.com\/home\/#organization","name":"Baya Shop","url":"https:\/\/baya-shop.com\/home\/","logo":{"@type":"ImageObject","inLanguage":"fr-FR","@id":"https:\/\/baya-shop.com\/home\/#\/schema\/logo\/image\/","url":"https:\/\/baya-shop.com\/wp-content\/uploads\/2020\/11\/g.png","contentUrl":"https:\/\/baya-shop.com\/wp-content\/uploads\/2020\/11\/g.png","width":64,"height":64,"caption":"Baya Shop"},"image":{"@id":"https:\/\/baya-shop.com\/home\/#\/schema\/logo\/image\/"},"sameAs":["https:\/\/www.facebook.com\/Baya-Shop-103955257949742","https:\/\/www.instagram.com\/baya_shop_dz\/"]}]}},"jetpack_publicize_connections":[],"jetpack_sharing_enabled":true,"jetpack_likes_enabled":true,"jetpack-related-posts":[],"_links":{"self":[{"href":"https:\/\/baya-shop.com\/home\/wp-json\/wp\/v2\/product\/3045","targetHints":{"allow":["GET"]}}],"collection":[{"href":"https:\/\/baya-shop.com\/home\/wp-json\/wp\/v2\/product"}],"about":[{"href":"https:\/\/baya-shop.com\/home\/wp-json\/wp\/v2\/types\/product"}],"replies":[{"embeddable":true,"href":"https:\/\/baya-shop.com\/home\/wp-json\/wp\/v2\/comments?post=3045"}],"wp:featuredmedia":[{"embeddable":true,"href":"https:\/\/baya-shop.com\/home\/wp-json\/wp\/v2\/media\/3580"}],"wp:attachment":[{"href":"https:\/\/baya-shop.com\/home\/wp-json\/wp\/v2\/media?parent=3045"}],"wp:term":[{"taxonomy":"product_brand","embeddable":true,"href":"https:\/\/baya-shop.com\/home\/wp-json\/wp\/v2\/product_brand?post=3045"},{"taxonomy":"product_cat","embeddable":true,"href":"https:\/\/baya-shop.com\/home\/wp-json\/wp\/v2\/product_cat?post=3045"},{"taxonomy":"product_tag","embeddable":true,"href":"https:\/\/baya-shop.com\/home\/wp-json\/wp\/v2\/product_tag?post=3045"}],"curies":[{"name":"wp","href":"https:\/\/api.w.org\/{rel}","templated":true}]}}