{"id":3030,"date":"2023-09-28T15:08:26","date_gmt":"2023-09-28T14:08:26","guid":{"rendered":"https:\/\/baya-shop.com\/home\/?post_type=product&#038;p=3030"},"modified":"2024-02-09T15:14:27","modified_gmt":"2024-02-09T14:14:27","slug":"gama-tondeuse-a-barbe-gt420","status":"publish","type":"product","link":"https:\/\/baya-shop.com\/home\/product\/gama-tondeuse-a-barbe-gt420\/","title":{"rendered":"GAMA Tondeuse Travel Trimmer GT420"},"content":{"rendered":"","protected":false},"excerpt":{"rendered":"<pre id=\"tw-target-text\" class=\"tw-data-text tw-text-large tw-ta\" dir=\"ltr\" data-placeholder=\"Traduction\"><span class=\"Y2IQFc\" lang=\"fr\">Informations sur le produit \"Gama GT420 Elektrorasierer\"\r\nUn style parfait dans toutes les situations, gr\u00e2ce \u00e0 son poids l\u00e9ger et sa taille compacte.\r\n- Extr\u00eamement compact et ergonomique\r\n- Id\u00e9al pour les voyages\r\n- Aliment\u00e9 par pile\r\n\r\nSp\u00e9cifications techniques\r\nUGS : T41.GT420\r\nAlimentation : 2 piles AAA\r\nMat\u00e9riau de la lame : Acier inoxydable\r\nLongueur de coupe : 0,8 - 15 mm\r\nSyst\u00e8me de coupe : Double Track\r\nNombre de t\u00eates\u00a0: 1\r\nN\u00b0 de peignes de guidage\u00a0: 1 lame\r\nT\u00eates amovibles : Oui\r\nTension (V)\u00a0: Bivolt 110-240\u00a0V\r\nPoids (g) : 65\r\nFonctions : Tondeuse \u00e0 barbe\r\nKit fourni : Brosse de nettoyage, Huile lubrifiante<\/span><\/pre>\n","protected":false},"featured_media":3578,"comment_status":"open","ping_status":"closed","template":"","meta":{"jetpack_post_was_ever_published":false,"jetpack_publicize_message":"","jetpack_publicize_feature_enabled":true,"jetpack_social_post_already_shared":false,"jetpack_social_options":{"image_generator_settings":{"template":"highway","default_image_id":0,"font":"","enabled":false},"version":2}},"product_brand":[],"product_cat":[48,52],"product_tag":[],"class_list":{"0":"post-3030","1":"product","2":"type-product","3":"status-publish","4":"has-post-thumbnail","6":"product_cat-gama","7":"product_cat-tondeuse","9":"first","10":"instock","11":"shipping-taxable","12":"purchasable","13":"product-type-simple"},"yoast_head":"<!-- This site is optimized with the Yoast SEO plugin v27.4 - https:\/\/yoast.com\/product\/yoast-seo-wordpress\/ -->\n<title>GAMA Tondeuse Travel Trimmer GT420 - Baya Shop<\/title>\n<meta name=\"description\" content=\"Informations sur le produit &quot;Gama GT420 Elektrorasierer&quot; Un style parfait dans toutes les situations, gr\u00e2ce \u00e0 son poids l\u00e9ger et sa taille compacte. - Extr\u00eamement compact et ergonomique - Id\u00e9al pour les voyages - Aliment\u00e9 par pile  Sp\u00e9cifications techniques UGS : T41.GT420 Alimentation : 2 piles AAA Mat\u00e9riau de la lame : Acier inoxydable Longueur de coupe : 0,8 - 15 mm Syst\u00e8me de coupe : Double Track Nombre de t\u00eates\u00a0: 1 N\u00b0 de peignes de guidage\u00a0: 1 lame T\u00eates amovibles : Oui Tension (V)\u00a0: Bivolt 110-240\u00a0V Poids (g) : 65 Fonctions : Tondeuse \u00e0 barbe Kit fourni : Brosse de nettoyage, Huile lubrifiante\" \/>\n<meta name=\"robots\" content=\"index, follow, max-snippet:-1, max-image-preview:large, max-video-preview:-1\" \/>\n<link rel=\"canonical\" href=\"https:\/\/baya-shop.com\/home\/product\/gama-tondeuse-a-barbe-gt420\/\" \/>\n<meta property=\"og:locale\" content=\"fr_FR\" \/>\n<meta property=\"og:type\" content=\"article\" \/>\n<meta property=\"og:title\" content=\"GAMA Tondeuse Travel Trimmer GT420 - Baya Shop\" \/>\n<meta property=\"og:description\" content=\"Informations sur le produit &quot;Gama GT420 Elektrorasierer&quot; Un style parfait dans toutes les situations, gr\u00e2ce \u00e0 son poids l\u00e9ger et sa taille compacte. - Extr\u00eamement compact et ergonomique - Id\u00e9al pour les voyages - Aliment\u00e9 par pile  Sp\u00e9cifications techniques UGS : T41.GT420 Alimentation : 2 piles AAA Mat\u00e9riau de la lame : Acier inoxydable Longueur de coupe : 0,8 - 15 mm Syst\u00e8me de coupe : Double Track Nombre de t\u00eates\u00a0: 1 N\u00b0 de peignes de guidage\u00a0: 1 lame T\u00eates amovibles : Oui Tension (V)\u00a0: Bivolt 110-240\u00a0V Poids (g) : 65 Fonctions : Tondeuse \u00e0 barbe Kit fourni : Brosse de nettoyage, Huile lubrifiante\" \/>\n<meta property=\"og:url\" content=\"https:\/\/baya-shop.com\/home\/product\/gama-tondeuse-a-barbe-gt420\/\" \/>\n<meta property=\"og:site_name\" content=\"Baya Shop\" \/>\n<meta property=\"article:publisher\" content=\"https:\/\/www.facebook.com\/Baya-Shop-103955257949742\" \/>\n<meta property=\"article:modified_time\" content=\"2024-02-09T14:14:27+00:00\" \/>\n<meta property=\"og:image\" content=\"https:\/\/baya-shop.com\/wp-content\/uploads\/2023\/09\/maquina-ga-ma-italy-travel-trimmer-gt-40_2_.jpg\" \/>\n\t<meta property=\"og:image:width\" content=\"545\" \/>\n\t<meta property=\"og:image:height\" content=\"600\" \/>\n\t<meta property=\"og:image:type\" content=\"image\/jpeg\" \/>\n<meta name=\"twitter:card\" content=\"summary_large_image\" \/>\n<meta name=\"twitter:label1\" content=\"Dur\u00e9e de lecture estim\u00e9e\" \/>\n\t<meta name=\"twitter:data1\" content=\"1 minute\" \/>\n<script type=\"application\/ld+json\" class=\"yoast-schema-graph\">{\"@context\":\"https:\\\/\\\/schema.org\",\"@graph\":[{\"@type\":\"WebPage\",\"@id\":\"https:\\\/\\\/baya-shop.com\\\/home\\\/product\\\/gama-tondeuse-a-barbe-gt420\\\/\",\"url\":\"https:\\\/\\\/baya-shop.com\\\/home\\\/product\\\/gama-tondeuse-a-barbe-gt420\\\/\",\"name\":\"GAMA Tondeuse Travel Trimmer GT420 - Baya Shop\",\"isPartOf\":{\"@id\":\"https:\\\/\\\/baya-shop.com\\\/home\\\/#website\"},\"primaryImageOfPage\":{\"@id\":\"https:\\\/\\\/baya-shop.com\\\/home\\\/product\\\/gama-tondeuse-a-barbe-gt420\\\/#primaryimage\"},\"image\":{\"@id\":\"https:\\\/\\\/baya-shop.com\\\/home\\\/product\\\/gama-tondeuse-a-barbe-gt420\\\/#primaryimage\"},\"thumbnailUrl\":\"https:\\\/\\\/i0.wp.com\\\/baya-shop.com\\\/wp-content\\\/uploads\\\/2023\\\/09\\\/maquina-ga-ma-italy-travel-trimmer-gt-40_2_.jpg?fit=545%2C600&ssl=1\",\"datePublished\":\"2023-09-28T14:08:26+00:00\",\"dateModified\":\"2024-02-09T14:14:27+00:00\",\"description\":\"Informations sur le produit \\\"Gama GT420 Elektrorasierer\\\" Un style parfait dans toutes les situations, gr\u00e2ce \u00e0 son poids l\u00e9ger et sa taille compacte. - Extr\u00eamement compact et ergonomique - Id\u00e9al pour les voyages - Aliment\u00e9 par pile Sp\u00e9cifications techniques UGS : T41.GT420 Alimentation : 2 piles AAA Mat\u00e9riau de la lame : Acier inoxydable Longueur de coupe : 0,8 - 15 mm Syst\u00e8me de coupe : Double Track Nombre de t\u00eates\u00a0: 1 N\u00b0 de peignes de guidage\u00a0: 1 lame T\u00eates amovibles : Oui Tension (V)\u00a0: Bivolt 110-240\u00a0V Poids (g) : 65 Fonctions : Tondeuse \u00e0 barbe Kit fourni : Brosse de nettoyage, Huile lubrifiante\",\"breadcrumb\":{\"@id\":\"https:\\\/\\\/baya-shop.com\\\/home\\\/product\\\/gama-tondeuse-a-barbe-gt420\\\/#breadcrumb\"},\"inLanguage\":\"fr-FR\",\"potentialAction\":[{\"@type\":\"ReadAction\",\"target\":[\"https:\\\/\\\/baya-shop.com\\\/home\\\/product\\\/gama-tondeuse-a-barbe-gt420\\\/\"]}]},{\"@type\":\"ImageObject\",\"inLanguage\":\"fr-FR\",\"@id\":\"https:\\\/\\\/baya-shop.com\\\/home\\\/product\\\/gama-tondeuse-a-barbe-gt420\\\/#primaryimage\",\"url\":\"https:\\\/\\\/i0.wp.com\\\/baya-shop.com\\\/wp-content\\\/uploads\\\/2023\\\/09\\\/maquina-ga-ma-italy-travel-trimmer-gt-40_2_.jpg?fit=545%2C600&ssl=1\",\"contentUrl\":\"https:\\\/\\\/i0.wp.com\\\/baya-shop.com\\\/wp-content\\\/uploads\\\/2023\\\/09\\\/maquina-ga-ma-italy-travel-trimmer-gt-40_2_.jpg?fit=545%2C600&ssl=1\",\"width\":545,\"height\":600},{\"@type\":\"BreadcrumbList\",\"@id\":\"https:\\\/\\\/baya-shop.com\\\/home\\\/product\\\/gama-tondeuse-a-barbe-gt420\\\/#breadcrumb\",\"itemListElement\":[{\"@type\":\"ListItem\",\"position\":1,\"name\":\"Accueil\",\"item\":\"https:\\\/\\\/baya-shop.com\\\/home\\\/\"},{\"@type\":\"ListItem\",\"position\":2,\"name\":\"Shop\",\"item\":\"https:\\\/\\\/baya-shop.com\\\/home\\\/shop\\\/\"},{\"@type\":\"ListItem\",\"position\":3,\"name\":\"GAMA Tondeuse Travel Trimmer GT420\"}]},{\"@type\":\"WebSite\",\"@id\":\"https:\\\/\\\/baya-shop.com\\\/home\\\/#website\",\"url\":\"https:\\\/\\\/baya-shop.com\\\/home\\\/\",\"name\":\"Baya Shop\",\"description\":\"\",\"publisher\":{\"@id\":\"https:\\\/\\\/baya-shop.com\\\/home\\\/#organization\"},\"potentialAction\":[{\"@type\":\"SearchAction\",\"target\":{\"@type\":\"EntryPoint\",\"urlTemplate\":\"https:\\\/\\\/baya-shop.com\\\/home\\\/?s={search_term_string}\"},\"query-input\":{\"@type\":\"PropertyValueSpecification\",\"valueRequired\":true,\"valueName\":\"search_term_string\"}}],\"inLanguage\":\"fr-FR\"},{\"@type\":\"Organization\",\"@id\":\"https:\\\/\\\/baya-shop.com\\\/home\\\/#organization\",\"name\":\"Baya Shop\",\"url\":\"https:\\\/\\\/baya-shop.com\\\/home\\\/\",\"logo\":{\"@type\":\"ImageObject\",\"inLanguage\":\"fr-FR\",\"@id\":\"https:\\\/\\\/baya-shop.com\\\/home\\\/#\\\/schema\\\/logo\\\/image\\\/\",\"url\":\"https:\\\/\\\/baya-shop.com\\\/wp-content\\\/uploads\\\/2020\\\/11\\\/g.png\",\"contentUrl\":\"https:\\\/\\\/baya-shop.com\\\/wp-content\\\/uploads\\\/2020\\\/11\\\/g.png\",\"width\":64,\"height\":64,\"caption\":\"Baya Shop\"},\"image\":{\"@id\":\"https:\\\/\\\/baya-shop.com\\\/home\\\/#\\\/schema\\\/logo\\\/image\\\/\"},\"sameAs\":[\"https:\\\/\\\/www.facebook.com\\\/Baya-Shop-103955257949742\",\"https:\\\/\\\/www.instagram.com\\\/baya_shop_dz\\\/\"]}]}<\/script>\n<!-- \/ Yoast SEO plugin. -->","yoast_head_json":{"title":"GAMA Tondeuse Travel Trimmer GT420 - Baya Shop","description":"Informations sur le produit \"Gama GT420 Elektrorasierer\" Un style parfait dans toutes les situations, gr\u00e2ce \u00e0 son poids l\u00e9ger et sa taille compacte. - Extr\u00eamement compact et ergonomique - Id\u00e9al pour les voyages - Aliment\u00e9 par pile  Sp\u00e9cifications techniques UGS : T41.GT420 Alimentation : 2 piles AAA Mat\u00e9riau de la lame : Acier inoxydable Longueur de coupe : 0,8 - 15 mm Syst\u00e8me de coupe : Double Track Nombre de t\u00eates\u00a0: 1 N\u00b0 de peignes de guidage\u00a0: 1 lame T\u00eates amovibles : Oui Tension (V)\u00a0: Bivolt 110-240\u00a0V Poids (g) : 65 Fonctions : Tondeuse \u00e0 barbe Kit fourni : Brosse de nettoyage, Huile lubrifiante","robots":{"index":"index","follow":"follow","max-snippet":"max-snippet:-1","max-image-preview":"max-image-preview:large","max-video-preview":"max-video-preview:-1"},"canonical":"https:\/\/baya-shop.com\/home\/product\/gama-tondeuse-a-barbe-gt420\/","og_locale":"fr_FR","og_type":"article","og_title":"GAMA Tondeuse Travel Trimmer GT420 - Baya Shop","og_description":"Informations sur le produit \"Gama GT420 Elektrorasierer\" Un style parfait dans toutes les situations, gr\u00e2ce \u00e0 son poids l\u00e9ger et sa taille compacte. - Extr\u00eamement compact et ergonomique - Id\u00e9al pour les voyages - Aliment\u00e9 par pile  Sp\u00e9cifications techniques UGS : T41.GT420 Alimentation : 2 piles AAA Mat\u00e9riau de la lame : Acier inoxydable Longueur de coupe : 0,8 - 15 mm Syst\u00e8me de coupe : Double Track Nombre de t\u00eates\u00a0: 1 N\u00b0 de peignes de guidage\u00a0: 1 lame T\u00eates amovibles : Oui Tension (V)\u00a0: Bivolt 110-240\u00a0V Poids (g) : 65 Fonctions : Tondeuse \u00e0 barbe Kit fourni : Brosse de nettoyage, Huile lubrifiante","og_url":"https:\/\/baya-shop.com\/home\/product\/gama-tondeuse-a-barbe-gt420\/","og_site_name":"Baya Shop","article_publisher":"https:\/\/www.facebook.com\/Baya-Shop-103955257949742","article_modified_time":"2024-02-09T14:14:27+00:00","og_image":[{"width":545,"height":600,"url":"https:\/\/baya-shop.com\/wp-content\/uploads\/2023\/09\/maquina-ga-ma-italy-travel-trimmer-gt-40_2_.jpg","type":"image\/jpeg"}],"twitter_card":"summary_large_image","twitter_misc":{"Dur\u00e9e de lecture estim\u00e9e":"1 minute"},"schema":{"@context":"https:\/\/schema.org","@graph":[{"@type":"WebPage","@id":"https:\/\/baya-shop.com\/home\/product\/gama-tondeuse-a-barbe-gt420\/","url":"https:\/\/baya-shop.com\/home\/product\/gama-tondeuse-a-barbe-gt420\/","name":"GAMA Tondeuse Travel Trimmer GT420 - Baya Shop","isPartOf":{"@id":"https:\/\/baya-shop.com\/home\/#website"},"primaryImageOfPage":{"@id":"https:\/\/baya-shop.com\/home\/product\/gama-tondeuse-a-barbe-gt420\/#primaryimage"},"image":{"@id":"https:\/\/baya-shop.com\/home\/product\/gama-tondeuse-a-barbe-gt420\/#primaryimage"},"thumbnailUrl":"https:\/\/i0.wp.com\/baya-shop.com\/wp-content\/uploads\/2023\/09\/maquina-ga-ma-italy-travel-trimmer-gt-40_2_.jpg?fit=545%2C600&ssl=1","datePublished":"2023-09-28T14:08:26+00:00","dateModified":"2024-02-09T14:14:27+00:00","description":"Informations sur le produit \"Gama GT420 Elektrorasierer\" Un style parfait dans toutes les situations, gr\u00e2ce \u00e0 son poids l\u00e9ger et sa taille compacte. - Extr\u00eamement compact et ergonomique - Id\u00e9al pour les voyages - Aliment\u00e9 par pile Sp\u00e9cifications techniques UGS : T41.GT420 Alimentation : 2 piles AAA Mat\u00e9riau de la lame : Acier inoxydable Longueur de coupe : 0,8 - 15 mm Syst\u00e8me de coupe : Double Track Nombre de t\u00eates\u00a0: 1 N\u00b0 de peignes de guidage\u00a0: 1 lame T\u00eates amovibles : Oui Tension (V)\u00a0: Bivolt 110-240\u00a0V Poids (g) : 65 Fonctions : Tondeuse \u00e0 barbe Kit fourni : Brosse de nettoyage, Huile lubrifiante","breadcrumb":{"@id":"https:\/\/baya-shop.com\/home\/product\/gama-tondeuse-a-barbe-gt420\/#breadcrumb"},"inLanguage":"fr-FR","potentialAction":[{"@type":"ReadAction","target":["https:\/\/baya-shop.com\/home\/product\/gama-tondeuse-a-barbe-gt420\/"]}]},{"@type":"ImageObject","inLanguage":"fr-FR","@id":"https:\/\/baya-shop.com\/home\/product\/gama-tondeuse-a-barbe-gt420\/#primaryimage","url":"https:\/\/i0.wp.com\/baya-shop.com\/wp-content\/uploads\/2023\/09\/maquina-ga-ma-italy-travel-trimmer-gt-40_2_.jpg?fit=545%2C600&ssl=1","contentUrl":"https:\/\/i0.wp.com\/baya-shop.com\/wp-content\/uploads\/2023\/09\/maquina-ga-ma-italy-travel-trimmer-gt-40_2_.jpg?fit=545%2C600&ssl=1","width":545,"height":600},{"@type":"BreadcrumbList","@id":"https:\/\/baya-shop.com\/home\/product\/gama-tondeuse-a-barbe-gt420\/#breadcrumb","itemListElement":[{"@type":"ListItem","position":1,"name":"Accueil","item":"https:\/\/baya-shop.com\/home\/"},{"@type":"ListItem","position":2,"name":"Shop","item":"https:\/\/baya-shop.com\/home\/shop\/"},{"@type":"ListItem","position":3,"name":"GAMA Tondeuse Travel Trimmer GT420"}]},{"@type":"WebSite","@id":"https:\/\/baya-shop.com\/home\/#website","url":"https:\/\/baya-shop.com\/home\/","name":"Baya Shop","description":"","publisher":{"@id":"https:\/\/baya-shop.com\/home\/#organization"},"potentialAction":[{"@type":"SearchAction","target":{"@type":"EntryPoint","urlTemplate":"https:\/\/baya-shop.com\/home\/?s={search_term_string}"},"query-input":{"@type":"PropertyValueSpecification","valueRequired":true,"valueName":"search_term_string"}}],"inLanguage":"fr-FR"},{"@type":"Organization","@id":"https:\/\/baya-shop.com\/home\/#organization","name":"Baya Shop","url":"https:\/\/baya-shop.com\/home\/","logo":{"@type":"ImageObject","inLanguage":"fr-FR","@id":"https:\/\/baya-shop.com\/home\/#\/schema\/logo\/image\/","url":"https:\/\/baya-shop.com\/wp-content\/uploads\/2020\/11\/g.png","contentUrl":"https:\/\/baya-shop.com\/wp-content\/uploads\/2020\/11\/g.png","width":64,"height":64,"caption":"Baya Shop"},"image":{"@id":"https:\/\/baya-shop.com\/home\/#\/schema\/logo\/image\/"},"sameAs":["https:\/\/www.facebook.com\/Baya-Shop-103955257949742","https:\/\/www.instagram.com\/baya_shop_dz\/"]}]}},"jetpack_publicize_connections":[],"jetpack_sharing_enabled":true,"jetpack_likes_enabled":true,"jetpack-related-posts":[],"_links":{"self":[{"href":"https:\/\/baya-shop.com\/home\/wp-json\/wp\/v2\/product\/3030","targetHints":{"allow":["GET"]}}],"collection":[{"href":"https:\/\/baya-shop.com\/home\/wp-json\/wp\/v2\/product"}],"about":[{"href":"https:\/\/baya-shop.com\/home\/wp-json\/wp\/v2\/types\/product"}],"replies":[{"embeddable":true,"href":"https:\/\/baya-shop.com\/home\/wp-json\/wp\/v2\/comments?post=3030"}],"wp:featuredmedia":[{"embeddable":true,"href":"https:\/\/baya-shop.com\/home\/wp-json\/wp\/v2\/media\/3578"}],"wp:attachment":[{"href":"https:\/\/baya-shop.com\/home\/wp-json\/wp\/v2\/media?parent=3030"}],"wp:term":[{"taxonomy":"product_brand","embeddable":true,"href":"https:\/\/baya-shop.com\/home\/wp-json\/wp\/v2\/product_brand?post=3030"},{"taxonomy":"product_cat","embeddable":true,"href":"https:\/\/baya-shop.com\/home\/wp-json\/wp\/v2\/product_cat?post=3030"},{"taxonomy":"product_tag","embeddable":true,"href":"https:\/\/baya-shop.com\/home\/wp-json\/wp\/v2\/product_tag?post=3030"}],"curies":[{"name":"wp","href":"https:\/\/api.w.org\/{rel}","templated":true}]}}