{"id":3013,"date":"2023-09-28T14:10:42","date_gmt":"2023-09-28T13:10:42","guid":{"rendered":"https:\/\/baya-shop.com\/home\/?post_type=product&#038;p=3013"},"modified":"2024-02-09T15:14:41","modified_gmt":"2024-02-09T14:14:41","slug":"wahl-tondeuse-magic-clip-5-star-series-stx","status":"publish","type":"product","link":"https:\/\/baya-shop.com\/home\/product\/wahl-tondeuse-magic-clip-5-star-series-stx\/","title":{"rendered":"Wahl Tondeuse Magic Clip 5 Star Series STX"},"content":{"rendered":"","protected":false},"excerpt":{"rendered":"<p>La\u00a0<strong>tondeuse de coupe professionnelle Wahl Magic clip 5 Star Series<\/strong>\u00a0est \u00e9quip\u00e9e d&rsquo;un moteur puissant \u00e0 armature oscillante V5000 assurant une grande long\u00e9vit\u00e9.<br \/>\nLe branchement sur secteur est id\u00e9al pour une\u00a0<strong>utilisation en continu<\/strong>, recommand\u00e9 pour les\u00a0<strong>coiffeurs<\/strong>\u00a0et<strong>\u00a0barbiers<\/strong>.<br \/>\nLa t\u00eate de coupe de pr\u00e9cision chrom\u00e9e est ajustable, parfaite pour les\u00a0<strong>coupes extra courtes<\/strong>\u00a0et les\u00a0<strong>rasages complets<\/strong>.<br \/>\nCette\u00a0<strong>tondeuse \u00e0 cheveux<\/strong>\u00a0offre une coupe nette et pr\u00e9cise.<\/p>\n<p><u>Caract\u00e9ristiques techniques :<\/u><br \/>\n\u2022 T\u00eate de coupe chrom\u00e9e, fixation \u00e0 vis tr\u00e8s robuste, id\u00e9ale pour un\u00a0<strong>usage professionnel<\/strong>. Dents fines, droites et effil\u00e9es. Offre une coupe nette.<br \/>\n\u2022 Levier de r\u00e9glage de 0,8mm \u00e0 2,5mm. Largeur de coupe 40mm.<br \/>\n\u2022 Possibilit\u00e9 d&rsquo;ajuster la t\u00eate de coupe \u00e0 z\u00e9ro.<br \/>\n\u2022 Branchement secteur. C\u00e2ble de 3m.<br \/>\n\u2022 Moteur oscillant V5000, 6000tr\/min.<br \/>\n\u2022 620gr, c\u00e2ble compris.<\/p>\n<p>Accessoires inclus : 8 contre-peignes en plastique (1.5, 3, 4.5, 6, 10, 13, 19 et 25mm), brosse de nettoyage, prot\u00e8ge lame, burette d&rsquo;huile et peigne plat de\u00a0<strong>barbier<\/strong>.<\/p>\n","protected":false},"featured_media":3583,"comment_status":"open","ping_status":"closed","template":"","meta":{"jetpack_post_was_ever_published":false,"jetpack_publicize_message":"","jetpack_publicize_feature_enabled":true,"jetpack_social_post_already_shared":false,"jetpack_social_options":{"image_generator_settings":{"template":"highway","default_image_id":0,"font":"","enabled":false},"version":2}},"product_brand":[],"product_cat":[52,70],"product_tag":[],"class_list":{"0":"post-3013","1":"product","2":"type-product","3":"status-publish","4":"has-post-thumbnail","6":"product_cat-tondeuse","7":"product_cat-wahl","9":"first","10":"instock","11":"shipping-taxable","12":"purchasable","13":"product-type-simple"},"yoast_head":"<!-- This site is optimized with the Yoast SEO plugin v27.5 - https:\/\/yoast.com\/product\/yoast-seo-wordpress\/ -->\n<title>Wahl Tondeuse Magic Clip 5 Star Series STX - Baya Shop<\/title>\n<meta name=\"description\" content=\"La\u00a0tondeuse de coupe professionnelle Wahl Magic clip 5 Star Series\u00a0est \u00e9quip\u00e9e d&#039;un moteur puissant \u00e0 armature oscillante V5000 assurant une grande long\u00e9vit\u00e9. Le branchement sur secteur est id\u00e9al pour une\u00a0utilisation en continu, recommand\u00e9 pour les\u00a0coiffeurs\u00a0et\u00a0barbiers. La t\u00eate de coupe de pr\u00e9cision chrom\u00e9e est ajustable, parfaite pour les\u00a0coupes extra courtes\u00a0et les\u00a0rasages complets. Cette\u00a0tondeuse \u00e0 cheveux\u00a0offre une coupe nette et pr\u00e9cise.  Caract\u00e9ristiques techniques : \u2022 T\u00eate de coupe chrom\u00e9e, fixation \u00e0 vis tr\u00e8s robuste, id\u00e9ale pour un\u00a0usage professionnel. Dents fines, droites et effil\u00e9es. Offre une coupe nette. \u2022 Levier de r\u00e9glage de 0,8mm \u00e0 2,5mm. Largeur de coupe 40mm. \u2022 Possibilit\u00e9 d&#039;ajuster la t\u00eate de coupe \u00e0 z\u00e9ro. \u2022 Branchement secteur. C\u00e2ble de 3m. \u2022 Moteur oscillant V5000, 6000tr\/min. \u2022 620gr, c\u00e2ble compris.  Accessoires inclus : 8 contre-peignes en plastique (1.5, 3, 4.5, 6, 10, 13, 19 et 25mm), brosse de nettoyage, prot\u00e8ge lame, burette d&#039;huile et peigne plat de\u00a0barbier.\" \/>\n<meta name=\"robots\" content=\"index, follow, max-snippet:-1, max-image-preview:large, max-video-preview:-1\" \/>\n<link rel=\"canonical\" href=\"https:\/\/baya-shop.com\/home\/product\/wahl-tondeuse-magic-clip-5-star-series-stx\/\" \/>\n<meta property=\"og:locale\" content=\"fr_FR\" \/>\n<meta property=\"og:type\" content=\"article\" \/>\n<meta property=\"og:title\" content=\"Wahl Tondeuse Magic Clip 5 Star Series STX - Baya Shop\" \/>\n<meta property=\"og:description\" content=\"La\u00a0tondeuse de coupe professionnelle Wahl Magic clip 5 Star Series\u00a0est \u00e9quip\u00e9e d&#039;un moteur puissant \u00e0 armature oscillante V5000 assurant une grande long\u00e9vit\u00e9. Le branchement sur secteur est id\u00e9al pour une\u00a0utilisation en continu, recommand\u00e9 pour les\u00a0coiffeurs\u00a0et\u00a0barbiers. La t\u00eate de coupe de pr\u00e9cision chrom\u00e9e est ajustable, parfaite pour les\u00a0coupes extra courtes\u00a0et les\u00a0rasages complets. Cette\u00a0tondeuse \u00e0 cheveux\u00a0offre une coupe nette et pr\u00e9cise.  Caract\u00e9ristiques techniques : \u2022 T\u00eate de coupe chrom\u00e9e, fixation \u00e0 vis tr\u00e8s robuste, id\u00e9ale pour un\u00a0usage professionnel. Dents fines, droites et effil\u00e9es. Offre une coupe nette. \u2022 Levier de r\u00e9glage de 0,8mm \u00e0 2,5mm. Largeur de coupe 40mm. \u2022 Possibilit\u00e9 d&#039;ajuster la t\u00eate de coupe \u00e0 z\u00e9ro. \u2022 Branchement secteur. C\u00e2ble de 3m. \u2022 Moteur oscillant V5000, 6000tr\/min. \u2022 620gr, c\u00e2ble compris.  Accessoires inclus : 8 contre-peignes en plastique (1.5, 3, 4.5, 6, 10, 13, 19 et 25mm), brosse de nettoyage, prot\u00e8ge lame, burette d&#039;huile et peigne plat de\u00a0barbier.\" \/>\n<meta property=\"og:url\" content=\"https:\/\/baya-shop.com\/home\/product\/wahl-tondeuse-magic-clip-5-star-series-stx\/\" \/>\n<meta property=\"og:site_name\" content=\"Baya Shop\" \/>\n<meta property=\"article:publisher\" content=\"https:\/\/www.facebook.com\/Baya-Shop-103955257949742\" \/>\n<meta property=\"article:modified_time\" content=\"2024-02-09T14:14:41+00:00\" \/>\n<meta property=\"og:image\" content=\"https:\/\/baya-shop.com\/wp-content\/uploads\/2023\/09\/08451-316h-pack.jpg\" \/>\n\t<meta property=\"og:image:width\" content=\"800\" \/>\n\t<meta property=\"og:image:height\" content=\"800\" \/>\n\t<meta property=\"og:image:type\" content=\"image\/jpeg\" \/>\n<meta name=\"twitter:card\" content=\"summary_large_image\" \/>\n<meta name=\"twitter:label1\" content=\"Dur\u00e9e de lecture estim\u00e9e\" \/>\n\t<meta name=\"twitter:data1\" content=\"1 minute\" \/>\n<script type=\"application\/ld+json\" class=\"yoast-schema-graph\">{\"@context\":\"https:\\\/\\\/schema.org\",\"@graph\":[{\"@type\":\"WebPage\",\"@id\":\"https:\\\/\\\/baya-shop.com\\\/home\\\/product\\\/wahl-tondeuse-magic-clip-5-star-series-stx\\\/\",\"url\":\"https:\\\/\\\/baya-shop.com\\\/home\\\/product\\\/wahl-tondeuse-magic-clip-5-star-series-stx\\\/\",\"name\":\"Wahl Tondeuse Magic Clip 5 Star Series STX - Baya Shop\",\"isPartOf\":{\"@id\":\"https:\\\/\\\/baya-shop.com\\\/home\\\/#website\"},\"primaryImageOfPage\":{\"@id\":\"https:\\\/\\\/baya-shop.com\\\/home\\\/product\\\/wahl-tondeuse-magic-clip-5-star-series-stx\\\/#primaryimage\"},\"image\":{\"@id\":\"https:\\\/\\\/baya-shop.com\\\/home\\\/product\\\/wahl-tondeuse-magic-clip-5-star-series-stx\\\/#primaryimage\"},\"thumbnailUrl\":\"https:\\\/\\\/i0.wp.com\\\/baya-shop.com\\\/wp-content\\\/uploads\\\/2023\\\/09\\\/08451-316h-pack.jpg?fit=800%2C800&ssl=1\",\"datePublished\":\"2023-09-28T13:10:42+00:00\",\"dateModified\":\"2024-02-09T14:14:41+00:00\",\"description\":\"La\u00a0tondeuse de coupe professionnelle Wahl Magic clip 5 Star Series\u00a0est \u00e9quip\u00e9e d'un moteur puissant \u00e0 armature oscillante V5000 assurant une grande long\u00e9vit\u00e9. Le branchement sur secteur est id\u00e9al pour une\u00a0utilisation en continu, recommand\u00e9 pour les\u00a0coiffeurs\u00a0et\u00a0barbiers. La t\u00eate de coupe de pr\u00e9cision chrom\u00e9e est ajustable, parfaite pour les\u00a0coupes extra courtes\u00a0et les\u00a0rasages complets. Cette\u00a0tondeuse \u00e0 cheveux\u00a0offre une coupe nette et pr\u00e9cise. Caract\u00e9ristiques techniques : \u2022 T\u00eate de coupe chrom\u00e9e, fixation \u00e0 vis tr\u00e8s robuste, id\u00e9ale pour un\u00a0usage professionnel. Dents fines, droites et effil\u00e9es. Offre une coupe nette. \u2022 Levier de r\u00e9glage de 0,8mm \u00e0 2,5mm. Largeur de coupe 40mm. \u2022 Possibilit\u00e9 d'ajuster la t\u00eate de coupe \u00e0 z\u00e9ro. \u2022 Branchement secteur. C\u00e2ble de 3m. \u2022 Moteur oscillant V5000, 6000tr\\\/min. \u2022 620gr, c\u00e2ble compris. Accessoires inclus : 8 contre-peignes en plastique (1.5, 3, 4.5, 6, 10, 13, 19 et 25mm), brosse de nettoyage, prot\u00e8ge lame, burette d'huile et peigne plat de\u00a0barbier.\",\"breadcrumb\":{\"@id\":\"https:\\\/\\\/baya-shop.com\\\/home\\\/product\\\/wahl-tondeuse-magic-clip-5-star-series-stx\\\/#breadcrumb\"},\"inLanguage\":\"fr-FR\",\"potentialAction\":[{\"@type\":\"ReadAction\",\"target\":[\"https:\\\/\\\/baya-shop.com\\\/home\\\/product\\\/wahl-tondeuse-magic-clip-5-star-series-stx\\\/\"]}]},{\"@type\":\"ImageObject\",\"inLanguage\":\"fr-FR\",\"@id\":\"https:\\\/\\\/baya-shop.com\\\/home\\\/product\\\/wahl-tondeuse-magic-clip-5-star-series-stx\\\/#primaryimage\",\"url\":\"https:\\\/\\\/i0.wp.com\\\/baya-shop.com\\\/wp-content\\\/uploads\\\/2023\\\/09\\\/08451-316h-pack.jpg?fit=800%2C800&ssl=1\",\"contentUrl\":\"https:\\\/\\\/i0.wp.com\\\/baya-shop.com\\\/wp-content\\\/uploads\\\/2023\\\/09\\\/08451-316h-pack.jpg?fit=800%2C800&ssl=1\",\"width\":800,\"height\":800},{\"@type\":\"BreadcrumbList\",\"@id\":\"https:\\\/\\\/baya-shop.com\\\/home\\\/product\\\/wahl-tondeuse-magic-clip-5-star-series-stx\\\/#breadcrumb\",\"itemListElement\":[{\"@type\":\"ListItem\",\"position\":1,\"name\":\"Accueil\",\"item\":\"https:\\\/\\\/baya-shop.com\\\/home\\\/\"},{\"@type\":\"ListItem\",\"position\":2,\"name\":\"Shop\",\"item\":\"https:\\\/\\\/baya-shop.com\\\/home\\\/shop\\\/\"},{\"@type\":\"ListItem\",\"position\":3,\"name\":\"Wahl Tondeuse Magic Clip 5 Star Series STX\"}]},{\"@type\":\"WebSite\",\"@id\":\"https:\\\/\\\/baya-shop.com\\\/home\\\/#website\",\"url\":\"https:\\\/\\\/baya-shop.com\\\/home\\\/\",\"name\":\"Baya Shop\",\"description\":\"\",\"publisher\":{\"@id\":\"https:\\\/\\\/baya-shop.com\\\/home\\\/#organization\"},\"potentialAction\":[{\"@type\":\"SearchAction\",\"target\":{\"@type\":\"EntryPoint\",\"urlTemplate\":\"https:\\\/\\\/baya-shop.com\\\/home\\\/?s={search_term_string}\"},\"query-input\":{\"@type\":\"PropertyValueSpecification\",\"valueRequired\":true,\"valueName\":\"search_term_string\"}}],\"inLanguage\":\"fr-FR\"},{\"@type\":\"Organization\",\"@id\":\"https:\\\/\\\/baya-shop.com\\\/home\\\/#organization\",\"name\":\"Baya Shop\",\"url\":\"https:\\\/\\\/baya-shop.com\\\/home\\\/\",\"logo\":{\"@type\":\"ImageObject\",\"inLanguage\":\"fr-FR\",\"@id\":\"https:\\\/\\\/baya-shop.com\\\/home\\\/#\\\/schema\\\/logo\\\/image\\\/\",\"url\":\"https:\\\/\\\/baya-shop.com\\\/wp-content\\\/uploads\\\/2020\\\/11\\\/g.png\",\"contentUrl\":\"https:\\\/\\\/baya-shop.com\\\/wp-content\\\/uploads\\\/2020\\\/11\\\/g.png\",\"width\":64,\"height\":64,\"caption\":\"Baya Shop\"},\"image\":{\"@id\":\"https:\\\/\\\/baya-shop.com\\\/home\\\/#\\\/schema\\\/logo\\\/image\\\/\"},\"sameAs\":[\"https:\\\/\\\/www.facebook.com\\\/Baya-Shop-103955257949742\",\"https:\\\/\\\/www.instagram.com\\\/baya_shop_dz\\\/\"]}]}<\/script>\n<!-- \/ Yoast SEO plugin. -->","yoast_head_json":{"title":"Wahl Tondeuse Magic Clip 5 Star Series STX - Baya Shop","description":"La\u00a0tondeuse de coupe professionnelle Wahl Magic clip 5 Star Series\u00a0est \u00e9quip\u00e9e d'un moteur puissant \u00e0 armature oscillante V5000 assurant une grande long\u00e9vit\u00e9. Le branchement sur secteur est id\u00e9al pour une\u00a0utilisation en continu, recommand\u00e9 pour les\u00a0coiffeurs\u00a0et\u00a0barbiers. La t\u00eate de coupe de pr\u00e9cision chrom\u00e9e est ajustable, parfaite pour les\u00a0coupes extra courtes\u00a0et les\u00a0rasages complets. Cette\u00a0tondeuse \u00e0 cheveux\u00a0offre une coupe nette et pr\u00e9cise.  Caract\u00e9ristiques techniques : \u2022 T\u00eate de coupe chrom\u00e9e, fixation \u00e0 vis tr\u00e8s robuste, id\u00e9ale pour un\u00a0usage professionnel. Dents fines, droites et effil\u00e9es. Offre une coupe nette. \u2022 Levier de r\u00e9glage de 0,8mm \u00e0 2,5mm. Largeur de coupe 40mm. \u2022 Possibilit\u00e9 d'ajuster la t\u00eate de coupe \u00e0 z\u00e9ro. \u2022 Branchement secteur. C\u00e2ble de 3m. \u2022 Moteur oscillant V5000, 6000tr\/min. \u2022 620gr, c\u00e2ble compris.  Accessoires inclus : 8 contre-peignes en plastique (1.5, 3, 4.5, 6, 10, 13, 19 et 25mm), brosse de nettoyage, prot\u00e8ge lame, burette d'huile et peigne plat de\u00a0barbier.","robots":{"index":"index","follow":"follow","max-snippet":"max-snippet:-1","max-image-preview":"max-image-preview:large","max-video-preview":"max-video-preview:-1"},"canonical":"https:\/\/baya-shop.com\/home\/product\/wahl-tondeuse-magic-clip-5-star-series-stx\/","og_locale":"fr_FR","og_type":"article","og_title":"Wahl Tondeuse Magic Clip 5 Star Series STX - Baya Shop","og_description":"La\u00a0tondeuse de coupe professionnelle Wahl Magic clip 5 Star Series\u00a0est \u00e9quip\u00e9e d'un moteur puissant \u00e0 armature oscillante V5000 assurant une grande long\u00e9vit\u00e9. Le branchement sur secteur est id\u00e9al pour une\u00a0utilisation en continu, recommand\u00e9 pour les\u00a0coiffeurs\u00a0et\u00a0barbiers. La t\u00eate de coupe de pr\u00e9cision chrom\u00e9e est ajustable, parfaite pour les\u00a0coupes extra courtes\u00a0et les\u00a0rasages complets. Cette\u00a0tondeuse \u00e0 cheveux\u00a0offre une coupe nette et pr\u00e9cise.  Caract\u00e9ristiques techniques : \u2022 T\u00eate de coupe chrom\u00e9e, fixation \u00e0 vis tr\u00e8s robuste, id\u00e9ale pour un\u00a0usage professionnel. Dents fines, droites et effil\u00e9es. Offre une coupe nette. \u2022 Levier de r\u00e9glage de 0,8mm \u00e0 2,5mm. Largeur de coupe 40mm. \u2022 Possibilit\u00e9 d'ajuster la t\u00eate de coupe \u00e0 z\u00e9ro. \u2022 Branchement secteur. C\u00e2ble de 3m. \u2022 Moteur oscillant V5000, 6000tr\/min. \u2022 620gr, c\u00e2ble compris.  Accessoires inclus : 8 contre-peignes en plastique (1.5, 3, 4.5, 6, 10, 13, 19 et 25mm), brosse de nettoyage, prot\u00e8ge lame, burette d'huile et peigne plat de\u00a0barbier.","og_url":"https:\/\/baya-shop.com\/home\/product\/wahl-tondeuse-magic-clip-5-star-series-stx\/","og_site_name":"Baya Shop","article_publisher":"https:\/\/www.facebook.com\/Baya-Shop-103955257949742","article_modified_time":"2024-02-09T14:14:41+00:00","og_image":[{"width":800,"height":800,"url":"https:\/\/baya-shop.com\/wp-content\/uploads\/2023\/09\/08451-316h-pack.jpg","type":"image\/jpeg"}],"twitter_card":"summary_large_image","twitter_misc":{"Dur\u00e9e de lecture estim\u00e9e":"1 minute"},"schema":{"@context":"https:\/\/schema.org","@graph":[{"@type":"WebPage","@id":"https:\/\/baya-shop.com\/home\/product\/wahl-tondeuse-magic-clip-5-star-series-stx\/","url":"https:\/\/baya-shop.com\/home\/product\/wahl-tondeuse-magic-clip-5-star-series-stx\/","name":"Wahl Tondeuse Magic Clip 5 Star Series STX - Baya Shop","isPartOf":{"@id":"https:\/\/baya-shop.com\/home\/#website"},"primaryImageOfPage":{"@id":"https:\/\/baya-shop.com\/home\/product\/wahl-tondeuse-magic-clip-5-star-series-stx\/#primaryimage"},"image":{"@id":"https:\/\/baya-shop.com\/home\/product\/wahl-tondeuse-magic-clip-5-star-series-stx\/#primaryimage"},"thumbnailUrl":"https:\/\/i0.wp.com\/baya-shop.com\/wp-content\/uploads\/2023\/09\/08451-316h-pack.jpg?fit=800%2C800&ssl=1","datePublished":"2023-09-28T13:10:42+00:00","dateModified":"2024-02-09T14:14:41+00:00","description":"La\u00a0tondeuse de coupe professionnelle Wahl Magic clip 5 Star Series\u00a0est \u00e9quip\u00e9e d'un moteur puissant \u00e0 armature oscillante V5000 assurant une grande long\u00e9vit\u00e9. Le branchement sur secteur est id\u00e9al pour une\u00a0utilisation en continu, recommand\u00e9 pour les\u00a0coiffeurs\u00a0et\u00a0barbiers. La t\u00eate de coupe de pr\u00e9cision chrom\u00e9e est ajustable, parfaite pour les\u00a0coupes extra courtes\u00a0et les\u00a0rasages complets. Cette\u00a0tondeuse \u00e0 cheveux\u00a0offre une coupe nette et pr\u00e9cise. Caract\u00e9ristiques techniques : \u2022 T\u00eate de coupe chrom\u00e9e, fixation \u00e0 vis tr\u00e8s robuste, id\u00e9ale pour un\u00a0usage professionnel. Dents fines, droites et effil\u00e9es. Offre une coupe nette. \u2022 Levier de r\u00e9glage de 0,8mm \u00e0 2,5mm. Largeur de coupe 40mm. \u2022 Possibilit\u00e9 d'ajuster la t\u00eate de coupe \u00e0 z\u00e9ro. \u2022 Branchement secteur. C\u00e2ble de 3m. \u2022 Moteur oscillant V5000, 6000tr\/min. \u2022 620gr, c\u00e2ble compris. Accessoires inclus : 8 contre-peignes en plastique (1.5, 3, 4.5, 6, 10, 13, 19 et 25mm), brosse de nettoyage, prot\u00e8ge lame, burette d'huile et peigne plat de\u00a0barbier.","breadcrumb":{"@id":"https:\/\/baya-shop.com\/home\/product\/wahl-tondeuse-magic-clip-5-star-series-stx\/#breadcrumb"},"inLanguage":"fr-FR","potentialAction":[{"@type":"ReadAction","target":["https:\/\/baya-shop.com\/home\/product\/wahl-tondeuse-magic-clip-5-star-series-stx\/"]}]},{"@type":"ImageObject","inLanguage":"fr-FR","@id":"https:\/\/baya-shop.com\/home\/product\/wahl-tondeuse-magic-clip-5-star-series-stx\/#primaryimage","url":"https:\/\/i0.wp.com\/baya-shop.com\/wp-content\/uploads\/2023\/09\/08451-316h-pack.jpg?fit=800%2C800&ssl=1","contentUrl":"https:\/\/i0.wp.com\/baya-shop.com\/wp-content\/uploads\/2023\/09\/08451-316h-pack.jpg?fit=800%2C800&ssl=1","width":800,"height":800},{"@type":"BreadcrumbList","@id":"https:\/\/baya-shop.com\/home\/product\/wahl-tondeuse-magic-clip-5-star-series-stx\/#breadcrumb","itemListElement":[{"@type":"ListItem","position":1,"name":"Accueil","item":"https:\/\/baya-shop.com\/home\/"},{"@type":"ListItem","position":2,"name":"Shop","item":"https:\/\/baya-shop.com\/home\/shop\/"},{"@type":"ListItem","position":3,"name":"Wahl Tondeuse Magic Clip 5 Star Series STX"}]},{"@type":"WebSite","@id":"https:\/\/baya-shop.com\/home\/#website","url":"https:\/\/baya-shop.com\/home\/","name":"Baya Shop","description":"","publisher":{"@id":"https:\/\/baya-shop.com\/home\/#organization"},"potentialAction":[{"@type":"SearchAction","target":{"@type":"EntryPoint","urlTemplate":"https:\/\/baya-shop.com\/home\/?s={search_term_string}"},"query-input":{"@type":"PropertyValueSpecification","valueRequired":true,"valueName":"search_term_string"}}],"inLanguage":"fr-FR"},{"@type":"Organization","@id":"https:\/\/baya-shop.com\/home\/#organization","name":"Baya Shop","url":"https:\/\/baya-shop.com\/home\/","logo":{"@type":"ImageObject","inLanguage":"fr-FR","@id":"https:\/\/baya-shop.com\/home\/#\/schema\/logo\/image\/","url":"https:\/\/baya-shop.com\/wp-content\/uploads\/2020\/11\/g.png","contentUrl":"https:\/\/baya-shop.com\/wp-content\/uploads\/2020\/11\/g.png","width":64,"height":64,"caption":"Baya Shop"},"image":{"@id":"https:\/\/baya-shop.com\/home\/#\/schema\/logo\/image\/"},"sameAs":["https:\/\/www.facebook.com\/Baya-Shop-103955257949742","https:\/\/www.instagram.com\/baya_shop_dz\/"]}]}},"jetpack_publicize_connections":[],"jetpack_sharing_enabled":true,"jetpack_likes_enabled":true,"jetpack-related-posts":[],"_links":{"self":[{"href":"https:\/\/baya-shop.com\/home\/wp-json\/wp\/v2\/product\/3013","targetHints":{"allow":["GET"]}}],"collection":[{"href":"https:\/\/baya-shop.com\/home\/wp-json\/wp\/v2\/product"}],"about":[{"href":"https:\/\/baya-shop.com\/home\/wp-json\/wp\/v2\/types\/product"}],"replies":[{"embeddable":true,"href":"https:\/\/baya-shop.com\/home\/wp-json\/wp\/v2\/comments?post=3013"}],"wp:featuredmedia":[{"embeddable":true,"href":"https:\/\/baya-shop.com\/home\/wp-json\/wp\/v2\/media\/3583"}],"wp:attachment":[{"href":"https:\/\/baya-shop.com\/home\/wp-json\/wp\/v2\/media?parent=3013"}],"wp:term":[{"taxonomy":"product_brand","embeddable":true,"href":"https:\/\/baya-shop.com\/home\/wp-json\/wp\/v2\/product_brand?post=3013"},{"taxonomy":"product_cat","embeddable":true,"href":"https:\/\/baya-shop.com\/home\/wp-json\/wp\/v2\/product_cat?post=3013"},{"taxonomy":"product_tag","embeddable":true,"href":"https:\/\/baya-shop.com\/home\/wp-json\/wp\/v2\/product_tag?post=3013"}],"curies":[{"name":"wp","href":"https:\/\/api.w.org\/{rel}","templated":true}]}}