{"id":3000,"date":"2023-09-28T13:48:06","date_gmt":"2023-09-28T12:48:06","guid":{"rendered":"https:\/\/baya-shop.com\/home\/?post_type=product&#038;p=3000"},"modified":"2025-07-16T16:34:46","modified_gmt":"2025-07-16T15:34:46","slug":"tefal-defroisseur-vapeur-access-steamdt6130e0","status":"publish","type":"product","link":"https:\/\/baya-shop.com\/home\/product\/tefal-defroisseur-vapeur-access-steamdt6130e0\/","title":{"rendered":"TEFAL D\u00e9froisseur vapeur Access Steam DT6130E0"},"content":{"rendered":"","protected":false},"excerpt":{"rendered":"<p>Puissant mais l\u00e9ger, ce d\u00e9froisseur prend soin du linge au quotidien, \u00e0 la maison comme en voyage. L&rsquo;\u00e9l\u00e9gance de son design n&rsquo;en offre pas moins un grand confort d&rsquo;utilisation. Gr\u00e2ce \u00e0 un temps de chauffe de seulement 15 s et \u00e0 un d\u00e9bit de vapeur constant de 20\u00a0g\/min., il garantit un d\u00e9froissage rapide et efficace pour des v\u00eatements impeccables en un clin d&rsquo;\u0153il.<\/p>\n<p>Caract\u00e9ristiques:<\/p>\n<ul>\n<li>Ultra-l\u00e9ger.<\/li>\n<li>Rafra\u00eechit les v\u00eatements tout en d\u00e9truisant les germes.<\/li>\n<li>Vapeur \u00e0 la demande.<\/li>\n<li>R\u00e9servoir d&rsquo;eau amovible.<\/li>\n<li>Prend soin du linge au quotidien, \u00e0 la maison comme \u00e0 l&rsquo;ext\u00e9rieur.<\/li>\n<li>Pour tous types de textiles.<\/li>\n<li>D\u00e9bit de vapeur: 20 g\/min.<\/li>\n<li>Accessoire(s): brosse textile.<\/li>\n<li>Puissance: 1300 W.<\/li>\n<li>Contenance du r\u00e9servoir d&rsquo;eau: 70 ml.<\/li>\n<li>Coloris: bleu\/blanc.<\/li>\n<\/ul>\n","protected":false},"featured_media":3576,"comment_status":"open","ping_status":"closed","template":"","meta":{"jetpack_post_was_ever_published":false,"jetpack_publicize_message":"","jetpack_publicize_feature_enabled":true,"jetpack_social_post_already_shared":false,"jetpack_social_options":{"image_generator_settings":{"template":"highway","default_image_id":0,"font":"","enabled":false},"version":2}},"product_brand":[],"product_cat":[59,46,68],"product_tag":[],"class_list":{"0":"post-3000","1":"product","2":"type-product","3":"status-publish","4":"has-post-thumbnail","6":"product_cat-defroisseur","7":"product_cat-promotion","8":"product_cat-tefal","10":"first","11":"instock","12":"shipping-taxable","13":"purchasable","14":"product-type-simple"},"yoast_head":"<!-- This site is optimized with the Yoast SEO plugin v27.4 - https:\/\/yoast.com\/product\/yoast-seo-wordpress\/ -->\n<title>TEFAL D\u00e9froisseur vapeur Access Steam DT6130E0 - Baya Shop<\/title>\n<meta name=\"description\" content=\"Puissant mais l\u00e9ger, ce d\u00e9froisseur prend soin du linge au quotidien, \u00e0 la maison comme en voyage. L&#039;\u00e9l\u00e9gance de son design n&#039;en offre pas moins un grand confort d&#039;utilisation. Gr\u00e2ce \u00e0 un temps de chauffe de seulement 15 s et \u00e0 un d\u00e9bit de vapeur constant de 20\u00a0g\/min., il garantit un d\u00e9froissage rapide et efficace pour des v\u00eatements impeccables en un clin d&#039;\u0153il.  Caract\u00e9ristiques:   Ultra-l\u00e9ger.  Rafra\u00eechit les v\u00eatements tout en d\u00e9truisant les germes.  Vapeur \u00e0 la demande.  R\u00e9servoir d&#039;eau amovible.  Prend soin du linge au quotidien, \u00e0 la maison comme \u00e0 l&#039;ext\u00e9rieur.  Pour tous types de textiles.  D\u00e9bit de vapeur: 20 g\/min.  Accessoire(s): brosse textile.  Puissance: 1300 W.  Contenance du r\u00e9servoir d&#039;eau: 70 ml.  Coloris: bleu\/blanc.\" \/>\n<meta name=\"robots\" content=\"index, follow, max-snippet:-1, max-image-preview:large, max-video-preview:-1\" \/>\n<link rel=\"canonical\" href=\"https:\/\/baya-shop.com\/home\/product\/tefal-defroisseur-vapeur-access-steamdt6130e0\/\" \/>\n<meta property=\"og:locale\" content=\"fr_FR\" \/>\n<meta property=\"og:type\" content=\"article\" \/>\n<meta property=\"og:title\" content=\"TEFAL D\u00e9froisseur vapeur Access Steam DT6130E0 - Baya Shop\" \/>\n<meta property=\"og:description\" content=\"Puissant mais l\u00e9ger, ce d\u00e9froisseur prend soin du linge au quotidien, \u00e0 la maison comme en voyage. L&#039;\u00e9l\u00e9gance de son design n&#039;en offre pas moins un grand confort d&#039;utilisation. Gr\u00e2ce \u00e0 un temps de chauffe de seulement 15 s et \u00e0 un d\u00e9bit de vapeur constant de 20\u00a0g\/min., il garantit un d\u00e9froissage rapide et efficace pour des v\u00eatements impeccables en un clin d&#039;\u0153il.  Caract\u00e9ristiques:   Ultra-l\u00e9ger.  Rafra\u00eechit les v\u00eatements tout en d\u00e9truisant les germes.  Vapeur \u00e0 la demande.  R\u00e9servoir d&#039;eau amovible.  Prend soin du linge au quotidien, \u00e0 la maison comme \u00e0 l&#039;ext\u00e9rieur.  Pour tous types de textiles.  D\u00e9bit de vapeur: 20 g\/min.  Accessoire(s): brosse textile.  Puissance: 1300 W.  Contenance du r\u00e9servoir d&#039;eau: 70 ml.  Coloris: bleu\/blanc.\" \/>\n<meta property=\"og:url\" content=\"https:\/\/baya-shop.com\/home\/product\/tefal-defroisseur-vapeur-access-steamdt6130e0\/\" \/>\n<meta property=\"og:site_name\" content=\"Baya Shop\" \/>\n<meta property=\"article:publisher\" content=\"https:\/\/www.facebook.com\/Baya-Shop-103955257949742\" \/>\n<meta property=\"article:modified_time\" content=\"2025-07-16T15:34:46+00:00\" \/>\n<meta property=\"og:image\" content=\"https:\/\/baya-shop.com\/wp-content\/uploads\/2023\/09\/665237671-otparivatel-tefal-dt6130-700x700-1.jpg\" \/>\n\t<meta property=\"og:image:width\" content=\"700\" \/>\n\t<meta property=\"og:image:height\" content=\"700\" \/>\n\t<meta property=\"og:image:type\" content=\"image\/jpeg\" \/>\n<meta name=\"twitter:card\" content=\"summary_large_image\" \/>\n<meta name=\"twitter:label1\" content=\"Dur\u00e9e de lecture estim\u00e9e\" \/>\n\t<meta name=\"twitter:data1\" content=\"1 minute\" \/>\n<script type=\"application\/ld+json\" class=\"yoast-schema-graph\">{\"@context\":\"https:\\\/\\\/schema.org\",\"@graph\":[{\"@type\":\"WebPage\",\"@id\":\"https:\\\/\\\/baya-shop.com\\\/home\\\/product\\\/tefal-defroisseur-vapeur-access-steamdt6130e0\\\/\",\"url\":\"https:\\\/\\\/baya-shop.com\\\/home\\\/product\\\/tefal-defroisseur-vapeur-access-steamdt6130e0\\\/\",\"name\":\"TEFAL D\u00e9froisseur vapeur Access Steam DT6130E0 - Baya Shop\",\"isPartOf\":{\"@id\":\"https:\\\/\\\/baya-shop.com\\\/home\\\/#website\"},\"primaryImageOfPage\":{\"@id\":\"https:\\\/\\\/baya-shop.com\\\/home\\\/product\\\/tefal-defroisseur-vapeur-access-steamdt6130e0\\\/#primaryimage\"},\"image\":{\"@id\":\"https:\\\/\\\/baya-shop.com\\\/home\\\/product\\\/tefal-defroisseur-vapeur-access-steamdt6130e0\\\/#primaryimage\"},\"thumbnailUrl\":\"https:\\\/\\\/i0.wp.com\\\/baya-shop.com\\\/wp-content\\\/uploads\\\/2023\\\/09\\\/665237671-otparivatel-tefal-dt6130-700x700-1.jpg?fit=700%2C700&ssl=1\",\"datePublished\":\"2023-09-28T12:48:06+00:00\",\"dateModified\":\"2025-07-16T15:34:46+00:00\",\"description\":\"Puissant mais l\u00e9ger, ce d\u00e9froisseur prend soin du linge au quotidien, \u00e0 la maison comme en voyage. L'\u00e9l\u00e9gance de son design n'en offre pas moins un grand confort d'utilisation. Gr\u00e2ce \u00e0 un temps de chauffe de seulement 15 s et \u00e0 un d\u00e9bit de vapeur constant de 20\u00a0g\\\/min., il garantit un d\u00e9froissage rapide et efficace pour des v\u00eatements impeccables en un clin d'\u0153il. Caract\u00e9ristiques: Ultra-l\u00e9ger. Rafra\u00eechit les v\u00eatements tout en d\u00e9truisant les germes. Vapeur \u00e0 la demande. R\u00e9servoir d'eau amovible. Prend soin du linge au quotidien, \u00e0 la maison comme \u00e0 l'ext\u00e9rieur. Pour tous types de textiles. D\u00e9bit de vapeur: 20 g\\\/min. Accessoire(s): brosse textile. Puissance: 1300 W. Contenance du r\u00e9servoir d'eau: 70 ml. Coloris: bleu\\\/blanc.\",\"breadcrumb\":{\"@id\":\"https:\\\/\\\/baya-shop.com\\\/home\\\/product\\\/tefal-defroisseur-vapeur-access-steamdt6130e0\\\/#breadcrumb\"},\"inLanguage\":\"fr-FR\",\"potentialAction\":[{\"@type\":\"ReadAction\",\"target\":[\"https:\\\/\\\/baya-shop.com\\\/home\\\/product\\\/tefal-defroisseur-vapeur-access-steamdt6130e0\\\/\"]}]},{\"@type\":\"ImageObject\",\"inLanguage\":\"fr-FR\",\"@id\":\"https:\\\/\\\/baya-shop.com\\\/home\\\/product\\\/tefal-defroisseur-vapeur-access-steamdt6130e0\\\/#primaryimage\",\"url\":\"https:\\\/\\\/i0.wp.com\\\/baya-shop.com\\\/wp-content\\\/uploads\\\/2023\\\/09\\\/665237671-otparivatel-tefal-dt6130-700x700-1.jpg?fit=700%2C700&ssl=1\",\"contentUrl\":\"https:\\\/\\\/i0.wp.com\\\/baya-shop.com\\\/wp-content\\\/uploads\\\/2023\\\/09\\\/665237671-otparivatel-tefal-dt6130-700x700-1.jpg?fit=700%2C700&ssl=1\",\"width\":700,\"height\":700},{\"@type\":\"BreadcrumbList\",\"@id\":\"https:\\\/\\\/baya-shop.com\\\/home\\\/product\\\/tefal-defroisseur-vapeur-access-steamdt6130e0\\\/#breadcrumb\",\"itemListElement\":[{\"@type\":\"ListItem\",\"position\":1,\"name\":\"Accueil\",\"item\":\"https:\\\/\\\/baya-shop.com\\\/home\\\/\"},{\"@type\":\"ListItem\",\"position\":2,\"name\":\"Shop\",\"item\":\"https:\\\/\\\/baya-shop.com\\\/home\\\/shop\\\/\"},{\"@type\":\"ListItem\",\"position\":3,\"name\":\"TEFAL D\u00e9froisseur vapeur Access Steam DT6130E0\"}]},{\"@type\":\"WebSite\",\"@id\":\"https:\\\/\\\/baya-shop.com\\\/home\\\/#website\",\"url\":\"https:\\\/\\\/baya-shop.com\\\/home\\\/\",\"name\":\"Baya Shop\",\"description\":\"\",\"publisher\":{\"@id\":\"https:\\\/\\\/baya-shop.com\\\/home\\\/#organization\"},\"potentialAction\":[{\"@type\":\"SearchAction\",\"target\":{\"@type\":\"EntryPoint\",\"urlTemplate\":\"https:\\\/\\\/baya-shop.com\\\/home\\\/?s={search_term_string}\"},\"query-input\":{\"@type\":\"PropertyValueSpecification\",\"valueRequired\":true,\"valueName\":\"search_term_string\"}}],\"inLanguage\":\"fr-FR\"},{\"@type\":\"Organization\",\"@id\":\"https:\\\/\\\/baya-shop.com\\\/home\\\/#organization\",\"name\":\"Baya Shop\",\"url\":\"https:\\\/\\\/baya-shop.com\\\/home\\\/\",\"logo\":{\"@type\":\"ImageObject\",\"inLanguage\":\"fr-FR\",\"@id\":\"https:\\\/\\\/baya-shop.com\\\/home\\\/#\\\/schema\\\/logo\\\/image\\\/\",\"url\":\"https:\\\/\\\/baya-shop.com\\\/wp-content\\\/uploads\\\/2020\\\/11\\\/g.png\",\"contentUrl\":\"https:\\\/\\\/baya-shop.com\\\/wp-content\\\/uploads\\\/2020\\\/11\\\/g.png\",\"width\":64,\"height\":64,\"caption\":\"Baya Shop\"},\"image\":{\"@id\":\"https:\\\/\\\/baya-shop.com\\\/home\\\/#\\\/schema\\\/logo\\\/image\\\/\"},\"sameAs\":[\"https:\\\/\\\/www.facebook.com\\\/Baya-Shop-103955257949742\",\"https:\\\/\\\/www.instagram.com\\\/baya_shop_dz\\\/\"]}]}<\/script>\n<!-- \/ Yoast SEO plugin. -->","yoast_head_json":{"title":"TEFAL D\u00e9froisseur vapeur Access Steam DT6130E0 - Baya Shop","description":"Puissant mais l\u00e9ger, ce d\u00e9froisseur prend soin du linge au quotidien, \u00e0 la maison comme en voyage. L'\u00e9l\u00e9gance de son design n'en offre pas moins un grand confort d'utilisation. Gr\u00e2ce \u00e0 un temps de chauffe de seulement 15 s et \u00e0 un d\u00e9bit de vapeur constant de 20\u00a0g\/min., il garantit un d\u00e9froissage rapide et efficace pour des v\u00eatements impeccables en un clin d'\u0153il.  Caract\u00e9ristiques:   Ultra-l\u00e9ger.  Rafra\u00eechit les v\u00eatements tout en d\u00e9truisant les germes.  Vapeur \u00e0 la demande.  R\u00e9servoir d'eau amovible.  Prend soin du linge au quotidien, \u00e0 la maison comme \u00e0 l'ext\u00e9rieur.  Pour tous types de textiles.  D\u00e9bit de vapeur: 20 g\/min.  Accessoire(s): brosse textile.  Puissance: 1300 W.  Contenance du r\u00e9servoir d'eau: 70 ml.  Coloris: bleu\/blanc.","robots":{"index":"index","follow":"follow","max-snippet":"max-snippet:-1","max-image-preview":"max-image-preview:large","max-video-preview":"max-video-preview:-1"},"canonical":"https:\/\/baya-shop.com\/home\/product\/tefal-defroisseur-vapeur-access-steamdt6130e0\/","og_locale":"fr_FR","og_type":"article","og_title":"TEFAL D\u00e9froisseur vapeur Access Steam DT6130E0 - Baya Shop","og_description":"Puissant mais l\u00e9ger, ce d\u00e9froisseur prend soin du linge au quotidien, \u00e0 la maison comme en voyage. L'\u00e9l\u00e9gance de son design n'en offre pas moins un grand confort d'utilisation. Gr\u00e2ce \u00e0 un temps de chauffe de seulement 15 s et \u00e0 un d\u00e9bit de vapeur constant de 20\u00a0g\/min., il garantit un d\u00e9froissage rapide et efficace pour des v\u00eatements impeccables en un clin d'\u0153il.  Caract\u00e9ristiques:   Ultra-l\u00e9ger.  Rafra\u00eechit les v\u00eatements tout en d\u00e9truisant les germes.  Vapeur \u00e0 la demande.  R\u00e9servoir d'eau amovible.  Prend soin du linge au quotidien, \u00e0 la maison comme \u00e0 l'ext\u00e9rieur.  Pour tous types de textiles.  D\u00e9bit de vapeur: 20 g\/min.  Accessoire(s): brosse textile.  Puissance: 1300 W.  Contenance du r\u00e9servoir d'eau: 70 ml.  Coloris: bleu\/blanc.","og_url":"https:\/\/baya-shop.com\/home\/product\/tefal-defroisseur-vapeur-access-steamdt6130e0\/","og_site_name":"Baya Shop","article_publisher":"https:\/\/www.facebook.com\/Baya-Shop-103955257949742","article_modified_time":"2025-07-16T15:34:46+00:00","og_image":[{"width":700,"height":700,"url":"https:\/\/baya-shop.com\/wp-content\/uploads\/2023\/09\/665237671-otparivatel-tefal-dt6130-700x700-1.jpg","type":"image\/jpeg"}],"twitter_card":"summary_large_image","twitter_misc":{"Dur\u00e9e de lecture estim\u00e9e":"1 minute"},"schema":{"@context":"https:\/\/schema.org","@graph":[{"@type":"WebPage","@id":"https:\/\/baya-shop.com\/home\/product\/tefal-defroisseur-vapeur-access-steamdt6130e0\/","url":"https:\/\/baya-shop.com\/home\/product\/tefal-defroisseur-vapeur-access-steamdt6130e0\/","name":"TEFAL D\u00e9froisseur vapeur Access Steam DT6130E0 - Baya Shop","isPartOf":{"@id":"https:\/\/baya-shop.com\/home\/#website"},"primaryImageOfPage":{"@id":"https:\/\/baya-shop.com\/home\/product\/tefal-defroisseur-vapeur-access-steamdt6130e0\/#primaryimage"},"image":{"@id":"https:\/\/baya-shop.com\/home\/product\/tefal-defroisseur-vapeur-access-steamdt6130e0\/#primaryimage"},"thumbnailUrl":"https:\/\/i0.wp.com\/baya-shop.com\/wp-content\/uploads\/2023\/09\/665237671-otparivatel-tefal-dt6130-700x700-1.jpg?fit=700%2C700&ssl=1","datePublished":"2023-09-28T12:48:06+00:00","dateModified":"2025-07-16T15:34:46+00:00","description":"Puissant mais l\u00e9ger, ce d\u00e9froisseur prend soin du linge au quotidien, \u00e0 la maison comme en voyage. L'\u00e9l\u00e9gance de son design n'en offre pas moins un grand confort d'utilisation. Gr\u00e2ce \u00e0 un temps de chauffe de seulement 15 s et \u00e0 un d\u00e9bit de vapeur constant de 20\u00a0g\/min., il garantit un d\u00e9froissage rapide et efficace pour des v\u00eatements impeccables en un clin d'\u0153il. Caract\u00e9ristiques: Ultra-l\u00e9ger. Rafra\u00eechit les v\u00eatements tout en d\u00e9truisant les germes. Vapeur \u00e0 la demande. R\u00e9servoir d'eau amovible. Prend soin du linge au quotidien, \u00e0 la maison comme \u00e0 l'ext\u00e9rieur. Pour tous types de textiles. D\u00e9bit de vapeur: 20 g\/min. Accessoire(s): brosse textile. Puissance: 1300 W. Contenance du r\u00e9servoir d'eau: 70 ml. Coloris: bleu\/blanc.","breadcrumb":{"@id":"https:\/\/baya-shop.com\/home\/product\/tefal-defroisseur-vapeur-access-steamdt6130e0\/#breadcrumb"},"inLanguage":"fr-FR","potentialAction":[{"@type":"ReadAction","target":["https:\/\/baya-shop.com\/home\/product\/tefal-defroisseur-vapeur-access-steamdt6130e0\/"]}]},{"@type":"ImageObject","inLanguage":"fr-FR","@id":"https:\/\/baya-shop.com\/home\/product\/tefal-defroisseur-vapeur-access-steamdt6130e0\/#primaryimage","url":"https:\/\/i0.wp.com\/baya-shop.com\/wp-content\/uploads\/2023\/09\/665237671-otparivatel-tefal-dt6130-700x700-1.jpg?fit=700%2C700&ssl=1","contentUrl":"https:\/\/i0.wp.com\/baya-shop.com\/wp-content\/uploads\/2023\/09\/665237671-otparivatel-tefal-dt6130-700x700-1.jpg?fit=700%2C700&ssl=1","width":700,"height":700},{"@type":"BreadcrumbList","@id":"https:\/\/baya-shop.com\/home\/product\/tefal-defroisseur-vapeur-access-steamdt6130e0\/#breadcrumb","itemListElement":[{"@type":"ListItem","position":1,"name":"Accueil","item":"https:\/\/baya-shop.com\/home\/"},{"@type":"ListItem","position":2,"name":"Shop","item":"https:\/\/baya-shop.com\/home\/shop\/"},{"@type":"ListItem","position":3,"name":"TEFAL D\u00e9froisseur vapeur Access Steam DT6130E0"}]},{"@type":"WebSite","@id":"https:\/\/baya-shop.com\/home\/#website","url":"https:\/\/baya-shop.com\/home\/","name":"Baya Shop","description":"","publisher":{"@id":"https:\/\/baya-shop.com\/home\/#organization"},"potentialAction":[{"@type":"SearchAction","target":{"@type":"EntryPoint","urlTemplate":"https:\/\/baya-shop.com\/home\/?s={search_term_string}"},"query-input":{"@type":"PropertyValueSpecification","valueRequired":true,"valueName":"search_term_string"}}],"inLanguage":"fr-FR"},{"@type":"Organization","@id":"https:\/\/baya-shop.com\/home\/#organization","name":"Baya Shop","url":"https:\/\/baya-shop.com\/home\/","logo":{"@type":"ImageObject","inLanguage":"fr-FR","@id":"https:\/\/baya-shop.com\/home\/#\/schema\/logo\/image\/","url":"https:\/\/baya-shop.com\/wp-content\/uploads\/2020\/11\/g.png","contentUrl":"https:\/\/baya-shop.com\/wp-content\/uploads\/2020\/11\/g.png","width":64,"height":64,"caption":"Baya Shop"},"image":{"@id":"https:\/\/baya-shop.com\/home\/#\/schema\/logo\/image\/"},"sameAs":["https:\/\/www.facebook.com\/Baya-Shop-103955257949742","https:\/\/www.instagram.com\/baya_shop_dz\/"]}]}},"jetpack_publicize_connections":[],"jetpack_sharing_enabled":true,"jetpack_likes_enabled":true,"jetpack-related-posts":[],"_links":{"self":[{"href":"https:\/\/baya-shop.com\/home\/wp-json\/wp\/v2\/product\/3000","targetHints":{"allow":["GET"]}}],"collection":[{"href":"https:\/\/baya-shop.com\/home\/wp-json\/wp\/v2\/product"}],"about":[{"href":"https:\/\/baya-shop.com\/home\/wp-json\/wp\/v2\/types\/product"}],"replies":[{"embeddable":true,"href":"https:\/\/baya-shop.com\/home\/wp-json\/wp\/v2\/comments?post=3000"}],"wp:featuredmedia":[{"embeddable":true,"href":"https:\/\/baya-shop.com\/home\/wp-json\/wp\/v2\/media\/3576"}],"wp:attachment":[{"href":"https:\/\/baya-shop.com\/home\/wp-json\/wp\/v2\/media?parent=3000"}],"wp:term":[{"taxonomy":"product_brand","embeddable":true,"href":"https:\/\/baya-shop.com\/home\/wp-json\/wp\/v2\/product_brand?post=3000"},{"taxonomy":"product_cat","embeddable":true,"href":"https:\/\/baya-shop.com\/home\/wp-json\/wp\/v2\/product_cat?post=3000"},{"taxonomy":"product_tag","embeddable":true,"href":"https:\/\/baya-shop.com\/home\/wp-json\/wp\/v2\/product_tag?post=3000"}],"curies":[{"name":"wp","href":"https:\/\/api.w.org\/{rel}","templated":true}]}}