{"id":2980,"date":"2023-09-28T12:44:36","date_gmt":"2023-09-28T11:44:36","guid":{"rendered":"https:\/\/baya-shop.com\/home\/?post_type=product&#038;p=2980"},"modified":"2026-04-22T09:44:16","modified_gmt":"2026-04-22T08:44:16","slug":"remington-lisseur-copper-radiance-s5700","status":"publish","type":"product","link":"https:\/\/baya-shop.com\/home\/product\/remington-lisseur-copper-radiance-s5700\/","title":{"rendered":"Remington Lisseur Copper Radiance S5700"},"content":{"rendered":"","protected":false},"excerpt":{"rendered":"<ul>\n<li>Rev\u00eatement Advanced Ceramic infus\u00e9 au cuivre : diffuse une chaleur homog\u00e8ne pour des r\u00e9sultats magnifiques et \u00e9l\u00e9gants<\/li>\n<li>Mise \u00e0 temp\u00e9rature ultra-rapide en 15 secondes<\/li>\n<li>Ecran digital : 9 temp\u00e9ratures de 150 \u00e0 230\u00b0C<\/li>\n<li>Plaques flottantes 110 mm : assure une pression constante lors du coiffage<\/li>\n<li>V\u00e9rouillage de la temp\u00e9rature<\/li>\n<li>Fonction turbo<\/li>\n<li>V\u00e9rouillage des plaques pour le rangement<\/li>\n<li>Arr\u00eat automatique de s\u00e9curit\u00e9 apr\u00e8s 60 minutes<\/li>\n<li>Voltage universel<\/li>\n<li>Cordon rotatif de 3 m<\/li>\n<li>Pochette thermor\u00e9sistante<\/li>\n<\/ul>\n","protected":false},"featured_media":3405,"comment_status":"open","ping_status":"closed","template":"","meta":{"jetpack_post_was_ever_published":false,"jetpack_publicize_message":"","jetpack_publicize_feature_enabled":true,"jetpack_social_post_already_shared":false,"jetpack_social_options":{"image_generator_settings":{"template":"highway","default_image_id":0,"font":"","enabled":false},"version":2}},"product_brand":[],"product_cat":[18,46,47],"product_tag":[],"class_list":{"0":"post-2980","1":"product","2":"type-product","3":"status-publish","4":"has-post-thumbnail","6":"product_cat-lisseur","7":"product_cat-promotion","8":"product_cat-remington","10":"first","11":"instock","12":"sale","13":"shipping-taxable","14":"purchasable","15":"product-type-simple"},"yoast_head":"<!-- This site is optimized with the Yoast SEO plugin v27.4 - https:\/\/yoast.com\/product\/yoast-seo-wordpress\/ -->\n<title>Remington Lisseur Copper Radiance S5700 - Baya Shop<\/title>\n<meta name=\"description\" content=\"Rev\u00eatement Advanced Ceramic infus\u00e9 au cuivre : diffuse une chaleur homog\u00e8ne pour des r\u00e9sultats magnifiques et \u00e9l\u00e9gants  Mise \u00e0 temp\u00e9rature ultra-rapide en 15 secondes  Ecran digital : 9 temp\u00e9ratures de 150 \u00e0 230\u00b0C  Plaques flottantes 110 mm : assure une pression constante lors du coiffage  V\u00e9rouillage de la temp\u00e9rature  Fonction turbo  V\u00e9rouillage des plaques pour le rangement  Arr\u00eat automatique de s\u00e9curit\u00e9 apr\u00e8s 60 minutes  Voltage universel  Cordon rotatif de 3 m  Pochette thermor\u00e9sistante\" \/>\n<meta name=\"robots\" content=\"index, follow, max-snippet:-1, max-image-preview:large, max-video-preview:-1\" \/>\n<link rel=\"canonical\" href=\"https:\/\/baya-shop.com\/home\/product\/remington-lisseur-copper-radiance-s5700\/\" \/>\n<meta property=\"og:locale\" content=\"fr_FR\" \/>\n<meta property=\"og:type\" content=\"article\" \/>\n<meta property=\"og:title\" content=\"Remington Lisseur Copper Radiance S5700 - Baya Shop\" \/>\n<meta property=\"og:description\" content=\"Rev\u00eatement Advanced Ceramic infus\u00e9 au cuivre : diffuse une chaleur homog\u00e8ne pour des r\u00e9sultats magnifiques et \u00e9l\u00e9gants  Mise \u00e0 temp\u00e9rature ultra-rapide en 15 secondes  Ecran digital : 9 temp\u00e9ratures de 150 \u00e0 230\u00b0C  Plaques flottantes 110 mm : assure une pression constante lors du coiffage  V\u00e9rouillage de la temp\u00e9rature  Fonction turbo  V\u00e9rouillage des plaques pour le rangement  Arr\u00eat automatique de s\u00e9curit\u00e9 apr\u00e8s 60 minutes  Voltage universel  Cordon rotatif de 3 m  Pochette thermor\u00e9sistante\" \/>\n<meta property=\"og:url\" content=\"https:\/\/baya-shop.com\/home\/product\/remington-lisseur-copper-radiance-s5700\/\" \/>\n<meta property=\"og:site_name\" content=\"Baya Shop\" \/>\n<meta property=\"article:publisher\" content=\"https:\/\/www.facebook.com\/Baya-Shop-103955257949742\" \/>\n<meta property=\"article:modified_time\" content=\"2026-04-22T08:44:16+00:00\" \/>\n<meta property=\"og:image\" content=\"https:\/\/baya-shop.com\/wp-content\/uploads\/2023\/09\/1-4.jpg\" \/>\n\t<meta property=\"og:image:width\" content=\"680\" \/>\n\t<meta property=\"og:image:height\" content=\"680\" \/>\n\t<meta property=\"og:image:type\" content=\"image\/jpeg\" \/>\n<meta name=\"twitter:card\" content=\"summary_large_image\" \/>\n<meta name=\"twitter:label1\" content=\"Dur\u00e9e de lecture estim\u00e9e\" \/>\n\t<meta name=\"twitter:data1\" content=\"1 minute\" \/>\n<script type=\"application\/ld+json\" class=\"yoast-schema-graph\">{\"@context\":\"https:\\\/\\\/schema.org\",\"@graph\":[{\"@type\":\"WebPage\",\"@id\":\"https:\\\/\\\/baya-shop.com\\\/home\\\/product\\\/remington-lisseur-copper-radiance-s5700\\\/\",\"url\":\"https:\\\/\\\/baya-shop.com\\\/home\\\/product\\\/remington-lisseur-copper-radiance-s5700\\\/\",\"name\":\"Remington Lisseur Copper Radiance S5700 - Baya Shop\",\"isPartOf\":{\"@id\":\"https:\\\/\\\/baya-shop.com\\\/home\\\/#website\"},\"primaryImageOfPage\":{\"@id\":\"https:\\\/\\\/baya-shop.com\\\/home\\\/product\\\/remington-lisseur-copper-radiance-s5700\\\/#primaryimage\"},\"image\":{\"@id\":\"https:\\\/\\\/baya-shop.com\\\/home\\\/product\\\/remington-lisseur-copper-radiance-s5700\\\/#primaryimage\"},\"thumbnailUrl\":\"https:\\\/\\\/i0.wp.com\\\/baya-shop.com\\\/wp-content\\\/uploads\\\/2023\\\/09\\\/1-4.jpg?fit=680%2C680&ssl=1\",\"datePublished\":\"2023-09-28T11:44:36+00:00\",\"dateModified\":\"2026-04-22T08:44:16+00:00\",\"description\":\"Rev\u00eatement Advanced Ceramic infus\u00e9 au cuivre : diffuse une chaleur homog\u00e8ne pour des r\u00e9sultats magnifiques et \u00e9l\u00e9gants Mise \u00e0 temp\u00e9rature ultra-rapide en 15 secondes Ecran digital : 9 temp\u00e9ratures de 150 \u00e0 230\u00b0C Plaques flottantes 110 mm : assure une pression constante lors du coiffage V\u00e9rouillage de la temp\u00e9rature Fonction turbo V\u00e9rouillage des plaques pour le rangement Arr\u00eat automatique de s\u00e9curit\u00e9 apr\u00e8s 60 minutes Voltage universel Cordon rotatif de 3 m Pochette thermor\u00e9sistante\",\"breadcrumb\":{\"@id\":\"https:\\\/\\\/baya-shop.com\\\/home\\\/product\\\/remington-lisseur-copper-radiance-s5700\\\/#breadcrumb\"},\"inLanguage\":\"fr-FR\",\"potentialAction\":[{\"@type\":\"ReadAction\",\"target\":[\"https:\\\/\\\/baya-shop.com\\\/home\\\/product\\\/remington-lisseur-copper-radiance-s5700\\\/\"]}]},{\"@type\":\"ImageObject\",\"inLanguage\":\"fr-FR\",\"@id\":\"https:\\\/\\\/baya-shop.com\\\/home\\\/product\\\/remington-lisseur-copper-radiance-s5700\\\/#primaryimage\",\"url\":\"https:\\\/\\\/i0.wp.com\\\/baya-shop.com\\\/wp-content\\\/uploads\\\/2023\\\/09\\\/1-4.jpg?fit=680%2C680&ssl=1\",\"contentUrl\":\"https:\\\/\\\/i0.wp.com\\\/baya-shop.com\\\/wp-content\\\/uploads\\\/2023\\\/09\\\/1-4.jpg?fit=680%2C680&ssl=1\",\"width\":680,\"height\":680},{\"@type\":\"BreadcrumbList\",\"@id\":\"https:\\\/\\\/baya-shop.com\\\/home\\\/product\\\/remington-lisseur-copper-radiance-s5700\\\/#breadcrumb\",\"itemListElement\":[{\"@type\":\"ListItem\",\"position\":1,\"name\":\"Accueil\",\"item\":\"https:\\\/\\\/baya-shop.com\\\/home\\\/\"},{\"@type\":\"ListItem\",\"position\":2,\"name\":\"Shop\",\"item\":\"https:\\\/\\\/baya-shop.com\\\/home\\\/shop\\\/\"},{\"@type\":\"ListItem\",\"position\":3,\"name\":\"Remington Lisseur Copper Radiance S5700\"}]},{\"@type\":\"WebSite\",\"@id\":\"https:\\\/\\\/baya-shop.com\\\/home\\\/#website\",\"url\":\"https:\\\/\\\/baya-shop.com\\\/home\\\/\",\"name\":\"Baya Shop\",\"description\":\"\",\"publisher\":{\"@id\":\"https:\\\/\\\/baya-shop.com\\\/home\\\/#organization\"},\"potentialAction\":[{\"@type\":\"SearchAction\",\"target\":{\"@type\":\"EntryPoint\",\"urlTemplate\":\"https:\\\/\\\/baya-shop.com\\\/home\\\/?s={search_term_string}\"},\"query-input\":{\"@type\":\"PropertyValueSpecification\",\"valueRequired\":true,\"valueName\":\"search_term_string\"}}],\"inLanguage\":\"fr-FR\"},{\"@type\":\"Organization\",\"@id\":\"https:\\\/\\\/baya-shop.com\\\/home\\\/#organization\",\"name\":\"Baya Shop\",\"url\":\"https:\\\/\\\/baya-shop.com\\\/home\\\/\",\"logo\":{\"@type\":\"ImageObject\",\"inLanguage\":\"fr-FR\",\"@id\":\"https:\\\/\\\/baya-shop.com\\\/home\\\/#\\\/schema\\\/logo\\\/image\\\/\",\"url\":\"https:\\\/\\\/baya-shop.com\\\/wp-content\\\/uploads\\\/2020\\\/11\\\/g.png\",\"contentUrl\":\"https:\\\/\\\/baya-shop.com\\\/wp-content\\\/uploads\\\/2020\\\/11\\\/g.png\",\"width\":64,\"height\":64,\"caption\":\"Baya Shop\"},\"image\":{\"@id\":\"https:\\\/\\\/baya-shop.com\\\/home\\\/#\\\/schema\\\/logo\\\/image\\\/\"},\"sameAs\":[\"https:\\\/\\\/www.facebook.com\\\/Baya-Shop-103955257949742\",\"https:\\\/\\\/www.instagram.com\\\/baya_shop_dz\\\/\"]}]}<\/script>\n<!-- \/ Yoast SEO plugin. -->","yoast_head_json":{"title":"Remington Lisseur Copper Radiance S5700 - Baya Shop","description":"Rev\u00eatement Advanced Ceramic infus\u00e9 au cuivre : diffuse une chaleur homog\u00e8ne pour des r\u00e9sultats magnifiques et \u00e9l\u00e9gants  Mise \u00e0 temp\u00e9rature ultra-rapide en 15 secondes  Ecran digital : 9 temp\u00e9ratures de 150 \u00e0 230\u00b0C  Plaques flottantes 110 mm : assure une pression constante lors du coiffage  V\u00e9rouillage de la temp\u00e9rature  Fonction turbo  V\u00e9rouillage des plaques pour le rangement  Arr\u00eat automatique de s\u00e9curit\u00e9 apr\u00e8s 60 minutes  Voltage universel  Cordon rotatif de 3 m  Pochette thermor\u00e9sistante","robots":{"index":"index","follow":"follow","max-snippet":"max-snippet:-1","max-image-preview":"max-image-preview:large","max-video-preview":"max-video-preview:-1"},"canonical":"https:\/\/baya-shop.com\/home\/product\/remington-lisseur-copper-radiance-s5700\/","og_locale":"fr_FR","og_type":"article","og_title":"Remington Lisseur Copper Radiance S5700 - Baya Shop","og_description":"Rev\u00eatement Advanced Ceramic infus\u00e9 au cuivre : diffuse une chaleur homog\u00e8ne pour des r\u00e9sultats magnifiques et \u00e9l\u00e9gants  Mise \u00e0 temp\u00e9rature ultra-rapide en 15 secondes  Ecran digital : 9 temp\u00e9ratures de 150 \u00e0 230\u00b0C  Plaques flottantes 110 mm : assure une pression constante lors du coiffage  V\u00e9rouillage de la temp\u00e9rature  Fonction turbo  V\u00e9rouillage des plaques pour le rangement  Arr\u00eat automatique de s\u00e9curit\u00e9 apr\u00e8s 60 minutes  Voltage universel  Cordon rotatif de 3 m  Pochette thermor\u00e9sistante","og_url":"https:\/\/baya-shop.com\/home\/product\/remington-lisseur-copper-radiance-s5700\/","og_site_name":"Baya Shop","article_publisher":"https:\/\/www.facebook.com\/Baya-Shop-103955257949742","article_modified_time":"2026-04-22T08:44:16+00:00","og_image":[{"width":680,"height":680,"url":"https:\/\/baya-shop.com\/wp-content\/uploads\/2023\/09\/1-4.jpg","type":"image\/jpeg"}],"twitter_card":"summary_large_image","twitter_misc":{"Dur\u00e9e de lecture estim\u00e9e":"1 minute"},"schema":{"@context":"https:\/\/schema.org","@graph":[{"@type":"WebPage","@id":"https:\/\/baya-shop.com\/home\/product\/remington-lisseur-copper-radiance-s5700\/","url":"https:\/\/baya-shop.com\/home\/product\/remington-lisseur-copper-radiance-s5700\/","name":"Remington Lisseur Copper Radiance S5700 - Baya Shop","isPartOf":{"@id":"https:\/\/baya-shop.com\/home\/#website"},"primaryImageOfPage":{"@id":"https:\/\/baya-shop.com\/home\/product\/remington-lisseur-copper-radiance-s5700\/#primaryimage"},"image":{"@id":"https:\/\/baya-shop.com\/home\/product\/remington-lisseur-copper-radiance-s5700\/#primaryimage"},"thumbnailUrl":"https:\/\/i0.wp.com\/baya-shop.com\/wp-content\/uploads\/2023\/09\/1-4.jpg?fit=680%2C680&ssl=1","datePublished":"2023-09-28T11:44:36+00:00","dateModified":"2026-04-22T08:44:16+00:00","description":"Rev\u00eatement Advanced Ceramic infus\u00e9 au cuivre : diffuse une chaleur homog\u00e8ne pour des r\u00e9sultats magnifiques et \u00e9l\u00e9gants Mise \u00e0 temp\u00e9rature ultra-rapide en 15 secondes Ecran digital : 9 temp\u00e9ratures de 150 \u00e0 230\u00b0C Plaques flottantes 110 mm : assure une pression constante lors du coiffage V\u00e9rouillage de la temp\u00e9rature Fonction turbo V\u00e9rouillage des plaques pour le rangement Arr\u00eat automatique de s\u00e9curit\u00e9 apr\u00e8s 60 minutes Voltage universel Cordon rotatif de 3 m Pochette thermor\u00e9sistante","breadcrumb":{"@id":"https:\/\/baya-shop.com\/home\/product\/remington-lisseur-copper-radiance-s5700\/#breadcrumb"},"inLanguage":"fr-FR","potentialAction":[{"@type":"ReadAction","target":["https:\/\/baya-shop.com\/home\/product\/remington-lisseur-copper-radiance-s5700\/"]}]},{"@type":"ImageObject","inLanguage":"fr-FR","@id":"https:\/\/baya-shop.com\/home\/product\/remington-lisseur-copper-radiance-s5700\/#primaryimage","url":"https:\/\/i0.wp.com\/baya-shop.com\/wp-content\/uploads\/2023\/09\/1-4.jpg?fit=680%2C680&ssl=1","contentUrl":"https:\/\/i0.wp.com\/baya-shop.com\/wp-content\/uploads\/2023\/09\/1-4.jpg?fit=680%2C680&ssl=1","width":680,"height":680},{"@type":"BreadcrumbList","@id":"https:\/\/baya-shop.com\/home\/product\/remington-lisseur-copper-radiance-s5700\/#breadcrumb","itemListElement":[{"@type":"ListItem","position":1,"name":"Accueil","item":"https:\/\/baya-shop.com\/home\/"},{"@type":"ListItem","position":2,"name":"Shop","item":"https:\/\/baya-shop.com\/home\/shop\/"},{"@type":"ListItem","position":3,"name":"Remington Lisseur Copper Radiance S5700"}]},{"@type":"WebSite","@id":"https:\/\/baya-shop.com\/home\/#website","url":"https:\/\/baya-shop.com\/home\/","name":"Baya Shop","description":"","publisher":{"@id":"https:\/\/baya-shop.com\/home\/#organization"},"potentialAction":[{"@type":"SearchAction","target":{"@type":"EntryPoint","urlTemplate":"https:\/\/baya-shop.com\/home\/?s={search_term_string}"},"query-input":{"@type":"PropertyValueSpecification","valueRequired":true,"valueName":"search_term_string"}}],"inLanguage":"fr-FR"},{"@type":"Organization","@id":"https:\/\/baya-shop.com\/home\/#organization","name":"Baya Shop","url":"https:\/\/baya-shop.com\/home\/","logo":{"@type":"ImageObject","inLanguage":"fr-FR","@id":"https:\/\/baya-shop.com\/home\/#\/schema\/logo\/image\/","url":"https:\/\/baya-shop.com\/wp-content\/uploads\/2020\/11\/g.png","contentUrl":"https:\/\/baya-shop.com\/wp-content\/uploads\/2020\/11\/g.png","width":64,"height":64,"caption":"Baya Shop"},"image":{"@id":"https:\/\/baya-shop.com\/home\/#\/schema\/logo\/image\/"},"sameAs":["https:\/\/www.facebook.com\/Baya-Shop-103955257949742","https:\/\/www.instagram.com\/baya_shop_dz\/"]}]}},"jetpack_publicize_connections":[],"jetpack_sharing_enabled":true,"jetpack_likes_enabled":true,"jetpack-related-posts":[],"_links":{"self":[{"href":"https:\/\/baya-shop.com\/home\/wp-json\/wp\/v2\/product\/2980","targetHints":{"allow":["GET"]}}],"collection":[{"href":"https:\/\/baya-shop.com\/home\/wp-json\/wp\/v2\/product"}],"about":[{"href":"https:\/\/baya-shop.com\/home\/wp-json\/wp\/v2\/types\/product"}],"replies":[{"embeddable":true,"href":"https:\/\/baya-shop.com\/home\/wp-json\/wp\/v2\/comments?post=2980"}],"wp:featuredmedia":[{"embeddable":true,"href":"https:\/\/baya-shop.com\/home\/wp-json\/wp\/v2\/media\/3405"}],"wp:attachment":[{"href":"https:\/\/baya-shop.com\/home\/wp-json\/wp\/v2\/media?parent=2980"}],"wp:term":[{"taxonomy":"product_brand","embeddable":true,"href":"https:\/\/baya-shop.com\/home\/wp-json\/wp\/v2\/product_brand?post=2980"},{"taxonomy":"product_cat","embeddable":true,"href":"https:\/\/baya-shop.com\/home\/wp-json\/wp\/v2\/product_cat?post=2980"},{"taxonomy":"product_tag","embeddable":true,"href":"https:\/\/baya-shop.com\/home\/wp-json\/wp\/v2\/product_tag?post=2980"}],"curies":[{"name":"wp","href":"https:\/\/api.w.org\/{rel}","templated":true}]}}