{"id":2947,"date":"2023-09-28T11:32:21","date_gmt":"2023-09-28T10:32:21","guid":{"rendered":"https:\/\/baya-shop.com\/home\/?post_type=product&#038;p=2947"},"modified":"2024-02-09T15:18:38","modified_gmt":"2024-02-09T14:18:38","slug":"remington-tondeuse-moteur-pro-mygroom-lames-acier-inoxydable-auto-affutees-performant-hc5100","status":"publish","type":"product","link":"https:\/\/baya-shop.com\/home\/product\/remington-tondeuse-moteur-pro-mygroom-lames-acier-inoxydable-auto-affutees-performant-hc5100\/","title":{"rendered":"Remington Tondeuse MyGroom HC5100"},"content":{"rendered":"","protected":false},"excerpt":{"rendered":"<div id=\"featurebullets_feature_div\" class=\"celwidget\" data-feature-name=\"featurebullets\" data-csa-c-type=\"widget\" data-csa-c-content-id=\"featurebullets\" data-csa-c-slot-id=\"featurebullets_feature_div\" data-csa-c-asin=\"B079KCM8V1\" data-csa-c-is-in-initial-active-row=\"false\" data-csa-c-id=\"kmpc4v-cp4mmf-np5ord-7y8atj\" data-cel-widget=\"featurebullets_feature_div\">\n<div id=\"feature-bullets\" class=\"a-section a-spacing-medium a-spacing-top-small\">\n<h1 class=\"a-size-base-plus a-text-bold\">\u00c0 propos de cet article<\/h1>\n<ul class=\"a-unordered-list a-vertical a-spacing-mini\">\n<li class=\"a-spacing-mini\"><span class=\"a-list-item\">La tondeuse \u00e0 cheveux HC5100 de My Groom convainc par ses lames en acier inoxydable auto-aff\u00fbtantes <\/span><\/li>\n<li class=\"a-spacing-mini\"><span class=\"a-list-item\">Et son moteur Pro Power assure une coupe deux fois plus rapide (par rapport \u00e0 une tondeuse \u00e0 cheveux standard Remington).<\/span><\/li>\n<li class=\"a-spacing-mini\"><span class=\"a-list-item\">Lames auto-aff\u00fbt\u00e9es pour une plus grande pr\u00e9cision<\/span><\/li>\n<li class=\"a-spacing-mini\"><span class=\"a-list-item\">Guide de coupe ajustable &#8211; 12 hauteurs de 1 \u00e0 23mm<\/span><\/li>\n<li class=\"a-spacing-mini\"><span class=\"a-list-item\">Moteur Pro Power 2X plus rapide<\/span><\/li>\n<li class=\"a-spacing-mini\"><span class=\"a-list-item\">Utilisation sur prise secteur<\/span><\/li>\n<\/ul>\n<\/div>\n<\/div>\n","protected":false},"featured_media":3408,"comment_status":"open","ping_status":"closed","template":"","meta":{"jetpack_post_was_ever_published":false,"jetpack_publicize_message":"","jetpack_publicize_feature_enabled":true,"jetpack_social_post_already_shared":false,"jetpack_social_options":{"image_generator_settings":{"template":"highway","default_image_id":0,"font":"","enabled":false},"version":2}},"product_brand":[],"product_cat":[47,52],"product_tag":[],"class_list":{"0":"post-2947","1":"product","2":"type-product","3":"status-publish","4":"has-post-thumbnail","6":"product_cat-remington","7":"product_cat-tondeuse","9":"first","10":"instock","11":"shipping-taxable","12":"purchasable","13":"product-type-simple"},"yoast_head":"<!-- This site is optimized with the Yoast SEO plugin v27.4 - https:\/\/yoast.com\/product\/yoast-seo-wordpress\/ -->\n<title>Remington Tondeuse MyGroom HC5100 - Baya Shop<\/title>\n<meta name=\"description\" content=\"\u00c0 propos de cet article   La tondeuse \u00e0 cheveux HC5100 de My Groom convainc par ses lames en acier inoxydable auto-aff\u00fbtantes   Et son moteur Pro Power assure une coupe deux fois plus rapide (par rapport \u00e0 une tondeuse \u00e0 cheveux standard Remington).  Lames auto-aff\u00fbt\u00e9es pour une plus grande pr\u00e9cision  Guide de coupe ajustable - 12 hauteurs de 1 \u00e0 23mm  Moteur Pro Power 2X plus rapide  Utilisation sur prise secteur\" \/>\n<meta name=\"robots\" content=\"index, follow, max-snippet:-1, max-image-preview:large, max-video-preview:-1\" \/>\n<link rel=\"canonical\" href=\"https:\/\/baya-shop.com\/home\/product\/remington-tondeuse-moteur-pro-mygroom-lames-acier-inoxydable-auto-affutees-performant-hc5100\/\" \/>\n<meta property=\"og:locale\" content=\"fr_FR\" \/>\n<meta property=\"og:type\" content=\"article\" \/>\n<meta property=\"og:title\" content=\"Remington Tondeuse MyGroom HC5100 - Baya Shop\" \/>\n<meta property=\"og:description\" content=\"\u00c0 propos de cet article   La tondeuse \u00e0 cheveux HC5100 de My Groom convainc par ses lames en acier inoxydable auto-aff\u00fbtantes   Et son moteur Pro Power assure une coupe deux fois plus rapide (par rapport \u00e0 une tondeuse \u00e0 cheveux standard Remington).  Lames auto-aff\u00fbt\u00e9es pour une plus grande pr\u00e9cision  Guide de coupe ajustable - 12 hauteurs de 1 \u00e0 23mm  Moteur Pro Power 2X plus rapide  Utilisation sur prise secteur\" \/>\n<meta property=\"og:url\" content=\"https:\/\/baya-shop.com\/home\/product\/remington-tondeuse-moteur-pro-mygroom-lames-acier-inoxydable-auto-affutees-performant-hc5100\/\" \/>\n<meta property=\"og:site_name\" content=\"Baya Shop\" \/>\n<meta property=\"article:publisher\" content=\"https:\/\/www.facebook.com\/Baya-Shop-103955257949742\" \/>\n<meta property=\"article:modified_time\" content=\"2024-02-09T14:18:38+00:00\" \/>\n<meta property=\"og:image\" content=\"https:\/\/baya-shop.com\/wp-content\/uploads\/2023\/09\/617sFlGiEfL._AC_UF10001000_QL80_.jpg\" \/>\n\t<meta property=\"og:image:width\" content=\"931\" \/>\n\t<meta property=\"og:image:height\" content=\"1000\" \/>\n\t<meta property=\"og:image:type\" content=\"image\/jpeg\" \/>\n<meta name=\"twitter:card\" content=\"summary_large_image\" \/>\n<meta name=\"twitter:label1\" content=\"Dur\u00e9e de lecture estim\u00e9e\" \/>\n\t<meta name=\"twitter:data1\" content=\"1 minute\" \/>\n<script type=\"application\/ld+json\" class=\"yoast-schema-graph\">{\"@context\":\"https:\\\/\\\/schema.org\",\"@graph\":[{\"@type\":\"WebPage\",\"@id\":\"https:\\\/\\\/baya-shop.com\\\/home\\\/product\\\/remington-tondeuse-moteur-pro-mygroom-lames-acier-inoxydable-auto-affutees-performant-hc5100\\\/\",\"url\":\"https:\\\/\\\/baya-shop.com\\\/home\\\/product\\\/remington-tondeuse-moteur-pro-mygroom-lames-acier-inoxydable-auto-affutees-performant-hc5100\\\/\",\"name\":\"Remington Tondeuse MyGroom HC5100 - Baya Shop\",\"isPartOf\":{\"@id\":\"https:\\\/\\\/baya-shop.com\\\/home\\\/#website\"},\"primaryImageOfPage\":{\"@id\":\"https:\\\/\\\/baya-shop.com\\\/home\\\/product\\\/remington-tondeuse-moteur-pro-mygroom-lames-acier-inoxydable-auto-affutees-performant-hc5100\\\/#primaryimage\"},\"image\":{\"@id\":\"https:\\\/\\\/baya-shop.com\\\/home\\\/product\\\/remington-tondeuse-moteur-pro-mygroom-lames-acier-inoxydable-auto-affutees-performant-hc5100\\\/#primaryimage\"},\"thumbnailUrl\":\"https:\\\/\\\/i0.wp.com\\\/baya-shop.com\\\/wp-content\\\/uploads\\\/2023\\\/09\\\/617sFlGiEfL._AC_UF10001000_QL80_.jpg?fit=931%2C1000&ssl=1\",\"datePublished\":\"2023-09-28T10:32:21+00:00\",\"dateModified\":\"2024-02-09T14:18:38+00:00\",\"description\":\"\u00c0 propos de cet article La tondeuse \u00e0 cheveux HC5100 de My Groom convainc par ses lames en acier inoxydable auto-aff\u00fbtantes Et son moteur Pro Power assure une coupe deux fois plus rapide (par rapport \u00e0 une tondeuse \u00e0 cheveux standard Remington). Lames auto-aff\u00fbt\u00e9es pour une plus grande pr\u00e9cision Guide de coupe ajustable - 12 hauteurs de 1 \u00e0 23mm Moteur Pro Power 2X plus rapide Utilisation sur prise secteur\",\"breadcrumb\":{\"@id\":\"https:\\\/\\\/baya-shop.com\\\/home\\\/product\\\/remington-tondeuse-moteur-pro-mygroom-lames-acier-inoxydable-auto-affutees-performant-hc5100\\\/#breadcrumb\"},\"inLanguage\":\"fr-FR\",\"potentialAction\":[{\"@type\":\"ReadAction\",\"target\":[\"https:\\\/\\\/baya-shop.com\\\/home\\\/product\\\/remington-tondeuse-moteur-pro-mygroom-lames-acier-inoxydable-auto-affutees-performant-hc5100\\\/\"]}]},{\"@type\":\"ImageObject\",\"inLanguage\":\"fr-FR\",\"@id\":\"https:\\\/\\\/baya-shop.com\\\/home\\\/product\\\/remington-tondeuse-moteur-pro-mygroom-lames-acier-inoxydable-auto-affutees-performant-hc5100\\\/#primaryimage\",\"url\":\"https:\\\/\\\/i0.wp.com\\\/baya-shop.com\\\/wp-content\\\/uploads\\\/2023\\\/09\\\/617sFlGiEfL._AC_UF10001000_QL80_.jpg?fit=931%2C1000&ssl=1\",\"contentUrl\":\"https:\\\/\\\/i0.wp.com\\\/baya-shop.com\\\/wp-content\\\/uploads\\\/2023\\\/09\\\/617sFlGiEfL._AC_UF10001000_QL80_.jpg?fit=931%2C1000&ssl=1\",\"width\":931,\"height\":1000},{\"@type\":\"BreadcrumbList\",\"@id\":\"https:\\\/\\\/baya-shop.com\\\/home\\\/product\\\/remington-tondeuse-moteur-pro-mygroom-lames-acier-inoxydable-auto-affutees-performant-hc5100\\\/#breadcrumb\",\"itemListElement\":[{\"@type\":\"ListItem\",\"position\":1,\"name\":\"Accueil\",\"item\":\"https:\\\/\\\/baya-shop.com\\\/home\\\/\"},{\"@type\":\"ListItem\",\"position\":2,\"name\":\"Shop\",\"item\":\"https:\\\/\\\/baya-shop.com\\\/home\\\/shop\\\/\"},{\"@type\":\"ListItem\",\"position\":3,\"name\":\"Remington Tondeuse MyGroom HC5100\"}]},{\"@type\":\"WebSite\",\"@id\":\"https:\\\/\\\/baya-shop.com\\\/home\\\/#website\",\"url\":\"https:\\\/\\\/baya-shop.com\\\/home\\\/\",\"name\":\"Baya Shop\",\"description\":\"\",\"publisher\":{\"@id\":\"https:\\\/\\\/baya-shop.com\\\/home\\\/#organization\"},\"potentialAction\":[{\"@type\":\"SearchAction\",\"target\":{\"@type\":\"EntryPoint\",\"urlTemplate\":\"https:\\\/\\\/baya-shop.com\\\/home\\\/?s={search_term_string}\"},\"query-input\":{\"@type\":\"PropertyValueSpecification\",\"valueRequired\":true,\"valueName\":\"search_term_string\"}}],\"inLanguage\":\"fr-FR\"},{\"@type\":\"Organization\",\"@id\":\"https:\\\/\\\/baya-shop.com\\\/home\\\/#organization\",\"name\":\"Baya Shop\",\"url\":\"https:\\\/\\\/baya-shop.com\\\/home\\\/\",\"logo\":{\"@type\":\"ImageObject\",\"inLanguage\":\"fr-FR\",\"@id\":\"https:\\\/\\\/baya-shop.com\\\/home\\\/#\\\/schema\\\/logo\\\/image\\\/\",\"url\":\"https:\\\/\\\/baya-shop.com\\\/wp-content\\\/uploads\\\/2020\\\/11\\\/g.png\",\"contentUrl\":\"https:\\\/\\\/baya-shop.com\\\/wp-content\\\/uploads\\\/2020\\\/11\\\/g.png\",\"width\":64,\"height\":64,\"caption\":\"Baya Shop\"},\"image\":{\"@id\":\"https:\\\/\\\/baya-shop.com\\\/home\\\/#\\\/schema\\\/logo\\\/image\\\/\"},\"sameAs\":[\"https:\\\/\\\/www.facebook.com\\\/Baya-Shop-103955257949742\",\"https:\\\/\\\/www.instagram.com\\\/baya_shop_dz\\\/\"]}]}<\/script>\n<!-- \/ Yoast SEO plugin. -->","yoast_head_json":{"title":"Remington Tondeuse MyGroom HC5100 - Baya Shop","description":"\u00c0 propos de cet article   La tondeuse \u00e0 cheveux HC5100 de My Groom convainc par ses lames en acier inoxydable auto-aff\u00fbtantes   Et son moteur Pro Power assure une coupe deux fois plus rapide (par rapport \u00e0 une tondeuse \u00e0 cheveux standard Remington).  Lames auto-aff\u00fbt\u00e9es pour une plus grande pr\u00e9cision  Guide de coupe ajustable - 12 hauteurs de 1 \u00e0 23mm  Moteur Pro Power 2X plus rapide  Utilisation sur prise secteur","robots":{"index":"index","follow":"follow","max-snippet":"max-snippet:-1","max-image-preview":"max-image-preview:large","max-video-preview":"max-video-preview:-1"},"canonical":"https:\/\/baya-shop.com\/home\/product\/remington-tondeuse-moteur-pro-mygroom-lames-acier-inoxydable-auto-affutees-performant-hc5100\/","og_locale":"fr_FR","og_type":"article","og_title":"Remington Tondeuse MyGroom HC5100 - Baya Shop","og_description":"\u00c0 propos de cet article   La tondeuse \u00e0 cheveux HC5100 de My Groom convainc par ses lames en acier inoxydable auto-aff\u00fbtantes   Et son moteur Pro Power assure une coupe deux fois plus rapide (par rapport \u00e0 une tondeuse \u00e0 cheveux standard Remington).  Lames auto-aff\u00fbt\u00e9es pour une plus grande pr\u00e9cision  Guide de coupe ajustable - 12 hauteurs de 1 \u00e0 23mm  Moteur Pro Power 2X plus rapide  Utilisation sur prise secteur","og_url":"https:\/\/baya-shop.com\/home\/product\/remington-tondeuse-moteur-pro-mygroom-lames-acier-inoxydable-auto-affutees-performant-hc5100\/","og_site_name":"Baya Shop","article_publisher":"https:\/\/www.facebook.com\/Baya-Shop-103955257949742","article_modified_time":"2024-02-09T14:18:38+00:00","og_image":[{"width":931,"height":1000,"url":"https:\/\/baya-shop.com\/wp-content\/uploads\/2023\/09\/617sFlGiEfL._AC_UF10001000_QL80_.jpg","type":"image\/jpeg"}],"twitter_card":"summary_large_image","twitter_misc":{"Dur\u00e9e de lecture estim\u00e9e":"1 minute"},"schema":{"@context":"https:\/\/schema.org","@graph":[{"@type":"WebPage","@id":"https:\/\/baya-shop.com\/home\/product\/remington-tondeuse-moteur-pro-mygroom-lames-acier-inoxydable-auto-affutees-performant-hc5100\/","url":"https:\/\/baya-shop.com\/home\/product\/remington-tondeuse-moteur-pro-mygroom-lames-acier-inoxydable-auto-affutees-performant-hc5100\/","name":"Remington Tondeuse MyGroom HC5100 - Baya Shop","isPartOf":{"@id":"https:\/\/baya-shop.com\/home\/#website"},"primaryImageOfPage":{"@id":"https:\/\/baya-shop.com\/home\/product\/remington-tondeuse-moteur-pro-mygroom-lames-acier-inoxydable-auto-affutees-performant-hc5100\/#primaryimage"},"image":{"@id":"https:\/\/baya-shop.com\/home\/product\/remington-tondeuse-moteur-pro-mygroom-lames-acier-inoxydable-auto-affutees-performant-hc5100\/#primaryimage"},"thumbnailUrl":"https:\/\/i0.wp.com\/baya-shop.com\/wp-content\/uploads\/2023\/09\/617sFlGiEfL._AC_UF10001000_QL80_.jpg?fit=931%2C1000&ssl=1","datePublished":"2023-09-28T10:32:21+00:00","dateModified":"2024-02-09T14:18:38+00:00","description":"\u00c0 propos de cet article La tondeuse \u00e0 cheveux HC5100 de My Groom convainc par ses lames en acier inoxydable auto-aff\u00fbtantes Et son moteur Pro Power assure une coupe deux fois plus rapide (par rapport \u00e0 une tondeuse \u00e0 cheveux standard Remington). Lames auto-aff\u00fbt\u00e9es pour une plus grande pr\u00e9cision Guide de coupe ajustable - 12 hauteurs de 1 \u00e0 23mm Moteur Pro Power 2X plus rapide Utilisation sur prise secteur","breadcrumb":{"@id":"https:\/\/baya-shop.com\/home\/product\/remington-tondeuse-moteur-pro-mygroom-lames-acier-inoxydable-auto-affutees-performant-hc5100\/#breadcrumb"},"inLanguage":"fr-FR","potentialAction":[{"@type":"ReadAction","target":["https:\/\/baya-shop.com\/home\/product\/remington-tondeuse-moteur-pro-mygroom-lames-acier-inoxydable-auto-affutees-performant-hc5100\/"]}]},{"@type":"ImageObject","inLanguage":"fr-FR","@id":"https:\/\/baya-shop.com\/home\/product\/remington-tondeuse-moteur-pro-mygroom-lames-acier-inoxydable-auto-affutees-performant-hc5100\/#primaryimage","url":"https:\/\/i0.wp.com\/baya-shop.com\/wp-content\/uploads\/2023\/09\/617sFlGiEfL._AC_UF10001000_QL80_.jpg?fit=931%2C1000&ssl=1","contentUrl":"https:\/\/i0.wp.com\/baya-shop.com\/wp-content\/uploads\/2023\/09\/617sFlGiEfL._AC_UF10001000_QL80_.jpg?fit=931%2C1000&ssl=1","width":931,"height":1000},{"@type":"BreadcrumbList","@id":"https:\/\/baya-shop.com\/home\/product\/remington-tondeuse-moteur-pro-mygroom-lames-acier-inoxydable-auto-affutees-performant-hc5100\/#breadcrumb","itemListElement":[{"@type":"ListItem","position":1,"name":"Accueil","item":"https:\/\/baya-shop.com\/home\/"},{"@type":"ListItem","position":2,"name":"Shop","item":"https:\/\/baya-shop.com\/home\/shop\/"},{"@type":"ListItem","position":3,"name":"Remington Tondeuse MyGroom HC5100"}]},{"@type":"WebSite","@id":"https:\/\/baya-shop.com\/home\/#website","url":"https:\/\/baya-shop.com\/home\/","name":"Baya Shop","description":"","publisher":{"@id":"https:\/\/baya-shop.com\/home\/#organization"},"potentialAction":[{"@type":"SearchAction","target":{"@type":"EntryPoint","urlTemplate":"https:\/\/baya-shop.com\/home\/?s={search_term_string}"},"query-input":{"@type":"PropertyValueSpecification","valueRequired":true,"valueName":"search_term_string"}}],"inLanguage":"fr-FR"},{"@type":"Organization","@id":"https:\/\/baya-shop.com\/home\/#organization","name":"Baya Shop","url":"https:\/\/baya-shop.com\/home\/","logo":{"@type":"ImageObject","inLanguage":"fr-FR","@id":"https:\/\/baya-shop.com\/home\/#\/schema\/logo\/image\/","url":"https:\/\/baya-shop.com\/wp-content\/uploads\/2020\/11\/g.png","contentUrl":"https:\/\/baya-shop.com\/wp-content\/uploads\/2020\/11\/g.png","width":64,"height":64,"caption":"Baya Shop"},"image":{"@id":"https:\/\/baya-shop.com\/home\/#\/schema\/logo\/image\/"},"sameAs":["https:\/\/www.facebook.com\/Baya-Shop-103955257949742","https:\/\/www.instagram.com\/baya_shop_dz\/"]}]}},"jetpack_publicize_connections":[],"jetpack_sharing_enabled":true,"jetpack_likes_enabled":true,"jetpack-related-posts":[],"_links":{"self":[{"href":"https:\/\/baya-shop.com\/home\/wp-json\/wp\/v2\/product\/2947","targetHints":{"allow":["GET"]}}],"collection":[{"href":"https:\/\/baya-shop.com\/home\/wp-json\/wp\/v2\/product"}],"about":[{"href":"https:\/\/baya-shop.com\/home\/wp-json\/wp\/v2\/types\/product"}],"replies":[{"embeddable":true,"href":"https:\/\/baya-shop.com\/home\/wp-json\/wp\/v2\/comments?post=2947"}],"wp:featuredmedia":[{"embeddable":true,"href":"https:\/\/baya-shop.com\/home\/wp-json\/wp\/v2\/media\/3408"}],"wp:attachment":[{"href":"https:\/\/baya-shop.com\/home\/wp-json\/wp\/v2\/media?parent=2947"}],"wp:term":[{"taxonomy":"product_brand","embeddable":true,"href":"https:\/\/baya-shop.com\/home\/wp-json\/wp\/v2\/product_brand?post=2947"},{"taxonomy":"product_cat","embeddable":true,"href":"https:\/\/baya-shop.com\/home\/wp-json\/wp\/v2\/product_cat?post=2947"},{"taxonomy":"product_tag","embeddable":true,"href":"https:\/\/baya-shop.com\/home\/wp-json\/wp\/v2\/product_tag?post=2947"}],"curies":[{"name":"wp","href":"https:\/\/api.w.org\/{rel}","templated":true}]}}