{"id":2801,"date":"2023-09-26T15:31:07","date_gmt":"2023-09-26T14:31:07","guid":{"rendered":"https:\/\/baya-shop.com\/home\/?post_type=product&#038;p=2801"},"modified":"2024-02-09T15:24:15","modified_gmt":"2024-02-09T14:24:15","slug":"kemei-tondeuse-rechargeable-8in1-turbo-km-680a","status":"publish","type":"product","link":"https:\/\/baya-shop.com\/home\/product\/kemei-tondeuse-rechargeable-8in1-turbo-km-680a\/","title":{"rendered":"KEMEI Tondeuse Rechargeable 8in1 Turbo KM-680A"},"content":{"rendered":"","protected":false},"excerpt":{"rendered":"<p data-darkreader-inline-color=\"\" data-spm-anchor-id=\"a2g0o.detail.1000023.i0.1ade4a910DqP7q\"><strong>Kemei 680A<\/strong> Multifonction Nouvelle Tondeuse \u00c0 Cheveux \u00c9lectrique Tondeuse \u00c0 Cheveux Rechargeable Tondeuse Rasoir Rasoir Rasoir Sans Fil R\u00e9glable Tondeuse<\/p>\n<p data-darkreader-inline-color=\"\" data-spm-anchor-id=\"a2g0o.detail.1000023.i0.1ade4a910DqP7q\">1) Introduction:<br \/>\nC&rsquo;est un kit de tondeuse \u00e0 cheveux 7-en-1. Vous pouvez utiliser les divers accessoires pour raser les zones de cheveux et enlever les poils g\u00eanants des oreilles, les sourcils et les poils du visage.<br \/>\nT\u00eate efficace en acier inoxydable aigu, dur\u00e9e de vie aff\u00fbt\u00e9e, meulage automatique, rapide et efficace, pour assurer le meilleur effet apr\u00e8s l&rsquo;\u00e9lagage.<br \/>\nTechnologie de traitement obtus de type R, m\u00eame si vous ne coupez jamais les cheveux, c&rsquo;est s\u00fbr.<br \/>\n3 peignes limit\u00e9s de diff\u00e9rentes longueurs, 3 mm \/ 6 mm \/ 10 mm.<br \/>\n3 Bouton de r\u00e9glage fin: 1 mm, 2 mm, 3 mm.<\/p>\n<p data-darkreader-inline-color=\"\" data-spm-anchor-id=\"a2g0o.detail.1000023.i0.1ade4a910DqP7q\">2) Sp\u00e9cificit\u00e9s:<br \/>\nMat\u00e9riel: ABS + acier inoxydable<br \/>\nTension: 220-240V<br \/>\nPuissance: 3W<br \/>\nTemps de charge: 5 heures<br \/>\nDur\u00e9e de fonctionnement: 40 minutes<br \/>\nMode de lavage: lavage complet du corps<br \/>\nCouleur: gris<br \/>\nPoids: 391g<\/p>\n","protected":false},"featured_media":3585,"comment_status":"open","ping_status":"closed","template":"","meta":{"jetpack_post_was_ever_published":false,"jetpack_publicize_message":"","jetpack_publicize_feature_enabled":true,"jetpack_social_post_already_shared":false,"jetpack_social_options":{"image_generator_settings":{"template":"highway","default_image_id":0,"font":"","enabled":false},"version":2}},"product_brand":[],"product_cat":[71,54,52],"product_tag":[],"class_list":{"0":"post-2801","1":"product","2":"type-product","3":"status-publish","4":"has-post-thumbnail","6":"product_cat-kemei","7":"product_cat-rasoir","8":"product_cat-tondeuse","10":"first","11":"instock","12":"shipping-taxable","13":"purchasable","14":"product-type-simple"},"yoast_head":"<!-- This site is optimized with the Yoast SEO plugin v27.4 - https:\/\/yoast.com\/product\/yoast-seo-wordpress\/ -->\n<title>KEMEI Tondeuse Rechargeable 8in1 Turbo KM-680A - Baya Shop<\/title>\n<meta name=\"description\" content=\"Kemei 680A Multifonction Nouvelle Tondeuse \u00c0 Cheveux \u00c9lectrique Tondeuse \u00c0 Cheveux Rechargeable Tondeuse Rasoir Rasoir Rasoir Sans Fil R\u00e9glable Tondeuse 1) Introduction: C&#039;est un kit de tondeuse \u00e0 cheveux 7-en-1. Vous pouvez utiliser les divers accessoires pour raser les zones de cheveux et enlever les poils g\u00eanants des oreilles, les sourcils et les poils du visage. T\u00eate efficace en acier inoxydable aigu, dur\u00e9e de vie aff\u00fbt\u00e9e, meulage automatique, rapide et efficace, pour assurer le meilleur effet apr\u00e8s l&#039;\u00e9lagage. Technologie de traitement obtus de type R, m\u00eame si vous ne coupez jamais les cheveux, c&#039;est s\u00fbr. 3 peignes limit\u00e9s de diff\u00e9rentes longueurs, 3 mm \/ 6 mm \/ 10 mm. 3 Bouton de r\u00e9glage fin: 1 mm, 2 mm, 3 mm. 2) Sp\u00e9cificit\u00e9s: Mat\u00e9riel: ABS + acier inoxydable Tension: 220-240V Puissance: 3W Temps de charge: 5 heures Dur\u00e9e de fonctionnement: 40 minutes Mode de lavage: lavage complet du corps Couleur: gris Poids: 391g\" \/>\n<meta name=\"robots\" content=\"index, follow, max-snippet:-1, max-image-preview:large, max-video-preview:-1\" \/>\n<link rel=\"canonical\" href=\"https:\/\/baya-shop.com\/home\/product\/kemei-tondeuse-rechargeable-8in1-turbo-km-680a\/\" \/>\n<meta property=\"og:locale\" content=\"fr_FR\" \/>\n<meta property=\"og:type\" content=\"article\" \/>\n<meta property=\"og:title\" content=\"KEMEI Tondeuse Rechargeable 8in1 Turbo KM-680A - Baya Shop\" \/>\n<meta property=\"og:description\" content=\"Kemei 680A Multifonction Nouvelle Tondeuse \u00c0 Cheveux \u00c9lectrique Tondeuse \u00c0 Cheveux Rechargeable Tondeuse Rasoir Rasoir Rasoir Sans Fil R\u00e9glable Tondeuse 1) Introduction: C&#039;est un kit de tondeuse \u00e0 cheveux 7-en-1. Vous pouvez utiliser les divers accessoires pour raser les zones de cheveux et enlever les poils g\u00eanants des oreilles, les sourcils et les poils du visage. T\u00eate efficace en acier inoxydable aigu, dur\u00e9e de vie aff\u00fbt\u00e9e, meulage automatique, rapide et efficace, pour assurer le meilleur effet apr\u00e8s l&#039;\u00e9lagage. Technologie de traitement obtus de type R, m\u00eame si vous ne coupez jamais les cheveux, c&#039;est s\u00fbr. 3 peignes limit\u00e9s de diff\u00e9rentes longueurs, 3 mm \/ 6 mm \/ 10 mm. 3 Bouton de r\u00e9glage fin: 1 mm, 2 mm, 3 mm. 2) Sp\u00e9cificit\u00e9s: Mat\u00e9riel: ABS + acier inoxydable Tension: 220-240V Puissance: 3W Temps de charge: 5 heures Dur\u00e9e de fonctionnement: 40 minutes Mode de lavage: lavage complet du corps Couleur: gris Poids: 391g\" \/>\n<meta property=\"og:url\" content=\"https:\/\/baya-shop.com\/home\/product\/kemei-tondeuse-rechargeable-8in1-turbo-km-680a\/\" \/>\n<meta property=\"og:site_name\" content=\"Baya Shop\" \/>\n<meta property=\"article:publisher\" content=\"https:\/\/www.facebook.com\/Baya-Shop-103955257949742\" \/>\n<meta property=\"article:modified_time\" content=\"2024-02-09T14:24:15+00:00\" \/>\n<meta property=\"og:image\" content=\"https:\/\/baya-shop.com\/wp-content\/uploads\/2023\/09\/1-1.jpg\" \/>\n\t<meta property=\"og:image:width\" content=\"500\" \/>\n\t<meta property=\"og:image:height\" content=\"500\" \/>\n\t<meta property=\"og:image:type\" content=\"image\/jpeg\" \/>\n<meta name=\"twitter:card\" content=\"summary_large_image\" \/>\n<meta name=\"twitter:label1\" content=\"Dur\u00e9e de lecture estim\u00e9e\" \/>\n\t<meta name=\"twitter:data1\" content=\"1 minute\" \/>\n<script type=\"application\/ld+json\" class=\"yoast-schema-graph\">{\"@context\":\"https:\\\/\\\/schema.org\",\"@graph\":[{\"@type\":\"WebPage\",\"@id\":\"https:\\\/\\\/baya-shop.com\\\/home\\\/product\\\/kemei-tondeuse-rechargeable-8in1-turbo-km-680a\\\/\",\"url\":\"https:\\\/\\\/baya-shop.com\\\/home\\\/product\\\/kemei-tondeuse-rechargeable-8in1-turbo-km-680a\\\/\",\"name\":\"KEMEI Tondeuse Rechargeable 8in1 Turbo KM-680A - Baya Shop\",\"isPartOf\":{\"@id\":\"https:\\\/\\\/baya-shop.com\\\/home\\\/#website\"},\"primaryImageOfPage\":{\"@id\":\"https:\\\/\\\/baya-shop.com\\\/home\\\/product\\\/kemei-tondeuse-rechargeable-8in1-turbo-km-680a\\\/#primaryimage\"},\"image\":{\"@id\":\"https:\\\/\\\/baya-shop.com\\\/home\\\/product\\\/kemei-tondeuse-rechargeable-8in1-turbo-km-680a\\\/#primaryimage\"},\"thumbnailUrl\":\"https:\\\/\\\/i0.wp.com\\\/baya-shop.com\\\/wp-content\\\/uploads\\\/2023\\\/09\\\/1-1.jpg?fit=500%2C500&ssl=1\",\"datePublished\":\"2023-09-26T14:31:07+00:00\",\"dateModified\":\"2024-02-09T14:24:15+00:00\",\"description\":\"Kemei 680A Multifonction Nouvelle Tondeuse \u00c0 Cheveux \u00c9lectrique Tondeuse \u00c0 Cheveux Rechargeable Tondeuse Rasoir Rasoir Rasoir Sans Fil R\u00e9glable Tondeuse 1) Introduction: C'est un kit de tondeuse \u00e0 cheveux 7-en-1. Vous pouvez utiliser les divers accessoires pour raser les zones de cheveux et enlever les poils g\u00eanants des oreilles, les sourcils et les poils du visage. T\u00eate efficace en acier inoxydable aigu, dur\u00e9e de vie aff\u00fbt\u00e9e, meulage automatique, rapide et efficace, pour assurer le meilleur effet apr\u00e8s l'\u00e9lagage. Technologie de traitement obtus de type R, m\u00eame si vous ne coupez jamais les cheveux, c'est s\u00fbr. 3 peignes limit\u00e9s de diff\u00e9rentes longueurs, 3 mm \\\/ 6 mm \\\/ 10 mm. 3 Bouton de r\u00e9glage fin: 1 mm, 2 mm, 3 mm. 2) Sp\u00e9cificit\u00e9s: Mat\u00e9riel: ABS + acier inoxydable Tension: 220-240V Puissance: 3W Temps de charge: 5 heures Dur\u00e9e de fonctionnement: 40 minutes Mode de lavage: lavage complet du corps Couleur: gris Poids: 391g\",\"breadcrumb\":{\"@id\":\"https:\\\/\\\/baya-shop.com\\\/home\\\/product\\\/kemei-tondeuse-rechargeable-8in1-turbo-km-680a\\\/#breadcrumb\"},\"inLanguage\":\"fr-FR\",\"potentialAction\":[{\"@type\":\"ReadAction\",\"target\":[\"https:\\\/\\\/baya-shop.com\\\/home\\\/product\\\/kemei-tondeuse-rechargeable-8in1-turbo-km-680a\\\/\"]}]},{\"@type\":\"ImageObject\",\"inLanguage\":\"fr-FR\",\"@id\":\"https:\\\/\\\/baya-shop.com\\\/home\\\/product\\\/kemei-tondeuse-rechargeable-8in1-turbo-km-680a\\\/#primaryimage\",\"url\":\"https:\\\/\\\/i0.wp.com\\\/baya-shop.com\\\/wp-content\\\/uploads\\\/2023\\\/09\\\/1-1.jpg?fit=500%2C500&ssl=1\",\"contentUrl\":\"https:\\\/\\\/i0.wp.com\\\/baya-shop.com\\\/wp-content\\\/uploads\\\/2023\\\/09\\\/1-1.jpg?fit=500%2C500&ssl=1\",\"width\":500,\"height\":500},{\"@type\":\"BreadcrumbList\",\"@id\":\"https:\\\/\\\/baya-shop.com\\\/home\\\/product\\\/kemei-tondeuse-rechargeable-8in1-turbo-km-680a\\\/#breadcrumb\",\"itemListElement\":[{\"@type\":\"ListItem\",\"position\":1,\"name\":\"Accueil\",\"item\":\"https:\\\/\\\/baya-shop.com\\\/home\\\/\"},{\"@type\":\"ListItem\",\"position\":2,\"name\":\"Shop\",\"item\":\"https:\\\/\\\/baya-shop.com\\\/home\\\/shop\\\/\"},{\"@type\":\"ListItem\",\"position\":3,\"name\":\"KEMEI Tondeuse Rechargeable 8in1 Turbo KM-680A\"}]},{\"@type\":\"WebSite\",\"@id\":\"https:\\\/\\\/baya-shop.com\\\/home\\\/#website\",\"url\":\"https:\\\/\\\/baya-shop.com\\\/home\\\/\",\"name\":\"Baya Shop\",\"description\":\"\",\"publisher\":{\"@id\":\"https:\\\/\\\/baya-shop.com\\\/home\\\/#organization\"},\"potentialAction\":[{\"@type\":\"SearchAction\",\"target\":{\"@type\":\"EntryPoint\",\"urlTemplate\":\"https:\\\/\\\/baya-shop.com\\\/home\\\/?s={search_term_string}\"},\"query-input\":{\"@type\":\"PropertyValueSpecification\",\"valueRequired\":true,\"valueName\":\"search_term_string\"}}],\"inLanguage\":\"fr-FR\"},{\"@type\":\"Organization\",\"@id\":\"https:\\\/\\\/baya-shop.com\\\/home\\\/#organization\",\"name\":\"Baya Shop\",\"url\":\"https:\\\/\\\/baya-shop.com\\\/home\\\/\",\"logo\":{\"@type\":\"ImageObject\",\"inLanguage\":\"fr-FR\",\"@id\":\"https:\\\/\\\/baya-shop.com\\\/home\\\/#\\\/schema\\\/logo\\\/image\\\/\",\"url\":\"https:\\\/\\\/baya-shop.com\\\/wp-content\\\/uploads\\\/2020\\\/11\\\/g.png\",\"contentUrl\":\"https:\\\/\\\/baya-shop.com\\\/wp-content\\\/uploads\\\/2020\\\/11\\\/g.png\",\"width\":64,\"height\":64,\"caption\":\"Baya Shop\"},\"image\":{\"@id\":\"https:\\\/\\\/baya-shop.com\\\/home\\\/#\\\/schema\\\/logo\\\/image\\\/\"},\"sameAs\":[\"https:\\\/\\\/www.facebook.com\\\/Baya-Shop-103955257949742\",\"https:\\\/\\\/www.instagram.com\\\/baya_shop_dz\\\/\"]}]}<\/script>\n<!-- \/ Yoast SEO plugin. -->","yoast_head_json":{"title":"KEMEI Tondeuse Rechargeable 8in1 Turbo KM-680A - Baya Shop","description":"Kemei 680A Multifonction Nouvelle Tondeuse \u00c0 Cheveux \u00c9lectrique Tondeuse \u00c0 Cheveux Rechargeable Tondeuse Rasoir Rasoir Rasoir Sans Fil R\u00e9glable Tondeuse 1) Introduction: C'est un kit de tondeuse \u00e0 cheveux 7-en-1. Vous pouvez utiliser les divers accessoires pour raser les zones de cheveux et enlever les poils g\u00eanants des oreilles, les sourcils et les poils du visage. T\u00eate efficace en acier inoxydable aigu, dur\u00e9e de vie aff\u00fbt\u00e9e, meulage automatique, rapide et efficace, pour assurer le meilleur effet apr\u00e8s l'\u00e9lagage. Technologie de traitement obtus de type R, m\u00eame si vous ne coupez jamais les cheveux, c'est s\u00fbr. 3 peignes limit\u00e9s de diff\u00e9rentes longueurs, 3 mm \/ 6 mm \/ 10 mm. 3 Bouton de r\u00e9glage fin: 1 mm, 2 mm, 3 mm. 2) Sp\u00e9cificit\u00e9s: Mat\u00e9riel: ABS + acier inoxydable Tension: 220-240V Puissance: 3W Temps de charge: 5 heures Dur\u00e9e de fonctionnement: 40 minutes Mode de lavage: lavage complet du corps Couleur: gris Poids: 391g","robots":{"index":"index","follow":"follow","max-snippet":"max-snippet:-1","max-image-preview":"max-image-preview:large","max-video-preview":"max-video-preview:-1"},"canonical":"https:\/\/baya-shop.com\/home\/product\/kemei-tondeuse-rechargeable-8in1-turbo-km-680a\/","og_locale":"fr_FR","og_type":"article","og_title":"KEMEI Tondeuse Rechargeable 8in1 Turbo KM-680A - Baya Shop","og_description":"Kemei 680A Multifonction Nouvelle Tondeuse \u00c0 Cheveux \u00c9lectrique Tondeuse \u00c0 Cheveux Rechargeable Tondeuse Rasoir Rasoir Rasoir Sans Fil R\u00e9glable Tondeuse 1) Introduction: C'est un kit de tondeuse \u00e0 cheveux 7-en-1. Vous pouvez utiliser les divers accessoires pour raser les zones de cheveux et enlever les poils g\u00eanants des oreilles, les sourcils et les poils du visage. T\u00eate efficace en acier inoxydable aigu, dur\u00e9e de vie aff\u00fbt\u00e9e, meulage automatique, rapide et efficace, pour assurer le meilleur effet apr\u00e8s l'\u00e9lagage. Technologie de traitement obtus de type R, m\u00eame si vous ne coupez jamais les cheveux, c'est s\u00fbr. 3 peignes limit\u00e9s de diff\u00e9rentes longueurs, 3 mm \/ 6 mm \/ 10 mm. 3 Bouton de r\u00e9glage fin: 1 mm, 2 mm, 3 mm. 2) Sp\u00e9cificit\u00e9s: Mat\u00e9riel: ABS + acier inoxydable Tension: 220-240V Puissance: 3W Temps de charge: 5 heures Dur\u00e9e de fonctionnement: 40 minutes Mode de lavage: lavage complet du corps Couleur: gris Poids: 391g","og_url":"https:\/\/baya-shop.com\/home\/product\/kemei-tondeuse-rechargeable-8in1-turbo-km-680a\/","og_site_name":"Baya Shop","article_publisher":"https:\/\/www.facebook.com\/Baya-Shop-103955257949742","article_modified_time":"2024-02-09T14:24:15+00:00","og_image":[{"width":500,"height":500,"url":"https:\/\/baya-shop.com\/wp-content\/uploads\/2023\/09\/1-1.jpg","type":"image\/jpeg"}],"twitter_card":"summary_large_image","twitter_misc":{"Dur\u00e9e de lecture estim\u00e9e":"1 minute"},"schema":{"@context":"https:\/\/schema.org","@graph":[{"@type":"WebPage","@id":"https:\/\/baya-shop.com\/home\/product\/kemei-tondeuse-rechargeable-8in1-turbo-km-680a\/","url":"https:\/\/baya-shop.com\/home\/product\/kemei-tondeuse-rechargeable-8in1-turbo-km-680a\/","name":"KEMEI Tondeuse Rechargeable 8in1 Turbo KM-680A - Baya Shop","isPartOf":{"@id":"https:\/\/baya-shop.com\/home\/#website"},"primaryImageOfPage":{"@id":"https:\/\/baya-shop.com\/home\/product\/kemei-tondeuse-rechargeable-8in1-turbo-km-680a\/#primaryimage"},"image":{"@id":"https:\/\/baya-shop.com\/home\/product\/kemei-tondeuse-rechargeable-8in1-turbo-km-680a\/#primaryimage"},"thumbnailUrl":"https:\/\/i0.wp.com\/baya-shop.com\/wp-content\/uploads\/2023\/09\/1-1.jpg?fit=500%2C500&ssl=1","datePublished":"2023-09-26T14:31:07+00:00","dateModified":"2024-02-09T14:24:15+00:00","description":"Kemei 680A Multifonction Nouvelle Tondeuse \u00c0 Cheveux \u00c9lectrique Tondeuse \u00c0 Cheveux Rechargeable Tondeuse Rasoir Rasoir Rasoir Sans Fil R\u00e9glable Tondeuse 1) Introduction: C'est un kit de tondeuse \u00e0 cheveux 7-en-1. Vous pouvez utiliser les divers accessoires pour raser les zones de cheveux et enlever les poils g\u00eanants des oreilles, les sourcils et les poils du visage. T\u00eate efficace en acier inoxydable aigu, dur\u00e9e de vie aff\u00fbt\u00e9e, meulage automatique, rapide et efficace, pour assurer le meilleur effet apr\u00e8s l'\u00e9lagage. Technologie de traitement obtus de type R, m\u00eame si vous ne coupez jamais les cheveux, c'est s\u00fbr. 3 peignes limit\u00e9s de diff\u00e9rentes longueurs, 3 mm \/ 6 mm \/ 10 mm. 3 Bouton de r\u00e9glage fin: 1 mm, 2 mm, 3 mm. 2) Sp\u00e9cificit\u00e9s: Mat\u00e9riel: ABS + acier inoxydable Tension: 220-240V Puissance: 3W Temps de charge: 5 heures Dur\u00e9e de fonctionnement: 40 minutes Mode de lavage: lavage complet du corps Couleur: gris Poids: 391g","breadcrumb":{"@id":"https:\/\/baya-shop.com\/home\/product\/kemei-tondeuse-rechargeable-8in1-turbo-km-680a\/#breadcrumb"},"inLanguage":"fr-FR","potentialAction":[{"@type":"ReadAction","target":["https:\/\/baya-shop.com\/home\/product\/kemei-tondeuse-rechargeable-8in1-turbo-km-680a\/"]}]},{"@type":"ImageObject","inLanguage":"fr-FR","@id":"https:\/\/baya-shop.com\/home\/product\/kemei-tondeuse-rechargeable-8in1-turbo-km-680a\/#primaryimage","url":"https:\/\/i0.wp.com\/baya-shop.com\/wp-content\/uploads\/2023\/09\/1-1.jpg?fit=500%2C500&ssl=1","contentUrl":"https:\/\/i0.wp.com\/baya-shop.com\/wp-content\/uploads\/2023\/09\/1-1.jpg?fit=500%2C500&ssl=1","width":500,"height":500},{"@type":"BreadcrumbList","@id":"https:\/\/baya-shop.com\/home\/product\/kemei-tondeuse-rechargeable-8in1-turbo-km-680a\/#breadcrumb","itemListElement":[{"@type":"ListItem","position":1,"name":"Accueil","item":"https:\/\/baya-shop.com\/home\/"},{"@type":"ListItem","position":2,"name":"Shop","item":"https:\/\/baya-shop.com\/home\/shop\/"},{"@type":"ListItem","position":3,"name":"KEMEI Tondeuse Rechargeable 8in1 Turbo KM-680A"}]},{"@type":"WebSite","@id":"https:\/\/baya-shop.com\/home\/#website","url":"https:\/\/baya-shop.com\/home\/","name":"Baya Shop","description":"","publisher":{"@id":"https:\/\/baya-shop.com\/home\/#organization"},"potentialAction":[{"@type":"SearchAction","target":{"@type":"EntryPoint","urlTemplate":"https:\/\/baya-shop.com\/home\/?s={search_term_string}"},"query-input":{"@type":"PropertyValueSpecification","valueRequired":true,"valueName":"search_term_string"}}],"inLanguage":"fr-FR"},{"@type":"Organization","@id":"https:\/\/baya-shop.com\/home\/#organization","name":"Baya Shop","url":"https:\/\/baya-shop.com\/home\/","logo":{"@type":"ImageObject","inLanguage":"fr-FR","@id":"https:\/\/baya-shop.com\/home\/#\/schema\/logo\/image\/","url":"https:\/\/baya-shop.com\/wp-content\/uploads\/2020\/11\/g.png","contentUrl":"https:\/\/baya-shop.com\/wp-content\/uploads\/2020\/11\/g.png","width":64,"height":64,"caption":"Baya Shop"},"image":{"@id":"https:\/\/baya-shop.com\/home\/#\/schema\/logo\/image\/"},"sameAs":["https:\/\/www.facebook.com\/Baya-Shop-103955257949742","https:\/\/www.instagram.com\/baya_shop_dz\/"]}]}},"jetpack_publicize_connections":[],"jetpack_sharing_enabled":true,"jetpack_likes_enabled":true,"jetpack-related-posts":[],"_links":{"self":[{"href":"https:\/\/baya-shop.com\/home\/wp-json\/wp\/v2\/product\/2801","targetHints":{"allow":["GET"]}}],"collection":[{"href":"https:\/\/baya-shop.com\/home\/wp-json\/wp\/v2\/product"}],"about":[{"href":"https:\/\/baya-shop.com\/home\/wp-json\/wp\/v2\/types\/product"}],"replies":[{"embeddable":true,"href":"https:\/\/baya-shop.com\/home\/wp-json\/wp\/v2\/comments?post=2801"}],"wp:featuredmedia":[{"embeddable":true,"href":"https:\/\/baya-shop.com\/home\/wp-json\/wp\/v2\/media\/3585"}],"wp:attachment":[{"href":"https:\/\/baya-shop.com\/home\/wp-json\/wp\/v2\/media?parent=2801"}],"wp:term":[{"taxonomy":"product_brand","embeddable":true,"href":"https:\/\/baya-shop.com\/home\/wp-json\/wp\/v2\/product_brand?post=2801"},{"taxonomy":"product_cat","embeddable":true,"href":"https:\/\/baya-shop.com\/home\/wp-json\/wp\/v2\/product_cat?post=2801"},{"taxonomy":"product_tag","embeddable":true,"href":"https:\/\/baya-shop.com\/home\/wp-json\/wp\/v2\/product_tag?post=2801"}],"curies":[{"name":"wp","href":"https:\/\/api.w.org\/{rel}","templated":true}]}}