{"id":2794,"date":"2023-09-26T15:07:17","date_gmt":"2023-09-26T14:07:17","guid":{"rendered":"https:\/\/baya-shop.com\/home\/?post_type=product&#038;p=2794"},"modified":"2025-01-30T11:12:13","modified_gmt":"2025-01-30T10:12:13","slug":"babyliss-pro-brosse-chauffante-titanium-tourmaline-diametre-15mm-bab288tte","status":"publish","type":"product","link":"https:\/\/baya-shop.com\/home\/product\/babyliss-pro-brosse-chauffante-titanium-tourmaline-diametre-15mm-bab288tte\/","title":{"rendered":"Babyliss PRO Brosse chauffante Titanium Tourmaline BAB288TTE"},"content":{"rendered":"","protected":false},"excerpt":{"rendered":"<section id=\"description\" class=\"product-section\">\n<div class=\"products-tab-content\">\n<div>\n<p>Brosse Chauffante Titanium Tourmaline 15mm, Babyliss 288TTE.<\/p>\n<p>Brosse avec technologie C\u00e9ramique pour une temp\u00e9rature homog\u00e8ne, qui garantit une meilleure protection des cheveux. Les picots sont souples pour assurer un s\u00e9chage en douceur.<\/p>\n<p>Sa poign\u00e9e est ergonomique et son cordon rotatif d&rsquo;une longueur de 2.70 m permet de faciliter la tenue en main et son utilisation.<\/p>\n<p>D&rsquo;une puissance de 700 Watts, cette brosse dispose de deux vitesses et temp\u00e9ratures diff\u00e9rentes.<\/p>\n<p>Existe aussi en 18mm et en 13mm.<\/p>\n<p>On aime : Sa technologie alliant Titanium et Tourmaline qui permet de prot\u00e9ger le cheveu tout en lui apportant brillance. Une brosse id\u00e9al pour le s\u00e9chage ou pour faire des boucles avec du volume et de la douceur !<\/p>\n<p><span style=\"color: #333333; font-size: 14.4px;\">Conseils<\/span><\/p>\n<\/div>\n<\/div>\n<\/section>\n<section class=\"product-section\"><span style=\"color: #555555; font-size: 14.4px;\">S\u00e9parer une m\u00e8che fine et placer la brosse \u00e0 la racine, tout en maintenant les cheveux avec l\u2019autre main.<\/span><\/p>\n<div class=\"products-tab-content\">\n<p>Faire glisser la brosse vers la pointe en enroulant les cheveux dans le sens<\/p>\n<\/div>\n<\/section>\n","protected":false},"featured_media":3588,"comment_status":"open","ping_status":"closed","template":"","meta":{"jetpack_post_was_ever_published":false,"jetpack_publicize_message":"","jetpack_publicize_feature_enabled":true,"jetpack_social_post_already_shared":false,"jetpack_social_options":{"image_generator_settings":{"template":"highway","default_image_id":0,"font":"","enabled":false},"version":2}},"product_brand":[],"product_cat":[64,21],"product_tag":[],"class_list":{"0":"post-2794","1":"product","2":"type-product","3":"status-publish","4":"has-post-thumbnail","6":"product_cat-babyliss-pro","7":"product_cat-brosse-cheveux","9":"first","10":"outofstock","11":"shipping-taxable","12":"purchasable","13":"product-type-simple"},"yoast_head":"<!-- This site is optimized with the Yoast SEO plugin v27.4 - https:\/\/yoast.com\/product\/yoast-seo-wordpress\/ -->\n<title>Babyliss PRO Brosse chauffante Titanium Tourmaline BAB288TTE - Baya Shop<\/title>\n<meta name=\"description\" content=\"Brosse Chauffante Titanium Tourmaline 15mm, Babyliss 288TTE.  Brosse avec technologie C\u00e9ramique pour une temp\u00e9rature homog\u00e8ne, qui garantit une meilleure protection des cheveux. Les picots sont souples pour assurer un s\u00e9chage en douceur.  Sa poign\u00e9e est ergonomique et son cordon rotatif d&#039;une longueur de 2.70 m permet de faciliter la tenue en main et son utilisation.  D&#039;une puissance de 700 Watts, cette brosse dispose de deux vitesses et temp\u00e9ratures diff\u00e9rentes.  Existe aussi en 18mm et en 13mm.  On aime : Sa technologie alliant Titanium et Tourmaline qui permet de prot\u00e9ger le cheveu tout en lui apportant brillance. Une brosse id\u00e9al pour le s\u00e9chage ou pour faire des boucles avec du volume et de la douceur !  Conseils    S\u00e9parer une m\u00e8che fine et placer la brosse \u00e0 la racine, tout en maintenant les cheveux avec l\u2019autre main.   Faire glisser la brosse vers la pointe en enroulant les cheveux dans le sens\" \/>\n<meta name=\"robots\" content=\"index, follow, max-snippet:-1, max-image-preview:large, max-video-preview:-1\" \/>\n<link rel=\"canonical\" href=\"https:\/\/baya-shop.com\/home\/product\/babyliss-pro-brosse-chauffante-titanium-tourmaline-diametre-15mm-bab288tte\/\" \/>\n<meta property=\"og:locale\" content=\"fr_FR\" \/>\n<meta property=\"og:type\" content=\"article\" \/>\n<meta property=\"og:title\" content=\"Babyliss PRO Brosse chauffante Titanium Tourmaline BAB288TTE - Baya Shop\" \/>\n<meta property=\"og:description\" content=\"Brosse Chauffante Titanium Tourmaline 15mm, Babyliss 288TTE.  Brosse avec technologie C\u00e9ramique pour une temp\u00e9rature homog\u00e8ne, qui garantit une meilleure protection des cheveux. Les picots sont souples pour assurer un s\u00e9chage en douceur.  Sa poign\u00e9e est ergonomique et son cordon rotatif d&#039;une longueur de 2.70 m permet de faciliter la tenue en main et son utilisation.  D&#039;une puissance de 700 Watts, cette brosse dispose de deux vitesses et temp\u00e9ratures diff\u00e9rentes.  Existe aussi en 18mm et en 13mm.  On aime : Sa technologie alliant Titanium et Tourmaline qui permet de prot\u00e9ger le cheveu tout en lui apportant brillance. Une brosse id\u00e9al pour le s\u00e9chage ou pour faire des boucles avec du volume et de la douceur !  Conseils    S\u00e9parer une m\u00e8che fine et placer la brosse \u00e0 la racine, tout en maintenant les cheveux avec l\u2019autre main.   Faire glisser la brosse vers la pointe en enroulant les cheveux dans le sens\" \/>\n<meta property=\"og:url\" content=\"https:\/\/baya-shop.com\/home\/product\/babyliss-pro-brosse-chauffante-titanium-tourmaline-diametre-15mm-bab288tte\/\" \/>\n<meta property=\"og:site_name\" content=\"Baya Shop\" \/>\n<meta property=\"article:publisher\" content=\"https:\/\/www.facebook.com\/Baya-Shop-103955257949742\" \/>\n<meta property=\"article:modified_time\" content=\"2025-01-30T10:12:13+00:00\" \/>\n<meta property=\"og:image\" content=\"https:\/\/baya-shop.com\/wp-content\/uploads\/2023\/09\/pr_22857-01-600x600-1.webp\" \/>\n\t<meta property=\"og:image:width\" content=\"600\" \/>\n\t<meta property=\"og:image:height\" content=\"600\" \/>\n\t<meta property=\"og:image:type\" content=\"image\/webp\" \/>\n<meta name=\"twitter:card\" content=\"summary_large_image\" \/>\n<meta name=\"twitter:label1\" content=\"Dur\u00e9e de lecture estim\u00e9e\" \/>\n\t<meta name=\"twitter:data1\" content=\"1 minute\" \/>\n<script type=\"application\/ld+json\" class=\"yoast-schema-graph\">{\"@context\":\"https:\\\/\\\/schema.org\",\"@graph\":[{\"@type\":\"WebPage\",\"@id\":\"https:\\\/\\\/baya-shop.com\\\/home\\\/product\\\/babyliss-pro-brosse-chauffante-titanium-tourmaline-diametre-15mm-bab288tte\\\/\",\"url\":\"https:\\\/\\\/baya-shop.com\\\/home\\\/product\\\/babyliss-pro-brosse-chauffante-titanium-tourmaline-diametre-15mm-bab288tte\\\/\",\"name\":\"Babyliss PRO Brosse chauffante Titanium Tourmaline BAB288TTE - Baya Shop\",\"isPartOf\":{\"@id\":\"https:\\\/\\\/baya-shop.com\\\/home\\\/#website\"},\"primaryImageOfPage\":{\"@id\":\"https:\\\/\\\/baya-shop.com\\\/home\\\/product\\\/babyliss-pro-brosse-chauffante-titanium-tourmaline-diametre-15mm-bab288tte\\\/#primaryimage\"},\"image\":{\"@id\":\"https:\\\/\\\/baya-shop.com\\\/home\\\/product\\\/babyliss-pro-brosse-chauffante-titanium-tourmaline-diametre-15mm-bab288tte\\\/#primaryimage\"},\"thumbnailUrl\":\"https:\\\/\\\/i0.wp.com\\\/baya-shop.com\\\/wp-content\\\/uploads\\\/2023\\\/09\\\/pr_22857-01-600x600-1.webp?fit=600%2C600&ssl=1\",\"datePublished\":\"2023-09-26T14:07:17+00:00\",\"dateModified\":\"2025-01-30T10:12:13+00:00\",\"description\":\"Brosse Chauffante Titanium Tourmaline 15mm, Babyliss 288TTE. Brosse avec technologie C\u00e9ramique pour une temp\u00e9rature homog\u00e8ne, qui garantit une meilleure protection des cheveux. Les picots sont souples pour assurer un s\u00e9chage en douceur. Sa poign\u00e9e est ergonomique et son cordon rotatif d'une longueur de 2.70 m permet de faciliter la tenue en main et son utilisation. D'une puissance de 700 Watts, cette brosse dispose de deux vitesses et temp\u00e9ratures diff\u00e9rentes. Existe aussi en 18mm et en 13mm. On aime : Sa technologie alliant Titanium et Tourmaline qui permet de prot\u00e9ger le cheveu tout en lui apportant brillance. Une brosse id\u00e9al pour le s\u00e9chage ou pour faire des boucles avec du volume et de la douceur ! Conseils S\u00e9parer une m\u00e8che fine et placer la brosse \u00e0 la racine, tout en maintenant les cheveux avec l\u2019autre main. Faire glisser la brosse vers la pointe en enroulant les cheveux dans le sens\",\"breadcrumb\":{\"@id\":\"https:\\\/\\\/baya-shop.com\\\/home\\\/product\\\/babyliss-pro-brosse-chauffante-titanium-tourmaline-diametre-15mm-bab288tte\\\/#breadcrumb\"},\"inLanguage\":\"fr-FR\",\"potentialAction\":[{\"@type\":\"ReadAction\",\"target\":[\"https:\\\/\\\/baya-shop.com\\\/home\\\/product\\\/babyliss-pro-brosse-chauffante-titanium-tourmaline-diametre-15mm-bab288tte\\\/\"]}]},{\"@type\":\"ImageObject\",\"inLanguage\":\"fr-FR\",\"@id\":\"https:\\\/\\\/baya-shop.com\\\/home\\\/product\\\/babyliss-pro-brosse-chauffante-titanium-tourmaline-diametre-15mm-bab288tte\\\/#primaryimage\",\"url\":\"https:\\\/\\\/i0.wp.com\\\/baya-shop.com\\\/wp-content\\\/uploads\\\/2023\\\/09\\\/pr_22857-01-600x600-1.webp?fit=600%2C600&ssl=1\",\"contentUrl\":\"https:\\\/\\\/i0.wp.com\\\/baya-shop.com\\\/wp-content\\\/uploads\\\/2023\\\/09\\\/pr_22857-01-600x600-1.webp?fit=600%2C600&ssl=1\",\"width\":600,\"height\":600},{\"@type\":\"BreadcrumbList\",\"@id\":\"https:\\\/\\\/baya-shop.com\\\/home\\\/product\\\/babyliss-pro-brosse-chauffante-titanium-tourmaline-diametre-15mm-bab288tte\\\/#breadcrumb\",\"itemListElement\":[{\"@type\":\"ListItem\",\"position\":1,\"name\":\"Accueil\",\"item\":\"https:\\\/\\\/baya-shop.com\\\/home\\\/\"},{\"@type\":\"ListItem\",\"position\":2,\"name\":\"Shop\",\"item\":\"https:\\\/\\\/baya-shop.com\\\/home\\\/shop\\\/\"},{\"@type\":\"ListItem\",\"position\":3,\"name\":\"Babyliss PRO Brosse chauffante Titanium Tourmaline BAB288TTE\"}]},{\"@type\":\"WebSite\",\"@id\":\"https:\\\/\\\/baya-shop.com\\\/home\\\/#website\",\"url\":\"https:\\\/\\\/baya-shop.com\\\/home\\\/\",\"name\":\"Baya Shop\",\"description\":\"\",\"publisher\":{\"@id\":\"https:\\\/\\\/baya-shop.com\\\/home\\\/#organization\"},\"potentialAction\":[{\"@type\":\"SearchAction\",\"target\":{\"@type\":\"EntryPoint\",\"urlTemplate\":\"https:\\\/\\\/baya-shop.com\\\/home\\\/?s={search_term_string}\"},\"query-input\":{\"@type\":\"PropertyValueSpecification\",\"valueRequired\":true,\"valueName\":\"search_term_string\"}}],\"inLanguage\":\"fr-FR\"},{\"@type\":\"Organization\",\"@id\":\"https:\\\/\\\/baya-shop.com\\\/home\\\/#organization\",\"name\":\"Baya Shop\",\"url\":\"https:\\\/\\\/baya-shop.com\\\/home\\\/\",\"logo\":{\"@type\":\"ImageObject\",\"inLanguage\":\"fr-FR\",\"@id\":\"https:\\\/\\\/baya-shop.com\\\/home\\\/#\\\/schema\\\/logo\\\/image\\\/\",\"url\":\"https:\\\/\\\/baya-shop.com\\\/wp-content\\\/uploads\\\/2020\\\/11\\\/g.png\",\"contentUrl\":\"https:\\\/\\\/baya-shop.com\\\/wp-content\\\/uploads\\\/2020\\\/11\\\/g.png\",\"width\":64,\"height\":64,\"caption\":\"Baya Shop\"},\"image\":{\"@id\":\"https:\\\/\\\/baya-shop.com\\\/home\\\/#\\\/schema\\\/logo\\\/image\\\/\"},\"sameAs\":[\"https:\\\/\\\/www.facebook.com\\\/Baya-Shop-103955257949742\",\"https:\\\/\\\/www.instagram.com\\\/baya_shop_dz\\\/\"]}]}<\/script>\n<!-- \/ Yoast SEO plugin. -->","yoast_head_json":{"title":"Babyliss PRO Brosse chauffante Titanium Tourmaline BAB288TTE - Baya Shop","description":"Brosse Chauffante Titanium Tourmaline 15mm, Babyliss 288TTE.  Brosse avec technologie C\u00e9ramique pour une temp\u00e9rature homog\u00e8ne, qui garantit une meilleure protection des cheveux. Les picots sont souples pour assurer un s\u00e9chage en douceur.  Sa poign\u00e9e est ergonomique et son cordon rotatif d'une longueur de 2.70 m permet de faciliter la tenue en main et son utilisation.  D'une puissance de 700 Watts, cette brosse dispose de deux vitesses et temp\u00e9ratures diff\u00e9rentes.  Existe aussi en 18mm et en 13mm.  On aime : Sa technologie alliant Titanium et Tourmaline qui permet de prot\u00e9ger le cheveu tout en lui apportant brillance. Une brosse id\u00e9al pour le s\u00e9chage ou pour faire des boucles avec du volume et de la douceur !  Conseils    S\u00e9parer une m\u00e8che fine et placer la brosse \u00e0 la racine, tout en maintenant les cheveux avec l\u2019autre main.   Faire glisser la brosse vers la pointe en enroulant les cheveux dans le sens","robots":{"index":"index","follow":"follow","max-snippet":"max-snippet:-1","max-image-preview":"max-image-preview:large","max-video-preview":"max-video-preview:-1"},"canonical":"https:\/\/baya-shop.com\/home\/product\/babyliss-pro-brosse-chauffante-titanium-tourmaline-diametre-15mm-bab288tte\/","og_locale":"fr_FR","og_type":"article","og_title":"Babyliss PRO Brosse chauffante Titanium Tourmaline BAB288TTE - Baya Shop","og_description":"Brosse Chauffante Titanium Tourmaline 15mm, Babyliss 288TTE.  Brosse avec technologie C\u00e9ramique pour une temp\u00e9rature homog\u00e8ne, qui garantit une meilleure protection des cheveux. Les picots sont souples pour assurer un s\u00e9chage en douceur.  Sa poign\u00e9e est ergonomique et son cordon rotatif d'une longueur de 2.70 m permet de faciliter la tenue en main et son utilisation.  D'une puissance de 700 Watts, cette brosse dispose de deux vitesses et temp\u00e9ratures diff\u00e9rentes.  Existe aussi en 18mm et en 13mm.  On aime : Sa technologie alliant Titanium et Tourmaline qui permet de prot\u00e9ger le cheveu tout en lui apportant brillance. Une brosse id\u00e9al pour le s\u00e9chage ou pour faire des boucles avec du volume et de la douceur !  Conseils    S\u00e9parer une m\u00e8che fine et placer la brosse \u00e0 la racine, tout en maintenant les cheveux avec l\u2019autre main.   Faire glisser la brosse vers la pointe en enroulant les cheveux dans le sens","og_url":"https:\/\/baya-shop.com\/home\/product\/babyliss-pro-brosse-chauffante-titanium-tourmaline-diametre-15mm-bab288tte\/","og_site_name":"Baya Shop","article_publisher":"https:\/\/www.facebook.com\/Baya-Shop-103955257949742","article_modified_time":"2025-01-30T10:12:13+00:00","og_image":[{"width":600,"height":600,"url":"https:\/\/baya-shop.com\/wp-content\/uploads\/2023\/09\/pr_22857-01-600x600-1.webp","type":"image\/webp"}],"twitter_card":"summary_large_image","twitter_misc":{"Dur\u00e9e de lecture estim\u00e9e":"1 minute"},"schema":{"@context":"https:\/\/schema.org","@graph":[{"@type":"WebPage","@id":"https:\/\/baya-shop.com\/home\/product\/babyliss-pro-brosse-chauffante-titanium-tourmaline-diametre-15mm-bab288tte\/","url":"https:\/\/baya-shop.com\/home\/product\/babyliss-pro-brosse-chauffante-titanium-tourmaline-diametre-15mm-bab288tte\/","name":"Babyliss PRO Brosse chauffante Titanium Tourmaline BAB288TTE - Baya Shop","isPartOf":{"@id":"https:\/\/baya-shop.com\/home\/#website"},"primaryImageOfPage":{"@id":"https:\/\/baya-shop.com\/home\/product\/babyliss-pro-brosse-chauffante-titanium-tourmaline-diametre-15mm-bab288tte\/#primaryimage"},"image":{"@id":"https:\/\/baya-shop.com\/home\/product\/babyliss-pro-brosse-chauffante-titanium-tourmaline-diametre-15mm-bab288tte\/#primaryimage"},"thumbnailUrl":"https:\/\/i0.wp.com\/baya-shop.com\/wp-content\/uploads\/2023\/09\/pr_22857-01-600x600-1.webp?fit=600%2C600&ssl=1","datePublished":"2023-09-26T14:07:17+00:00","dateModified":"2025-01-30T10:12:13+00:00","description":"Brosse Chauffante Titanium Tourmaline 15mm, Babyliss 288TTE. Brosse avec technologie C\u00e9ramique pour une temp\u00e9rature homog\u00e8ne, qui garantit une meilleure protection des cheveux. Les picots sont souples pour assurer un s\u00e9chage en douceur. Sa poign\u00e9e est ergonomique et son cordon rotatif d'une longueur de 2.70 m permet de faciliter la tenue en main et son utilisation. D'une puissance de 700 Watts, cette brosse dispose de deux vitesses et temp\u00e9ratures diff\u00e9rentes. Existe aussi en 18mm et en 13mm. On aime : Sa technologie alliant Titanium et Tourmaline qui permet de prot\u00e9ger le cheveu tout en lui apportant brillance. Une brosse id\u00e9al pour le s\u00e9chage ou pour faire des boucles avec du volume et de la douceur ! Conseils S\u00e9parer une m\u00e8che fine et placer la brosse \u00e0 la racine, tout en maintenant les cheveux avec l\u2019autre main. Faire glisser la brosse vers la pointe en enroulant les cheveux dans le sens","breadcrumb":{"@id":"https:\/\/baya-shop.com\/home\/product\/babyliss-pro-brosse-chauffante-titanium-tourmaline-diametre-15mm-bab288tte\/#breadcrumb"},"inLanguage":"fr-FR","potentialAction":[{"@type":"ReadAction","target":["https:\/\/baya-shop.com\/home\/product\/babyliss-pro-brosse-chauffante-titanium-tourmaline-diametre-15mm-bab288tte\/"]}]},{"@type":"ImageObject","inLanguage":"fr-FR","@id":"https:\/\/baya-shop.com\/home\/product\/babyliss-pro-brosse-chauffante-titanium-tourmaline-diametre-15mm-bab288tte\/#primaryimage","url":"https:\/\/i0.wp.com\/baya-shop.com\/wp-content\/uploads\/2023\/09\/pr_22857-01-600x600-1.webp?fit=600%2C600&ssl=1","contentUrl":"https:\/\/i0.wp.com\/baya-shop.com\/wp-content\/uploads\/2023\/09\/pr_22857-01-600x600-1.webp?fit=600%2C600&ssl=1","width":600,"height":600},{"@type":"BreadcrumbList","@id":"https:\/\/baya-shop.com\/home\/product\/babyliss-pro-brosse-chauffante-titanium-tourmaline-diametre-15mm-bab288tte\/#breadcrumb","itemListElement":[{"@type":"ListItem","position":1,"name":"Accueil","item":"https:\/\/baya-shop.com\/home\/"},{"@type":"ListItem","position":2,"name":"Shop","item":"https:\/\/baya-shop.com\/home\/shop\/"},{"@type":"ListItem","position":3,"name":"Babyliss PRO Brosse chauffante Titanium Tourmaline BAB288TTE"}]},{"@type":"WebSite","@id":"https:\/\/baya-shop.com\/home\/#website","url":"https:\/\/baya-shop.com\/home\/","name":"Baya Shop","description":"","publisher":{"@id":"https:\/\/baya-shop.com\/home\/#organization"},"potentialAction":[{"@type":"SearchAction","target":{"@type":"EntryPoint","urlTemplate":"https:\/\/baya-shop.com\/home\/?s={search_term_string}"},"query-input":{"@type":"PropertyValueSpecification","valueRequired":true,"valueName":"search_term_string"}}],"inLanguage":"fr-FR"},{"@type":"Organization","@id":"https:\/\/baya-shop.com\/home\/#organization","name":"Baya Shop","url":"https:\/\/baya-shop.com\/home\/","logo":{"@type":"ImageObject","inLanguage":"fr-FR","@id":"https:\/\/baya-shop.com\/home\/#\/schema\/logo\/image\/","url":"https:\/\/baya-shop.com\/wp-content\/uploads\/2020\/11\/g.png","contentUrl":"https:\/\/baya-shop.com\/wp-content\/uploads\/2020\/11\/g.png","width":64,"height":64,"caption":"Baya Shop"},"image":{"@id":"https:\/\/baya-shop.com\/home\/#\/schema\/logo\/image\/"},"sameAs":["https:\/\/www.facebook.com\/Baya-Shop-103955257949742","https:\/\/www.instagram.com\/baya_shop_dz\/"]}]}},"jetpack_publicize_connections":[],"jetpack_sharing_enabled":true,"jetpack_likes_enabled":true,"jetpack-related-posts":[],"_links":{"self":[{"href":"https:\/\/baya-shop.com\/home\/wp-json\/wp\/v2\/product\/2794","targetHints":{"allow":["GET"]}}],"collection":[{"href":"https:\/\/baya-shop.com\/home\/wp-json\/wp\/v2\/product"}],"about":[{"href":"https:\/\/baya-shop.com\/home\/wp-json\/wp\/v2\/types\/product"}],"replies":[{"embeddable":true,"href":"https:\/\/baya-shop.com\/home\/wp-json\/wp\/v2\/comments?post=2794"}],"wp:featuredmedia":[{"embeddable":true,"href":"https:\/\/baya-shop.com\/home\/wp-json\/wp\/v2\/media\/3588"}],"wp:attachment":[{"href":"https:\/\/baya-shop.com\/home\/wp-json\/wp\/v2\/media?parent=2794"}],"wp:term":[{"taxonomy":"product_brand","embeddable":true,"href":"https:\/\/baya-shop.com\/home\/wp-json\/wp\/v2\/product_brand?post=2794"},{"taxonomy":"product_cat","embeddable":true,"href":"https:\/\/baya-shop.com\/home\/wp-json\/wp\/v2\/product_cat?post=2794"},{"taxonomy":"product_tag","embeddable":true,"href":"https:\/\/baya-shop.com\/home\/wp-json\/wp\/v2\/product_tag?post=2794"}],"curies":[{"name":"wp","href":"https:\/\/api.w.org\/{rel}","templated":true}]}}