{"id":2725,"date":"2023-09-26T10:54:00","date_gmt":"2023-09-26T09:54:00","guid":{"rendered":"https:\/\/baya-shop.com\/home\/?post_type=product&#038;p=2725"},"modified":"2024-09-17T11:36:17","modified_gmt":"2024-09-17T10:36:17","slug":"gama-italy-professional-set-pour-ongles-nails-spa-essentials-9-en-1-1-piece-gsp0803","status":"publish","type":"product","link":"https:\/\/baya-shop.com\/home\/product\/gama-italy-professional-set-pour-ongles-nails-spa-essentials-9-en-1-1-piece-gsp0803\/","title":{"rendered":"GAMA Set pour ongles Nails Spa Essentials 9 en 1 \u2013 1 pi\u00e8ce GSP0803"},"content":{"rendered":"","protected":false},"excerpt":{"rendered":"<h2 class=\"default\">Description du produit<\/h2>\n<div id=\"productDescription\" class=\"a-section a-spacing-small\">\n<p>Gama Nails Spa 9\u00a0en 1\u00a0est le set manucure et p\u00e9dicure pour un trattaemnto professionnel des ongles de mains et pieds directement \u00e0 la maison, de mani\u00e8re simple et rapide\u202f; il est dot\u00e9 d&rsquo;une unit\u00e9 centrale qui peut fonctionner soit en mode cord-cordelss et est attach\u00e9 \u00e0 la courant \u00e9lectrique via le transformateur\u202f; Nails Spa 9\u00a0en 1\u00a0est dot\u00e9 de pas moins de 8\u00a0accessoires pour le traitement sp\u00e9cifique \u00e0 unghi, Call et durillons, ainsi qu&rsquo;un b\u00e2tonnet pour soulever et traiter les cuticules\u202f; \u00e0 l&rsquo;int\u00e9rieur du coffret se Sont petit disque\u202f: modelage \u00e0 grain fin en saphir, un disque poli en feutre de polissage des ongles\u202f; deux disques modellanti grandes \u00e0 grain grossier et fin, et un petit c\u00f4ne modelage Saphir\u202f; deux c\u00f4nes\u202f: un c\u00f4ne \u00e0 pointe grosse et un petit c\u00f4ne \u00e0 pointe fine\u202f; enfin un petit disque modelage \u00e0 grain grossier pour limer et raccourcir les ongles plus \u00e9paisses\u202f; Gama Nails Spa 9\u00a0en 1\u00a0est le coffret de rangement \u00e0 la maison pour le traitement complet des ongles des mains et des pieds.<\/p>\n<h1 class=\"a-size-base-plus a-text-bold\">\u00c0 propos de cet article<\/h1>\n<ul class=\"a-unordered-list a-vertical a-spacing-mini\">\n<li class=\"a-spacing-mini\"><span class=\"a-list-item\">Fonction Cord-Cordless<\/span><\/li>\n<li class=\"a-spacing-mini\"><span class=\"a-list-item\">Temps de rechargement de la batterie\u202f: 4\u00a0heures, Autonomie de la batterie\u202f: 2\u00a0heures<\/span><\/li>\n<li class=\"a-spacing-mini\"><span class=\"a-list-item\">Confortable base porte accessoires<\/span><\/li>\n<li class=\"a-spacing-mini\"><span class=\"a-list-item\">1\u00a0vitesse, Multi-volt\u202f: 100\u00a0\u2013\u00a0240\u00a0V<\/span><\/li>\n<li class=\"a-spacing-mini\"><span class=\"a-list-item\">9\u00a0accessoires interchangeables\u202f: c\u00f4ne saphir, c\u00f4ne \u00e0 pointe fine, c\u00f4ne \u00e0 Dessinez, petit disque \u00e0 grain fin, petit disque \u00e0 grain grossier, disque poli Grand, Grand Disque \u00e0 grain fin, disque \u00e0 grain grossier, b\u00e2tonnet \u00e0 cuticules<\/span><\/li>\n<\/ul>\n<\/div>\n","protected":false},"featured_media":3582,"comment_status":"open","ping_status":"closed","template":"","meta":{"jetpack_post_was_ever_published":false,"jetpack_publicize_message":"","jetpack_publicize_feature_enabled":true,"jetpack_social_post_already_shared":false,"jetpack_social_options":{"image_generator_settings":{"template":"highway","default_image_id":0,"font":"","enabled":false},"version":2}},"product_brand":[],"product_cat":[19,48],"product_tag":[],"class_list":{"0":"post-2725","1":"product","2":"type-product","3":"status-publish","4":"has-post-thumbnail","6":"product_cat-beaute","7":"product_cat-gama","9":"first","10":"outofstock","11":"shipping-taxable","12":"product-type-simple"},"yoast_head":"<!-- This site is optimized with the Yoast SEO plugin v27.4 - https:\/\/yoast.com\/product\/yoast-seo-wordpress\/ -->\n<title>GAMA Set pour ongles Nails Spa Essentials 9 en 1 \u2013 1 pi\u00e8ce GSP0803 - Baya Shop<\/title>\n<meta name=\"description\" content=\"Description du produit   Gama Nails Spa 9\u00a0en 1\u00a0est le set manucure et p\u00e9dicure pour un trattaemnto professionnel des ongles de mains et pieds directement \u00e0 la maison, de mani\u00e8re simple et rapide\u202f; il est dot\u00e9 d&#039;une unit\u00e9 centrale qui peut fonctionner soit en mode cord-cordelss et est attach\u00e9 \u00e0 la courant \u00e9lectrique via le transformateur\u202f; Nails Spa 9\u00a0en 1\u00a0est dot\u00e9 de pas moins de 8\u00a0accessoires pour le traitement sp\u00e9cifique \u00e0 unghi, Call et durillons, ainsi qu&#039;un b\u00e2tonnet pour soulever et traiter les cuticules\u202f; \u00e0 l&#039;int\u00e9rieur du coffret se Sont petit disque\u202f: modelage \u00e0 grain fin en saphir, un disque poli en feutre de polissage des ongles\u202f; deux disques modellanti grandes \u00e0 grain grossier et fin, et un petit c\u00f4ne modelage Saphir\u202f; deux c\u00f4nes\u202f: un c\u00f4ne \u00e0 pointe grosse et un petit c\u00f4ne \u00e0 pointe fine\u202f; enfin un petit disque modelage \u00e0 grain grossier pour limer et raccourcir les ongles plus \u00e9paisses\u202f; Gama Nails Spa 9\u00a0en 1\u00a0est le coffret de rangement \u00e0 la maison pour le traitement complet des ongles des mains et des pieds. \u00c0 propos de cet article   Fonction Cord-Cordless  Temps de rechargement de la batterie\u202f: 4\u00a0heures, Autonomie de la batterie\u202f: 2\u00a0heures  Confortable base porte accessoires  1\u00a0vitesse, Multi-volt\u202f: 100\u00a0\u2013\u00a0240\u00a0V  9\u00a0accessoires interchangeables\u202f: c\u00f4ne saphir, c\u00f4ne \u00e0 pointe fine, c\u00f4ne \u00e0 Dessinez, petit disque \u00e0 grain fin, petit disque \u00e0 grain grossier, disque poli Grand, Grand Disque \u00e0 grain fin, disque \u00e0 grain grossier, b\u00e2tonnet \u00e0 cuticules\" \/>\n<meta name=\"robots\" content=\"index, follow, max-snippet:-1, max-image-preview:large, max-video-preview:-1\" \/>\n<link rel=\"canonical\" href=\"https:\/\/baya-shop.com\/home\/product\/gama-italy-professional-set-pour-ongles-nails-spa-essentials-9-en-1-1-piece-gsp0803\/\" \/>\n<meta property=\"og:locale\" content=\"fr_FR\" \/>\n<meta property=\"og:type\" content=\"article\" \/>\n<meta property=\"og:title\" content=\"GAMA Set pour ongles Nails Spa Essentials 9 en 1 \u2013 1 pi\u00e8ce GSP0803 - Baya Shop\" \/>\n<meta property=\"og:description\" content=\"Description du produit   Gama Nails Spa 9\u00a0en 1\u00a0est le set manucure et p\u00e9dicure pour un trattaemnto professionnel des ongles de mains et pieds directement \u00e0 la maison, de mani\u00e8re simple et rapide\u202f; il est dot\u00e9 d&#039;une unit\u00e9 centrale qui peut fonctionner soit en mode cord-cordelss et est attach\u00e9 \u00e0 la courant \u00e9lectrique via le transformateur\u202f; Nails Spa 9\u00a0en 1\u00a0est dot\u00e9 de pas moins de 8\u00a0accessoires pour le traitement sp\u00e9cifique \u00e0 unghi, Call et durillons, ainsi qu&#039;un b\u00e2tonnet pour soulever et traiter les cuticules\u202f; \u00e0 l&#039;int\u00e9rieur du coffret se Sont petit disque\u202f: modelage \u00e0 grain fin en saphir, un disque poli en feutre de polissage des ongles\u202f; deux disques modellanti grandes \u00e0 grain grossier et fin, et un petit c\u00f4ne modelage Saphir\u202f; deux c\u00f4nes\u202f: un c\u00f4ne \u00e0 pointe grosse et un petit c\u00f4ne \u00e0 pointe fine\u202f; enfin un petit disque modelage \u00e0 grain grossier pour limer et raccourcir les ongles plus \u00e9paisses\u202f; Gama Nails Spa 9\u00a0en 1\u00a0est le coffret de rangement \u00e0 la maison pour le traitement complet des ongles des mains et des pieds. \u00c0 propos de cet article   Fonction Cord-Cordless  Temps de rechargement de la batterie\u202f: 4\u00a0heures, Autonomie de la batterie\u202f: 2\u00a0heures  Confortable base porte accessoires  1\u00a0vitesse, Multi-volt\u202f: 100\u00a0\u2013\u00a0240\u00a0V  9\u00a0accessoires interchangeables\u202f: c\u00f4ne saphir, c\u00f4ne \u00e0 pointe fine, c\u00f4ne \u00e0 Dessinez, petit disque \u00e0 grain fin, petit disque \u00e0 grain grossier, disque poli Grand, Grand Disque \u00e0 grain fin, disque \u00e0 grain grossier, b\u00e2tonnet \u00e0 cuticules\" \/>\n<meta property=\"og:url\" content=\"https:\/\/baya-shop.com\/home\/product\/gama-italy-professional-set-pour-ongles-nails-spa-essentials-9-en-1-1-piece-gsp0803\/\" \/>\n<meta property=\"og:site_name\" content=\"Baya Shop\" \/>\n<meta property=\"article:publisher\" content=\"https:\/\/www.facebook.com\/Baya-Shop-103955257949742\" \/>\n<meta property=\"article:modified_time\" content=\"2024-09-17T10:36:17+00:00\" \/>\n<meta property=\"og:image\" content=\"https:\/\/baya-shop.com\/wp-content\/uploads\/2023\/09\/gsp-0803-ga-ma-manicure-1-1500x1500-1.jpg\" \/>\n\t<meta property=\"og:image:width\" content=\"1500\" \/>\n\t<meta property=\"og:image:height\" content=\"1500\" \/>\n\t<meta property=\"og:image:type\" content=\"image\/jpeg\" \/>\n<meta name=\"twitter:card\" content=\"summary_large_image\" \/>\n<meta name=\"twitter:label1\" content=\"Dur\u00e9e de lecture estim\u00e9e\" \/>\n\t<meta name=\"twitter:data1\" content=\"1 minute\" \/>\n<script type=\"application\/ld+json\" class=\"yoast-schema-graph\">{\"@context\":\"https:\\\/\\\/schema.org\",\"@graph\":[{\"@type\":\"WebPage\",\"@id\":\"https:\\\/\\\/baya-shop.com\\\/home\\\/product\\\/gama-italy-professional-set-pour-ongles-nails-spa-essentials-9-en-1-1-piece-gsp0803\\\/\",\"url\":\"https:\\\/\\\/baya-shop.com\\\/home\\\/product\\\/gama-italy-professional-set-pour-ongles-nails-spa-essentials-9-en-1-1-piece-gsp0803\\\/\",\"name\":\"GAMA Set pour ongles Nails Spa Essentials 9 en 1 \u2013 1 pi\u00e8ce GSP0803 - Baya Shop\",\"isPartOf\":{\"@id\":\"https:\\\/\\\/baya-shop.com\\\/home\\\/#website\"},\"primaryImageOfPage\":{\"@id\":\"https:\\\/\\\/baya-shop.com\\\/home\\\/product\\\/gama-italy-professional-set-pour-ongles-nails-spa-essentials-9-en-1-1-piece-gsp0803\\\/#primaryimage\"},\"image\":{\"@id\":\"https:\\\/\\\/baya-shop.com\\\/home\\\/product\\\/gama-italy-professional-set-pour-ongles-nails-spa-essentials-9-en-1-1-piece-gsp0803\\\/#primaryimage\"},\"thumbnailUrl\":\"https:\\\/\\\/i0.wp.com\\\/baya-shop.com\\\/wp-content\\\/uploads\\\/2023\\\/09\\\/gsp-0803-ga-ma-manicure-1-1500x1500-1.jpg?fit=1500%2C1500&ssl=1\",\"datePublished\":\"2023-09-26T09:54:00+00:00\",\"dateModified\":\"2024-09-17T10:36:17+00:00\",\"description\":\"Description du produit Gama Nails Spa 9\u00a0en 1\u00a0est le set manucure et p\u00e9dicure pour un trattaemnto professionnel des ongles de mains et pieds directement \u00e0 la maison, de mani\u00e8re simple et rapide\u202f; il est dot\u00e9 d'une unit\u00e9 centrale qui peut fonctionner soit en mode cord-cordelss et est attach\u00e9 \u00e0 la courant \u00e9lectrique via le transformateur\u202f; Nails Spa 9\u00a0en 1\u00a0est dot\u00e9 de pas moins de 8\u00a0accessoires pour le traitement sp\u00e9cifique \u00e0 unghi, Call et durillons, ainsi qu'un b\u00e2tonnet pour soulever et traiter les cuticules\u202f; \u00e0 l'int\u00e9rieur du coffret se Sont petit disque\u202f: modelage \u00e0 grain fin en saphir, un disque poli en feutre de polissage des ongles\u202f; deux disques modellanti grandes \u00e0 grain grossier et fin, et un petit c\u00f4ne modelage Saphir\u202f; deux c\u00f4nes\u202f: un c\u00f4ne \u00e0 pointe grosse et un petit c\u00f4ne \u00e0 pointe fine\u202f; enfin un petit disque modelage \u00e0 grain grossier pour limer et raccourcir les ongles plus \u00e9paisses\u202f; Gama Nails Spa 9\u00a0en 1\u00a0est le coffret de rangement \u00e0 la maison pour le traitement complet des ongles des mains et des pieds. \u00c0 propos de cet article Fonction Cord-Cordless Temps de rechargement de la batterie\u202f: 4\u00a0heures, Autonomie de la batterie\u202f: 2\u00a0heures Confortable base porte accessoires 1\u00a0vitesse, Multi-volt\u202f: 100\u00a0\u2013\u00a0240\u00a0V 9\u00a0accessoires interchangeables\u202f: c\u00f4ne saphir, c\u00f4ne \u00e0 pointe fine, c\u00f4ne \u00e0 Dessinez, petit disque \u00e0 grain fin, petit disque \u00e0 grain grossier, disque poli Grand, Grand Disque \u00e0 grain fin, disque \u00e0 grain grossier, b\u00e2tonnet \u00e0 cuticules\",\"breadcrumb\":{\"@id\":\"https:\\\/\\\/baya-shop.com\\\/home\\\/product\\\/gama-italy-professional-set-pour-ongles-nails-spa-essentials-9-en-1-1-piece-gsp0803\\\/#breadcrumb\"},\"inLanguage\":\"fr-FR\",\"potentialAction\":[{\"@type\":\"ReadAction\",\"target\":[\"https:\\\/\\\/baya-shop.com\\\/home\\\/product\\\/gama-italy-professional-set-pour-ongles-nails-spa-essentials-9-en-1-1-piece-gsp0803\\\/\"]}]},{\"@type\":\"ImageObject\",\"inLanguage\":\"fr-FR\",\"@id\":\"https:\\\/\\\/baya-shop.com\\\/home\\\/product\\\/gama-italy-professional-set-pour-ongles-nails-spa-essentials-9-en-1-1-piece-gsp0803\\\/#primaryimage\",\"url\":\"https:\\\/\\\/i0.wp.com\\\/baya-shop.com\\\/wp-content\\\/uploads\\\/2023\\\/09\\\/gsp-0803-ga-ma-manicure-1-1500x1500-1.jpg?fit=1500%2C1500&ssl=1\",\"contentUrl\":\"https:\\\/\\\/i0.wp.com\\\/baya-shop.com\\\/wp-content\\\/uploads\\\/2023\\\/09\\\/gsp-0803-ga-ma-manicure-1-1500x1500-1.jpg?fit=1500%2C1500&ssl=1\",\"width\":1500,\"height\":1500},{\"@type\":\"BreadcrumbList\",\"@id\":\"https:\\\/\\\/baya-shop.com\\\/home\\\/product\\\/gama-italy-professional-set-pour-ongles-nails-spa-essentials-9-en-1-1-piece-gsp0803\\\/#breadcrumb\",\"itemListElement\":[{\"@type\":\"ListItem\",\"position\":1,\"name\":\"Accueil\",\"item\":\"https:\\\/\\\/baya-shop.com\\\/home\\\/\"},{\"@type\":\"ListItem\",\"position\":2,\"name\":\"Shop\",\"item\":\"https:\\\/\\\/baya-shop.com\\\/home\\\/shop\\\/\"},{\"@type\":\"ListItem\",\"position\":3,\"name\":\"GAMA Set pour ongles Nails Spa Essentials 9 en 1 \u2013 1 pi\u00e8ce GSP0803\"}]},{\"@type\":\"WebSite\",\"@id\":\"https:\\\/\\\/baya-shop.com\\\/home\\\/#website\",\"url\":\"https:\\\/\\\/baya-shop.com\\\/home\\\/\",\"name\":\"Baya Shop\",\"description\":\"\",\"publisher\":{\"@id\":\"https:\\\/\\\/baya-shop.com\\\/home\\\/#organization\"},\"potentialAction\":[{\"@type\":\"SearchAction\",\"target\":{\"@type\":\"EntryPoint\",\"urlTemplate\":\"https:\\\/\\\/baya-shop.com\\\/home\\\/?s={search_term_string}\"},\"query-input\":{\"@type\":\"PropertyValueSpecification\",\"valueRequired\":true,\"valueName\":\"search_term_string\"}}],\"inLanguage\":\"fr-FR\"},{\"@type\":\"Organization\",\"@id\":\"https:\\\/\\\/baya-shop.com\\\/home\\\/#organization\",\"name\":\"Baya Shop\",\"url\":\"https:\\\/\\\/baya-shop.com\\\/home\\\/\",\"logo\":{\"@type\":\"ImageObject\",\"inLanguage\":\"fr-FR\",\"@id\":\"https:\\\/\\\/baya-shop.com\\\/home\\\/#\\\/schema\\\/logo\\\/image\\\/\",\"url\":\"https:\\\/\\\/baya-shop.com\\\/wp-content\\\/uploads\\\/2020\\\/11\\\/g.png\",\"contentUrl\":\"https:\\\/\\\/baya-shop.com\\\/wp-content\\\/uploads\\\/2020\\\/11\\\/g.png\",\"width\":64,\"height\":64,\"caption\":\"Baya Shop\"},\"image\":{\"@id\":\"https:\\\/\\\/baya-shop.com\\\/home\\\/#\\\/schema\\\/logo\\\/image\\\/\"},\"sameAs\":[\"https:\\\/\\\/www.facebook.com\\\/Baya-Shop-103955257949742\",\"https:\\\/\\\/www.instagram.com\\\/baya_shop_dz\\\/\"]}]}<\/script>\n<!-- \/ Yoast SEO plugin. -->","yoast_head_json":{"title":"GAMA Set pour ongles Nails Spa Essentials 9 en 1 \u2013 1 pi\u00e8ce GSP0803 - Baya Shop","description":"Description du produit   Gama Nails Spa 9\u00a0en 1\u00a0est le set manucure et p\u00e9dicure pour un trattaemnto professionnel des ongles de mains et pieds directement \u00e0 la maison, de mani\u00e8re simple et rapide\u202f; il est dot\u00e9 d'une unit\u00e9 centrale qui peut fonctionner soit en mode cord-cordelss et est attach\u00e9 \u00e0 la courant \u00e9lectrique via le transformateur\u202f; Nails Spa 9\u00a0en 1\u00a0est dot\u00e9 de pas moins de 8\u00a0accessoires pour le traitement sp\u00e9cifique \u00e0 unghi, Call et durillons, ainsi qu'un b\u00e2tonnet pour soulever et traiter les cuticules\u202f; \u00e0 l'int\u00e9rieur du coffret se Sont petit disque\u202f: modelage \u00e0 grain fin en saphir, un disque poli en feutre de polissage des ongles\u202f; deux disques modellanti grandes \u00e0 grain grossier et fin, et un petit c\u00f4ne modelage Saphir\u202f; deux c\u00f4nes\u202f: un c\u00f4ne \u00e0 pointe grosse et un petit c\u00f4ne \u00e0 pointe fine\u202f; enfin un petit disque modelage \u00e0 grain grossier pour limer et raccourcir les ongles plus \u00e9paisses\u202f; Gama Nails Spa 9\u00a0en 1\u00a0est le coffret de rangement \u00e0 la maison pour le traitement complet des ongles des mains et des pieds. \u00c0 propos de cet article   Fonction Cord-Cordless  Temps de rechargement de la batterie\u202f: 4\u00a0heures, Autonomie de la batterie\u202f: 2\u00a0heures  Confortable base porte accessoires  1\u00a0vitesse, Multi-volt\u202f: 100\u00a0\u2013\u00a0240\u00a0V  9\u00a0accessoires interchangeables\u202f: c\u00f4ne saphir, c\u00f4ne \u00e0 pointe fine, c\u00f4ne \u00e0 Dessinez, petit disque \u00e0 grain fin, petit disque \u00e0 grain grossier, disque poli Grand, Grand Disque \u00e0 grain fin, disque \u00e0 grain grossier, b\u00e2tonnet \u00e0 cuticules","robots":{"index":"index","follow":"follow","max-snippet":"max-snippet:-1","max-image-preview":"max-image-preview:large","max-video-preview":"max-video-preview:-1"},"canonical":"https:\/\/baya-shop.com\/home\/product\/gama-italy-professional-set-pour-ongles-nails-spa-essentials-9-en-1-1-piece-gsp0803\/","og_locale":"fr_FR","og_type":"article","og_title":"GAMA Set pour ongles Nails Spa Essentials 9 en 1 \u2013 1 pi\u00e8ce GSP0803 - Baya Shop","og_description":"Description du produit   Gama Nails Spa 9\u00a0en 1\u00a0est le set manucure et p\u00e9dicure pour un trattaemnto professionnel des ongles de mains et pieds directement \u00e0 la maison, de mani\u00e8re simple et rapide\u202f; il est dot\u00e9 d'une unit\u00e9 centrale qui peut fonctionner soit en mode cord-cordelss et est attach\u00e9 \u00e0 la courant \u00e9lectrique via le transformateur\u202f; Nails Spa 9\u00a0en 1\u00a0est dot\u00e9 de pas moins de 8\u00a0accessoires pour le traitement sp\u00e9cifique \u00e0 unghi, Call et durillons, ainsi qu'un b\u00e2tonnet pour soulever et traiter les cuticules\u202f; \u00e0 l'int\u00e9rieur du coffret se Sont petit disque\u202f: modelage \u00e0 grain fin en saphir, un disque poli en feutre de polissage des ongles\u202f; deux disques modellanti grandes \u00e0 grain grossier et fin, et un petit c\u00f4ne modelage Saphir\u202f; deux c\u00f4nes\u202f: un c\u00f4ne \u00e0 pointe grosse et un petit c\u00f4ne \u00e0 pointe fine\u202f; enfin un petit disque modelage \u00e0 grain grossier pour limer et raccourcir les ongles plus \u00e9paisses\u202f; Gama Nails Spa 9\u00a0en 1\u00a0est le coffret de rangement \u00e0 la maison pour le traitement complet des ongles des mains et des pieds. \u00c0 propos de cet article   Fonction Cord-Cordless  Temps de rechargement de la batterie\u202f: 4\u00a0heures, Autonomie de la batterie\u202f: 2\u00a0heures  Confortable base porte accessoires  1\u00a0vitesse, Multi-volt\u202f: 100\u00a0\u2013\u00a0240\u00a0V  9\u00a0accessoires interchangeables\u202f: c\u00f4ne saphir, c\u00f4ne \u00e0 pointe fine, c\u00f4ne \u00e0 Dessinez, petit disque \u00e0 grain fin, petit disque \u00e0 grain grossier, disque poli Grand, Grand Disque \u00e0 grain fin, disque \u00e0 grain grossier, b\u00e2tonnet \u00e0 cuticules","og_url":"https:\/\/baya-shop.com\/home\/product\/gama-italy-professional-set-pour-ongles-nails-spa-essentials-9-en-1-1-piece-gsp0803\/","og_site_name":"Baya Shop","article_publisher":"https:\/\/www.facebook.com\/Baya-Shop-103955257949742","article_modified_time":"2024-09-17T10:36:17+00:00","og_image":[{"width":1500,"height":1500,"url":"https:\/\/baya-shop.com\/wp-content\/uploads\/2023\/09\/gsp-0803-ga-ma-manicure-1-1500x1500-1.jpg","type":"image\/jpeg"}],"twitter_card":"summary_large_image","twitter_misc":{"Dur\u00e9e de lecture estim\u00e9e":"1 minute"},"schema":{"@context":"https:\/\/schema.org","@graph":[{"@type":"WebPage","@id":"https:\/\/baya-shop.com\/home\/product\/gama-italy-professional-set-pour-ongles-nails-spa-essentials-9-en-1-1-piece-gsp0803\/","url":"https:\/\/baya-shop.com\/home\/product\/gama-italy-professional-set-pour-ongles-nails-spa-essentials-9-en-1-1-piece-gsp0803\/","name":"GAMA Set pour ongles Nails Spa Essentials 9 en 1 \u2013 1 pi\u00e8ce GSP0803 - Baya Shop","isPartOf":{"@id":"https:\/\/baya-shop.com\/home\/#website"},"primaryImageOfPage":{"@id":"https:\/\/baya-shop.com\/home\/product\/gama-italy-professional-set-pour-ongles-nails-spa-essentials-9-en-1-1-piece-gsp0803\/#primaryimage"},"image":{"@id":"https:\/\/baya-shop.com\/home\/product\/gama-italy-professional-set-pour-ongles-nails-spa-essentials-9-en-1-1-piece-gsp0803\/#primaryimage"},"thumbnailUrl":"https:\/\/i0.wp.com\/baya-shop.com\/wp-content\/uploads\/2023\/09\/gsp-0803-ga-ma-manicure-1-1500x1500-1.jpg?fit=1500%2C1500&ssl=1","datePublished":"2023-09-26T09:54:00+00:00","dateModified":"2024-09-17T10:36:17+00:00","description":"Description du produit Gama Nails Spa 9\u00a0en 1\u00a0est le set manucure et p\u00e9dicure pour un trattaemnto professionnel des ongles de mains et pieds directement \u00e0 la maison, de mani\u00e8re simple et rapide\u202f; il est dot\u00e9 d'une unit\u00e9 centrale qui peut fonctionner soit en mode cord-cordelss et est attach\u00e9 \u00e0 la courant \u00e9lectrique via le transformateur\u202f; Nails Spa 9\u00a0en 1\u00a0est dot\u00e9 de pas moins de 8\u00a0accessoires pour le traitement sp\u00e9cifique \u00e0 unghi, Call et durillons, ainsi qu'un b\u00e2tonnet pour soulever et traiter les cuticules\u202f; \u00e0 l'int\u00e9rieur du coffret se Sont petit disque\u202f: modelage \u00e0 grain fin en saphir, un disque poli en feutre de polissage des ongles\u202f; deux disques modellanti grandes \u00e0 grain grossier et fin, et un petit c\u00f4ne modelage Saphir\u202f; deux c\u00f4nes\u202f: un c\u00f4ne \u00e0 pointe grosse et un petit c\u00f4ne \u00e0 pointe fine\u202f; enfin un petit disque modelage \u00e0 grain grossier pour limer et raccourcir les ongles plus \u00e9paisses\u202f; Gama Nails Spa 9\u00a0en 1\u00a0est le coffret de rangement \u00e0 la maison pour le traitement complet des ongles des mains et des pieds. \u00c0 propos de cet article Fonction Cord-Cordless Temps de rechargement de la batterie\u202f: 4\u00a0heures, Autonomie de la batterie\u202f: 2\u00a0heures Confortable base porte accessoires 1\u00a0vitesse, Multi-volt\u202f: 100\u00a0\u2013\u00a0240\u00a0V 9\u00a0accessoires interchangeables\u202f: c\u00f4ne saphir, c\u00f4ne \u00e0 pointe fine, c\u00f4ne \u00e0 Dessinez, petit disque \u00e0 grain fin, petit disque \u00e0 grain grossier, disque poli Grand, Grand Disque \u00e0 grain fin, disque \u00e0 grain grossier, b\u00e2tonnet \u00e0 cuticules","breadcrumb":{"@id":"https:\/\/baya-shop.com\/home\/product\/gama-italy-professional-set-pour-ongles-nails-spa-essentials-9-en-1-1-piece-gsp0803\/#breadcrumb"},"inLanguage":"fr-FR","potentialAction":[{"@type":"ReadAction","target":["https:\/\/baya-shop.com\/home\/product\/gama-italy-professional-set-pour-ongles-nails-spa-essentials-9-en-1-1-piece-gsp0803\/"]}]},{"@type":"ImageObject","inLanguage":"fr-FR","@id":"https:\/\/baya-shop.com\/home\/product\/gama-italy-professional-set-pour-ongles-nails-spa-essentials-9-en-1-1-piece-gsp0803\/#primaryimage","url":"https:\/\/i0.wp.com\/baya-shop.com\/wp-content\/uploads\/2023\/09\/gsp-0803-ga-ma-manicure-1-1500x1500-1.jpg?fit=1500%2C1500&ssl=1","contentUrl":"https:\/\/i0.wp.com\/baya-shop.com\/wp-content\/uploads\/2023\/09\/gsp-0803-ga-ma-manicure-1-1500x1500-1.jpg?fit=1500%2C1500&ssl=1","width":1500,"height":1500},{"@type":"BreadcrumbList","@id":"https:\/\/baya-shop.com\/home\/product\/gama-italy-professional-set-pour-ongles-nails-spa-essentials-9-en-1-1-piece-gsp0803\/#breadcrumb","itemListElement":[{"@type":"ListItem","position":1,"name":"Accueil","item":"https:\/\/baya-shop.com\/home\/"},{"@type":"ListItem","position":2,"name":"Shop","item":"https:\/\/baya-shop.com\/home\/shop\/"},{"@type":"ListItem","position":3,"name":"GAMA Set pour ongles Nails Spa Essentials 9 en 1 \u2013 1 pi\u00e8ce GSP0803"}]},{"@type":"WebSite","@id":"https:\/\/baya-shop.com\/home\/#website","url":"https:\/\/baya-shop.com\/home\/","name":"Baya Shop","description":"","publisher":{"@id":"https:\/\/baya-shop.com\/home\/#organization"},"potentialAction":[{"@type":"SearchAction","target":{"@type":"EntryPoint","urlTemplate":"https:\/\/baya-shop.com\/home\/?s={search_term_string}"},"query-input":{"@type":"PropertyValueSpecification","valueRequired":true,"valueName":"search_term_string"}}],"inLanguage":"fr-FR"},{"@type":"Organization","@id":"https:\/\/baya-shop.com\/home\/#organization","name":"Baya Shop","url":"https:\/\/baya-shop.com\/home\/","logo":{"@type":"ImageObject","inLanguage":"fr-FR","@id":"https:\/\/baya-shop.com\/home\/#\/schema\/logo\/image\/","url":"https:\/\/baya-shop.com\/wp-content\/uploads\/2020\/11\/g.png","contentUrl":"https:\/\/baya-shop.com\/wp-content\/uploads\/2020\/11\/g.png","width":64,"height":64,"caption":"Baya Shop"},"image":{"@id":"https:\/\/baya-shop.com\/home\/#\/schema\/logo\/image\/"},"sameAs":["https:\/\/www.facebook.com\/Baya-Shop-103955257949742","https:\/\/www.instagram.com\/baya_shop_dz\/"]}]}},"jetpack_publicize_connections":[],"jetpack_sharing_enabled":true,"jetpack_likes_enabled":true,"jetpack-related-posts":[],"_links":{"self":[{"href":"https:\/\/baya-shop.com\/home\/wp-json\/wp\/v2\/product\/2725","targetHints":{"allow":["GET"]}}],"collection":[{"href":"https:\/\/baya-shop.com\/home\/wp-json\/wp\/v2\/product"}],"about":[{"href":"https:\/\/baya-shop.com\/home\/wp-json\/wp\/v2\/types\/product"}],"replies":[{"embeddable":true,"href":"https:\/\/baya-shop.com\/home\/wp-json\/wp\/v2\/comments?post=2725"}],"wp:featuredmedia":[{"embeddable":true,"href":"https:\/\/baya-shop.com\/home\/wp-json\/wp\/v2\/media\/3582"}],"wp:attachment":[{"href":"https:\/\/baya-shop.com\/home\/wp-json\/wp\/v2\/media?parent=2725"}],"wp:term":[{"taxonomy":"product_brand","embeddable":true,"href":"https:\/\/baya-shop.com\/home\/wp-json\/wp\/v2\/product_brand?post=2725"},{"taxonomy":"product_cat","embeddable":true,"href":"https:\/\/baya-shop.com\/home\/wp-json\/wp\/v2\/product_cat?post=2725"},{"taxonomy":"product_tag","embeddable":true,"href":"https:\/\/baya-shop.com\/home\/wp-json\/wp\/v2\/product_tag?post=2725"}],"curies":[{"name":"wp","href":"https:\/\/api.w.org\/{rel}","templated":true}]}}