{"id":2713,"date":"2023-09-21T18:11:43","date_gmt":"2023-09-21T17:11:43","guid":{"rendered":"https:\/\/baya-shop.com\/home\/?post_type=product&#038;p=2713"},"modified":"2025-11-09T06:06:30","modified_gmt":"2025-11-09T05:06:30","slug":"remington-boucleur-keratin-protect-ci5318","status":"publish","type":"product","link":"https:\/\/baya-shop.com\/home\/product\/remington-boucleur-keratin-protect-ci5318\/","title":{"rendered":"Remington Boucleur Keratin Protect Ci5318"},"content":{"rendered":"","protected":false},"excerpt":{"rendered":"<h1 class=\"a-size-base-plus a-text-bold\">\u00c0 propos de cet article<\/h1>\n<ul class=\"a-unordered-list a-vertical a-spacing-mini\">\n<li class=\"a-spacing-mini\"><span class=\"a-list-item\">Poignard de verrouillage de 19 mm<\/span><\/li>\n<li class=\"a-spacing-mini\"><span class=\"a-list-item\">Rev\u00eatement en c\u00e9ramique de haute qualit\u00e9 enrichi en k\u00e9ratine et en huile d&rsquo;amande pour des cheveux lisses, brillants et d&rsquo;apparence saine<\/span><\/li>\n<li class=\"a-spacing-mini\"><span class=\"a-list-item\">8 r\u00e9glages de temp\u00e9rature jusqu&rsquo;\u00e0 210 \u00b0C<\/span><\/li>\n<li class=\"a-spacing-mini\"><span class=\"a-list-item\">Affichage pr\u00eat, 30 secondes de pr\u00e9chauffage<\/span><\/li>\n<li class=\"a-spacing-mini\"><span class=\"a-list-item\">Arr\u00eat de s\u00e9curit\u00e9 automatique apr\u00e8s 60 minute<\/span><\/li>\n<li class=\"a-spacing-mini\">01 pochette de rangement inclus<\/li>\n<\/ul>\n","protected":false},"featured_media":3418,"comment_status":"open","ping_status":"closed","template":"","meta":{"jetpack_post_was_ever_published":false,"jetpack_publicize_message":"","jetpack_publicize_feature_enabled":true,"jetpack_social_post_already_shared":false,"jetpack_social_options":{"image_generator_settings":{"template":"highway","default_image_id":0,"font":"","enabled":false},"version":2}},"product_brand":[],"product_cat":[17,46,47],"product_tag":[],"class_list":{"0":"post-2713","1":"product","2":"type-product","3":"status-publish","4":"has-post-thumbnail","6":"product_cat-boucleur","7":"product_cat-promotion","8":"product_cat-remington","10":"first","11":"instock","12":"sale","13":"shipping-taxable","14":"purchasable","15":"product-type-simple"},"yoast_head":"<!-- This site is optimized with the Yoast SEO plugin v27.4 - https:\/\/yoast.com\/product\/yoast-seo-wordpress\/ -->\n<title>Remington Boucleur Keratin Protect Ci5318 - Baya Shop<\/title>\n<meta name=\"description\" content=\"\u00c0 propos de cet article   Poignard de verrouillage de 19 mm  Rev\u00eatement en c\u00e9ramique de haute qualit\u00e9 enrichi en k\u00e9ratine et en huile d&#039;amande pour des cheveux lisses, brillants et d&#039;apparence saine  8 r\u00e9glages de temp\u00e9rature jusqu&#039;\u00e0 210 \u00b0C  Affichage pr\u00eat, 30 secondes de pr\u00e9chauffage  Arr\u00eat de s\u00e9curit\u00e9 automatique apr\u00e8s 60 minute  01 pochette de rangement inclus\" \/>\n<meta name=\"robots\" content=\"index, follow, max-snippet:-1, max-image-preview:large, max-video-preview:-1\" \/>\n<link rel=\"canonical\" href=\"https:\/\/baya-shop.com\/home\/product\/remington-boucleur-keratin-protect-ci5318\/\" \/>\n<meta property=\"og:locale\" content=\"fr_FR\" \/>\n<meta property=\"og:type\" content=\"article\" \/>\n<meta property=\"og:title\" content=\"Remington Boucleur Keratin Protect Ci5318 - Baya Shop\" \/>\n<meta property=\"og:description\" content=\"\u00c0 propos de cet article   Poignard de verrouillage de 19 mm  Rev\u00eatement en c\u00e9ramique de haute qualit\u00e9 enrichi en k\u00e9ratine et en huile d&#039;amande pour des cheveux lisses, brillants et d&#039;apparence saine  8 r\u00e9glages de temp\u00e9rature jusqu&#039;\u00e0 210 \u00b0C  Affichage pr\u00eat, 30 secondes de pr\u00e9chauffage  Arr\u00eat de s\u00e9curit\u00e9 automatique apr\u00e8s 60 minute  01 pochette de rangement inclus\" \/>\n<meta property=\"og:url\" content=\"https:\/\/baya-shop.com\/home\/product\/remington-boucleur-keratin-protect-ci5318\/\" \/>\n<meta property=\"og:site_name\" content=\"Baya Shop\" \/>\n<meta property=\"article:publisher\" content=\"https:\/\/www.facebook.com\/Baya-Shop-103955257949742\" \/>\n<meta property=\"article:modified_time\" content=\"2025-11-09T05:06:30+00:00\" \/>\n<meta property=\"og:image\" content=\"https:\/\/baya-shop.com\/wp-content\/uploads\/2023\/09\/47b2b4d857-remington-ci5318-keratin-protect-tong-19mm-e1706448960238.jpg\" \/>\n\t<meta property=\"og:image:width\" content=\"471\" \/>\n\t<meta property=\"og:image:height\" content=\"406\" \/>\n\t<meta property=\"og:image:type\" content=\"image\/jpeg\" \/>\n<meta name=\"twitter:card\" content=\"summary_large_image\" \/>\n<meta name=\"twitter:label1\" content=\"Dur\u00e9e de lecture estim\u00e9e\" \/>\n\t<meta name=\"twitter:data1\" content=\"1 minute\" \/>\n<script type=\"application\/ld+json\" class=\"yoast-schema-graph\">{\"@context\":\"https:\\\/\\\/schema.org\",\"@graph\":[{\"@type\":\"WebPage\",\"@id\":\"https:\\\/\\\/baya-shop.com\\\/home\\\/product\\\/remington-boucleur-keratin-protect-ci5318\\\/\",\"url\":\"https:\\\/\\\/baya-shop.com\\\/home\\\/product\\\/remington-boucleur-keratin-protect-ci5318\\\/\",\"name\":\"Remington Boucleur Keratin Protect Ci5318 - Baya Shop\",\"isPartOf\":{\"@id\":\"https:\\\/\\\/baya-shop.com\\\/home\\\/#website\"},\"primaryImageOfPage\":{\"@id\":\"https:\\\/\\\/baya-shop.com\\\/home\\\/product\\\/remington-boucleur-keratin-protect-ci5318\\\/#primaryimage\"},\"image\":{\"@id\":\"https:\\\/\\\/baya-shop.com\\\/home\\\/product\\\/remington-boucleur-keratin-protect-ci5318\\\/#primaryimage\"},\"thumbnailUrl\":\"https:\\\/\\\/i0.wp.com\\\/baya-shop.com\\\/wp-content\\\/uploads\\\/2023\\\/09\\\/47b2b4d857-remington-ci5318-keratin-protect-tong-19mm-e1706448960238.jpg?fit=471%2C406&ssl=1\",\"datePublished\":\"2023-09-21T17:11:43+00:00\",\"dateModified\":\"2025-11-09T05:06:30+00:00\",\"description\":\"\u00c0 propos de cet article Poignard de verrouillage de 19 mm Rev\u00eatement en c\u00e9ramique de haute qualit\u00e9 enrichi en k\u00e9ratine et en huile d'amande pour des cheveux lisses, brillants et d'apparence saine 8 r\u00e9glages de temp\u00e9rature jusqu'\u00e0 210 \u00b0C Affichage pr\u00eat, 30 secondes de pr\u00e9chauffage Arr\u00eat de s\u00e9curit\u00e9 automatique apr\u00e8s 60 minute 01 pochette de rangement inclus\",\"breadcrumb\":{\"@id\":\"https:\\\/\\\/baya-shop.com\\\/home\\\/product\\\/remington-boucleur-keratin-protect-ci5318\\\/#breadcrumb\"},\"inLanguage\":\"fr-FR\",\"potentialAction\":[{\"@type\":\"ReadAction\",\"target\":[\"https:\\\/\\\/baya-shop.com\\\/home\\\/product\\\/remington-boucleur-keratin-protect-ci5318\\\/\"]}]},{\"@type\":\"ImageObject\",\"inLanguage\":\"fr-FR\",\"@id\":\"https:\\\/\\\/baya-shop.com\\\/home\\\/product\\\/remington-boucleur-keratin-protect-ci5318\\\/#primaryimage\",\"url\":\"https:\\\/\\\/i0.wp.com\\\/baya-shop.com\\\/wp-content\\\/uploads\\\/2023\\\/09\\\/47b2b4d857-remington-ci5318-keratin-protect-tong-19mm-e1706448960238.jpg?fit=471%2C406&ssl=1\",\"contentUrl\":\"https:\\\/\\\/i0.wp.com\\\/baya-shop.com\\\/wp-content\\\/uploads\\\/2023\\\/09\\\/47b2b4d857-remington-ci5318-keratin-protect-tong-19mm-e1706448960238.jpg?fit=471%2C406&ssl=1\",\"width\":471,\"height\":406},{\"@type\":\"BreadcrumbList\",\"@id\":\"https:\\\/\\\/baya-shop.com\\\/home\\\/product\\\/remington-boucleur-keratin-protect-ci5318\\\/#breadcrumb\",\"itemListElement\":[{\"@type\":\"ListItem\",\"position\":1,\"name\":\"Accueil\",\"item\":\"https:\\\/\\\/baya-shop.com\\\/home\\\/\"},{\"@type\":\"ListItem\",\"position\":2,\"name\":\"Shop\",\"item\":\"https:\\\/\\\/baya-shop.com\\\/home\\\/shop\\\/\"},{\"@type\":\"ListItem\",\"position\":3,\"name\":\"Remington Boucleur Keratin Protect Ci5318\"}]},{\"@type\":\"WebSite\",\"@id\":\"https:\\\/\\\/baya-shop.com\\\/home\\\/#website\",\"url\":\"https:\\\/\\\/baya-shop.com\\\/home\\\/\",\"name\":\"Baya Shop\",\"description\":\"\",\"publisher\":{\"@id\":\"https:\\\/\\\/baya-shop.com\\\/home\\\/#organization\"},\"potentialAction\":[{\"@type\":\"SearchAction\",\"target\":{\"@type\":\"EntryPoint\",\"urlTemplate\":\"https:\\\/\\\/baya-shop.com\\\/home\\\/?s={search_term_string}\"},\"query-input\":{\"@type\":\"PropertyValueSpecification\",\"valueRequired\":true,\"valueName\":\"search_term_string\"}}],\"inLanguage\":\"fr-FR\"},{\"@type\":\"Organization\",\"@id\":\"https:\\\/\\\/baya-shop.com\\\/home\\\/#organization\",\"name\":\"Baya Shop\",\"url\":\"https:\\\/\\\/baya-shop.com\\\/home\\\/\",\"logo\":{\"@type\":\"ImageObject\",\"inLanguage\":\"fr-FR\",\"@id\":\"https:\\\/\\\/baya-shop.com\\\/home\\\/#\\\/schema\\\/logo\\\/image\\\/\",\"url\":\"https:\\\/\\\/baya-shop.com\\\/wp-content\\\/uploads\\\/2020\\\/11\\\/g.png\",\"contentUrl\":\"https:\\\/\\\/baya-shop.com\\\/wp-content\\\/uploads\\\/2020\\\/11\\\/g.png\",\"width\":64,\"height\":64,\"caption\":\"Baya Shop\"},\"image\":{\"@id\":\"https:\\\/\\\/baya-shop.com\\\/home\\\/#\\\/schema\\\/logo\\\/image\\\/\"},\"sameAs\":[\"https:\\\/\\\/www.facebook.com\\\/Baya-Shop-103955257949742\",\"https:\\\/\\\/www.instagram.com\\\/baya_shop_dz\\\/\"]}]}<\/script>\n<!-- \/ Yoast SEO plugin. -->","yoast_head_json":{"title":"Remington Boucleur Keratin Protect Ci5318 - Baya Shop","description":"\u00c0 propos de cet article   Poignard de verrouillage de 19 mm  Rev\u00eatement en c\u00e9ramique de haute qualit\u00e9 enrichi en k\u00e9ratine et en huile d'amande pour des cheveux lisses, brillants et d'apparence saine  8 r\u00e9glages de temp\u00e9rature jusqu'\u00e0 210 \u00b0C  Affichage pr\u00eat, 30 secondes de pr\u00e9chauffage  Arr\u00eat de s\u00e9curit\u00e9 automatique apr\u00e8s 60 minute  01 pochette de rangement inclus","robots":{"index":"index","follow":"follow","max-snippet":"max-snippet:-1","max-image-preview":"max-image-preview:large","max-video-preview":"max-video-preview:-1"},"canonical":"https:\/\/baya-shop.com\/home\/product\/remington-boucleur-keratin-protect-ci5318\/","og_locale":"fr_FR","og_type":"article","og_title":"Remington Boucleur Keratin Protect Ci5318 - Baya Shop","og_description":"\u00c0 propos de cet article   Poignard de verrouillage de 19 mm  Rev\u00eatement en c\u00e9ramique de haute qualit\u00e9 enrichi en k\u00e9ratine et en huile d'amande pour des cheveux lisses, brillants et d'apparence saine  8 r\u00e9glages de temp\u00e9rature jusqu'\u00e0 210 \u00b0C  Affichage pr\u00eat, 30 secondes de pr\u00e9chauffage  Arr\u00eat de s\u00e9curit\u00e9 automatique apr\u00e8s 60 minute  01 pochette de rangement inclus","og_url":"https:\/\/baya-shop.com\/home\/product\/remington-boucleur-keratin-protect-ci5318\/","og_site_name":"Baya Shop","article_publisher":"https:\/\/www.facebook.com\/Baya-Shop-103955257949742","article_modified_time":"2025-11-09T05:06:30+00:00","og_image":[{"width":471,"height":406,"url":"https:\/\/baya-shop.com\/wp-content\/uploads\/2023\/09\/47b2b4d857-remington-ci5318-keratin-protect-tong-19mm-e1706448960238.jpg","type":"image\/jpeg"}],"twitter_card":"summary_large_image","twitter_misc":{"Dur\u00e9e de lecture estim\u00e9e":"1 minute"},"schema":{"@context":"https:\/\/schema.org","@graph":[{"@type":"WebPage","@id":"https:\/\/baya-shop.com\/home\/product\/remington-boucleur-keratin-protect-ci5318\/","url":"https:\/\/baya-shop.com\/home\/product\/remington-boucleur-keratin-protect-ci5318\/","name":"Remington Boucleur Keratin Protect Ci5318 - Baya Shop","isPartOf":{"@id":"https:\/\/baya-shop.com\/home\/#website"},"primaryImageOfPage":{"@id":"https:\/\/baya-shop.com\/home\/product\/remington-boucleur-keratin-protect-ci5318\/#primaryimage"},"image":{"@id":"https:\/\/baya-shop.com\/home\/product\/remington-boucleur-keratin-protect-ci5318\/#primaryimage"},"thumbnailUrl":"https:\/\/i0.wp.com\/baya-shop.com\/wp-content\/uploads\/2023\/09\/47b2b4d857-remington-ci5318-keratin-protect-tong-19mm-e1706448960238.jpg?fit=471%2C406&ssl=1","datePublished":"2023-09-21T17:11:43+00:00","dateModified":"2025-11-09T05:06:30+00:00","description":"\u00c0 propos de cet article Poignard de verrouillage de 19 mm Rev\u00eatement en c\u00e9ramique de haute qualit\u00e9 enrichi en k\u00e9ratine et en huile d'amande pour des cheveux lisses, brillants et d'apparence saine 8 r\u00e9glages de temp\u00e9rature jusqu'\u00e0 210 \u00b0C Affichage pr\u00eat, 30 secondes de pr\u00e9chauffage Arr\u00eat de s\u00e9curit\u00e9 automatique apr\u00e8s 60 minute 01 pochette de rangement inclus","breadcrumb":{"@id":"https:\/\/baya-shop.com\/home\/product\/remington-boucleur-keratin-protect-ci5318\/#breadcrumb"},"inLanguage":"fr-FR","potentialAction":[{"@type":"ReadAction","target":["https:\/\/baya-shop.com\/home\/product\/remington-boucleur-keratin-protect-ci5318\/"]}]},{"@type":"ImageObject","inLanguage":"fr-FR","@id":"https:\/\/baya-shop.com\/home\/product\/remington-boucleur-keratin-protect-ci5318\/#primaryimage","url":"https:\/\/i0.wp.com\/baya-shop.com\/wp-content\/uploads\/2023\/09\/47b2b4d857-remington-ci5318-keratin-protect-tong-19mm-e1706448960238.jpg?fit=471%2C406&ssl=1","contentUrl":"https:\/\/i0.wp.com\/baya-shop.com\/wp-content\/uploads\/2023\/09\/47b2b4d857-remington-ci5318-keratin-protect-tong-19mm-e1706448960238.jpg?fit=471%2C406&ssl=1","width":471,"height":406},{"@type":"BreadcrumbList","@id":"https:\/\/baya-shop.com\/home\/product\/remington-boucleur-keratin-protect-ci5318\/#breadcrumb","itemListElement":[{"@type":"ListItem","position":1,"name":"Accueil","item":"https:\/\/baya-shop.com\/home\/"},{"@type":"ListItem","position":2,"name":"Shop","item":"https:\/\/baya-shop.com\/home\/shop\/"},{"@type":"ListItem","position":3,"name":"Remington Boucleur Keratin Protect Ci5318"}]},{"@type":"WebSite","@id":"https:\/\/baya-shop.com\/home\/#website","url":"https:\/\/baya-shop.com\/home\/","name":"Baya Shop","description":"","publisher":{"@id":"https:\/\/baya-shop.com\/home\/#organization"},"potentialAction":[{"@type":"SearchAction","target":{"@type":"EntryPoint","urlTemplate":"https:\/\/baya-shop.com\/home\/?s={search_term_string}"},"query-input":{"@type":"PropertyValueSpecification","valueRequired":true,"valueName":"search_term_string"}}],"inLanguage":"fr-FR"},{"@type":"Organization","@id":"https:\/\/baya-shop.com\/home\/#organization","name":"Baya Shop","url":"https:\/\/baya-shop.com\/home\/","logo":{"@type":"ImageObject","inLanguage":"fr-FR","@id":"https:\/\/baya-shop.com\/home\/#\/schema\/logo\/image\/","url":"https:\/\/baya-shop.com\/wp-content\/uploads\/2020\/11\/g.png","contentUrl":"https:\/\/baya-shop.com\/wp-content\/uploads\/2020\/11\/g.png","width":64,"height":64,"caption":"Baya Shop"},"image":{"@id":"https:\/\/baya-shop.com\/home\/#\/schema\/logo\/image\/"},"sameAs":["https:\/\/www.facebook.com\/Baya-Shop-103955257949742","https:\/\/www.instagram.com\/baya_shop_dz\/"]}]}},"jetpack_publicize_connections":[],"jetpack_sharing_enabled":true,"jetpack_likes_enabled":true,"jetpack-related-posts":[],"_links":{"self":[{"href":"https:\/\/baya-shop.com\/home\/wp-json\/wp\/v2\/product\/2713","targetHints":{"allow":["GET"]}}],"collection":[{"href":"https:\/\/baya-shop.com\/home\/wp-json\/wp\/v2\/product"}],"about":[{"href":"https:\/\/baya-shop.com\/home\/wp-json\/wp\/v2\/types\/product"}],"replies":[{"embeddable":true,"href":"https:\/\/baya-shop.com\/home\/wp-json\/wp\/v2\/comments?post=2713"}],"wp:featuredmedia":[{"embeddable":true,"href":"https:\/\/baya-shop.com\/home\/wp-json\/wp\/v2\/media\/3418"}],"wp:attachment":[{"href":"https:\/\/baya-shop.com\/home\/wp-json\/wp\/v2\/media?parent=2713"}],"wp:term":[{"taxonomy":"product_brand","embeddable":true,"href":"https:\/\/baya-shop.com\/home\/wp-json\/wp\/v2\/product_brand?post=2713"},{"taxonomy":"product_cat","embeddable":true,"href":"https:\/\/baya-shop.com\/home\/wp-json\/wp\/v2\/product_cat?post=2713"},{"taxonomy":"product_tag","embeddable":true,"href":"https:\/\/baya-shop.com\/home\/wp-json\/wp\/v2\/product_tag?post=2713"}],"curies":[{"name":"wp","href":"https:\/\/api.w.org\/{rel}","templated":true}]}}