{"id":2660,"date":"2023-09-14T14:01:58","date_gmt":"2023-09-14T13:01:58","guid":{"rendered":"https:\/\/baya-shop.com\/home\/?post_type=product&#038;p=2660"},"modified":"2024-02-09T15:27:00","modified_gmt":"2024-02-09T14:27:00","slug":"efalock-professionnel-tondeuse-xg-31","status":"publish","type":"product","link":"https:\/\/baya-shop.com\/home\/product\/efalock-professionnel-tondeuse-xg-31\/","title":{"rendered":"Efalock Professionnel Tondeuse XG-31"},"content":{"rendered":"","protected":false},"excerpt":{"rendered":"<ul class=\"detail\">\n<li>recharge rapide en 20 minutes<\/li>\n<li>recharge compl\u00e8te en 90 minutes<\/li>\n<li>jusqu\u00b4 \u00e0 200 minutes d\u00b4operation sans fil<\/li>\n<li>fonctionnement batterie ou c\u00e2ble Lame professionnelle black ceramic :<\/li>\n<li>5 fois plus resistante que l\u00b4acier<\/li>\n<li>extr\u00eamement coupante<\/li>\n<li>faible usure<\/li>\n<li>de chaleur minimale<\/li>\n<li>coupe moulante ultra doux 0,3 mm<\/li>\n<li>design ergonomique avec un \u00e9quilibre optimal<\/li>\n<li>poids particuli\u00e8rement l\u00e9ger et faible en vibrations<\/li>\n<li>moteur DC contr\u00f4l\u00e9 par un microprocesseur pour une puissance de coupe constante ind\u00e9pendamment de l\u00b4\u00e9tat de la batterie<\/li>\n<li>set de peignes : 1,5 &#8211; 3 &#8211; 4,5 &#8211; 6 mm<\/li>\n<li>100 \u2013 240 V \/ 50 \u2013 60 Hz<\/li>\n<\/ul>\n","protected":false},"featured_media":3542,"comment_status":"open","ping_status":"closed","template":"","meta":{"_uag_custom_page_level_css":"","jetpack_publicize_message":"","jetpack_publicize_feature_enabled":true,"jetpack_social_post_already_shared":false,"jetpack_social_options":{"image_generator_settings":{"template":"highway","default_image_id":0,"font":"","enabled":false},"version":2}},"product_brand":[],"product_cat":[63,52],"product_tag":[],"class_list":{"0":"post-2660","1":"product","2":"type-product","3":"status-publish","4":"has-post-thumbnail","6":"product_cat-efalock","7":"product_cat-tondeuse","9":"first","10":"instock","11":"shipping-taxable","12":"purchasable","13":"product-type-simple"},"yoast_head":"<!-- This site is optimized with the Yoast SEO plugin v27.5 - https:\/\/yoast.com\/product\/yoast-seo-wordpress\/ -->\n<title>Efalock Professionnel Tondeuse XG-31 - Baya Shop<\/title>\n<meta name=\"description\" content=\"recharge rapide en 20 minutes  recharge compl\u00e8te en 90 minutes  jusqu\u00b4 \u00e0 200 minutes d\u00b4operation sans fil  fonctionnement batterie ou c\u00e2ble Lame professionnelle black ceramic :  5 fois plus resistante que l\u00b4acier  extr\u00eamement coupante  faible usure  de chaleur minimale  coupe moulante ultra doux 0,3 mm  design ergonomique avec un \u00e9quilibre optimal  poids particuli\u00e8rement l\u00e9ger et faible en vibrations  moteur DC contr\u00f4l\u00e9 par un microprocesseur pour une puissance de coupe constante ind\u00e9pendamment de l\u00b4\u00e9tat de la batterie  set de peignes : 1,5 - 3 - 4,5 - 6 mm  100 \u2013 240 V \/ 50 \u2013 60 Hz\" \/>\n<meta name=\"robots\" content=\"index, follow, max-snippet:-1, max-image-preview:large, max-video-preview:-1\" \/>\n<link rel=\"canonical\" href=\"https:\/\/baya-shop.com\/home\/product\/efalock-professionnel-tondeuse-xg-31\/\" \/>\n<meta property=\"og:locale\" content=\"fr_FR\" \/>\n<meta property=\"og:type\" content=\"article\" \/>\n<meta property=\"og:title\" content=\"Efalock Professionnel Tondeuse XG-31 - Baya Shop\" \/>\n<meta property=\"og:description\" content=\"recharge rapide en 20 minutes  recharge compl\u00e8te en 90 minutes  jusqu\u00b4 \u00e0 200 minutes d\u00b4operation sans fil  fonctionnement batterie ou c\u00e2ble Lame professionnelle black ceramic :  5 fois plus resistante que l\u00b4acier  extr\u00eamement coupante  faible usure  de chaleur minimale  coupe moulante ultra doux 0,3 mm  design ergonomique avec un \u00e9quilibre optimal  poids particuli\u00e8rement l\u00e9ger et faible en vibrations  moteur DC contr\u00f4l\u00e9 par un microprocesseur pour une puissance de coupe constante ind\u00e9pendamment de l\u00b4\u00e9tat de la batterie  set de peignes : 1,5 - 3 - 4,5 - 6 mm  100 \u2013 240 V \/ 50 \u2013 60 Hz\" \/>\n<meta property=\"og:url\" content=\"https:\/\/baya-shop.com\/home\/product\/efalock-professionnel-tondeuse-xg-31\/\" \/>\n<meta property=\"og:site_name\" content=\"Baya Shop\" \/>\n<meta property=\"article:publisher\" content=\"https:\/\/www.facebook.com\/Baya-Shop-103955257949742\" \/>\n<meta property=\"article:modified_time\" content=\"2024-02-09T14:27:00+00:00\" \/>\n<meta property=\"og:image\" content=\"https:\/\/baya-shop.com\/wp-content\/uploads\/2023\/09\/big_efalock-professional-xg-31-trymer-do-wlosow-opakowanie.jpg\" \/>\n\t<meta property=\"og:image:width\" content=\"1000\" \/>\n\t<meta property=\"og:image:height\" content=\"1000\" \/>\n\t<meta property=\"og:image:type\" content=\"image\/jpeg\" \/>\n<meta name=\"twitter:card\" content=\"summary_large_image\" \/>\n<meta name=\"twitter:label1\" content=\"Dur\u00e9e de lecture estim\u00e9e\" \/>\n\t<meta name=\"twitter:data1\" content=\"1 minute\" \/>\n<script type=\"application\/ld+json\" class=\"yoast-schema-graph\">{\"@context\":\"https:\\\/\\\/schema.org\",\"@graph\":[{\"@type\":\"WebPage\",\"@id\":\"https:\\\/\\\/baya-shop.com\\\/home\\\/product\\\/efalock-professionnel-tondeuse-xg-31\\\/\",\"url\":\"https:\\\/\\\/baya-shop.com\\\/home\\\/product\\\/efalock-professionnel-tondeuse-xg-31\\\/\",\"name\":\"Efalock Professionnel Tondeuse XG-31 - Baya Shop\",\"isPartOf\":{\"@id\":\"https:\\\/\\\/baya-shop.com\\\/home\\\/#website\"},\"primaryImageOfPage\":{\"@id\":\"https:\\\/\\\/baya-shop.com\\\/home\\\/product\\\/efalock-professionnel-tondeuse-xg-31\\\/#primaryimage\"},\"image\":{\"@id\":\"https:\\\/\\\/baya-shop.com\\\/home\\\/product\\\/efalock-professionnel-tondeuse-xg-31\\\/#primaryimage\"},\"thumbnailUrl\":\"https:\\\/\\\/i0.wp.com\\\/baya-shop.com\\\/wp-content\\\/uploads\\\/2023\\\/09\\\/big_efalock-professional-xg-31-trymer-do-wlosow-opakowanie.jpg?fit=1000%2C1000&ssl=1\",\"datePublished\":\"2023-09-14T13:01:58+00:00\",\"dateModified\":\"2024-02-09T14:27:00+00:00\",\"description\":\"recharge rapide en 20 minutes recharge compl\u00e8te en 90 minutes jusqu\u00b4 \u00e0 200 minutes d\u00b4operation sans fil fonctionnement batterie ou c\u00e2ble Lame professionnelle black ceramic : 5 fois plus resistante que l\u00b4acier extr\u00eamement coupante faible usure de chaleur minimale coupe moulante ultra doux 0,3 mm design ergonomique avec un \u00e9quilibre optimal poids particuli\u00e8rement l\u00e9ger et faible en vibrations moteur DC contr\u00f4l\u00e9 par un microprocesseur pour une puissance de coupe constante ind\u00e9pendamment de l\u00b4\u00e9tat de la batterie set de peignes : 1,5 - 3 - 4,5 - 6 mm 100 \u2013 240 V \\\/ 50 \u2013 60 Hz\",\"breadcrumb\":{\"@id\":\"https:\\\/\\\/baya-shop.com\\\/home\\\/product\\\/efalock-professionnel-tondeuse-xg-31\\\/#breadcrumb\"},\"inLanguage\":\"fr-FR\",\"potentialAction\":[{\"@type\":\"ReadAction\",\"target\":[\"https:\\\/\\\/baya-shop.com\\\/home\\\/product\\\/efalock-professionnel-tondeuse-xg-31\\\/\"]}]},{\"@type\":\"ImageObject\",\"inLanguage\":\"fr-FR\",\"@id\":\"https:\\\/\\\/baya-shop.com\\\/home\\\/product\\\/efalock-professionnel-tondeuse-xg-31\\\/#primaryimage\",\"url\":\"https:\\\/\\\/i0.wp.com\\\/baya-shop.com\\\/wp-content\\\/uploads\\\/2023\\\/09\\\/big_efalock-professional-xg-31-trymer-do-wlosow-opakowanie.jpg?fit=1000%2C1000&ssl=1\",\"contentUrl\":\"https:\\\/\\\/i0.wp.com\\\/baya-shop.com\\\/wp-content\\\/uploads\\\/2023\\\/09\\\/big_efalock-professional-xg-31-trymer-do-wlosow-opakowanie.jpg?fit=1000%2C1000&ssl=1\",\"width\":1000,\"height\":1000},{\"@type\":\"BreadcrumbList\",\"@id\":\"https:\\\/\\\/baya-shop.com\\\/home\\\/product\\\/efalock-professionnel-tondeuse-xg-31\\\/#breadcrumb\",\"itemListElement\":[{\"@type\":\"ListItem\",\"position\":1,\"name\":\"Accueil\",\"item\":\"https:\\\/\\\/baya-shop.com\\\/home\\\/\"},{\"@type\":\"ListItem\",\"position\":2,\"name\":\"Shop\",\"item\":\"https:\\\/\\\/baya-shop.com\\\/home\\\/shop\\\/\"},{\"@type\":\"ListItem\",\"position\":3,\"name\":\"Efalock Professionnel Tondeuse XG-31\"}]},{\"@type\":\"WebSite\",\"@id\":\"https:\\\/\\\/baya-shop.com\\\/home\\\/#website\",\"url\":\"https:\\\/\\\/baya-shop.com\\\/home\\\/\",\"name\":\"Baya Shop\",\"description\":\"\",\"publisher\":{\"@id\":\"https:\\\/\\\/baya-shop.com\\\/home\\\/#organization\"},\"potentialAction\":[{\"@type\":\"SearchAction\",\"target\":{\"@type\":\"EntryPoint\",\"urlTemplate\":\"https:\\\/\\\/baya-shop.com\\\/home\\\/?s={search_term_string}\"},\"query-input\":{\"@type\":\"PropertyValueSpecification\",\"valueRequired\":true,\"valueName\":\"search_term_string\"}}],\"inLanguage\":\"fr-FR\"},{\"@type\":\"Organization\",\"@id\":\"https:\\\/\\\/baya-shop.com\\\/home\\\/#organization\",\"name\":\"Baya Shop\",\"url\":\"https:\\\/\\\/baya-shop.com\\\/home\\\/\",\"logo\":{\"@type\":\"ImageObject\",\"inLanguage\":\"fr-FR\",\"@id\":\"https:\\\/\\\/baya-shop.com\\\/home\\\/#\\\/schema\\\/logo\\\/image\\\/\",\"url\":\"https:\\\/\\\/baya-shop.com\\\/wp-content\\\/uploads\\\/2020\\\/11\\\/g.png\",\"contentUrl\":\"https:\\\/\\\/baya-shop.com\\\/wp-content\\\/uploads\\\/2020\\\/11\\\/g.png\",\"width\":64,\"height\":64,\"caption\":\"Baya Shop\"},\"image\":{\"@id\":\"https:\\\/\\\/baya-shop.com\\\/home\\\/#\\\/schema\\\/logo\\\/image\\\/\"},\"sameAs\":[\"https:\\\/\\\/www.facebook.com\\\/Baya-Shop-103955257949742\",\"https:\\\/\\\/www.instagram.com\\\/baya_shop_dz\\\/\"]}]}<\/script>\n<!-- \/ Yoast SEO plugin. -->","yoast_head_json":{"title":"Efalock Professionnel Tondeuse XG-31 - Baya Shop","description":"recharge rapide en 20 minutes  recharge compl\u00e8te en 90 minutes  jusqu\u00b4 \u00e0 200 minutes d\u00b4operation sans fil  fonctionnement batterie ou c\u00e2ble Lame professionnelle black ceramic :  5 fois plus resistante que l\u00b4acier  extr\u00eamement coupante  faible usure  de chaleur minimale  coupe moulante ultra doux 0,3 mm  design ergonomique avec un \u00e9quilibre optimal  poids particuli\u00e8rement l\u00e9ger et faible en vibrations  moteur DC contr\u00f4l\u00e9 par un microprocesseur pour une puissance de coupe constante ind\u00e9pendamment de l\u00b4\u00e9tat de la batterie  set de peignes : 1,5 - 3 - 4,5 - 6 mm  100 \u2013 240 V \/ 50 \u2013 60 Hz","robots":{"index":"index","follow":"follow","max-snippet":"max-snippet:-1","max-image-preview":"max-image-preview:large","max-video-preview":"max-video-preview:-1"},"canonical":"https:\/\/baya-shop.com\/home\/product\/efalock-professionnel-tondeuse-xg-31\/","og_locale":"fr_FR","og_type":"article","og_title":"Efalock Professionnel Tondeuse XG-31 - Baya Shop","og_description":"recharge rapide en 20 minutes  recharge compl\u00e8te en 90 minutes  jusqu\u00b4 \u00e0 200 minutes d\u00b4operation sans fil  fonctionnement batterie ou c\u00e2ble Lame professionnelle black ceramic :  5 fois plus resistante que l\u00b4acier  extr\u00eamement coupante  faible usure  de chaleur minimale  coupe moulante ultra doux 0,3 mm  design ergonomique avec un \u00e9quilibre optimal  poids particuli\u00e8rement l\u00e9ger et faible en vibrations  moteur DC contr\u00f4l\u00e9 par un microprocesseur pour une puissance de coupe constante ind\u00e9pendamment de l\u00b4\u00e9tat de la batterie  set de peignes : 1,5 - 3 - 4,5 - 6 mm  100 \u2013 240 V \/ 50 \u2013 60 Hz","og_url":"https:\/\/baya-shop.com\/home\/product\/efalock-professionnel-tondeuse-xg-31\/","og_site_name":"Baya Shop","article_publisher":"https:\/\/www.facebook.com\/Baya-Shop-103955257949742","article_modified_time":"2024-02-09T14:27:00+00:00","og_image":[{"width":1000,"height":1000,"url":"https:\/\/baya-shop.com\/wp-content\/uploads\/2023\/09\/big_efalock-professional-xg-31-trymer-do-wlosow-opakowanie.jpg","type":"image\/jpeg"}],"twitter_card":"summary_large_image","twitter_misc":{"Dur\u00e9e de lecture estim\u00e9e":"1 minute"},"schema":{"@context":"https:\/\/schema.org","@graph":[{"@type":"WebPage","@id":"https:\/\/baya-shop.com\/home\/product\/efalock-professionnel-tondeuse-xg-31\/","url":"https:\/\/baya-shop.com\/home\/product\/efalock-professionnel-tondeuse-xg-31\/","name":"Efalock Professionnel Tondeuse XG-31 - Baya Shop","isPartOf":{"@id":"https:\/\/baya-shop.com\/home\/#website"},"primaryImageOfPage":{"@id":"https:\/\/baya-shop.com\/home\/product\/efalock-professionnel-tondeuse-xg-31\/#primaryimage"},"image":{"@id":"https:\/\/baya-shop.com\/home\/product\/efalock-professionnel-tondeuse-xg-31\/#primaryimage"},"thumbnailUrl":"https:\/\/i0.wp.com\/baya-shop.com\/wp-content\/uploads\/2023\/09\/big_efalock-professional-xg-31-trymer-do-wlosow-opakowanie.jpg?fit=1000%2C1000&ssl=1","datePublished":"2023-09-14T13:01:58+00:00","dateModified":"2024-02-09T14:27:00+00:00","description":"recharge rapide en 20 minutes recharge compl\u00e8te en 90 minutes jusqu\u00b4 \u00e0 200 minutes d\u00b4operation sans fil fonctionnement batterie ou c\u00e2ble Lame professionnelle black ceramic : 5 fois plus resistante que l\u00b4acier extr\u00eamement coupante faible usure de chaleur minimale coupe moulante ultra doux 0,3 mm design ergonomique avec un \u00e9quilibre optimal poids particuli\u00e8rement l\u00e9ger et faible en vibrations moteur DC contr\u00f4l\u00e9 par un microprocesseur pour une puissance de coupe constante ind\u00e9pendamment de l\u00b4\u00e9tat de la batterie set de peignes : 1,5 - 3 - 4,5 - 6 mm 100 \u2013 240 V \/ 50 \u2013 60 Hz","breadcrumb":{"@id":"https:\/\/baya-shop.com\/home\/product\/efalock-professionnel-tondeuse-xg-31\/#breadcrumb"},"inLanguage":"fr-FR","potentialAction":[{"@type":"ReadAction","target":["https:\/\/baya-shop.com\/home\/product\/efalock-professionnel-tondeuse-xg-31\/"]}]},{"@type":"ImageObject","inLanguage":"fr-FR","@id":"https:\/\/baya-shop.com\/home\/product\/efalock-professionnel-tondeuse-xg-31\/#primaryimage","url":"https:\/\/i0.wp.com\/baya-shop.com\/wp-content\/uploads\/2023\/09\/big_efalock-professional-xg-31-trymer-do-wlosow-opakowanie.jpg?fit=1000%2C1000&ssl=1","contentUrl":"https:\/\/i0.wp.com\/baya-shop.com\/wp-content\/uploads\/2023\/09\/big_efalock-professional-xg-31-trymer-do-wlosow-opakowanie.jpg?fit=1000%2C1000&ssl=1","width":1000,"height":1000},{"@type":"BreadcrumbList","@id":"https:\/\/baya-shop.com\/home\/product\/efalock-professionnel-tondeuse-xg-31\/#breadcrumb","itemListElement":[{"@type":"ListItem","position":1,"name":"Accueil","item":"https:\/\/baya-shop.com\/home\/"},{"@type":"ListItem","position":2,"name":"Shop","item":"https:\/\/baya-shop.com\/home\/shop\/"},{"@type":"ListItem","position":3,"name":"Efalock Professionnel Tondeuse XG-31"}]},{"@type":"WebSite","@id":"https:\/\/baya-shop.com\/home\/#website","url":"https:\/\/baya-shop.com\/home\/","name":"Baya Shop","description":"","publisher":{"@id":"https:\/\/baya-shop.com\/home\/#organization"},"potentialAction":[{"@type":"SearchAction","target":{"@type":"EntryPoint","urlTemplate":"https:\/\/baya-shop.com\/home\/?s={search_term_string}"},"query-input":{"@type":"PropertyValueSpecification","valueRequired":true,"valueName":"search_term_string"}}],"inLanguage":"fr-FR"},{"@type":"Organization","@id":"https:\/\/baya-shop.com\/home\/#organization","name":"Baya Shop","url":"https:\/\/baya-shop.com\/home\/","logo":{"@type":"ImageObject","inLanguage":"fr-FR","@id":"https:\/\/baya-shop.com\/home\/#\/schema\/logo\/image\/","url":"https:\/\/baya-shop.com\/wp-content\/uploads\/2020\/11\/g.png","contentUrl":"https:\/\/baya-shop.com\/wp-content\/uploads\/2020\/11\/g.png","width":64,"height":64,"caption":"Baya Shop"},"image":{"@id":"https:\/\/baya-shop.com\/home\/#\/schema\/logo\/image\/"},"sameAs":["https:\/\/www.facebook.com\/Baya-Shop-103955257949742","https:\/\/www.instagram.com\/baya_shop_dz\/"]}]}},"jetpack_publicize_connections":[],"uagb_featured_image_src":{"full":["https:\/\/i0.wp.com\/baya-shop.com\/wp-content\/uploads\/2023\/09\/big_efalock-professional-xg-31-trymer-do-wlosow-opakowanie.jpg?fit=1000%2C1000&ssl=1",1000,1000,false],"thumbnail":["https:\/\/i0.wp.com\/baya-shop.com\/wp-content\/uploads\/2023\/09\/big_efalock-professional-xg-31-trymer-do-wlosow-opakowanie.jpg?resize=150%2C150&ssl=1",150,150,true],"medium":["https:\/\/i0.wp.com\/baya-shop.com\/wp-content\/uploads\/2023\/09\/big_efalock-professional-xg-31-trymer-do-wlosow-opakowanie.jpg?fit=300%2C300&ssl=1",300,300,true],"medium_large":["https:\/\/i0.wp.com\/baya-shop.com\/wp-content\/uploads\/2023\/09\/big_efalock-professional-xg-31-trymer-do-wlosow-opakowanie.jpg?fit=768%2C768&ssl=1",768,768,true],"large":["https:\/\/i0.wp.com\/baya-shop.com\/wp-content\/uploads\/2023\/09\/big_efalock-professional-xg-31-trymer-do-wlosow-opakowanie.jpg?fit=1000%2C1000&ssl=1",1000,1000,true],"1536x1536":["https:\/\/i0.wp.com\/baya-shop.com\/wp-content\/uploads\/2023\/09\/big_efalock-professional-xg-31-trymer-do-wlosow-opakowanie.jpg?fit=1000%2C1000&ssl=1",1000,1000,true],"2048x2048":["https:\/\/i0.wp.com\/baya-shop.com\/wp-content\/uploads\/2023\/09\/big_efalock-professional-xg-31-trymer-do-wlosow-opakowanie.jpg?fit=1000%2C1000&ssl=1",1000,1000,true],"woocommerce_thumbnail":["https:\/\/i0.wp.com\/baya-shop.com\/wp-content\/uploads\/2023\/09\/big_efalock-professional-xg-31-trymer-do-wlosow-opakowanie.jpg?resize=300%2C300&ssl=1",300,300,true],"woocommerce_single":["https:\/\/i0.wp.com\/baya-shop.com\/wp-content\/uploads\/2023\/09\/big_efalock-professional-xg-31-trymer-do-wlosow-opakowanie.jpg?fit=600%2C600&ssl=1",600,600,true],"woocommerce_gallery_thumbnail":["https:\/\/i0.wp.com\/baya-shop.com\/wp-content\/uploads\/2023\/09\/big_efalock-professional-xg-31-trymer-do-wlosow-opakowanie.jpg?resize=100%2C100&ssl=1",100,100,true],"jetpack-portfolio-admin-thumb":["https:\/\/i0.wp.com\/baya-shop.com\/wp-content\/uploads\/2023\/09\/big_efalock-professional-xg-31-trymer-do-wlosow-opakowanie.jpg?resize=50%2C50&ssl=1",50,50,true]},"uagb_author_info":{"display_name":"","author_link":"https:\/\/baya-shop.com\/home\/author\/"},"uagb_comment_info":0,"uagb_excerpt":"recharge rapide en 20 minutes recharge compl\u00e8te en 90 minutes jusqu\u00b4 \u00e0 200 minutes d\u00b4operation sans fil fonctionnement batterie ou c\u00e2ble Lame professionnelle black ceramic : 5 fois plus resistante que l\u00b4acier extr\u00eamement coupante faible usure de chaleur minimale coupe moulante ultra doux 0,3 mm design ergonomique avec un \u00e9quilibre optimal poids particuli\u00e8rement l\u00e9ger et\u2026","jetpack_sharing_enabled":true,"jetpack_likes_enabled":true,"jetpack-related-posts":[],"_links":{"self":[{"href":"https:\/\/baya-shop.com\/home\/wp-json\/wp\/v2\/product\/2660","targetHints":{"allow":["GET"]}}],"collection":[{"href":"https:\/\/baya-shop.com\/home\/wp-json\/wp\/v2\/product"}],"about":[{"href":"https:\/\/baya-shop.com\/home\/wp-json\/wp\/v2\/types\/product"}],"replies":[{"embeddable":true,"href":"https:\/\/baya-shop.com\/home\/wp-json\/wp\/v2\/comments?post=2660"}],"wp:featuredmedia":[{"embeddable":true,"href":"https:\/\/baya-shop.com\/home\/wp-json\/wp\/v2\/media\/3542"}],"wp:attachment":[{"href":"https:\/\/baya-shop.com\/home\/wp-json\/wp\/v2\/media?parent=2660"}],"wp:term":[{"taxonomy":"product_brand","embeddable":true,"href":"https:\/\/baya-shop.com\/home\/wp-json\/wp\/v2\/product_brand?post=2660"},{"taxonomy":"product_cat","embeddable":true,"href":"https:\/\/baya-shop.com\/home\/wp-json\/wp\/v2\/product_cat?post=2660"},{"taxonomy":"product_tag","embeddable":true,"href":"https:\/\/baya-shop.com\/home\/wp-json\/wp\/v2\/product_tag?post=2660"}],"curies":[{"name":"wp","href":"https:\/\/api.w.org\/{rel}","templated":true}]}}