{"id":2622,"date":"2023-09-14T11:48:52","date_gmt":"2023-09-14T10:48:52","guid":{"rendered":"https:\/\/baya-shop.com\/home\/?post_type=product&#038;p=2622"},"modified":"2026-01-02T08:44:53","modified_gmt":"2026-01-02T07:44:53","slug":"revlon-brosse-soufflante-one-step-volumiser-titanium-special-edition","status":"publish","type":"product","link":"https:\/\/baya-shop.com\/home\/product\/revlon-brosse-soufflante-one-step-volumiser-titanium-special-edition\/","title":{"rendered":"Revlon Brosse Soufflante One-Step Volumiser Titanium Special Edition RVDR5279UKE1"},"content":{"rendered":"","protected":false},"excerpt":{"rendered":"<div><b>Performances :<\/b><\/div>\n<div>Cette brosse permet de r\u00e9aliser un brushing en reproduisant automatiquement le geste brushing du coiffeur, tout en s\u00e9chant simultan\u00e9ment les cheveux.<\/div>\n<div>Sa forme unique affiche des bords l\u00e9g\u00e8rement incurv\u00e9s parfaits pour aller au plus pr\u00e8s des racines et ainsi conf\u00e9rer plus de volume, cr\u00e9er des r\u00e9sultats de lissage incroyables et de magnifiques boucles au niveau des pointes. L\u2019accessoire id\u00e9al pour les cheveux longs !<\/div>\n<div>Adaptez la vitesse et la temp\u00e9rature selon le type de coiffure \u00e0 r\u00e9aliser gr\u00e2ce \u00e0 ses 3 r\u00e9glages de chauffe plus un r\u00e9glage froid.<\/div>\n<div><b>\u00a0<\/b><\/div>\n<div><b>Ionique :\u00a0<\/b><\/div>\n<div>La technologie ionique permet de renforcer l\u2019effet anti-statique, ainsi vous \u00e9vitez le dess\u00e8chement de vos cheveux pour laisser place \u00e0 une chevelure lisse et brillante.<\/div>\n<div>Les ions n\u00e9gatifs r\u00e9duisent la taille des gouttelettes d\u2019eau pour un s\u00e9chage plus rapide.<\/div>\n<div><\/div>\n<div>\n<div><b>Protection :\u00a0<\/b><\/div>\n<div>La brosse est con\u00e7ue pour r\u00e9partir l\u2019air rapidement et uniform\u00e9ment sur la chevelure et s\u00e9cher et coiffer plus rapidement pour moins de dommages dus \u00e0 la chaleur.<\/div>\n<\/div>\n<div><\/div>\n<div><b>Poils mixtes :\u00a0\u00a0<\/b><\/div>\n<div>Ses picots en nylon \u00e0 bouts arrondis sont synonymes de d\u00e9m\u00ealage en douceur. Les poils mixtes associant nylon et sanglier permettent de saisir les cheveux sur le bord incurv\u00e9 pour un volume et un contr\u00f4le accrus, garantissant ainsi des r\u00e9sultats lisses et brillants.<\/div>\n<div><\/div>\n<div><b>Rev\u00eatement :<\/b><\/div>\n<div>Le\u00a0<b>rev\u00eatement en Titane<\/b>\u00a0garantit des r\u00e9sultats longue dur\u00e9e et assure une brillance plus visible.<\/div>\n","protected":false},"featured_media":3541,"comment_status":"open","ping_status":"closed","template":"","meta":{"jetpack_post_was_ever_published":false,"jetpack_publicize_message":"","jetpack_publicize_feature_enabled":true,"jetpack_social_post_already_shared":false,"jetpack_social_options":{"image_generator_settings":{"template":"highway","default_image_id":0,"font":"","enabled":false},"version":2}},"product_brand":[],"product_cat":[21,66],"product_tag":[],"class_list":{"0":"post-2622","1":"product","2":"type-product","3":"status-publish","4":"has-post-thumbnail","6":"product_cat-brosse-cheveux","7":"product_cat-revlon","9":"first","10":"outofstock","11":"shipping-taxable","12":"purchasable","13":"product-type-simple"},"yoast_head":"<!-- This site is optimized with the Yoast SEO plugin v27.5 - https:\/\/yoast.com\/product\/yoast-seo-wordpress\/ -->\n<title>Revlon Brosse Soufflante One-Step Volumiser Titanium Special Edition RVDR5279UKE1 - Baya Shop<\/title>\n<meta name=\"description\" content=\"Performances : Cette brosse permet de r\u00e9aliser un brushing en reproduisant automatiquement le geste brushing du coiffeur, tout en s\u00e9chant simultan\u00e9ment les cheveux. Sa forme unique affiche des bords l\u00e9g\u00e8rement incurv\u00e9s parfaits pour aller au plus pr\u00e8s des racines et ainsi conf\u00e9rer plus de volume, cr\u00e9er des r\u00e9sultats de lissage incroyables et de magnifiques boucles au niveau des pointes. L\u2019accessoire id\u00e9al pour les cheveux longs ! Adaptez la vitesse et la temp\u00e9rature selon le type de coiffure \u00e0 r\u00e9aliser gr\u00e2ce \u00e0 ses 3 r\u00e9glages de chauffe plus un r\u00e9glage froid. \u00a0 Ionique :\u00a0 La technologie ionique permet de renforcer l\u2019effet anti-statique, ainsi vous \u00e9vitez le dess\u00e8chement de vos cheveux pour laisser place \u00e0 une chevelure lisse et brillante. Les ions n\u00e9gatifs r\u00e9duisent la taille des gouttelettes d\u2019eau pour un s\u00e9chage plus rapide.   Protection :\u00a0 La brosse est con\u00e7ue pour r\u00e9partir l\u2019air rapidement et uniform\u00e9ment sur la chevelure et s\u00e9cher et coiffer plus rapidement pour moins de dommages dus \u00e0 la chaleur.   Poils mixtes :\u00a0\u00a0 Ses picots en nylon \u00e0 bouts arrondis sont synonymes de d\u00e9m\u00ealage en douceur. Les poils mixtes associant nylon et sanglier permettent de saisir les cheveux sur le bord incurv\u00e9 pour un volume et un contr\u00f4le accrus, garantissant ainsi des r\u00e9sultats lisses et brillants.  Rev\u00eatement : Le\u00a0rev\u00eatement en Titane\u00a0garantit des r\u00e9sultats longue dur\u00e9e et assure une brillance plus visible.\" \/>\n<meta name=\"robots\" content=\"index, follow, max-snippet:-1, max-image-preview:large, max-video-preview:-1\" \/>\n<link rel=\"canonical\" href=\"https:\/\/baya-shop.com\/home\/product\/revlon-brosse-soufflante-one-step-volumiser-titanium-special-edition\/\" \/>\n<meta property=\"og:locale\" content=\"fr_FR\" \/>\n<meta property=\"og:type\" content=\"article\" \/>\n<meta property=\"og:title\" content=\"Revlon Brosse Soufflante One-Step Volumiser Titanium Special Edition RVDR5279UKE1 - Baya Shop\" \/>\n<meta property=\"og:description\" content=\"Performances : Cette brosse permet de r\u00e9aliser un brushing en reproduisant automatiquement le geste brushing du coiffeur, tout en s\u00e9chant simultan\u00e9ment les cheveux. Sa forme unique affiche des bords l\u00e9g\u00e8rement incurv\u00e9s parfaits pour aller au plus pr\u00e8s des racines et ainsi conf\u00e9rer plus de volume, cr\u00e9er des r\u00e9sultats de lissage incroyables et de magnifiques boucles au niveau des pointes. L\u2019accessoire id\u00e9al pour les cheveux longs ! Adaptez la vitesse et la temp\u00e9rature selon le type de coiffure \u00e0 r\u00e9aliser gr\u00e2ce \u00e0 ses 3 r\u00e9glages de chauffe plus un r\u00e9glage froid. \u00a0 Ionique :\u00a0 La technologie ionique permet de renforcer l\u2019effet anti-statique, ainsi vous \u00e9vitez le dess\u00e8chement de vos cheveux pour laisser place \u00e0 une chevelure lisse et brillante. Les ions n\u00e9gatifs r\u00e9duisent la taille des gouttelettes d\u2019eau pour un s\u00e9chage plus rapide.   Protection :\u00a0 La brosse est con\u00e7ue pour r\u00e9partir l\u2019air rapidement et uniform\u00e9ment sur la chevelure et s\u00e9cher et coiffer plus rapidement pour moins de dommages dus \u00e0 la chaleur.   Poils mixtes :\u00a0\u00a0 Ses picots en nylon \u00e0 bouts arrondis sont synonymes de d\u00e9m\u00ealage en douceur. Les poils mixtes associant nylon et sanglier permettent de saisir les cheveux sur le bord incurv\u00e9 pour un volume et un contr\u00f4le accrus, garantissant ainsi des r\u00e9sultats lisses et brillants.  Rev\u00eatement : Le\u00a0rev\u00eatement en Titane\u00a0garantit des r\u00e9sultats longue dur\u00e9e et assure une brillance plus visible.\" \/>\n<meta property=\"og:url\" content=\"https:\/\/baya-shop.com\/home\/product\/revlon-brosse-soufflante-one-step-volumiser-titanium-special-edition\/\" \/>\n<meta property=\"og:site_name\" content=\"Baya Shop\" \/>\n<meta property=\"article:publisher\" content=\"https:\/\/www.facebook.com\/Baya-Shop-103955257949742\" \/>\n<meta property=\"article:modified_time\" content=\"2026-01-02T07:44:53+00:00\" \/>\n<meta property=\"og:image\" content=\"https:\/\/baya-shop.com\/wp-content\/uploads\/2023\/09\/Lokowko-suszarka-Revlon-RVDR5279UKE1-EAN-GTIN-0761318452799.jpg\" \/>\n\t<meta property=\"og:image:width\" content=\"1000\" \/>\n\t<meta property=\"og:image:height\" content=\"1000\" \/>\n\t<meta property=\"og:image:type\" content=\"image\/jpeg\" \/>\n<meta name=\"twitter:card\" content=\"summary_large_image\" \/>\n<meta name=\"twitter:label1\" content=\"Dur\u00e9e de lecture estim\u00e9e\" \/>\n\t<meta name=\"twitter:data1\" content=\"1 minute\" \/>\n<script type=\"application\/ld+json\" class=\"yoast-schema-graph\">{\"@context\":\"https:\\\/\\\/schema.org\",\"@graph\":[{\"@type\":\"WebPage\",\"@id\":\"https:\\\/\\\/baya-shop.com\\\/home\\\/product\\\/revlon-brosse-soufflante-one-step-volumiser-titanium-special-edition\\\/\",\"url\":\"https:\\\/\\\/baya-shop.com\\\/home\\\/product\\\/revlon-brosse-soufflante-one-step-volumiser-titanium-special-edition\\\/\",\"name\":\"Revlon Brosse Soufflante One-Step Volumiser Titanium Special Edition RVDR5279UKE1 - Baya Shop\",\"isPartOf\":{\"@id\":\"https:\\\/\\\/baya-shop.com\\\/home\\\/#website\"},\"primaryImageOfPage\":{\"@id\":\"https:\\\/\\\/baya-shop.com\\\/home\\\/product\\\/revlon-brosse-soufflante-one-step-volumiser-titanium-special-edition\\\/#primaryimage\"},\"image\":{\"@id\":\"https:\\\/\\\/baya-shop.com\\\/home\\\/product\\\/revlon-brosse-soufflante-one-step-volumiser-titanium-special-edition\\\/#primaryimage\"},\"thumbnailUrl\":\"https:\\\/\\\/i0.wp.com\\\/baya-shop.com\\\/wp-content\\\/uploads\\\/2023\\\/09\\\/Lokowko-suszarka-Revlon-RVDR5279UKE1-EAN-GTIN-0761318452799.jpg?fit=1000%2C1000&ssl=1\",\"datePublished\":\"2023-09-14T10:48:52+00:00\",\"dateModified\":\"2026-01-02T07:44:53+00:00\",\"description\":\"Performances : Cette brosse permet de r\u00e9aliser un brushing en reproduisant automatiquement le geste brushing du coiffeur, tout en s\u00e9chant simultan\u00e9ment les cheveux. Sa forme unique affiche des bords l\u00e9g\u00e8rement incurv\u00e9s parfaits pour aller au plus pr\u00e8s des racines et ainsi conf\u00e9rer plus de volume, cr\u00e9er des r\u00e9sultats de lissage incroyables et de magnifiques boucles au niveau des pointes. L\u2019accessoire id\u00e9al pour les cheveux longs ! Adaptez la vitesse et la temp\u00e9rature selon le type de coiffure \u00e0 r\u00e9aliser gr\u00e2ce \u00e0 ses 3 r\u00e9glages de chauffe plus un r\u00e9glage froid. \u00a0 Ionique :\u00a0 La technologie ionique permet de renforcer l\u2019effet anti-statique, ainsi vous \u00e9vitez le dess\u00e8chement de vos cheveux pour laisser place \u00e0 une chevelure lisse et brillante. Les ions n\u00e9gatifs r\u00e9duisent la taille des gouttelettes d\u2019eau pour un s\u00e9chage plus rapide. Protection :\u00a0 La brosse est con\u00e7ue pour r\u00e9partir l\u2019air rapidement et uniform\u00e9ment sur la chevelure et s\u00e9cher et coiffer plus rapidement pour moins de dommages dus \u00e0 la chaleur. Poils mixtes :\u00a0\u00a0 Ses picots en nylon \u00e0 bouts arrondis sont synonymes de d\u00e9m\u00ealage en douceur. Les poils mixtes associant nylon et sanglier permettent de saisir les cheveux sur le bord incurv\u00e9 pour un volume et un contr\u00f4le accrus, garantissant ainsi des r\u00e9sultats lisses et brillants. Rev\u00eatement : Le\u00a0rev\u00eatement en Titane\u00a0garantit des r\u00e9sultats longue dur\u00e9e et assure une brillance plus visible.\",\"breadcrumb\":{\"@id\":\"https:\\\/\\\/baya-shop.com\\\/home\\\/product\\\/revlon-brosse-soufflante-one-step-volumiser-titanium-special-edition\\\/#breadcrumb\"},\"inLanguage\":\"fr-FR\",\"potentialAction\":[{\"@type\":\"ReadAction\",\"target\":[\"https:\\\/\\\/baya-shop.com\\\/home\\\/product\\\/revlon-brosse-soufflante-one-step-volumiser-titanium-special-edition\\\/\"]}]},{\"@type\":\"ImageObject\",\"inLanguage\":\"fr-FR\",\"@id\":\"https:\\\/\\\/baya-shop.com\\\/home\\\/product\\\/revlon-brosse-soufflante-one-step-volumiser-titanium-special-edition\\\/#primaryimage\",\"url\":\"https:\\\/\\\/i0.wp.com\\\/baya-shop.com\\\/wp-content\\\/uploads\\\/2023\\\/09\\\/Lokowko-suszarka-Revlon-RVDR5279UKE1-EAN-GTIN-0761318452799.jpg?fit=1000%2C1000&ssl=1\",\"contentUrl\":\"https:\\\/\\\/i0.wp.com\\\/baya-shop.com\\\/wp-content\\\/uploads\\\/2023\\\/09\\\/Lokowko-suszarka-Revlon-RVDR5279UKE1-EAN-GTIN-0761318452799.jpg?fit=1000%2C1000&ssl=1\",\"width\":1000,\"height\":1000},{\"@type\":\"BreadcrumbList\",\"@id\":\"https:\\\/\\\/baya-shop.com\\\/home\\\/product\\\/revlon-brosse-soufflante-one-step-volumiser-titanium-special-edition\\\/#breadcrumb\",\"itemListElement\":[{\"@type\":\"ListItem\",\"position\":1,\"name\":\"Accueil\",\"item\":\"https:\\\/\\\/baya-shop.com\\\/home\\\/\"},{\"@type\":\"ListItem\",\"position\":2,\"name\":\"Shop\",\"item\":\"https:\\\/\\\/baya-shop.com\\\/home\\\/shop\\\/\"},{\"@type\":\"ListItem\",\"position\":3,\"name\":\"Revlon Brosse Soufflante One-Step Volumiser Titanium Special Edition RVDR5279UKE1\"}]},{\"@type\":\"WebSite\",\"@id\":\"https:\\\/\\\/baya-shop.com\\\/home\\\/#website\",\"url\":\"https:\\\/\\\/baya-shop.com\\\/home\\\/\",\"name\":\"Baya Shop\",\"description\":\"\",\"publisher\":{\"@id\":\"https:\\\/\\\/baya-shop.com\\\/home\\\/#organization\"},\"potentialAction\":[{\"@type\":\"SearchAction\",\"target\":{\"@type\":\"EntryPoint\",\"urlTemplate\":\"https:\\\/\\\/baya-shop.com\\\/home\\\/?s={search_term_string}\"},\"query-input\":{\"@type\":\"PropertyValueSpecification\",\"valueRequired\":true,\"valueName\":\"search_term_string\"}}],\"inLanguage\":\"fr-FR\"},{\"@type\":\"Organization\",\"@id\":\"https:\\\/\\\/baya-shop.com\\\/home\\\/#organization\",\"name\":\"Baya Shop\",\"url\":\"https:\\\/\\\/baya-shop.com\\\/home\\\/\",\"logo\":{\"@type\":\"ImageObject\",\"inLanguage\":\"fr-FR\",\"@id\":\"https:\\\/\\\/baya-shop.com\\\/home\\\/#\\\/schema\\\/logo\\\/image\\\/\",\"url\":\"https:\\\/\\\/baya-shop.com\\\/wp-content\\\/uploads\\\/2020\\\/11\\\/g.png\",\"contentUrl\":\"https:\\\/\\\/baya-shop.com\\\/wp-content\\\/uploads\\\/2020\\\/11\\\/g.png\",\"width\":64,\"height\":64,\"caption\":\"Baya Shop\"},\"image\":{\"@id\":\"https:\\\/\\\/baya-shop.com\\\/home\\\/#\\\/schema\\\/logo\\\/image\\\/\"},\"sameAs\":[\"https:\\\/\\\/www.facebook.com\\\/Baya-Shop-103955257949742\",\"https:\\\/\\\/www.instagram.com\\\/baya_shop_dz\\\/\"]}]}<\/script>\n<!-- \/ Yoast SEO plugin. -->","yoast_head_json":{"title":"Revlon Brosse Soufflante One-Step Volumiser Titanium Special Edition RVDR5279UKE1 - Baya Shop","description":"Performances : Cette brosse permet de r\u00e9aliser un brushing en reproduisant automatiquement le geste brushing du coiffeur, tout en s\u00e9chant simultan\u00e9ment les cheveux. Sa forme unique affiche des bords l\u00e9g\u00e8rement incurv\u00e9s parfaits pour aller au plus pr\u00e8s des racines et ainsi conf\u00e9rer plus de volume, cr\u00e9er des r\u00e9sultats de lissage incroyables et de magnifiques boucles au niveau des pointes. L\u2019accessoire id\u00e9al pour les cheveux longs ! Adaptez la vitesse et la temp\u00e9rature selon le type de coiffure \u00e0 r\u00e9aliser gr\u00e2ce \u00e0 ses 3 r\u00e9glages de chauffe plus un r\u00e9glage froid. \u00a0 Ionique :\u00a0 La technologie ionique permet de renforcer l\u2019effet anti-statique, ainsi vous \u00e9vitez le dess\u00e8chement de vos cheveux pour laisser place \u00e0 une chevelure lisse et brillante. Les ions n\u00e9gatifs r\u00e9duisent la taille des gouttelettes d\u2019eau pour un s\u00e9chage plus rapide.   Protection :\u00a0 La brosse est con\u00e7ue pour r\u00e9partir l\u2019air rapidement et uniform\u00e9ment sur la chevelure et s\u00e9cher et coiffer plus rapidement pour moins de dommages dus \u00e0 la chaleur.   Poils mixtes :\u00a0\u00a0 Ses picots en nylon \u00e0 bouts arrondis sont synonymes de d\u00e9m\u00ealage en douceur. Les poils mixtes associant nylon et sanglier permettent de saisir les cheveux sur le bord incurv\u00e9 pour un volume et un contr\u00f4le accrus, garantissant ainsi des r\u00e9sultats lisses et brillants.  Rev\u00eatement : Le\u00a0rev\u00eatement en Titane\u00a0garantit des r\u00e9sultats longue dur\u00e9e et assure une brillance plus visible.","robots":{"index":"index","follow":"follow","max-snippet":"max-snippet:-1","max-image-preview":"max-image-preview:large","max-video-preview":"max-video-preview:-1"},"canonical":"https:\/\/baya-shop.com\/home\/product\/revlon-brosse-soufflante-one-step-volumiser-titanium-special-edition\/","og_locale":"fr_FR","og_type":"article","og_title":"Revlon Brosse Soufflante One-Step Volumiser Titanium Special Edition RVDR5279UKE1 - Baya Shop","og_description":"Performances : Cette brosse permet de r\u00e9aliser un brushing en reproduisant automatiquement le geste brushing du coiffeur, tout en s\u00e9chant simultan\u00e9ment les cheveux. Sa forme unique affiche des bords l\u00e9g\u00e8rement incurv\u00e9s parfaits pour aller au plus pr\u00e8s des racines et ainsi conf\u00e9rer plus de volume, cr\u00e9er des r\u00e9sultats de lissage incroyables et de magnifiques boucles au niveau des pointes. L\u2019accessoire id\u00e9al pour les cheveux longs ! Adaptez la vitesse et la temp\u00e9rature selon le type de coiffure \u00e0 r\u00e9aliser gr\u00e2ce \u00e0 ses 3 r\u00e9glages de chauffe plus un r\u00e9glage froid. \u00a0 Ionique :\u00a0 La technologie ionique permet de renforcer l\u2019effet anti-statique, ainsi vous \u00e9vitez le dess\u00e8chement de vos cheveux pour laisser place \u00e0 une chevelure lisse et brillante. Les ions n\u00e9gatifs r\u00e9duisent la taille des gouttelettes d\u2019eau pour un s\u00e9chage plus rapide.   Protection :\u00a0 La brosse est con\u00e7ue pour r\u00e9partir l\u2019air rapidement et uniform\u00e9ment sur la chevelure et s\u00e9cher et coiffer plus rapidement pour moins de dommages dus \u00e0 la chaleur.   Poils mixtes :\u00a0\u00a0 Ses picots en nylon \u00e0 bouts arrondis sont synonymes de d\u00e9m\u00ealage en douceur. Les poils mixtes associant nylon et sanglier permettent de saisir les cheveux sur le bord incurv\u00e9 pour un volume et un contr\u00f4le accrus, garantissant ainsi des r\u00e9sultats lisses et brillants.  Rev\u00eatement : Le\u00a0rev\u00eatement en Titane\u00a0garantit des r\u00e9sultats longue dur\u00e9e et assure une brillance plus visible.","og_url":"https:\/\/baya-shop.com\/home\/product\/revlon-brosse-soufflante-one-step-volumiser-titanium-special-edition\/","og_site_name":"Baya Shop","article_publisher":"https:\/\/www.facebook.com\/Baya-Shop-103955257949742","article_modified_time":"2026-01-02T07:44:53+00:00","og_image":[{"width":1000,"height":1000,"url":"https:\/\/baya-shop.com\/wp-content\/uploads\/2023\/09\/Lokowko-suszarka-Revlon-RVDR5279UKE1-EAN-GTIN-0761318452799.jpg","type":"image\/jpeg"}],"twitter_card":"summary_large_image","twitter_misc":{"Dur\u00e9e de lecture estim\u00e9e":"1 minute"},"schema":{"@context":"https:\/\/schema.org","@graph":[{"@type":"WebPage","@id":"https:\/\/baya-shop.com\/home\/product\/revlon-brosse-soufflante-one-step-volumiser-titanium-special-edition\/","url":"https:\/\/baya-shop.com\/home\/product\/revlon-brosse-soufflante-one-step-volumiser-titanium-special-edition\/","name":"Revlon Brosse Soufflante One-Step Volumiser Titanium Special Edition RVDR5279UKE1 - Baya Shop","isPartOf":{"@id":"https:\/\/baya-shop.com\/home\/#website"},"primaryImageOfPage":{"@id":"https:\/\/baya-shop.com\/home\/product\/revlon-brosse-soufflante-one-step-volumiser-titanium-special-edition\/#primaryimage"},"image":{"@id":"https:\/\/baya-shop.com\/home\/product\/revlon-brosse-soufflante-one-step-volumiser-titanium-special-edition\/#primaryimage"},"thumbnailUrl":"https:\/\/i0.wp.com\/baya-shop.com\/wp-content\/uploads\/2023\/09\/Lokowko-suszarka-Revlon-RVDR5279UKE1-EAN-GTIN-0761318452799.jpg?fit=1000%2C1000&ssl=1","datePublished":"2023-09-14T10:48:52+00:00","dateModified":"2026-01-02T07:44:53+00:00","description":"Performances : Cette brosse permet de r\u00e9aliser un brushing en reproduisant automatiquement le geste brushing du coiffeur, tout en s\u00e9chant simultan\u00e9ment les cheveux. Sa forme unique affiche des bords l\u00e9g\u00e8rement incurv\u00e9s parfaits pour aller au plus pr\u00e8s des racines et ainsi conf\u00e9rer plus de volume, cr\u00e9er des r\u00e9sultats de lissage incroyables et de magnifiques boucles au niveau des pointes. L\u2019accessoire id\u00e9al pour les cheveux longs ! Adaptez la vitesse et la temp\u00e9rature selon le type de coiffure \u00e0 r\u00e9aliser gr\u00e2ce \u00e0 ses 3 r\u00e9glages de chauffe plus un r\u00e9glage froid. \u00a0 Ionique :\u00a0 La technologie ionique permet de renforcer l\u2019effet anti-statique, ainsi vous \u00e9vitez le dess\u00e8chement de vos cheveux pour laisser place \u00e0 une chevelure lisse et brillante. Les ions n\u00e9gatifs r\u00e9duisent la taille des gouttelettes d\u2019eau pour un s\u00e9chage plus rapide. Protection :\u00a0 La brosse est con\u00e7ue pour r\u00e9partir l\u2019air rapidement et uniform\u00e9ment sur la chevelure et s\u00e9cher et coiffer plus rapidement pour moins de dommages dus \u00e0 la chaleur. Poils mixtes :\u00a0\u00a0 Ses picots en nylon \u00e0 bouts arrondis sont synonymes de d\u00e9m\u00ealage en douceur. Les poils mixtes associant nylon et sanglier permettent de saisir les cheveux sur le bord incurv\u00e9 pour un volume et un contr\u00f4le accrus, garantissant ainsi des r\u00e9sultats lisses et brillants. Rev\u00eatement : Le\u00a0rev\u00eatement en Titane\u00a0garantit des r\u00e9sultats longue dur\u00e9e et assure une brillance plus visible.","breadcrumb":{"@id":"https:\/\/baya-shop.com\/home\/product\/revlon-brosse-soufflante-one-step-volumiser-titanium-special-edition\/#breadcrumb"},"inLanguage":"fr-FR","potentialAction":[{"@type":"ReadAction","target":["https:\/\/baya-shop.com\/home\/product\/revlon-brosse-soufflante-one-step-volumiser-titanium-special-edition\/"]}]},{"@type":"ImageObject","inLanguage":"fr-FR","@id":"https:\/\/baya-shop.com\/home\/product\/revlon-brosse-soufflante-one-step-volumiser-titanium-special-edition\/#primaryimage","url":"https:\/\/i0.wp.com\/baya-shop.com\/wp-content\/uploads\/2023\/09\/Lokowko-suszarka-Revlon-RVDR5279UKE1-EAN-GTIN-0761318452799.jpg?fit=1000%2C1000&ssl=1","contentUrl":"https:\/\/i0.wp.com\/baya-shop.com\/wp-content\/uploads\/2023\/09\/Lokowko-suszarka-Revlon-RVDR5279UKE1-EAN-GTIN-0761318452799.jpg?fit=1000%2C1000&ssl=1","width":1000,"height":1000},{"@type":"BreadcrumbList","@id":"https:\/\/baya-shop.com\/home\/product\/revlon-brosse-soufflante-one-step-volumiser-titanium-special-edition\/#breadcrumb","itemListElement":[{"@type":"ListItem","position":1,"name":"Accueil","item":"https:\/\/baya-shop.com\/home\/"},{"@type":"ListItem","position":2,"name":"Shop","item":"https:\/\/baya-shop.com\/home\/shop\/"},{"@type":"ListItem","position":3,"name":"Revlon Brosse Soufflante One-Step Volumiser Titanium Special Edition RVDR5279UKE1"}]},{"@type":"WebSite","@id":"https:\/\/baya-shop.com\/home\/#website","url":"https:\/\/baya-shop.com\/home\/","name":"Baya Shop","description":"","publisher":{"@id":"https:\/\/baya-shop.com\/home\/#organization"},"potentialAction":[{"@type":"SearchAction","target":{"@type":"EntryPoint","urlTemplate":"https:\/\/baya-shop.com\/home\/?s={search_term_string}"},"query-input":{"@type":"PropertyValueSpecification","valueRequired":true,"valueName":"search_term_string"}}],"inLanguage":"fr-FR"},{"@type":"Organization","@id":"https:\/\/baya-shop.com\/home\/#organization","name":"Baya Shop","url":"https:\/\/baya-shop.com\/home\/","logo":{"@type":"ImageObject","inLanguage":"fr-FR","@id":"https:\/\/baya-shop.com\/home\/#\/schema\/logo\/image\/","url":"https:\/\/baya-shop.com\/wp-content\/uploads\/2020\/11\/g.png","contentUrl":"https:\/\/baya-shop.com\/wp-content\/uploads\/2020\/11\/g.png","width":64,"height":64,"caption":"Baya Shop"},"image":{"@id":"https:\/\/baya-shop.com\/home\/#\/schema\/logo\/image\/"},"sameAs":["https:\/\/www.facebook.com\/Baya-Shop-103955257949742","https:\/\/www.instagram.com\/baya_shop_dz\/"]}]}},"jetpack_publicize_connections":[],"jetpack_sharing_enabled":true,"jetpack_likes_enabled":true,"jetpack-related-posts":[],"_links":{"self":[{"href":"https:\/\/baya-shop.com\/home\/wp-json\/wp\/v2\/product\/2622","targetHints":{"allow":["GET"]}}],"collection":[{"href":"https:\/\/baya-shop.com\/home\/wp-json\/wp\/v2\/product"}],"about":[{"href":"https:\/\/baya-shop.com\/home\/wp-json\/wp\/v2\/types\/product"}],"replies":[{"embeddable":true,"href":"https:\/\/baya-shop.com\/home\/wp-json\/wp\/v2\/comments?post=2622"}],"wp:featuredmedia":[{"embeddable":true,"href":"https:\/\/baya-shop.com\/home\/wp-json\/wp\/v2\/media\/3541"}],"wp:attachment":[{"href":"https:\/\/baya-shop.com\/home\/wp-json\/wp\/v2\/media?parent=2622"}],"wp:term":[{"taxonomy":"product_brand","embeddable":true,"href":"https:\/\/baya-shop.com\/home\/wp-json\/wp\/v2\/product_brand?post=2622"},{"taxonomy":"product_cat","embeddable":true,"href":"https:\/\/baya-shop.com\/home\/wp-json\/wp\/v2\/product_cat?post=2622"},{"taxonomy":"product_tag","embeddable":true,"href":"https:\/\/baya-shop.com\/home\/wp-json\/wp\/v2\/product_tag?post=2622"}],"curies":[{"name":"wp","href":"https:\/\/api.w.org\/{rel}","templated":true}]}}