{"id":2605,"date":"2023-09-13T18:26:36","date_gmt":"2023-09-13T17:26:36","guid":{"rendered":"https:\/\/baya-shop.com\/home\/?post_type=product&#038;p=2605"},"modified":"2025-12-18T08:18:32","modified_gmt":"2025-12-18T07:18:32","slug":"remington-lisseur-aqualisse-extreme-230c-s7202","status":"publish","type":"product","link":"https:\/\/baya-shop.com\/home\/product\/remington-lisseur-aqualisse-extreme-230c-s7202\/","title":{"rendered":"Remington Lisseur Aqualisse Extr\u00eame S7202"},"content":{"rendered":"","protected":false},"excerpt":{"rendered":"<ul>\n<li>Aqualisse Extr\u00eame pour une utilisation sur cheveux secs ou mouill\u00e9s<\/li>\n<li>Rev\u00eatement en c\u00e9ramique avanc\u00e9e pour un lissage professionnel et des cheveux prot\u00e9g\u00e9s<\/li>\n<li>Temp\u00e9rature modulable (140 \u00e0 230\u00b0C)<\/li>\n<li>Chauffe ultra rapide (15 secondes)<\/li>\n<li>Plaques flottantes XL 110mm et \u00e9cran LCD ; fonction turbo<\/li>\n<li>S\u00e9curit\u00e9 avec verrouillage de la temp\u00e9rature, v\u00e9rouillage des plaques et arr\u00eat automatique<\/li>\n<li>Pochette thermor\u00e9sistante incluse<\/li>\n<\/ul>\n","protected":false},"featured_media":3419,"comment_status":"open","ping_status":"closed","template":"","meta":{"jetpack_post_was_ever_published":false,"jetpack_publicize_message":"","jetpack_publicize_feature_enabled":true,"jetpack_social_post_already_shared":false,"jetpack_social_options":{"image_generator_settings":{"template":"highway","default_image_id":0,"font":"","enabled":false},"version":2}},"product_brand":[],"product_cat":[18,47],"product_tag":[],"class_list":{"0":"post-2605","1":"product","2":"type-product","3":"status-publish","4":"has-post-thumbnail","6":"product_cat-lisseur","7":"product_cat-remington","9":"first","10":"instock","11":"shipping-taxable","12":"purchasable","13":"product-type-simple"},"yoast_head":"<!-- This site is optimized with the Yoast SEO plugin v27.4 - https:\/\/yoast.com\/product\/yoast-seo-wordpress\/ -->\n<title>Remington Lisseur Aqualisse Extr\u00eame S7202 - Baya Shop<\/title>\n<meta name=\"description\" content=\"Aqualisse Extr\u00eame pour une utilisation sur cheveux secs ou mouill\u00e9s  Rev\u00eatement en c\u00e9ramique avanc\u00e9e pour un lissage professionnel et des cheveux prot\u00e9g\u00e9s  Temp\u00e9rature modulable (140 \u00e0 230\u00b0C)  Chauffe ultra rapide (15 secondes)  Plaques flottantes XL 110mm et \u00e9cran LCD ; fonction turbo  S\u00e9curit\u00e9 avec verrouillage de la temp\u00e9rature, v\u00e9rouillage des plaques et arr\u00eat automatique  Pochette thermor\u00e9sistante incluse\" \/>\n<meta name=\"robots\" content=\"index, follow, max-snippet:-1, max-image-preview:large, max-video-preview:-1\" \/>\n<link rel=\"canonical\" href=\"https:\/\/baya-shop.com\/home\/product\/remington-lisseur-aqualisse-extreme-230c-s7202\/\" \/>\n<meta property=\"og:locale\" content=\"fr_FR\" \/>\n<meta property=\"og:type\" content=\"article\" \/>\n<meta property=\"og:title\" content=\"Remington Lisseur Aqualisse Extr\u00eame S7202 - Baya Shop\" \/>\n<meta property=\"og:description\" content=\"Aqualisse Extr\u00eame pour une utilisation sur cheveux secs ou mouill\u00e9s  Rev\u00eatement en c\u00e9ramique avanc\u00e9e pour un lissage professionnel et des cheveux prot\u00e9g\u00e9s  Temp\u00e9rature modulable (140 \u00e0 230\u00b0C)  Chauffe ultra rapide (15 secondes)  Plaques flottantes XL 110mm et \u00e9cran LCD ; fonction turbo  S\u00e9curit\u00e9 avec verrouillage de la temp\u00e9rature, v\u00e9rouillage des plaques et arr\u00eat automatique  Pochette thermor\u00e9sistante incluse\" \/>\n<meta property=\"og:url\" content=\"https:\/\/baya-shop.com\/home\/product\/remington-lisseur-aqualisse-extreme-230c-s7202\/\" \/>\n<meta property=\"og:site_name\" content=\"Baya Shop\" \/>\n<meta property=\"article:publisher\" content=\"https:\/\/www.facebook.com\/Baya-Shop-103955257949742\" \/>\n<meta property=\"article:modified_time\" content=\"2025-12-18T07:18:32+00:00\" \/>\n<meta property=\"og:image\" content=\"https:\/\/baya-shop.com\/wp-content\/uploads\/2023\/09\/lisseur-remington-aqualisse-extreme-s7202-prix-tunisie.jpg\" \/>\n\t<meta property=\"og:image:width\" content=\"460\" \/>\n\t<meta property=\"og:image:height\" content=\"460\" \/>\n\t<meta property=\"og:image:type\" content=\"image\/jpeg\" \/>\n<meta name=\"twitter:card\" content=\"summary_large_image\" \/>\n<meta name=\"twitter:label1\" content=\"Dur\u00e9e de lecture estim\u00e9e\" \/>\n\t<meta name=\"twitter:data1\" content=\"1 minute\" \/>\n<script type=\"application\/ld+json\" class=\"yoast-schema-graph\">{\"@context\":\"https:\\\/\\\/schema.org\",\"@graph\":[{\"@type\":\"WebPage\",\"@id\":\"https:\\\/\\\/baya-shop.com\\\/home\\\/product\\\/remington-lisseur-aqualisse-extreme-230c-s7202\\\/\",\"url\":\"https:\\\/\\\/baya-shop.com\\\/home\\\/product\\\/remington-lisseur-aqualisse-extreme-230c-s7202\\\/\",\"name\":\"Remington Lisseur Aqualisse Extr\u00eame S7202 - Baya Shop\",\"isPartOf\":{\"@id\":\"https:\\\/\\\/baya-shop.com\\\/home\\\/#website\"},\"primaryImageOfPage\":{\"@id\":\"https:\\\/\\\/baya-shop.com\\\/home\\\/product\\\/remington-lisseur-aqualisse-extreme-230c-s7202\\\/#primaryimage\"},\"image\":{\"@id\":\"https:\\\/\\\/baya-shop.com\\\/home\\\/product\\\/remington-lisseur-aqualisse-extreme-230c-s7202\\\/#primaryimage\"},\"thumbnailUrl\":\"https:\\\/\\\/i0.wp.com\\\/baya-shop.com\\\/wp-content\\\/uploads\\\/2023\\\/09\\\/lisseur-remington-aqualisse-extreme-s7202-prix-tunisie.jpg?fit=460%2C460&ssl=1\",\"datePublished\":\"2023-09-13T17:26:36+00:00\",\"dateModified\":\"2025-12-18T07:18:32+00:00\",\"description\":\"Aqualisse Extr\u00eame pour une utilisation sur cheveux secs ou mouill\u00e9s Rev\u00eatement en c\u00e9ramique avanc\u00e9e pour un lissage professionnel et des cheveux prot\u00e9g\u00e9s Temp\u00e9rature modulable (140 \u00e0 230\u00b0C) Chauffe ultra rapide (15 secondes) Plaques flottantes XL 110mm et \u00e9cran LCD ; fonction turbo S\u00e9curit\u00e9 avec verrouillage de la temp\u00e9rature, v\u00e9rouillage des plaques et arr\u00eat automatique Pochette thermor\u00e9sistante incluse\",\"breadcrumb\":{\"@id\":\"https:\\\/\\\/baya-shop.com\\\/home\\\/product\\\/remington-lisseur-aqualisse-extreme-230c-s7202\\\/#breadcrumb\"},\"inLanguage\":\"fr-FR\",\"potentialAction\":[{\"@type\":\"ReadAction\",\"target\":[\"https:\\\/\\\/baya-shop.com\\\/home\\\/product\\\/remington-lisseur-aqualisse-extreme-230c-s7202\\\/\"]}]},{\"@type\":\"ImageObject\",\"inLanguage\":\"fr-FR\",\"@id\":\"https:\\\/\\\/baya-shop.com\\\/home\\\/product\\\/remington-lisseur-aqualisse-extreme-230c-s7202\\\/#primaryimage\",\"url\":\"https:\\\/\\\/i0.wp.com\\\/baya-shop.com\\\/wp-content\\\/uploads\\\/2023\\\/09\\\/lisseur-remington-aqualisse-extreme-s7202-prix-tunisie.jpg?fit=460%2C460&ssl=1\",\"contentUrl\":\"https:\\\/\\\/i0.wp.com\\\/baya-shop.com\\\/wp-content\\\/uploads\\\/2023\\\/09\\\/lisseur-remington-aqualisse-extreme-s7202-prix-tunisie.jpg?fit=460%2C460&ssl=1\",\"width\":460,\"height\":460},{\"@type\":\"BreadcrumbList\",\"@id\":\"https:\\\/\\\/baya-shop.com\\\/home\\\/product\\\/remington-lisseur-aqualisse-extreme-230c-s7202\\\/#breadcrumb\",\"itemListElement\":[{\"@type\":\"ListItem\",\"position\":1,\"name\":\"Accueil\",\"item\":\"https:\\\/\\\/baya-shop.com\\\/home\\\/\"},{\"@type\":\"ListItem\",\"position\":2,\"name\":\"Shop\",\"item\":\"https:\\\/\\\/baya-shop.com\\\/home\\\/shop\\\/\"},{\"@type\":\"ListItem\",\"position\":3,\"name\":\"Remington Lisseur Aqualisse Extr\u00eame S7202\"}]},{\"@type\":\"WebSite\",\"@id\":\"https:\\\/\\\/baya-shop.com\\\/home\\\/#website\",\"url\":\"https:\\\/\\\/baya-shop.com\\\/home\\\/\",\"name\":\"Baya Shop\",\"description\":\"\",\"publisher\":{\"@id\":\"https:\\\/\\\/baya-shop.com\\\/home\\\/#organization\"},\"potentialAction\":[{\"@type\":\"SearchAction\",\"target\":{\"@type\":\"EntryPoint\",\"urlTemplate\":\"https:\\\/\\\/baya-shop.com\\\/home\\\/?s={search_term_string}\"},\"query-input\":{\"@type\":\"PropertyValueSpecification\",\"valueRequired\":true,\"valueName\":\"search_term_string\"}}],\"inLanguage\":\"fr-FR\"},{\"@type\":\"Organization\",\"@id\":\"https:\\\/\\\/baya-shop.com\\\/home\\\/#organization\",\"name\":\"Baya Shop\",\"url\":\"https:\\\/\\\/baya-shop.com\\\/home\\\/\",\"logo\":{\"@type\":\"ImageObject\",\"inLanguage\":\"fr-FR\",\"@id\":\"https:\\\/\\\/baya-shop.com\\\/home\\\/#\\\/schema\\\/logo\\\/image\\\/\",\"url\":\"https:\\\/\\\/baya-shop.com\\\/wp-content\\\/uploads\\\/2020\\\/11\\\/g.png\",\"contentUrl\":\"https:\\\/\\\/baya-shop.com\\\/wp-content\\\/uploads\\\/2020\\\/11\\\/g.png\",\"width\":64,\"height\":64,\"caption\":\"Baya Shop\"},\"image\":{\"@id\":\"https:\\\/\\\/baya-shop.com\\\/home\\\/#\\\/schema\\\/logo\\\/image\\\/\"},\"sameAs\":[\"https:\\\/\\\/www.facebook.com\\\/Baya-Shop-103955257949742\",\"https:\\\/\\\/www.instagram.com\\\/baya_shop_dz\\\/\"]}]}<\/script>\n<!-- \/ Yoast SEO plugin. -->","yoast_head_json":{"title":"Remington Lisseur Aqualisse Extr\u00eame S7202 - Baya Shop","description":"Aqualisse Extr\u00eame pour une utilisation sur cheveux secs ou mouill\u00e9s  Rev\u00eatement en c\u00e9ramique avanc\u00e9e pour un lissage professionnel et des cheveux prot\u00e9g\u00e9s  Temp\u00e9rature modulable (140 \u00e0 230\u00b0C)  Chauffe ultra rapide (15 secondes)  Plaques flottantes XL 110mm et \u00e9cran LCD ; fonction turbo  S\u00e9curit\u00e9 avec verrouillage de la temp\u00e9rature, v\u00e9rouillage des plaques et arr\u00eat automatique  Pochette thermor\u00e9sistante incluse","robots":{"index":"index","follow":"follow","max-snippet":"max-snippet:-1","max-image-preview":"max-image-preview:large","max-video-preview":"max-video-preview:-1"},"canonical":"https:\/\/baya-shop.com\/home\/product\/remington-lisseur-aqualisse-extreme-230c-s7202\/","og_locale":"fr_FR","og_type":"article","og_title":"Remington Lisseur Aqualisse Extr\u00eame S7202 - Baya Shop","og_description":"Aqualisse Extr\u00eame pour une utilisation sur cheveux secs ou mouill\u00e9s  Rev\u00eatement en c\u00e9ramique avanc\u00e9e pour un lissage professionnel et des cheveux prot\u00e9g\u00e9s  Temp\u00e9rature modulable (140 \u00e0 230\u00b0C)  Chauffe ultra rapide (15 secondes)  Plaques flottantes XL 110mm et \u00e9cran LCD ; fonction turbo  S\u00e9curit\u00e9 avec verrouillage de la temp\u00e9rature, v\u00e9rouillage des plaques et arr\u00eat automatique  Pochette thermor\u00e9sistante incluse","og_url":"https:\/\/baya-shop.com\/home\/product\/remington-lisseur-aqualisse-extreme-230c-s7202\/","og_site_name":"Baya Shop","article_publisher":"https:\/\/www.facebook.com\/Baya-Shop-103955257949742","article_modified_time":"2025-12-18T07:18:32+00:00","og_image":[{"width":460,"height":460,"url":"https:\/\/baya-shop.com\/wp-content\/uploads\/2023\/09\/lisseur-remington-aqualisse-extreme-s7202-prix-tunisie.jpg","type":"image\/jpeg"}],"twitter_card":"summary_large_image","twitter_misc":{"Dur\u00e9e de lecture estim\u00e9e":"1 minute"},"schema":{"@context":"https:\/\/schema.org","@graph":[{"@type":"WebPage","@id":"https:\/\/baya-shop.com\/home\/product\/remington-lisseur-aqualisse-extreme-230c-s7202\/","url":"https:\/\/baya-shop.com\/home\/product\/remington-lisseur-aqualisse-extreme-230c-s7202\/","name":"Remington Lisseur Aqualisse Extr\u00eame S7202 - Baya Shop","isPartOf":{"@id":"https:\/\/baya-shop.com\/home\/#website"},"primaryImageOfPage":{"@id":"https:\/\/baya-shop.com\/home\/product\/remington-lisseur-aqualisse-extreme-230c-s7202\/#primaryimage"},"image":{"@id":"https:\/\/baya-shop.com\/home\/product\/remington-lisseur-aqualisse-extreme-230c-s7202\/#primaryimage"},"thumbnailUrl":"https:\/\/i0.wp.com\/baya-shop.com\/wp-content\/uploads\/2023\/09\/lisseur-remington-aqualisse-extreme-s7202-prix-tunisie.jpg?fit=460%2C460&ssl=1","datePublished":"2023-09-13T17:26:36+00:00","dateModified":"2025-12-18T07:18:32+00:00","description":"Aqualisse Extr\u00eame pour une utilisation sur cheveux secs ou mouill\u00e9s Rev\u00eatement en c\u00e9ramique avanc\u00e9e pour un lissage professionnel et des cheveux prot\u00e9g\u00e9s Temp\u00e9rature modulable (140 \u00e0 230\u00b0C) Chauffe ultra rapide (15 secondes) Plaques flottantes XL 110mm et \u00e9cran LCD ; fonction turbo S\u00e9curit\u00e9 avec verrouillage de la temp\u00e9rature, v\u00e9rouillage des plaques et arr\u00eat automatique Pochette thermor\u00e9sistante incluse","breadcrumb":{"@id":"https:\/\/baya-shop.com\/home\/product\/remington-lisseur-aqualisse-extreme-230c-s7202\/#breadcrumb"},"inLanguage":"fr-FR","potentialAction":[{"@type":"ReadAction","target":["https:\/\/baya-shop.com\/home\/product\/remington-lisseur-aqualisse-extreme-230c-s7202\/"]}]},{"@type":"ImageObject","inLanguage":"fr-FR","@id":"https:\/\/baya-shop.com\/home\/product\/remington-lisseur-aqualisse-extreme-230c-s7202\/#primaryimage","url":"https:\/\/i0.wp.com\/baya-shop.com\/wp-content\/uploads\/2023\/09\/lisseur-remington-aqualisse-extreme-s7202-prix-tunisie.jpg?fit=460%2C460&ssl=1","contentUrl":"https:\/\/i0.wp.com\/baya-shop.com\/wp-content\/uploads\/2023\/09\/lisseur-remington-aqualisse-extreme-s7202-prix-tunisie.jpg?fit=460%2C460&ssl=1","width":460,"height":460},{"@type":"BreadcrumbList","@id":"https:\/\/baya-shop.com\/home\/product\/remington-lisseur-aqualisse-extreme-230c-s7202\/#breadcrumb","itemListElement":[{"@type":"ListItem","position":1,"name":"Accueil","item":"https:\/\/baya-shop.com\/home\/"},{"@type":"ListItem","position":2,"name":"Shop","item":"https:\/\/baya-shop.com\/home\/shop\/"},{"@type":"ListItem","position":3,"name":"Remington Lisseur Aqualisse Extr\u00eame S7202"}]},{"@type":"WebSite","@id":"https:\/\/baya-shop.com\/home\/#website","url":"https:\/\/baya-shop.com\/home\/","name":"Baya Shop","description":"","publisher":{"@id":"https:\/\/baya-shop.com\/home\/#organization"},"potentialAction":[{"@type":"SearchAction","target":{"@type":"EntryPoint","urlTemplate":"https:\/\/baya-shop.com\/home\/?s={search_term_string}"},"query-input":{"@type":"PropertyValueSpecification","valueRequired":true,"valueName":"search_term_string"}}],"inLanguage":"fr-FR"},{"@type":"Organization","@id":"https:\/\/baya-shop.com\/home\/#organization","name":"Baya Shop","url":"https:\/\/baya-shop.com\/home\/","logo":{"@type":"ImageObject","inLanguage":"fr-FR","@id":"https:\/\/baya-shop.com\/home\/#\/schema\/logo\/image\/","url":"https:\/\/baya-shop.com\/wp-content\/uploads\/2020\/11\/g.png","contentUrl":"https:\/\/baya-shop.com\/wp-content\/uploads\/2020\/11\/g.png","width":64,"height":64,"caption":"Baya Shop"},"image":{"@id":"https:\/\/baya-shop.com\/home\/#\/schema\/logo\/image\/"},"sameAs":["https:\/\/www.facebook.com\/Baya-Shop-103955257949742","https:\/\/www.instagram.com\/baya_shop_dz\/"]}]}},"jetpack_publicize_connections":[],"jetpack_sharing_enabled":true,"jetpack_likes_enabled":true,"jetpack-related-posts":[],"_links":{"self":[{"href":"https:\/\/baya-shop.com\/home\/wp-json\/wp\/v2\/product\/2605","targetHints":{"allow":["GET"]}}],"collection":[{"href":"https:\/\/baya-shop.com\/home\/wp-json\/wp\/v2\/product"}],"about":[{"href":"https:\/\/baya-shop.com\/home\/wp-json\/wp\/v2\/types\/product"}],"replies":[{"embeddable":true,"href":"https:\/\/baya-shop.com\/home\/wp-json\/wp\/v2\/comments?post=2605"}],"wp:featuredmedia":[{"embeddable":true,"href":"https:\/\/baya-shop.com\/home\/wp-json\/wp\/v2\/media\/3419"}],"wp:attachment":[{"href":"https:\/\/baya-shop.com\/home\/wp-json\/wp\/v2\/media?parent=2605"}],"wp:term":[{"taxonomy":"product_brand","embeddable":true,"href":"https:\/\/baya-shop.com\/home\/wp-json\/wp\/v2\/product_brand?post=2605"},{"taxonomy":"product_cat","embeddable":true,"href":"https:\/\/baya-shop.com\/home\/wp-json\/wp\/v2\/product_cat?post=2605"},{"taxonomy":"product_tag","embeddable":true,"href":"https:\/\/baya-shop.com\/home\/wp-json\/wp\/v2\/product_tag?post=2605"}],"curies":[{"name":"wp","href":"https:\/\/api.w.org\/{rel}","templated":true}]}}