{"id":2531,"date":"2023-09-10T17:48:38","date_gmt":"2023-09-10T16:48:38","guid":{"rendered":"https:\/\/baya-shop.com\/home\/?post_type=product&#038;p=2531"},"modified":"2024-03-02T12:56:50","modified_gmt":"2024-03-02T11:56:50","slug":"remington-seche-cheveux-ionic-dry-2200watt-d3190s","status":"publish","type":"product","link":"https:\/\/baya-shop.com\/home\/product\/remington-seche-cheveux-ionic-dry-2200watt-d3190s\/","title":{"rendered":"Remington S\u00e8che-Cheveux Ionic Dry D3190s"},"content":{"rendered":"","protected":false},"excerpt":{"rendered":"<ul>\n<li>2200W : s\u00e9chage rapide et efficace<\/li>\n<li>Technologie ionique avec 90% d&rsquo;ions en plus pour une brillance sans frisottis**<\/li>\n<li>Grille rev\u00eatement c\u00e9ramique : diffuse une temp\u00e9rature homog\u00e8ne<\/li>\n<li>Temp\u00e9rature variable : 3 temp\u00e9ratures \/ 2 vitesses<\/li>\n<li>Air frais pour fixer la coiffure<\/li>\n<li>Concentrateur pour un s\u00e9chage rapide<\/li>\n<li>Diffuseur pour sublimer les boucles et apporter du volume<\/li>\n<li>Grille arri\u00e8re amovible pour un nettoyage facile<\/li>\n<li>Anneau de suspension pour un rangement pratique<\/li>\n<\/ul>\n","protected":false},"featured_media":3424,"comment_status":"open","ping_status":"closed","template":"","meta":{"jetpack_post_was_ever_published":false,"jetpack_publicize_message":"","jetpack_publicize_feature_enabled":true,"jetpack_social_post_already_shared":false,"jetpack_social_options":{"image_generator_settings":{"template":"highway","default_image_id":0,"font":"","enabled":false},"version":2}},"product_brand":[],"product_cat":[46,47,20],"product_tag":[],"class_list":{"0":"post-2531","1":"product","2":"type-product","3":"status-publish","4":"has-post-thumbnail","6":"product_cat-promotion","7":"product_cat-remington","8":"product_cat-seche-cheveux","10":"first","11":"outofstock","12":"shipping-taxable","13":"product-type-simple"},"yoast_head":"<!-- This site is optimized with the Yoast SEO plugin v27.3 - https:\/\/yoast.com\/product\/yoast-seo-wordpress\/ -->\n<title>Remington S\u00e8che-Cheveux Ionic Dry D3190s - Baya Shop<\/title>\n<meta name=\"description\" content=\"2200W : s\u00e9chage rapide et efficace  Technologie ionique avec 90% d&#039;ions en plus pour une brillance sans frisottis**  Grille rev\u00eatement c\u00e9ramique : diffuse une temp\u00e9rature homog\u00e8ne  Temp\u00e9rature variable : 3 temp\u00e9ratures \/ 2 vitesses  Air frais pour fixer la coiffure  Concentrateur pour un s\u00e9chage rapide  Diffuseur pour sublimer les boucles et apporter du volume  Grille arri\u00e8re amovible pour un nettoyage facile  Anneau de suspension pour un rangement pratique\" \/>\n<meta name=\"robots\" content=\"index, follow, max-snippet:-1, max-image-preview:large, max-video-preview:-1\" \/>\n<link rel=\"canonical\" href=\"https:\/\/baya-shop.com\/home\/product\/remington-seche-cheveux-ionic-dry-2200watt-d3190s\/\" \/>\n<meta property=\"og:locale\" content=\"fr_FR\" \/>\n<meta property=\"og:type\" content=\"article\" \/>\n<meta property=\"og:title\" content=\"Remington S\u00e8che-Cheveux Ionic Dry D3190s - Baya Shop\" \/>\n<meta property=\"og:description\" content=\"2200W : s\u00e9chage rapide et efficace  Technologie ionique avec 90% d&#039;ions en plus pour une brillance sans frisottis**  Grille rev\u00eatement c\u00e9ramique : diffuse une temp\u00e9rature homog\u00e8ne  Temp\u00e9rature variable : 3 temp\u00e9ratures \/ 2 vitesses  Air frais pour fixer la coiffure  Concentrateur pour un s\u00e9chage rapide  Diffuseur pour sublimer les boucles et apporter du volume  Grille arri\u00e8re amovible pour un nettoyage facile  Anneau de suspension pour un rangement pratique\" \/>\n<meta property=\"og:url\" content=\"https:\/\/baya-shop.com\/home\/product\/remington-seche-cheveux-ionic-dry-2200watt-d3190s\/\" \/>\n<meta property=\"og:site_name\" content=\"Baya Shop\" \/>\n<meta property=\"article:publisher\" content=\"https:\/\/www.facebook.com\/Baya-Shop-103955257949742\" \/>\n<meta property=\"article:modified_time\" content=\"2024-03-02T11:56:50+00:00\" \/>\n<meta property=\"og:image\" content=\"https:\/\/baya-shop.com\/wp-content\/uploads\/2023\/09\/large_45761560100_9688_D3190S-INT-FOP.jpg\" \/>\n\t<meta property=\"og:image:width\" content=\"1000\" \/>\n\t<meta property=\"og:image:height\" content=\"1000\" \/>\n\t<meta property=\"og:image:type\" content=\"image\/jpeg\" \/>\n<meta name=\"twitter:card\" content=\"summary_large_image\" \/>\n<meta name=\"twitter:label1\" content=\"Dur\u00e9e de lecture estim\u00e9e\" \/>\n\t<meta name=\"twitter:data1\" content=\"1 minute\" \/>\n<script type=\"application\/ld+json\" class=\"yoast-schema-graph\">{\"@context\":\"https:\\\/\\\/schema.org\",\"@graph\":[{\"@type\":\"WebPage\",\"@id\":\"https:\\\/\\\/baya-shop.com\\\/home\\\/product\\\/remington-seche-cheveux-ionic-dry-2200watt-d3190s\\\/\",\"url\":\"https:\\\/\\\/baya-shop.com\\\/home\\\/product\\\/remington-seche-cheveux-ionic-dry-2200watt-d3190s\\\/\",\"name\":\"Remington S\u00e8che-Cheveux Ionic Dry D3190s - Baya Shop\",\"isPartOf\":{\"@id\":\"https:\\\/\\\/baya-shop.com\\\/home\\\/#website\"},\"primaryImageOfPage\":{\"@id\":\"https:\\\/\\\/baya-shop.com\\\/home\\\/product\\\/remington-seche-cheveux-ionic-dry-2200watt-d3190s\\\/#primaryimage\"},\"image\":{\"@id\":\"https:\\\/\\\/baya-shop.com\\\/home\\\/product\\\/remington-seche-cheveux-ionic-dry-2200watt-d3190s\\\/#primaryimage\"},\"thumbnailUrl\":\"https:\\\/\\\/i0.wp.com\\\/baya-shop.com\\\/wp-content\\\/uploads\\\/2023\\\/09\\\/large_45761560100_9688_D3190S-INT-FOP.jpg?fit=1000%2C1000&ssl=1\",\"datePublished\":\"2023-09-10T16:48:38+00:00\",\"dateModified\":\"2024-03-02T11:56:50+00:00\",\"description\":\"2200W : s\u00e9chage rapide et efficace Technologie ionique avec 90% d'ions en plus pour une brillance sans frisottis** Grille rev\u00eatement c\u00e9ramique : diffuse une temp\u00e9rature homog\u00e8ne Temp\u00e9rature variable : 3 temp\u00e9ratures \\\/ 2 vitesses Air frais pour fixer la coiffure Concentrateur pour un s\u00e9chage rapide Diffuseur pour sublimer les boucles et apporter du volume Grille arri\u00e8re amovible pour un nettoyage facile Anneau de suspension pour un rangement pratique\",\"breadcrumb\":{\"@id\":\"https:\\\/\\\/baya-shop.com\\\/home\\\/product\\\/remington-seche-cheveux-ionic-dry-2200watt-d3190s\\\/#breadcrumb\"},\"inLanguage\":\"fr-FR\",\"potentialAction\":[{\"@type\":\"ReadAction\",\"target\":[\"https:\\\/\\\/baya-shop.com\\\/home\\\/product\\\/remington-seche-cheveux-ionic-dry-2200watt-d3190s\\\/\"]}]},{\"@type\":\"ImageObject\",\"inLanguage\":\"fr-FR\",\"@id\":\"https:\\\/\\\/baya-shop.com\\\/home\\\/product\\\/remington-seche-cheveux-ionic-dry-2200watt-d3190s\\\/#primaryimage\",\"url\":\"https:\\\/\\\/i0.wp.com\\\/baya-shop.com\\\/wp-content\\\/uploads\\\/2023\\\/09\\\/large_45761560100_9688_D3190S-INT-FOP.jpg?fit=1000%2C1000&ssl=1\",\"contentUrl\":\"https:\\\/\\\/i0.wp.com\\\/baya-shop.com\\\/wp-content\\\/uploads\\\/2023\\\/09\\\/large_45761560100_9688_D3190S-INT-FOP.jpg?fit=1000%2C1000&ssl=1\",\"width\":1000,\"height\":1000},{\"@type\":\"BreadcrumbList\",\"@id\":\"https:\\\/\\\/baya-shop.com\\\/home\\\/product\\\/remington-seche-cheveux-ionic-dry-2200watt-d3190s\\\/#breadcrumb\",\"itemListElement\":[{\"@type\":\"ListItem\",\"position\":1,\"name\":\"Accueil\",\"item\":\"https:\\\/\\\/baya-shop.com\\\/home\\\/\"},{\"@type\":\"ListItem\",\"position\":2,\"name\":\"Shop\",\"item\":\"https:\\\/\\\/baya-shop.com\\\/home\\\/shop\\\/\"},{\"@type\":\"ListItem\",\"position\":3,\"name\":\"Remington S\u00e8che-Cheveux Ionic Dry D3190s\"}]},{\"@type\":\"WebSite\",\"@id\":\"https:\\\/\\\/baya-shop.com\\\/home\\\/#website\",\"url\":\"https:\\\/\\\/baya-shop.com\\\/home\\\/\",\"name\":\"Baya Shop\",\"description\":\"\",\"publisher\":{\"@id\":\"https:\\\/\\\/baya-shop.com\\\/home\\\/#organization\"},\"potentialAction\":[{\"@type\":\"SearchAction\",\"target\":{\"@type\":\"EntryPoint\",\"urlTemplate\":\"https:\\\/\\\/baya-shop.com\\\/home\\\/?s={search_term_string}\"},\"query-input\":{\"@type\":\"PropertyValueSpecification\",\"valueRequired\":true,\"valueName\":\"search_term_string\"}}],\"inLanguage\":\"fr-FR\"},{\"@type\":\"Organization\",\"@id\":\"https:\\\/\\\/baya-shop.com\\\/home\\\/#organization\",\"name\":\"Baya Shop\",\"url\":\"https:\\\/\\\/baya-shop.com\\\/home\\\/\",\"logo\":{\"@type\":\"ImageObject\",\"inLanguage\":\"fr-FR\",\"@id\":\"https:\\\/\\\/baya-shop.com\\\/home\\\/#\\\/schema\\\/logo\\\/image\\\/\",\"url\":\"https:\\\/\\\/baya-shop.com\\\/wp-content\\\/uploads\\\/2020\\\/11\\\/g.png\",\"contentUrl\":\"https:\\\/\\\/baya-shop.com\\\/wp-content\\\/uploads\\\/2020\\\/11\\\/g.png\",\"width\":64,\"height\":64,\"caption\":\"Baya Shop\"},\"image\":{\"@id\":\"https:\\\/\\\/baya-shop.com\\\/home\\\/#\\\/schema\\\/logo\\\/image\\\/\"},\"sameAs\":[\"https:\\\/\\\/www.facebook.com\\\/Baya-Shop-103955257949742\",\"https:\\\/\\\/www.instagram.com\\\/baya_shop_dz\\\/\"]}]}<\/script>\n<!-- \/ Yoast SEO plugin. -->","yoast_head_json":{"title":"Remington S\u00e8che-Cheveux Ionic Dry D3190s - Baya Shop","description":"2200W : s\u00e9chage rapide et efficace  Technologie ionique avec 90% d'ions en plus pour une brillance sans frisottis**  Grille rev\u00eatement c\u00e9ramique : diffuse une temp\u00e9rature homog\u00e8ne  Temp\u00e9rature variable : 3 temp\u00e9ratures \/ 2 vitesses  Air frais pour fixer la coiffure  Concentrateur pour un s\u00e9chage rapide  Diffuseur pour sublimer les boucles et apporter du volume  Grille arri\u00e8re amovible pour un nettoyage facile  Anneau de suspension pour un rangement pratique","robots":{"index":"index","follow":"follow","max-snippet":"max-snippet:-1","max-image-preview":"max-image-preview:large","max-video-preview":"max-video-preview:-1"},"canonical":"https:\/\/baya-shop.com\/home\/product\/remington-seche-cheveux-ionic-dry-2200watt-d3190s\/","og_locale":"fr_FR","og_type":"article","og_title":"Remington S\u00e8che-Cheveux Ionic Dry D3190s - Baya Shop","og_description":"2200W : s\u00e9chage rapide et efficace  Technologie ionique avec 90% d'ions en plus pour une brillance sans frisottis**  Grille rev\u00eatement c\u00e9ramique : diffuse une temp\u00e9rature homog\u00e8ne  Temp\u00e9rature variable : 3 temp\u00e9ratures \/ 2 vitesses  Air frais pour fixer la coiffure  Concentrateur pour un s\u00e9chage rapide  Diffuseur pour sublimer les boucles et apporter du volume  Grille arri\u00e8re amovible pour un nettoyage facile  Anneau de suspension pour un rangement pratique","og_url":"https:\/\/baya-shop.com\/home\/product\/remington-seche-cheveux-ionic-dry-2200watt-d3190s\/","og_site_name":"Baya Shop","article_publisher":"https:\/\/www.facebook.com\/Baya-Shop-103955257949742","article_modified_time":"2024-03-02T11:56:50+00:00","og_image":[{"width":1000,"height":1000,"url":"https:\/\/baya-shop.com\/wp-content\/uploads\/2023\/09\/large_45761560100_9688_D3190S-INT-FOP.jpg","type":"image\/jpeg"}],"twitter_card":"summary_large_image","twitter_misc":{"Dur\u00e9e de lecture estim\u00e9e":"1 minute"},"schema":{"@context":"https:\/\/schema.org","@graph":[{"@type":"WebPage","@id":"https:\/\/baya-shop.com\/home\/product\/remington-seche-cheveux-ionic-dry-2200watt-d3190s\/","url":"https:\/\/baya-shop.com\/home\/product\/remington-seche-cheveux-ionic-dry-2200watt-d3190s\/","name":"Remington S\u00e8che-Cheveux Ionic Dry D3190s - Baya Shop","isPartOf":{"@id":"https:\/\/baya-shop.com\/home\/#website"},"primaryImageOfPage":{"@id":"https:\/\/baya-shop.com\/home\/product\/remington-seche-cheveux-ionic-dry-2200watt-d3190s\/#primaryimage"},"image":{"@id":"https:\/\/baya-shop.com\/home\/product\/remington-seche-cheveux-ionic-dry-2200watt-d3190s\/#primaryimage"},"thumbnailUrl":"https:\/\/i0.wp.com\/baya-shop.com\/wp-content\/uploads\/2023\/09\/large_45761560100_9688_D3190S-INT-FOP.jpg?fit=1000%2C1000&ssl=1","datePublished":"2023-09-10T16:48:38+00:00","dateModified":"2024-03-02T11:56:50+00:00","description":"2200W : s\u00e9chage rapide et efficace Technologie ionique avec 90% d'ions en plus pour une brillance sans frisottis** Grille rev\u00eatement c\u00e9ramique : diffuse une temp\u00e9rature homog\u00e8ne Temp\u00e9rature variable : 3 temp\u00e9ratures \/ 2 vitesses Air frais pour fixer la coiffure Concentrateur pour un s\u00e9chage rapide Diffuseur pour sublimer les boucles et apporter du volume Grille arri\u00e8re amovible pour un nettoyage facile Anneau de suspension pour un rangement pratique","breadcrumb":{"@id":"https:\/\/baya-shop.com\/home\/product\/remington-seche-cheveux-ionic-dry-2200watt-d3190s\/#breadcrumb"},"inLanguage":"fr-FR","potentialAction":[{"@type":"ReadAction","target":["https:\/\/baya-shop.com\/home\/product\/remington-seche-cheveux-ionic-dry-2200watt-d3190s\/"]}]},{"@type":"ImageObject","inLanguage":"fr-FR","@id":"https:\/\/baya-shop.com\/home\/product\/remington-seche-cheveux-ionic-dry-2200watt-d3190s\/#primaryimage","url":"https:\/\/i0.wp.com\/baya-shop.com\/wp-content\/uploads\/2023\/09\/large_45761560100_9688_D3190S-INT-FOP.jpg?fit=1000%2C1000&ssl=1","contentUrl":"https:\/\/i0.wp.com\/baya-shop.com\/wp-content\/uploads\/2023\/09\/large_45761560100_9688_D3190S-INT-FOP.jpg?fit=1000%2C1000&ssl=1","width":1000,"height":1000},{"@type":"BreadcrumbList","@id":"https:\/\/baya-shop.com\/home\/product\/remington-seche-cheveux-ionic-dry-2200watt-d3190s\/#breadcrumb","itemListElement":[{"@type":"ListItem","position":1,"name":"Accueil","item":"https:\/\/baya-shop.com\/home\/"},{"@type":"ListItem","position":2,"name":"Shop","item":"https:\/\/baya-shop.com\/home\/shop\/"},{"@type":"ListItem","position":3,"name":"Remington S\u00e8che-Cheveux Ionic Dry D3190s"}]},{"@type":"WebSite","@id":"https:\/\/baya-shop.com\/home\/#website","url":"https:\/\/baya-shop.com\/home\/","name":"Baya Shop","description":"","publisher":{"@id":"https:\/\/baya-shop.com\/home\/#organization"},"potentialAction":[{"@type":"SearchAction","target":{"@type":"EntryPoint","urlTemplate":"https:\/\/baya-shop.com\/home\/?s={search_term_string}"},"query-input":{"@type":"PropertyValueSpecification","valueRequired":true,"valueName":"search_term_string"}}],"inLanguage":"fr-FR"},{"@type":"Organization","@id":"https:\/\/baya-shop.com\/home\/#organization","name":"Baya Shop","url":"https:\/\/baya-shop.com\/home\/","logo":{"@type":"ImageObject","inLanguage":"fr-FR","@id":"https:\/\/baya-shop.com\/home\/#\/schema\/logo\/image\/","url":"https:\/\/baya-shop.com\/wp-content\/uploads\/2020\/11\/g.png","contentUrl":"https:\/\/baya-shop.com\/wp-content\/uploads\/2020\/11\/g.png","width":64,"height":64,"caption":"Baya Shop"},"image":{"@id":"https:\/\/baya-shop.com\/home\/#\/schema\/logo\/image\/"},"sameAs":["https:\/\/www.facebook.com\/Baya-Shop-103955257949742","https:\/\/www.instagram.com\/baya_shop_dz\/"]}]}},"jetpack_publicize_connections":[],"jetpack_sharing_enabled":true,"jetpack_likes_enabled":true,"jetpack-related-posts":[],"_links":{"self":[{"href":"https:\/\/baya-shop.com\/home\/wp-json\/wp\/v2\/product\/2531","targetHints":{"allow":["GET"]}}],"collection":[{"href":"https:\/\/baya-shop.com\/home\/wp-json\/wp\/v2\/product"}],"about":[{"href":"https:\/\/baya-shop.com\/home\/wp-json\/wp\/v2\/types\/product"}],"replies":[{"embeddable":true,"href":"https:\/\/baya-shop.com\/home\/wp-json\/wp\/v2\/comments?post=2531"}],"wp:featuredmedia":[{"embeddable":true,"href":"https:\/\/baya-shop.com\/home\/wp-json\/wp\/v2\/media\/3424"}],"wp:attachment":[{"href":"https:\/\/baya-shop.com\/home\/wp-json\/wp\/v2\/media?parent=2531"}],"wp:term":[{"taxonomy":"product_brand","embeddable":true,"href":"https:\/\/baya-shop.com\/home\/wp-json\/wp\/v2\/product_brand?post=2531"},{"taxonomy":"product_cat","embeddable":true,"href":"https:\/\/baya-shop.com\/home\/wp-json\/wp\/v2\/product_cat?post=2531"},{"taxonomy":"product_tag","embeddable":true,"href":"https:\/\/baya-shop.com\/home\/wp-json\/wp\/v2\/product_tag?post=2531"}],"curies":[{"name":"wp","href":"https:\/\/api.w.org\/{rel}","templated":true}]}}