{"id":2468,"date":"2023-09-03T14:56:36","date_gmt":"2023-09-03T13:56:36","guid":{"rendered":"https:\/\/baya-shop.com\/home\/?post_type=product&#038;p=2468"},"modified":"2024-02-09T15:33:10","modified_gmt":"2024-02-09T14:33:10","slug":"remington-boucleur-pro-spiral-curl-25mm-ci6525","status":"publish","type":"product","link":"https:\/\/baya-shop.com\/home\/product\/remington-boucleur-pro-spiral-curl-25mm-ci6525\/","title":{"rendered":"Remington Boucleur Pro Soft Curl CI6525"},"content":{"rendered":"","protected":false},"excerpt":{"rendered":"<ul>\n<li>Diam\u00e8tre 25 mm : pour des boucles l\u00e9g\u00e8res et larges<\/li>\n<li>Rev\u00eatement Titanium Ceramic : apporte douceur et brillance<\/li>\n<li>Rev\u00eatement 4 x Protection* : Antistatique, C\u00e9ramique, Tourmaline Ionique, glisse facile<\/li>\n<li>10 r\u00e9glages de temp\u00e9ratures 130-220\u00b0C<\/li>\n<li>Molette de r\u00e9glage de la temp\u00e9rature<\/li>\n<li>Pr\u00eat en 30 secondes<\/li>\n<li>Ecran digital<\/li>\n<li>Arr\u00eat automatique apr\u00e8s 60 minutes<\/li>\n<li>Embout isol\u00e9<\/li>\n<li>Voltage universel<\/li>\n<li>Cordon rotatif 1,8 m<\/li>\n<li>Support pour poser le fer<\/li>\n<\/ul>\n","protected":false},"featured_media":3428,"comment_status":"open","ping_status":"closed","template":"","meta":{"jetpack_post_was_ever_published":false,"jetpack_publicize_message":"","jetpack_publicize_feature_enabled":true,"jetpack_social_post_already_shared":false,"jetpack_social_options":{"image_generator_settings":{"template":"highway","default_image_id":0,"font":"","enabled":false},"version":2}},"product_brand":[],"product_cat":[17,47],"product_tag":[],"class_list":{"0":"post-2468","1":"product","2":"type-product","3":"status-publish","4":"has-post-thumbnail","6":"product_cat-boucleur","7":"product_cat-remington","9":"first","10":"instock","11":"shipping-taxable","12":"purchasable","13":"product-type-simple"},"yoast_head":"<!-- This site is optimized with the Yoast SEO plugin v27.3 - https:\/\/yoast.com\/product\/yoast-seo-wordpress\/ -->\n<title>Remington Boucleur Pro Soft Curl CI6525 - Baya Shop<\/title>\n<meta name=\"description\" content=\"Diam\u00e8tre 25 mm : pour des boucles l\u00e9g\u00e8res et larges  Rev\u00eatement Titanium Ceramic : apporte douceur et brillance  Rev\u00eatement 4 x Protection* : Antistatique, C\u00e9ramique, Tourmaline Ionique, glisse facile  10 r\u00e9glages de temp\u00e9ratures 130-220\u00b0C  Molette de r\u00e9glage de la temp\u00e9rature  Pr\u00eat en 30 secondes  Ecran digital  Arr\u00eat automatique apr\u00e8s 60 minutes  Embout isol\u00e9  Voltage universel  Cordon rotatif 1,8 m  Support pour poser le fer\" \/>\n<meta name=\"robots\" content=\"index, follow, max-snippet:-1, max-image-preview:large, max-video-preview:-1\" \/>\n<link rel=\"canonical\" href=\"https:\/\/baya-shop.com\/home\/product\/remington-boucleur-pro-spiral-curl-25mm-ci6525\/\" \/>\n<meta property=\"og:locale\" content=\"fr_FR\" \/>\n<meta property=\"og:type\" content=\"article\" \/>\n<meta property=\"og:title\" content=\"Remington Boucleur Pro Soft Curl CI6525 - Baya Shop\" \/>\n<meta property=\"og:description\" content=\"Diam\u00e8tre 25 mm : pour des boucles l\u00e9g\u00e8res et larges  Rev\u00eatement Titanium Ceramic : apporte douceur et brillance  Rev\u00eatement 4 x Protection* : Antistatique, C\u00e9ramique, Tourmaline Ionique, glisse facile  10 r\u00e9glages de temp\u00e9ratures 130-220\u00b0C  Molette de r\u00e9glage de la temp\u00e9rature  Pr\u00eat en 30 secondes  Ecran digital  Arr\u00eat automatique apr\u00e8s 60 minutes  Embout isol\u00e9  Voltage universel  Cordon rotatif 1,8 m  Support pour poser le fer\" \/>\n<meta property=\"og:url\" content=\"https:\/\/baya-shop.com\/home\/product\/remington-boucleur-pro-spiral-curl-25mm-ci6525\/\" \/>\n<meta property=\"og:site_name\" content=\"Baya Shop\" \/>\n<meta property=\"article:publisher\" content=\"https:\/\/www.facebook.com\/Baya-Shop-103955257949742\" \/>\n<meta property=\"article:modified_time\" content=\"2024-02-09T14:33:10+00:00\" \/>\n<meta property=\"og:image\" content=\"https:\/\/baya-shop.com\/wp-content\/uploads\/2023\/09\/ezgif.com-gif-maker_8.webp\" \/>\n\t<meta property=\"og:image:width\" content=\"1000\" \/>\n\t<meta property=\"og:image:height\" content=\"1000\" \/>\n\t<meta property=\"og:image:type\" content=\"image\/webp\" \/>\n<meta name=\"twitter:card\" content=\"summary_large_image\" \/>\n<meta name=\"twitter:label1\" content=\"Dur\u00e9e de lecture estim\u00e9e\" \/>\n\t<meta name=\"twitter:data1\" content=\"1 minute\" \/>\n<script type=\"application\/ld+json\" class=\"yoast-schema-graph\">{\"@context\":\"https:\\\/\\\/schema.org\",\"@graph\":[{\"@type\":\"WebPage\",\"@id\":\"https:\\\/\\\/baya-shop.com\\\/home\\\/product\\\/remington-boucleur-pro-spiral-curl-25mm-ci6525\\\/\",\"url\":\"https:\\\/\\\/baya-shop.com\\\/home\\\/product\\\/remington-boucleur-pro-spiral-curl-25mm-ci6525\\\/\",\"name\":\"Remington Boucleur Pro Soft Curl CI6525 - Baya Shop\",\"isPartOf\":{\"@id\":\"https:\\\/\\\/baya-shop.com\\\/home\\\/#website\"},\"primaryImageOfPage\":{\"@id\":\"https:\\\/\\\/baya-shop.com\\\/home\\\/product\\\/remington-boucleur-pro-spiral-curl-25mm-ci6525\\\/#primaryimage\"},\"image\":{\"@id\":\"https:\\\/\\\/baya-shop.com\\\/home\\\/product\\\/remington-boucleur-pro-spiral-curl-25mm-ci6525\\\/#primaryimage\"},\"thumbnailUrl\":\"https:\\\/\\\/i0.wp.com\\\/baya-shop.com\\\/wp-content\\\/uploads\\\/2023\\\/09\\\/ezgif.com-gif-maker_8.webp?fit=1000%2C1000&ssl=1\",\"datePublished\":\"2023-09-03T13:56:36+00:00\",\"dateModified\":\"2024-02-09T14:33:10+00:00\",\"description\":\"Diam\u00e8tre 25 mm : pour des boucles l\u00e9g\u00e8res et larges Rev\u00eatement Titanium Ceramic : apporte douceur et brillance Rev\u00eatement 4 x Protection* : Antistatique, C\u00e9ramique, Tourmaline Ionique, glisse facile 10 r\u00e9glages de temp\u00e9ratures 130-220\u00b0C Molette de r\u00e9glage de la temp\u00e9rature Pr\u00eat en 30 secondes Ecran digital Arr\u00eat automatique apr\u00e8s 60 minutes Embout isol\u00e9 Voltage universel Cordon rotatif 1,8 m Support pour poser le fer\",\"breadcrumb\":{\"@id\":\"https:\\\/\\\/baya-shop.com\\\/home\\\/product\\\/remington-boucleur-pro-spiral-curl-25mm-ci6525\\\/#breadcrumb\"},\"inLanguage\":\"fr-FR\",\"potentialAction\":[{\"@type\":\"ReadAction\",\"target\":[\"https:\\\/\\\/baya-shop.com\\\/home\\\/product\\\/remington-boucleur-pro-spiral-curl-25mm-ci6525\\\/\"]}]},{\"@type\":\"ImageObject\",\"inLanguage\":\"fr-FR\",\"@id\":\"https:\\\/\\\/baya-shop.com\\\/home\\\/product\\\/remington-boucleur-pro-spiral-curl-25mm-ci6525\\\/#primaryimage\",\"url\":\"https:\\\/\\\/i0.wp.com\\\/baya-shop.com\\\/wp-content\\\/uploads\\\/2023\\\/09\\\/ezgif.com-gif-maker_8.webp?fit=1000%2C1000&ssl=1\",\"contentUrl\":\"https:\\\/\\\/i0.wp.com\\\/baya-shop.com\\\/wp-content\\\/uploads\\\/2023\\\/09\\\/ezgif.com-gif-maker_8.webp?fit=1000%2C1000&ssl=1\",\"width\":1000,\"height\":1000},{\"@type\":\"BreadcrumbList\",\"@id\":\"https:\\\/\\\/baya-shop.com\\\/home\\\/product\\\/remington-boucleur-pro-spiral-curl-25mm-ci6525\\\/#breadcrumb\",\"itemListElement\":[{\"@type\":\"ListItem\",\"position\":1,\"name\":\"Accueil\",\"item\":\"https:\\\/\\\/baya-shop.com\\\/home\\\/\"},{\"@type\":\"ListItem\",\"position\":2,\"name\":\"Shop\",\"item\":\"https:\\\/\\\/baya-shop.com\\\/home\\\/shop\\\/\"},{\"@type\":\"ListItem\",\"position\":3,\"name\":\"Remington Boucleur Pro Soft Curl CI6525\"}]},{\"@type\":\"WebSite\",\"@id\":\"https:\\\/\\\/baya-shop.com\\\/home\\\/#website\",\"url\":\"https:\\\/\\\/baya-shop.com\\\/home\\\/\",\"name\":\"Baya Shop\",\"description\":\"\",\"publisher\":{\"@id\":\"https:\\\/\\\/baya-shop.com\\\/home\\\/#organization\"},\"potentialAction\":[{\"@type\":\"SearchAction\",\"target\":{\"@type\":\"EntryPoint\",\"urlTemplate\":\"https:\\\/\\\/baya-shop.com\\\/home\\\/?s={search_term_string}\"},\"query-input\":{\"@type\":\"PropertyValueSpecification\",\"valueRequired\":true,\"valueName\":\"search_term_string\"}}],\"inLanguage\":\"fr-FR\"},{\"@type\":\"Organization\",\"@id\":\"https:\\\/\\\/baya-shop.com\\\/home\\\/#organization\",\"name\":\"Baya Shop\",\"url\":\"https:\\\/\\\/baya-shop.com\\\/home\\\/\",\"logo\":{\"@type\":\"ImageObject\",\"inLanguage\":\"fr-FR\",\"@id\":\"https:\\\/\\\/baya-shop.com\\\/home\\\/#\\\/schema\\\/logo\\\/image\\\/\",\"url\":\"https:\\\/\\\/baya-shop.com\\\/wp-content\\\/uploads\\\/2020\\\/11\\\/g.png\",\"contentUrl\":\"https:\\\/\\\/baya-shop.com\\\/wp-content\\\/uploads\\\/2020\\\/11\\\/g.png\",\"width\":64,\"height\":64,\"caption\":\"Baya Shop\"},\"image\":{\"@id\":\"https:\\\/\\\/baya-shop.com\\\/home\\\/#\\\/schema\\\/logo\\\/image\\\/\"},\"sameAs\":[\"https:\\\/\\\/www.facebook.com\\\/Baya-Shop-103955257949742\",\"https:\\\/\\\/www.instagram.com\\\/baya_shop_dz\\\/\"]}]}<\/script>\n<!-- \/ Yoast SEO plugin. -->","yoast_head_json":{"title":"Remington Boucleur Pro Soft Curl CI6525 - Baya Shop","description":"Diam\u00e8tre 25 mm : pour des boucles l\u00e9g\u00e8res et larges  Rev\u00eatement Titanium Ceramic : apporte douceur et brillance  Rev\u00eatement 4 x Protection* : Antistatique, C\u00e9ramique, Tourmaline Ionique, glisse facile  10 r\u00e9glages de temp\u00e9ratures 130-220\u00b0C  Molette de r\u00e9glage de la temp\u00e9rature  Pr\u00eat en 30 secondes  Ecran digital  Arr\u00eat automatique apr\u00e8s 60 minutes  Embout isol\u00e9  Voltage universel  Cordon rotatif 1,8 m  Support pour poser le fer","robots":{"index":"index","follow":"follow","max-snippet":"max-snippet:-1","max-image-preview":"max-image-preview:large","max-video-preview":"max-video-preview:-1"},"canonical":"https:\/\/baya-shop.com\/home\/product\/remington-boucleur-pro-spiral-curl-25mm-ci6525\/","og_locale":"fr_FR","og_type":"article","og_title":"Remington Boucleur Pro Soft Curl CI6525 - Baya Shop","og_description":"Diam\u00e8tre 25 mm : pour des boucles l\u00e9g\u00e8res et larges  Rev\u00eatement Titanium Ceramic : apporte douceur et brillance  Rev\u00eatement 4 x Protection* : Antistatique, C\u00e9ramique, Tourmaline Ionique, glisse facile  10 r\u00e9glages de temp\u00e9ratures 130-220\u00b0C  Molette de r\u00e9glage de la temp\u00e9rature  Pr\u00eat en 30 secondes  Ecran digital  Arr\u00eat automatique apr\u00e8s 60 minutes  Embout isol\u00e9  Voltage universel  Cordon rotatif 1,8 m  Support pour poser le fer","og_url":"https:\/\/baya-shop.com\/home\/product\/remington-boucleur-pro-spiral-curl-25mm-ci6525\/","og_site_name":"Baya Shop","article_publisher":"https:\/\/www.facebook.com\/Baya-Shop-103955257949742","article_modified_time":"2024-02-09T14:33:10+00:00","og_image":[{"width":1000,"height":1000,"url":"https:\/\/baya-shop.com\/wp-content\/uploads\/2023\/09\/ezgif.com-gif-maker_8.webp","type":"image\/webp"}],"twitter_card":"summary_large_image","twitter_misc":{"Dur\u00e9e de lecture estim\u00e9e":"1 minute"},"schema":{"@context":"https:\/\/schema.org","@graph":[{"@type":"WebPage","@id":"https:\/\/baya-shop.com\/home\/product\/remington-boucleur-pro-spiral-curl-25mm-ci6525\/","url":"https:\/\/baya-shop.com\/home\/product\/remington-boucleur-pro-spiral-curl-25mm-ci6525\/","name":"Remington Boucleur Pro Soft Curl CI6525 - Baya Shop","isPartOf":{"@id":"https:\/\/baya-shop.com\/home\/#website"},"primaryImageOfPage":{"@id":"https:\/\/baya-shop.com\/home\/product\/remington-boucleur-pro-spiral-curl-25mm-ci6525\/#primaryimage"},"image":{"@id":"https:\/\/baya-shop.com\/home\/product\/remington-boucleur-pro-spiral-curl-25mm-ci6525\/#primaryimage"},"thumbnailUrl":"https:\/\/i0.wp.com\/baya-shop.com\/wp-content\/uploads\/2023\/09\/ezgif.com-gif-maker_8.webp?fit=1000%2C1000&ssl=1","datePublished":"2023-09-03T13:56:36+00:00","dateModified":"2024-02-09T14:33:10+00:00","description":"Diam\u00e8tre 25 mm : pour des boucles l\u00e9g\u00e8res et larges Rev\u00eatement Titanium Ceramic : apporte douceur et brillance Rev\u00eatement 4 x Protection* : Antistatique, C\u00e9ramique, Tourmaline Ionique, glisse facile 10 r\u00e9glages de temp\u00e9ratures 130-220\u00b0C Molette de r\u00e9glage de la temp\u00e9rature Pr\u00eat en 30 secondes Ecran digital Arr\u00eat automatique apr\u00e8s 60 minutes Embout isol\u00e9 Voltage universel Cordon rotatif 1,8 m Support pour poser le fer","breadcrumb":{"@id":"https:\/\/baya-shop.com\/home\/product\/remington-boucleur-pro-spiral-curl-25mm-ci6525\/#breadcrumb"},"inLanguage":"fr-FR","potentialAction":[{"@type":"ReadAction","target":["https:\/\/baya-shop.com\/home\/product\/remington-boucleur-pro-spiral-curl-25mm-ci6525\/"]}]},{"@type":"ImageObject","inLanguage":"fr-FR","@id":"https:\/\/baya-shop.com\/home\/product\/remington-boucleur-pro-spiral-curl-25mm-ci6525\/#primaryimage","url":"https:\/\/i0.wp.com\/baya-shop.com\/wp-content\/uploads\/2023\/09\/ezgif.com-gif-maker_8.webp?fit=1000%2C1000&ssl=1","contentUrl":"https:\/\/i0.wp.com\/baya-shop.com\/wp-content\/uploads\/2023\/09\/ezgif.com-gif-maker_8.webp?fit=1000%2C1000&ssl=1","width":1000,"height":1000},{"@type":"BreadcrumbList","@id":"https:\/\/baya-shop.com\/home\/product\/remington-boucleur-pro-spiral-curl-25mm-ci6525\/#breadcrumb","itemListElement":[{"@type":"ListItem","position":1,"name":"Accueil","item":"https:\/\/baya-shop.com\/home\/"},{"@type":"ListItem","position":2,"name":"Shop","item":"https:\/\/baya-shop.com\/home\/shop\/"},{"@type":"ListItem","position":3,"name":"Remington Boucleur Pro Soft Curl CI6525"}]},{"@type":"WebSite","@id":"https:\/\/baya-shop.com\/home\/#website","url":"https:\/\/baya-shop.com\/home\/","name":"Baya Shop","description":"","publisher":{"@id":"https:\/\/baya-shop.com\/home\/#organization"},"potentialAction":[{"@type":"SearchAction","target":{"@type":"EntryPoint","urlTemplate":"https:\/\/baya-shop.com\/home\/?s={search_term_string}"},"query-input":{"@type":"PropertyValueSpecification","valueRequired":true,"valueName":"search_term_string"}}],"inLanguage":"fr-FR"},{"@type":"Organization","@id":"https:\/\/baya-shop.com\/home\/#organization","name":"Baya Shop","url":"https:\/\/baya-shop.com\/home\/","logo":{"@type":"ImageObject","inLanguage":"fr-FR","@id":"https:\/\/baya-shop.com\/home\/#\/schema\/logo\/image\/","url":"https:\/\/baya-shop.com\/wp-content\/uploads\/2020\/11\/g.png","contentUrl":"https:\/\/baya-shop.com\/wp-content\/uploads\/2020\/11\/g.png","width":64,"height":64,"caption":"Baya Shop"},"image":{"@id":"https:\/\/baya-shop.com\/home\/#\/schema\/logo\/image\/"},"sameAs":["https:\/\/www.facebook.com\/Baya-Shop-103955257949742","https:\/\/www.instagram.com\/baya_shop_dz\/"]}]}},"jetpack_publicize_connections":[],"jetpack_sharing_enabled":true,"jetpack_likes_enabled":true,"jetpack-related-posts":[],"_links":{"self":[{"href":"https:\/\/baya-shop.com\/home\/wp-json\/wp\/v2\/product\/2468","targetHints":{"allow":["GET"]}}],"collection":[{"href":"https:\/\/baya-shop.com\/home\/wp-json\/wp\/v2\/product"}],"about":[{"href":"https:\/\/baya-shop.com\/home\/wp-json\/wp\/v2\/types\/product"}],"replies":[{"embeddable":true,"href":"https:\/\/baya-shop.com\/home\/wp-json\/wp\/v2\/comments?post=2468"}],"wp:featuredmedia":[{"embeddable":true,"href":"https:\/\/baya-shop.com\/home\/wp-json\/wp\/v2\/media\/3428"}],"wp:attachment":[{"href":"https:\/\/baya-shop.com\/home\/wp-json\/wp\/v2\/media?parent=2468"}],"wp:term":[{"taxonomy":"product_brand","embeddable":true,"href":"https:\/\/baya-shop.com\/home\/wp-json\/wp\/v2\/product_brand?post=2468"},{"taxonomy":"product_cat","embeddable":true,"href":"https:\/\/baya-shop.com\/home\/wp-json\/wp\/v2\/product_cat?post=2468"},{"taxonomy":"product_tag","embeddable":true,"href":"https:\/\/baya-shop.com\/home\/wp-json\/wp\/v2\/product_tag?post=2468"}],"curies":[{"name":"wp","href":"https:\/\/api.w.org\/{rel}","templated":true}]}}