{"id":2458,"date":"2023-08-31T17:37:49","date_gmt":"2023-08-31T16:37:49","guid":{"rendered":"https:\/\/baya-shop.com\/home\/?post_type=product&#038;p=2458"},"modified":"2026-04-28T23:48:30","modified_gmt":"2026-04-28T22:48:30","slug":"remington-brosse-soufflante-rotative-curl-straight-confidence-800-watt-as8606","status":"publish","type":"product","link":"https:\/\/baya-shop.com\/home\/product\/remington-brosse-soufflante-rotative-curl-straight-confidence-800-watt-as8606\/","title":{"rendered":"Remington Brosse soufflante Curl &amp; Straight Confidence AS8606"},"content":{"rendered":"","protected":false},"excerpt":{"rendered":"<div class=\"tabs\"><a id=\"tab1\" class=\"active\"><\/a>CARACT\u00c9RISTIQUES<\/div>\n<div id=\"moreinfo_cnt\" class=\"layer pane active\" data-label=\"CARACT\u00c9RISTIQUES\" data-id=\"tab1\">\n<div class=\"Grid\">\n<div class=\"Cell -6of12 feature_list\">\n<div class=\"single-product-inbox\">\n<div class=\"features-list\">\n<ul>\n<li>Coiffage simple et intuitif. Cr\u00e9e des ondulations, des boucles glamour ou un lissage parfait. Lisse et s\u00e8che en m\u00eame temps<\/li>\n<li>Rev\u00eatement Advanced Ceramic infus\u00e9 de Tourmaline antistatique<\/li>\n<li>Technologie ionique : 90% d&rsquo;ions en plus pour une brillance sans frisottis*<\/li>\n<li>Puissance 800 W : pour un coiffage rapide<\/li>\n<li>Rotation multidirectionnelle facile \u00e0 utiliser<\/li>\n<li>2 niveaux de temp\u00e9rature \/ vitesse<\/li>\n<li>Air frais : fixe la coiffure<\/li>\n<li>4 accessoires interchangeables :<\/li>\n<li>Brosse rotative 40 mm \u00e0 poils souples : donne du volume<\/li>\n<li>Brosse plate : pour un lissage sans frisottis*<\/li>\n<li>Fer \u00e0 boucler rotatif 30 mm : pour de belles\u00a0 boucles l\u00e2ches<\/li>\n<li>Concentrateur : s\u00e9chage rapide<\/li>\n<li>Voltage universel<\/li>\n<li>Grille arri\u00e8re amovible et facile \u00e0 nettoyer<\/li>\n<li>Cordon rotatif<\/li>\n<li>Malette de rangement de luxe<\/li>\n<\/ul>\n<\/div>\n<\/div>\n<\/div>\n<\/div>\n<\/div>\n","protected":false},"featured_media":3430,"comment_status":"open","ping_status":"closed","template":"","meta":{"_uag_custom_page_level_css":"","jetpack_publicize_message":"","jetpack_publicize_feature_enabled":true,"jetpack_social_post_already_shared":false,"jetpack_social_options":{"image_generator_settings":{"template":"highway","default_image_id":0,"font":"","enabled":false},"version":2}},"product_brand":[],"product_cat":[21,46,72,47],"product_tag":[],"class_list":{"0":"post-2458","1":"product","2":"type-product","3":"status-publish","4":"has-post-thumbnail","6":"product_cat-brosse-cheveux","7":"product_cat-promotion","8":"product_cat-promotion-dete-2024","9":"product_cat-remington","11":"first","12":"instock","13":"sale","14":"shipping-taxable","15":"purchasable","16":"product-type-simple"},"yoast_head":"<!-- This site is optimized with the Yoast SEO plugin v27.5 - https:\/\/yoast.com\/product\/yoast-seo-wordpress\/ -->\n<title>Remington Brosse soufflante Curl &amp; Straight Confidence AS8606 - Baya Shop<\/title>\n<meta name=\"description\" content=\"CARACT\u00c9RISTIQUES        Coiffage simple et intuitif. Cr\u00e9e des ondulations, des boucles glamour ou un lissage parfait. Lisse et s\u00e8che en m\u00eame temps  Rev\u00eatement Advanced Ceramic infus\u00e9 de Tourmaline antistatique  Technologie ionique : 90% d&#039;ions en plus pour une brillance sans frisottis*  Puissance 800 W : pour un coiffage rapide  Rotation multidirectionnelle facile \u00e0 utiliser  2 niveaux de temp\u00e9rature \/ vitesse  Air frais : fixe la coiffure  4 accessoires interchangeables :  Brosse rotative 40 mm \u00e0 poils souples : donne du volume  Brosse plate : pour un lissage sans frisottis*  Fer \u00e0 boucler rotatif 30 mm : pour de belles\u00a0 boucles l\u00e2ches  Concentrateur : s\u00e9chage rapide  Voltage universel  Grille arri\u00e8re amovible et facile \u00e0 nettoyer  Cordon rotatif  Malette de rangement de luxe\" \/>\n<meta name=\"robots\" content=\"index, follow, max-snippet:-1, max-image-preview:large, max-video-preview:-1\" \/>\n<link rel=\"canonical\" href=\"https:\/\/baya-shop.com\/home\/product\/remington-brosse-soufflante-rotative-curl-straight-confidence-800-watt-as8606\/\" \/>\n<meta property=\"og:locale\" content=\"fr_FR\" \/>\n<meta property=\"og:type\" content=\"article\" \/>\n<meta property=\"og:title\" content=\"Remington Brosse soufflante Curl &amp; Straight Confidence AS8606 - Baya Shop\" \/>\n<meta property=\"og:description\" content=\"CARACT\u00c9RISTIQUES        Coiffage simple et intuitif. Cr\u00e9e des ondulations, des boucles glamour ou un lissage parfait. Lisse et s\u00e8che en m\u00eame temps  Rev\u00eatement Advanced Ceramic infus\u00e9 de Tourmaline antistatique  Technologie ionique : 90% d&#039;ions en plus pour une brillance sans frisottis*  Puissance 800 W : pour un coiffage rapide  Rotation multidirectionnelle facile \u00e0 utiliser  2 niveaux de temp\u00e9rature \/ vitesse  Air frais : fixe la coiffure  4 accessoires interchangeables :  Brosse rotative 40 mm \u00e0 poils souples : donne du volume  Brosse plate : pour un lissage sans frisottis*  Fer \u00e0 boucler rotatif 30 mm : pour de belles\u00a0 boucles l\u00e2ches  Concentrateur : s\u00e9chage rapide  Voltage universel  Grille arri\u00e8re amovible et facile \u00e0 nettoyer  Cordon rotatif  Malette de rangement de luxe\" \/>\n<meta property=\"og:url\" content=\"https:\/\/baya-shop.com\/home\/product\/remington-brosse-soufflante-rotative-curl-straight-confidence-800-watt-as8606\/\" \/>\n<meta property=\"og:site_name\" content=\"Baya Shop\" \/>\n<meta property=\"article:publisher\" content=\"https:\/\/www.facebook.com\/Baya-Shop-103955257949742\" \/>\n<meta property=\"article:modified_time\" content=\"2026-04-28T22:48:30+00:00\" \/>\n<meta property=\"og:image\" content=\"https:\/\/baya-shop.com\/wp-content\/uploads\/2023\/08\/brosse-soufflante-Remington-AS8606_8.webp\" \/>\n\t<meta property=\"og:image:width\" content=\"800\" \/>\n\t<meta property=\"og:image:height\" content=\"800\" \/>\n\t<meta property=\"og:image:type\" content=\"image\/webp\" \/>\n<meta name=\"twitter:card\" content=\"summary_large_image\" \/>\n<meta name=\"twitter:label1\" content=\"Dur\u00e9e de lecture estim\u00e9e\" \/>\n\t<meta name=\"twitter:data1\" content=\"1 minute\" \/>\n<script type=\"application\/ld+json\" class=\"yoast-schema-graph\">{\"@context\":\"https:\\\/\\\/schema.org\",\"@graph\":[{\"@type\":\"WebPage\",\"@id\":\"https:\\\/\\\/baya-shop.com\\\/home\\\/product\\\/remington-brosse-soufflante-rotative-curl-straight-confidence-800-watt-as8606\\\/\",\"url\":\"https:\\\/\\\/baya-shop.com\\\/home\\\/product\\\/remington-brosse-soufflante-rotative-curl-straight-confidence-800-watt-as8606\\\/\",\"name\":\"Remington Brosse soufflante Curl &amp; Straight Confidence AS8606 - Baya Shop\",\"isPartOf\":{\"@id\":\"https:\\\/\\\/baya-shop.com\\\/home\\\/#website\"},\"primaryImageOfPage\":{\"@id\":\"https:\\\/\\\/baya-shop.com\\\/home\\\/product\\\/remington-brosse-soufflante-rotative-curl-straight-confidence-800-watt-as8606\\\/#primaryimage\"},\"image\":{\"@id\":\"https:\\\/\\\/baya-shop.com\\\/home\\\/product\\\/remington-brosse-soufflante-rotative-curl-straight-confidence-800-watt-as8606\\\/#primaryimage\"},\"thumbnailUrl\":\"https:\\\/\\\/i0.wp.com\\\/baya-shop.com\\\/wp-content\\\/uploads\\\/2023\\\/08\\\/brosse-soufflante-Remington-AS8606_8.webp?fit=800%2C800&ssl=1\",\"datePublished\":\"2023-08-31T16:37:49+00:00\",\"dateModified\":\"2026-04-28T22:48:30+00:00\",\"description\":\"CARACT\u00c9RISTIQUES Coiffage simple et intuitif. Cr\u00e9e des ondulations, des boucles glamour ou un lissage parfait. Lisse et s\u00e8che en m\u00eame temps Rev\u00eatement Advanced Ceramic infus\u00e9 de Tourmaline antistatique Technologie ionique : 90% d'ions en plus pour une brillance sans frisottis* Puissance 800 W : pour un coiffage rapide Rotation multidirectionnelle facile \u00e0 utiliser 2 niveaux de temp\u00e9rature \\\/ vitesse Air frais : fixe la coiffure 4 accessoires interchangeables : Brosse rotative 40 mm \u00e0 poils souples : donne du volume Brosse plate : pour un lissage sans frisottis* Fer \u00e0 boucler rotatif 30 mm : pour de belles\u00a0 boucles l\u00e2ches Concentrateur : s\u00e9chage rapide Voltage universel Grille arri\u00e8re amovible et facile \u00e0 nettoyer Cordon rotatif Malette de rangement de luxe\",\"breadcrumb\":{\"@id\":\"https:\\\/\\\/baya-shop.com\\\/home\\\/product\\\/remington-brosse-soufflante-rotative-curl-straight-confidence-800-watt-as8606\\\/#breadcrumb\"},\"inLanguage\":\"fr-FR\",\"potentialAction\":[{\"@type\":\"ReadAction\",\"target\":[\"https:\\\/\\\/baya-shop.com\\\/home\\\/product\\\/remington-brosse-soufflante-rotative-curl-straight-confidence-800-watt-as8606\\\/\"]}]},{\"@type\":\"ImageObject\",\"inLanguage\":\"fr-FR\",\"@id\":\"https:\\\/\\\/baya-shop.com\\\/home\\\/product\\\/remington-brosse-soufflante-rotative-curl-straight-confidence-800-watt-as8606\\\/#primaryimage\",\"url\":\"https:\\\/\\\/i0.wp.com\\\/baya-shop.com\\\/wp-content\\\/uploads\\\/2023\\\/08\\\/brosse-soufflante-Remington-AS8606_8.webp?fit=800%2C800&ssl=1\",\"contentUrl\":\"https:\\\/\\\/i0.wp.com\\\/baya-shop.com\\\/wp-content\\\/uploads\\\/2023\\\/08\\\/brosse-soufflante-Remington-AS8606_8.webp?fit=800%2C800&ssl=1\",\"width\":800,\"height\":800},{\"@type\":\"BreadcrumbList\",\"@id\":\"https:\\\/\\\/baya-shop.com\\\/home\\\/product\\\/remington-brosse-soufflante-rotative-curl-straight-confidence-800-watt-as8606\\\/#breadcrumb\",\"itemListElement\":[{\"@type\":\"ListItem\",\"position\":1,\"name\":\"Accueil\",\"item\":\"https:\\\/\\\/baya-shop.com\\\/home\\\/\"},{\"@type\":\"ListItem\",\"position\":2,\"name\":\"Shop\",\"item\":\"https:\\\/\\\/baya-shop.com\\\/home\\\/shop\\\/\"},{\"@type\":\"ListItem\",\"position\":3,\"name\":\"Remington Brosse soufflante Curl &amp; Straight Confidence AS8606\"}]},{\"@type\":\"WebSite\",\"@id\":\"https:\\\/\\\/baya-shop.com\\\/home\\\/#website\",\"url\":\"https:\\\/\\\/baya-shop.com\\\/home\\\/\",\"name\":\"Baya Shop\",\"description\":\"\",\"publisher\":{\"@id\":\"https:\\\/\\\/baya-shop.com\\\/home\\\/#organization\"},\"potentialAction\":[{\"@type\":\"SearchAction\",\"target\":{\"@type\":\"EntryPoint\",\"urlTemplate\":\"https:\\\/\\\/baya-shop.com\\\/home\\\/?s={search_term_string}\"},\"query-input\":{\"@type\":\"PropertyValueSpecification\",\"valueRequired\":true,\"valueName\":\"search_term_string\"}}],\"inLanguage\":\"fr-FR\"},{\"@type\":\"Organization\",\"@id\":\"https:\\\/\\\/baya-shop.com\\\/home\\\/#organization\",\"name\":\"Baya Shop\",\"url\":\"https:\\\/\\\/baya-shop.com\\\/home\\\/\",\"logo\":{\"@type\":\"ImageObject\",\"inLanguage\":\"fr-FR\",\"@id\":\"https:\\\/\\\/baya-shop.com\\\/home\\\/#\\\/schema\\\/logo\\\/image\\\/\",\"url\":\"https:\\\/\\\/baya-shop.com\\\/wp-content\\\/uploads\\\/2020\\\/11\\\/g.png\",\"contentUrl\":\"https:\\\/\\\/baya-shop.com\\\/wp-content\\\/uploads\\\/2020\\\/11\\\/g.png\",\"width\":64,\"height\":64,\"caption\":\"Baya Shop\"},\"image\":{\"@id\":\"https:\\\/\\\/baya-shop.com\\\/home\\\/#\\\/schema\\\/logo\\\/image\\\/\"},\"sameAs\":[\"https:\\\/\\\/www.facebook.com\\\/Baya-Shop-103955257949742\",\"https:\\\/\\\/www.instagram.com\\\/baya_shop_dz\\\/\"]}]}<\/script>\n<!-- \/ Yoast SEO plugin. -->","yoast_head_json":{"title":"Remington Brosse soufflante Curl &amp; Straight Confidence AS8606 - Baya Shop","description":"CARACT\u00c9RISTIQUES        Coiffage simple et intuitif. Cr\u00e9e des ondulations, des boucles glamour ou un lissage parfait. Lisse et s\u00e8che en m\u00eame temps  Rev\u00eatement Advanced Ceramic infus\u00e9 de Tourmaline antistatique  Technologie ionique : 90% d'ions en plus pour une brillance sans frisottis*  Puissance 800 W : pour un coiffage rapide  Rotation multidirectionnelle facile \u00e0 utiliser  2 niveaux de temp\u00e9rature \/ vitesse  Air frais : fixe la coiffure  4 accessoires interchangeables :  Brosse rotative 40 mm \u00e0 poils souples : donne du volume  Brosse plate : pour un lissage sans frisottis*  Fer \u00e0 boucler rotatif 30 mm : pour de belles\u00a0 boucles l\u00e2ches  Concentrateur : s\u00e9chage rapide  Voltage universel  Grille arri\u00e8re amovible et facile \u00e0 nettoyer  Cordon rotatif  Malette de rangement de luxe","robots":{"index":"index","follow":"follow","max-snippet":"max-snippet:-1","max-image-preview":"max-image-preview:large","max-video-preview":"max-video-preview:-1"},"canonical":"https:\/\/baya-shop.com\/home\/product\/remington-brosse-soufflante-rotative-curl-straight-confidence-800-watt-as8606\/","og_locale":"fr_FR","og_type":"article","og_title":"Remington Brosse soufflante Curl &amp; Straight Confidence AS8606 - Baya Shop","og_description":"CARACT\u00c9RISTIQUES        Coiffage simple et intuitif. Cr\u00e9e des ondulations, des boucles glamour ou un lissage parfait. Lisse et s\u00e8che en m\u00eame temps  Rev\u00eatement Advanced Ceramic infus\u00e9 de Tourmaline antistatique  Technologie ionique : 90% d'ions en plus pour une brillance sans frisottis*  Puissance 800 W : pour un coiffage rapide  Rotation multidirectionnelle facile \u00e0 utiliser  2 niveaux de temp\u00e9rature \/ vitesse  Air frais : fixe la coiffure  4 accessoires interchangeables :  Brosse rotative 40 mm \u00e0 poils souples : donne du volume  Brosse plate : pour un lissage sans frisottis*  Fer \u00e0 boucler rotatif 30 mm : pour de belles\u00a0 boucles l\u00e2ches  Concentrateur : s\u00e9chage rapide  Voltage universel  Grille arri\u00e8re amovible et facile \u00e0 nettoyer  Cordon rotatif  Malette de rangement de luxe","og_url":"https:\/\/baya-shop.com\/home\/product\/remington-brosse-soufflante-rotative-curl-straight-confidence-800-watt-as8606\/","og_site_name":"Baya Shop","article_publisher":"https:\/\/www.facebook.com\/Baya-Shop-103955257949742","article_modified_time":"2026-04-28T22:48:30+00:00","og_image":[{"width":800,"height":800,"url":"https:\/\/baya-shop.com\/wp-content\/uploads\/2023\/08\/brosse-soufflante-Remington-AS8606_8.webp","type":"image\/webp"}],"twitter_card":"summary_large_image","twitter_misc":{"Dur\u00e9e de lecture estim\u00e9e":"1 minute"},"schema":{"@context":"https:\/\/schema.org","@graph":[{"@type":"WebPage","@id":"https:\/\/baya-shop.com\/home\/product\/remington-brosse-soufflante-rotative-curl-straight-confidence-800-watt-as8606\/","url":"https:\/\/baya-shop.com\/home\/product\/remington-brosse-soufflante-rotative-curl-straight-confidence-800-watt-as8606\/","name":"Remington Brosse soufflante Curl &amp; Straight Confidence AS8606 - Baya Shop","isPartOf":{"@id":"https:\/\/baya-shop.com\/home\/#website"},"primaryImageOfPage":{"@id":"https:\/\/baya-shop.com\/home\/product\/remington-brosse-soufflante-rotative-curl-straight-confidence-800-watt-as8606\/#primaryimage"},"image":{"@id":"https:\/\/baya-shop.com\/home\/product\/remington-brosse-soufflante-rotative-curl-straight-confidence-800-watt-as8606\/#primaryimage"},"thumbnailUrl":"https:\/\/i0.wp.com\/baya-shop.com\/wp-content\/uploads\/2023\/08\/brosse-soufflante-Remington-AS8606_8.webp?fit=800%2C800&ssl=1","datePublished":"2023-08-31T16:37:49+00:00","dateModified":"2026-04-28T22:48:30+00:00","description":"CARACT\u00c9RISTIQUES Coiffage simple et intuitif. Cr\u00e9e des ondulations, des boucles glamour ou un lissage parfait. Lisse et s\u00e8che en m\u00eame temps Rev\u00eatement Advanced Ceramic infus\u00e9 de Tourmaline antistatique Technologie ionique : 90% d'ions en plus pour une brillance sans frisottis* Puissance 800 W : pour un coiffage rapide Rotation multidirectionnelle facile \u00e0 utiliser 2 niveaux de temp\u00e9rature \/ vitesse Air frais : fixe la coiffure 4 accessoires interchangeables : Brosse rotative 40 mm \u00e0 poils souples : donne du volume Brosse plate : pour un lissage sans frisottis* Fer \u00e0 boucler rotatif 30 mm : pour de belles\u00a0 boucles l\u00e2ches Concentrateur : s\u00e9chage rapide Voltage universel Grille arri\u00e8re amovible et facile \u00e0 nettoyer Cordon rotatif Malette de rangement de luxe","breadcrumb":{"@id":"https:\/\/baya-shop.com\/home\/product\/remington-brosse-soufflante-rotative-curl-straight-confidence-800-watt-as8606\/#breadcrumb"},"inLanguage":"fr-FR","potentialAction":[{"@type":"ReadAction","target":["https:\/\/baya-shop.com\/home\/product\/remington-brosse-soufflante-rotative-curl-straight-confidence-800-watt-as8606\/"]}]},{"@type":"ImageObject","inLanguage":"fr-FR","@id":"https:\/\/baya-shop.com\/home\/product\/remington-brosse-soufflante-rotative-curl-straight-confidence-800-watt-as8606\/#primaryimage","url":"https:\/\/i0.wp.com\/baya-shop.com\/wp-content\/uploads\/2023\/08\/brosse-soufflante-Remington-AS8606_8.webp?fit=800%2C800&ssl=1","contentUrl":"https:\/\/i0.wp.com\/baya-shop.com\/wp-content\/uploads\/2023\/08\/brosse-soufflante-Remington-AS8606_8.webp?fit=800%2C800&ssl=1","width":800,"height":800},{"@type":"BreadcrumbList","@id":"https:\/\/baya-shop.com\/home\/product\/remington-brosse-soufflante-rotative-curl-straight-confidence-800-watt-as8606\/#breadcrumb","itemListElement":[{"@type":"ListItem","position":1,"name":"Accueil","item":"https:\/\/baya-shop.com\/home\/"},{"@type":"ListItem","position":2,"name":"Shop","item":"https:\/\/baya-shop.com\/home\/shop\/"},{"@type":"ListItem","position":3,"name":"Remington Brosse soufflante Curl &amp; Straight Confidence AS8606"}]},{"@type":"WebSite","@id":"https:\/\/baya-shop.com\/home\/#website","url":"https:\/\/baya-shop.com\/home\/","name":"Baya Shop","description":"","publisher":{"@id":"https:\/\/baya-shop.com\/home\/#organization"},"potentialAction":[{"@type":"SearchAction","target":{"@type":"EntryPoint","urlTemplate":"https:\/\/baya-shop.com\/home\/?s={search_term_string}"},"query-input":{"@type":"PropertyValueSpecification","valueRequired":true,"valueName":"search_term_string"}}],"inLanguage":"fr-FR"},{"@type":"Organization","@id":"https:\/\/baya-shop.com\/home\/#organization","name":"Baya Shop","url":"https:\/\/baya-shop.com\/home\/","logo":{"@type":"ImageObject","inLanguage":"fr-FR","@id":"https:\/\/baya-shop.com\/home\/#\/schema\/logo\/image\/","url":"https:\/\/baya-shop.com\/wp-content\/uploads\/2020\/11\/g.png","contentUrl":"https:\/\/baya-shop.com\/wp-content\/uploads\/2020\/11\/g.png","width":64,"height":64,"caption":"Baya Shop"},"image":{"@id":"https:\/\/baya-shop.com\/home\/#\/schema\/logo\/image\/"},"sameAs":["https:\/\/www.facebook.com\/Baya-Shop-103955257949742","https:\/\/www.instagram.com\/baya_shop_dz\/"]}]}},"jetpack_publicize_connections":[],"uagb_featured_image_src":{"full":["https:\/\/i0.wp.com\/baya-shop.com\/wp-content\/uploads\/2023\/08\/brosse-soufflante-Remington-AS8606_8.webp?fit=800%2C800&ssl=1",800,800,false],"thumbnail":["https:\/\/i0.wp.com\/baya-shop.com\/wp-content\/uploads\/2023\/08\/brosse-soufflante-Remington-AS8606_8.webp?resize=150%2C150&ssl=1",150,150,true],"medium":["https:\/\/i0.wp.com\/baya-shop.com\/wp-content\/uploads\/2023\/08\/brosse-soufflante-Remington-AS8606_8.webp?fit=300%2C300&ssl=1",300,300,true],"medium_large":["https:\/\/i0.wp.com\/baya-shop.com\/wp-content\/uploads\/2023\/08\/brosse-soufflante-Remington-AS8606_8.webp?fit=768%2C768&ssl=1",768,768,true],"large":["https:\/\/i0.wp.com\/baya-shop.com\/wp-content\/uploads\/2023\/08\/brosse-soufflante-Remington-AS8606_8.webp?fit=800%2C800&ssl=1",800,800,true],"1536x1536":["https:\/\/i0.wp.com\/baya-shop.com\/wp-content\/uploads\/2023\/08\/brosse-soufflante-Remington-AS8606_8.webp?fit=800%2C800&ssl=1",800,800,true],"2048x2048":["https:\/\/i0.wp.com\/baya-shop.com\/wp-content\/uploads\/2023\/08\/brosse-soufflante-Remington-AS8606_8.webp?fit=800%2C800&ssl=1",800,800,true],"woocommerce_thumbnail":["https:\/\/i0.wp.com\/baya-shop.com\/wp-content\/uploads\/2023\/08\/brosse-soufflante-Remington-AS8606_8.webp?resize=300%2C300&ssl=1",300,300,true],"woocommerce_single":["https:\/\/i0.wp.com\/baya-shop.com\/wp-content\/uploads\/2023\/08\/brosse-soufflante-Remington-AS8606_8.webp?fit=600%2C600&ssl=1",600,600,true],"woocommerce_gallery_thumbnail":["https:\/\/i0.wp.com\/baya-shop.com\/wp-content\/uploads\/2023\/08\/brosse-soufflante-Remington-AS8606_8.webp?resize=100%2C100&ssl=1",100,100,true],"jetpack-portfolio-admin-thumb":["https:\/\/i0.wp.com\/baya-shop.com\/wp-content\/uploads\/2023\/08\/brosse-soufflante-Remington-AS8606_8.webp?resize=50%2C50&ssl=1",50,50,true]},"uagb_author_info":{"display_name":"","author_link":"https:\/\/baya-shop.com\/home\/author\/"},"uagb_comment_info":30,"uagb_excerpt":"CARACT\u00c9RISTIQUES Coiffage simple et intuitif. Cr\u00e9e des ondulations, des boucles glamour ou un lissage parfait. Lisse et s\u00e8che en m\u00eame temps Rev\u00eatement Advanced Ceramic infus\u00e9 de Tourmaline antistatique Technologie ionique : 90% d'ions en plus pour une brillance sans frisottis* Puissance 800 W : pour un coiffage rapide Rotation multidirectionnelle facile \u00e0 utiliser 2 niveaux\u2026","jetpack_sharing_enabled":true,"jetpack_likes_enabled":true,"jetpack-related-posts":[],"_links":{"self":[{"href":"https:\/\/baya-shop.com\/home\/wp-json\/wp\/v2\/product\/2458","targetHints":{"allow":["GET"]}}],"collection":[{"href":"https:\/\/baya-shop.com\/home\/wp-json\/wp\/v2\/product"}],"about":[{"href":"https:\/\/baya-shop.com\/home\/wp-json\/wp\/v2\/types\/product"}],"replies":[{"embeddable":true,"href":"https:\/\/baya-shop.com\/home\/wp-json\/wp\/v2\/comments?post=2458"}],"wp:featuredmedia":[{"embeddable":true,"href":"https:\/\/baya-shop.com\/home\/wp-json\/wp\/v2\/media\/3430"}],"wp:attachment":[{"href":"https:\/\/baya-shop.com\/home\/wp-json\/wp\/v2\/media?parent=2458"}],"wp:term":[{"taxonomy":"product_brand","embeddable":true,"href":"https:\/\/baya-shop.com\/home\/wp-json\/wp\/v2\/product_brand?post=2458"},{"taxonomy":"product_cat","embeddable":true,"href":"https:\/\/baya-shop.com\/home\/wp-json\/wp\/v2\/product_cat?post=2458"},{"taxonomy":"product_tag","embeddable":true,"href":"https:\/\/baya-shop.com\/home\/wp-json\/wp\/v2\/product_tag?post=2458"}],"curies":[{"name":"wp","href":"https:\/\/api.w.org\/{rel}","templated":true}]}}