{"id":2448,"date":"2023-08-24T19:03:27","date_gmt":"2023-08-24T18:03:27","guid":{"rendered":"https:\/\/baya-shop.com\/home\/?post_type=product&#038;p=2448"},"modified":"2025-01-30T11:27:18","modified_gmt":"2025-01-30T10:27:18","slug":"remington-seche-cheveux-ionique-2200-watt-d3197","status":"publish","type":"product","link":"https:\/\/baya-shop.com\/home\/product\/remington-seche-cheveux-ionique-2200-watt-d3197\/","title":{"rendered":"Remington S\u00e8che-cheveux Ionic dry 2200 D3197"},"content":{"rendered":"","protected":false},"excerpt":{"rendered":"<table class=\"a-normal a-spacing-micro\">\n<tbody>\n<tr class=\"a-spacing-small po-brand\">\n<td class=\"a-span3\"><span class=\"a-size-base a-text-bold\">Marque<\/span><\/td>\n<td class=\"a-span9\"><span class=\"a-size-base po-break-word\">Remington<\/span><\/td>\n<\/tr>\n<tr class=\"a-spacing-small po-color\">\n<td class=\"a-span3\"><span class=\"a-size-base a-text-bold\">Couleur<\/span><\/td>\n<td class=\"a-span9\"><span class=\"a-size-base po-break-word\">Violet<\/span><\/td>\n<\/tr>\n<tr class=\"a-spacing-small po-material\">\n<td class=\"a-span3\"><span class=\"a-size-base a-text-bold\">Mat\u00e9riau<\/span><\/td>\n<td class=\"a-span9\"><span class=\"a-size-base po-break-word\">Plastique, C\u00e9ramique<\/span><\/td>\n<\/tr>\n<tr class=\"a-spacing-small po-wattage\">\n<td class=\"a-span3\"><span class=\"a-size-base a-text-bold\">Puissance<\/span><\/td>\n<td class=\"a-span9\"><span class=\"a-size-base po-break-word\">2200 Watts<\/span><\/td>\n<\/tr>\n<tr class=\"a-spacing-small po-power_source_type\">\n<td class=\"a-span3\"><span class=\"a-size-base a-text-bold\">Source d&rsquo;alimentation<\/span><\/td>\n<td class=\"a-span9\"><span class=\"a-size-base po-break-word\">C\u00e2ble \u00e9lectrique<\/span><\/td>\n<\/tr>\n<tr class=\"a-spacing-small po-special_feature\">\n<td class=\"a-span3\"><span class=\"a-size-base a-text-bold\">Caract\u00e9ristique sp\u00e9ciale<\/span><\/td>\n<td class=\"a-span9\"><span class=\"a-size-base po-break-word\">Compact,Ionique<\/span><\/td>\n<\/tr>\n<tr class=\"a-spacing-small po-included_components\">\n<td class=\"a-span3\"><span class=\"a-size-base a-text-bold\">Composants inclus<\/span><\/td>\n<td class=\"a-span9\"><span class=\"a-size-base po-break-word\">Diffuseur,Concentrateur<\/span><\/td>\n<\/tr>\n<tr class=\"a-spacing-small po-hair_type\">\n<td class=\"a-span3\"><span class=\"a-size-base a-text-bold\">Type de cheveux<\/span><\/td>\n<td class=\"a-span9\"><span class=\"a-size-base po-break-word\">Secs<\/span><\/td>\n<\/tr>\n<tr class=\"a-spacing-small po-model_name\">\n<td class=\"a-span3\"><span class=\"a-size-base a-text-bold\">Nom de mod\u00e8le<\/span><\/td>\n<td class=\"a-span9\"><span class=\"a-size-base\"><span class=\"a-truncate po-truncate-attribute\" data-a-word-break=\"normal\" data-a-truncate-name=\"po-attribute-truncate-8\" data-a-max-rows=\"3\" data-a-overflow-marker=\"&amp;hellip;\" data-a-recalculate=\"false\" data-a-updated=\"true\"><span class=\"a-truncate-full a-offscreen\">Remington S\u00e8che-cheveux Ionique [Puissant &amp; L\u00e9ger] Ionic Dry (2200W, coiffage d\u00e9licat &amp; r\u00e9partition uniforme de la chaleur, 3 temp\u00e9ratures\/2 vitesses, diffuseur)<\/span><span class=\"a-truncate-cut\" aria-hidden=\"true\">Remington S\u00e8che-cheveux Ionique [Puissant &amp; L\u00e9ger] Ionic Dry (2200W, coiffage d\u00e9licat &amp; r\u00e9partition uniforme de la chaleur, 3 temp\u00e9ratures\/2 vitesses, diffuseur)<\/span><\/span><\/span><\/td>\n<\/tr>\n<tr class=\"a-spacing-small po-number_of_speeds\">\n<td class=\"a-span3\"><span class=\"a-size-base a-text-bold\">Nombre de vitesses<\/span><\/td>\n<td class=\"a-span9\"><span class=\"a-size-base po-break-word\">2<\/span><\/td>\n<\/tr>\n<\/tbody>\n<\/table>\n","protected":false},"featured_media":3432,"comment_status":"open","ping_status":"closed","template":"","meta":{"jetpack_post_was_ever_published":false,"jetpack_publicize_message":"","jetpack_publicize_feature_enabled":true,"jetpack_social_post_already_shared":false,"jetpack_social_options":{"image_generator_settings":{"template":"highway","default_image_id":0,"font":"","enabled":false},"version":2}},"product_brand":[],"product_cat":[46,47,20],"product_tag":[],"class_list":{"0":"post-2448","1":"product","2":"type-product","3":"status-publish","4":"has-post-thumbnail","6":"product_cat-promotion","7":"product_cat-remington","8":"product_cat-seche-cheveux","10":"first","11":"outofstock","12":"sale","13":"shipping-taxable","14":"purchasable","15":"product-type-simple"},"yoast_head":"<!-- This site is optimized with the Yoast SEO plugin v27.5 - https:\/\/yoast.com\/product\/yoast-seo-wordpress\/ -->\n<title>Remington S\u00e8che-cheveux Ionic dry 2200 D3197 - Baya Shop<\/title>\n<meta name=\"description\" content=\"Marque Remington   Couleur Violet   Mat\u00e9riau Plastique, C\u00e9ramique   Puissance 2200 Watts   Source d&#039;alimentation C\u00e2ble \u00e9lectrique   Caract\u00e9ristique sp\u00e9ciale Compact,Ionique   Composants inclus Diffuseur,Concentrateur   Type de cheveux Secs   Nom de mod\u00e8le Remington S\u00e8che-cheveux Ionique Ionic Dry (2200W, coiffage d\u00e9licat &amp; r\u00e9partition uniforme de la chaleur, 3 temp\u00e9ratures\/2 vitesses, diffuseur)Remington S\u00e8che-cheveux Ionique Ionic Dry (2200W, coiffage d\u00e9licat &amp; r\u00e9partition uniforme de la chaleur, 3 temp\u00e9ratures\/2 vitesses, diffuseur)   Nombre de vitesses 2\" \/>\n<meta name=\"robots\" content=\"index, follow, max-snippet:-1, max-image-preview:large, max-video-preview:-1\" \/>\n<link rel=\"canonical\" href=\"https:\/\/baya-shop.com\/home\/product\/remington-seche-cheveux-ionique-2200-watt-d3197\/\" \/>\n<meta property=\"og:locale\" content=\"fr_FR\" \/>\n<meta property=\"og:type\" content=\"article\" \/>\n<meta property=\"og:title\" content=\"Remington S\u00e8che-cheveux Ionic dry 2200 D3197 - Baya Shop\" \/>\n<meta property=\"og:description\" content=\"Marque Remington   Couleur Violet   Mat\u00e9riau Plastique, C\u00e9ramique   Puissance 2200 Watts   Source d&#039;alimentation C\u00e2ble \u00e9lectrique   Caract\u00e9ristique sp\u00e9ciale Compact,Ionique   Composants inclus Diffuseur,Concentrateur   Type de cheveux Secs   Nom de mod\u00e8le Remington S\u00e8che-cheveux Ionique Ionic Dry (2200W, coiffage d\u00e9licat &amp; r\u00e9partition uniforme de la chaleur, 3 temp\u00e9ratures\/2 vitesses, diffuseur)Remington S\u00e8che-cheveux Ionique Ionic Dry (2200W, coiffage d\u00e9licat &amp; r\u00e9partition uniforme de la chaleur, 3 temp\u00e9ratures\/2 vitesses, diffuseur)   Nombre de vitesses 2\" \/>\n<meta property=\"og:url\" content=\"https:\/\/baya-shop.com\/home\/product\/remington-seche-cheveux-ionique-2200-watt-d3197\/\" \/>\n<meta property=\"og:site_name\" content=\"Baya Shop\" \/>\n<meta property=\"article:publisher\" content=\"https:\/\/www.facebook.com\/Baya-Shop-103955257949742\" \/>\n<meta property=\"article:modified_time\" content=\"2025-01-30T10:27:18+00:00\" \/>\n<meta property=\"og:image\" content=\"https:\/\/baya-shop.com\/wp-content\/uploads\/2023\/08\/large_45526560100_9688.jpg\" \/>\n\t<meta property=\"og:image:width\" content=\"1000\" \/>\n\t<meta property=\"og:image:height\" content=\"1000\" \/>\n\t<meta property=\"og:image:type\" content=\"image\/jpeg\" \/>\n<meta name=\"twitter:card\" content=\"summary_large_image\" \/>\n<meta name=\"twitter:label1\" content=\"Dur\u00e9e de lecture estim\u00e9e\" \/>\n\t<meta name=\"twitter:data1\" content=\"1 minute\" \/>\n<script type=\"application\/ld+json\" class=\"yoast-schema-graph\">{\"@context\":\"https:\\\/\\\/schema.org\",\"@graph\":[{\"@type\":\"WebPage\",\"@id\":\"https:\\\/\\\/baya-shop.com\\\/home\\\/product\\\/remington-seche-cheveux-ionique-2200-watt-d3197\\\/\",\"url\":\"https:\\\/\\\/baya-shop.com\\\/home\\\/product\\\/remington-seche-cheveux-ionique-2200-watt-d3197\\\/\",\"name\":\"Remington S\u00e8che-cheveux Ionic dry 2200 D3197 - Baya Shop\",\"isPartOf\":{\"@id\":\"https:\\\/\\\/baya-shop.com\\\/home\\\/#website\"},\"primaryImageOfPage\":{\"@id\":\"https:\\\/\\\/baya-shop.com\\\/home\\\/product\\\/remington-seche-cheveux-ionique-2200-watt-d3197\\\/#primaryimage\"},\"image\":{\"@id\":\"https:\\\/\\\/baya-shop.com\\\/home\\\/product\\\/remington-seche-cheveux-ionique-2200-watt-d3197\\\/#primaryimage\"},\"thumbnailUrl\":\"https:\\\/\\\/i0.wp.com\\\/baya-shop.com\\\/wp-content\\\/uploads\\\/2023\\\/08\\\/large_45526560100_9688.jpg?fit=1000%2C1000&ssl=1\",\"datePublished\":\"2023-08-24T18:03:27+00:00\",\"dateModified\":\"2025-01-30T10:27:18+00:00\",\"description\":\"Marque Remington Couleur Violet Mat\u00e9riau Plastique, C\u00e9ramique Puissance 2200 Watts Source d'alimentation C\u00e2ble \u00e9lectrique Caract\u00e9ristique sp\u00e9ciale Compact,Ionique Composants inclus Diffuseur,Concentrateur Type de cheveux Secs Nom de mod\u00e8le Remington S\u00e8che-cheveux Ionique Ionic Dry (2200W, coiffage d\u00e9licat &amp; r\u00e9partition uniforme de la chaleur, 3 temp\u00e9ratures\\\/2 vitesses, diffuseur)Remington S\u00e8che-cheveux Ionique Ionic Dry (2200W, coiffage d\u00e9licat &amp; r\u00e9partition uniforme de la chaleur, 3 temp\u00e9ratures\\\/2 vitesses, diffuseur) Nombre de vitesses 2\",\"breadcrumb\":{\"@id\":\"https:\\\/\\\/baya-shop.com\\\/home\\\/product\\\/remington-seche-cheveux-ionique-2200-watt-d3197\\\/#breadcrumb\"},\"inLanguage\":\"fr-FR\",\"potentialAction\":[{\"@type\":\"ReadAction\",\"target\":[\"https:\\\/\\\/baya-shop.com\\\/home\\\/product\\\/remington-seche-cheveux-ionique-2200-watt-d3197\\\/\"]}]},{\"@type\":\"ImageObject\",\"inLanguage\":\"fr-FR\",\"@id\":\"https:\\\/\\\/baya-shop.com\\\/home\\\/product\\\/remington-seche-cheveux-ionique-2200-watt-d3197\\\/#primaryimage\",\"url\":\"https:\\\/\\\/i0.wp.com\\\/baya-shop.com\\\/wp-content\\\/uploads\\\/2023\\\/08\\\/large_45526560100_9688.jpg?fit=1000%2C1000&ssl=1\",\"contentUrl\":\"https:\\\/\\\/i0.wp.com\\\/baya-shop.com\\\/wp-content\\\/uploads\\\/2023\\\/08\\\/large_45526560100_9688.jpg?fit=1000%2C1000&ssl=1\",\"width\":1000,\"height\":1000},{\"@type\":\"BreadcrumbList\",\"@id\":\"https:\\\/\\\/baya-shop.com\\\/home\\\/product\\\/remington-seche-cheveux-ionique-2200-watt-d3197\\\/#breadcrumb\",\"itemListElement\":[{\"@type\":\"ListItem\",\"position\":1,\"name\":\"Accueil\",\"item\":\"https:\\\/\\\/baya-shop.com\\\/home\\\/\"},{\"@type\":\"ListItem\",\"position\":2,\"name\":\"Shop\",\"item\":\"https:\\\/\\\/baya-shop.com\\\/home\\\/shop\\\/\"},{\"@type\":\"ListItem\",\"position\":3,\"name\":\"Remington S\u00e8che-cheveux Ionic dry 2200 D3197\"}]},{\"@type\":\"WebSite\",\"@id\":\"https:\\\/\\\/baya-shop.com\\\/home\\\/#website\",\"url\":\"https:\\\/\\\/baya-shop.com\\\/home\\\/\",\"name\":\"Baya Shop\",\"description\":\"\",\"publisher\":{\"@id\":\"https:\\\/\\\/baya-shop.com\\\/home\\\/#organization\"},\"potentialAction\":[{\"@type\":\"SearchAction\",\"target\":{\"@type\":\"EntryPoint\",\"urlTemplate\":\"https:\\\/\\\/baya-shop.com\\\/home\\\/?s={search_term_string}\"},\"query-input\":{\"@type\":\"PropertyValueSpecification\",\"valueRequired\":true,\"valueName\":\"search_term_string\"}}],\"inLanguage\":\"fr-FR\"},{\"@type\":\"Organization\",\"@id\":\"https:\\\/\\\/baya-shop.com\\\/home\\\/#organization\",\"name\":\"Baya Shop\",\"url\":\"https:\\\/\\\/baya-shop.com\\\/home\\\/\",\"logo\":{\"@type\":\"ImageObject\",\"inLanguage\":\"fr-FR\",\"@id\":\"https:\\\/\\\/baya-shop.com\\\/home\\\/#\\\/schema\\\/logo\\\/image\\\/\",\"url\":\"https:\\\/\\\/baya-shop.com\\\/wp-content\\\/uploads\\\/2020\\\/11\\\/g.png\",\"contentUrl\":\"https:\\\/\\\/baya-shop.com\\\/wp-content\\\/uploads\\\/2020\\\/11\\\/g.png\",\"width\":64,\"height\":64,\"caption\":\"Baya Shop\"},\"image\":{\"@id\":\"https:\\\/\\\/baya-shop.com\\\/home\\\/#\\\/schema\\\/logo\\\/image\\\/\"},\"sameAs\":[\"https:\\\/\\\/www.facebook.com\\\/Baya-Shop-103955257949742\",\"https:\\\/\\\/www.instagram.com\\\/baya_shop_dz\\\/\"]}]}<\/script>\n<!-- \/ Yoast SEO plugin. -->","yoast_head_json":{"title":"Remington S\u00e8che-cheveux Ionic dry 2200 D3197 - Baya Shop","description":"Marque Remington   Couleur Violet   Mat\u00e9riau Plastique, C\u00e9ramique   Puissance 2200 Watts   Source d'alimentation C\u00e2ble \u00e9lectrique   Caract\u00e9ristique sp\u00e9ciale Compact,Ionique   Composants inclus Diffuseur,Concentrateur   Type de cheveux Secs   Nom de mod\u00e8le Remington S\u00e8che-cheveux Ionique Ionic Dry (2200W, coiffage d\u00e9licat &amp; r\u00e9partition uniforme de la chaleur, 3 temp\u00e9ratures\/2 vitesses, diffuseur)Remington S\u00e8che-cheveux Ionique Ionic Dry (2200W, coiffage d\u00e9licat &amp; r\u00e9partition uniforme de la chaleur, 3 temp\u00e9ratures\/2 vitesses, diffuseur)   Nombre de vitesses 2","robots":{"index":"index","follow":"follow","max-snippet":"max-snippet:-1","max-image-preview":"max-image-preview:large","max-video-preview":"max-video-preview:-1"},"canonical":"https:\/\/baya-shop.com\/home\/product\/remington-seche-cheveux-ionique-2200-watt-d3197\/","og_locale":"fr_FR","og_type":"article","og_title":"Remington S\u00e8che-cheveux Ionic dry 2200 D3197 - Baya Shop","og_description":"Marque Remington   Couleur Violet   Mat\u00e9riau Plastique, C\u00e9ramique   Puissance 2200 Watts   Source d'alimentation C\u00e2ble \u00e9lectrique   Caract\u00e9ristique sp\u00e9ciale Compact,Ionique   Composants inclus Diffuseur,Concentrateur   Type de cheveux Secs   Nom de mod\u00e8le Remington S\u00e8che-cheveux Ionique Ionic Dry (2200W, coiffage d\u00e9licat &amp; r\u00e9partition uniforme de la chaleur, 3 temp\u00e9ratures\/2 vitesses, diffuseur)Remington S\u00e8che-cheveux Ionique Ionic Dry (2200W, coiffage d\u00e9licat &amp; r\u00e9partition uniforme de la chaleur, 3 temp\u00e9ratures\/2 vitesses, diffuseur)   Nombre de vitesses 2","og_url":"https:\/\/baya-shop.com\/home\/product\/remington-seche-cheveux-ionique-2200-watt-d3197\/","og_site_name":"Baya Shop","article_publisher":"https:\/\/www.facebook.com\/Baya-Shop-103955257949742","article_modified_time":"2025-01-30T10:27:18+00:00","og_image":[{"width":1000,"height":1000,"url":"https:\/\/baya-shop.com\/wp-content\/uploads\/2023\/08\/large_45526560100_9688.jpg","type":"image\/jpeg"}],"twitter_card":"summary_large_image","twitter_misc":{"Dur\u00e9e de lecture estim\u00e9e":"1 minute"},"schema":{"@context":"https:\/\/schema.org","@graph":[{"@type":"WebPage","@id":"https:\/\/baya-shop.com\/home\/product\/remington-seche-cheveux-ionique-2200-watt-d3197\/","url":"https:\/\/baya-shop.com\/home\/product\/remington-seche-cheveux-ionique-2200-watt-d3197\/","name":"Remington S\u00e8che-cheveux Ionic dry 2200 D3197 - Baya Shop","isPartOf":{"@id":"https:\/\/baya-shop.com\/home\/#website"},"primaryImageOfPage":{"@id":"https:\/\/baya-shop.com\/home\/product\/remington-seche-cheveux-ionique-2200-watt-d3197\/#primaryimage"},"image":{"@id":"https:\/\/baya-shop.com\/home\/product\/remington-seche-cheveux-ionique-2200-watt-d3197\/#primaryimage"},"thumbnailUrl":"https:\/\/i0.wp.com\/baya-shop.com\/wp-content\/uploads\/2023\/08\/large_45526560100_9688.jpg?fit=1000%2C1000&ssl=1","datePublished":"2023-08-24T18:03:27+00:00","dateModified":"2025-01-30T10:27:18+00:00","description":"Marque Remington Couleur Violet Mat\u00e9riau Plastique, C\u00e9ramique Puissance 2200 Watts Source d'alimentation C\u00e2ble \u00e9lectrique Caract\u00e9ristique sp\u00e9ciale Compact,Ionique Composants inclus Diffuseur,Concentrateur Type de cheveux Secs Nom de mod\u00e8le Remington S\u00e8che-cheveux Ionique Ionic Dry (2200W, coiffage d\u00e9licat &amp; r\u00e9partition uniforme de la chaleur, 3 temp\u00e9ratures\/2 vitesses, diffuseur)Remington S\u00e8che-cheveux Ionique Ionic Dry (2200W, coiffage d\u00e9licat &amp; r\u00e9partition uniforme de la chaleur, 3 temp\u00e9ratures\/2 vitesses, diffuseur) Nombre de vitesses 2","breadcrumb":{"@id":"https:\/\/baya-shop.com\/home\/product\/remington-seche-cheveux-ionique-2200-watt-d3197\/#breadcrumb"},"inLanguage":"fr-FR","potentialAction":[{"@type":"ReadAction","target":["https:\/\/baya-shop.com\/home\/product\/remington-seche-cheveux-ionique-2200-watt-d3197\/"]}]},{"@type":"ImageObject","inLanguage":"fr-FR","@id":"https:\/\/baya-shop.com\/home\/product\/remington-seche-cheveux-ionique-2200-watt-d3197\/#primaryimage","url":"https:\/\/i0.wp.com\/baya-shop.com\/wp-content\/uploads\/2023\/08\/large_45526560100_9688.jpg?fit=1000%2C1000&ssl=1","contentUrl":"https:\/\/i0.wp.com\/baya-shop.com\/wp-content\/uploads\/2023\/08\/large_45526560100_9688.jpg?fit=1000%2C1000&ssl=1","width":1000,"height":1000},{"@type":"BreadcrumbList","@id":"https:\/\/baya-shop.com\/home\/product\/remington-seche-cheveux-ionique-2200-watt-d3197\/#breadcrumb","itemListElement":[{"@type":"ListItem","position":1,"name":"Accueil","item":"https:\/\/baya-shop.com\/home\/"},{"@type":"ListItem","position":2,"name":"Shop","item":"https:\/\/baya-shop.com\/home\/shop\/"},{"@type":"ListItem","position":3,"name":"Remington S\u00e8che-cheveux Ionic dry 2200 D3197"}]},{"@type":"WebSite","@id":"https:\/\/baya-shop.com\/home\/#website","url":"https:\/\/baya-shop.com\/home\/","name":"Baya Shop","description":"","publisher":{"@id":"https:\/\/baya-shop.com\/home\/#organization"},"potentialAction":[{"@type":"SearchAction","target":{"@type":"EntryPoint","urlTemplate":"https:\/\/baya-shop.com\/home\/?s={search_term_string}"},"query-input":{"@type":"PropertyValueSpecification","valueRequired":true,"valueName":"search_term_string"}}],"inLanguage":"fr-FR"},{"@type":"Organization","@id":"https:\/\/baya-shop.com\/home\/#organization","name":"Baya Shop","url":"https:\/\/baya-shop.com\/home\/","logo":{"@type":"ImageObject","inLanguage":"fr-FR","@id":"https:\/\/baya-shop.com\/home\/#\/schema\/logo\/image\/","url":"https:\/\/baya-shop.com\/wp-content\/uploads\/2020\/11\/g.png","contentUrl":"https:\/\/baya-shop.com\/wp-content\/uploads\/2020\/11\/g.png","width":64,"height":64,"caption":"Baya Shop"},"image":{"@id":"https:\/\/baya-shop.com\/home\/#\/schema\/logo\/image\/"},"sameAs":["https:\/\/www.facebook.com\/Baya-Shop-103955257949742","https:\/\/www.instagram.com\/baya_shop_dz\/"]}]}},"jetpack_publicize_connections":[],"jetpack_sharing_enabled":true,"jetpack_likes_enabled":true,"jetpack-related-posts":[],"_links":{"self":[{"href":"https:\/\/baya-shop.com\/home\/wp-json\/wp\/v2\/product\/2448","targetHints":{"allow":["GET"]}}],"collection":[{"href":"https:\/\/baya-shop.com\/home\/wp-json\/wp\/v2\/product"}],"about":[{"href":"https:\/\/baya-shop.com\/home\/wp-json\/wp\/v2\/types\/product"}],"replies":[{"embeddable":true,"href":"https:\/\/baya-shop.com\/home\/wp-json\/wp\/v2\/comments?post=2448"}],"wp:featuredmedia":[{"embeddable":true,"href":"https:\/\/baya-shop.com\/home\/wp-json\/wp\/v2\/media\/3432"}],"wp:attachment":[{"href":"https:\/\/baya-shop.com\/home\/wp-json\/wp\/v2\/media?parent=2448"}],"wp:term":[{"taxonomy":"product_brand","embeddable":true,"href":"https:\/\/baya-shop.com\/home\/wp-json\/wp\/v2\/product_brand?post=2448"},{"taxonomy":"product_cat","embeddable":true,"href":"https:\/\/baya-shop.com\/home\/wp-json\/wp\/v2\/product_cat?post=2448"},{"taxonomy":"product_tag","embeddable":true,"href":"https:\/\/baya-shop.com\/home\/wp-json\/wp\/v2\/product_tag?post=2448"}],"curies":[{"name":"wp","href":"https:\/\/api.w.org\/{rel}","templated":true}]}}