{"id":2431,"date":"2023-08-15T18:45:22","date_gmt":"2023-08-15T17:45:22","guid":{"rendered":"https:\/\/baya-shop.com\/home\/?post_type=product&#038;p=2431"},"modified":"2024-11-10T12:58:38","modified_gmt":"2024-11-10T11:58:38","slug":"babyliss-pro-boucleur-titanium-tourmaline-38mm-bab2274tte","status":"publish","type":"product","link":"https:\/\/baya-shop.com\/home\/product\/babyliss-pro-boucleur-titanium-tourmaline-38mm-bab2274tte\/","title":{"rendered":"Babyliss Pro Boucleur Titanium Tourmaline BAB2274TTE"},"content":{"rendered":"","protected":false},"excerpt":{"rendered":"<p>\u2022 Technologie Titanium-Tourmaline<\/p>\n<p>\u2022 Diam\u00e8tre 32mm<\/p>\n<p>\u2022 Contr\u00f4le et affichage digital de la temp\u00e9rature (de 100\u00b0C \u00e0 200\u00b0C)<\/p>\n<p>\u2022 Interrupteur de fonctionnement<\/p>\n<p>\u2022 Arr\u00eat automatique apr\u00e8s 60mn<\/p>\n<p>\u2022 Embout isolant<\/p>\n<p>\u2022 Support m\u00e9tallique int\u00e9gr\u00e9<\/p>\n<p>\u2022 Cordon professionnel rotatif 2,70m<\/p>\n","protected":false},"featured_media":3537,"comment_status":"open","ping_status":"closed","template":"","meta":{"_uag_custom_page_level_css":"","jetpack_publicize_message":"","jetpack_publicize_feature_enabled":true,"jetpack_social_post_already_shared":false,"jetpack_social_options":{"image_generator_settings":{"template":"highway","default_image_id":0,"font":"","enabled":false},"version":2}},"product_brand":[],"product_cat":[64,17],"product_tag":[],"class_list":{"0":"post-2431","1":"product","2":"type-product","3":"status-publish","4":"has-post-thumbnail","6":"product_cat-babyliss-pro","7":"product_cat-boucleur","9":"first","10":"outofstock","11":"shipping-taxable","12":"purchasable","13":"product-type-simple"},"yoast_head":"<!-- This site is optimized with the Yoast SEO plugin v27.5 - https:\/\/yoast.com\/product\/yoast-seo-wordpress\/ -->\n<title>Babyliss Pro Boucleur Titanium Tourmaline BAB2274TTE - Baya Shop<\/title>\n<meta name=\"description\" content=\"\u2022 Technologie Titanium-Tourmaline  \u2022 Diam\u00e8tre 32mm  \u2022 Contr\u00f4le et affichage digital de la temp\u00e9rature (de 100\u00b0C \u00e0 200\u00b0C)  \u2022 Interrupteur de fonctionnement  \u2022 Arr\u00eat automatique apr\u00e8s 60mn  \u2022 Embout isolant  \u2022 Support m\u00e9tallique int\u00e9gr\u00e9  \u2022 Cordon professionnel rotatif 2,70m\" \/>\n<meta name=\"robots\" content=\"index, follow, max-snippet:-1, max-image-preview:large, max-video-preview:-1\" \/>\n<link rel=\"canonical\" href=\"https:\/\/baya-shop.com\/home\/product\/babyliss-pro-boucleur-titanium-tourmaline-38mm-bab2274tte\/\" \/>\n<meta property=\"og:locale\" content=\"fr_FR\" \/>\n<meta property=\"og:type\" content=\"article\" \/>\n<meta property=\"og:title\" content=\"Babyliss Pro Boucleur Titanium Tourmaline BAB2274TTE - Baya Shop\" \/>\n<meta property=\"og:description\" content=\"\u2022 Technologie Titanium-Tourmaline  \u2022 Diam\u00e8tre 32mm  \u2022 Contr\u00f4le et affichage digital de la temp\u00e9rature (de 100\u00b0C \u00e0 200\u00b0C)  \u2022 Interrupteur de fonctionnement  \u2022 Arr\u00eat automatique apr\u00e8s 60mn  \u2022 Embout isolant  \u2022 Support m\u00e9tallique int\u00e9gr\u00e9  \u2022 Cordon professionnel rotatif 2,70m\" \/>\n<meta property=\"og:url\" content=\"https:\/\/baya-shop.com\/home\/product\/babyliss-pro-boucleur-titanium-tourmaline-38mm-bab2274tte\/\" \/>\n<meta property=\"og:site_name\" content=\"Baya Shop\" \/>\n<meta property=\"article:publisher\" content=\"https:\/\/www.facebook.com\/Baya-Shop-103955257949742\" \/>\n<meta property=\"article:modified_time\" content=\"2024-11-10T11:58:38+00:00\" \/>\n<meta property=\"og:image\" content=\"https:\/\/baya-shop.com\/wp-content\/uploads\/2023\/08\/28544-1-e1706965922959.jpg\" \/>\n\t<meta property=\"og:image:width\" content=\"599\" \/>\n\t<meta property=\"og:image:height\" content=\"498\" \/>\n\t<meta property=\"og:image:type\" content=\"image\/jpeg\" \/>\n<meta name=\"twitter:card\" content=\"summary_large_image\" \/>\n<meta name=\"twitter:label1\" content=\"Dur\u00e9e de lecture estim\u00e9e\" \/>\n\t<meta name=\"twitter:data1\" content=\"1 minute\" \/>\n<script type=\"application\/ld+json\" class=\"yoast-schema-graph\">{\"@context\":\"https:\\\/\\\/schema.org\",\"@graph\":[{\"@type\":\"WebPage\",\"@id\":\"https:\\\/\\\/baya-shop.com\\\/home\\\/product\\\/babyliss-pro-boucleur-titanium-tourmaline-38mm-bab2274tte\\\/\",\"url\":\"https:\\\/\\\/baya-shop.com\\\/home\\\/product\\\/babyliss-pro-boucleur-titanium-tourmaline-38mm-bab2274tte\\\/\",\"name\":\"Babyliss Pro Boucleur Titanium Tourmaline BAB2274TTE - Baya Shop\",\"isPartOf\":{\"@id\":\"https:\\\/\\\/baya-shop.com\\\/home\\\/#website\"},\"primaryImageOfPage\":{\"@id\":\"https:\\\/\\\/baya-shop.com\\\/home\\\/product\\\/babyliss-pro-boucleur-titanium-tourmaline-38mm-bab2274tte\\\/#primaryimage\"},\"image\":{\"@id\":\"https:\\\/\\\/baya-shop.com\\\/home\\\/product\\\/babyliss-pro-boucleur-titanium-tourmaline-38mm-bab2274tte\\\/#primaryimage\"},\"thumbnailUrl\":\"https:\\\/\\\/i0.wp.com\\\/baya-shop.com\\\/wp-content\\\/uploads\\\/2023\\\/08\\\/28544-1-e1706965922959.jpg?fit=599%2C498&ssl=1\",\"datePublished\":\"2023-08-15T17:45:22+00:00\",\"dateModified\":\"2024-11-10T11:58:38+00:00\",\"description\":\"\u2022 Technologie Titanium-Tourmaline \u2022 Diam\u00e8tre 32mm \u2022 Contr\u00f4le et affichage digital de la temp\u00e9rature (de 100\u00b0C \u00e0 200\u00b0C) \u2022 Interrupteur de fonctionnement \u2022 Arr\u00eat automatique apr\u00e8s 60mn \u2022 Embout isolant \u2022 Support m\u00e9tallique int\u00e9gr\u00e9 \u2022 Cordon professionnel rotatif 2,70m\",\"breadcrumb\":{\"@id\":\"https:\\\/\\\/baya-shop.com\\\/home\\\/product\\\/babyliss-pro-boucleur-titanium-tourmaline-38mm-bab2274tte\\\/#breadcrumb\"},\"inLanguage\":\"fr-FR\",\"potentialAction\":[{\"@type\":\"ReadAction\",\"target\":[\"https:\\\/\\\/baya-shop.com\\\/home\\\/product\\\/babyliss-pro-boucleur-titanium-tourmaline-38mm-bab2274tte\\\/\"]}]},{\"@type\":\"ImageObject\",\"inLanguage\":\"fr-FR\",\"@id\":\"https:\\\/\\\/baya-shop.com\\\/home\\\/product\\\/babyliss-pro-boucleur-titanium-tourmaline-38mm-bab2274tte\\\/#primaryimage\",\"url\":\"https:\\\/\\\/i0.wp.com\\\/baya-shop.com\\\/wp-content\\\/uploads\\\/2023\\\/08\\\/28544-1-e1706965922959.jpg?fit=599%2C498&ssl=1\",\"contentUrl\":\"https:\\\/\\\/i0.wp.com\\\/baya-shop.com\\\/wp-content\\\/uploads\\\/2023\\\/08\\\/28544-1-e1706965922959.jpg?fit=599%2C498&ssl=1\",\"width\":599,\"height\":498},{\"@type\":\"BreadcrumbList\",\"@id\":\"https:\\\/\\\/baya-shop.com\\\/home\\\/product\\\/babyliss-pro-boucleur-titanium-tourmaline-38mm-bab2274tte\\\/#breadcrumb\",\"itemListElement\":[{\"@type\":\"ListItem\",\"position\":1,\"name\":\"Accueil\",\"item\":\"https:\\\/\\\/baya-shop.com\\\/home\\\/\"},{\"@type\":\"ListItem\",\"position\":2,\"name\":\"Shop\",\"item\":\"https:\\\/\\\/baya-shop.com\\\/home\\\/shop\\\/\"},{\"@type\":\"ListItem\",\"position\":3,\"name\":\"Babyliss Pro Boucleur Titanium Tourmaline BAB2274TTE\"}]},{\"@type\":\"WebSite\",\"@id\":\"https:\\\/\\\/baya-shop.com\\\/home\\\/#website\",\"url\":\"https:\\\/\\\/baya-shop.com\\\/home\\\/\",\"name\":\"Baya Shop\",\"description\":\"\",\"publisher\":{\"@id\":\"https:\\\/\\\/baya-shop.com\\\/home\\\/#organization\"},\"potentialAction\":[{\"@type\":\"SearchAction\",\"target\":{\"@type\":\"EntryPoint\",\"urlTemplate\":\"https:\\\/\\\/baya-shop.com\\\/home\\\/?s={search_term_string}\"},\"query-input\":{\"@type\":\"PropertyValueSpecification\",\"valueRequired\":true,\"valueName\":\"search_term_string\"}}],\"inLanguage\":\"fr-FR\"},{\"@type\":\"Organization\",\"@id\":\"https:\\\/\\\/baya-shop.com\\\/home\\\/#organization\",\"name\":\"Baya Shop\",\"url\":\"https:\\\/\\\/baya-shop.com\\\/home\\\/\",\"logo\":{\"@type\":\"ImageObject\",\"inLanguage\":\"fr-FR\",\"@id\":\"https:\\\/\\\/baya-shop.com\\\/home\\\/#\\\/schema\\\/logo\\\/image\\\/\",\"url\":\"https:\\\/\\\/baya-shop.com\\\/wp-content\\\/uploads\\\/2020\\\/11\\\/g.png\",\"contentUrl\":\"https:\\\/\\\/baya-shop.com\\\/wp-content\\\/uploads\\\/2020\\\/11\\\/g.png\",\"width\":64,\"height\":64,\"caption\":\"Baya Shop\"},\"image\":{\"@id\":\"https:\\\/\\\/baya-shop.com\\\/home\\\/#\\\/schema\\\/logo\\\/image\\\/\"},\"sameAs\":[\"https:\\\/\\\/www.facebook.com\\\/Baya-Shop-103955257949742\",\"https:\\\/\\\/www.instagram.com\\\/baya_shop_dz\\\/\"]}]}<\/script>\n<!-- \/ Yoast SEO plugin. -->","yoast_head_json":{"title":"Babyliss Pro Boucleur Titanium Tourmaline BAB2274TTE - Baya Shop","description":"\u2022 Technologie Titanium-Tourmaline  \u2022 Diam\u00e8tre 32mm  \u2022 Contr\u00f4le et affichage digital de la temp\u00e9rature (de 100\u00b0C \u00e0 200\u00b0C)  \u2022 Interrupteur de fonctionnement  \u2022 Arr\u00eat automatique apr\u00e8s 60mn  \u2022 Embout isolant  \u2022 Support m\u00e9tallique int\u00e9gr\u00e9  \u2022 Cordon professionnel rotatif 2,70m","robots":{"index":"index","follow":"follow","max-snippet":"max-snippet:-1","max-image-preview":"max-image-preview:large","max-video-preview":"max-video-preview:-1"},"canonical":"https:\/\/baya-shop.com\/home\/product\/babyliss-pro-boucleur-titanium-tourmaline-38mm-bab2274tte\/","og_locale":"fr_FR","og_type":"article","og_title":"Babyliss Pro Boucleur Titanium Tourmaline BAB2274TTE - Baya Shop","og_description":"\u2022 Technologie Titanium-Tourmaline  \u2022 Diam\u00e8tre 32mm  \u2022 Contr\u00f4le et affichage digital de la temp\u00e9rature (de 100\u00b0C \u00e0 200\u00b0C)  \u2022 Interrupteur de fonctionnement  \u2022 Arr\u00eat automatique apr\u00e8s 60mn  \u2022 Embout isolant  \u2022 Support m\u00e9tallique int\u00e9gr\u00e9  \u2022 Cordon professionnel rotatif 2,70m","og_url":"https:\/\/baya-shop.com\/home\/product\/babyliss-pro-boucleur-titanium-tourmaline-38mm-bab2274tte\/","og_site_name":"Baya Shop","article_publisher":"https:\/\/www.facebook.com\/Baya-Shop-103955257949742","article_modified_time":"2024-11-10T11:58:38+00:00","og_image":[{"width":599,"height":498,"url":"https:\/\/baya-shop.com\/wp-content\/uploads\/2023\/08\/28544-1-e1706965922959.jpg","type":"image\/jpeg"}],"twitter_card":"summary_large_image","twitter_misc":{"Dur\u00e9e de lecture estim\u00e9e":"1 minute"},"schema":{"@context":"https:\/\/schema.org","@graph":[{"@type":"WebPage","@id":"https:\/\/baya-shop.com\/home\/product\/babyliss-pro-boucleur-titanium-tourmaline-38mm-bab2274tte\/","url":"https:\/\/baya-shop.com\/home\/product\/babyliss-pro-boucleur-titanium-tourmaline-38mm-bab2274tte\/","name":"Babyliss Pro Boucleur Titanium Tourmaline BAB2274TTE - Baya Shop","isPartOf":{"@id":"https:\/\/baya-shop.com\/home\/#website"},"primaryImageOfPage":{"@id":"https:\/\/baya-shop.com\/home\/product\/babyliss-pro-boucleur-titanium-tourmaline-38mm-bab2274tte\/#primaryimage"},"image":{"@id":"https:\/\/baya-shop.com\/home\/product\/babyliss-pro-boucleur-titanium-tourmaline-38mm-bab2274tte\/#primaryimage"},"thumbnailUrl":"https:\/\/i0.wp.com\/baya-shop.com\/wp-content\/uploads\/2023\/08\/28544-1-e1706965922959.jpg?fit=599%2C498&ssl=1","datePublished":"2023-08-15T17:45:22+00:00","dateModified":"2024-11-10T11:58:38+00:00","description":"\u2022 Technologie Titanium-Tourmaline \u2022 Diam\u00e8tre 32mm \u2022 Contr\u00f4le et affichage digital de la temp\u00e9rature (de 100\u00b0C \u00e0 200\u00b0C) \u2022 Interrupteur de fonctionnement \u2022 Arr\u00eat automatique apr\u00e8s 60mn \u2022 Embout isolant \u2022 Support m\u00e9tallique int\u00e9gr\u00e9 \u2022 Cordon professionnel rotatif 2,70m","breadcrumb":{"@id":"https:\/\/baya-shop.com\/home\/product\/babyliss-pro-boucleur-titanium-tourmaline-38mm-bab2274tte\/#breadcrumb"},"inLanguage":"fr-FR","potentialAction":[{"@type":"ReadAction","target":["https:\/\/baya-shop.com\/home\/product\/babyliss-pro-boucleur-titanium-tourmaline-38mm-bab2274tte\/"]}]},{"@type":"ImageObject","inLanguage":"fr-FR","@id":"https:\/\/baya-shop.com\/home\/product\/babyliss-pro-boucleur-titanium-tourmaline-38mm-bab2274tte\/#primaryimage","url":"https:\/\/i0.wp.com\/baya-shop.com\/wp-content\/uploads\/2023\/08\/28544-1-e1706965922959.jpg?fit=599%2C498&ssl=1","contentUrl":"https:\/\/i0.wp.com\/baya-shop.com\/wp-content\/uploads\/2023\/08\/28544-1-e1706965922959.jpg?fit=599%2C498&ssl=1","width":599,"height":498},{"@type":"BreadcrumbList","@id":"https:\/\/baya-shop.com\/home\/product\/babyliss-pro-boucleur-titanium-tourmaline-38mm-bab2274tte\/#breadcrumb","itemListElement":[{"@type":"ListItem","position":1,"name":"Accueil","item":"https:\/\/baya-shop.com\/home\/"},{"@type":"ListItem","position":2,"name":"Shop","item":"https:\/\/baya-shop.com\/home\/shop\/"},{"@type":"ListItem","position":3,"name":"Babyliss Pro Boucleur Titanium Tourmaline BAB2274TTE"}]},{"@type":"WebSite","@id":"https:\/\/baya-shop.com\/home\/#website","url":"https:\/\/baya-shop.com\/home\/","name":"Baya Shop","description":"","publisher":{"@id":"https:\/\/baya-shop.com\/home\/#organization"},"potentialAction":[{"@type":"SearchAction","target":{"@type":"EntryPoint","urlTemplate":"https:\/\/baya-shop.com\/home\/?s={search_term_string}"},"query-input":{"@type":"PropertyValueSpecification","valueRequired":true,"valueName":"search_term_string"}}],"inLanguage":"fr-FR"},{"@type":"Organization","@id":"https:\/\/baya-shop.com\/home\/#organization","name":"Baya Shop","url":"https:\/\/baya-shop.com\/home\/","logo":{"@type":"ImageObject","inLanguage":"fr-FR","@id":"https:\/\/baya-shop.com\/home\/#\/schema\/logo\/image\/","url":"https:\/\/baya-shop.com\/wp-content\/uploads\/2020\/11\/g.png","contentUrl":"https:\/\/baya-shop.com\/wp-content\/uploads\/2020\/11\/g.png","width":64,"height":64,"caption":"Baya Shop"},"image":{"@id":"https:\/\/baya-shop.com\/home\/#\/schema\/logo\/image\/"},"sameAs":["https:\/\/www.facebook.com\/Baya-Shop-103955257949742","https:\/\/www.instagram.com\/baya_shop_dz\/"]}]}},"jetpack_publicize_connections":[],"uagb_featured_image_src":{"full":["https:\/\/i0.wp.com\/baya-shop.com\/wp-content\/uploads\/2023\/08\/28544-1-e1706965922959.jpg?fit=599%2C498&ssl=1",599,498,false],"thumbnail":["https:\/\/i0.wp.com\/baya-shop.com\/wp-content\/uploads\/2023\/08\/28544-1-e1706965922959.jpg?resize=150%2C150&ssl=1",150,150,true],"medium":["https:\/\/i0.wp.com\/baya-shop.com\/wp-content\/uploads\/2023\/08\/28544-1-e1706965922959.jpg?fit=300%2C249&ssl=1",300,249,true],"medium_large":["https:\/\/i0.wp.com\/baya-shop.com\/wp-content\/uploads\/2023\/08\/28544-1-e1706965922959.jpg?fit=599%2C498&ssl=1",599,498,true],"large":["https:\/\/i0.wp.com\/baya-shop.com\/wp-content\/uploads\/2023\/08\/28544-1-e1706965922959.jpg?fit=599%2C498&ssl=1",599,498,true],"1536x1536":["https:\/\/i0.wp.com\/baya-shop.com\/wp-content\/uploads\/2023\/08\/28544-1-e1706965922959.jpg?fit=599%2C498&ssl=1",599,498,true],"2048x2048":["https:\/\/i0.wp.com\/baya-shop.com\/wp-content\/uploads\/2023\/08\/28544-1-e1706965922959.jpg?fit=599%2C498&ssl=1",599,498,true],"woocommerce_thumbnail":["https:\/\/i0.wp.com\/baya-shop.com\/wp-content\/uploads\/2023\/08\/28544-1-e1706965922959.jpg?resize=300%2C300&ssl=1",300,300,true],"woocommerce_single":["https:\/\/i0.wp.com\/baya-shop.com\/wp-content\/uploads\/2023\/08\/28544-1-e1706965922959.jpg?fit=599%2C498&ssl=1",599,498,true],"woocommerce_gallery_thumbnail":["https:\/\/i0.wp.com\/baya-shop.com\/wp-content\/uploads\/2023\/08\/28544-1-e1706965922959.jpg?resize=100%2C100&ssl=1",100,100,true],"jetpack-portfolio-admin-thumb":["https:\/\/i0.wp.com\/baya-shop.com\/wp-content\/uploads\/2023\/08\/28544-1-e1706965922959.jpg?resize=50%2C50&ssl=1",50,50,true]},"uagb_author_info":{"display_name":"","author_link":"https:\/\/baya-shop.com\/home\/author\/"},"uagb_comment_info":0,"uagb_excerpt":"\u2022 Technologie Titanium-Tourmaline \u2022 Diam\u00e8tre 32mm \u2022 Contr\u00f4le et affichage digital de la temp\u00e9rature (de 100\u00b0C \u00e0 200\u00b0C) \u2022 Interrupteur de fonctionnement \u2022 Arr\u00eat automatique apr\u00e8s 60mn \u2022 Embout isolant \u2022 Support m\u00e9tallique int\u00e9gr\u00e9 \u2022 Cordon professionnel rotatif 2,70m","jetpack_sharing_enabled":true,"jetpack_likes_enabled":true,"jetpack-related-posts":[],"_links":{"self":[{"href":"https:\/\/baya-shop.com\/home\/wp-json\/wp\/v2\/product\/2431","targetHints":{"allow":["GET"]}}],"collection":[{"href":"https:\/\/baya-shop.com\/home\/wp-json\/wp\/v2\/product"}],"about":[{"href":"https:\/\/baya-shop.com\/home\/wp-json\/wp\/v2\/types\/product"}],"replies":[{"embeddable":true,"href":"https:\/\/baya-shop.com\/home\/wp-json\/wp\/v2\/comments?post=2431"}],"wp:featuredmedia":[{"embeddable":true,"href":"https:\/\/baya-shop.com\/home\/wp-json\/wp\/v2\/media\/3537"}],"wp:attachment":[{"href":"https:\/\/baya-shop.com\/home\/wp-json\/wp\/v2\/media?parent=2431"}],"wp:term":[{"taxonomy":"product_brand","embeddable":true,"href":"https:\/\/baya-shop.com\/home\/wp-json\/wp\/v2\/product_brand?post=2431"},{"taxonomy":"product_cat","embeddable":true,"href":"https:\/\/baya-shop.com\/home\/wp-json\/wp\/v2\/product_cat?post=2431"},{"taxonomy":"product_tag","embeddable":true,"href":"https:\/\/baya-shop.com\/home\/wp-json\/wp\/v2\/product_tag?post=2431"}],"curies":[{"name":"wp","href":"https:\/\/api.w.org\/{rel}","templated":true}]}}