{"id":2416,"date":"2023-08-15T11:44:25","date_gmt":"2023-08-15T10:44:25","guid":{"rendered":"https:\/\/baya-shop.com\/home\/?post_type=product&#038;p=2416"},"modified":"2024-02-09T15:35:20","modified_gmt":"2024-02-09T14:35:20","slug":"efalock-professional-brosse-soufflante-et-diffuseur-stylingo-1200-watt","status":"publish","type":"product","link":"https:\/\/baya-shop.com\/home\/product\/efalock-professional-brosse-soufflante-et-diffuseur-stylingo-1200-watt\/","title":{"rendered":"Efalock Brosse Soufflante et Diffuseur Stylingo"},"content":{"rendered":"","protected":false},"excerpt":{"rendered":"<p>S\u00e9chez en douceur vos cheveux tout en sublimant vos boucles.<\/p>\n<p>Autonome, le Diffuseur Ionic se branche directement sur une prise secteur.<br \/>\nIl est \u00e0 la fois l\u00e9ger et maniable (plus facile \u00e0 utiliser qu&rsquo;un s\u00e8che-cheveux avec embout diffuseur).<\/p>\n<p>2 temp\u00e9ratures d&rsquo;air chaud + air froid.<\/p>\n<p>&nbsp;<\/p>\n<p>Le diffuseur est l&rsquo;accessoire incontournable pour s\u00e9cher tout en douceur vos cheveux boucl\u00e9s ou pour booster leur volume.<\/p>\n<p>&nbsp;<\/p>\n<p>Avec notre Diffuseur Ionic, aucun besoin d&rsquo;un s\u00e8che-cheveux ! Ce produit est totalement autonome. Il vous suffira de le brancher sur votre prise secteur (220V) pour en profiter.<\/p>\n<p>&nbsp;<\/p>\n<p>En produisant des ions n\u00e9gatifs, la technologie ionique r\u00e9duit les frisottis et emp\u00eache la formation d&rsquo;\u00e9lectricit\u00e9 statique. En outre, cette technologie permet de bien refermer les cuticules des cheveux.<\/p>\n<p>Avantages :<br \/>\n&#8211; Technologie Ionique<br \/>\n&#8211; 2 temp\u00e9ratures (pour la chaleur)<br \/>\n&#8211; Touche pour envoyer instantan\u00e9ment de l&rsquo;air froid<br \/>\n&#8211; Bonne prise en main et maniablit\u00e9 (poids de 415g)<br \/>\n&#8211; Silencieux<br \/>\n&#8211; C\u00e2ble de 3 m\u00e8tres<\/p>\n<p>&nbsp;<\/p>\n<p>A vous les merveilleuses boucles !<\/p>\n","protected":false},"featured_media":3535,"comment_status":"open","ping_status":"closed","template":"","meta":{"jetpack_post_was_ever_published":false,"jetpack_publicize_message":"","jetpack_publicize_feature_enabled":true,"jetpack_social_post_already_shared":false,"jetpack_social_options":{"image_generator_settings":{"template":"highway","default_image_id":0,"font":"","enabled":false},"version":2}},"product_brand":[],"product_cat":[21,63],"product_tag":[],"class_list":{"0":"post-2416","1":"product","2":"type-product","3":"status-publish","4":"has-post-thumbnail","6":"product_cat-brosse-cheveux","7":"product_cat-efalock","9":"first","10":"instock","11":"shipping-taxable","12":"purchasable","13":"product-type-simple"},"yoast_head":"<!-- This site is optimized with the Yoast SEO plugin v27.4 - https:\/\/yoast.com\/product\/yoast-seo-wordpress\/ -->\n<title>Efalock Brosse Soufflante et Diffuseur Stylingo - Baya Shop<\/title>\n<meta name=\"description\" content=\"S\u00e9chez en douceur vos cheveux tout en sublimant vos boucles.  Autonome, le Diffuseur Ionic se branche directement sur une prise secteur. Il est \u00e0 la fois l\u00e9ger et maniable (plus facile \u00e0 utiliser qu&#039;un s\u00e8che-cheveux avec embout diffuseur).  2 temp\u00e9ratures d&#039;air chaud + air froid.  &nbsp;  Le diffuseur est l&#039;accessoire incontournable pour s\u00e9cher tout en douceur vos cheveux boucl\u00e9s ou pour booster leur volume.  &nbsp;  Avec notre Diffuseur Ionic, aucun besoin d&#039;un s\u00e8che-cheveux ! Ce produit est totalement autonome. Il vous suffira de le brancher sur votre prise secteur (220V) pour en profiter.  &nbsp;  En produisant des ions n\u00e9gatifs, la technologie ionique r\u00e9duit les frisottis et emp\u00eache la formation d&#039;\u00e9lectricit\u00e9 statique. En outre, cette technologie permet de bien refermer les cuticules des cheveux.  Avantages : - Technologie Ionique - 2 temp\u00e9ratures (pour la chaleur) - Touche pour envoyer instantan\u00e9ment de l&#039;air froid - Bonne prise en main et maniablit\u00e9 (poids de 415g) - Silencieux - C\u00e2ble de 3 m\u00e8tres  &nbsp;  A vous les merveilleuses boucles !\" \/>\n<meta name=\"robots\" content=\"index, follow, max-snippet:-1, max-image-preview:large, max-video-preview:-1\" \/>\n<link rel=\"canonical\" href=\"https:\/\/baya-shop.com\/home\/product\/efalock-professional-brosse-soufflante-et-diffuseur-stylingo-1200-watt\/\" \/>\n<meta property=\"og:locale\" content=\"fr_FR\" \/>\n<meta property=\"og:type\" content=\"article\" \/>\n<meta property=\"og:title\" content=\"Efalock Brosse Soufflante et Diffuseur Stylingo - Baya Shop\" \/>\n<meta property=\"og:description\" content=\"S\u00e9chez en douceur vos cheveux tout en sublimant vos boucles.  Autonome, le Diffuseur Ionic se branche directement sur une prise secteur. Il est \u00e0 la fois l\u00e9ger et maniable (plus facile \u00e0 utiliser qu&#039;un s\u00e8che-cheveux avec embout diffuseur).  2 temp\u00e9ratures d&#039;air chaud + air froid.  &nbsp;  Le diffuseur est l&#039;accessoire incontournable pour s\u00e9cher tout en douceur vos cheveux boucl\u00e9s ou pour booster leur volume.  &nbsp;  Avec notre Diffuseur Ionic, aucun besoin d&#039;un s\u00e8che-cheveux ! Ce produit est totalement autonome. Il vous suffira de le brancher sur votre prise secteur (220V) pour en profiter.  &nbsp;  En produisant des ions n\u00e9gatifs, la technologie ionique r\u00e9duit les frisottis et emp\u00eache la formation d&#039;\u00e9lectricit\u00e9 statique. En outre, cette technologie permet de bien refermer les cuticules des cheveux.  Avantages : - Technologie Ionique - 2 temp\u00e9ratures (pour la chaleur) - Touche pour envoyer instantan\u00e9ment de l&#039;air froid - Bonne prise en main et maniablit\u00e9 (poids de 415g) - Silencieux - C\u00e2ble de 3 m\u00e8tres  &nbsp;  A vous les merveilleuses boucles !\" \/>\n<meta property=\"og:url\" content=\"https:\/\/baya-shop.com\/home\/product\/efalock-professional-brosse-soufflante-et-diffuseur-stylingo-1200-watt\/\" \/>\n<meta property=\"og:site_name\" content=\"Baya Shop\" \/>\n<meta property=\"article:publisher\" content=\"https:\/\/www.facebook.com\/Baya-Shop-103955257949742\" \/>\n<meta property=\"article:modified_time\" content=\"2024-02-09T14:35:20+00:00\" \/>\n<meta property=\"og:image\" content=\"https:\/\/baya-shop.com\/wp-content\/uploads\/2023\/08\/5238.webp\" \/>\n\t<meta property=\"og:image:width\" content=\"2040\" \/>\n\t<meta property=\"og:image:height\" content=\"2040\" \/>\n\t<meta property=\"og:image:type\" content=\"image\/webp\" \/>\n<meta name=\"twitter:card\" content=\"summary_large_image\" \/>\n<meta name=\"twitter:label1\" content=\"Dur\u00e9e de lecture estim\u00e9e\" \/>\n\t<meta name=\"twitter:data1\" content=\"1 minute\" \/>\n<script type=\"application\/ld+json\" class=\"yoast-schema-graph\">{\"@context\":\"https:\\\/\\\/schema.org\",\"@graph\":[{\"@type\":\"WebPage\",\"@id\":\"https:\\\/\\\/baya-shop.com\\\/home\\\/product\\\/efalock-professional-brosse-soufflante-et-diffuseur-stylingo-1200-watt\\\/\",\"url\":\"https:\\\/\\\/baya-shop.com\\\/home\\\/product\\\/efalock-professional-brosse-soufflante-et-diffuseur-stylingo-1200-watt\\\/\",\"name\":\"Efalock Brosse Soufflante et Diffuseur Stylingo - Baya Shop\",\"isPartOf\":{\"@id\":\"https:\\\/\\\/baya-shop.com\\\/home\\\/#website\"},\"primaryImageOfPage\":{\"@id\":\"https:\\\/\\\/baya-shop.com\\\/home\\\/product\\\/efalock-professional-brosse-soufflante-et-diffuseur-stylingo-1200-watt\\\/#primaryimage\"},\"image\":{\"@id\":\"https:\\\/\\\/baya-shop.com\\\/home\\\/product\\\/efalock-professional-brosse-soufflante-et-diffuseur-stylingo-1200-watt\\\/#primaryimage\"},\"thumbnailUrl\":\"https:\\\/\\\/i0.wp.com\\\/baya-shop.com\\\/wp-content\\\/uploads\\\/2023\\\/08\\\/5238.webp?fit=2040%2C2040&ssl=1\",\"datePublished\":\"2023-08-15T10:44:25+00:00\",\"dateModified\":\"2024-02-09T14:35:20+00:00\",\"description\":\"S\u00e9chez en douceur vos cheveux tout en sublimant vos boucles. Autonome, le Diffuseur Ionic se branche directement sur une prise secteur. Il est \u00e0 la fois l\u00e9ger et maniable (plus facile \u00e0 utiliser qu'un s\u00e8che-cheveux avec embout diffuseur). 2 temp\u00e9ratures d'air chaud + air froid. &nbsp; Le diffuseur est l'accessoire incontournable pour s\u00e9cher tout en douceur vos cheveux boucl\u00e9s ou pour booster leur volume. &nbsp; Avec notre Diffuseur Ionic, aucun besoin d'un s\u00e8che-cheveux ! Ce produit est totalement autonome. Il vous suffira de le brancher sur votre prise secteur (220V) pour en profiter. &nbsp; En produisant des ions n\u00e9gatifs, la technologie ionique r\u00e9duit les frisottis et emp\u00eache la formation d'\u00e9lectricit\u00e9 statique. En outre, cette technologie permet de bien refermer les cuticules des cheveux. Avantages : - Technologie Ionique - 2 temp\u00e9ratures (pour la chaleur) - Touche pour envoyer instantan\u00e9ment de l'air froid - Bonne prise en main et maniablit\u00e9 (poids de 415g) - Silencieux - C\u00e2ble de 3 m\u00e8tres &nbsp; A vous les merveilleuses boucles !\",\"breadcrumb\":{\"@id\":\"https:\\\/\\\/baya-shop.com\\\/home\\\/product\\\/efalock-professional-brosse-soufflante-et-diffuseur-stylingo-1200-watt\\\/#breadcrumb\"},\"inLanguage\":\"fr-FR\",\"potentialAction\":[{\"@type\":\"ReadAction\",\"target\":[\"https:\\\/\\\/baya-shop.com\\\/home\\\/product\\\/efalock-professional-brosse-soufflante-et-diffuseur-stylingo-1200-watt\\\/\"]}]},{\"@type\":\"ImageObject\",\"inLanguage\":\"fr-FR\",\"@id\":\"https:\\\/\\\/baya-shop.com\\\/home\\\/product\\\/efalock-professional-brosse-soufflante-et-diffuseur-stylingo-1200-watt\\\/#primaryimage\",\"url\":\"https:\\\/\\\/i0.wp.com\\\/baya-shop.com\\\/wp-content\\\/uploads\\\/2023\\\/08\\\/5238.webp?fit=2040%2C2040&ssl=1\",\"contentUrl\":\"https:\\\/\\\/i0.wp.com\\\/baya-shop.com\\\/wp-content\\\/uploads\\\/2023\\\/08\\\/5238.webp?fit=2040%2C2040&ssl=1\",\"width\":2040,\"height\":2040},{\"@type\":\"BreadcrumbList\",\"@id\":\"https:\\\/\\\/baya-shop.com\\\/home\\\/product\\\/efalock-professional-brosse-soufflante-et-diffuseur-stylingo-1200-watt\\\/#breadcrumb\",\"itemListElement\":[{\"@type\":\"ListItem\",\"position\":1,\"name\":\"Accueil\",\"item\":\"https:\\\/\\\/baya-shop.com\\\/home\\\/\"},{\"@type\":\"ListItem\",\"position\":2,\"name\":\"Shop\",\"item\":\"https:\\\/\\\/baya-shop.com\\\/home\\\/shop\\\/\"},{\"@type\":\"ListItem\",\"position\":3,\"name\":\"Efalock Brosse Soufflante et Diffuseur Stylingo\"}]},{\"@type\":\"WebSite\",\"@id\":\"https:\\\/\\\/baya-shop.com\\\/home\\\/#website\",\"url\":\"https:\\\/\\\/baya-shop.com\\\/home\\\/\",\"name\":\"Baya Shop\",\"description\":\"\",\"publisher\":{\"@id\":\"https:\\\/\\\/baya-shop.com\\\/home\\\/#organization\"},\"potentialAction\":[{\"@type\":\"SearchAction\",\"target\":{\"@type\":\"EntryPoint\",\"urlTemplate\":\"https:\\\/\\\/baya-shop.com\\\/home\\\/?s={search_term_string}\"},\"query-input\":{\"@type\":\"PropertyValueSpecification\",\"valueRequired\":true,\"valueName\":\"search_term_string\"}}],\"inLanguage\":\"fr-FR\"},{\"@type\":\"Organization\",\"@id\":\"https:\\\/\\\/baya-shop.com\\\/home\\\/#organization\",\"name\":\"Baya Shop\",\"url\":\"https:\\\/\\\/baya-shop.com\\\/home\\\/\",\"logo\":{\"@type\":\"ImageObject\",\"inLanguage\":\"fr-FR\",\"@id\":\"https:\\\/\\\/baya-shop.com\\\/home\\\/#\\\/schema\\\/logo\\\/image\\\/\",\"url\":\"https:\\\/\\\/baya-shop.com\\\/wp-content\\\/uploads\\\/2020\\\/11\\\/g.png\",\"contentUrl\":\"https:\\\/\\\/baya-shop.com\\\/wp-content\\\/uploads\\\/2020\\\/11\\\/g.png\",\"width\":64,\"height\":64,\"caption\":\"Baya Shop\"},\"image\":{\"@id\":\"https:\\\/\\\/baya-shop.com\\\/home\\\/#\\\/schema\\\/logo\\\/image\\\/\"},\"sameAs\":[\"https:\\\/\\\/www.facebook.com\\\/Baya-Shop-103955257949742\",\"https:\\\/\\\/www.instagram.com\\\/baya_shop_dz\\\/\"]}]}<\/script>\n<!-- \/ Yoast SEO plugin. -->","yoast_head_json":{"title":"Efalock Brosse Soufflante et Diffuseur Stylingo - Baya Shop","description":"S\u00e9chez en douceur vos cheveux tout en sublimant vos boucles.  Autonome, le Diffuseur Ionic se branche directement sur une prise secteur. Il est \u00e0 la fois l\u00e9ger et maniable (plus facile \u00e0 utiliser qu'un s\u00e8che-cheveux avec embout diffuseur).  2 temp\u00e9ratures d'air chaud + air froid.  &nbsp;  Le diffuseur est l'accessoire incontournable pour s\u00e9cher tout en douceur vos cheveux boucl\u00e9s ou pour booster leur volume.  &nbsp;  Avec notre Diffuseur Ionic, aucun besoin d'un s\u00e8che-cheveux ! Ce produit est totalement autonome. Il vous suffira de le brancher sur votre prise secteur (220V) pour en profiter.  &nbsp;  En produisant des ions n\u00e9gatifs, la technologie ionique r\u00e9duit les frisottis et emp\u00eache la formation d'\u00e9lectricit\u00e9 statique. En outre, cette technologie permet de bien refermer les cuticules des cheveux.  Avantages : - Technologie Ionique - 2 temp\u00e9ratures (pour la chaleur) - Touche pour envoyer instantan\u00e9ment de l'air froid - Bonne prise en main et maniablit\u00e9 (poids de 415g) - Silencieux - C\u00e2ble de 3 m\u00e8tres  &nbsp;  A vous les merveilleuses boucles !","robots":{"index":"index","follow":"follow","max-snippet":"max-snippet:-1","max-image-preview":"max-image-preview:large","max-video-preview":"max-video-preview:-1"},"canonical":"https:\/\/baya-shop.com\/home\/product\/efalock-professional-brosse-soufflante-et-diffuseur-stylingo-1200-watt\/","og_locale":"fr_FR","og_type":"article","og_title":"Efalock Brosse Soufflante et Diffuseur Stylingo - Baya Shop","og_description":"S\u00e9chez en douceur vos cheveux tout en sublimant vos boucles.  Autonome, le Diffuseur Ionic se branche directement sur une prise secteur. Il est \u00e0 la fois l\u00e9ger et maniable (plus facile \u00e0 utiliser qu'un s\u00e8che-cheveux avec embout diffuseur).  2 temp\u00e9ratures d'air chaud + air froid.  &nbsp;  Le diffuseur est l'accessoire incontournable pour s\u00e9cher tout en douceur vos cheveux boucl\u00e9s ou pour booster leur volume.  &nbsp;  Avec notre Diffuseur Ionic, aucun besoin d'un s\u00e8che-cheveux ! Ce produit est totalement autonome. Il vous suffira de le brancher sur votre prise secteur (220V) pour en profiter.  &nbsp;  En produisant des ions n\u00e9gatifs, la technologie ionique r\u00e9duit les frisottis et emp\u00eache la formation d'\u00e9lectricit\u00e9 statique. En outre, cette technologie permet de bien refermer les cuticules des cheveux.  Avantages : - Technologie Ionique - 2 temp\u00e9ratures (pour la chaleur) - Touche pour envoyer instantan\u00e9ment de l'air froid - Bonne prise en main et maniablit\u00e9 (poids de 415g) - Silencieux - C\u00e2ble de 3 m\u00e8tres  &nbsp;  A vous les merveilleuses boucles !","og_url":"https:\/\/baya-shop.com\/home\/product\/efalock-professional-brosse-soufflante-et-diffuseur-stylingo-1200-watt\/","og_site_name":"Baya Shop","article_publisher":"https:\/\/www.facebook.com\/Baya-Shop-103955257949742","article_modified_time":"2024-02-09T14:35:20+00:00","og_image":[{"width":2040,"height":2040,"url":"https:\/\/baya-shop.com\/wp-content\/uploads\/2023\/08\/5238.webp","type":"image\/webp"}],"twitter_card":"summary_large_image","twitter_misc":{"Dur\u00e9e de lecture estim\u00e9e":"1 minute"},"schema":{"@context":"https:\/\/schema.org","@graph":[{"@type":"WebPage","@id":"https:\/\/baya-shop.com\/home\/product\/efalock-professional-brosse-soufflante-et-diffuseur-stylingo-1200-watt\/","url":"https:\/\/baya-shop.com\/home\/product\/efalock-professional-brosse-soufflante-et-diffuseur-stylingo-1200-watt\/","name":"Efalock Brosse Soufflante et Diffuseur Stylingo - Baya Shop","isPartOf":{"@id":"https:\/\/baya-shop.com\/home\/#website"},"primaryImageOfPage":{"@id":"https:\/\/baya-shop.com\/home\/product\/efalock-professional-brosse-soufflante-et-diffuseur-stylingo-1200-watt\/#primaryimage"},"image":{"@id":"https:\/\/baya-shop.com\/home\/product\/efalock-professional-brosse-soufflante-et-diffuseur-stylingo-1200-watt\/#primaryimage"},"thumbnailUrl":"https:\/\/i0.wp.com\/baya-shop.com\/wp-content\/uploads\/2023\/08\/5238.webp?fit=2040%2C2040&ssl=1","datePublished":"2023-08-15T10:44:25+00:00","dateModified":"2024-02-09T14:35:20+00:00","description":"S\u00e9chez en douceur vos cheveux tout en sublimant vos boucles. Autonome, le Diffuseur Ionic se branche directement sur une prise secteur. Il est \u00e0 la fois l\u00e9ger et maniable (plus facile \u00e0 utiliser qu'un s\u00e8che-cheveux avec embout diffuseur). 2 temp\u00e9ratures d'air chaud + air froid. &nbsp; Le diffuseur est l'accessoire incontournable pour s\u00e9cher tout en douceur vos cheveux boucl\u00e9s ou pour booster leur volume. &nbsp; Avec notre Diffuseur Ionic, aucun besoin d'un s\u00e8che-cheveux ! Ce produit est totalement autonome. Il vous suffira de le brancher sur votre prise secteur (220V) pour en profiter. &nbsp; En produisant des ions n\u00e9gatifs, la technologie ionique r\u00e9duit les frisottis et emp\u00eache la formation d'\u00e9lectricit\u00e9 statique. En outre, cette technologie permet de bien refermer les cuticules des cheveux. Avantages : - Technologie Ionique - 2 temp\u00e9ratures (pour la chaleur) - Touche pour envoyer instantan\u00e9ment de l'air froid - Bonne prise en main et maniablit\u00e9 (poids de 415g) - Silencieux - C\u00e2ble de 3 m\u00e8tres &nbsp; A vous les merveilleuses boucles !","breadcrumb":{"@id":"https:\/\/baya-shop.com\/home\/product\/efalock-professional-brosse-soufflante-et-diffuseur-stylingo-1200-watt\/#breadcrumb"},"inLanguage":"fr-FR","potentialAction":[{"@type":"ReadAction","target":["https:\/\/baya-shop.com\/home\/product\/efalock-professional-brosse-soufflante-et-diffuseur-stylingo-1200-watt\/"]}]},{"@type":"ImageObject","inLanguage":"fr-FR","@id":"https:\/\/baya-shop.com\/home\/product\/efalock-professional-brosse-soufflante-et-diffuseur-stylingo-1200-watt\/#primaryimage","url":"https:\/\/i0.wp.com\/baya-shop.com\/wp-content\/uploads\/2023\/08\/5238.webp?fit=2040%2C2040&ssl=1","contentUrl":"https:\/\/i0.wp.com\/baya-shop.com\/wp-content\/uploads\/2023\/08\/5238.webp?fit=2040%2C2040&ssl=1","width":2040,"height":2040},{"@type":"BreadcrumbList","@id":"https:\/\/baya-shop.com\/home\/product\/efalock-professional-brosse-soufflante-et-diffuseur-stylingo-1200-watt\/#breadcrumb","itemListElement":[{"@type":"ListItem","position":1,"name":"Accueil","item":"https:\/\/baya-shop.com\/home\/"},{"@type":"ListItem","position":2,"name":"Shop","item":"https:\/\/baya-shop.com\/home\/shop\/"},{"@type":"ListItem","position":3,"name":"Efalock Brosse Soufflante et Diffuseur Stylingo"}]},{"@type":"WebSite","@id":"https:\/\/baya-shop.com\/home\/#website","url":"https:\/\/baya-shop.com\/home\/","name":"Baya Shop","description":"","publisher":{"@id":"https:\/\/baya-shop.com\/home\/#organization"},"potentialAction":[{"@type":"SearchAction","target":{"@type":"EntryPoint","urlTemplate":"https:\/\/baya-shop.com\/home\/?s={search_term_string}"},"query-input":{"@type":"PropertyValueSpecification","valueRequired":true,"valueName":"search_term_string"}}],"inLanguage":"fr-FR"},{"@type":"Organization","@id":"https:\/\/baya-shop.com\/home\/#organization","name":"Baya Shop","url":"https:\/\/baya-shop.com\/home\/","logo":{"@type":"ImageObject","inLanguage":"fr-FR","@id":"https:\/\/baya-shop.com\/home\/#\/schema\/logo\/image\/","url":"https:\/\/baya-shop.com\/wp-content\/uploads\/2020\/11\/g.png","contentUrl":"https:\/\/baya-shop.com\/wp-content\/uploads\/2020\/11\/g.png","width":64,"height":64,"caption":"Baya Shop"},"image":{"@id":"https:\/\/baya-shop.com\/home\/#\/schema\/logo\/image\/"},"sameAs":["https:\/\/www.facebook.com\/Baya-Shop-103955257949742","https:\/\/www.instagram.com\/baya_shop_dz\/"]}]}},"jetpack_publicize_connections":[],"jetpack_sharing_enabled":true,"jetpack_likes_enabled":true,"jetpack-related-posts":[],"_links":{"self":[{"href":"https:\/\/baya-shop.com\/home\/wp-json\/wp\/v2\/product\/2416","targetHints":{"allow":["GET"]}}],"collection":[{"href":"https:\/\/baya-shop.com\/home\/wp-json\/wp\/v2\/product"}],"about":[{"href":"https:\/\/baya-shop.com\/home\/wp-json\/wp\/v2\/types\/product"}],"replies":[{"embeddable":true,"href":"https:\/\/baya-shop.com\/home\/wp-json\/wp\/v2\/comments?post=2416"}],"wp:featuredmedia":[{"embeddable":true,"href":"https:\/\/baya-shop.com\/home\/wp-json\/wp\/v2\/media\/3535"}],"wp:attachment":[{"href":"https:\/\/baya-shop.com\/home\/wp-json\/wp\/v2\/media?parent=2416"}],"wp:term":[{"taxonomy":"product_brand","embeddable":true,"href":"https:\/\/baya-shop.com\/home\/wp-json\/wp\/v2\/product_brand?post=2416"},{"taxonomy":"product_cat","embeddable":true,"href":"https:\/\/baya-shop.com\/home\/wp-json\/wp\/v2\/product_cat?post=2416"},{"taxonomy":"product_tag","embeddable":true,"href":"https:\/\/baya-shop.com\/home\/wp-json\/wp\/v2\/product_tag?post=2416"}],"curies":[{"name":"wp","href":"https:\/\/api.w.org\/{rel}","templated":true}]}}