{"id":2404,"date":"2023-08-14T13:39:59","date_gmt":"2023-08-14T12:39:59","guid":{"rendered":"https:\/\/baya-shop.com\/home\/?post_type=product&#038;p=2404"},"modified":"2024-02-09T15:35:37","modified_gmt":"2024-02-09T14:35:37","slug":"braun-rasoir-homme-cruzer6-face-sans-fil","status":"publish","type":"product","link":"https:\/\/baya-shop.com\/home\/product\/braun-rasoir-homme-cruzer6-face-sans-fil\/","title":{"rendered":"Braun Rasoir CruZer6 Face Sans Fil"},"content":{"rendered":"","protected":false},"excerpt":{"rendered":"<p><span class=\"ed__m-pls-mns__p-t is--in-datasheet \">POINTS FORTS<\/span><\/p>\n<ul class=\"is--plus\">\n<li>Prise en main et ergonomie agr\u00e9ables.<\/li>\n<li>Qualit\u00e9 du rasage et de la tonte.<\/li>\n<li>Appareil \u00e9tanche.<\/li>\n<li>Tondeuse rotative avec deux largeurs de lames<\/li>\n<li><span class=\"ed__bdy__l\">T\u00eate pivotante<\/span><\/li>\n<li>La tondeuse du cruZer6 face est rotative.<\/li>\n<li>Cela permet quelques audaces pour peaufiner le dessin de sa barbe o\u00f9 r\u00e9aliser des finitions pr\u00e9cises autour de la moustache, par exemple.<\/li>\n<li>Bonus : deux largeurs de lames sont disponibles ; la premi\u00e8re (plate) mesure 28 mm, tandis que la seconde (arrondie) mesure 15 mm.<\/li>\n<\/ul>\n","protected":false},"featured_media":3503,"comment_status":"open","ping_status":"closed","template":"","meta":{"jetpack_post_was_ever_published":false,"jetpack_publicize_message":"","jetpack_publicize_feature_enabled":true,"jetpack_social_post_already_shared":false,"jetpack_social_options":{"image_generator_settings":{"template":"highway","default_image_id":0,"font":"","enabled":false},"version":2}},"product_brand":[],"product_cat":[61,54],"product_tag":[],"class_list":{"0":"post-2404","1":"product","2":"type-product","3":"status-publish","4":"has-post-thumbnail","6":"product_cat-braun","7":"product_cat-rasoir","9":"first","10":"instock","11":"shipping-taxable","12":"purchasable","13":"product-type-simple"},"yoast_head":"<!-- This site is optimized with the Yoast SEO plugin v27.4 - https:\/\/yoast.com\/product\/yoast-seo-wordpress\/ -->\n<title>Braun Rasoir CruZer6 Face Sans Fil - Baya Shop<\/title>\n<meta name=\"description\" content=\"POINTS FORTS   Prise en main et ergonomie agr\u00e9ables.  Qualit\u00e9 du rasage et de la tonte.  Appareil \u00e9tanche.  Tondeuse rotative avec deux largeurs de lames  T\u00eate pivotante  La tondeuse du cruZer6 face est rotative.  Cela permet quelques audaces pour peaufiner le dessin de sa barbe o\u00f9 r\u00e9aliser des finitions pr\u00e9cises autour de la moustache, par exemple.  Bonus : deux largeurs de lames sont disponibles ; la premi\u00e8re (plate) mesure 28 mm, tandis que la seconde (arrondie) mesure 15 mm.\" \/>\n<meta name=\"robots\" content=\"index, follow, max-snippet:-1, max-image-preview:large, max-video-preview:-1\" \/>\n<link rel=\"canonical\" href=\"https:\/\/baya-shop.com\/home\/product\/braun-rasoir-homme-cruzer6-face-sans-fil\/\" \/>\n<meta property=\"og:locale\" content=\"fr_FR\" \/>\n<meta property=\"og:type\" content=\"article\" \/>\n<meta property=\"og:title\" content=\"Braun Rasoir CruZer6 Face Sans Fil - Baya Shop\" \/>\n<meta property=\"og:description\" content=\"POINTS FORTS   Prise en main et ergonomie agr\u00e9ables.  Qualit\u00e9 du rasage et de la tonte.  Appareil \u00e9tanche.  Tondeuse rotative avec deux largeurs de lames  T\u00eate pivotante  La tondeuse du cruZer6 face est rotative.  Cela permet quelques audaces pour peaufiner le dessin de sa barbe o\u00f9 r\u00e9aliser des finitions pr\u00e9cises autour de la moustache, par exemple.  Bonus : deux largeurs de lames sont disponibles ; la premi\u00e8re (plate) mesure 28 mm, tandis que la seconde (arrondie) mesure 15 mm.\" \/>\n<meta property=\"og:url\" content=\"https:\/\/baya-shop.com\/home\/product\/braun-rasoir-homme-cruzer6-face-sans-fil\/\" \/>\n<meta property=\"og:site_name\" content=\"Baya Shop\" \/>\n<meta property=\"article:publisher\" content=\"https:\/\/www.facebook.com\/Baya-Shop-103955257949742\" \/>\n<meta property=\"article:modified_time\" content=\"2024-02-09T14:35:37+00:00\" \/>\n<meta property=\"og:image\" content=\"https:\/\/baya-shop.com\/wp-content\/uploads\/2023\/08\/braun-cruzer-6-1.webp\" \/>\n\t<meta property=\"og:image:width\" content=\"606\" \/>\n\t<meta property=\"og:image:height\" content=\"495\" \/>\n\t<meta property=\"og:image:type\" content=\"image\/webp\" \/>\n<meta name=\"twitter:card\" content=\"summary_large_image\" \/>\n<meta name=\"twitter:label1\" content=\"Dur\u00e9e de lecture estim\u00e9e\" \/>\n\t<meta name=\"twitter:data1\" content=\"1 minute\" \/>\n<script type=\"application\/ld+json\" class=\"yoast-schema-graph\">{\"@context\":\"https:\\\/\\\/schema.org\",\"@graph\":[{\"@type\":\"WebPage\",\"@id\":\"https:\\\/\\\/baya-shop.com\\\/home\\\/product\\\/braun-rasoir-homme-cruzer6-face-sans-fil\\\/\",\"url\":\"https:\\\/\\\/baya-shop.com\\\/home\\\/product\\\/braun-rasoir-homme-cruzer6-face-sans-fil\\\/\",\"name\":\"Braun Rasoir CruZer6 Face Sans Fil - Baya Shop\",\"isPartOf\":{\"@id\":\"https:\\\/\\\/baya-shop.com\\\/home\\\/#website\"},\"primaryImageOfPage\":{\"@id\":\"https:\\\/\\\/baya-shop.com\\\/home\\\/product\\\/braun-rasoir-homme-cruzer6-face-sans-fil\\\/#primaryimage\"},\"image\":{\"@id\":\"https:\\\/\\\/baya-shop.com\\\/home\\\/product\\\/braun-rasoir-homme-cruzer6-face-sans-fil\\\/#primaryimage\"},\"thumbnailUrl\":\"https:\\\/\\\/i0.wp.com\\\/baya-shop.com\\\/wp-content\\\/uploads\\\/2023\\\/08\\\/braun-cruzer-6-1.webp?fit=606%2C495&ssl=1\",\"datePublished\":\"2023-08-14T12:39:59+00:00\",\"dateModified\":\"2024-02-09T14:35:37+00:00\",\"description\":\"POINTS FORTS Prise en main et ergonomie agr\u00e9ables. Qualit\u00e9 du rasage et de la tonte. Appareil \u00e9tanche. Tondeuse rotative avec deux largeurs de lames T\u00eate pivotante La tondeuse du cruZer6 face est rotative. Cela permet quelques audaces pour peaufiner le dessin de sa barbe o\u00f9 r\u00e9aliser des finitions pr\u00e9cises autour de la moustache, par exemple. Bonus : deux largeurs de lames sont disponibles ; la premi\u00e8re (plate) mesure 28 mm, tandis que la seconde (arrondie) mesure 15 mm.\",\"breadcrumb\":{\"@id\":\"https:\\\/\\\/baya-shop.com\\\/home\\\/product\\\/braun-rasoir-homme-cruzer6-face-sans-fil\\\/#breadcrumb\"},\"inLanguage\":\"fr-FR\",\"potentialAction\":[{\"@type\":\"ReadAction\",\"target\":[\"https:\\\/\\\/baya-shop.com\\\/home\\\/product\\\/braun-rasoir-homme-cruzer6-face-sans-fil\\\/\"]}]},{\"@type\":\"ImageObject\",\"inLanguage\":\"fr-FR\",\"@id\":\"https:\\\/\\\/baya-shop.com\\\/home\\\/product\\\/braun-rasoir-homme-cruzer6-face-sans-fil\\\/#primaryimage\",\"url\":\"https:\\\/\\\/i0.wp.com\\\/baya-shop.com\\\/wp-content\\\/uploads\\\/2023\\\/08\\\/braun-cruzer-6-1.webp?fit=606%2C495&ssl=1\",\"contentUrl\":\"https:\\\/\\\/i0.wp.com\\\/baya-shop.com\\\/wp-content\\\/uploads\\\/2023\\\/08\\\/braun-cruzer-6-1.webp?fit=606%2C495&ssl=1\",\"width\":606,\"height\":495},{\"@type\":\"BreadcrumbList\",\"@id\":\"https:\\\/\\\/baya-shop.com\\\/home\\\/product\\\/braun-rasoir-homme-cruzer6-face-sans-fil\\\/#breadcrumb\",\"itemListElement\":[{\"@type\":\"ListItem\",\"position\":1,\"name\":\"Accueil\",\"item\":\"https:\\\/\\\/baya-shop.com\\\/home\\\/\"},{\"@type\":\"ListItem\",\"position\":2,\"name\":\"Shop\",\"item\":\"https:\\\/\\\/baya-shop.com\\\/home\\\/shop\\\/\"},{\"@type\":\"ListItem\",\"position\":3,\"name\":\"Braun Rasoir CruZer6 Face Sans Fil\"}]},{\"@type\":\"WebSite\",\"@id\":\"https:\\\/\\\/baya-shop.com\\\/home\\\/#website\",\"url\":\"https:\\\/\\\/baya-shop.com\\\/home\\\/\",\"name\":\"Baya Shop\",\"description\":\"\",\"publisher\":{\"@id\":\"https:\\\/\\\/baya-shop.com\\\/home\\\/#organization\"},\"potentialAction\":[{\"@type\":\"SearchAction\",\"target\":{\"@type\":\"EntryPoint\",\"urlTemplate\":\"https:\\\/\\\/baya-shop.com\\\/home\\\/?s={search_term_string}\"},\"query-input\":{\"@type\":\"PropertyValueSpecification\",\"valueRequired\":true,\"valueName\":\"search_term_string\"}}],\"inLanguage\":\"fr-FR\"},{\"@type\":\"Organization\",\"@id\":\"https:\\\/\\\/baya-shop.com\\\/home\\\/#organization\",\"name\":\"Baya Shop\",\"url\":\"https:\\\/\\\/baya-shop.com\\\/home\\\/\",\"logo\":{\"@type\":\"ImageObject\",\"inLanguage\":\"fr-FR\",\"@id\":\"https:\\\/\\\/baya-shop.com\\\/home\\\/#\\\/schema\\\/logo\\\/image\\\/\",\"url\":\"https:\\\/\\\/baya-shop.com\\\/wp-content\\\/uploads\\\/2020\\\/11\\\/g.png\",\"contentUrl\":\"https:\\\/\\\/baya-shop.com\\\/wp-content\\\/uploads\\\/2020\\\/11\\\/g.png\",\"width\":64,\"height\":64,\"caption\":\"Baya Shop\"},\"image\":{\"@id\":\"https:\\\/\\\/baya-shop.com\\\/home\\\/#\\\/schema\\\/logo\\\/image\\\/\"},\"sameAs\":[\"https:\\\/\\\/www.facebook.com\\\/Baya-Shop-103955257949742\",\"https:\\\/\\\/www.instagram.com\\\/baya_shop_dz\\\/\"]}]}<\/script>\n<!-- \/ Yoast SEO plugin. -->","yoast_head_json":{"title":"Braun Rasoir CruZer6 Face Sans Fil - Baya Shop","description":"POINTS FORTS   Prise en main et ergonomie agr\u00e9ables.  Qualit\u00e9 du rasage et de la tonte.  Appareil \u00e9tanche.  Tondeuse rotative avec deux largeurs de lames  T\u00eate pivotante  La tondeuse du cruZer6 face est rotative.  Cela permet quelques audaces pour peaufiner le dessin de sa barbe o\u00f9 r\u00e9aliser des finitions pr\u00e9cises autour de la moustache, par exemple.  Bonus : deux largeurs de lames sont disponibles ; la premi\u00e8re (plate) mesure 28 mm, tandis que la seconde (arrondie) mesure 15 mm.","robots":{"index":"index","follow":"follow","max-snippet":"max-snippet:-1","max-image-preview":"max-image-preview:large","max-video-preview":"max-video-preview:-1"},"canonical":"https:\/\/baya-shop.com\/home\/product\/braun-rasoir-homme-cruzer6-face-sans-fil\/","og_locale":"fr_FR","og_type":"article","og_title":"Braun Rasoir CruZer6 Face Sans Fil - Baya Shop","og_description":"POINTS FORTS   Prise en main et ergonomie agr\u00e9ables.  Qualit\u00e9 du rasage et de la tonte.  Appareil \u00e9tanche.  Tondeuse rotative avec deux largeurs de lames  T\u00eate pivotante  La tondeuse du cruZer6 face est rotative.  Cela permet quelques audaces pour peaufiner le dessin de sa barbe o\u00f9 r\u00e9aliser des finitions pr\u00e9cises autour de la moustache, par exemple.  Bonus : deux largeurs de lames sont disponibles ; la premi\u00e8re (plate) mesure 28 mm, tandis que la seconde (arrondie) mesure 15 mm.","og_url":"https:\/\/baya-shop.com\/home\/product\/braun-rasoir-homme-cruzer6-face-sans-fil\/","og_site_name":"Baya Shop","article_publisher":"https:\/\/www.facebook.com\/Baya-Shop-103955257949742","article_modified_time":"2024-02-09T14:35:37+00:00","og_image":[{"width":606,"height":495,"url":"https:\/\/baya-shop.com\/wp-content\/uploads\/2023\/08\/braun-cruzer-6-1.webp","type":"image\/webp"}],"twitter_card":"summary_large_image","twitter_misc":{"Dur\u00e9e de lecture estim\u00e9e":"1 minute"},"schema":{"@context":"https:\/\/schema.org","@graph":[{"@type":"WebPage","@id":"https:\/\/baya-shop.com\/home\/product\/braun-rasoir-homme-cruzer6-face-sans-fil\/","url":"https:\/\/baya-shop.com\/home\/product\/braun-rasoir-homme-cruzer6-face-sans-fil\/","name":"Braun Rasoir CruZer6 Face Sans Fil - Baya Shop","isPartOf":{"@id":"https:\/\/baya-shop.com\/home\/#website"},"primaryImageOfPage":{"@id":"https:\/\/baya-shop.com\/home\/product\/braun-rasoir-homme-cruzer6-face-sans-fil\/#primaryimage"},"image":{"@id":"https:\/\/baya-shop.com\/home\/product\/braun-rasoir-homme-cruzer6-face-sans-fil\/#primaryimage"},"thumbnailUrl":"https:\/\/i0.wp.com\/baya-shop.com\/wp-content\/uploads\/2023\/08\/braun-cruzer-6-1.webp?fit=606%2C495&ssl=1","datePublished":"2023-08-14T12:39:59+00:00","dateModified":"2024-02-09T14:35:37+00:00","description":"POINTS FORTS Prise en main et ergonomie agr\u00e9ables. Qualit\u00e9 du rasage et de la tonte. Appareil \u00e9tanche. Tondeuse rotative avec deux largeurs de lames T\u00eate pivotante La tondeuse du cruZer6 face est rotative. Cela permet quelques audaces pour peaufiner le dessin de sa barbe o\u00f9 r\u00e9aliser des finitions pr\u00e9cises autour de la moustache, par exemple. Bonus : deux largeurs de lames sont disponibles ; la premi\u00e8re (plate) mesure 28 mm, tandis que la seconde (arrondie) mesure 15 mm.","breadcrumb":{"@id":"https:\/\/baya-shop.com\/home\/product\/braun-rasoir-homme-cruzer6-face-sans-fil\/#breadcrumb"},"inLanguage":"fr-FR","potentialAction":[{"@type":"ReadAction","target":["https:\/\/baya-shop.com\/home\/product\/braun-rasoir-homme-cruzer6-face-sans-fil\/"]}]},{"@type":"ImageObject","inLanguage":"fr-FR","@id":"https:\/\/baya-shop.com\/home\/product\/braun-rasoir-homme-cruzer6-face-sans-fil\/#primaryimage","url":"https:\/\/i0.wp.com\/baya-shop.com\/wp-content\/uploads\/2023\/08\/braun-cruzer-6-1.webp?fit=606%2C495&ssl=1","contentUrl":"https:\/\/i0.wp.com\/baya-shop.com\/wp-content\/uploads\/2023\/08\/braun-cruzer-6-1.webp?fit=606%2C495&ssl=1","width":606,"height":495},{"@type":"BreadcrumbList","@id":"https:\/\/baya-shop.com\/home\/product\/braun-rasoir-homme-cruzer6-face-sans-fil\/#breadcrumb","itemListElement":[{"@type":"ListItem","position":1,"name":"Accueil","item":"https:\/\/baya-shop.com\/home\/"},{"@type":"ListItem","position":2,"name":"Shop","item":"https:\/\/baya-shop.com\/home\/shop\/"},{"@type":"ListItem","position":3,"name":"Braun Rasoir CruZer6 Face Sans Fil"}]},{"@type":"WebSite","@id":"https:\/\/baya-shop.com\/home\/#website","url":"https:\/\/baya-shop.com\/home\/","name":"Baya Shop","description":"","publisher":{"@id":"https:\/\/baya-shop.com\/home\/#organization"},"potentialAction":[{"@type":"SearchAction","target":{"@type":"EntryPoint","urlTemplate":"https:\/\/baya-shop.com\/home\/?s={search_term_string}"},"query-input":{"@type":"PropertyValueSpecification","valueRequired":true,"valueName":"search_term_string"}}],"inLanguage":"fr-FR"},{"@type":"Organization","@id":"https:\/\/baya-shop.com\/home\/#organization","name":"Baya Shop","url":"https:\/\/baya-shop.com\/home\/","logo":{"@type":"ImageObject","inLanguage":"fr-FR","@id":"https:\/\/baya-shop.com\/home\/#\/schema\/logo\/image\/","url":"https:\/\/baya-shop.com\/wp-content\/uploads\/2020\/11\/g.png","contentUrl":"https:\/\/baya-shop.com\/wp-content\/uploads\/2020\/11\/g.png","width":64,"height":64,"caption":"Baya Shop"},"image":{"@id":"https:\/\/baya-shop.com\/home\/#\/schema\/logo\/image\/"},"sameAs":["https:\/\/www.facebook.com\/Baya-Shop-103955257949742","https:\/\/www.instagram.com\/baya_shop_dz\/"]}]}},"jetpack_publicize_connections":[],"jetpack_sharing_enabled":true,"jetpack_likes_enabled":true,"jetpack-related-posts":[],"_links":{"self":[{"href":"https:\/\/baya-shop.com\/home\/wp-json\/wp\/v2\/product\/2404","targetHints":{"allow":["GET"]}}],"collection":[{"href":"https:\/\/baya-shop.com\/home\/wp-json\/wp\/v2\/product"}],"about":[{"href":"https:\/\/baya-shop.com\/home\/wp-json\/wp\/v2\/types\/product"}],"replies":[{"embeddable":true,"href":"https:\/\/baya-shop.com\/home\/wp-json\/wp\/v2\/comments?post=2404"}],"wp:featuredmedia":[{"embeddable":true,"href":"https:\/\/baya-shop.com\/home\/wp-json\/wp\/v2\/media\/3503"}],"wp:attachment":[{"href":"https:\/\/baya-shop.com\/home\/wp-json\/wp\/v2\/media?parent=2404"}],"wp:term":[{"taxonomy":"product_brand","embeddable":true,"href":"https:\/\/baya-shop.com\/home\/wp-json\/wp\/v2\/product_brand?post=2404"},{"taxonomy":"product_cat","embeddable":true,"href":"https:\/\/baya-shop.com\/home\/wp-json\/wp\/v2\/product_cat?post=2404"},{"taxonomy":"product_tag","embeddable":true,"href":"https:\/\/baya-shop.com\/home\/wp-json\/wp\/v2\/product_tag?post=2404"}],"curies":[{"name":"wp","href":"https:\/\/api.w.org\/{rel}","templated":true}]}}