{"id":2335,"date":"2023-08-13T15:15:31","date_gmt":"2023-08-13T14:15:31","guid":{"rendered":"https:\/\/baya-shop.com\/home\/?post_type=product&#038;p=2335"},"modified":"2024-02-09T15:38:03","modified_gmt":"2024-02-09T14:38:03","slug":"remington-lisseur-boucleur-airplates-ceramic-black-titanium-s7412","status":"publish","type":"product","link":"https:\/\/baya-shop.com\/home\/product\/remington-lisseur-boucleur-airplates-ceramic-black-titanium-s7412\/","title":{"rendered":"Remington Lisseur AirPlates S7412"},"content":{"rendered":"","protected":false},"excerpt":{"rendered":"<div id=\"featurebullets_feature_div\" class=\"celwidget\" data-feature-name=\"featurebullets\" data-csa-c-type=\"widget\" data-csa-c-content-id=\"featurebullets\" data-csa-c-slot-id=\"featurebullets_feature_div\" data-csa-c-asin=\"B01N5V716A\" data-csa-c-is-in-initial-active-row=\"false\" data-csa-c-id=\"7nscf0-eqgbvf-9kdiat-xvc0ka\" data-cel-widget=\"featurebullets_feature_div\">\n<div id=\"feature-bullets\" class=\"a-section a-spacing-medium a-spacing-top-small\">\n<ul class=\"a-unordered-list a-vertical a-spacing-mini\">\n<li class=\"a-spacing-mini\"><span class=\"a-list-item\">Technologie de plaques suspendues\u00a0<\/span><\/li>\n<li class=\"a-spacing-mini\"><span class=\"a-list-item\">Un contact maximum pour plus d\u2019efficacit\u00e9 et de rapidit\u00e9. <\/span><\/li>\n<li class=\"a-spacing-mini\"><span class=\"a-list-item\">Plaques longues 100mm. Technologie Cool touch.<\/span><\/li>\n<li class=\"a-spacing-mini\"><span class=\"a-list-item\">Rev\u00eatement Black Titanium Ceramic\u00a0<\/span><\/li>\n<li class=\"a-spacing-mini\"><span class=\"a-list-item\">10X plus de c\u00e9ramique, une glisse 2X plus douce, un r\u00e9sultat qui dure 3X plus longtemps.<\/span><\/li>\n<li class=\"a-spacing-mini\"><span class=\"a-list-item\">Design arrondi pour un lissage en mouvement ou pour dessiner des boucles et ondulations.<\/span><\/li>\n<li class=\"a-spacing-mini\"><span class=\"a-list-item\">Mise \u00e0 temp\u00e9rature : 15 secondes. <\/span><\/li>\n<li class=\"a-spacing-mini\"><span class=\"a-list-item\">Cinq niveaux de temp\u00e9rature 150-230\u00b0C. <\/span><\/li>\n<li class=\"a-spacing-mini\"><span class=\"a-list-item\">Indicateur de niveau de temp\u00e9rature LED.<\/span><\/li>\n<li class=\"a-spacing-mini\"><span class=\"a-list-item\">Verrouillage de la temp\u00e9rature,<\/span><\/li>\n<li class=\"a-spacing-mini\"><span class=\"a-list-item\">Arr\u00eat automatique de s\u00e9curit\u00e9, <\/span><\/li>\n<li class=\"a-spacing-mini\"><span class=\"a-list-item\">Embout de protection thermor\u00e9sistant. <\/span><\/li>\n<li class=\"a-spacing-mini\"><span class=\"a-list-item\">1 Pochette de rangement.<\/span><\/li>\n<\/ul>\n<\/div>\n<\/div>\n","protected":false},"featured_media":3440,"comment_status":"open","ping_status":"closed","template":"","meta":{"jetpack_post_was_ever_published":false,"jetpack_publicize_message":"","jetpack_publicize_feature_enabled":true,"jetpack_social_post_already_shared":false,"jetpack_social_options":{"image_generator_settings":{"template":"highway","default_image_id":0,"font":"","enabled":false},"version":2}},"product_brand":[],"product_cat":[18,47],"product_tag":[],"class_list":{"0":"post-2335","1":"product","2":"type-product","3":"status-publish","4":"has-post-thumbnail","6":"product_cat-lisseur","7":"product_cat-remington","9":"first","10":"instock","11":"shipping-taxable","12":"purchasable","13":"product-type-simple"},"yoast_head":"<!-- This site is optimized with the Yoast SEO plugin v27.4 - https:\/\/yoast.com\/product\/yoast-seo-wordpress\/ -->\n<title>Remington Lisseur AirPlates S7412 - Baya Shop<\/title>\n<meta name=\"description\" content=\"Technologie de plaques suspendues\u00a0  Un contact maximum pour plus d\u2019efficacit\u00e9 et de rapidit\u00e9.   Plaques longues 100mm. Technologie Cool touch.  Rev\u00eatement Black Titanium Ceramic\u00a0  10X plus de c\u00e9ramique, une glisse 2X plus douce, un r\u00e9sultat qui dure 3X plus longtemps.  Design arrondi pour un lissage en mouvement ou pour dessiner des boucles et ondulations.  Mise \u00e0 temp\u00e9rature : 15 secondes.   Cinq niveaux de temp\u00e9rature 150-230\u00b0C.   Indicateur de niveau de temp\u00e9rature LED.  Verrouillage de la temp\u00e9rature,  Arr\u00eat automatique de s\u00e9curit\u00e9,   Embout de protection thermor\u00e9sistant.   1 Pochette de rangement.\" \/>\n<meta name=\"robots\" content=\"index, follow, max-snippet:-1, max-image-preview:large, max-video-preview:-1\" \/>\n<link rel=\"canonical\" href=\"https:\/\/baya-shop.com\/home\/product\/remington-lisseur-boucleur-airplates-ceramic-black-titanium-s7412\/\" \/>\n<meta property=\"og:locale\" content=\"fr_FR\" \/>\n<meta property=\"og:type\" content=\"article\" \/>\n<meta property=\"og:title\" content=\"Remington Lisseur AirPlates S7412 - Baya Shop\" \/>\n<meta property=\"og:description\" content=\"Technologie de plaques suspendues\u00a0  Un contact maximum pour plus d\u2019efficacit\u00e9 et de rapidit\u00e9.   Plaques longues 100mm. Technologie Cool touch.  Rev\u00eatement Black Titanium Ceramic\u00a0  10X plus de c\u00e9ramique, une glisse 2X plus douce, un r\u00e9sultat qui dure 3X plus longtemps.  Design arrondi pour un lissage en mouvement ou pour dessiner des boucles et ondulations.  Mise \u00e0 temp\u00e9rature : 15 secondes.   Cinq niveaux de temp\u00e9rature 150-230\u00b0C.   Indicateur de niveau de temp\u00e9rature LED.  Verrouillage de la temp\u00e9rature,  Arr\u00eat automatique de s\u00e9curit\u00e9,   Embout de protection thermor\u00e9sistant.   1 Pochette de rangement.\" \/>\n<meta property=\"og:url\" content=\"https:\/\/baya-shop.com\/home\/product\/remington-lisseur-boucleur-airplates-ceramic-black-titanium-s7412\/\" \/>\n<meta property=\"og:site_name\" content=\"Baya Shop\" \/>\n<meta property=\"article:publisher\" content=\"https:\/\/www.facebook.com\/Baya-Shop-103955257949742\" \/>\n<meta property=\"article:modified_time\" content=\"2024-02-09T14:38:03+00:00\" \/>\n<meta property=\"og:image\" content=\"https:\/\/baya-shop.com\/wp-content\/uploads\/2023\/08\/s__s_7_s7412.jpg\" \/>\n\t<meta property=\"og:image:width\" content=\"700\" \/>\n\t<meta property=\"og:image:height\" content=\"700\" \/>\n\t<meta property=\"og:image:type\" content=\"image\/jpeg\" \/>\n<meta name=\"twitter:card\" content=\"summary_large_image\" \/>\n<meta name=\"twitter:label1\" content=\"Dur\u00e9e de lecture estim\u00e9e\" \/>\n\t<meta name=\"twitter:data1\" content=\"1 minute\" \/>\n<script type=\"application\/ld+json\" class=\"yoast-schema-graph\">{\"@context\":\"https:\\\/\\\/schema.org\",\"@graph\":[{\"@type\":\"WebPage\",\"@id\":\"https:\\\/\\\/baya-shop.com\\\/home\\\/product\\\/remington-lisseur-boucleur-airplates-ceramic-black-titanium-s7412\\\/\",\"url\":\"https:\\\/\\\/baya-shop.com\\\/home\\\/product\\\/remington-lisseur-boucleur-airplates-ceramic-black-titanium-s7412\\\/\",\"name\":\"Remington Lisseur AirPlates S7412 - Baya Shop\",\"isPartOf\":{\"@id\":\"https:\\\/\\\/baya-shop.com\\\/home\\\/#website\"},\"primaryImageOfPage\":{\"@id\":\"https:\\\/\\\/baya-shop.com\\\/home\\\/product\\\/remington-lisseur-boucleur-airplates-ceramic-black-titanium-s7412\\\/#primaryimage\"},\"image\":{\"@id\":\"https:\\\/\\\/baya-shop.com\\\/home\\\/product\\\/remington-lisseur-boucleur-airplates-ceramic-black-titanium-s7412\\\/#primaryimage\"},\"thumbnailUrl\":\"https:\\\/\\\/i0.wp.com\\\/baya-shop.com\\\/wp-content\\\/uploads\\\/2023\\\/08\\\/s__s_7_s7412.jpg?fit=700%2C700&ssl=1\",\"datePublished\":\"2023-08-13T14:15:31+00:00\",\"dateModified\":\"2024-02-09T14:38:03+00:00\",\"description\":\"Technologie de plaques suspendues\u00a0 Un contact maximum pour plus d\u2019efficacit\u00e9 et de rapidit\u00e9. Plaques longues 100mm. Technologie Cool touch. Rev\u00eatement Black Titanium Ceramic\u00a0 10X plus de c\u00e9ramique, une glisse 2X plus douce, un r\u00e9sultat qui dure 3X plus longtemps. Design arrondi pour un lissage en mouvement ou pour dessiner des boucles et ondulations. Mise \u00e0 temp\u00e9rature : 15 secondes. Cinq niveaux de temp\u00e9rature 150-230\u00b0C. Indicateur de niveau de temp\u00e9rature LED. Verrouillage de la temp\u00e9rature, Arr\u00eat automatique de s\u00e9curit\u00e9, Embout de protection thermor\u00e9sistant. 1 Pochette de rangement.\",\"breadcrumb\":{\"@id\":\"https:\\\/\\\/baya-shop.com\\\/home\\\/product\\\/remington-lisseur-boucleur-airplates-ceramic-black-titanium-s7412\\\/#breadcrumb\"},\"inLanguage\":\"fr-FR\",\"potentialAction\":[{\"@type\":\"ReadAction\",\"target\":[\"https:\\\/\\\/baya-shop.com\\\/home\\\/product\\\/remington-lisseur-boucleur-airplates-ceramic-black-titanium-s7412\\\/\"]}]},{\"@type\":\"ImageObject\",\"inLanguage\":\"fr-FR\",\"@id\":\"https:\\\/\\\/baya-shop.com\\\/home\\\/product\\\/remington-lisseur-boucleur-airplates-ceramic-black-titanium-s7412\\\/#primaryimage\",\"url\":\"https:\\\/\\\/i0.wp.com\\\/baya-shop.com\\\/wp-content\\\/uploads\\\/2023\\\/08\\\/s__s_7_s7412.jpg?fit=700%2C700&ssl=1\",\"contentUrl\":\"https:\\\/\\\/i0.wp.com\\\/baya-shop.com\\\/wp-content\\\/uploads\\\/2023\\\/08\\\/s__s_7_s7412.jpg?fit=700%2C700&ssl=1\",\"width\":700,\"height\":700},{\"@type\":\"BreadcrumbList\",\"@id\":\"https:\\\/\\\/baya-shop.com\\\/home\\\/product\\\/remington-lisseur-boucleur-airplates-ceramic-black-titanium-s7412\\\/#breadcrumb\",\"itemListElement\":[{\"@type\":\"ListItem\",\"position\":1,\"name\":\"Accueil\",\"item\":\"https:\\\/\\\/baya-shop.com\\\/home\\\/\"},{\"@type\":\"ListItem\",\"position\":2,\"name\":\"Shop\",\"item\":\"https:\\\/\\\/baya-shop.com\\\/home\\\/shop\\\/\"},{\"@type\":\"ListItem\",\"position\":3,\"name\":\"Remington Lisseur AirPlates S7412\"}]},{\"@type\":\"WebSite\",\"@id\":\"https:\\\/\\\/baya-shop.com\\\/home\\\/#website\",\"url\":\"https:\\\/\\\/baya-shop.com\\\/home\\\/\",\"name\":\"Baya Shop\",\"description\":\"\",\"publisher\":{\"@id\":\"https:\\\/\\\/baya-shop.com\\\/home\\\/#organization\"},\"potentialAction\":[{\"@type\":\"SearchAction\",\"target\":{\"@type\":\"EntryPoint\",\"urlTemplate\":\"https:\\\/\\\/baya-shop.com\\\/home\\\/?s={search_term_string}\"},\"query-input\":{\"@type\":\"PropertyValueSpecification\",\"valueRequired\":true,\"valueName\":\"search_term_string\"}}],\"inLanguage\":\"fr-FR\"},{\"@type\":\"Organization\",\"@id\":\"https:\\\/\\\/baya-shop.com\\\/home\\\/#organization\",\"name\":\"Baya Shop\",\"url\":\"https:\\\/\\\/baya-shop.com\\\/home\\\/\",\"logo\":{\"@type\":\"ImageObject\",\"inLanguage\":\"fr-FR\",\"@id\":\"https:\\\/\\\/baya-shop.com\\\/home\\\/#\\\/schema\\\/logo\\\/image\\\/\",\"url\":\"https:\\\/\\\/baya-shop.com\\\/wp-content\\\/uploads\\\/2020\\\/11\\\/g.png\",\"contentUrl\":\"https:\\\/\\\/baya-shop.com\\\/wp-content\\\/uploads\\\/2020\\\/11\\\/g.png\",\"width\":64,\"height\":64,\"caption\":\"Baya Shop\"},\"image\":{\"@id\":\"https:\\\/\\\/baya-shop.com\\\/home\\\/#\\\/schema\\\/logo\\\/image\\\/\"},\"sameAs\":[\"https:\\\/\\\/www.facebook.com\\\/Baya-Shop-103955257949742\",\"https:\\\/\\\/www.instagram.com\\\/baya_shop_dz\\\/\"]}]}<\/script>\n<!-- \/ Yoast SEO plugin. -->","yoast_head_json":{"title":"Remington Lisseur AirPlates S7412 - Baya Shop","description":"Technologie de plaques suspendues\u00a0  Un contact maximum pour plus d\u2019efficacit\u00e9 et de rapidit\u00e9.   Plaques longues 100mm. Technologie Cool touch.  Rev\u00eatement Black Titanium Ceramic\u00a0  10X plus de c\u00e9ramique, une glisse 2X plus douce, un r\u00e9sultat qui dure 3X plus longtemps.  Design arrondi pour un lissage en mouvement ou pour dessiner des boucles et ondulations.  Mise \u00e0 temp\u00e9rature : 15 secondes.   Cinq niveaux de temp\u00e9rature 150-230\u00b0C.   Indicateur de niveau de temp\u00e9rature LED.  Verrouillage de la temp\u00e9rature,  Arr\u00eat automatique de s\u00e9curit\u00e9,   Embout de protection thermor\u00e9sistant.   1 Pochette de rangement.","robots":{"index":"index","follow":"follow","max-snippet":"max-snippet:-1","max-image-preview":"max-image-preview:large","max-video-preview":"max-video-preview:-1"},"canonical":"https:\/\/baya-shop.com\/home\/product\/remington-lisseur-boucleur-airplates-ceramic-black-titanium-s7412\/","og_locale":"fr_FR","og_type":"article","og_title":"Remington Lisseur AirPlates S7412 - Baya Shop","og_description":"Technologie de plaques suspendues\u00a0  Un contact maximum pour plus d\u2019efficacit\u00e9 et de rapidit\u00e9.   Plaques longues 100mm. Technologie Cool touch.  Rev\u00eatement Black Titanium Ceramic\u00a0  10X plus de c\u00e9ramique, une glisse 2X plus douce, un r\u00e9sultat qui dure 3X plus longtemps.  Design arrondi pour un lissage en mouvement ou pour dessiner des boucles et ondulations.  Mise \u00e0 temp\u00e9rature : 15 secondes.   Cinq niveaux de temp\u00e9rature 150-230\u00b0C.   Indicateur de niveau de temp\u00e9rature LED.  Verrouillage de la temp\u00e9rature,  Arr\u00eat automatique de s\u00e9curit\u00e9,   Embout de protection thermor\u00e9sistant.   1 Pochette de rangement.","og_url":"https:\/\/baya-shop.com\/home\/product\/remington-lisseur-boucleur-airplates-ceramic-black-titanium-s7412\/","og_site_name":"Baya Shop","article_publisher":"https:\/\/www.facebook.com\/Baya-Shop-103955257949742","article_modified_time":"2024-02-09T14:38:03+00:00","og_image":[{"width":700,"height":700,"url":"https:\/\/baya-shop.com\/wp-content\/uploads\/2023\/08\/s__s_7_s7412.jpg","type":"image\/jpeg"}],"twitter_card":"summary_large_image","twitter_misc":{"Dur\u00e9e de lecture estim\u00e9e":"1 minute"},"schema":{"@context":"https:\/\/schema.org","@graph":[{"@type":"WebPage","@id":"https:\/\/baya-shop.com\/home\/product\/remington-lisseur-boucleur-airplates-ceramic-black-titanium-s7412\/","url":"https:\/\/baya-shop.com\/home\/product\/remington-lisseur-boucleur-airplates-ceramic-black-titanium-s7412\/","name":"Remington Lisseur AirPlates S7412 - Baya Shop","isPartOf":{"@id":"https:\/\/baya-shop.com\/home\/#website"},"primaryImageOfPage":{"@id":"https:\/\/baya-shop.com\/home\/product\/remington-lisseur-boucleur-airplates-ceramic-black-titanium-s7412\/#primaryimage"},"image":{"@id":"https:\/\/baya-shop.com\/home\/product\/remington-lisseur-boucleur-airplates-ceramic-black-titanium-s7412\/#primaryimage"},"thumbnailUrl":"https:\/\/i0.wp.com\/baya-shop.com\/wp-content\/uploads\/2023\/08\/s__s_7_s7412.jpg?fit=700%2C700&ssl=1","datePublished":"2023-08-13T14:15:31+00:00","dateModified":"2024-02-09T14:38:03+00:00","description":"Technologie de plaques suspendues\u00a0 Un contact maximum pour plus d\u2019efficacit\u00e9 et de rapidit\u00e9. Plaques longues 100mm. Technologie Cool touch. Rev\u00eatement Black Titanium Ceramic\u00a0 10X plus de c\u00e9ramique, une glisse 2X plus douce, un r\u00e9sultat qui dure 3X plus longtemps. Design arrondi pour un lissage en mouvement ou pour dessiner des boucles et ondulations. Mise \u00e0 temp\u00e9rature : 15 secondes. Cinq niveaux de temp\u00e9rature 150-230\u00b0C. Indicateur de niveau de temp\u00e9rature LED. Verrouillage de la temp\u00e9rature, Arr\u00eat automatique de s\u00e9curit\u00e9, Embout de protection thermor\u00e9sistant. 1 Pochette de rangement.","breadcrumb":{"@id":"https:\/\/baya-shop.com\/home\/product\/remington-lisseur-boucleur-airplates-ceramic-black-titanium-s7412\/#breadcrumb"},"inLanguage":"fr-FR","potentialAction":[{"@type":"ReadAction","target":["https:\/\/baya-shop.com\/home\/product\/remington-lisseur-boucleur-airplates-ceramic-black-titanium-s7412\/"]}]},{"@type":"ImageObject","inLanguage":"fr-FR","@id":"https:\/\/baya-shop.com\/home\/product\/remington-lisseur-boucleur-airplates-ceramic-black-titanium-s7412\/#primaryimage","url":"https:\/\/i0.wp.com\/baya-shop.com\/wp-content\/uploads\/2023\/08\/s__s_7_s7412.jpg?fit=700%2C700&ssl=1","contentUrl":"https:\/\/i0.wp.com\/baya-shop.com\/wp-content\/uploads\/2023\/08\/s__s_7_s7412.jpg?fit=700%2C700&ssl=1","width":700,"height":700},{"@type":"BreadcrumbList","@id":"https:\/\/baya-shop.com\/home\/product\/remington-lisseur-boucleur-airplates-ceramic-black-titanium-s7412\/#breadcrumb","itemListElement":[{"@type":"ListItem","position":1,"name":"Accueil","item":"https:\/\/baya-shop.com\/home\/"},{"@type":"ListItem","position":2,"name":"Shop","item":"https:\/\/baya-shop.com\/home\/shop\/"},{"@type":"ListItem","position":3,"name":"Remington Lisseur AirPlates S7412"}]},{"@type":"WebSite","@id":"https:\/\/baya-shop.com\/home\/#website","url":"https:\/\/baya-shop.com\/home\/","name":"Baya Shop","description":"","publisher":{"@id":"https:\/\/baya-shop.com\/home\/#organization"},"potentialAction":[{"@type":"SearchAction","target":{"@type":"EntryPoint","urlTemplate":"https:\/\/baya-shop.com\/home\/?s={search_term_string}"},"query-input":{"@type":"PropertyValueSpecification","valueRequired":true,"valueName":"search_term_string"}}],"inLanguage":"fr-FR"},{"@type":"Organization","@id":"https:\/\/baya-shop.com\/home\/#organization","name":"Baya Shop","url":"https:\/\/baya-shop.com\/home\/","logo":{"@type":"ImageObject","inLanguage":"fr-FR","@id":"https:\/\/baya-shop.com\/home\/#\/schema\/logo\/image\/","url":"https:\/\/baya-shop.com\/wp-content\/uploads\/2020\/11\/g.png","contentUrl":"https:\/\/baya-shop.com\/wp-content\/uploads\/2020\/11\/g.png","width":64,"height":64,"caption":"Baya Shop"},"image":{"@id":"https:\/\/baya-shop.com\/home\/#\/schema\/logo\/image\/"},"sameAs":["https:\/\/www.facebook.com\/Baya-Shop-103955257949742","https:\/\/www.instagram.com\/baya_shop_dz\/"]}]}},"jetpack_publicize_connections":[],"jetpack_sharing_enabled":true,"jetpack_likes_enabled":true,"jetpack-related-posts":[],"_links":{"self":[{"href":"https:\/\/baya-shop.com\/home\/wp-json\/wp\/v2\/product\/2335","targetHints":{"allow":["GET"]}}],"collection":[{"href":"https:\/\/baya-shop.com\/home\/wp-json\/wp\/v2\/product"}],"about":[{"href":"https:\/\/baya-shop.com\/home\/wp-json\/wp\/v2\/types\/product"}],"replies":[{"embeddable":true,"href":"https:\/\/baya-shop.com\/home\/wp-json\/wp\/v2\/comments?post=2335"}],"wp:featuredmedia":[{"embeddable":true,"href":"https:\/\/baya-shop.com\/home\/wp-json\/wp\/v2\/media\/3440"}],"wp:attachment":[{"href":"https:\/\/baya-shop.com\/home\/wp-json\/wp\/v2\/media?parent=2335"}],"wp:term":[{"taxonomy":"product_brand","embeddable":true,"href":"https:\/\/baya-shop.com\/home\/wp-json\/wp\/v2\/product_brand?post=2335"},{"taxonomy":"product_cat","embeddable":true,"href":"https:\/\/baya-shop.com\/home\/wp-json\/wp\/v2\/product_cat?post=2335"},{"taxonomy":"product_tag","embeddable":true,"href":"https:\/\/baya-shop.com\/home\/wp-json\/wp\/v2\/product_tag?post=2335"}],"curies":[{"name":"wp","href":"https:\/\/api.w.org\/{rel}","templated":true}]}}