{"id":2306,"date":"2023-08-13T13:40:06","date_gmt":"2023-08-13T12:40:06","guid":{"rendered":"https:\/\/baya-shop.com\/home\/?post_type=product&#038;p=2306"},"modified":"2024-02-09T15:39:54","modified_gmt":"2024-02-09T14:39:54","slug":"remington-tondeuse-multifonction-g5-graphite-pg5000","status":"publish","type":"product","link":"https:\/\/baya-shop.com\/home\/product\/remington-tondeuse-multifonction-g5-graphite-pg5000\/","title":{"rendered":"Remington Tondeuse Multifonction G5 Graphite PG5000"},"content":{"rendered":"","protected":false},"excerpt":{"rendered":"<ul>\n<li>Lames auto-aff\u00fbt\u00e9es en graphite : un faible frottement et une meilleure glisse sur la peau<\/li>\n<li>4 t\u00eates interchangeables<\/li>\n<li>Tondeuse 30 mm : cheveux et barbe avec lames aux embouts arrondis, \u00e9vitent coupures et irritations<\/li>\n<li>Tondeuse pr\u00e9cision TST : rase et tond<\/li>\n<li>Mini rasoir grille<\/li>\n<li>Tondeuse corps verticale + guide de coupe<\/li>\n<li>Tondeuse nez \/ oreilles<\/li>\n<li>Guide de coupe double ajustable (2 \u00e0 20 mm)<\/li>\n<li>Guides de coupe fixes 1.5 et 3 mm<\/li>\n<li>Utilisation sans fil : 90 min<\/li>\n<li>T\u00e9moin de charge<\/li>\n<li>100% \u00e9tanche<\/li>\n<li>Poign\u00e9e antid\u00e9rapante<\/li>\n<li>Finition chrome<\/li>\n<li>Pochette de rangement premium<\/li>\n<\/ul>\n","protected":false},"featured_media":3444,"comment_status":"open","ping_status":"closed","template":"","meta":{"jetpack_post_was_ever_published":false,"jetpack_publicize_message":"","jetpack_publicize_feature_enabled":true,"jetpack_social_post_already_shared":false,"jetpack_social_options":{"image_generator_settings":{"template":"highway","default_image_id":0,"font":"","enabled":false},"version":2}},"product_brand":[],"product_cat":[46,54,47,52],"product_tag":[],"class_list":{"0":"post-2306","1":"product","2":"type-product","3":"status-publish","4":"has-post-thumbnail","6":"product_cat-promotion","7":"product_cat-rasoir","8":"product_cat-remington","9":"product_cat-tondeuse","11":"first","12":"instock","13":"shipping-taxable","14":"purchasable","15":"product-type-simple"},"yoast_head":"<!-- This site is optimized with the Yoast SEO plugin v27.4 - https:\/\/yoast.com\/product\/yoast-seo-wordpress\/ -->\n<title>Remington Tondeuse Multifonction G5 Graphite PG5000 - Baya Shop<\/title>\n<meta name=\"description\" content=\"Lames auto-aff\u00fbt\u00e9es en graphite : un faible frottement et une meilleure glisse sur la peau  4 t\u00eates interchangeables  Tondeuse 30 mm : cheveux et barbe avec lames aux embouts arrondis, \u00e9vitent coupures et irritations  Tondeuse pr\u00e9cision TST : rase et tond  Mini rasoir grille  Tondeuse corps verticale + guide de coupe  Tondeuse nez \/ oreilles  Guide de coupe double ajustable (2 \u00e0 20 mm)  Guides de coupe fixes 1.5 et 3 mm  Utilisation sans fil : 90 min  T\u00e9moin de charge  100% \u00e9tanche  Poign\u00e9e antid\u00e9rapante  Finition chrome  Pochette de rangement premium\" \/>\n<meta name=\"robots\" content=\"index, follow, max-snippet:-1, max-image-preview:large, max-video-preview:-1\" \/>\n<link rel=\"canonical\" href=\"https:\/\/baya-shop.com\/home\/product\/remington-tondeuse-multifonction-g5-graphite-pg5000\/\" \/>\n<meta property=\"og:locale\" content=\"fr_FR\" \/>\n<meta property=\"og:type\" content=\"article\" \/>\n<meta property=\"og:title\" content=\"Remington Tondeuse Multifonction G5 Graphite PG5000 - Baya Shop\" \/>\n<meta property=\"og:description\" content=\"Lames auto-aff\u00fbt\u00e9es en graphite : un faible frottement et une meilleure glisse sur la peau  4 t\u00eates interchangeables  Tondeuse 30 mm : cheveux et barbe avec lames aux embouts arrondis, \u00e9vitent coupures et irritations  Tondeuse pr\u00e9cision TST : rase et tond  Mini rasoir grille  Tondeuse corps verticale + guide de coupe  Tondeuse nez \/ oreilles  Guide de coupe double ajustable (2 \u00e0 20 mm)  Guides de coupe fixes 1.5 et 3 mm  Utilisation sans fil : 90 min  T\u00e9moin de charge  100% \u00e9tanche  Poign\u00e9e antid\u00e9rapante  Finition chrome  Pochette de rangement premium\" \/>\n<meta property=\"og:url\" content=\"https:\/\/baya-shop.com\/home\/product\/remington-tondeuse-multifonction-g5-graphite-pg5000\/\" \/>\n<meta property=\"og:site_name\" content=\"Baya Shop\" \/>\n<meta property=\"article:publisher\" content=\"https:\/\/www.facebook.com\/Baya-Shop-103955257949742\" \/>\n<meta property=\"article:modified_time\" content=\"2024-02-09T14:39:54+00:00\" \/>\n<meta property=\"og:image\" content=\"https:\/\/baya-shop.com\/wp-content\/uploads\/2023\/08\/tondeuses-a-cheveux-remington-pg5000-tondeuse-mult.webp\" \/>\n\t<meta property=\"og:image:width\" content=\"700\" \/>\n\t<meta property=\"og:image:height\" content=\"700\" \/>\n\t<meta property=\"og:image:type\" content=\"image\/webp\" \/>\n<meta name=\"twitter:card\" content=\"summary_large_image\" \/>\n<meta name=\"twitter:label1\" content=\"Dur\u00e9e de lecture estim\u00e9e\" \/>\n\t<meta name=\"twitter:data1\" content=\"1 minute\" \/>\n<script type=\"application\/ld+json\" class=\"yoast-schema-graph\">{\"@context\":\"https:\\\/\\\/schema.org\",\"@graph\":[{\"@type\":\"WebPage\",\"@id\":\"https:\\\/\\\/baya-shop.com\\\/home\\\/product\\\/remington-tondeuse-multifonction-g5-graphite-pg5000\\\/\",\"url\":\"https:\\\/\\\/baya-shop.com\\\/home\\\/product\\\/remington-tondeuse-multifonction-g5-graphite-pg5000\\\/\",\"name\":\"Remington Tondeuse Multifonction G5 Graphite PG5000 - Baya Shop\",\"isPartOf\":{\"@id\":\"https:\\\/\\\/baya-shop.com\\\/home\\\/#website\"},\"primaryImageOfPage\":{\"@id\":\"https:\\\/\\\/baya-shop.com\\\/home\\\/product\\\/remington-tondeuse-multifonction-g5-graphite-pg5000\\\/#primaryimage\"},\"image\":{\"@id\":\"https:\\\/\\\/baya-shop.com\\\/home\\\/product\\\/remington-tondeuse-multifonction-g5-graphite-pg5000\\\/#primaryimage\"},\"thumbnailUrl\":\"https:\\\/\\\/i0.wp.com\\\/baya-shop.com\\\/wp-content\\\/uploads\\\/2023\\\/08\\\/tondeuses-a-cheveux-remington-pg5000-tondeuse-mult.webp?fit=700%2C700&ssl=1\",\"datePublished\":\"2023-08-13T12:40:06+00:00\",\"dateModified\":\"2024-02-09T14:39:54+00:00\",\"description\":\"Lames auto-aff\u00fbt\u00e9es en graphite : un faible frottement et une meilleure glisse sur la peau 4 t\u00eates interchangeables Tondeuse 30 mm : cheveux et barbe avec lames aux embouts arrondis, \u00e9vitent coupures et irritations Tondeuse pr\u00e9cision TST : rase et tond Mini rasoir grille Tondeuse corps verticale + guide de coupe Tondeuse nez \\\/ oreilles Guide de coupe double ajustable (2 \u00e0 20 mm) Guides de coupe fixes 1.5 et 3 mm Utilisation sans fil : 90 min T\u00e9moin de charge 100% \u00e9tanche Poign\u00e9e antid\u00e9rapante Finition chrome Pochette de rangement premium\",\"breadcrumb\":{\"@id\":\"https:\\\/\\\/baya-shop.com\\\/home\\\/product\\\/remington-tondeuse-multifonction-g5-graphite-pg5000\\\/#breadcrumb\"},\"inLanguage\":\"fr-FR\",\"potentialAction\":[{\"@type\":\"ReadAction\",\"target\":[\"https:\\\/\\\/baya-shop.com\\\/home\\\/product\\\/remington-tondeuse-multifonction-g5-graphite-pg5000\\\/\"]}]},{\"@type\":\"ImageObject\",\"inLanguage\":\"fr-FR\",\"@id\":\"https:\\\/\\\/baya-shop.com\\\/home\\\/product\\\/remington-tondeuse-multifonction-g5-graphite-pg5000\\\/#primaryimage\",\"url\":\"https:\\\/\\\/i0.wp.com\\\/baya-shop.com\\\/wp-content\\\/uploads\\\/2023\\\/08\\\/tondeuses-a-cheveux-remington-pg5000-tondeuse-mult.webp?fit=700%2C700&ssl=1\",\"contentUrl\":\"https:\\\/\\\/i0.wp.com\\\/baya-shop.com\\\/wp-content\\\/uploads\\\/2023\\\/08\\\/tondeuses-a-cheveux-remington-pg5000-tondeuse-mult.webp?fit=700%2C700&ssl=1\",\"width\":700,\"height\":700},{\"@type\":\"BreadcrumbList\",\"@id\":\"https:\\\/\\\/baya-shop.com\\\/home\\\/product\\\/remington-tondeuse-multifonction-g5-graphite-pg5000\\\/#breadcrumb\",\"itemListElement\":[{\"@type\":\"ListItem\",\"position\":1,\"name\":\"Accueil\",\"item\":\"https:\\\/\\\/baya-shop.com\\\/home\\\/\"},{\"@type\":\"ListItem\",\"position\":2,\"name\":\"Shop\",\"item\":\"https:\\\/\\\/baya-shop.com\\\/home\\\/shop\\\/\"},{\"@type\":\"ListItem\",\"position\":3,\"name\":\"Remington Tondeuse Multifonction G5 Graphite PG5000\"}]},{\"@type\":\"WebSite\",\"@id\":\"https:\\\/\\\/baya-shop.com\\\/home\\\/#website\",\"url\":\"https:\\\/\\\/baya-shop.com\\\/home\\\/\",\"name\":\"Baya Shop\",\"description\":\"\",\"publisher\":{\"@id\":\"https:\\\/\\\/baya-shop.com\\\/home\\\/#organization\"},\"potentialAction\":[{\"@type\":\"SearchAction\",\"target\":{\"@type\":\"EntryPoint\",\"urlTemplate\":\"https:\\\/\\\/baya-shop.com\\\/home\\\/?s={search_term_string}\"},\"query-input\":{\"@type\":\"PropertyValueSpecification\",\"valueRequired\":true,\"valueName\":\"search_term_string\"}}],\"inLanguage\":\"fr-FR\"},{\"@type\":\"Organization\",\"@id\":\"https:\\\/\\\/baya-shop.com\\\/home\\\/#organization\",\"name\":\"Baya Shop\",\"url\":\"https:\\\/\\\/baya-shop.com\\\/home\\\/\",\"logo\":{\"@type\":\"ImageObject\",\"inLanguage\":\"fr-FR\",\"@id\":\"https:\\\/\\\/baya-shop.com\\\/home\\\/#\\\/schema\\\/logo\\\/image\\\/\",\"url\":\"https:\\\/\\\/baya-shop.com\\\/wp-content\\\/uploads\\\/2020\\\/11\\\/g.png\",\"contentUrl\":\"https:\\\/\\\/baya-shop.com\\\/wp-content\\\/uploads\\\/2020\\\/11\\\/g.png\",\"width\":64,\"height\":64,\"caption\":\"Baya Shop\"},\"image\":{\"@id\":\"https:\\\/\\\/baya-shop.com\\\/home\\\/#\\\/schema\\\/logo\\\/image\\\/\"},\"sameAs\":[\"https:\\\/\\\/www.facebook.com\\\/Baya-Shop-103955257949742\",\"https:\\\/\\\/www.instagram.com\\\/baya_shop_dz\\\/\"]}]}<\/script>\n<!-- \/ Yoast SEO plugin. -->","yoast_head_json":{"title":"Remington Tondeuse Multifonction G5 Graphite PG5000 - Baya Shop","description":"Lames auto-aff\u00fbt\u00e9es en graphite : un faible frottement et une meilleure glisse sur la peau  4 t\u00eates interchangeables  Tondeuse 30 mm : cheveux et barbe avec lames aux embouts arrondis, \u00e9vitent coupures et irritations  Tondeuse pr\u00e9cision TST : rase et tond  Mini rasoir grille  Tondeuse corps verticale + guide de coupe  Tondeuse nez \/ oreilles  Guide de coupe double ajustable (2 \u00e0 20 mm)  Guides de coupe fixes 1.5 et 3 mm  Utilisation sans fil : 90 min  T\u00e9moin de charge  100% \u00e9tanche  Poign\u00e9e antid\u00e9rapante  Finition chrome  Pochette de rangement premium","robots":{"index":"index","follow":"follow","max-snippet":"max-snippet:-1","max-image-preview":"max-image-preview:large","max-video-preview":"max-video-preview:-1"},"canonical":"https:\/\/baya-shop.com\/home\/product\/remington-tondeuse-multifonction-g5-graphite-pg5000\/","og_locale":"fr_FR","og_type":"article","og_title":"Remington Tondeuse Multifonction G5 Graphite PG5000 - Baya Shop","og_description":"Lames auto-aff\u00fbt\u00e9es en graphite : un faible frottement et une meilleure glisse sur la peau  4 t\u00eates interchangeables  Tondeuse 30 mm : cheveux et barbe avec lames aux embouts arrondis, \u00e9vitent coupures et irritations  Tondeuse pr\u00e9cision TST : rase et tond  Mini rasoir grille  Tondeuse corps verticale + guide de coupe  Tondeuse nez \/ oreilles  Guide de coupe double ajustable (2 \u00e0 20 mm)  Guides de coupe fixes 1.5 et 3 mm  Utilisation sans fil : 90 min  T\u00e9moin de charge  100% \u00e9tanche  Poign\u00e9e antid\u00e9rapante  Finition chrome  Pochette de rangement premium","og_url":"https:\/\/baya-shop.com\/home\/product\/remington-tondeuse-multifonction-g5-graphite-pg5000\/","og_site_name":"Baya Shop","article_publisher":"https:\/\/www.facebook.com\/Baya-Shop-103955257949742","article_modified_time":"2024-02-09T14:39:54+00:00","og_image":[{"width":700,"height":700,"url":"https:\/\/baya-shop.com\/wp-content\/uploads\/2023\/08\/tondeuses-a-cheveux-remington-pg5000-tondeuse-mult.webp","type":"image\/webp"}],"twitter_card":"summary_large_image","twitter_misc":{"Dur\u00e9e de lecture estim\u00e9e":"1 minute"},"schema":{"@context":"https:\/\/schema.org","@graph":[{"@type":"WebPage","@id":"https:\/\/baya-shop.com\/home\/product\/remington-tondeuse-multifonction-g5-graphite-pg5000\/","url":"https:\/\/baya-shop.com\/home\/product\/remington-tondeuse-multifonction-g5-graphite-pg5000\/","name":"Remington Tondeuse Multifonction G5 Graphite PG5000 - Baya Shop","isPartOf":{"@id":"https:\/\/baya-shop.com\/home\/#website"},"primaryImageOfPage":{"@id":"https:\/\/baya-shop.com\/home\/product\/remington-tondeuse-multifonction-g5-graphite-pg5000\/#primaryimage"},"image":{"@id":"https:\/\/baya-shop.com\/home\/product\/remington-tondeuse-multifonction-g5-graphite-pg5000\/#primaryimage"},"thumbnailUrl":"https:\/\/i0.wp.com\/baya-shop.com\/wp-content\/uploads\/2023\/08\/tondeuses-a-cheveux-remington-pg5000-tondeuse-mult.webp?fit=700%2C700&ssl=1","datePublished":"2023-08-13T12:40:06+00:00","dateModified":"2024-02-09T14:39:54+00:00","description":"Lames auto-aff\u00fbt\u00e9es en graphite : un faible frottement et une meilleure glisse sur la peau 4 t\u00eates interchangeables Tondeuse 30 mm : cheveux et barbe avec lames aux embouts arrondis, \u00e9vitent coupures et irritations Tondeuse pr\u00e9cision TST : rase et tond Mini rasoir grille Tondeuse corps verticale + guide de coupe Tondeuse nez \/ oreilles Guide de coupe double ajustable (2 \u00e0 20 mm) Guides de coupe fixes 1.5 et 3 mm Utilisation sans fil : 90 min T\u00e9moin de charge 100% \u00e9tanche Poign\u00e9e antid\u00e9rapante Finition chrome Pochette de rangement premium","breadcrumb":{"@id":"https:\/\/baya-shop.com\/home\/product\/remington-tondeuse-multifonction-g5-graphite-pg5000\/#breadcrumb"},"inLanguage":"fr-FR","potentialAction":[{"@type":"ReadAction","target":["https:\/\/baya-shop.com\/home\/product\/remington-tondeuse-multifonction-g5-graphite-pg5000\/"]}]},{"@type":"ImageObject","inLanguage":"fr-FR","@id":"https:\/\/baya-shop.com\/home\/product\/remington-tondeuse-multifonction-g5-graphite-pg5000\/#primaryimage","url":"https:\/\/i0.wp.com\/baya-shop.com\/wp-content\/uploads\/2023\/08\/tondeuses-a-cheveux-remington-pg5000-tondeuse-mult.webp?fit=700%2C700&ssl=1","contentUrl":"https:\/\/i0.wp.com\/baya-shop.com\/wp-content\/uploads\/2023\/08\/tondeuses-a-cheveux-remington-pg5000-tondeuse-mult.webp?fit=700%2C700&ssl=1","width":700,"height":700},{"@type":"BreadcrumbList","@id":"https:\/\/baya-shop.com\/home\/product\/remington-tondeuse-multifonction-g5-graphite-pg5000\/#breadcrumb","itemListElement":[{"@type":"ListItem","position":1,"name":"Accueil","item":"https:\/\/baya-shop.com\/home\/"},{"@type":"ListItem","position":2,"name":"Shop","item":"https:\/\/baya-shop.com\/home\/shop\/"},{"@type":"ListItem","position":3,"name":"Remington Tondeuse Multifonction G5 Graphite PG5000"}]},{"@type":"WebSite","@id":"https:\/\/baya-shop.com\/home\/#website","url":"https:\/\/baya-shop.com\/home\/","name":"Baya Shop","description":"","publisher":{"@id":"https:\/\/baya-shop.com\/home\/#organization"},"potentialAction":[{"@type":"SearchAction","target":{"@type":"EntryPoint","urlTemplate":"https:\/\/baya-shop.com\/home\/?s={search_term_string}"},"query-input":{"@type":"PropertyValueSpecification","valueRequired":true,"valueName":"search_term_string"}}],"inLanguage":"fr-FR"},{"@type":"Organization","@id":"https:\/\/baya-shop.com\/home\/#organization","name":"Baya Shop","url":"https:\/\/baya-shop.com\/home\/","logo":{"@type":"ImageObject","inLanguage":"fr-FR","@id":"https:\/\/baya-shop.com\/home\/#\/schema\/logo\/image\/","url":"https:\/\/baya-shop.com\/wp-content\/uploads\/2020\/11\/g.png","contentUrl":"https:\/\/baya-shop.com\/wp-content\/uploads\/2020\/11\/g.png","width":64,"height":64,"caption":"Baya Shop"},"image":{"@id":"https:\/\/baya-shop.com\/home\/#\/schema\/logo\/image\/"},"sameAs":["https:\/\/www.facebook.com\/Baya-Shop-103955257949742","https:\/\/www.instagram.com\/baya_shop_dz\/"]}]}},"jetpack_publicize_connections":[],"jetpack_sharing_enabled":true,"jetpack_likes_enabled":true,"jetpack-related-posts":[],"_links":{"self":[{"href":"https:\/\/baya-shop.com\/home\/wp-json\/wp\/v2\/product\/2306","targetHints":{"allow":["GET"]}}],"collection":[{"href":"https:\/\/baya-shop.com\/home\/wp-json\/wp\/v2\/product"}],"about":[{"href":"https:\/\/baya-shop.com\/home\/wp-json\/wp\/v2\/types\/product"}],"replies":[{"embeddable":true,"href":"https:\/\/baya-shop.com\/home\/wp-json\/wp\/v2\/comments?post=2306"}],"wp:featuredmedia":[{"embeddable":true,"href":"https:\/\/baya-shop.com\/home\/wp-json\/wp\/v2\/media\/3444"}],"wp:attachment":[{"href":"https:\/\/baya-shop.com\/home\/wp-json\/wp\/v2\/media?parent=2306"}],"wp:term":[{"taxonomy":"product_brand","embeddable":true,"href":"https:\/\/baya-shop.com\/home\/wp-json\/wp\/v2\/product_brand?post=2306"},{"taxonomy":"product_cat","embeddable":true,"href":"https:\/\/baya-shop.com\/home\/wp-json\/wp\/v2\/product_cat?post=2306"},{"taxonomy":"product_tag","embeddable":true,"href":"https:\/\/baya-shop.com\/home\/wp-json\/wp\/v2\/product_tag?post=2306"}],"curies":[{"name":"wp","href":"https:\/\/api.w.org\/{rel}","templated":true}]}}