{"id":2239,"date":"2023-08-12T18:44:40","date_gmt":"2023-08-12T17:44:40","guid":{"rendered":"https:\/\/baya-shop.com\/home\/?post_type=product&#038;p=2239"},"modified":"2025-08-08T06:07:25","modified_gmt":"2025-08-08T05:07:25","slug":"remington-boucleur-advanced-colour-protect-32mm-ci8605","status":"publish","type":"product","link":"https:\/\/baya-shop.com\/home\/product\/remington-boucleur-advanced-colour-protect-32mm-ci8605\/","title":{"rendered":"Remington Boucleur Advanced Colour Protect Ci8605"},"content":{"rendered":"","protected":false},"excerpt":{"rendered":"<h2>Fonctions principales du Boucleur Advanced Colour Protect 32mm CI8605 de Remington<\/h2>\n<ul>\n<li>Technologie unique de protection de la couleur<\/li>\n<li>Capteur de chaleur pour la protection de la couleur<\/li>\n<li>Rev\u00eatement c\u00e9ramique enrichi en huile de karit\u00e9 et en filtres UV<\/li>\n<li>Rev\u00eatement c\u00e9ramique Grip-Tech<\/li>\n<li>\u00c9cran digital<\/li>\n<li>5 r\u00e9glages de temp\u00e9ratures jusqu&rsquo;\u00e0 210\u00b0C<\/li>\n<li>Fonction booster de temp\u00e9rature<\/li>\n<li>Verrouillage des touches<\/li>\n<li>Fonction d&rsquo;arr\u00eat automatique<\/li>\n<li>Cordon rotatif<\/li>\n<li>C\u00e2ble de 3 m de long<\/li>\n<li>Pointe isol\u00e9e<\/li>\n<\/ul>\n","protected":false},"featured_media":3378,"comment_status":"open","ping_status":"closed","template":"","meta":{"_uag_custom_page_level_css":"","jetpack_publicize_message":"","jetpack_publicize_feature_enabled":true,"jetpack_social_post_already_shared":false,"jetpack_social_options":{"image_generator_settings":{"template":"highway","default_image_id":0,"font":"","enabled":false},"version":2}},"product_brand":[],"product_cat":[17,46,47],"product_tag":[],"class_list":{"0":"post-2239","1":"product","2":"type-product","3":"status-publish","4":"has-post-thumbnail","6":"product_cat-boucleur","7":"product_cat-promotion","8":"product_cat-remington","10":"first","11":"instock","12":"sale","13":"shipping-taxable","14":"purchasable","15":"product-type-simple"},"yoast_head":"<!-- This site is optimized with the Yoast SEO plugin v27.5 - https:\/\/yoast.com\/product\/yoast-seo-wordpress\/ -->\n<title>Remington Boucleur Advanced Colour Protect Ci8605 - Baya Shop<\/title>\n<meta name=\"description\" content=\"Fonctions principales du Boucleur Advanced Colour Protect 32mm CI8605 de Remington   Technologie unique de protection de la couleur  Capteur de chaleur pour la protection de la couleur  Rev\u00eatement c\u00e9ramique enrichi en huile de karit\u00e9 et en filtres UV  Rev\u00eatement c\u00e9ramique Grip-Tech  \u00c9cran digital  5 r\u00e9glages de temp\u00e9ratures jusqu&#039;\u00e0 210\u00b0C  Fonction booster de temp\u00e9rature  Verrouillage des touches  Fonction d&#039;arr\u00eat automatique  Cordon rotatif  C\u00e2ble de 3 m de long  Pointe isol\u00e9e\" \/>\n<meta name=\"robots\" content=\"index, follow, max-snippet:-1, max-image-preview:large, max-video-preview:-1\" \/>\n<link rel=\"canonical\" href=\"https:\/\/baya-shop.com\/home\/product\/remington-boucleur-advanced-colour-protect-32mm-ci8605\/\" \/>\n<meta property=\"og:locale\" content=\"fr_FR\" \/>\n<meta property=\"og:type\" content=\"article\" \/>\n<meta property=\"og:title\" content=\"Remington Boucleur Advanced Colour Protect Ci8605 - Baya Shop\" \/>\n<meta property=\"og:description\" content=\"Fonctions principales du Boucleur Advanced Colour Protect 32mm CI8605 de Remington   Technologie unique de protection de la couleur  Capteur de chaleur pour la protection de la couleur  Rev\u00eatement c\u00e9ramique enrichi en huile de karit\u00e9 et en filtres UV  Rev\u00eatement c\u00e9ramique Grip-Tech  \u00c9cran digital  5 r\u00e9glages de temp\u00e9ratures jusqu&#039;\u00e0 210\u00b0C  Fonction booster de temp\u00e9rature  Verrouillage des touches  Fonction d&#039;arr\u00eat automatique  Cordon rotatif  C\u00e2ble de 3 m de long  Pointe isol\u00e9e\" \/>\n<meta property=\"og:url\" content=\"https:\/\/baya-shop.com\/home\/product\/remington-boucleur-advanced-colour-protect-32mm-ci8605\/\" \/>\n<meta property=\"og:site_name\" content=\"Baya Shop\" \/>\n<meta property=\"article:publisher\" content=\"https:\/\/www.facebook.com\/Baya-Shop-103955257949742\" \/>\n<meta property=\"article:modified_time\" content=\"2025-08-08T05:07:25+00:00\" \/>\n<meta property=\"og:image\" content=\"https:\/\/baya-shop.com\/wp-content\/uploads\/2023\/08\/61HRkslyPPL.jpg\" \/>\n\t<meta property=\"og:image:width\" content=\"1000\" \/>\n\t<meta property=\"og:image:height\" content=\"1000\" \/>\n\t<meta property=\"og:image:type\" content=\"image\/jpeg\" \/>\n<meta name=\"twitter:card\" content=\"summary_large_image\" \/>\n<meta name=\"twitter:label1\" content=\"Dur\u00e9e de lecture estim\u00e9e\" \/>\n\t<meta name=\"twitter:data1\" content=\"1 minute\" \/>\n<script type=\"application\/ld+json\" class=\"yoast-schema-graph\">{\"@context\":\"https:\\\/\\\/schema.org\",\"@graph\":[{\"@type\":\"WebPage\",\"@id\":\"https:\\\/\\\/baya-shop.com\\\/home\\\/product\\\/remington-boucleur-advanced-colour-protect-32mm-ci8605\\\/\",\"url\":\"https:\\\/\\\/baya-shop.com\\\/home\\\/product\\\/remington-boucleur-advanced-colour-protect-32mm-ci8605\\\/\",\"name\":\"Remington Boucleur Advanced Colour Protect Ci8605 - Baya Shop\",\"isPartOf\":{\"@id\":\"https:\\\/\\\/baya-shop.com\\\/home\\\/#website\"},\"primaryImageOfPage\":{\"@id\":\"https:\\\/\\\/baya-shop.com\\\/home\\\/product\\\/remington-boucleur-advanced-colour-protect-32mm-ci8605\\\/#primaryimage\"},\"image\":{\"@id\":\"https:\\\/\\\/baya-shop.com\\\/home\\\/product\\\/remington-boucleur-advanced-colour-protect-32mm-ci8605\\\/#primaryimage\"},\"thumbnailUrl\":\"https:\\\/\\\/i0.wp.com\\\/baya-shop.com\\\/wp-content\\\/uploads\\\/2023\\\/08\\\/61HRkslyPPL.jpg?fit=1000%2C1000&ssl=1\",\"datePublished\":\"2023-08-12T17:44:40+00:00\",\"dateModified\":\"2025-08-08T05:07:25+00:00\",\"description\":\"Fonctions principales du Boucleur Advanced Colour Protect 32mm CI8605 de Remington Technologie unique de protection de la couleur Capteur de chaleur pour la protection de la couleur Rev\u00eatement c\u00e9ramique enrichi en huile de karit\u00e9 et en filtres UV Rev\u00eatement c\u00e9ramique Grip-Tech \u00c9cran digital 5 r\u00e9glages de temp\u00e9ratures jusqu'\u00e0 210\u00b0C Fonction booster de temp\u00e9rature Verrouillage des touches Fonction d'arr\u00eat automatique Cordon rotatif C\u00e2ble de 3 m de long Pointe isol\u00e9e\",\"breadcrumb\":{\"@id\":\"https:\\\/\\\/baya-shop.com\\\/home\\\/product\\\/remington-boucleur-advanced-colour-protect-32mm-ci8605\\\/#breadcrumb\"},\"inLanguage\":\"fr-FR\",\"potentialAction\":[{\"@type\":\"ReadAction\",\"target\":[\"https:\\\/\\\/baya-shop.com\\\/home\\\/product\\\/remington-boucleur-advanced-colour-protect-32mm-ci8605\\\/\"]}]},{\"@type\":\"ImageObject\",\"inLanguage\":\"fr-FR\",\"@id\":\"https:\\\/\\\/baya-shop.com\\\/home\\\/product\\\/remington-boucleur-advanced-colour-protect-32mm-ci8605\\\/#primaryimage\",\"url\":\"https:\\\/\\\/i0.wp.com\\\/baya-shop.com\\\/wp-content\\\/uploads\\\/2023\\\/08\\\/61HRkslyPPL.jpg?fit=1000%2C1000&ssl=1\",\"contentUrl\":\"https:\\\/\\\/i0.wp.com\\\/baya-shop.com\\\/wp-content\\\/uploads\\\/2023\\\/08\\\/61HRkslyPPL.jpg?fit=1000%2C1000&ssl=1\",\"width\":1000,\"height\":1000},{\"@type\":\"BreadcrumbList\",\"@id\":\"https:\\\/\\\/baya-shop.com\\\/home\\\/product\\\/remington-boucleur-advanced-colour-protect-32mm-ci8605\\\/#breadcrumb\",\"itemListElement\":[{\"@type\":\"ListItem\",\"position\":1,\"name\":\"Accueil\",\"item\":\"https:\\\/\\\/baya-shop.com\\\/home\\\/\"},{\"@type\":\"ListItem\",\"position\":2,\"name\":\"Shop\",\"item\":\"https:\\\/\\\/baya-shop.com\\\/home\\\/shop\\\/\"},{\"@type\":\"ListItem\",\"position\":3,\"name\":\"Remington Boucleur Advanced Colour Protect Ci8605\"}]},{\"@type\":\"WebSite\",\"@id\":\"https:\\\/\\\/baya-shop.com\\\/home\\\/#website\",\"url\":\"https:\\\/\\\/baya-shop.com\\\/home\\\/\",\"name\":\"Baya Shop\",\"description\":\"\",\"publisher\":{\"@id\":\"https:\\\/\\\/baya-shop.com\\\/home\\\/#organization\"},\"potentialAction\":[{\"@type\":\"SearchAction\",\"target\":{\"@type\":\"EntryPoint\",\"urlTemplate\":\"https:\\\/\\\/baya-shop.com\\\/home\\\/?s={search_term_string}\"},\"query-input\":{\"@type\":\"PropertyValueSpecification\",\"valueRequired\":true,\"valueName\":\"search_term_string\"}}],\"inLanguage\":\"fr-FR\"},{\"@type\":\"Organization\",\"@id\":\"https:\\\/\\\/baya-shop.com\\\/home\\\/#organization\",\"name\":\"Baya Shop\",\"url\":\"https:\\\/\\\/baya-shop.com\\\/home\\\/\",\"logo\":{\"@type\":\"ImageObject\",\"inLanguage\":\"fr-FR\",\"@id\":\"https:\\\/\\\/baya-shop.com\\\/home\\\/#\\\/schema\\\/logo\\\/image\\\/\",\"url\":\"https:\\\/\\\/baya-shop.com\\\/wp-content\\\/uploads\\\/2020\\\/11\\\/g.png\",\"contentUrl\":\"https:\\\/\\\/baya-shop.com\\\/wp-content\\\/uploads\\\/2020\\\/11\\\/g.png\",\"width\":64,\"height\":64,\"caption\":\"Baya Shop\"},\"image\":{\"@id\":\"https:\\\/\\\/baya-shop.com\\\/home\\\/#\\\/schema\\\/logo\\\/image\\\/\"},\"sameAs\":[\"https:\\\/\\\/www.facebook.com\\\/Baya-Shop-103955257949742\",\"https:\\\/\\\/www.instagram.com\\\/baya_shop_dz\\\/\"]}]}<\/script>\n<!-- \/ Yoast SEO plugin. -->","yoast_head_json":{"title":"Remington Boucleur Advanced Colour Protect Ci8605 - Baya Shop","description":"Fonctions principales du Boucleur Advanced Colour Protect 32mm CI8605 de Remington   Technologie unique de protection de la couleur  Capteur de chaleur pour la protection de la couleur  Rev\u00eatement c\u00e9ramique enrichi en huile de karit\u00e9 et en filtres UV  Rev\u00eatement c\u00e9ramique Grip-Tech  \u00c9cran digital  5 r\u00e9glages de temp\u00e9ratures jusqu'\u00e0 210\u00b0C  Fonction booster de temp\u00e9rature  Verrouillage des touches  Fonction d'arr\u00eat automatique  Cordon rotatif  C\u00e2ble de 3 m de long  Pointe isol\u00e9e","robots":{"index":"index","follow":"follow","max-snippet":"max-snippet:-1","max-image-preview":"max-image-preview:large","max-video-preview":"max-video-preview:-1"},"canonical":"https:\/\/baya-shop.com\/home\/product\/remington-boucleur-advanced-colour-protect-32mm-ci8605\/","og_locale":"fr_FR","og_type":"article","og_title":"Remington Boucleur Advanced Colour Protect Ci8605 - Baya Shop","og_description":"Fonctions principales du Boucleur Advanced Colour Protect 32mm CI8605 de Remington   Technologie unique de protection de la couleur  Capteur de chaleur pour la protection de la couleur  Rev\u00eatement c\u00e9ramique enrichi en huile de karit\u00e9 et en filtres UV  Rev\u00eatement c\u00e9ramique Grip-Tech  \u00c9cran digital  5 r\u00e9glages de temp\u00e9ratures jusqu'\u00e0 210\u00b0C  Fonction booster de temp\u00e9rature  Verrouillage des touches  Fonction d'arr\u00eat automatique  Cordon rotatif  C\u00e2ble de 3 m de long  Pointe isol\u00e9e","og_url":"https:\/\/baya-shop.com\/home\/product\/remington-boucleur-advanced-colour-protect-32mm-ci8605\/","og_site_name":"Baya Shop","article_publisher":"https:\/\/www.facebook.com\/Baya-Shop-103955257949742","article_modified_time":"2025-08-08T05:07:25+00:00","og_image":[{"width":1000,"height":1000,"url":"https:\/\/baya-shop.com\/wp-content\/uploads\/2023\/08\/61HRkslyPPL.jpg","type":"image\/jpeg"}],"twitter_card":"summary_large_image","twitter_misc":{"Dur\u00e9e de lecture estim\u00e9e":"1 minute"},"schema":{"@context":"https:\/\/schema.org","@graph":[{"@type":"WebPage","@id":"https:\/\/baya-shop.com\/home\/product\/remington-boucleur-advanced-colour-protect-32mm-ci8605\/","url":"https:\/\/baya-shop.com\/home\/product\/remington-boucleur-advanced-colour-protect-32mm-ci8605\/","name":"Remington Boucleur Advanced Colour Protect Ci8605 - Baya Shop","isPartOf":{"@id":"https:\/\/baya-shop.com\/home\/#website"},"primaryImageOfPage":{"@id":"https:\/\/baya-shop.com\/home\/product\/remington-boucleur-advanced-colour-protect-32mm-ci8605\/#primaryimage"},"image":{"@id":"https:\/\/baya-shop.com\/home\/product\/remington-boucleur-advanced-colour-protect-32mm-ci8605\/#primaryimage"},"thumbnailUrl":"https:\/\/i0.wp.com\/baya-shop.com\/wp-content\/uploads\/2023\/08\/61HRkslyPPL.jpg?fit=1000%2C1000&ssl=1","datePublished":"2023-08-12T17:44:40+00:00","dateModified":"2025-08-08T05:07:25+00:00","description":"Fonctions principales du Boucleur Advanced Colour Protect 32mm CI8605 de Remington Technologie unique de protection de la couleur Capteur de chaleur pour la protection de la couleur Rev\u00eatement c\u00e9ramique enrichi en huile de karit\u00e9 et en filtres UV Rev\u00eatement c\u00e9ramique Grip-Tech \u00c9cran digital 5 r\u00e9glages de temp\u00e9ratures jusqu'\u00e0 210\u00b0C Fonction booster de temp\u00e9rature Verrouillage des touches Fonction d'arr\u00eat automatique Cordon rotatif C\u00e2ble de 3 m de long Pointe isol\u00e9e","breadcrumb":{"@id":"https:\/\/baya-shop.com\/home\/product\/remington-boucleur-advanced-colour-protect-32mm-ci8605\/#breadcrumb"},"inLanguage":"fr-FR","potentialAction":[{"@type":"ReadAction","target":["https:\/\/baya-shop.com\/home\/product\/remington-boucleur-advanced-colour-protect-32mm-ci8605\/"]}]},{"@type":"ImageObject","inLanguage":"fr-FR","@id":"https:\/\/baya-shop.com\/home\/product\/remington-boucleur-advanced-colour-protect-32mm-ci8605\/#primaryimage","url":"https:\/\/i0.wp.com\/baya-shop.com\/wp-content\/uploads\/2023\/08\/61HRkslyPPL.jpg?fit=1000%2C1000&ssl=1","contentUrl":"https:\/\/i0.wp.com\/baya-shop.com\/wp-content\/uploads\/2023\/08\/61HRkslyPPL.jpg?fit=1000%2C1000&ssl=1","width":1000,"height":1000},{"@type":"BreadcrumbList","@id":"https:\/\/baya-shop.com\/home\/product\/remington-boucleur-advanced-colour-protect-32mm-ci8605\/#breadcrumb","itemListElement":[{"@type":"ListItem","position":1,"name":"Accueil","item":"https:\/\/baya-shop.com\/home\/"},{"@type":"ListItem","position":2,"name":"Shop","item":"https:\/\/baya-shop.com\/home\/shop\/"},{"@type":"ListItem","position":3,"name":"Remington Boucleur Advanced Colour Protect Ci8605"}]},{"@type":"WebSite","@id":"https:\/\/baya-shop.com\/home\/#website","url":"https:\/\/baya-shop.com\/home\/","name":"Baya Shop","description":"","publisher":{"@id":"https:\/\/baya-shop.com\/home\/#organization"},"potentialAction":[{"@type":"SearchAction","target":{"@type":"EntryPoint","urlTemplate":"https:\/\/baya-shop.com\/home\/?s={search_term_string}"},"query-input":{"@type":"PropertyValueSpecification","valueRequired":true,"valueName":"search_term_string"}}],"inLanguage":"fr-FR"},{"@type":"Organization","@id":"https:\/\/baya-shop.com\/home\/#organization","name":"Baya Shop","url":"https:\/\/baya-shop.com\/home\/","logo":{"@type":"ImageObject","inLanguage":"fr-FR","@id":"https:\/\/baya-shop.com\/home\/#\/schema\/logo\/image\/","url":"https:\/\/baya-shop.com\/wp-content\/uploads\/2020\/11\/g.png","contentUrl":"https:\/\/baya-shop.com\/wp-content\/uploads\/2020\/11\/g.png","width":64,"height":64,"caption":"Baya Shop"},"image":{"@id":"https:\/\/baya-shop.com\/home\/#\/schema\/logo\/image\/"},"sameAs":["https:\/\/www.facebook.com\/Baya-Shop-103955257949742","https:\/\/www.instagram.com\/baya_shop_dz\/"]}]}},"jetpack_publicize_connections":[],"uagb_featured_image_src":{"full":["https:\/\/i0.wp.com\/baya-shop.com\/wp-content\/uploads\/2023\/08\/61HRkslyPPL.jpg?fit=1000%2C1000&ssl=1",1000,1000,false],"thumbnail":["https:\/\/i0.wp.com\/baya-shop.com\/wp-content\/uploads\/2023\/08\/61HRkslyPPL.jpg?resize=150%2C150&ssl=1",150,150,true],"medium":["https:\/\/i0.wp.com\/baya-shop.com\/wp-content\/uploads\/2023\/08\/61HRkslyPPL.jpg?fit=300%2C300&ssl=1",300,300,true],"medium_large":["https:\/\/i0.wp.com\/baya-shop.com\/wp-content\/uploads\/2023\/08\/61HRkslyPPL.jpg?fit=768%2C768&ssl=1",768,768,true],"large":["https:\/\/i0.wp.com\/baya-shop.com\/wp-content\/uploads\/2023\/08\/61HRkslyPPL.jpg?fit=1000%2C1000&ssl=1",1000,1000,true],"1536x1536":["https:\/\/i0.wp.com\/baya-shop.com\/wp-content\/uploads\/2023\/08\/61HRkslyPPL.jpg?fit=1000%2C1000&ssl=1",1000,1000,true],"2048x2048":["https:\/\/i0.wp.com\/baya-shop.com\/wp-content\/uploads\/2023\/08\/61HRkslyPPL.jpg?fit=1000%2C1000&ssl=1",1000,1000,true],"woocommerce_thumbnail":["https:\/\/i0.wp.com\/baya-shop.com\/wp-content\/uploads\/2023\/08\/61HRkslyPPL.jpg?resize=300%2C300&ssl=1",300,300,true],"woocommerce_single":["https:\/\/i0.wp.com\/baya-shop.com\/wp-content\/uploads\/2023\/08\/61HRkslyPPL.jpg?fit=600%2C600&ssl=1",600,600,true],"woocommerce_gallery_thumbnail":["https:\/\/i0.wp.com\/baya-shop.com\/wp-content\/uploads\/2023\/08\/61HRkslyPPL.jpg?resize=100%2C100&ssl=1",100,100,true],"jetpack-portfolio-admin-thumb":["https:\/\/i0.wp.com\/baya-shop.com\/wp-content\/uploads\/2023\/08\/61HRkslyPPL.jpg?resize=50%2C50&ssl=1",50,50,true]},"uagb_author_info":{"display_name":"","author_link":"https:\/\/baya-shop.com\/home\/author\/"},"uagb_comment_info":3,"uagb_excerpt":"Fonctions principales du Boucleur Advanced Colour Protect 32mm CI8605 de Remington Technologie unique de protection de la couleur Capteur de chaleur pour la protection de la couleur Rev\u00eatement c\u00e9ramique enrichi en huile de karit\u00e9 et en filtres UV Rev\u00eatement c\u00e9ramique Grip-Tech \u00c9cran digital 5 r\u00e9glages de temp\u00e9ratures jusqu'\u00e0 210\u00b0C Fonction booster de temp\u00e9rature Verrouillage des\u2026","jetpack_sharing_enabled":true,"jetpack_likes_enabled":true,"jetpack-related-posts":[],"_links":{"self":[{"href":"https:\/\/baya-shop.com\/home\/wp-json\/wp\/v2\/product\/2239","targetHints":{"allow":["GET"]}}],"collection":[{"href":"https:\/\/baya-shop.com\/home\/wp-json\/wp\/v2\/product"}],"about":[{"href":"https:\/\/baya-shop.com\/home\/wp-json\/wp\/v2\/types\/product"}],"replies":[{"embeddable":true,"href":"https:\/\/baya-shop.com\/home\/wp-json\/wp\/v2\/comments?post=2239"}],"wp:featuredmedia":[{"embeddable":true,"href":"https:\/\/baya-shop.com\/home\/wp-json\/wp\/v2\/media\/3378"}],"wp:attachment":[{"href":"https:\/\/baya-shop.com\/home\/wp-json\/wp\/v2\/media?parent=2239"}],"wp:term":[{"taxonomy":"product_brand","embeddable":true,"href":"https:\/\/baya-shop.com\/home\/wp-json\/wp\/v2\/product_brand?post=2239"},{"taxonomy":"product_cat","embeddable":true,"href":"https:\/\/baya-shop.com\/home\/wp-json\/wp\/v2\/product_cat?post=2239"},{"taxonomy":"product_tag","embeddable":true,"href":"https:\/\/baya-shop.com\/home\/wp-json\/wp\/v2\/product_tag?post=2239"}],"curies":[{"name":"wp","href":"https:\/\/api.w.org\/{rel}","templated":true}]}}