{"id":2220,"date":"2023-08-12T18:16:41","date_gmt":"2023-08-12T17:16:41","guid":{"rendered":"https:\/\/baya-shop.com\/home\/?post_type=product&#038;p=2220"},"modified":"2025-04-19T17:28:59","modified_gmt":"2025-04-19T16:28:59","slug":"remington-lisseur-mineral-glow-s5408","status":"publish","type":"product","link":"https:\/\/baya-shop.com\/home\/product\/remington-lisseur-mineral-glow-s5408\/","title":{"rendered":"Remington Lisseur Mineral Glow S5408"},"content":{"rendered":"","protected":false},"excerpt":{"rendered":"<ul>\n<li>Glisse 3x plus douce* : rev\u00eatement Advanced Ceramic infus\u00e9 avec 4 min\u00e9raux d&rsquo;origine naturelle (Quartz \/ Tourmaline \/ Opale \/ Pierre de lune) pour de beaux cheveux soyeux<\/li>\n<li>Mise \u00e0 temp\u00e9rature rapide en 15 sec<\/li>\n<li>Ecran digital : 9 niveaux de temp\u00e9rature jusqu&rsquo;\u00e0 230\u00b0C<\/li>\n<li>Fonction turbo<\/li>\n<li>Verrouillage de la temp\u00e9rature<\/li>\n<li>Plaques flottantes XL 110 mm<\/li>\n<li>Verrouillage des plaques<\/li>\n<li>Voltage universel<\/li>\n<li>Arr\u00eat automatique de s\u00e9curit\u00e9 apr\u00e8s 60 minutes<\/li>\n<li>Cordon rotatif<\/li>\n<li>Pochette de rangement<\/li>\n<\/ul>\n","protected":false},"featured_media":3375,"comment_status":"open","ping_status":"closed","template":"","meta":{"jetpack_post_was_ever_published":false,"jetpack_publicize_message":"","jetpack_publicize_feature_enabled":true,"jetpack_social_post_already_shared":false,"jetpack_social_options":{"image_generator_settings":{"template":"highway","default_image_id":0,"font":"","enabled":false},"version":2}},"product_brand":[],"product_cat":[18,46,47],"product_tag":[],"class_list":{"0":"post-2220","1":"product","2":"type-product","3":"status-publish","4":"has-post-thumbnail","6":"product_cat-lisseur","7":"product_cat-promotion","8":"product_cat-remington","10":"first","11":"instock","12":"shipping-taxable","13":"purchasable","14":"product-type-simple"},"yoast_head":"<!-- This site is optimized with the Yoast SEO plugin v27.4 - https:\/\/yoast.com\/product\/yoast-seo-wordpress\/ -->\n<title>Remington Lisseur Mineral Glow S5408 - Baya Shop<\/title>\n<meta name=\"description\" content=\"Glisse 3x plus douce* : rev\u00eatement Advanced Ceramic infus\u00e9 avec 4 min\u00e9raux d&#039;origine naturelle (Quartz \/ Tourmaline \/ Opale \/ Pierre de lune) pour de beaux cheveux soyeux  Mise \u00e0 temp\u00e9rature rapide en 15 sec  Ecran digital : 9 niveaux de temp\u00e9rature jusqu&#039;\u00e0 230\u00b0C  Fonction turbo  Verrouillage de la temp\u00e9rature  Plaques flottantes XL 110 mm  Verrouillage des plaques  Voltage universel  Arr\u00eat automatique de s\u00e9curit\u00e9 apr\u00e8s 60 minutes  Cordon rotatif  Pochette de rangement\" \/>\n<meta name=\"robots\" content=\"index, follow, max-snippet:-1, max-image-preview:large, max-video-preview:-1\" \/>\n<link rel=\"canonical\" href=\"https:\/\/baya-shop.com\/home\/product\/remington-lisseur-mineral-glow-s5408\/\" \/>\n<meta property=\"og:locale\" content=\"fr_FR\" \/>\n<meta property=\"og:type\" content=\"article\" \/>\n<meta property=\"og:title\" content=\"Remington Lisseur Mineral Glow S5408 - Baya Shop\" \/>\n<meta property=\"og:description\" content=\"Glisse 3x plus douce* : rev\u00eatement Advanced Ceramic infus\u00e9 avec 4 min\u00e9raux d&#039;origine naturelle (Quartz \/ Tourmaline \/ Opale \/ Pierre de lune) pour de beaux cheveux soyeux  Mise \u00e0 temp\u00e9rature rapide en 15 sec  Ecran digital : 9 niveaux de temp\u00e9rature jusqu&#039;\u00e0 230\u00b0C  Fonction turbo  Verrouillage de la temp\u00e9rature  Plaques flottantes XL 110 mm  Verrouillage des plaques  Voltage universel  Arr\u00eat automatique de s\u00e9curit\u00e9 apr\u00e8s 60 minutes  Cordon rotatif  Pochette de rangement\" \/>\n<meta property=\"og:url\" content=\"https:\/\/baya-shop.com\/home\/product\/remington-lisseur-mineral-glow-s5408\/\" \/>\n<meta property=\"og:site_name\" content=\"Baya Shop\" \/>\n<meta property=\"article:publisher\" content=\"https:\/\/www.facebook.com\/Baya-Shop-103955257949742\" \/>\n<meta property=\"article:modified_time\" content=\"2025-04-19T16:28:59+00:00\" \/>\n<meta property=\"og:image\" content=\"https:\/\/baya-shop.com\/wp-content\/uploads\/2023\/08\/1649434305_535x.webp\" \/>\n\t<meta property=\"og:image:width\" content=\"535\" \/>\n\t<meta property=\"og:image:height\" content=\"535\" \/>\n\t<meta property=\"og:image:type\" content=\"image\/webp\" \/>\n<meta name=\"twitter:card\" content=\"summary_large_image\" \/>\n<meta name=\"twitter:label1\" content=\"Dur\u00e9e de lecture estim\u00e9e\" \/>\n\t<meta name=\"twitter:data1\" content=\"1 minute\" \/>\n<script type=\"application\/ld+json\" class=\"yoast-schema-graph\">{\"@context\":\"https:\\\/\\\/schema.org\",\"@graph\":[{\"@type\":\"WebPage\",\"@id\":\"https:\\\/\\\/baya-shop.com\\\/home\\\/product\\\/remington-lisseur-mineral-glow-s5408\\\/\",\"url\":\"https:\\\/\\\/baya-shop.com\\\/home\\\/product\\\/remington-lisseur-mineral-glow-s5408\\\/\",\"name\":\"Remington Lisseur Mineral Glow S5408 - Baya Shop\",\"isPartOf\":{\"@id\":\"https:\\\/\\\/baya-shop.com\\\/home\\\/#website\"},\"primaryImageOfPage\":{\"@id\":\"https:\\\/\\\/baya-shop.com\\\/home\\\/product\\\/remington-lisseur-mineral-glow-s5408\\\/#primaryimage\"},\"image\":{\"@id\":\"https:\\\/\\\/baya-shop.com\\\/home\\\/product\\\/remington-lisseur-mineral-glow-s5408\\\/#primaryimage\"},\"thumbnailUrl\":\"https:\\\/\\\/i0.wp.com\\\/baya-shop.com\\\/wp-content\\\/uploads\\\/2023\\\/08\\\/1649434305_535x.webp?fit=535%2C535&ssl=1\",\"datePublished\":\"2023-08-12T17:16:41+00:00\",\"dateModified\":\"2025-04-19T16:28:59+00:00\",\"description\":\"Glisse 3x plus douce* : rev\u00eatement Advanced Ceramic infus\u00e9 avec 4 min\u00e9raux d'origine naturelle (Quartz \\\/ Tourmaline \\\/ Opale \\\/ Pierre de lune) pour de beaux cheveux soyeux Mise \u00e0 temp\u00e9rature rapide en 15 sec Ecran digital : 9 niveaux de temp\u00e9rature jusqu'\u00e0 230\u00b0C Fonction turbo Verrouillage de la temp\u00e9rature Plaques flottantes XL 110 mm Verrouillage des plaques Voltage universel Arr\u00eat automatique de s\u00e9curit\u00e9 apr\u00e8s 60 minutes Cordon rotatif Pochette de rangement\",\"breadcrumb\":{\"@id\":\"https:\\\/\\\/baya-shop.com\\\/home\\\/product\\\/remington-lisseur-mineral-glow-s5408\\\/#breadcrumb\"},\"inLanguage\":\"fr-FR\",\"potentialAction\":[{\"@type\":\"ReadAction\",\"target\":[\"https:\\\/\\\/baya-shop.com\\\/home\\\/product\\\/remington-lisseur-mineral-glow-s5408\\\/\"]}]},{\"@type\":\"ImageObject\",\"inLanguage\":\"fr-FR\",\"@id\":\"https:\\\/\\\/baya-shop.com\\\/home\\\/product\\\/remington-lisseur-mineral-glow-s5408\\\/#primaryimage\",\"url\":\"https:\\\/\\\/i0.wp.com\\\/baya-shop.com\\\/wp-content\\\/uploads\\\/2023\\\/08\\\/1649434305_535x.webp?fit=535%2C535&ssl=1\",\"contentUrl\":\"https:\\\/\\\/i0.wp.com\\\/baya-shop.com\\\/wp-content\\\/uploads\\\/2023\\\/08\\\/1649434305_535x.webp?fit=535%2C535&ssl=1\",\"width\":535,\"height\":535},{\"@type\":\"BreadcrumbList\",\"@id\":\"https:\\\/\\\/baya-shop.com\\\/home\\\/product\\\/remington-lisseur-mineral-glow-s5408\\\/#breadcrumb\",\"itemListElement\":[{\"@type\":\"ListItem\",\"position\":1,\"name\":\"Accueil\",\"item\":\"https:\\\/\\\/baya-shop.com\\\/home\\\/\"},{\"@type\":\"ListItem\",\"position\":2,\"name\":\"Shop\",\"item\":\"https:\\\/\\\/baya-shop.com\\\/home\\\/shop\\\/\"},{\"@type\":\"ListItem\",\"position\":3,\"name\":\"Remington Lisseur Mineral Glow S5408\"}]},{\"@type\":\"WebSite\",\"@id\":\"https:\\\/\\\/baya-shop.com\\\/home\\\/#website\",\"url\":\"https:\\\/\\\/baya-shop.com\\\/home\\\/\",\"name\":\"Baya Shop\",\"description\":\"\",\"publisher\":{\"@id\":\"https:\\\/\\\/baya-shop.com\\\/home\\\/#organization\"},\"potentialAction\":[{\"@type\":\"SearchAction\",\"target\":{\"@type\":\"EntryPoint\",\"urlTemplate\":\"https:\\\/\\\/baya-shop.com\\\/home\\\/?s={search_term_string}\"},\"query-input\":{\"@type\":\"PropertyValueSpecification\",\"valueRequired\":true,\"valueName\":\"search_term_string\"}}],\"inLanguage\":\"fr-FR\"},{\"@type\":\"Organization\",\"@id\":\"https:\\\/\\\/baya-shop.com\\\/home\\\/#organization\",\"name\":\"Baya Shop\",\"url\":\"https:\\\/\\\/baya-shop.com\\\/home\\\/\",\"logo\":{\"@type\":\"ImageObject\",\"inLanguage\":\"fr-FR\",\"@id\":\"https:\\\/\\\/baya-shop.com\\\/home\\\/#\\\/schema\\\/logo\\\/image\\\/\",\"url\":\"https:\\\/\\\/baya-shop.com\\\/wp-content\\\/uploads\\\/2020\\\/11\\\/g.png\",\"contentUrl\":\"https:\\\/\\\/baya-shop.com\\\/wp-content\\\/uploads\\\/2020\\\/11\\\/g.png\",\"width\":64,\"height\":64,\"caption\":\"Baya Shop\"},\"image\":{\"@id\":\"https:\\\/\\\/baya-shop.com\\\/home\\\/#\\\/schema\\\/logo\\\/image\\\/\"},\"sameAs\":[\"https:\\\/\\\/www.facebook.com\\\/Baya-Shop-103955257949742\",\"https:\\\/\\\/www.instagram.com\\\/baya_shop_dz\\\/\"]}]}<\/script>\n<!-- \/ Yoast SEO plugin. -->","yoast_head_json":{"title":"Remington Lisseur Mineral Glow S5408 - Baya Shop","description":"Glisse 3x plus douce* : rev\u00eatement Advanced Ceramic infus\u00e9 avec 4 min\u00e9raux d'origine naturelle (Quartz \/ Tourmaline \/ Opale \/ Pierre de lune) pour de beaux cheveux soyeux  Mise \u00e0 temp\u00e9rature rapide en 15 sec  Ecran digital : 9 niveaux de temp\u00e9rature jusqu'\u00e0 230\u00b0C  Fonction turbo  Verrouillage de la temp\u00e9rature  Plaques flottantes XL 110 mm  Verrouillage des plaques  Voltage universel  Arr\u00eat automatique de s\u00e9curit\u00e9 apr\u00e8s 60 minutes  Cordon rotatif  Pochette de rangement","robots":{"index":"index","follow":"follow","max-snippet":"max-snippet:-1","max-image-preview":"max-image-preview:large","max-video-preview":"max-video-preview:-1"},"canonical":"https:\/\/baya-shop.com\/home\/product\/remington-lisseur-mineral-glow-s5408\/","og_locale":"fr_FR","og_type":"article","og_title":"Remington Lisseur Mineral Glow S5408 - Baya Shop","og_description":"Glisse 3x plus douce* : rev\u00eatement Advanced Ceramic infus\u00e9 avec 4 min\u00e9raux d'origine naturelle (Quartz \/ Tourmaline \/ Opale \/ Pierre de lune) pour de beaux cheveux soyeux  Mise \u00e0 temp\u00e9rature rapide en 15 sec  Ecran digital : 9 niveaux de temp\u00e9rature jusqu'\u00e0 230\u00b0C  Fonction turbo  Verrouillage de la temp\u00e9rature  Plaques flottantes XL 110 mm  Verrouillage des plaques  Voltage universel  Arr\u00eat automatique de s\u00e9curit\u00e9 apr\u00e8s 60 minutes  Cordon rotatif  Pochette de rangement","og_url":"https:\/\/baya-shop.com\/home\/product\/remington-lisseur-mineral-glow-s5408\/","og_site_name":"Baya Shop","article_publisher":"https:\/\/www.facebook.com\/Baya-Shop-103955257949742","article_modified_time":"2025-04-19T16:28:59+00:00","og_image":[{"width":535,"height":535,"url":"https:\/\/baya-shop.com\/wp-content\/uploads\/2023\/08\/1649434305_535x.webp","type":"image\/webp"}],"twitter_card":"summary_large_image","twitter_misc":{"Dur\u00e9e de lecture estim\u00e9e":"1 minute"},"schema":{"@context":"https:\/\/schema.org","@graph":[{"@type":"WebPage","@id":"https:\/\/baya-shop.com\/home\/product\/remington-lisseur-mineral-glow-s5408\/","url":"https:\/\/baya-shop.com\/home\/product\/remington-lisseur-mineral-glow-s5408\/","name":"Remington Lisseur Mineral Glow S5408 - Baya Shop","isPartOf":{"@id":"https:\/\/baya-shop.com\/home\/#website"},"primaryImageOfPage":{"@id":"https:\/\/baya-shop.com\/home\/product\/remington-lisseur-mineral-glow-s5408\/#primaryimage"},"image":{"@id":"https:\/\/baya-shop.com\/home\/product\/remington-lisseur-mineral-glow-s5408\/#primaryimage"},"thumbnailUrl":"https:\/\/i0.wp.com\/baya-shop.com\/wp-content\/uploads\/2023\/08\/1649434305_535x.webp?fit=535%2C535&ssl=1","datePublished":"2023-08-12T17:16:41+00:00","dateModified":"2025-04-19T16:28:59+00:00","description":"Glisse 3x plus douce* : rev\u00eatement Advanced Ceramic infus\u00e9 avec 4 min\u00e9raux d'origine naturelle (Quartz \/ Tourmaline \/ Opale \/ Pierre de lune) pour de beaux cheveux soyeux Mise \u00e0 temp\u00e9rature rapide en 15 sec Ecran digital : 9 niveaux de temp\u00e9rature jusqu'\u00e0 230\u00b0C Fonction turbo Verrouillage de la temp\u00e9rature Plaques flottantes XL 110 mm Verrouillage des plaques Voltage universel Arr\u00eat automatique de s\u00e9curit\u00e9 apr\u00e8s 60 minutes Cordon rotatif Pochette de rangement","breadcrumb":{"@id":"https:\/\/baya-shop.com\/home\/product\/remington-lisseur-mineral-glow-s5408\/#breadcrumb"},"inLanguage":"fr-FR","potentialAction":[{"@type":"ReadAction","target":["https:\/\/baya-shop.com\/home\/product\/remington-lisseur-mineral-glow-s5408\/"]}]},{"@type":"ImageObject","inLanguage":"fr-FR","@id":"https:\/\/baya-shop.com\/home\/product\/remington-lisseur-mineral-glow-s5408\/#primaryimage","url":"https:\/\/i0.wp.com\/baya-shop.com\/wp-content\/uploads\/2023\/08\/1649434305_535x.webp?fit=535%2C535&ssl=1","contentUrl":"https:\/\/i0.wp.com\/baya-shop.com\/wp-content\/uploads\/2023\/08\/1649434305_535x.webp?fit=535%2C535&ssl=1","width":535,"height":535},{"@type":"BreadcrumbList","@id":"https:\/\/baya-shop.com\/home\/product\/remington-lisseur-mineral-glow-s5408\/#breadcrumb","itemListElement":[{"@type":"ListItem","position":1,"name":"Accueil","item":"https:\/\/baya-shop.com\/home\/"},{"@type":"ListItem","position":2,"name":"Shop","item":"https:\/\/baya-shop.com\/home\/shop\/"},{"@type":"ListItem","position":3,"name":"Remington Lisseur Mineral Glow S5408"}]},{"@type":"WebSite","@id":"https:\/\/baya-shop.com\/home\/#website","url":"https:\/\/baya-shop.com\/home\/","name":"Baya Shop","description":"","publisher":{"@id":"https:\/\/baya-shop.com\/home\/#organization"},"potentialAction":[{"@type":"SearchAction","target":{"@type":"EntryPoint","urlTemplate":"https:\/\/baya-shop.com\/home\/?s={search_term_string}"},"query-input":{"@type":"PropertyValueSpecification","valueRequired":true,"valueName":"search_term_string"}}],"inLanguage":"fr-FR"},{"@type":"Organization","@id":"https:\/\/baya-shop.com\/home\/#organization","name":"Baya Shop","url":"https:\/\/baya-shop.com\/home\/","logo":{"@type":"ImageObject","inLanguage":"fr-FR","@id":"https:\/\/baya-shop.com\/home\/#\/schema\/logo\/image\/","url":"https:\/\/baya-shop.com\/wp-content\/uploads\/2020\/11\/g.png","contentUrl":"https:\/\/baya-shop.com\/wp-content\/uploads\/2020\/11\/g.png","width":64,"height":64,"caption":"Baya Shop"},"image":{"@id":"https:\/\/baya-shop.com\/home\/#\/schema\/logo\/image\/"},"sameAs":["https:\/\/www.facebook.com\/Baya-Shop-103955257949742","https:\/\/www.instagram.com\/baya_shop_dz\/"]}]}},"jetpack_publicize_connections":[],"jetpack_sharing_enabled":true,"jetpack_likes_enabled":true,"jetpack-related-posts":[],"_links":{"self":[{"href":"https:\/\/baya-shop.com\/home\/wp-json\/wp\/v2\/product\/2220","targetHints":{"allow":["GET"]}}],"collection":[{"href":"https:\/\/baya-shop.com\/home\/wp-json\/wp\/v2\/product"}],"about":[{"href":"https:\/\/baya-shop.com\/home\/wp-json\/wp\/v2\/types\/product"}],"replies":[{"embeddable":true,"href":"https:\/\/baya-shop.com\/home\/wp-json\/wp\/v2\/comments?post=2220"}],"wp:featuredmedia":[{"embeddable":true,"href":"https:\/\/baya-shop.com\/home\/wp-json\/wp\/v2\/media\/3375"}],"wp:attachment":[{"href":"https:\/\/baya-shop.com\/home\/wp-json\/wp\/v2\/media?parent=2220"}],"wp:term":[{"taxonomy":"product_brand","embeddable":true,"href":"https:\/\/baya-shop.com\/home\/wp-json\/wp\/v2\/product_brand?post=2220"},{"taxonomy":"product_cat","embeddable":true,"href":"https:\/\/baya-shop.com\/home\/wp-json\/wp\/v2\/product_cat?post=2220"},{"taxonomy":"product_tag","embeddable":true,"href":"https:\/\/baya-shop.com\/home\/wp-json\/wp\/v2\/product_tag?post=2220"}],"curies":[{"name":"wp","href":"https:\/\/api.w.org\/{rel}","templated":true}]}}