{"id":2137,"date":"2023-08-12T16:00:20","date_gmt":"2023-08-12T15:00:20","guid":{"rendered":"https:\/\/baya-shop.com\/home\/?post_type=product&#038;p=2137"},"modified":"2025-11-01T03:02:02","modified_gmt":"2025-11-01T02:02:02","slug":"remington-brosse-lissante-cb7400","status":"publish","type":"product","link":"https:\/\/baya-shop.com\/home\/product\/remington-brosse-lissante-cb7400\/","title":{"rendered":"Remington Brosse Lissante straight brush CB7400"},"content":{"rendered":"","protected":false},"excerpt":{"rendered":"<ul>\n<li>Design innovant pour lisser et adoucir les cheveux tout en conservant le volume naturel<\/li>\n<li>D\u00f4t\u00e9e d\u2019un rev\u00eatement anti-statique pour des r\u00e9sultats sans frisottis<\/li>\n<li>Pic\u00f4ts Advanced ceramic pour glisser facilement dans les cheveux<\/li>\n<li>3 r\u00e9glages de chaleur pour tous les types de cheveux (<a href=\"dial:\/\/150-190%E2%80%93230\">150-190\u2013230<\/a>\u00b0C)<\/li>\n<li>Pr\u00eate en 30 secondes<\/li>\n<li>Arr\u00eat automatique<\/li>\n<li>Pochette de rangement pratique<\/li>\n<li>Cordon rotatif 1,8m<\/li>\n<li>Garantie 12 Mois<\/li>\n<\/ul>\n","protected":false},"featured_media":3365,"comment_status":"open","ping_status":"closed","template":"","meta":{"_uag_custom_page_level_css":"","jetpack_publicize_message":"","jetpack_publicize_feature_enabled":true,"jetpack_social_post_already_shared":false,"jetpack_social_options":{"image_generator_settings":{"template":"highway","default_image_id":0,"font":"","enabled":false},"version":2}},"product_brand":[],"product_cat":[21,46,47],"product_tag":[],"class_list":{"0":"post-2137","1":"product","2":"type-product","3":"status-publish","4":"has-post-thumbnail","6":"product_cat-brosse-cheveux","7":"product_cat-promotion","8":"product_cat-remington","10":"first","11":"instock","12":"sale","13":"shipping-taxable","14":"purchasable","15":"product-type-simple"},"yoast_head":"<!-- This site is optimized with the Yoast SEO plugin v27.5 - https:\/\/yoast.com\/product\/yoast-seo-wordpress\/ -->\n<title>Remington Brosse Lissante straight brush CB7400 - Baya Shop<\/title>\n<meta name=\"description\" content=\"Design innovant pour lisser et adoucir les cheveux tout en conservant le volume naturel  D\u00f4t\u00e9e d\u2019un rev\u00eatement anti-statique pour des r\u00e9sultats sans frisottis  Pic\u00f4ts Advanced ceramic pour glisser facilement dans les cheveux  3 r\u00e9glages de chaleur pour tous les types de cheveux (150-190\u2013230\u00b0C)  Pr\u00eate en 30 secondes  Arr\u00eat automatique  Pochette de rangement pratique  Cordon rotatif 1,8m  Garantie 12 Mois\" \/>\n<meta name=\"robots\" content=\"index, follow, max-snippet:-1, max-image-preview:large, max-video-preview:-1\" \/>\n<link rel=\"canonical\" href=\"https:\/\/baya-shop.com\/home\/product\/remington-brosse-lissante-cb7400\/\" \/>\n<meta property=\"og:locale\" content=\"fr_FR\" \/>\n<meta property=\"og:type\" content=\"article\" \/>\n<meta property=\"og:title\" content=\"Remington Brosse Lissante straight brush CB7400 - Baya Shop\" \/>\n<meta property=\"og:description\" content=\"Design innovant pour lisser et adoucir les cheveux tout en conservant le volume naturel  D\u00f4t\u00e9e d\u2019un rev\u00eatement anti-statique pour des r\u00e9sultats sans frisottis  Pic\u00f4ts Advanced ceramic pour glisser facilement dans les cheveux  3 r\u00e9glages de chaleur pour tous les types de cheveux (150-190\u2013230\u00b0C)  Pr\u00eate en 30 secondes  Arr\u00eat automatique  Pochette de rangement pratique  Cordon rotatif 1,8m  Garantie 12 Mois\" \/>\n<meta property=\"og:url\" content=\"https:\/\/baya-shop.com\/home\/product\/remington-brosse-lissante-cb7400\/\" \/>\n<meta property=\"og:site_name\" content=\"Baya Shop\" \/>\n<meta property=\"article:publisher\" content=\"https:\/\/www.facebook.com\/Baya-Shop-103955257949742\" \/>\n<meta property=\"article:modified_time\" content=\"2025-11-01T02:02:02+00:00\" \/>\n<meta property=\"og:image\" content=\"https:\/\/baya-shop.com\/wp-content\/uploads\/2023\/08\/Sans-titre-2023-12-24T224521.002.jpeg\" \/>\n\t<meta property=\"og:image:width\" content=\"600\" \/>\n\t<meta property=\"og:image:height\" content=\"600\" \/>\n\t<meta property=\"og:image:type\" content=\"image\/jpeg\" \/>\n<meta name=\"twitter:card\" content=\"summary_large_image\" \/>\n<meta name=\"twitter:label1\" content=\"Dur\u00e9e de lecture estim\u00e9e\" \/>\n\t<meta name=\"twitter:data1\" content=\"1 minute\" \/>\n<script type=\"application\/ld+json\" class=\"yoast-schema-graph\">{\"@context\":\"https:\\\/\\\/schema.org\",\"@graph\":[{\"@type\":\"WebPage\",\"@id\":\"https:\\\/\\\/baya-shop.com\\\/home\\\/product\\\/remington-brosse-lissante-cb7400\\\/\",\"url\":\"https:\\\/\\\/baya-shop.com\\\/home\\\/product\\\/remington-brosse-lissante-cb7400\\\/\",\"name\":\"Remington Brosse Lissante straight brush CB7400 - Baya Shop\",\"isPartOf\":{\"@id\":\"https:\\\/\\\/baya-shop.com\\\/home\\\/#website\"},\"primaryImageOfPage\":{\"@id\":\"https:\\\/\\\/baya-shop.com\\\/home\\\/product\\\/remington-brosse-lissante-cb7400\\\/#primaryimage\"},\"image\":{\"@id\":\"https:\\\/\\\/baya-shop.com\\\/home\\\/product\\\/remington-brosse-lissante-cb7400\\\/#primaryimage\"},\"thumbnailUrl\":\"https:\\\/\\\/i0.wp.com\\\/baya-shop.com\\\/wp-content\\\/uploads\\\/2023\\\/08\\\/Sans-titre-2023-12-24T224521.002.jpeg?fit=600%2C600&ssl=1\",\"datePublished\":\"2023-08-12T15:00:20+00:00\",\"dateModified\":\"2025-11-01T02:02:02+00:00\",\"description\":\"Design innovant pour lisser et adoucir les cheveux tout en conservant le volume naturel D\u00f4t\u00e9e d\u2019un rev\u00eatement anti-statique pour des r\u00e9sultats sans frisottis Pic\u00f4ts Advanced ceramic pour glisser facilement dans les cheveux 3 r\u00e9glages de chaleur pour tous les types de cheveux (150-190\u2013230\u00b0C) Pr\u00eate en 30 secondes Arr\u00eat automatique Pochette de rangement pratique Cordon rotatif 1,8m Garantie 12 Mois\",\"breadcrumb\":{\"@id\":\"https:\\\/\\\/baya-shop.com\\\/home\\\/product\\\/remington-brosse-lissante-cb7400\\\/#breadcrumb\"},\"inLanguage\":\"fr-FR\",\"potentialAction\":[{\"@type\":\"ReadAction\",\"target\":[\"https:\\\/\\\/baya-shop.com\\\/home\\\/product\\\/remington-brosse-lissante-cb7400\\\/\"]}]},{\"@type\":\"ImageObject\",\"inLanguage\":\"fr-FR\",\"@id\":\"https:\\\/\\\/baya-shop.com\\\/home\\\/product\\\/remington-brosse-lissante-cb7400\\\/#primaryimage\",\"url\":\"https:\\\/\\\/i0.wp.com\\\/baya-shop.com\\\/wp-content\\\/uploads\\\/2023\\\/08\\\/Sans-titre-2023-12-24T224521.002.jpeg?fit=600%2C600&ssl=1\",\"contentUrl\":\"https:\\\/\\\/i0.wp.com\\\/baya-shop.com\\\/wp-content\\\/uploads\\\/2023\\\/08\\\/Sans-titre-2023-12-24T224521.002.jpeg?fit=600%2C600&ssl=1\",\"width\":600,\"height\":600},{\"@type\":\"BreadcrumbList\",\"@id\":\"https:\\\/\\\/baya-shop.com\\\/home\\\/product\\\/remington-brosse-lissante-cb7400\\\/#breadcrumb\",\"itemListElement\":[{\"@type\":\"ListItem\",\"position\":1,\"name\":\"Accueil\",\"item\":\"https:\\\/\\\/baya-shop.com\\\/home\\\/\"},{\"@type\":\"ListItem\",\"position\":2,\"name\":\"Shop\",\"item\":\"https:\\\/\\\/baya-shop.com\\\/home\\\/shop\\\/\"},{\"@type\":\"ListItem\",\"position\":3,\"name\":\"Remington Brosse Lissante straight brush CB7400\"}]},{\"@type\":\"WebSite\",\"@id\":\"https:\\\/\\\/baya-shop.com\\\/home\\\/#website\",\"url\":\"https:\\\/\\\/baya-shop.com\\\/home\\\/\",\"name\":\"Baya Shop\",\"description\":\"\",\"publisher\":{\"@id\":\"https:\\\/\\\/baya-shop.com\\\/home\\\/#organization\"},\"potentialAction\":[{\"@type\":\"SearchAction\",\"target\":{\"@type\":\"EntryPoint\",\"urlTemplate\":\"https:\\\/\\\/baya-shop.com\\\/home\\\/?s={search_term_string}\"},\"query-input\":{\"@type\":\"PropertyValueSpecification\",\"valueRequired\":true,\"valueName\":\"search_term_string\"}}],\"inLanguage\":\"fr-FR\"},{\"@type\":\"Organization\",\"@id\":\"https:\\\/\\\/baya-shop.com\\\/home\\\/#organization\",\"name\":\"Baya Shop\",\"url\":\"https:\\\/\\\/baya-shop.com\\\/home\\\/\",\"logo\":{\"@type\":\"ImageObject\",\"inLanguage\":\"fr-FR\",\"@id\":\"https:\\\/\\\/baya-shop.com\\\/home\\\/#\\\/schema\\\/logo\\\/image\\\/\",\"url\":\"https:\\\/\\\/baya-shop.com\\\/wp-content\\\/uploads\\\/2020\\\/11\\\/g.png\",\"contentUrl\":\"https:\\\/\\\/baya-shop.com\\\/wp-content\\\/uploads\\\/2020\\\/11\\\/g.png\",\"width\":64,\"height\":64,\"caption\":\"Baya Shop\"},\"image\":{\"@id\":\"https:\\\/\\\/baya-shop.com\\\/home\\\/#\\\/schema\\\/logo\\\/image\\\/\"},\"sameAs\":[\"https:\\\/\\\/www.facebook.com\\\/Baya-Shop-103955257949742\",\"https:\\\/\\\/www.instagram.com\\\/baya_shop_dz\\\/\"]}]}<\/script>\n<!-- \/ Yoast SEO plugin. -->","yoast_head_json":{"title":"Remington Brosse Lissante straight brush CB7400 - Baya Shop","description":"Design innovant pour lisser et adoucir les cheveux tout en conservant le volume naturel  D\u00f4t\u00e9e d\u2019un rev\u00eatement anti-statique pour des r\u00e9sultats sans frisottis  Pic\u00f4ts Advanced ceramic pour glisser facilement dans les cheveux  3 r\u00e9glages de chaleur pour tous les types de cheveux (150-190\u2013230\u00b0C)  Pr\u00eate en 30 secondes  Arr\u00eat automatique  Pochette de rangement pratique  Cordon rotatif 1,8m  Garantie 12 Mois","robots":{"index":"index","follow":"follow","max-snippet":"max-snippet:-1","max-image-preview":"max-image-preview:large","max-video-preview":"max-video-preview:-1"},"canonical":"https:\/\/baya-shop.com\/home\/product\/remington-brosse-lissante-cb7400\/","og_locale":"fr_FR","og_type":"article","og_title":"Remington Brosse Lissante straight brush CB7400 - Baya Shop","og_description":"Design innovant pour lisser et adoucir les cheveux tout en conservant le volume naturel  D\u00f4t\u00e9e d\u2019un rev\u00eatement anti-statique pour des r\u00e9sultats sans frisottis  Pic\u00f4ts Advanced ceramic pour glisser facilement dans les cheveux  3 r\u00e9glages de chaleur pour tous les types de cheveux (150-190\u2013230\u00b0C)  Pr\u00eate en 30 secondes  Arr\u00eat automatique  Pochette de rangement pratique  Cordon rotatif 1,8m  Garantie 12 Mois","og_url":"https:\/\/baya-shop.com\/home\/product\/remington-brosse-lissante-cb7400\/","og_site_name":"Baya Shop","article_publisher":"https:\/\/www.facebook.com\/Baya-Shop-103955257949742","article_modified_time":"2025-11-01T02:02:02+00:00","og_image":[{"width":600,"height":600,"url":"https:\/\/baya-shop.com\/wp-content\/uploads\/2023\/08\/Sans-titre-2023-12-24T224521.002.jpeg","type":"image\/jpeg"}],"twitter_card":"summary_large_image","twitter_misc":{"Dur\u00e9e de lecture estim\u00e9e":"1 minute"},"schema":{"@context":"https:\/\/schema.org","@graph":[{"@type":"WebPage","@id":"https:\/\/baya-shop.com\/home\/product\/remington-brosse-lissante-cb7400\/","url":"https:\/\/baya-shop.com\/home\/product\/remington-brosse-lissante-cb7400\/","name":"Remington Brosse Lissante straight brush CB7400 - Baya Shop","isPartOf":{"@id":"https:\/\/baya-shop.com\/home\/#website"},"primaryImageOfPage":{"@id":"https:\/\/baya-shop.com\/home\/product\/remington-brosse-lissante-cb7400\/#primaryimage"},"image":{"@id":"https:\/\/baya-shop.com\/home\/product\/remington-brosse-lissante-cb7400\/#primaryimage"},"thumbnailUrl":"https:\/\/i0.wp.com\/baya-shop.com\/wp-content\/uploads\/2023\/08\/Sans-titre-2023-12-24T224521.002.jpeg?fit=600%2C600&ssl=1","datePublished":"2023-08-12T15:00:20+00:00","dateModified":"2025-11-01T02:02:02+00:00","description":"Design innovant pour lisser et adoucir les cheveux tout en conservant le volume naturel D\u00f4t\u00e9e d\u2019un rev\u00eatement anti-statique pour des r\u00e9sultats sans frisottis Pic\u00f4ts Advanced ceramic pour glisser facilement dans les cheveux 3 r\u00e9glages de chaleur pour tous les types de cheveux (150-190\u2013230\u00b0C) Pr\u00eate en 30 secondes Arr\u00eat automatique Pochette de rangement pratique Cordon rotatif 1,8m Garantie 12 Mois","breadcrumb":{"@id":"https:\/\/baya-shop.com\/home\/product\/remington-brosse-lissante-cb7400\/#breadcrumb"},"inLanguage":"fr-FR","potentialAction":[{"@type":"ReadAction","target":["https:\/\/baya-shop.com\/home\/product\/remington-brosse-lissante-cb7400\/"]}]},{"@type":"ImageObject","inLanguage":"fr-FR","@id":"https:\/\/baya-shop.com\/home\/product\/remington-brosse-lissante-cb7400\/#primaryimage","url":"https:\/\/i0.wp.com\/baya-shop.com\/wp-content\/uploads\/2023\/08\/Sans-titre-2023-12-24T224521.002.jpeg?fit=600%2C600&ssl=1","contentUrl":"https:\/\/i0.wp.com\/baya-shop.com\/wp-content\/uploads\/2023\/08\/Sans-titre-2023-12-24T224521.002.jpeg?fit=600%2C600&ssl=1","width":600,"height":600},{"@type":"BreadcrumbList","@id":"https:\/\/baya-shop.com\/home\/product\/remington-brosse-lissante-cb7400\/#breadcrumb","itemListElement":[{"@type":"ListItem","position":1,"name":"Accueil","item":"https:\/\/baya-shop.com\/home\/"},{"@type":"ListItem","position":2,"name":"Shop","item":"https:\/\/baya-shop.com\/home\/shop\/"},{"@type":"ListItem","position":3,"name":"Remington Brosse Lissante straight brush CB7400"}]},{"@type":"WebSite","@id":"https:\/\/baya-shop.com\/home\/#website","url":"https:\/\/baya-shop.com\/home\/","name":"Baya Shop","description":"","publisher":{"@id":"https:\/\/baya-shop.com\/home\/#organization"},"potentialAction":[{"@type":"SearchAction","target":{"@type":"EntryPoint","urlTemplate":"https:\/\/baya-shop.com\/home\/?s={search_term_string}"},"query-input":{"@type":"PropertyValueSpecification","valueRequired":true,"valueName":"search_term_string"}}],"inLanguage":"fr-FR"},{"@type":"Organization","@id":"https:\/\/baya-shop.com\/home\/#organization","name":"Baya Shop","url":"https:\/\/baya-shop.com\/home\/","logo":{"@type":"ImageObject","inLanguage":"fr-FR","@id":"https:\/\/baya-shop.com\/home\/#\/schema\/logo\/image\/","url":"https:\/\/baya-shop.com\/wp-content\/uploads\/2020\/11\/g.png","contentUrl":"https:\/\/baya-shop.com\/wp-content\/uploads\/2020\/11\/g.png","width":64,"height":64,"caption":"Baya Shop"},"image":{"@id":"https:\/\/baya-shop.com\/home\/#\/schema\/logo\/image\/"},"sameAs":["https:\/\/www.facebook.com\/Baya-Shop-103955257949742","https:\/\/www.instagram.com\/baya_shop_dz\/"]}]}},"jetpack_publicize_connections":[],"uagb_featured_image_src":{"full":["https:\/\/i0.wp.com\/baya-shop.com\/wp-content\/uploads\/2023\/08\/Sans-titre-2023-12-24T224521.002.jpeg?fit=600%2C600&ssl=1",600,600,false],"thumbnail":["https:\/\/i0.wp.com\/baya-shop.com\/wp-content\/uploads\/2023\/08\/Sans-titre-2023-12-24T224521.002.jpeg?resize=150%2C150&ssl=1",150,150,true],"medium":["https:\/\/i0.wp.com\/baya-shop.com\/wp-content\/uploads\/2023\/08\/Sans-titre-2023-12-24T224521.002.jpeg?fit=300%2C300&ssl=1",300,300,true],"medium_large":["https:\/\/i0.wp.com\/baya-shop.com\/wp-content\/uploads\/2023\/08\/Sans-titre-2023-12-24T224521.002.jpeg?fit=600%2C600&ssl=1",600,600,true],"large":["https:\/\/i0.wp.com\/baya-shop.com\/wp-content\/uploads\/2023\/08\/Sans-titre-2023-12-24T224521.002.jpeg?fit=600%2C600&ssl=1",600,600,true],"1536x1536":["https:\/\/i0.wp.com\/baya-shop.com\/wp-content\/uploads\/2023\/08\/Sans-titre-2023-12-24T224521.002.jpeg?fit=600%2C600&ssl=1",600,600,true],"2048x2048":["https:\/\/i0.wp.com\/baya-shop.com\/wp-content\/uploads\/2023\/08\/Sans-titre-2023-12-24T224521.002.jpeg?fit=600%2C600&ssl=1",600,600,true],"woocommerce_thumbnail":["https:\/\/i0.wp.com\/baya-shop.com\/wp-content\/uploads\/2023\/08\/Sans-titre-2023-12-24T224521.002.jpeg?resize=300%2C300&ssl=1",300,300,true],"woocommerce_single":["https:\/\/i0.wp.com\/baya-shop.com\/wp-content\/uploads\/2023\/08\/Sans-titre-2023-12-24T224521.002.jpeg?fit=600%2C600&ssl=1",600,600,true],"woocommerce_gallery_thumbnail":["https:\/\/i0.wp.com\/baya-shop.com\/wp-content\/uploads\/2023\/08\/Sans-titre-2023-12-24T224521.002.jpeg?resize=100%2C100&ssl=1",100,100,true],"jetpack-portfolio-admin-thumb":["https:\/\/i0.wp.com\/baya-shop.com\/wp-content\/uploads\/2023\/08\/Sans-titre-2023-12-24T224521.002.jpeg?resize=50%2C50&ssl=1",50,50,true]},"uagb_author_info":{"display_name":"","author_link":"https:\/\/baya-shop.com\/home\/author\/"},"uagb_comment_info":4,"uagb_excerpt":"Design innovant pour lisser et adoucir les cheveux tout en conservant le volume naturel D\u00f4t\u00e9e d\u2019un rev\u00eatement anti-statique pour des r\u00e9sultats sans frisottis Pic\u00f4ts Advanced ceramic pour glisser facilement dans les cheveux 3 r\u00e9glages de chaleur pour tous les types de cheveux (150-190\u2013230\u00b0C) Pr\u00eate en 30 secondes Arr\u00eat automatique Pochette de rangement pratique Cordon rotatif\u2026","jetpack_sharing_enabled":true,"jetpack_likes_enabled":true,"jetpack-related-posts":[],"_links":{"self":[{"href":"https:\/\/baya-shop.com\/home\/wp-json\/wp\/v2\/product\/2137","targetHints":{"allow":["GET"]}}],"collection":[{"href":"https:\/\/baya-shop.com\/home\/wp-json\/wp\/v2\/product"}],"about":[{"href":"https:\/\/baya-shop.com\/home\/wp-json\/wp\/v2\/types\/product"}],"replies":[{"embeddable":true,"href":"https:\/\/baya-shop.com\/home\/wp-json\/wp\/v2\/comments?post=2137"}],"wp:featuredmedia":[{"embeddable":true,"href":"https:\/\/baya-shop.com\/home\/wp-json\/wp\/v2\/media\/3365"}],"wp:attachment":[{"href":"https:\/\/baya-shop.com\/home\/wp-json\/wp\/v2\/media?parent=2137"}],"wp:term":[{"taxonomy":"product_brand","embeddable":true,"href":"https:\/\/baya-shop.com\/home\/wp-json\/wp\/v2\/product_brand?post=2137"},{"taxonomy":"product_cat","embeddable":true,"href":"https:\/\/baya-shop.com\/home\/wp-json\/wp\/v2\/product_cat?post=2137"},{"taxonomy":"product_tag","embeddable":true,"href":"https:\/\/baya-shop.com\/home\/wp-json\/wp\/v2\/product_tag?post=2137"}],"curies":[{"name":"wp","href":"https:\/\/api.w.org\/{rel}","templated":true}]}}