{"id":2128,"date":"2023-08-12T15:43:41","date_gmt":"2023-08-12T14:43:41","guid":{"rendered":"https:\/\/baya-shop.com\/home\/?post_type=product&#038;p=2128"},"modified":"2024-02-09T15:45:25","modified_gmt":"2024-02-09T14:45:25","slug":"remington-seche-cheveux-proluxe-you-avec-afficheur-2400-watt-ac9800","status":"publish","type":"product","link":"https:\/\/baya-shop.com\/home\/product\/remington-seche-cheveux-proluxe-you-avec-afficheur-2400-watt-ac9800\/","title":{"rendered":"Remington S\u00e8che-Cheveux PROluxe YOU AC9800"},"content":{"rendered":"","protected":false},"excerpt":{"rendered":"<ul>\n<li>Technologie Intelligente StyleAdapt<\/li>\n<li>Apprend, adapte et personnalise le niveau de chaleur<\/li>\n<li>Indicateur LED StyleAdapt<\/li>\n<li>3 modes StyleAdapt : S\u00e9chage rapide, Diffuseur, Style<\/li>\n<li>Rev\u00eatement Advanced Diamond Ceramic<\/li>\n<li>Moteur AC qualit\u00e9 salon, longue dur\u00e9e<\/li>\n<li>Puissance 2400W \/ flux d&rsquo;air de 115 km\/h<\/li>\n<li>Ecran digital pour un contr\u00f4le optimal<\/li>\n<li>Mode manuel &#8211; 3 temp\u00e9ratures \/ vitesses<\/li>\n<li>Air froid<\/li>\n<li>Technologie ionique<\/li>\n<li>Fonction m\u00e9moire<\/li>\n<li>Concentrateur large pour le s\u00e9chage<\/li>\n<li>Concentrateur fin pour styliser<\/li>\n<li>Diffuseur<\/li>\n<li>Cordon longueur salon de 3 m<\/li>\n<li>Anneau de suspension avec rangement du cordon<\/li>\n<\/ul>\n","protected":false},"featured_media":3363,"comment_status":"open","ping_status":"closed","template":"","meta":{"jetpack_post_was_ever_published":false,"jetpack_publicize_message":"","jetpack_publicize_feature_enabled":true,"jetpack_social_post_already_shared":false,"jetpack_social_options":{"image_generator_settings":{"template":"highway","default_image_id":0,"font":"","enabled":false},"version":2}},"product_brand":[],"product_cat":[47,20],"product_tag":[],"class_list":{"0":"post-2128","1":"product","2":"type-product","3":"status-publish","4":"has-post-thumbnail","6":"product_cat-remington","7":"product_cat-seche-cheveux","9":"first","10":"instock","11":"shipping-taxable","12":"purchasable","13":"product-type-simple"},"yoast_head":"<!-- This site is optimized with the Yoast SEO plugin v27.5 - https:\/\/yoast.com\/product\/yoast-seo-wordpress\/ -->\n<title>Remington S\u00e8che-Cheveux PROluxe YOU AC9800 - Baya Shop<\/title>\n<meta name=\"description\" content=\"Technologie Intelligente StyleAdapt  Apprend, adapte et personnalise le niveau de chaleur  Indicateur LED StyleAdapt  3 modes StyleAdapt : S\u00e9chage rapide, Diffuseur, Style  Rev\u00eatement Advanced Diamond Ceramic  Moteur AC qualit\u00e9 salon, longue dur\u00e9e  Puissance 2400W \/ flux d&#039;air de 115 km\/h  Ecran digital pour un contr\u00f4le optimal  Mode manuel - 3 temp\u00e9ratures \/ vitesses  Air froid  Technologie ionique  Fonction m\u00e9moire  Concentrateur large pour le s\u00e9chage  Concentrateur fin pour styliser  Diffuseur  Cordon longueur salon de 3 m  Anneau de suspension avec rangement du cordon\" \/>\n<meta name=\"robots\" content=\"index, follow, max-snippet:-1, max-image-preview:large, max-video-preview:-1\" \/>\n<link rel=\"canonical\" href=\"https:\/\/baya-shop.com\/home\/product\/remington-seche-cheveux-proluxe-you-avec-afficheur-2400-watt-ac9800\/\" \/>\n<meta property=\"og:locale\" content=\"fr_FR\" \/>\n<meta property=\"og:type\" content=\"article\" \/>\n<meta property=\"og:title\" content=\"Remington S\u00e8che-Cheveux PROluxe YOU AC9800 - Baya Shop\" \/>\n<meta property=\"og:description\" content=\"Technologie Intelligente StyleAdapt  Apprend, adapte et personnalise le niveau de chaleur  Indicateur LED StyleAdapt  3 modes StyleAdapt : S\u00e9chage rapide, Diffuseur, Style  Rev\u00eatement Advanced Diamond Ceramic  Moteur AC qualit\u00e9 salon, longue dur\u00e9e  Puissance 2400W \/ flux d&#039;air de 115 km\/h  Ecran digital pour un contr\u00f4le optimal  Mode manuel - 3 temp\u00e9ratures \/ vitesses  Air froid  Technologie ionique  Fonction m\u00e9moire  Concentrateur large pour le s\u00e9chage  Concentrateur fin pour styliser  Diffuseur  Cordon longueur salon de 3 m  Anneau de suspension avec rangement du cordon\" \/>\n<meta property=\"og:url\" content=\"https:\/\/baya-shop.com\/home\/product\/remington-seche-cheveux-proluxe-you-avec-afficheur-2400-watt-ac9800\/\" \/>\n<meta property=\"og:site_name\" content=\"Baya Shop\" \/>\n<meta property=\"article:publisher\" content=\"https:\/\/www.facebook.com\/Baya-Shop-103955257949742\" \/>\n<meta property=\"article:modified_time\" content=\"2024-02-09T14:45:25+00:00\" \/>\n<meta property=\"og:image\" content=\"https:\/\/baya-shop.com\/wp-content\/uploads\/2023\/08\/large_45728560100_9688_AC9800EU_Pack3DFront.jpg\" \/>\n\t<meta property=\"og:image:width\" content=\"1100\" \/>\n\t<meta property=\"og:image:height\" content=\"1000\" \/>\n\t<meta property=\"og:image:type\" content=\"image\/jpeg\" \/>\n<meta name=\"twitter:card\" content=\"summary_large_image\" \/>\n<meta name=\"twitter:label1\" content=\"Dur\u00e9e de lecture estim\u00e9e\" \/>\n\t<meta name=\"twitter:data1\" content=\"1 minute\" \/>\n<script type=\"application\/ld+json\" class=\"yoast-schema-graph\">{\"@context\":\"https:\\\/\\\/schema.org\",\"@graph\":[{\"@type\":\"WebPage\",\"@id\":\"https:\\\/\\\/baya-shop.com\\\/home\\\/product\\\/remington-seche-cheveux-proluxe-you-avec-afficheur-2400-watt-ac9800\\\/\",\"url\":\"https:\\\/\\\/baya-shop.com\\\/home\\\/product\\\/remington-seche-cheveux-proluxe-you-avec-afficheur-2400-watt-ac9800\\\/\",\"name\":\"Remington S\u00e8che-Cheveux PROluxe YOU AC9800 - Baya Shop\",\"isPartOf\":{\"@id\":\"https:\\\/\\\/baya-shop.com\\\/home\\\/#website\"},\"primaryImageOfPage\":{\"@id\":\"https:\\\/\\\/baya-shop.com\\\/home\\\/product\\\/remington-seche-cheveux-proluxe-you-avec-afficheur-2400-watt-ac9800\\\/#primaryimage\"},\"image\":{\"@id\":\"https:\\\/\\\/baya-shop.com\\\/home\\\/product\\\/remington-seche-cheveux-proluxe-you-avec-afficheur-2400-watt-ac9800\\\/#primaryimage\"},\"thumbnailUrl\":\"https:\\\/\\\/i0.wp.com\\\/baya-shop.com\\\/wp-content\\\/uploads\\\/2023\\\/08\\\/large_45728560100_9688_AC9800EU_Pack3DFront.jpg?fit=1100%2C1000&ssl=1\",\"datePublished\":\"2023-08-12T14:43:41+00:00\",\"dateModified\":\"2024-02-09T14:45:25+00:00\",\"description\":\"Technologie Intelligente StyleAdapt Apprend, adapte et personnalise le niveau de chaleur Indicateur LED StyleAdapt 3 modes StyleAdapt : S\u00e9chage rapide, Diffuseur, Style Rev\u00eatement Advanced Diamond Ceramic Moteur AC qualit\u00e9 salon, longue dur\u00e9e Puissance 2400W \\\/ flux d'air de 115 km\\\/h Ecran digital pour un contr\u00f4le optimal Mode manuel - 3 temp\u00e9ratures \\\/ vitesses Air froid Technologie ionique Fonction m\u00e9moire Concentrateur large pour le s\u00e9chage Concentrateur fin pour styliser Diffuseur Cordon longueur salon de 3 m Anneau de suspension avec rangement du cordon\",\"breadcrumb\":{\"@id\":\"https:\\\/\\\/baya-shop.com\\\/home\\\/product\\\/remington-seche-cheveux-proluxe-you-avec-afficheur-2400-watt-ac9800\\\/#breadcrumb\"},\"inLanguage\":\"fr-FR\",\"potentialAction\":[{\"@type\":\"ReadAction\",\"target\":[\"https:\\\/\\\/baya-shop.com\\\/home\\\/product\\\/remington-seche-cheveux-proluxe-you-avec-afficheur-2400-watt-ac9800\\\/\"]}]},{\"@type\":\"ImageObject\",\"inLanguage\":\"fr-FR\",\"@id\":\"https:\\\/\\\/baya-shop.com\\\/home\\\/product\\\/remington-seche-cheveux-proluxe-you-avec-afficheur-2400-watt-ac9800\\\/#primaryimage\",\"url\":\"https:\\\/\\\/i0.wp.com\\\/baya-shop.com\\\/wp-content\\\/uploads\\\/2023\\\/08\\\/large_45728560100_9688_AC9800EU_Pack3DFront.jpg?fit=1100%2C1000&ssl=1\",\"contentUrl\":\"https:\\\/\\\/i0.wp.com\\\/baya-shop.com\\\/wp-content\\\/uploads\\\/2023\\\/08\\\/large_45728560100_9688_AC9800EU_Pack3DFront.jpg?fit=1100%2C1000&ssl=1\",\"width\":1100,\"height\":1000},{\"@type\":\"BreadcrumbList\",\"@id\":\"https:\\\/\\\/baya-shop.com\\\/home\\\/product\\\/remington-seche-cheveux-proluxe-you-avec-afficheur-2400-watt-ac9800\\\/#breadcrumb\",\"itemListElement\":[{\"@type\":\"ListItem\",\"position\":1,\"name\":\"Accueil\",\"item\":\"https:\\\/\\\/baya-shop.com\\\/home\\\/\"},{\"@type\":\"ListItem\",\"position\":2,\"name\":\"Shop\",\"item\":\"https:\\\/\\\/baya-shop.com\\\/home\\\/shop\\\/\"},{\"@type\":\"ListItem\",\"position\":3,\"name\":\"Remington S\u00e8che-Cheveux PROluxe YOU AC9800\"}]},{\"@type\":\"WebSite\",\"@id\":\"https:\\\/\\\/baya-shop.com\\\/home\\\/#website\",\"url\":\"https:\\\/\\\/baya-shop.com\\\/home\\\/\",\"name\":\"Baya Shop\",\"description\":\"\",\"publisher\":{\"@id\":\"https:\\\/\\\/baya-shop.com\\\/home\\\/#organization\"},\"potentialAction\":[{\"@type\":\"SearchAction\",\"target\":{\"@type\":\"EntryPoint\",\"urlTemplate\":\"https:\\\/\\\/baya-shop.com\\\/home\\\/?s={search_term_string}\"},\"query-input\":{\"@type\":\"PropertyValueSpecification\",\"valueRequired\":true,\"valueName\":\"search_term_string\"}}],\"inLanguage\":\"fr-FR\"},{\"@type\":\"Organization\",\"@id\":\"https:\\\/\\\/baya-shop.com\\\/home\\\/#organization\",\"name\":\"Baya Shop\",\"url\":\"https:\\\/\\\/baya-shop.com\\\/home\\\/\",\"logo\":{\"@type\":\"ImageObject\",\"inLanguage\":\"fr-FR\",\"@id\":\"https:\\\/\\\/baya-shop.com\\\/home\\\/#\\\/schema\\\/logo\\\/image\\\/\",\"url\":\"https:\\\/\\\/baya-shop.com\\\/wp-content\\\/uploads\\\/2020\\\/11\\\/g.png\",\"contentUrl\":\"https:\\\/\\\/baya-shop.com\\\/wp-content\\\/uploads\\\/2020\\\/11\\\/g.png\",\"width\":64,\"height\":64,\"caption\":\"Baya Shop\"},\"image\":{\"@id\":\"https:\\\/\\\/baya-shop.com\\\/home\\\/#\\\/schema\\\/logo\\\/image\\\/\"},\"sameAs\":[\"https:\\\/\\\/www.facebook.com\\\/Baya-Shop-103955257949742\",\"https:\\\/\\\/www.instagram.com\\\/baya_shop_dz\\\/\"]}]}<\/script>\n<!-- \/ Yoast SEO plugin. -->","yoast_head_json":{"title":"Remington S\u00e8che-Cheveux PROluxe YOU AC9800 - Baya Shop","description":"Technologie Intelligente StyleAdapt  Apprend, adapte et personnalise le niveau de chaleur  Indicateur LED StyleAdapt  3 modes StyleAdapt : S\u00e9chage rapide, Diffuseur, Style  Rev\u00eatement Advanced Diamond Ceramic  Moteur AC qualit\u00e9 salon, longue dur\u00e9e  Puissance 2400W \/ flux d'air de 115 km\/h  Ecran digital pour un contr\u00f4le optimal  Mode manuel - 3 temp\u00e9ratures \/ vitesses  Air froid  Technologie ionique  Fonction m\u00e9moire  Concentrateur large pour le s\u00e9chage  Concentrateur fin pour styliser  Diffuseur  Cordon longueur salon de 3 m  Anneau de suspension avec rangement du cordon","robots":{"index":"index","follow":"follow","max-snippet":"max-snippet:-1","max-image-preview":"max-image-preview:large","max-video-preview":"max-video-preview:-1"},"canonical":"https:\/\/baya-shop.com\/home\/product\/remington-seche-cheveux-proluxe-you-avec-afficheur-2400-watt-ac9800\/","og_locale":"fr_FR","og_type":"article","og_title":"Remington S\u00e8che-Cheveux PROluxe YOU AC9800 - Baya Shop","og_description":"Technologie Intelligente StyleAdapt  Apprend, adapte et personnalise le niveau de chaleur  Indicateur LED StyleAdapt  3 modes StyleAdapt : S\u00e9chage rapide, Diffuseur, Style  Rev\u00eatement Advanced Diamond Ceramic  Moteur AC qualit\u00e9 salon, longue dur\u00e9e  Puissance 2400W \/ flux d'air de 115 km\/h  Ecran digital pour un contr\u00f4le optimal  Mode manuel - 3 temp\u00e9ratures \/ vitesses  Air froid  Technologie ionique  Fonction m\u00e9moire  Concentrateur large pour le s\u00e9chage  Concentrateur fin pour styliser  Diffuseur  Cordon longueur salon de 3 m  Anneau de suspension avec rangement du cordon","og_url":"https:\/\/baya-shop.com\/home\/product\/remington-seche-cheveux-proluxe-you-avec-afficheur-2400-watt-ac9800\/","og_site_name":"Baya Shop","article_publisher":"https:\/\/www.facebook.com\/Baya-Shop-103955257949742","article_modified_time":"2024-02-09T14:45:25+00:00","og_image":[{"width":1100,"height":1000,"url":"https:\/\/baya-shop.com\/wp-content\/uploads\/2023\/08\/large_45728560100_9688_AC9800EU_Pack3DFront.jpg","type":"image\/jpeg"}],"twitter_card":"summary_large_image","twitter_misc":{"Dur\u00e9e de lecture estim\u00e9e":"1 minute"},"schema":{"@context":"https:\/\/schema.org","@graph":[{"@type":"WebPage","@id":"https:\/\/baya-shop.com\/home\/product\/remington-seche-cheveux-proluxe-you-avec-afficheur-2400-watt-ac9800\/","url":"https:\/\/baya-shop.com\/home\/product\/remington-seche-cheveux-proluxe-you-avec-afficheur-2400-watt-ac9800\/","name":"Remington S\u00e8che-Cheveux PROluxe YOU AC9800 - Baya Shop","isPartOf":{"@id":"https:\/\/baya-shop.com\/home\/#website"},"primaryImageOfPage":{"@id":"https:\/\/baya-shop.com\/home\/product\/remington-seche-cheveux-proluxe-you-avec-afficheur-2400-watt-ac9800\/#primaryimage"},"image":{"@id":"https:\/\/baya-shop.com\/home\/product\/remington-seche-cheveux-proluxe-you-avec-afficheur-2400-watt-ac9800\/#primaryimage"},"thumbnailUrl":"https:\/\/i0.wp.com\/baya-shop.com\/wp-content\/uploads\/2023\/08\/large_45728560100_9688_AC9800EU_Pack3DFront.jpg?fit=1100%2C1000&ssl=1","datePublished":"2023-08-12T14:43:41+00:00","dateModified":"2024-02-09T14:45:25+00:00","description":"Technologie Intelligente StyleAdapt Apprend, adapte et personnalise le niveau de chaleur Indicateur LED StyleAdapt 3 modes StyleAdapt : S\u00e9chage rapide, Diffuseur, Style Rev\u00eatement Advanced Diamond Ceramic Moteur AC qualit\u00e9 salon, longue dur\u00e9e Puissance 2400W \/ flux d'air de 115 km\/h Ecran digital pour un contr\u00f4le optimal Mode manuel - 3 temp\u00e9ratures \/ vitesses Air froid Technologie ionique Fonction m\u00e9moire Concentrateur large pour le s\u00e9chage Concentrateur fin pour styliser Diffuseur Cordon longueur salon de 3 m Anneau de suspension avec rangement du cordon","breadcrumb":{"@id":"https:\/\/baya-shop.com\/home\/product\/remington-seche-cheveux-proluxe-you-avec-afficheur-2400-watt-ac9800\/#breadcrumb"},"inLanguage":"fr-FR","potentialAction":[{"@type":"ReadAction","target":["https:\/\/baya-shop.com\/home\/product\/remington-seche-cheveux-proluxe-you-avec-afficheur-2400-watt-ac9800\/"]}]},{"@type":"ImageObject","inLanguage":"fr-FR","@id":"https:\/\/baya-shop.com\/home\/product\/remington-seche-cheveux-proluxe-you-avec-afficheur-2400-watt-ac9800\/#primaryimage","url":"https:\/\/i0.wp.com\/baya-shop.com\/wp-content\/uploads\/2023\/08\/large_45728560100_9688_AC9800EU_Pack3DFront.jpg?fit=1100%2C1000&ssl=1","contentUrl":"https:\/\/i0.wp.com\/baya-shop.com\/wp-content\/uploads\/2023\/08\/large_45728560100_9688_AC9800EU_Pack3DFront.jpg?fit=1100%2C1000&ssl=1","width":1100,"height":1000},{"@type":"BreadcrumbList","@id":"https:\/\/baya-shop.com\/home\/product\/remington-seche-cheveux-proluxe-you-avec-afficheur-2400-watt-ac9800\/#breadcrumb","itemListElement":[{"@type":"ListItem","position":1,"name":"Accueil","item":"https:\/\/baya-shop.com\/home\/"},{"@type":"ListItem","position":2,"name":"Shop","item":"https:\/\/baya-shop.com\/home\/shop\/"},{"@type":"ListItem","position":3,"name":"Remington S\u00e8che-Cheveux PROluxe YOU AC9800"}]},{"@type":"WebSite","@id":"https:\/\/baya-shop.com\/home\/#website","url":"https:\/\/baya-shop.com\/home\/","name":"Baya Shop","description":"","publisher":{"@id":"https:\/\/baya-shop.com\/home\/#organization"},"potentialAction":[{"@type":"SearchAction","target":{"@type":"EntryPoint","urlTemplate":"https:\/\/baya-shop.com\/home\/?s={search_term_string}"},"query-input":{"@type":"PropertyValueSpecification","valueRequired":true,"valueName":"search_term_string"}}],"inLanguage":"fr-FR"},{"@type":"Organization","@id":"https:\/\/baya-shop.com\/home\/#organization","name":"Baya Shop","url":"https:\/\/baya-shop.com\/home\/","logo":{"@type":"ImageObject","inLanguage":"fr-FR","@id":"https:\/\/baya-shop.com\/home\/#\/schema\/logo\/image\/","url":"https:\/\/baya-shop.com\/wp-content\/uploads\/2020\/11\/g.png","contentUrl":"https:\/\/baya-shop.com\/wp-content\/uploads\/2020\/11\/g.png","width":64,"height":64,"caption":"Baya Shop"},"image":{"@id":"https:\/\/baya-shop.com\/home\/#\/schema\/logo\/image\/"},"sameAs":["https:\/\/www.facebook.com\/Baya-Shop-103955257949742","https:\/\/www.instagram.com\/baya_shop_dz\/"]}]}},"jetpack_publicize_connections":[],"jetpack_sharing_enabled":true,"jetpack_likes_enabled":true,"jetpack-related-posts":[],"_links":{"self":[{"href":"https:\/\/baya-shop.com\/home\/wp-json\/wp\/v2\/product\/2128","targetHints":{"allow":["GET"]}}],"collection":[{"href":"https:\/\/baya-shop.com\/home\/wp-json\/wp\/v2\/product"}],"about":[{"href":"https:\/\/baya-shop.com\/home\/wp-json\/wp\/v2\/types\/product"}],"replies":[{"embeddable":true,"href":"https:\/\/baya-shop.com\/home\/wp-json\/wp\/v2\/comments?post=2128"}],"wp:featuredmedia":[{"embeddable":true,"href":"https:\/\/baya-shop.com\/home\/wp-json\/wp\/v2\/media\/3363"}],"wp:attachment":[{"href":"https:\/\/baya-shop.com\/home\/wp-json\/wp\/v2\/media?parent=2128"}],"wp:term":[{"taxonomy":"product_brand","embeddable":true,"href":"https:\/\/baya-shop.com\/home\/wp-json\/wp\/v2\/product_brand?post=2128"},{"taxonomy":"product_cat","embeddable":true,"href":"https:\/\/baya-shop.com\/home\/wp-json\/wp\/v2\/product_cat?post=2128"},{"taxonomy":"product_tag","embeddable":true,"href":"https:\/\/baya-shop.com\/home\/wp-json\/wp\/v2\/product_tag?post=2128"}],"curies":[{"name":"wp","href":"https:\/\/api.w.org\/{rel}","templated":true}]}}