{"id":2120,"date":"2023-08-03T18:35:29","date_gmt":"2023-08-03T17:35:29","guid":{"rendered":"https:\/\/baya-shop.com\/home\/?post_type=product&#038;p=2120"},"modified":"2025-08-16T13:42:16","modified_gmt":"2025-08-16T12:42:16","slug":"calor-for-elite-boucleur-25mm-cf3212","status":"publish","type":"product","link":"https:\/\/baya-shop.com\/home\/product\/calor-for-elite-boucleur-25mm-cf3212\/","title":{"rendered":"Calor for elite Boucleur CF3212"},"content":{"rendered":"","protected":false},"excerpt":{"rendered":"<p>e Calor CF3212 est un fer \u00e0 boucler poss\u00e9dant un des meilleurs rapport qualit\u00e9\/prix du march\u00e9. Pour une trentaine d\u2019euros vous b\u00e9n\u00e9ficiez de la qualit\u00e9 de fabrication de la grande marque Calor et de ses multiples innovations :<\/p>\n<h3>Soin du cheveux<\/h3>\n<ul>\n<li>Rev\u00eatement exclusif au complexe de k\u00e9ratine<\/li>\n<li>Effet de brillance gr\u00e2ce aux ions qu\u2019\u00e9met le fer<\/li>\n<li>Des boucles et des ondulations naturelles (25mm) tout en prenant soin du cheveux<\/li>\n<\/ul>\n<h3>Puissance et caract\u00e9ristiques<\/h3>\n<ul>\n<li>Haute performance de chauffe : Temp\u00e9rature constante de 200\u00b0<\/li>\n<li>Confort d&rsquo;utilisation gr\u00e2ce au cordon rotatif \u00e0 360\u00b0<\/li>\n<li>Temps de chauffe de 60 secondes<\/li>\n<li>Extr\u00e9mit\u00e9s garanties froides par un embout isolant<\/li>\n<\/ul>\n","protected":false},"featured_media":3544,"comment_status":"open","ping_status":"closed","template":"","meta":{"jetpack_post_was_ever_published":false,"jetpack_publicize_message":"","jetpack_publicize_feature_enabled":true,"jetpack_social_post_already_shared":false,"jetpack_social_options":{"image_generator_settings":{"template":"highway","default_image_id":0,"font":"","enabled":false},"version":2}},"product_brand":[],"product_cat":[17,65],"product_tag":[],"class_list":{"0":"post-2120","1":"product","2":"type-product","3":"status-publish","4":"has-post-thumbnail","6":"product_cat-boucleur","7":"product_cat-calor","9":"first","10":"outofstock","11":"shipping-taxable","12":"purchasable","13":"product-type-simple"},"yoast_head":"<!-- This site is optimized with the Yoast SEO plugin v27.4 - https:\/\/yoast.com\/product\/yoast-seo-wordpress\/ -->\n<title>Calor for elite Boucleur CF3212 - Baya Shop<\/title>\n<meta name=\"description\" content=\"e Calor CF3212 est un fer \u00e0 boucler poss\u00e9dant un des meilleurs rapport qualit\u00e9\/prix du march\u00e9. Pour une trentaine d\u2019euros vous b\u00e9n\u00e9ficiez de la qualit\u00e9 de fabrication de la grande marque Calor et de ses multiples innovations : Soin du cheveux   Rev\u00eatement exclusif au complexe de k\u00e9ratine  Effet de brillance gr\u00e2ce aux ions qu\u2019\u00e9met le fer  Des boucles et des ondulations naturelles (25mm) tout en prenant soin du cheveux  Puissance et caract\u00e9ristiques   Haute performance de chauffe : Temp\u00e9rature constante de 200\u00b0  Confort d&#039;utilisation gr\u00e2ce au cordon rotatif \u00e0 360\u00b0  Temps de chauffe de 60 secondes  Extr\u00e9mit\u00e9s garanties froides par un embout isolant\" \/>\n<meta name=\"robots\" content=\"index, follow, max-snippet:-1, max-image-preview:large, max-video-preview:-1\" \/>\n<link rel=\"canonical\" href=\"https:\/\/baya-shop.com\/home\/product\/calor-for-elite-boucleur-25mm-cf3212\/\" \/>\n<meta property=\"og:locale\" content=\"fr_FR\" \/>\n<meta property=\"og:type\" content=\"article\" \/>\n<meta property=\"og:title\" content=\"Calor for elite Boucleur CF3212 - Baya Shop\" \/>\n<meta property=\"og:description\" content=\"e Calor CF3212 est un fer \u00e0 boucler poss\u00e9dant un des meilleurs rapport qualit\u00e9\/prix du march\u00e9. Pour une trentaine d\u2019euros vous b\u00e9n\u00e9ficiez de la qualit\u00e9 de fabrication de la grande marque Calor et de ses multiples innovations : Soin du cheveux   Rev\u00eatement exclusif au complexe de k\u00e9ratine  Effet de brillance gr\u00e2ce aux ions qu\u2019\u00e9met le fer  Des boucles et des ondulations naturelles (25mm) tout en prenant soin du cheveux  Puissance et caract\u00e9ristiques   Haute performance de chauffe : Temp\u00e9rature constante de 200\u00b0  Confort d&#039;utilisation gr\u00e2ce au cordon rotatif \u00e0 360\u00b0  Temps de chauffe de 60 secondes  Extr\u00e9mit\u00e9s garanties froides par un embout isolant\" \/>\n<meta property=\"og:url\" content=\"https:\/\/baya-shop.com\/home\/product\/calor-for-elite-boucleur-25mm-cf3212\/\" \/>\n<meta property=\"og:site_name\" content=\"Baya Shop\" \/>\n<meta property=\"article:publisher\" content=\"https:\/\/www.facebook.com\/Baya-Shop-103955257949742\" \/>\n<meta property=\"article:modified_time\" content=\"2025-08-16T12:42:16+00:00\" \/>\n<meta property=\"og:image\" content=\"https:\/\/baya-shop.com\/wp-content\/uploads\/2023\/08\/U7fcd0ebee88f4804adbfff75d75c6208M.jpg_640x640Q90.jpg_-1.webp\" \/>\n\t<meta property=\"og:image:width\" content=\"640\" \/>\n\t<meta property=\"og:image:height\" content=\"640\" \/>\n\t<meta property=\"og:image:type\" content=\"image\/webp\" \/>\n<meta name=\"twitter:card\" content=\"summary_large_image\" \/>\n<meta name=\"twitter:label1\" content=\"Dur\u00e9e de lecture estim\u00e9e\" \/>\n\t<meta name=\"twitter:data1\" content=\"1 minute\" \/>\n<script type=\"application\/ld+json\" class=\"yoast-schema-graph\">{\"@context\":\"https:\\\/\\\/schema.org\",\"@graph\":[{\"@type\":\"WebPage\",\"@id\":\"https:\\\/\\\/baya-shop.com\\\/home\\\/product\\\/calor-for-elite-boucleur-25mm-cf3212\\\/\",\"url\":\"https:\\\/\\\/baya-shop.com\\\/home\\\/product\\\/calor-for-elite-boucleur-25mm-cf3212\\\/\",\"name\":\"Calor for elite Boucleur CF3212 - Baya Shop\",\"isPartOf\":{\"@id\":\"https:\\\/\\\/baya-shop.com\\\/home\\\/#website\"},\"primaryImageOfPage\":{\"@id\":\"https:\\\/\\\/baya-shop.com\\\/home\\\/product\\\/calor-for-elite-boucleur-25mm-cf3212\\\/#primaryimage\"},\"image\":{\"@id\":\"https:\\\/\\\/baya-shop.com\\\/home\\\/product\\\/calor-for-elite-boucleur-25mm-cf3212\\\/#primaryimage\"},\"thumbnailUrl\":\"https:\\\/\\\/i0.wp.com\\\/baya-shop.com\\\/wp-content\\\/uploads\\\/2023\\\/08\\\/U7fcd0ebee88f4804adbfff75d75c6208M.jpg_640x640Q90.jpg_-1.webp?fit=640%2C640&ssl=1\",\"datePublished\":\"2023-08-03T17:35:29+00:00\",\"dateModified\":\"2025-08-16T12:42:16+00:00\",\"description\":\"e Calor CF3212 est un fer \u00e0 boucler poss\u00e9dant un des meilleurs rapport qualit\u00e9\\\/prix du march\u00e9. Pour une trentaine d\u2019euros vous b\u00e9n\u00e9ficiez de la qualit\u00e9 de fabrication de la grande marque Calor et de ses multiples innovations : Soin du cheveux Rev\u00eatement exclusif au complexe de k\u00e9ratine Effet de brillance gr\u00e2ce aux ions qu\u2019\u00e9met le fer Des boucles et des ondulations naturelles (25mm) tout en prenant soin du cheveux Puissance et caract\u00e9ristiques Haute performance de chauffe : Temp\u00e9rature constante de 200\u00b0 Confort d'utilisation gr\u00e2ce au cordon rotatif \u00e0 360\u00b0 Temps de chauffe de 60 secondes Extr\u00e9mit\u00e9s garanties froides par un embout isolant\",\"breadcrumb\":{\"@id\":\"https:\\\/\\\/baya-shop.com\\\/home\\\/product\\\/calor-for-elite-boucleur-25mm-cf3212\\\/#breadcrumb\"},\"inLanguage\":\"fr-FR\",\"potentialAction\":[{\"@type\":\"ReadAction\",\"target\":[\"https:\\\/\\\/baya-shop.com\\\/home\\\/product\\\/calor-for-elite-boucleur-25mm-cf3212\\\/\"]}]},{\"@type\":\"ImageObject\",\"inLanguage\":\"fr-FR\",\"@id\":\"https:\\\/\\\/baya-shop.com\\\/home\\\/product\\\/calor-for-elite-boucleur-25mm-cf3212\\\/#primaryimage\",\"url\":\"https:\\\/\\\/i0.wp.com\\\/baya-shop.com\\\/wp-content\\\/uploads\\\/2023\\\/08\\\/U7fcd0ebee88f4804adbfff75d75c6208M.jpg_640x640Q90.jpg_-1.webp?fit=640%2C640&ssl=1\",\"contentUrl\":\"https:\\\/\\\/i0.wp.com\\\/baya-shop.com\\\/wp-content\\\/uploads\\\/2023\\\/08\\\/U7fcd0ebee88f4804adbfff75d75c6208M.jpg_640x640Q90.jpg_-1.webp?fit=640%2C640&ssl=1\",\"width\":640,\"height\":640},{\"@type\":\"BreadcrumbList\",\"@id\":\"https:\\\/\\\/baya-shop.com\\\/home\\\/product\\\/calor-for-elite-boucleur-25mm-cf3212\\\/#breadcrumb\",\"itemListElement\":[{\"@type\":\"ListItem\",\"position\":1,\"name\":\"Accueil\",\"item\":\"https:\\\/\\\/baya-shop.com\\\/home\\\/\"},{\"@type\":\"ListItem\",\"position\":2,\"name\":\"Shop\",\"item\":\"https:\\\/\\\/baya-shop.com\\\/home\\\/shop\\\/\"},{\"@type\":\"ListItem\",\"position\":3,\"name\":\"Calor for elite Boucleur CF3212\"}]},{\"@type\":\"WebSite\",\"@id\":\"https:\\\/\\\/baya-shop.com\\\/home\\\/#website\",\"url\":\"https:\\\/\\\/baya-shop.com\\\/home\\\/\",\"name\":\"Baya Shop\",\"description\":\"\",\"publisher\":{\"@id\":\"https:\\\/\\\/baya-shop.com\\\/home\\\/#organization\"},\"potentialAction\":[{\"@type\":\"SearchAction\",\"target\":{\"@type\":\"EntryPoint\",\"urlTemplate\":\"https:\\\/\\\/baya-shop.com\\\/home\\\/?s={search_term_string}\"},\"query-input\":{\"@type\":\"PropertyValueSpecification\",\"valueRequired\":true,\"valueName\":\"search_term_string\"}}],\"inLanguage\":\"fr-FR\"},{\"@type\":\"Organization\",\"@id\":\"https:\\\/\\\/baya-shop.com\\\/home\\\/#organization\",\"name\":\"Baya Shop\",\"url\":\"https:\\\/\\\/baya-shop.com\\\/home\\\/\",\"logo\":{\"@type\":\"ImageObject\",\"inLanguage\":\"fr-FR\",\"@id\":\"https:\\\/\\\/baya-shop.com\\\/home\\\/#\\\/schema\\\/logo\\\/image\\\/\",\"url\":\"https:\\\/\\\/baya-shop.com\\\/wp-content\\\/uploads\\\/2020\\\/11\\\/g.png\",\"contentUrl\":\"https:\\\/\\\/baya-shop.com\\\/wp-content\\\/uploads\\\/2020\\\/11\\\/g.png\",\"width\":64,\"height\":64,\"caption\":\"Baya Shop\"},\"image\":{\"@id\":\"https:\\\/\\\/baya-shop.com\\\/home\\\/#\\\/schema\\\/logo\\\/image\\\/\"},\"sameAs\":[\"https:\\\/\\\/www.facebook.com\\\/Baya-Shop-103955257949742\",\"https:\\\/\\\/www.instagram.com\\\/baya_shop_dz\\\/\"]}]}<\/script>\n<!-- \/ Yoast SEO plugin. -->","yoast_head_json":{"title":"Calor for elite Boucleur CF3212 - Baya Shop","description":"e Calor CF3212 est un fer \u00e0 boucler poss\u00e9dant un des meilleurs rapport qualit\u00e9\/prix du march\u00e9. Pour une trentaine d\u2019euros vous b\u00e9n\u00e9ficiez de la qualit\u00e9 de fabrication de la grande marque Calor et de ses multiples innovations : Soin du cheveux   Rev\u00eatement exclusif au complexe de k\u00e9ratine  Effet de brillance gr\u00e2ce aux ions qu\u2019\u00e9met le fer  Des boucles et des ondulations naturelles (25mm) tout en prenant soin du cheveux  Puissance et caract\u00e9ristiques   Haute performance de chauffe : Temp\u00e9rature constante de 200\u00b0  Confort d'utilisation gr\u00e2ce au cordon rotatif \u00e0 360\u00b0  Temps de chauffe de 60 secondes  Extr\u00e9mit\u00e9s garanties froides par un embout isolant","robots":{"index":"index","follow":"follow","max-snippet":"max-snippet:-1","max-image-preview":"max-image-preview:large","max-video-preview":"max-video-preview:-1"},"canonical":"https:\/\/baya-shop.com\/home\/product\/calor-for-elite-boucleur-25mm-cf3212\/","og_locale":"fr_FR","og_type":"article","og_title":"Calor for elite Boucleur CF3212 - Baya Shop","og_description":"e Calor CF3212 est un fer \u00e0 boucler poss\u00e9dant un des meilleurs rapport qualit\u00e9\/prix du march\u00e9. Pour une trentaine d\u2019euros vous b\u00e9n\u00e9ficiez de la qualit\u00e9 de fabrication de la grande marque Calor et de ses multiples innovations : Soin du cheveux   Rev\u00eatement exclusif au complexe de k\u00e9ratine  Effet de brillance gr\u00e2ce aux ions qu\u2019\u00e9met le fer  Des boucles et des ondulations naturelles (25mm) tout en prenant soin du cheveux  Puissance et caract\u00e9ristiques   Haute performance de chauffe : Temp\u00e9rature constante de 200\u00b0  Confort d'utilisation gr\u00e2ce au cordon rotatif \u00e0 360\u00b0  Temps de chauffe de 60 secondes  Extr\u00e9mit\u00e9s garanties froides par un embout isolant","og_url":"https:\/\/baya-shop.com\/home\/product\/calor-for-elite-boucleur-25mm-cf3212\/","og_site_name":"Baya Shop","article_publisher":"https:\/\/www.facebook.com\/Baya-Shop-103955257949742","article_modified_time":"2025-08-16T12:42:16+00:00","og_image":[{"width":640,"height":640,"url":"https:\/\/baya-shop.com\/wp-content\/uploads\/2023\/08\/U7fcd0ebee88f4804adbfff75d75c6208M.jpg_640x640Q90.jpg_-1.webp","type":"image\/webp"}],"twitter_card":"summary_large_image","twitter_misc":{"Dur\u00e9e de lecture estim\u00e9e":"1 minute"},"schema":{"@context":"https:\/\/schema.org","@graph":[{"@type":"WebPage","@id":"https:\/\/baya-shop.com\/home\/product\/calor-for-elite-boucleur-25mm-cf3212\/","url":"https:\/\/baya-shop.com\/home\/product\/calor-for-elite-boucleur-25mm-cf3212\/","name":"Calor for elite Boucleur CF3212 - Baya Shop","isPartOf":{"@id":"https:\/\/baya-shop.com\/home\/#website"},"primaryImageOfPage":{"@id":"https:\/\/baya-shop.com\/home\/product\/calor-for-elite-boucleur-25mm-cf3212\/#primaryimage"},"image":{"@id":"https:\/\/baya-shop.com\/home\/product\/calor-for-elite-boucleur-25mm-cf3212\/#primaryimage"},"thumbnailUrl":"https:\/\/i0.wp.com\/baya-shop.com\/wp-content\/uploads\/2023\/08\/U7fcd0ebee88f4804adbfff75d75c6208M.jpg_640x640Q90.jpg_-1.webp?fit=640%2C640&ssl=1","datePublished":"2023-08-03T17:35:29+00:00","dateModified":"2025-08-16T12:42:16+00:00","description":"e Calor CF3212 est un fer \u00e0 boucler poss\u00e9dant un des meilleurs rapport qualit\u00e9\/prix du march\u00e9. Pour une trentaine d\u2019euros vous b\u00e9n\u00e9ficiez de la qualit\u00e9 de fabrication de la grande marque Calor et de ses multiples innovations : Soin du cheveux Rev\u00eatement exclusif au complexe de k\u00e9ratine Effet de brillance gr\u00e2ce aux ions qu\u2019\u00e9met le fer Des boucles et des ondulations naturelles (25mm) tout en prenant soin du cheveux Puissance et caract\u00e9ristiques Haute performance de chauffe : Temp\u00e9rature constante de 200\u00b0 Confort d'utilisation gr\u00e2ce au cordon rotatif \u00e0 360\u00b0 Temps de chauffe de 60 secondes Extr\u00e9mit\u00e9s garanties froides par un embout isolant","breadcrumb":{"@id":"https:\/\/baya-shop.com\/home\/product\/calor-for-elite-boucleur-25mm-cf3212\/#breadcrumb"},"inLanguage":"fr-FR","potentialAction":[{"@type":"ReadAction","target":["https:\/\/baya-shop.com\/home\/product\/calor-for-elite-boucleur-25mm-cf3212\/"]}]},{"@type":"ImageObject","inLanguage":"fr-FR","@id":"https:\/\/baya-shop.com\/home\/product\/calor-for-elite-boucleur-25mm-cf3212\/#primaryimage","url":"https:\/\/i0.wp.com\/baya-shop.com\/wp-content\/uploads\/2023\/08\/U7fcd0ebee88f4804adbfff75d75c6208M.jpg_640x640Q90.jpg_-1.webp?fit=640%2C640&ssl=1","contentUrl":"https:\/\/i0.wp.com\/baya-shop.com\/wp-content\/uploads\/2023\/08\/U7fcd0ebee88f4804adbfff75d75c6208M.jpg_640x640Q90.jpg_-1.webp?fit=640%2C640&ssl=1","width":640,"height":640},{"@type":"BreadcrumbList","@id":"https:\/\/baya-shop.com\/home\/product\/calor-for-elite-boucleur-25mm-cf3212\/#breadcrumb","itemListElement":[{"@type":"ListItem","position":1,"name":"Accueil","item":"https:\/\/baya-shop.com\/home\/"},{"@type":"ListItem","position":2,"name":"Shop","item":"https:\/\/baya-shop.com\/home\/shop\/"},{"@type":"ListItem","position":3,"name":"Calor for elite Boucleur CF3212"}]},{"@type":"WebSite","@id":"https:\/\/baya-shop.com\/home\/#website","url":"https:\/\/baya-shop.com\/home\/","name":"Baya Shop","description":"","publisher":{"@id":"https:\/\/baya-shop.com\/home\/#organization"},"potentialAction":[{"@type":"SearchAction","target":{"@type":"EntryPoint","urlTemplate":"https:\/\/baya-shop.com\/home\/?s={search_term_string}"},"query-input":{"@type":"PropertyValueSpecification","valueRequired":true,"valueName":"search_term_string"}}],"inLanguage":"fr-FR"},{"@type":"Organization","@id":"https:\/\/baya-shop.com\/home\/#organization","name":"Baya Shop","url":"https:\/\/baya-shop.com\/home\/","logo":{"@type":"ImageObject","inLanguage":"fr-FR","@id":"https:\/\/baya-shop.com\/home\/#\/schema\/logo\/image\/","url":"https:\/\/baya-shop.com\/wp-content\/uploads\/2020\/11\/g.png","contentUrl":"https:\/\/baya-shop.com\/wp-content\/uploads\/2020\/11\/g.png","width":64,"height":64,"caption":"Baya Shop"},"image":{"@id":"https:\/\/baya-shop.com\/home\/#\/schema\/logo\/image\/"},"sameAs":["https:\/\/www.facebook.com\/Baya-Shop-103955257949742","https:\/\/www.instagram.com\/baya_shop_dz\/"]}]}},"jetpack_publicize_connections":[],"jetpack_sharing_enabled":true,"jetpack_likes_enabled":true,"jetpack-related-posts":[],"_links":{"self":[{"href":"https:\/\/baya-shop.com\/home\/wp-json\/wp\/v2\/product\/2120","targetHints":{"allow":["GET"]}}],"collection":[{"href":"https:\/\/baya-shop.com\/home\/wp-json\/wp\/v2\/product"}],"about":[{"href":"https:\/\/baya-shop.com\/home\/wp-json\/wp\/v2\/types\/product"}],"replies":[{"embeddable":true,"href":"https:\/\/baya-shop.com\/home\/wp-json\/wp\/v2\/comments?post=2120"}],"wp:featuredmedia":[{"embeddable":true,"href":"https:\/\/baya-shop.com\/home\/wp-json\/wp\/v2\/media\/3544"}],"wp:attachment":[{"href":"https:\/\/baya-shop.com\/home\/wp-json\/wp\/v2\/media?parent=2120"}],"wp:term":[{"taxonomy":"product_brand","embeddable":true,"href":"https:\/\/baya-shop.com\/home\/wp-json\/wp\/v2\/product_brand?post=2120"},{"taxonomy":"product_cat","embeddable":true,"href":"https:\/\/baya-shop.com\/home\/wp-json\/wp\/v2\/product_cat?post=2120"},{"taxonomy":"product_tag","embeddable":true,"href":"https:\/\/baya-shop.com\/home\/wp-json\/wp\/v2\/product_tag?post=2120"}],"curies":[{"name":"wp","href":"https:\/\/api.w.org\/{rel}","templated":true}]}}