{"id":2114,"date":"2023-08-03T18:02:40","date_gmt":"2023-08-03T17:02:40","guid":{"rendered":"https:\/\/baya-shop.com\/home\/?post_type=product&#038;p=2114"},"modified":"2025-04-19T16:49:38","modified_gmt":"2025-04-19T15:49:38","slug":"remington-seche-cheveux-220watt-ac3300","status":"publish","type":"product","link":"https:\/\/baya-shop.com\/home\/product\/remington-seche-cheveux-220watt-ac3300\/","title":{"rendered":"Remington S\u00e8che-Cheveux 22000w dryer AC3300"},"content":{"rendered":"","protected":false},"excerpt":{"rendered":"<div><b>Le s\u00e8che-cheveux professionnel AC3300 de\u00a0<\/b>\u00a0<b>Remington\u00a0<\/b>\u00a0<b>est parfait pour r\u00e9aliser des brushings et donner de la brillance \u00e0 vos cheveux !\u00a0<\/b><\/div>\n<div><b>\u00a0<\/b><\/div>\n<div><b>Puissance, vitesses et temp\u00e9ratures :<\/b><\/div>\n<div>Le\u00a0<b>moteur professionnel AC<\/b>, combin\u00e9 au concentrateur ultra-fin et au diffuseur sp\u00e9cial volume, vous garantit un\u00a0<b>r\u00e9sultat professionnel\u00a0<\/b>comme chez le coiffeur.<\/div>\n<div>Ce s\u00e8che-cheveux d&rsquo;une \u00a0puissance de\u00a0<b>2200 Watts\u00a0<\/b>est \u00e9quip\u00e9 de\u00a0<b>3 niveaux de temp\u00e9ratures et 2 vitesses<\/b>\u00a0pour adapter parfaitement le souffle de l&rsquo;appareil \u00e0 votre type de cheveux et \u00e0 la coiffure souhait\u00e9e.<\/div>\n<div>La\u00a0<b>touche air froid<\/b>\u00a0fixe votre coiffure apr\u00e8s le s\u00e9chage.<\/div>\n<div><b>\u00a0<\/b><\/div>\n<div><b>C\u00e9ramique et tourmaline :\u00a0<\/b><\/div>\n<div>Des cheveux pr\u00e9serv\u00e9s ! La technologie c\u00e9ramique permet d&rsquo;\u00a0<b>uniformiser la chaleur du flux d&rsquo;air\u00a0<\/b>pour respecter la nature du cheveu et vous garantir ainsi une optimisation du s\u00e9chage sans surchauffe.<\/div>\n<div>La technologie tourmaline donne une\u00a0<b>brillance intense<\/b>\u00a0\u00e0 votre chevelure.<\/div>\n<div><\/div>\n<div><b>Ionique :<\/b><\/div>\n<div>La technologie ionique vous assure\u00a0<b>90% d&rsquo;ions en plus<\/b>\u00a0pour\u00a0<b>r\u00e9duire l&rsquo;\u00e9lectricit\u00e9 statique\u00a0<\/b>et lisser les \u00e9cailles du cheveu.<\/div>\n<div><\/div>\n<div><b>Accessoires :<\/b><\/div>\n<div>Pour r\u00e9aliser un brushing, des ondulations, ou pour s\u00e9cher une m\u00e8che tr\u00e8s rapidement, le\u00a0<b>concentrateur d&rsquo;air fin (7 mm) sp\u00e9cial brushing\u00a0<\/b>permet de concentrer le courant d&rsquo;air chaud pour vous faciliter la t\u00e2che.<\/div>\n<div>Le\u00a0<b>diffuseur\u00a0<\/b>fourni est id\u00e9al pour raviver le volume naturel des cheveux.<\/div>\n<div><\/div>\n<div><b>Praticit\u00e9 :<\/b><\/div>\n<div>Son\u00a0<b>anneau de suspension<\/b>\u00a0est id\u00e9al pour l&rsquo;accrocher dans votre salle de bain pour toujours l&rsquo;avoir \u00e0 port\u00e9e de main.<\/div>\n<div>Le\u00a0<b>cordon long de 3 m\u00e8tres<\/b>\u00a0vous garantit une facilit\u00e9 d&rsquo;utilisation.<\/div>\n<div>La\u00a0<b>grille arri\u00e8re est amovible\u00a0<\/b>pour un nettoyage plus ais\u00e9.<\/div>\n","protected":false},"featured_media":3360,"comment_status":"open","ping_status":"closed","template":"","meta":{"jetpack_post_was_ever_published":false,"jetpack_publicize_message":"","jetpack_publicize_feature_enabled":true,"jetpack_social_post_already_shared":false,"jetpack_social_options":{"image_generator_settings":{"template":"highway","default_image_id":0,"font":"","enabled":false},"version":2}},"product_brand":[],"product_cat":[47,20],"product_tag":[],"class_list":{"0":"post-2114","1":"product","2":"type-product","3":"status-publish","4":"has-post-thumbnail","6":"product_cat-remington","7":"product_cat-seche-cheveux","9":"first","10":"instock","11":"shipping-taxable","12":"purchasable","13":"product-type-simple"},"yoast_head":"<!-- This site is optimized with the Yoast SEO plugin v27.4 - https:\/\/yoast.com\/product\/yoast-seo-wordpress\/ -->\n<title>Remington S\u00e8che-Cheveux 22000w dryer AC3300 - Baya Shop<\/title>\n<meta name=\"description\" content=\"Le s\u00e8che-cheveux professionnel AC3300 de\u00a0\u00a0Remington\u00a0\u00a0est parfait pour r\u00e9aliser des brushings et donner de la brillance \u00e0 vos cheveux !\u00a0 \u00a0 Puissance, vitesses et temp\u00e9ratures : Le\u00a0moteur professionnel AC, combin\u00e9 au concentrateur ultra-fin et au diffuseur sp\u00e9cial volume, vous garantit un\u00a0r\u00e9sultat professionnel\u00a0comme chez le coiffeur. Ce s\u00e8che-cheveux d&#039;une \u00a0puissance de\u00a02200 Watts\u00a0est \u00e9quip\u00e9 de\u00a03 niveaux de temp\u00e9ratures et 2 vitesses\u00a0pour adapter parfaitement le souffle de l&#039;appareil \u00e0 votre type de cheveux et \u00e0 la coiffure souhait\u00e9e. La\u00a0touche air froid\u00a0fixe votre coiffure apr\u00e8s le s\u00e9chage. \u00a0 C\u00e9ramique et tourmaline :\u00a0 Des cheveux pr\u00e9serv\u00e9s ! La technologie c\u00e9ramique permet d&#039;\u00a0uniformiser la chaleur du flux d&#039;air\u00a0pour respecter la nature du cheveu et vous garantir ainsi une optimisation du s\u00e9chage sans surchauffe. La technologie tourmaline donne une\u00a0brillance intense\u00a0\u00e0 votre chevelure.  Ionique : La technologie ionique vous assure\u00a090% d&#039;ions en plus\u00a0pour\u00a0r\u00e9duire l&#039;\u00e9lectricit\u00e9 statique\u00a0et lisser les \u00e9cailles du cheveu.  Accessoires : Pour r\u00e9aliser un brushing, des ondulations, ou pour s\u00e9cher une m\u00e8che tr\u00e8s rapidement, le\u00a0concentrateur d&#039;air fin (7 mm) sp\u00e9cial brushing\u00a0permet de concentrer le courant d&#039;air chaud pour vous faciliter la t\u00e2che. Le\u00a0diffuseur\u00a0fourni est id\u00e9al pour raviver le volume naturel des cheveux.  Praticit\u00e9 : Son\u00a0anneau de suspension\u00a0est id\u00e9al pour l&#039;accrocher dans votre salle de bain pour toujours l&#039;avoir \u00e0 port\u00e9e de main. Le\u00a0cordon long de 3 m\u00e8tres\u00a0vous garantit une facilit\u00e9 d&#039;utilisation. La\u00a0grille arri\u00e8re est amovible\u00a0pour un nettoyage plus ais\u00e9.\" \/>\n<meta name=\"robots\" content=\"index, follow, max-snippet:-1, max-image-preview:large, max-video-preview:-1\" \/>\n<link rel=\"canonical\" href=\"https:\/\/baya-shop.com\/home\/product\/remington-seche-cheveux-220watt-ac3300\/\" \/>\n<meta property=\"og:locale\" content=\"fr_FR\" \/>\n<meta property=\"og:type\" content=\"article\" \/>\n<meta property=\"og:title\" content=\"Remington S\u00e8che-Cheveux 22000w dryer AC3300 - Baya Shop\" \/>\n<meta property=\"og:description\" content=\"Le s\u00e8che-cheveux professionnel AC3300 de\u00a0\u00a0Remington\u00a0\u00a0est parfait pour r\u00e9aliser des brushings et donner de la brillance \u00e0 vos cheveux !\u00a0 \u00a0 Puissance, vitesses et temp\u00e9ratures : Le\u00a0moteur professionnel AC, combin\u00e9 au concentrateur ultra-fin et au diffuseur sp\u00e9cial volume, vous garantit un\u00a0r\u00e9sultat professionnel\u00a0comme chez le coiffeur. Ce s\u00e8che-cheveux d&#039;une \u00a0puissance de\u00a02200 Watts\u00a0est \u00e9quip\u00e9 de\u00a03 niveaux de temp\u00e9ratures et 2 vitesses\u00a0pour adapter parfaitement le souffle de l&#039;appareil \u00e0 votre type de cheveux et \u00e0 la coiffure souhait\u00e9e. La\u00a0touche air froid\u00a0fixe votre coiffure apr\u00e8s le s\u00e9chage. \u00a0 C\u00e9ramique et tourmaline :\u00a0 Des cheveux pr\u00e9serv\u00e9s ! La technologie c\u00e9ramique permet d&#039;\u00a0uniformiser la chaleur du flux d&#039;air\u00a0pour respecter la nature du cheveu et vous garantir ainsi une optimisation du s\u00e9chage sans surchauffe. La technologie tourmaline donne une\u00a0brillance intense\u00a0\u00e0 votre chevelure.  Ionique : La technologie ionique vous assure\u00a090% d&#039;ions en plus\u00a0pour\u00a0r\u00e9duire l&#039;\u00e9lectricit\u00e9 statique\u00a0et lisser les \u00e9cailles du cheveu.  Accessoires : Pour r\u00e9aliser un brushing, des ondulations, ou pour s\u00e9cher une m\u00e8che tr\u00e8s rapidement, le\u00a0concentrateur d&#039;air fin (7 mm) sp\u00e9cial brushing\u00a0permet de concentrer le courant d&#039;air chaud pour vous faciliter la t\u00e2che. Le\u00a0diffuseur\u00a0fourni est id\u00e9al pour raviver le volume naturel des cheveux.  Praticit\u00e9 : Son\u00a0anneau de suspension\u00a0est id\u00e9al pour l&#039;accrocher dans votre salle de bain pour toujours l&#039;avoir \u00e0 port\u00e9e de main. Le\u00a0cordon long de 3 m\u00e8tres\u00a0vous garantit une facilit\u00e9 d&#039;utilisation. La\u00a0grille arri\u00e8re est amovible\u00a0pour un nettoyage plus ais\u00e9.\" \/>\n<meta property=\"og:url\" content=\"https:\/\/baya-shop.com\/home\/product\/remington-seche-cheveux-220watt-ac3300\/\" \/>\n<meta property=\"og:site_name\" content=\"Baya Shop\" \/>\n<meta property=\"article:publisher\" content=\"https:\/\/www.facebook.com\/Baya-Shop-103955257949742\" \/>\n<meta property=\"article:modified_time\" content=\"2025-04-19T15:49:38+00:00\" \/>\n<meta property=\"og:image\" content=\"https:\/\/baya-shop.com\/wp-content\/uploads\/2023\/08\/561406198_.webp\" \/>\n\t<meta property=\"og:image:width\" content=\"1000\" \/>\n\t<meta property=\"og:image:height\" content=\"1000\" \/>\n\t<meta property=\"og:image:type\" content=\"image\/webp\" \/>\n<meta name=\"twitter:card\" content=\"summary_large_image\" \/>\n<meta name=\"twitter:label1\" content=\"Dur\u00e9e de lecture estim\u00e9e\" \/>\n\t<meta name=\"twitter:data1\" content=\"1 minute\" \/>\n<script type=\"application\/ld+json\" class=\"yoast-schema-graph\">{\"@context\":\"https:\\\/\\\/schema.org\",\"@graph\":[{\"@type\":\"WebPage\",\"@id\":\"https:\\\/\\\/baya-shop.com\\\/home\\\/product\\\/remington-seche-cheveux-220watt-ac3300\\\/\",\"url\":\"https:\\\/\\\/baya-shop.com\\\/home\\\/product\\\/remington-seche-cheveux-220watt-ac3300\\\/\",\"name\":\"Remington S\u00e8che-Cheveux 22000w dryer AC3300 - Baya Shop\",\"isPartOf\":{\"@id\":\"https:\\\/\\\/baya-shop.com\\\/home\\\/#website\"},\"primaryImageOfPage\":{\"@id\":\"https:\\\/\\\/baya-shop.com\\\/home\\\/product\\\/remington-seche-cheveux-220watt-ac3300\\\/#primaryimage\"},\"image\":{\"@id\":\"https:\\\/\\\/baya-shop.com\\\/home\\\/product\\\/remington-seche-cheveux-220watt-ac3300\\\/#primaryimage\"},\"thumbnailUrl\":\"https:\\\/\\\/i0.wp.com\\\/baya-shop.com\\\/wp-content\\\/uploads\\\/2023\\\/08\\\/561406198_.webp?fit=1000%2C1000&ssl=1\",\"datePublished\":\"2023-08-03T17:02:40+00:00\",\"dateModified\":\"2025-04-19T15:49:38+00:00\",\"description\":\"Le s\u00e8che-cheveux professionnel AC3300 de\u00a0\u00a0Remington\u00a0\u00a0est parfait pour r\u00e9aliser des brushings et donner de la brillance \u00e0 vos cheveux !\u00a0 \u00a0 Puissance, vitesses et temp\u00e9ratures : Le\u00a0moteur professionnel AC, combin\u00e9 au concentrateur ultra-fin et au diffuseur sp\u00e9cial volume, vous garantit un\u00a0r\u00e9sultat professionnel\u00a0comme chez le coiffeur. Ce s\u00e8che-cheveux d'une \u00a0puissance de\u00a02200 Watts\u00a0est \u00e9quip\u00e9 de\u00a03 niveaux de temp\u00e9ratures et 2 vitesses\u00a0pour adapter parfaitement le souffle de l'appareil \u00e0 votre type de cheveux et \u00e0 la coiffure souhait\u00e9e. La\u00a0touche air froid\u00a0fixe votre coiffure apr\u00e8s le s\u00e9chage. \u00a0 C\u00e9ramique et tourmaline :\u00a0 Des cheveux pr\u00e9serv\u00e9s ! La technologie c\u00e9ramique permet d'\u00a0uniformiser la chaleur du flux d'air\u00a0pour respecter la nature du cheveu et vous garantir ainsi une optimisation du s\u00e9chage sans surchauffe. La technologie tourmaline donne une\u00a0brillance intense\u00a0\u00e0 votre chevelure. Ionique : La technologie ionique vous assure\u00a090% d'ions en plus\u00a0pour\u00a0r\u00e9duire l'\u00e9lectricit\u00e9 statique\u00a0et lisser les \u00e9cailles du cheveu. Accessoires : Pour r\u00e9aliser un brushing, des ondulations, ou pour s\u00e9cher une m\u00e8che tr\u00e8s rapidement, le\u00a0concentrateur d'air fin (7 mm) sp\u00e9cial brushing\u00a0permet de concentrer le courant d'air chaud pour vous faciliter la t\u00e2che. Le\u00a0diffuseur\u00a0fourni est id\u00e9al pour raviver le volume naturel des cheveux. Praticit\u00e9 : Son\u00a0anneau de suspension\u00a0est id\u00e9al pour l'accrocher dans votre salle de bain pour toujours l'avoir \u00e0 port\u00e9e de main. Le\u00a0cordon long de 3 m\u00e8tres\u00a0vous garantit une facilit\u00e9 d'utilisation. La\u00a0grille arri\u00e8re est amovible\u00a0pour un nettoyage plus ais\u00e9.\",\"breadcrumb\":{\"@id\":\"https:\\\/\\\/baya-shop.com\\\/home\\\/product\\\/remington-seche-cheveux-220watt-ac3300\\\/#breadcrumb\"},\"inLanguage\":\"fr-FR\",\"potentialAction\":[{\"@type\":\"ReadAction\",\"target\":[\"https:\\\/\\\/baya-shop.com\\\/home\\\/product\\\/remington-seche-cheveux-220watt-ac3300\\\/\"]}]},{\"@type\":\"ImageObject\",\"inLanguage\":\"fr-FR\",\"@id\":\"https:\\\/\\\/baya-shop.com\\\/home\\\/product\\\/remington-seche-cheveux-220watt-ac3300\\\/#primaryimage\",\"url\":\"https:\\\/\\\/i0.wp.com\\\/baya-shop.com\\\/wp-content\\\/uploads\\\/2023\\\/08\\\/561406198_.webp?fit=1000%2C1000&ssl=1\",\"contentUrl\":\"https:\\\/\\\/i0.wp.com\\\/baya-shop.com\\\/wp-content\\\/uploads\\\/2023\\\/08\\\/561406198_.webp?fit=1000%2C1000&ssl=1\",\"width\":1000,\"height\":1000},{\"@type\":\"BreadcrumbList\",\"@id\":\"https:\\\/\\\/baya-shop.com\\\/home\\\/product\\\/remington-seche-cheveux-220watt-ac3300\\\/#breadcrumb\",\"itemListElement\":[{\"@type\":\"ListItem\",\"position\":1,\"name\":\"Accueil\",\"item\":\"https:\\\/\\\/baya-shop.com\\\/home\\\/\"},{\"@type\":\"ListItem\",\"position\":2,\"name\":\"Shop\",\"item\":\"https:\\\/\\\/baya-shop.com\\\/home\\\/shop\\\/\"},{\"@type\":\"ListItem\",\"position\":3,\"name\":\"Remington S\u00e8che-Cheveux 22000w dryer AC3300\"}]},{\"@type\":\"WebSite\",\"@id\":\"https:\\\/\\\/baya-shop.com\\\/home\\\/#website\",\"url\":\"https:\\\/\\\/baya-shop.com\\\/home\\\/\",\"name\":\"Baya Shop\",\"description\":\"\",\"publisher\":{\"@id\":\"https:\\\/\\\/baya-shop.com\\\/home\\\/#organization\"},\"potentialAction\":[{\"@type\":\"SearchAction\",\"target\":{\"@type\":\"EntryPoint\",\"urlTemplate\":\"https:\\\/\\\/baya-shop.com\\\/home\\\/?s={search_term_string}\"},\"query-input\":{\"@type\":\"PropertyValueSpecification\",\"valueRequired\":true,\"valueName\":\"search_term_string\"}}],\"inLanguage\":\"fr-FR\"},{\"@type\":\"Organization\",\"@id\":\"https:\\\/\\\/baya-shop.com\\\/home\\\/#organization\",\"name\":\"Baya Shop\",\"url\":\"https:\\\/\\\/baya-shop.com\\\/home\\\/\",\"logo\":{\"@type\":\"ImageObject\",\"inLanguage\":\"fr-FR\",\"@id\":\"https:\\\/\\\/baya-shop.com\\\/home\\\/#\\\/schema\\\/logo\\\/image\\\/\",\"url\":\"https:\\\/\\\/baya-shop.com\\\/wp-content\\\/uploads\\\/2020\\\/11\\\/g.png\",\"contentUrl\":\"https:\\\/\\\/baya-shop.com\\\/wp-content\\\/uploads\\\/2020\\\/11\\\/g.png\",\"width\":64,\"height\":64,\"caption\":\"Baya Shop\"},\"image\":{\"@id\":\"https:\\\/\\\/baya-shop.com\\\/home\\\/#\\\/schema\\\/logo\\\/image\\\/\"},\"sameAs\":[\"https:\\\/\\\/www.facebook.com\\\/Baya-Shop-103955257949742\",\"https:\\\/\\\/www.instagram.com\\\/baya_shop_dz\\\/\"]}]}<\/script>\n<!-- \/ Yoast SEO plugin. -->","yoast_head_json":{"title":"Remington S\u00e8che-Cheveux 22000w dryer AC3300 - Baya Shop","description":"Le s\u00e8che-cheveux professionnel AC3300 de\u00a0\u00a0Remington\u00a0\u00a0est parfait pour r\u00e9aliser des brushings et donner de la brillance \u00e0 vos cheveux !\u00a0 \u00a0 Puissance, vitesses et temp\u00e9ratures : Le\u00a0moteur professionnel AC, combin\u00e9 au concentrateur ultra-fin et au diffuseur sp\u00e9cial volume, vous garantit un\u00a0r\u00e9sultat professionnel\u00a0comme chez le coiffeur. Ce s\u00e8che-cheveux d'une \u00a0puissance de\u00a02200 Watts\u00a0est \u00e9quip\u00e9 de\u00a03 niveaux de temp\u00e9ratures et 2 vitesses\u00a0pour adapter parfaitement le souffle de l'appareil \u00e0 votre type de cheveux et \u00e0 la coiffure souhait\u00e9e. La\u00a0touche air froid\u00a0fixe votre coiffure apr\u00e8s le s\u00e9chage. \u00a0 C\u00e9ramique et tourmaline :\u00a0 Des cheveux pr\u00e9serv\u00e9s ! La technologie c\u00e9ramique permet d'\u00a0uniformiser la chaleur du flux d'air\u00a0pour respecter la nature du cheveu et vous garantir ainsi une optimisation du s\u00e9chage sans surchauffe. La technologie tourmaline donne une\u00a0brillance intense\u00a0\u00e0 votre chevelure.  Ionique : La technologie ionique vous assure\u00a090% d'ions en plus\u00a0pour\u00a0r\u00e9duire l'\u00e9lectricit\u00e9 statique\u00a0et lisser les \u00e9cailles du cheveu.  Accessoires : Pour r\u00e9aliser un brushing, des ondulations, ou pour s\u00e9cher une m\u00e8che tr\u00e8s rapidement, le\u00a0concentrateur d'air fin (7 mm) sp\u00e9cial brushing\u00a0permet de concentrer le courant d'air chaud pour vous faciliter la t\u00e2che. Le\u00a0diffuseur\u00a0fourni est id\u00e9al pour raviver le volume naturel des cheveux.  Praticit\u00e9 : Son\u00a0anneau de suspension\u00a0est id\u00e9al pour l'accrocher dans votre salle de bain pour toujours l'avoir \u00e0 port\u00e9e de main. Le\u00a0cordon long de 3 m\u00e8tres\u00a0vous garantit une facilit\u00e9 d'utilisation. La\u00a0grille arri\u00e8re est amovible\u00a0pour un nettoyage plus ais\u00e9.","robots":{"index":"index","follow":"follow","max-snippet":"max-snippet:-1","max-image-preview":"max-image-preview:large","max-video-preview":"max-video-preview:-1"},"canonical":"https:\/\/baya-shop.com\/home\/product\/remington-seche-cheveux-220watt-ac3300\/","og_locale":"fr_FR","og_type":"article","og_title":"Remington S\u00e8che-Cheveux 22000w dryer AC3300 - Baya Shop","og_description":"Le s\u00e8che-cheveux professionnel AC3300 de\u00a0\u00a0Remington\u00a0\u00a0est parfait pour r\u00e9aliser des brushings et donner de la brillance \u00e0 vos cheveux !\u00a0 \u00a0 Puissance, vitesses et temp\u00e9ratures : Le\u00a0moteur professionnel AC, combin\u00e9 au concentrateur ultra-fin et au diffuseur sp\u00e9cial volume, vous garantit un\u00a0r\u00e9sultat professionnel\u00a0comme chez le coiffeur. Ce s\u00e8che-cheveux d'une \u00a0puissance de\u00a02200 Watts\u00a0est \u00e9quip\u00e9 de\u00a03 niveaux de temp\u00e9ratures et 2 vitesses\u00a0pour adapter parfaitement le souffle de l'appareil \u00e0 votre type de cheveux et \u00e0 la coiffure souhait\u00e9e. La\u00a0touche air froid\u00a0fixe votre coiffure apr\u00e8s le s\u00e9chage. \u00a0 C\u00e9ramique et tourmaline :\u00a0 Des cheveux pr\u00e9serv\u00e9s ! La technologie c\u00e9ramique permet d'\u00a0uniformiser la chaleur du flux d'air\u00a0pour respecter la nature du cheveu et vous garantir ainsi une optimisation du s\u00e9chage sans surchauffe. La technologie tourmaline donne une\u00a0brillance intense\u00a0\u00e0 votre chevelure.  Ionique : La technologie ionique vous assure\u00a090% d'ions en plus\u00a0pour\u00a0r\u00e9duire l'\u00e9lectricit\u00e9 statique\u00a0et lisser les \u00e9cailles du cheveu.  Accessoires : Pour r\u00e9aliser un brushing, des ondulations, ou pour s\u00e9cher une m\u00e8che tr\u00e8s rapidement, le\u00a0concentrateur d'air fin (7 mm) sp\u00e9cial brushing\u00a0permet de concentrer le courant d'air chaud pour vous faciliter la t\u00e2che. Le\u00a0diffuseur\u00a0fourni est id\u00e9al pour raviver le volume naturel des cheveux.  Praticit\u00e9 : Son\u00a0anneau de suspension\u00a0est id\u00e9al pour l'accrocher dans votre salle de bain pour toujours l'avoir \u00e0 port\u00e9e de main. Le\u00a0cordon long de 3 m\u00e8tres\u00a0vous garantit une facilit\u00e9 d'utilisation. La\u00a0grille arri\u00e8re est amovible\u00a0pour un nettoyage plus ais\u00e9.","og_url":"https:\/\/baya-shop.com\/home\/product\/remington-seche-cheveux-220watt-ac3300\/","og_site_name":"Baya Shop","article_publisher":"https:\/\/www.facebook.com\/Baya-Shop-103955257949742","article_modified_time":"2025-04-19T15:49:38+00:00","og_image":[{"width":1000,"height":1000,"url":"https:\/\/baya-shop.com\/wp-content\/uploads\/2023\/08\/561406198_.webp","type":"image\/webp"}],"twitter_card":"summary_large_image","twitter_misc":{"Dur\u00e9e de lecture estim\u00e9e":"1 minute"},"schema":{"@context":"https:\/\/schema.org","@graph":[{"@type":"WebPage","@id":"https:\/\/baya-shop.com\/home\/product\/remington-seche-cheveux-220watt-ac3300\/","url":"https:\/\/baya-shop.com\/home\/product\/remington-seche-cheveux-220watt-ac3300\/","name":"Remington S\u00e8che-Cheveux 22000w dryer AC3300 - Baya Shop","isPartOf":{"@id":"https:\/\/baya-shop.com\/home\/#website"},"primaryImageOfPage":{"@id":"https:\/\/baya-shop.com\/home\/product\/remington-seche-cheveux-220watt-ac3300\/#primaryimage"},"image":{"@id":"https:\/\/baya-shop.com\/home\/product\/remington-seche-cheveux-220watt-ac3300\/#primaryimage"},"thumbnailUrl":"https:\/\/i0.wp.com\/baya-shop.com\/wp-content\/uploads\/2023\/08\/561406198_.webp?fit=1000%2C1000&ssl=1","datePublished":"2023-08-03T17:02:40+00:00","dateModified":"2025-04-19T15:49:38+00:00","description":"Le s\u00e8che-cheveux professionnel AC3300 de\u00a0\u00a0Remington\u00a0\u00a0est parfait pour r\u00e9aliser des brushings et donner de la brillance \u00e0 vos cheveux !\u00a0 \u00a0 Puissance, vitesses et temp\u00e9ratures : Le\u00a0moteur professionnel AC, combin\u00e9 au concentrateur ultra-fin et au diffuseur sp\u00e9cial volume, vous garantit un\u00a0r\u00e9sultat professionnel\u00a0comme chez le coiffeur. Ce s\u00e8che-cheveux d'une \u00a0puissance de\u00a02200 Watts\u00a0est \u00e9quip\u00e9 de\u00a03 niveaux de temp\u00e9ratures et 2 vitesses\u00a0pour adapter parfaitement le souffle de l'appareil \u00e0 votre type de cheveux et \u00e0 la coiffure souhait\u00e9e. La\u00a0touche air froid\u00a0fixe votre coiffure apr\u00e8s le s\u00e9chage. \u00a0 C\u00e9ramique et tourmaline :\u00a0 Des cheveux pr\u00e9serv\u00e9s ! La technologie c\u00e9ramique permet d'\u00a0uniformiser la chaleur du flux d'air\u00a0pour respecter la nature du cheveu et vous garantir ainsi une optimisation du s\u00e9chage sans surchauffe. La technologie tourmaline donne une\u00a0brillance intense\u00a0\u00e0 votre chevelure. Ionique : La technologie ionique vous assure\u00a090% d'ions en plus\u00a0pour\u00a0r\u00e9duire l'\u00e9lectricit\u00e9 statique\u00a0et lisser les \u00e9cailles du cheveu. Accessoires : Pour r\u00e9aliser un brushing, des ondulations, ou pour s\u00e9cher une m\u00e8che tr\u00e8s rapidement, le\u00a0concentrateur d'air fin (7 mm) sp\u00e9cial brushing\u00a0permet de concentrer le courant d'air chaud pour vous faciliter la t\u00e2che. Le\u00a0diffuseur\u00a0fourni est id\u00e9al pour raviver le volume naturel des cheveux. Praticit\u00e9 : Son\u00a0anneau de suspension\u00a0est id\u00e9al pour l'accrocher dans votre salle de bain pour toujours l'avoir \u00e0 port\u00e9e de main. Le\u00a0cordon long de 3 m\u00e8tres\u00a0vous garantit une facilit\u00e9 d'utilisation. La\u00a0grille arri\u00e8re est amovible\u00a0pour un nettoyage plus ais\u00e9.","breadcrumb":{"@id":"https:\/\/baya-shop.com\/home\/product\/remington-seche-cheveux-220watt-ac3300\/#breadcrumb"},"inLanguage":"fr-FR","potentialAction":[{"@type":"ReadAction","target":["https:\/\/baya-shop.com\/home\/product\/remington-seche-cheveux-220watt-ac3300\/"]}]},{"@type":"ImageObject","inLanguage":"fr-FR","@id":"https:\/\/baya-shop.com\/home\/product\/remington-seche-cheveux-220watt-ac3300\/#primaryimage","url":"https:\/\/i0.wp.com\/baya-shop.com\/wp-content\/uploads\/2023\/08\/561406198_.webp?fit=1000%2C1000&ssl=1","contentUrl":"https:\/\/i0.wp.com\/baya-shop.com\/wp-content\/uploads\/2023\/08\/561406198_.webp?fit=1000%2C1000&ssl=1","width":1000,"height":1000},{"@type":"BreadcrumbList","@id":"https:\/\/baya-shop.com\/home\/product\/remington-seche-cheveux-220watt-ac3300\/#breadcrumb","itemListElement":[{"@type":"ListItem","position":1,"name":"Accueil","item":"https:\/\/baya-shop.com\/home\/"},{"@type":"ListItem","position":2,"name":"Shop","item":"https:\/\/baya-shop.com\/home\/shop\/"},{"@type":"ListItem","position":3,"name":"Remington S\u00e8che-Cheveux 22000w dryer AC3300"}]},{"@type":"WebSite","@id":"https:\/\/baya-shop.com\/home\/#website","url":"https:\/\/baya-shop.com\/home\/","name":"Baya Shop","description":"","publisher":{"@id":"https:\/\/baya-shop.com\/home\/#organization"},"potentialAction":[{"@type":"SearchAction","target":{"@type":"EntryPoint","urlTemplate":"https:\/\/baya-shop.com\/home\/?s={search_term_string}"},"query-input":{"@type":"PropertyValueSpecification","valueRequired":true,"valueName":"search_term_string"}}],"inLanguage":"fr-FR"},{"@type":"Organization","@id":"https:\/\/baya-shop.com\/home\/#organization","name":"Baya Shop","url":"https:\/\/baya-shop.com\/home\/","logo":{"@type":"ImageObject","inLanguage":"fr-FR","@id":"https:\/\/baya-shop.com\/home\/#\/schema\/logo\/image\/","url":"https:\/\/baya-shop.com\/wp-content\/uploads\/2020\/11\/g.png","contentUrl":"https:\/\/baya-shop.com\/wp-content\/uploads\/2020\/11\/g.png","width":64,"height":64,"caption":"Baya Shop"},"image":{"@id":"https:\/\/baya-shop.com\/home\/#\/schema\/logo\/image\/"},"sameAs":["https:\/\/www.facebook.com\/Baya-Shop-103955257949742","https:\/\/www.instagram.com\/baya_shop_dz\/"]}]}},"jetpack_publicize_connections":[],"jetpack_sharing_enabled":true,"jetpack_likes_enabled":true,"jetpack-related-posts":[],"_links":{"self":[{"href":"https:\/\/baya-shop.com\/home\/wp-json\/wp\/v2\/product\/2114","targetHints":{"allow":["GET"]}}],"collection":[{"href":"https:\/\/baya-shop.com\/home\/wp-json\/wp\/v2\/product"}],"about":[{"href":"https:\/\/baya-shop.com\/home\/wp-json\/wp\/v2\/types\/product"}],"replies":[{"embeddable":true,"href":"https:\/\/baya-shop.com\/home\/wp-json\/wp\/v2\/comments?post=2114"}],"wp:featuredmedia":[{"embeddable":true,"href":"https:\/\/baya-shop.com\/home\/wp-json\/wp\/v2\/media\/3360"}],"wp:attachment":[{"href":"https:\/\/baya-shop.com\/home\/wp-json\/wp\/v2\/media?parent=2114"}],"wp:term":[{"taxonomy":"product_brand","embeddable":true,"href":"https:\/\/baya-shop.com\/home\/wp-json\/wp\/v2\/product_brand?post=2114"},{"taxonomy":"product_cat","embeddable":true,"href":"https:\/\/baya-shop.com\/home\/wp-json\/wp\/v2\/product_cat?post=2114"},{"taxonomy":"product_tag","embeddable":true,"href":"https:\/\/baya-shop.com\/home\/wp-json\/wp\/v2\/product_tag?post=2114"}],"curies":[{"name":"wp","href":"https:\/\/api.w.org\/{rel}","templated":true}]}}