{"id":2104,"date":"2023-08-03T17:46:05","date_gmt":"2023-08-03T16:46:05","guid":{"rendered":"https:\/\/baya-shop.com\/home\/?post_type=product&#038;p=2104"},"modified":"2025-06-04T22:44:34","modified_gmt":"2025-06-04T21:44:34","slug":"remington-advenced-colour-protect-intelligent-ci86x5","status":"publish","type":"product","link":"https:\/\/baya-shop.com\/home\/product\/remington-advenced-colour-protect-intelligent-ci86x5\/","title":{"rendered":"Remington Advenced advenced colour protect CI86X5"},"content":{"rendered":"","protected":false},"excerpt":{"rendered":"<ul>\n<li>Technologie exclusive Color Protect : un capteur de chaleur intelligent prot\u00e8ge la couleur.<\/li>\n<li>Rev\u00eatement c\u00e9ramique avanc\u00e9 infus\u00e9 d\u2019huile de karit\u00e9 et d\u2019U.V. filtres. Aide \u00e0 prot\u00e9ger les cheveux color\u00e9s pour un \u00e9clat et une brillance durables.<\/li>\n<li>Corps de 25 \u00e0 38 mm : Cr\u00e9ez des boucles et des ondulations douces et naturelles.<\/li>\n<li>Bouton marche\/arr\u00eat et indicateur LED.<\/li>\n<li>Affichage digital int\u00e9gr\u00e9 avec 5 r\u00e9glages jusqu\u2019\u00e0 210\u00b0C.<\/li>\n<\/ul>\n","protected":false},"featured_media":3358,"comment_status":"open","ping_status":"closed","template":"","meta":{"jetpack_post_was_ever_published":false,"jetpack_publicize_message":"","jetpack_publicize_feature_enabled":true,"jetpack_social_post_already_shared":false,"jetpack_social_options":{"image_generator_settings":{"template":"highway","default_image_id":0,"font":"","enabled":false},"version":2}},"product_brand":[],"product_cat":[17,46,47],"product_tag":[],"class_list":{"0":"post-2104","1":"product","2":"type-product","3":"status-publish","4":"has-post-thumbnail","6":"product_cat-boucleur","7":"product_cat-promotion","8":"product_cat-remington","10":"first","11":"instock","12":"sale","13":"shipping-taxable","14":"purchasable","15":"product-type-simple"},"yoast_head":"<!-- This site is optimized with the Yoast SEO plugin v27.5 - https:\/\/yoast.com\/product\/yoast-seo-wordpress\/ -->\n<title>Remington Advenced advenced colour protect CI86X5 - Baya Shop<\/title>\n<meta name=\"description\" content=\"Technologie exclusive Color Protect : un capteur de chaleur intelligent prot\u00e8ge la couleur.  Rev\u00eatement c\u00e9ramique avanc\u00e9 infus\u00e9 d\u2019huile de karit\u00e9 et d\u2019U.V. filtres. Aide \u00e0 prot\u00e9ger les cheveux color\u00e9s pour un \u00e9clat et une brillance durables.  Corps de 25 \u00e0 38 mm : Cr\u00e9ez des boucles et des ondulations douces et naturelles.  Bouton marche\/arr\u00eat et indicateur LED.  Affichage digital int\u00e9gr\u00e9 avec 5 r\u00e9glages jusqu\u2019\u00e0 210\u00b0C.\" \/>\n<meta name=\"robots\" content=\"index, follow, max-snippet:-1, max-image-preview:large, max-video-preview:-1\" \/>\n<link rel=\"canonical\" href=\"https:\/\/baya-shop.com\/home\/product\/remington-advenced-colour-protect-intelligent-ci86x5\/\" \/>\n<meta property=\"og:locale\" content=\"fr_FR\" \/>\n<meta property=\"og:type\" content=\"article\" \/>\n<meta property=\"og:title\" content=\"Remington Advenced advenced colour protect CI86X5 - Baya Shop\" \/>\n<meta property=\"og:description\" content=\"Technologie exclusive Color Protect : un capteur de chaleur intelligent prot\u00e8ge la couleur.  Rev\u00eatement c\u00e9ramique avanc\u00e9 infus\u00e9 d\u2019huile de karit\u00e9 et d\u2019U.V. filtres. Aide \u00e0 prot\u00e9ger les cheveux color\u00e9s pour un \u00e9clat et une brillance durables.  Corps de 25 \u00e0 38 mm : Cr\u00e9ez des boucles et des ondulations douces et naturelles.  Bouton marche\/arr\u00eat et indicateur LED.  Affichage digital int\u00e9gr\u00e9 avec 5 r\u00e9glages jusqu\u2019\u00e0 210\u00b0C.\" \/>\n<meta property=\"og:url\" content=\"https:\/\/baya-shop.com\/home\/product\/remington-advenced-colour-protect-intelligent-ci86x5\/\" \/>\n<meta property=\"og:site_name\" content=\"Baya Shop\" \/>\n<meta property=\"article:publisher\" content=\"https:\/\/www.facebook.com\/Baya-Shop-103955257949742\" \/>\n<meta property=\"article:modified_time\" content=\"2025-06-04T21:44:34+00:00\" \/>\n<meta property=\"og:image\" content=\"https:\/\/baya-shop.com\/wp-content\/uploads\/2023\/08\/1-2.jpg\" \/>\n\t<meta property=\"og:image:width\" content=\"500\" \/>\n\t<meta property=\"og:image:height\" content=\"500\" \/>\n\t<meta property=\"og:image:type\" content=\"image\/jpeg\" \/>\n<meta name=\"twitter:card\" content=\"summary_large_image\" \/>\n<meta name=\"twitter:label1\" content=\"Dur\u00e9e de lecture estim\u00e9e\" \/>\n\t<meta name=\"twitter:data1\" content=\"1 minute\" \/>\n<script type=\"application\/ld+json\" class=\"yoast-schema-graph\">{\"@context\":\"https:\\\/\\\/schema.org\",\"@graph\":[{\"@type\":\"WebPage\",\"@id\":\"https:\\\/\\\/baya-shop.com\\\/home\\\/product\\\/remington-advenced-colour-protect-intelligent-ci86x5\\\/\",\"url\":\"https:\\\/\\\/baya-shop.com\\\/home\\\/product\\\/remington-advenced-colour-protect-intelligent-ci86x5\\\/\",\"name\":\"Remington Advenced advenced colour protect CI86X5 - Baya Shop\",\"isPartOf\":{\"@id\":\"https:\\\/\\\/baya-shop.com\\\/home\\\/#website\"},\"primaryImageOfPage\":{\"@id\":\"https:\\\/\\\/baya-shop.com\\\/home\\\/product\\\/remington-advenced-colour-protect-intelligent-ci86x5\\\/#primaryimage\"},\"image\":{\"@id\":\"https:\\\/\\\/baya-shop.com\\\/home\\\/product\\\/remington-advenced-colour-protect-intelligent-ci86x5\\\/#primaryimage\"},\"thumbnailUrl\":\"https:\\\/\\\/i0.wp.com\\\/baya-shop.com\\\/wp-content\\\/uploads\\\/2023\\\/08\\\/1-2.jpg?fit=500%2C500&ssl=1\",\"datePublished\":\"2023-08-03T16:46:05+00:00\",\"dateModified\":\"2025-06-04T21:44:34+00:00\",\"description\":\"Technologie exclusive Color Protect : un capteur de chaleur intelligent prot\u00e8ge la couleur. Rev\u00eatement c\u00e9ramique avanc\u00e9 infus\u00e9 d\u2019huile de karit\u00e9 et d\u2019U.V. filtres. Aide \u00e0 prot\u00e9ger les cheveux color\u00e9s pour un \u00e9clat et une brillance durables. Corps de 25 \u00e0 38 mm : Cr\u00e9ez des boucles et des ondulations douces et naturelles. Bouton marche\\\/arr\u00eat et indicateur LED. Affichage digital int\u00e9gr\u00e9 avec 5 r\u00e9glages jusqu\u2019\u00e0 210\u00b0C.\",\"breadcrumb\":{\"@id\":\"https:\\\/\\\/baya-shop.com\\\/home\\\/product\\\/remington-advenced-colour-protect-intelligent-ci86x5\\\/#breadcrumb\"},\"inLanguage\":\"fr-FR\",\"potentialAction\":[{\"@type\":\"ReadAction\",\"target\":[\"https:\\\/\\\/baya-shop.com\\\/home\\\/product\\\/remington-advenced-colour-protect-intelligent-ci86x5\\\/\"]}]},{\"@type\":\"ImageObject\",\"inLanguage\":\"fr-FR\",\"@id\":\"https:\\\/\\\/baya-shop.com\\\/home\\\/product\\\/remington-advenced-colour-protect-intelligent-ci86x5\\\/#primaryimage\",\"url\":\"https:\\\/\\\/i0.wp.com\\\/baya-shop.com\\\/wp-content\\\/uploads\\\/2023\\\/08\\\/1-2.jpg?fit=500%2C500&ssl=1\",\"contentUrl\":\"https:\\\/\\\/i0.wp.com\\\/baya-shop.com\\\/wp-content\\\/uploads\\\/2023\\\/08\\\/1-2.jpg?fit=500%2C500&ssl=1\",\"width\":500,\"height\":500},{\"@type\":\"BreadcrumbList\",\"@id\":\"https:\\\/\\\/baya-shop.com\\\/home\\\/product\\\/remington-advenced-colour-protect-intelligent-ci86x5\\\/#breadcrumb\",\"itemListElement\":[{\"@type\":\"ListItem\",\"position\":1,\"name\":\"Accueil\",\"item\":\"https:\\\/\\\/baya-shop.com\\\/home\\\/\"},{\"@type\":\"ListItem\",\"position\":2,\"name\":\"Shop\",\"item\":\"https:\\\/\\\/baya-shop.com\\\/home\\\/shop\\\/\"},{\"@type\":\"ListItem\",\"position\":3,\"name\":\"Remington Advenced advenced colour protect CI86X5\"}]},{\"@type\":\"WebSite\",\"@id\":\"https:\\\/\\\/baya-shop.com\\\/home\\\/#website\",\"url\":\"https:\\\/\\\/baya-shop.com\\\/home\\\/\",\"name\":\"Baya Shop\",\"description\":\"\",\"publisher\":{\"@id\":\"https:\\\/\\\/baya-shop.com\\\/home\\\/#organization\"},\"potentialAction\":[{\"@type\":\"SearchAction\",\"target\":{\"@type\":\"EntryPoint\",\"urlTemplate\":\"https:\\\/\\\/baya-shop.com\\\/home\\\/?s={search_term_string}\"},\"query-input\":{\"@type\":\"PropertyValueSpecification\",\"valueRequired\":true,\"valueName\":\"search_term_string\"}}],\"inLanguage\":\"fr-FR\"},{\"@type\":\"Organization\",\"@id\":\"https:\\\/\\\/baya-shop.com\\\/home\\\/#organization\",\"name\":\"Baya Shop\",\"url\":\"https:\\\/\\\/baya-shop.com\\\/home\\\/\",\"logo\":{\"@type\":\"ImageObject\",\"inLanguage\":\"fr-FR\",\"@id\":\"https:\\\/\\\/baya-shop.com\\\/home\\\/#\\\/schema\\\/logo\\\/image\\\/\",\"url\":\"https:\\\/\\\/baya-shop.com\\\/wp-content\\\/uploads\\\/2020\\\/11\\\/g.png\",\"contentUrl\":\"https:\\\/\\\/baya-shop.com\\\/wp-content\\\/uploads\\\/2020\\\/11\\\/g.png\",\"width\":64,\"height\":64,\"caption\":\"Baya Shop\"},\"image\":{\"@id\":\"https:\\\/\\\/baya-shop.com\\\/home\\\/#\\\/schema\\\/logo\\\/image\\\/\"},\"sameAs\":[\"https:\\\/\\\/www.facebook.com\\\/Baya-Shop-103955257949742\",\"https:\\\/\\\/www.instagram.com\\\/baya_shop_dz\\\/\"]}]}<\/script>\n<!-- \/ Yoast SEO plugin. -->","yoast_head_json":{"title":"Remington Advenced advenced colour protect CI86X5 - Baya Shop","description":"Technologie exclusive Color Protect : un capteur de chaleur intelligent prot\u00e8ge la couleur.  Rev\u00eatement c\u00e9ramique avanc\u00e9 infus\u00e9 d\u2019huile de karit\u00e9 et d\u2019U.V. filtres. Aide \u00e0 prot\u00e9ger les cheveux color\u00e9s pour un \u00e9clat et une brillance durables.  Corps de 25 \u00e0 38 mm : Cr\u00e9ez des boucles et des ondulations douces et naturelles.  Bouton marche\/arr\u00eat et indicateur LED.  Affichage digital int\u00e9gr\u00e9 avec 5 r\u00e9glages jusqu\u2019\u00e0 210\u00b0C.","robots":{"index":"index","follow":"follow","max-snippet":"max-snippet:-1","max-image-preview":"max-image-preview:large","max-video-preview":"max-video-preview:-1"},"canonical":"https:\/\/baya-shop.com\/home\/product\/remington-advenced-colour-protect-intelligent-ci86x5\/","og_locale":"fr_FR","og_type":"article","og_title":"Remington Advenced advenced colour protect CI86X5 - Baya Shop","og_description":"Technologie exclusive Color Protect : un capteur de chaleur intelligent prot\u00e8ge la couleur.  Rev\u00eatement c\u00e9ramique avanc\u00e9 infus\u00e9 d\u2019huile de karit\u00e9 et d\u2019U.V. filtres. Aide \u00e0 prot\u00e9ger les cheveux color\u00e9s pour un \u00e9clat et une brillance durables.  Corps de 25 \u00e0 38 mm : Cr\u00e9ez des boucles et des ondulations douces et naturelles.  Bouton marche\/arr\u00eat et indicateur LED.  Affichage digital int\u00e9gr\u00e9 avec 5 r\u00e9glages jusqu\u2019\u00e0 210\u00b0C.","og_url":"https:\/\/baya-shop.com\/home\/product\/remington-advenced-colour-protect-intelligent-ci86x5\/","og_site_name":"Baya Shop","article_publisher":"https:\/\/www.facebook.com\/Baya-Shop-103955257949742","article_modified_time":"2025-06-04T21:44:34+00:00","og_image":[{"width":500,"height":500,"url":"https:\/\/baya-shop.com\/wp-content\/uploads\/2023\/08\/1-2.jpg","type":"image\/jpeg"}],"twitter_card":"summary_large_image","twitter_misc":{"Dur\u00e9e de lecture estim\u00e9e":"1 minute"},"schema":{"@context":"https:\/\/schema.org","@graph":[{"@type":"WebPage","@id":"https:\/\/baya-shop.com\/home\/product\/remington-advenced-colour-protect-intelligent-ci86x5\/","url":"https:\/\/baya-shop.com\/home\/product\/remington-advenced-colour-protect-intelligent-ci86x5\/","name":"Remington Advenced advenced colour protect CI86X5 - Baya Shop","isPartOf":{"@id":"https:\/\/baya-shop.com\/home\/#website"},"primaryImageOfPage":{"@id":"https:\/\/baya-shop.com\/home\/product\/remington-advenced-colour-protect-intelligent-ci86x5\/#primaryimage"},"image":{"@id":"https:\/\/baya-shop.com\/home\/product\/remington-advenced-colour-protect-intelligent-ci86x5\/#primaryimage"},"thumbnailUrl":"https:\/\/i0.wp.com\/baya-shop.com\/wp-content\/uploads\/2023\/08\/1-2.jpg?fit=500%2C500&ssl=1","datePublished":"2023-08-03T16:46:05+00:00","dateModified":"2025-06-04T21:44:34+00:00","description":"Technologie exclusive Color Protect : un capteur de chaleur intelligent prot\u00e8ge la couleur. Rev\u00eatement c\u00e9ramique avanc\u00e9 infus\u00e9 d\u2019huile de karit\u00e9 et d\u2019U.V. filtres. Aide \u00e0 prot\u00e9ger les cheveux color\u00e9s pour un \u00e9clat et une brillance durables. Corps de 25 \u00e0 38 mm : Cr\u00e9ez des boucles et des ondulations douces et naturelles. Bouton marche\/arr\u00eat et indicateur LED. Affichage digital int\u00e9gr\u00e9 avec 5 r\u00e9glages jusqu\u2019\u00e0 210\u00b0C.","breadcrumb":{"@id":"https:\/\/baya-shop.com\/home\/product\/remington-advenced-colour-protect-intelligent-ci86x5\/#breadcrumb"},"inLanguage":"fr-FR","potentialAction":[{"@type":"ReadAction","target":["https:\/\/baya-shop.com\/home\/product\/remington-advenced-colour-protect-intelligent-ci86x5\/"]}]},{"@type":"ImageObject","inLanguage":"fr-FR","@id":"https:\/\/baya-shop.com\/home\/product\/remington-advenced-colour-protect-intelligent-ci86x5\/#primaryimage","url":"https:\/\/i0.wp.com\/baya-shop.com\/wp-content\/uploads\/2023\/08\/1-2.jpg?fit=500%2C500&ssl=1","contentUrl":"https:\/\/i0.wp.com\/baya-shop.com\/wp-content\/uploads\/2023\/08\/1-2.jpg?fit=500%2C500&ssl=1","width":500,"height":500},{"@type":"BreadcrumbList","@id":"https:\/\/baya-shop.com\/home\/product\/remington-advenced-colour-protect-intelligent-ci86x5\/#breadcrumb","itemListElement":[{"@type":"ListItem","position":1,"name":"Accueil","item":"https:\/\/baya-shop.com\/home\/"},{"@type":"ListItem","position":2,"name":"Shop","item":"https:\/\/baya-shop.com\/home\/shop\/"},{"@type":"ListItem","position":3,"name":"Remington Advenced advenced colour protect CI86X5"}]},{"@type":"WebSite","@id":"https:\/\/baya-shop.com\/home\/#website","url":"https:\/\/baya-shop.com\/home\/","name":"Baya Shop","description":"","publisher":{"@id":"https:\/\/baya-shop.com\/home\/#organization"},"potentialAction":[{"@type":"SearchAction","target":{"@type":"EntryPoint","urlTemplate":"https:\/\/baya-shop.com\/home\/?s={search_term_string}"},"query-input":{"@type":"PropertyValueSpecification","valueRequired":true,"valueName":"search_term_string"}}],"inLanguage":"fr-FR"},{"@type":"Organization","@id":"https:\/\/baya-shop.com\/home\/#organization","name":"Baya Shop","url":"https:\/\/baya-shop.com\/home\/","logo":{"@type":"ImageObject","inLanguage":"fr-FR","@id":"https:\/\/baya-shop.com\/home\/#\/schema\/logo\/image\/","url":"https:\/\/baya-shop.com\/wp-content\/uploads\/2020\/11\/g.png","contentUrl":"https:\/\/baya-shop.com\/wp-content\/uploads\/2020\/11\/g.png","width":64,"height":64,"caption":"Baya Shop"},"image":{"@id":"https:\/\/baya-shop.com\/home\/#\/schema\/logo\/image\/"},"sameAs":["https:\/\/www.facebook.com\/Baya-Shop-103955257949742","https:\/\/www.instagram.com\/baya_shop_dz\/"]}]}},"jetpack_publicize_connections":[],"jetpack_sharing_enabled":true,"jetpack_likes_enabled":true,"jetpack-related-posts":[],"_links":{"self":[{"href":"https:\/\/baya-shop.com\/home\/wp-json\/wp\/v2\/product\/2104","targetHints":{"allow":["GET"]}}],"collection":[{"href":"https:\/\/baya-shop.com\/home\/wp-json\/wp\/v2\/product"}],"about":[{"href":"https:\/\/baya-shop.com\/home\/wp-json\/wp\/v2\/types\/product"}],"replies":[{"embeddable":true,"href":"https:\/\/baya-shop.com\/home\/wp-json\/wp\/v2\/comments?post=2104"}],"wp:featuredmedia":[{"embeddable":true,"href":"https:\/\/baya-shop.com\/home\/wp-json\/wp\/v2\/media\/3358"}],"wp:attachment":[{"href":"https:\/\/baya-shop.com\/home\/wp-json\/wp\/v2\/media?parent=2104"}],"wp:term":[{"taxonomy":"product_brand","embeddable":true,"href":"https:\/\/baya-shop.com\/home\/wp-json\/wp\/v2\/product_brand?post=2104"},{"taxonomy":"product_cat","embeddable":true,"href":"https:\/\/baya-shop.com\/home\/wp-json\/wp\/v2\/product_cat?post=2104"},{"taxonomy":"product_tag","embeddable":true,"href":"https:\/\/baya-shop.com\/home\/wp-json\/wp\/v2\/product_tag?post=2104"}],"curies":[{"name":"wp","href":"https:\/\/api.w.org\/{rel}","templated":true}]}}